{"id":5098,"date":"2019-07-18T03:47:29","date_gmt":"2019-07-18T03:47:29","guid":{"rendered":"https:\/\/www.freebetbest.com\/casino-paris-en-ligne\/"},"modified":"2021-07-29T11:06:46","modified_gmt":"2021-07-29T11:06:46","slug":"dernier-bonus-de-paris-de-casino","status":"publish","type":"page","link":"https:\/\/www.freebetbest.com\/fr\/dernier-bonus-de-paris-de-casino\/","title":{"rendered":"dernier bonus de paris de casino"},"content":{"rendered":"\n<h2>Introduction au dernier bonus de paris de casino<\/h2>\n<p>Inscrivez-vous avec vous pour le dernier bonus de paris de casino. Et avant de commencer le jeu, comprenez la d\u00e9finition d&rsquo;une agence de jeux d&rsquo;argent sur Internet. Cela aidera certainement. Jouer dans un casino en ligne pour la premi\u00e8re fois. C&rsquo;est plut\u00f4t excitant. M\u00eame si vous voulez juste vous connecter. Trouvez du plaisir et du plaisir, et comprenez ce que ces sites ont en commun. Et comment en tirer le meilleur parti est \u00e9galement tr\u00e8s important.<\/p>\n<h2>En savoir plus sur les paris en ligne sur les casinos<\/h2>\n<p>Obtenez une agence de paris s\u00fbrs. Comment choisir un casino en ligne. Le premier \u00e9l\u00e9ment que vous devez rechercher est la page \u00ab\u00a0\u00c0 propos de nous\u00a0\u00bb. L\u00e0, il faut s&rsquo;attendre \u00e0 voir. Renforcez les d\u00e9tails des fonctions de casino en ligne, ces fonctions devraient vous \u00eatre donn\u00e9es. Un sentiment de confiance. Ce sont des juridictions strictes et ne se soucient que de la fa\u00e7on dont la communaut\u00e9 des affaires les consid\u00e8re.<\/p>\n<h3>Le meilleur conseil vient de<a href=\"https:\/\/www.freebetbest.com\/fr\/sites-de-paris\/\"> casino en ligne<\/a> participants<\/h3>\n<p>Nous avons beaucoup partag\u00e9 sur le forum communautaire. Vous devriez le lire attentivement. \u00c9valuation des agences de jeux en ligne. D\u00e9couvrez les avantages et les inconv\u00e9nients des casinos en ligne. Et toutes les informations sur les op\u00e9rations internes.<\/p>\n<p>Importante agence de jeux en ligne. V\u00e9rifiez aupr\u00e8s d&rsquo;une agence de jeux en ligne avant de continuer. Avant de cr\u00e9er votre compte, des connaissances importantes sur les casinos en ligne<\/p>\n<p>Jeux de casino en ligne. Dans les \u00e9tablissements de jeux d&rsquo;argent sur Internet, les jeux vid\u00e9o reposent sur la chance. Jeux en ligne Votre maison gagne toujours. Gagner de l&rsquo;argent n&rsquo;est pas difficile. La richesse n&rsquo;est pas le seul \u00e9l\u00e9ment r\u00e9el.<\/p>\n<p>Impact sur les jeux de casino en ligne. D\u00e9pend d&rsquo;\u00e9v\u00e9nements al\u00e9atoires. Cela peut impliquer de convertir des cartes de v\u0153ux, des rouets ou m\u00eame des d\u00e9s. Sans eux, vous pouvez avoir un contr\u00f4le.<\/p>\n<h3><a href=\"https:\/\/www.freebetsinfo.co.uk\/free-bets\/\">Casino en ligne<\/a> pas besoin de chance pour gagner de l&rsquo;argent.<\/h3>\n<p>En raison de leurs algorithmes et aspects math\u00e9matiquement positifs, la possibilit\u00e9 que vous deveniez un joueur. C&rsquo;est toujours pas grand. Cela se r\u00e9sume \u00e0 la loi des possibilit\u00e9s, mais le terrain local soutient g\u00e9n\u00e9ralement l&rsquo;avantage du joueur.<\/p>\n<h3>Chaque fois que vous appr\u00e9ciez, c&rsquo;est un plaisir de parier<\/h3>\n<p>La r\u00e8gle de probabilit\u00e9 mentionn\u00e9e ci-dessus. Cela peut aussi vous \u00eatre b\u00e9n\u00e9fique. N&rsquo;oubliez pas que les avantages des casinos en ligne sont utiles \u00e0 long terme. Cela signifie \u00e0 court terme. Avec un peu de chance et une grande richesse, vous n&rsquo;avez aucune raison du tout. Il ne devrait pas avoir de succ\u00e8s dans les casinos en ligne.<\/p>\n<h3>Bonus gratuit de casino<\/h3>\n<p>R\u00e9compenses des agences de jeux. Compens\u00e9 par les casinos en ligne. Clients et clients existants, et utilis\u00e9s pour attirer de nouveaux clients, tout en fid\u00e9lisant de nouveaux clients. Ces bonus de casino. Vous pouvez effectuer vous-m\u00eame un d\u00e9p\u00f4t. Utilis\u00e9s de la m\u00eame mani\u00e8re, mais ils peuvent avoir des exigences de paris diff\u00e9rentes.<\/p>\n<h3>Quel site de paris offre les meilleures r\u00e9compenses de casino ?<\/h3>\n<p>Parce que plusieurs casinos en ligne sont toujours l\u00e0. \u00c9change de casino en ligne contre un bonus suppl\u00e9mentaire. Quel casino augmente les bonus le mieux pour vous, vous pouvez \u00e9galement vous baser dessus. Le montant du d\u00e9p\u00f4t que vous envisagez de faire. C&rsquo;est diff\u00e9rent. le plus important est. Vous traversez et comprenez les conditions.<\/p>\n<p>Circonstances li\u00e9es \u00e0 des int\u00e9r\u00eats particuli\u00e8rement attractifs. Habituellement, une petite condition pr\u00e9alable pour parier. Cela signifie qu&rsquo;il s&rsquo;agit d&rsquo;un bon revenu de casino en ligne. Mais n&rsquo;oubliez pas de v\u00e9rifier. P\u00e9riode de validit\u00e9 des r\u00e9compenses et autres contenus.<\/p>\n<h3>Que sont exactement les tours gratuits ?<\/h3>\n<p>Par rapport aux paris gratuits, les tours gratuits peuvent vous rapporter. Profitez du jeu sans payer. Si vous participez aux tours gratuits du casino en ligne, vous pouvez profiter de jeux de machines \u00e0 sous totalement gratuits, qui permettent une rotation totalement gratuite.<\/p>\n","protected":false},"excerpt":{"rendered":"<p>Tous vos jeux de casino en ligne pr\u00e9f\u00e9r\u00e9s! Notre logiciel est toujours le meilleur. Commencez d\u00e8s maintenant avec un bonus de bienvenue gratuit et un t\u00e9l\u00e9chargement gratuit!<\/p>\n<div class=\"hero-cup-section\">\n<div class=\"row mb-4\">\n<div class=\"col-md-7\">\n<div class=\"section-area\">\n<div class=\"section-list\">\n<li style=\"text-align: left\"><img decoding=\"async\" src=\"https:\/\/www.freebetbest.com\/wp-content\/uploads\/2021\/06\/tick.png\" alt=\"Des sports\"> Bonus de bienvenue du casino sportif.<\/li>\n<li style=\"text-align: left\"><img decoding=\"async\" src=\"https:\/\/www.freebetbest.com\/wp-content\/uploads\/2021\/06\/tick.png\" alt=\"offres de jeux\"> Offres et promotions de bookmakers en ligne.<\/li>\n<li style=\"text-align: left\"><img decoding=\"async\" src=\"https:\/\/www.freebetbest.com\/wp-content\/uploads\/2021\/06\/tick.png\" alt=\"offres de jeux\"> Les meilleurs bookmakers en ligne auxquels vous pouvez faire confiance.<\/li>\n<li style=\"text-align: left\"><img decoding=\"async\" src=\"https:\/\/www.freebetbest.com\/wp-content\/uploads\/2021\/06\/tick.png\" alt=\"Faisant autorit\u00e9\"> Examen faisant autorit\u00e9 S\u00fbr fiable.<\/li>\n<li style=\"text-align: left\"><img decoding=\"async\" src=\"https:\/\/www.freebetbest.com\/wp-content\/uploads\/2021\/06\/tick.png\" alt=\"Retraits rapides\"> Prise en charge de l&rsquo;application mobile, retraits rapides.<\/li>\n<li style=\"text-align: left\"><img decoding=\"async\" src=\"https:\/\/www.freebetbest.com\/wp-content\/uploads\/2021\/06\/tick.png\" alt=\"Service client\"> Support client : 365 jours, 24 heures par jour.<\/li>\n<\/div>\n<\/div>\n<\/div>\n<div class=\"col-md-5\">\n<div class=\"cup-img\"><img decoding=\"async\" src=\"https:\/\/www.freebetbest.com\/wp-content\/uploads\/2021\/06\/Casino.png\" alt=\"Casino\"><\/div>\n<\/div>\n<\/div>\n","protected":false},"author":1,"featured_media":5101,"parent":0,"menu_order":0,"comment_status":"closed","ping_status":"closed","template":"casino-template.php","meta":{"footnotes":""},"class_list":["post-5098","page","type-page","status-publish","has-post-thumbnail","hentry"],"yoast_head":"<!-- This site is optimized with the Yoast SEO Premium plugin v19.5 (Yoast SEO v27.0) - https:\/\/yoast.com\/product\/yoast-seo-premium-wordpress\/ -->\n<title>dernier bonus de paris de casino Pari gratuit sans d\u00e9p\u00f4t, bonus de casino en ligne<\/title>\n<meta name=\"description\" content=\"Meilleurs bookmakers en ligne, offres sports, casino, poker, bingo et paris mobiles, codes bonus de casino en ligne, les principaux portails de jeu au monde\" \/>\n<meta name=\"robots\" content=\"index, follow, max-snippet:-1, max-image-preview:large, max-video-preview:-1\" \/>\n<link rel=\"canonical\" href=\"https:\/\/www.freebetbest.com\/fr\/dernier-bonus-de-paris-de-casino\/\" \/>\n<meta property=\"og:locale\" content=\"fr_FR\" \/>\n<meta property=\"og:type\" content=\"article\" \/>\n<meta property=\"og:title\" content=\"dernier bonus de paris de casino\" \/>\n<meta property=\"og:description\" content=\"Meilleurs bookmakers en ligne, offres sports, casino, poker, bingo et paris mobiles, codes bonus de casino en ligne, les principaux portails de jeu au monde\" \/>\n<meta property=\"og:url\" content=\"https:\/\/www.freebetbest.com\/fr\/dernier-bonus-de-paris-de-casino\/\" \/>\n<meta property=\"og:site_name\" content=\"Meilleurs casinos en ligne | Bonus Paris sportifs | Meilleurs bookmakers en ligne\" \/>\n<meta property=\"article:modified_time\" content=\"2021-07-29T11:06:46+00:00\" \/>\n<meta property=\"og:image\" content=\"https:\/\/www.freebetbest.com\/wp-content\/uploads\/2019\/07\/casino-gambling_ys_ys.jpg\" \/>\n\t<meta property=\"og:image:width\" content=\"380\" \/>\n\t<meta property=\"og:image:height\" content=\"191\" \/>\n\t<meta property=\"og:image:type\" content=\"image\/jpeg\" \/>\n<meta name=\"twitter:card\" content=\"summary_large_image\" \/>\n<meta name=\"twitter:label1\" content=\"Dur\u00e9e de lecture estim\u00e9e\" \/>\n\t<meta name=\"twitter:data1\" content=\"3 minutes\" \/>\n<script type=\"application\/ld+json\" class=\"yoast-schema-graph\">{\"@context\":\"https:\/\/schema.org\",\"@graph\":[{\"@type\":\"WebPage\",\"@id\":\"https:\/\/www.freebetbest.com\/fr\/dernier-bonus-de-paris-de-casino\/\",\"url\":\"https:\/\/www.freebetbest.com\/fr\/dernier-bonus-de-paris-de-casino\/\",\"name\":\"dernier bonus de paris de casino Pari gratuit sans d\u00e9p\u00f4t, bonus de casino en ligne\",\"isPartOf\":{\"@id\":\"https:\/\/www.freebetbest.com\/fr\/#website\"},\"primaryImageOfPage\":{\"@id\":\"https:\/\/www.freebetbest.com\/fr\/dernier-bonus-de-paris-de-casino\/#primaryimage\"},\"image\":{\"@id\":\"https:\/\/www.freebetbest.com\/fr\/dernier-bonus-de-paris-de-casino\/#primaryimage\"},\"thumbnailUrl\":\"https:\/\/www.freebetbest.com\/wp-content\/uploads\/2019\/07\/casino-gambling_ys_ys.jpg\",\"datePublished\":\"2019-07-18T03:47:29+00:00\",\"dateModified\":\"2021-07-29T11:06:46+00:00\",\"description\":\"Meilleurs bookmakers en ligne, offres sports, casino, poker, bingo et paris mobiles, codes bonus de casino en ligne, les principaux portails de jeu au monde\",\"breadcrumb\":{\"@id\":\"https:\/\/www.freebetbest.com\/fr\/dernier-bonus-de-paris-de-casino\/#breadcrumb\"},\"inLanguage\":\"fr-FR\",\"potentialAction\":[{\"@type\":\"ReadAction\",\"target\":[\"https:\/\/www.freebetbest.com\/fr\/dernier-bonus-de-paris-de-casino\/\"]}]},{\"@type\":\"ImageObject\",\"inLanguage\":\"fr-FR\",\"@id\":\"https:\/\/www.freebetbest.com\/fr\/dernier-bonus-de-paris-de-casino\/#primaryimage\",\"url\":\"https:\/\/www.freebetbest.com\/wp-content\/uploads\/2019\/07\/casino-gambling_ys_ys.jpg\",\"contentUrl\":\"https:\/\/www.freebetbest.com\/wp-content\/uploads\/2019\/07\/casino-gambling_ys_ys.jpg\",\"width\":380,\"height\":191},{\"@type\":\"BreadcrumbList\",\"@id\":\"https:\/\/www.freebetbest.com\/fr\/dernier-bonus-de-paris-de-casino\/#breadcrumb\",\"itemListElement\":[{\"@type\":\"ListItem\",\"position\":1,\"name\":\"Home\",\"item\":\"https:\/\/www.freebetbest.com\/fr\/\"},{\"@type\":\"ListItem\",\"position\":2,\"name\":\"dernier bonus de paris de casino\"}]},{\"@type\":\"WebSite\",\"@id\":\"https:\/\/www.freebetbest.com\/fr\/#website\",\"url\":\"https:\/\/www.freebetbest.com\/fr\/\",\"name\":\"Meilleurs casinos en ligne | Bonus Paris sportifs | Meilleurs bookmakers en ligne\",\"description\":\"Meilleurs bookmakers en ligne, casinos, poker, bingo et paris sur mobiles, casinos en ligne, paris sur le football, codes promotionnels sans d\u00e9p\u00f4t, premier portail mondial des jeux d'argent.\",\"publisher\":{\"@id\":\"https:\/\/www.freebetbest.com\/fr\/#\/schema\/person\/292684ccf388a2362d507874c5b80a69\"},\"potentialAction\":[{\"@type\":\"SearchAction\",\"target\":{\"@type\":\"EntryPoint\",\"urlTemplate\":\"https:\/\/www.freebetbest.com\/fr\/?s={search_term_string}\"},\"query-input\":{\"@type\":\"PropertyValueSpecification\",\"valueRequired\":true,\"valueName\":\"search_term_string\"}}],\"inLanguage\":\"fr-FR\"},{\"@type\":[\"Person\",\"Organization\"],\"@id\":\"https:\/\/www.freebetbest.com\/fr\/#\/schema\/person\/292684ccf388a2362d507874c5b80a69\",\"name\":\"\u7ba1\u7406\",\"image\":{\"@type\":\"ImageObject\",\"inLanguage\":\"fr-FR\",\"@id\":\"https:\/\/www.freebetbest.com\/fr\/#\/schema\/person\/image\/\",\"url\":\"https:\/\/www.freebetbest.com\/wp-content\/litespeed\/avatar\/49696b52fb15293a2168c14964fdd8b9.jpg?ver=1777439934\",\"contentUrl\":\"https:\/\/www.freebetbest.com\/wp-content\/litespeed\/avatar\/49696b52fb15293a2168c14964fdd8b9.jpg?ver=1777439934\",\"caption\":\"\u7ba1\u7406\"},\"logo\":{\"@id\":\"https:\/\/www.freebetbest.com\/fr\/#\/schema\/person\/image\/\"},\"sameAs\":[\"admin\"]}]}<\/script>\n<!-- \/ Yoast SEO Premium plugin. -->","yoast_head_json":{"title":"dernier bonus de paris de casino Pari gratuit sans d\u00e9p\u00f4t, bonus de casino en ligne","description":"Meilleurs bookmakers en ligne, offres sports, casino, poker, bingo et paris mobiles, codes bonus de casino en ligne, les principaux portails de jeu au monde","robots":{"index":"index","follow":"follow","max-snippet":"max-snippet:-1","max-image-preview":"max-image-preview:large","max-video-preview":"max-video-preview:-1"},"canonical":"https:\/\/www.freebetbest.com\/fr\/dernier-bonus-de-paris-de-casino\/","og_locale":"fr_FR","og_type":"article","og_title":"dernier bonus de paris de casino","og_description":"Meilleurs bookmakers en ligne, offres sports, casino, poker, bingo et paris mobiles, codes bonus de casino en ligne, les principaux portails de jeu au monde","og_url":"https:\/\/www.freebetbest.com\/fr\/dernier-bonus-de-paris-de-casino\/","og_site_name":"Meilleurs casinos en ligne | Bonus Paris sportifs | Meilleurs bookmakers en ligne","article_modified_time":"2021-07-29T11:06:46+00:00","og_image":[{"width":380,"height":191,"url":"https:\/\/www.freebetbest.com\/wp-content\/uploads\/2019\/07\/casino-gambling_ys_ys.jpg","type":"image\/jpeg"}],"twitter_card":"summary_large_image","twitter_misc":{"Dur\u00e9e de lecture estim\u00e9e":"3 minutes"},"schema":{"@context":"https:\/\/schema.org","@graph":[{"@type":"WebPage","@id":"https:\/\/www.freebetbest.com\/fr\/dernier-bonus-de-paris-de-casino\/","url":"https:\/\/www.freebetbest.com\/fr\/dernier-bonus-de-paris-de-casino\/","name":"dernier bonus de paris de casino Pari gratuit sans d\u00e9p\u00f4t, bonus de casino en ligne","isPartOf":{"@id":"https:\/\/www.freebetbest.com\/fr\/#website"},"primaryImageOfPage":{"@id":"https:\/\/www.freebetbest.com\/fr\/dernier-bonus-de-paris-de-casino\/#primaryimage"},"image":{"@id":"https:\/\/www.freebetbest.com\/fr\/dernier-bonus-de-paris-de-casino\/#primaryimage"},"thumbnailUrl":"https:\/\/www.freebetbest.com\/wp-content\/uploads\/2019\/07\/casino-gambling_ys_ys.jpg","datePublished":"2019-07-18T03:47:29+00:00","dateModified":"2021-07-29T11:06:46+00:00","description":"Meilleurs bookmakers en ligne, offres sports, casino, poker, bingo et paris mobiles, codes bonus de casino en ligne, les principaux portails de jeu au monde","breadcrumb":{"@id":"https:\/\/www.freebetbest.com\/fr\/dernier-bonus-de-paris-de-casino\/#breadcrumb"},"inLanguage":"fr-FR","potentialAction":[{"@type":"ReadAction","target":["https:\/\/www.freebetbest.com\/fr\/dernier-bonus-de-paris-de-casino\/"]}]},{"@type":"ImageObject","inLanguage":"fr-FR","@id":"https:\/\/www.freebetbest.com\/fr\/dernier-bonus-de-paris-de-casino\/#primaryimage","url":"https:\/\/www.freebetbest.com\/wp-content\/uploads\/2019\/07\/casino-gambling_ys_ys.jpg","contentUrl":"https:\/\/www.freebetbest.com\/wp-content\/uploads\/2019\/07\/casino-gambling_ys_ys.jpg","width":380,"height":191},{"@type":"BreadcrumbList","@id":"https:\/\/www.freebetbest.com\/fr\/dernier-bonus-de-paris-de-casino\/#breadcrumb","itemListElement":[{"@type":"ListItem","position":1,"name":"Home","item":"https:\/\/www.freebetbest.com\/fr\/"},{"@type":"ListItem","position":2,"name":"dernier bonus de paris de casino"}]},{"@type":"WebSite","@id":"https:\/\/www.freebetbest.com\/fr\/#website","url":"https:\/\/www.freebetbest.com\/fr\/","name":"Meilleurs casinos en ligne | Bonus Paris sportifs | Meilleurs bookmakers en ligne","description":"Meilleurs bookmakers en ligne, casinos, poker, bingo et paris sur mobiles, casinos en ligne, paris sur le football, codes promotionnels sans d\u00e9p\u00f4t, premier portail mondial des jeux d'argent.","publisher":{"@id":"https:\/\/www.freebetbest.com\/fr\/#\/schema\/person\/292684ccf388a2362d507874c5b80a69"},"potentialAction":[{"@type":"SearchAction","target":{"@type":"EntryPoint","urlTemplate":"https:\/\/www.freebetbest.com\/fr\/?s={search_term_string}"},"query-input":{"@type":"PropertyValueSpecification","valueRequired":true,"valueName":"search_term_string"}}],"inLanguage":"fr-FR"},{"@type":["Person","Organization"],"@id":"https:\/\/www.freebetbest.com\/fr\/#\/schema\/person\/292684ccf388a2362d507874c5b80a69","name":"\u7ba1\u7406","image":{"@type":"ImageObject","inLanguage":"fr-FR","@id":"https:\/\/www.freebetbest.com\/fr\/#\/schema\/person\/image\/","url":"https:\/\/www.freebetbest.com\/wp-content\/litespeed\/avatar\/49696b52fb15293a2168c14964fdd8b9.jpg?ver=1777439934","contentUrl":"https:\/\/www.freebetbest.com\/wp-content\/litespeed\/avatar\/49696b52fb15293a2168c14964fdd8b9.jpg?ver=1777439934","caption":"\u7ba1\u7406"},"logo":{"@id":"https:\/\/www.freebetbest.com\/fr\/#\/schema\/person\/image\/"},"sameAs":["admin"]}]}},"_links":{"self":[{"href":"https:\/\/www.freebetbest.com\/fr\/wp-json\/wp\/v2\/pages\/5098","targetHints":{"allow":["GET"]}}],"collection":[{"href":"https:\/\/www.freebetbest.com\/fr\/wp-json\/wp\/v2\/pages"}],"about":[{"href":"https:\/\/www.freebetbest.com\/fr\/wp-json\/wp\/v2\/types\/page"}],"author":[{"embeddable":true,"href":"https:\/\/www.freebetbest.com\/fr\/wp-json\/wp\/v2\/users\/1"}],"replies":[{"embeddable":true,"href":"https:\/\/www.freebetbest.com\/fr\/wp-json\/wp\/v2\/comments?post=5098"}],"version-history":[{"count":0,"href":"https:\/\/www.freebetbest.com\/fr\/wp-json\/wp\/v2\/pages\/5098\/revisions"}],"wp:featuredmedia":[{"embeddable":true,"href":"https:\/\/www.freebetbest.com\/fr\/wp-json\/wp\/v2\/media\/5101"}],"wp:attachment":[{"href":"https:\/\/www.freebetbest.com\/fr\/wp-json\/wp\/v2\/media?parent=5098"}],"curies":[{"name":"wp","href":"https:\/\/api.w.org\/{rel}","templated":true}]}}