{"id":5093,"date":"2019-07-18T05:21:08","date_gmt":"2019-07-18T05:21:08","guid":{"rendered":"https:\/\/www.freebetbest.com\/live-casino-paris-en-ligne\/"},"modified":"2021-08-16T06:40:07","modified_gmt":"2021-08-16T06:40:07","slug":"dernier-e-spors-betting-bonus","status":"publish","type":"page","link":"https:\/\/www.freebetbest.com\/fr\/dernier-e-spors-betting-bonus\/","title":{"rendered":"Dernier bonus de paris E-spors"},"content":{"rendered":"\n<div class=\"text-area__container\">\n<div class=\"text-area__content\">\n<h2>Dernier bonus de paris E-spors<\/h2>\nCe que vous devez savoir. Toutes les activit\u00e9s d&rsquo;information du jeu. Dernier bonus de paris E-spors. C&rsquo;est en effet une tendance relativement nouvelle, mais beaucoup de gens parient. Obtention de revenus consid\u00e9rables. Avec l&rsquo;e-sport. Commen\u00e7ant \u00e0 p\u00e9n\u00e9trer dans le grand public, des sites Web de jeux plus traditionnels sont apparus, et ils vous permettent maintenant d&rsquo;en prendre un. Mani\u00e8re directe et inoffensive. Venez essayer les jeux e-sports.\n<h2>Dernier e-mail professionnel<a href=\"https:\/\/www.freebetsinfo.co.uk\/free-bets\/\"> bonus paris sportifs<\/a> site Internet<\/h2>\nParis sportifs en ligne. Il y a certainement beaucoup d&rsquo;options. Et \u00e0 cause des images de jeux d&rsquo;argent en ligne. Devenant de plus en plus comp\u00e9titif, il existe donc de nombreux sites de paris. Fournira certains services. Les \u00e9normes avantages des jeux e-sports. Peut vous inciter \u00e0 vous inscrire aupr\u00e8s de leur fournisseur.\n\nNous viendrons de ces sites de jeux d&rsquo;argent. Traitez les meilleurs bonus e-sports. Proc\u00e9dez \u00e0 une \u00e9valuation compl\u00e8te. Vous aider \u00e0 d\u00e9terminer quel type de bonus. Id\u00e9al pour vos paris e-sports uniques. Alors s&rsquo;il vous pla\u00eet lisez. Notre e-sport. Guide d&rsquo;auto-assistance sp\u00e9cial pour apprendre \u00e0 utiliser vos jeux en ligne pr\u00e9f\u00e9r\u00e9s. Obtenez des revenus de jeu fiables.\n<h3>Liste des derni\u00e8res promotions de bonus de paris E-spors<\/h3>\nVous recherchez des bonus de paris e-sports en ligne, et vous en obtiendrez s\u00fbrement beaucoup. Informations sur une s\u00e9rie d&rsquo;offres sp\u00e9ciales. Un pari gratuit garanti. Site de paris sportifs en ligne. Le bookmaker qui propose le m\u00eame prix de devinette. Il doit y avoir plusieurs options. Quelle que soit la port\u00e9e de la promotion, ces offres sp\u00e9ciales. La plupart ont des fonctions tr\u00e8s similaires.\n<h3>Agr\u00e9able Derni\u00e8re E-<a href=\"https:\/\/www.freebetbest.com\/fr\/sites-de-paris\/\"> Bonus de paris sportifs<\/a><\/h3>\nVous devez g\u00e9n\u00e9ralement d&rsquo;abord rejoindre le fournisseur de la marque, et vous le trouverez g\u00e9n\u00e9ralement. Vous en aurez peut-\u00eatre besoin avant. Obtenez l&rsquo;une des offres. Payez l&rsquo;acompte en premier. Vous pouvez m\u00eame comprendre. Sites de jeux occasionnels. Il vous sera demand\u00e9 d&rsquo;utiliser un code informatique promotionnel afin que vous puissiez commencer. Leurs offres promotionnelles.\n<h3>Avant de signer une offre unique du site de jeux<\/h3>\nAssurez-vous de magasiner davantage. Il existe une s\u00e9rie d&rsquo;offres promotionnelles autour desquelles vous devriez pouvoir trouver. Les paris e-sportifs pour vous. Bonus suppl\u00e9mentaires sur demande. Que vous recherchiez un marketing e-sport \u00e0 grande \u00e9chelle qui vous correspond, ou que vous le recherchiez simplement. Bonus de jeu de correspondance plus basique, vous pouvez certainement l&rsquo;obtenir rapidement. Tout le monde a r\u00e9ussi notre \u00e9valuation de r\u00e9compense de jeu. Obtenez des informations pertinentes.\n<h3>La derni\u00e8re \u00e9valuation des bonus de paris sportifs en ligne<\/h3>\nAlors que les paris sportifs en ligne deviennent de plus en plus populaires, vous pouvez profiter de la nature hautement comp\u00e9titive de la sc\u00e8ne des paris et obtenir ainsi des avantages \u00e9normes et gratifiants.\n<h3>Que ce soit un bookmaker ordinaire<\/h3>\nOu un nouveau site de paris e-sportifs, vous pouvez certainement trouver une remise qui vous permet d&rsquo;augmenter vos profits dans les paris e-sportifs initiaux.\n\nCertains bookmakers proposeront des offres sp\u00e9ciales qui vous donneront une remise d&rsquo;acompte \u00e9gale, qui est presque \u00e9gale \u00e0 200% de votre acompte d&rsquo;origine, tandis que d&rsquo;autres sites de paris le proposeront. Options de correspondance plus simples.\n<h3>La plus grande ressource de paris que vous ayez re\u00e7ue.<\/h3>\nLe classement de chaque r\u00e9compense est facile, mais \u00e9videmment les choses ne sont pas si faciles. Cela est d\u00fb \u00e0 certains des bonus suppl\u00e9mentaires les plus importants. Les consommateurs doivent g\u00e9n\u00e9ralement payer plus d&rsquo;argent initial. Alors quand toutes les activit\u00e9s. Habituellement accompagn\u00e9 de nombreuses conditions et modalit\u00e9s. Lorsque vous sp\u00e9cifiez la m\u00e9thode d&rsquo;utilisation du bonus, vous devez vous inscrire et inclure le site Web de paris.\n<\/div>\n<\/div>\n","protected":false},"excerpt":{"rendered":"<p>Voici les meilleurs casinos en ligne qui peuvent \u00eatre effectu\u00e9s pour de l\u2019argent r\u00e9el.<\/p>\n<div class=\"hero-cup-section\">\n<div class=\"row mb-4\">\n<div class=\"col-md-7\">\n<div class=\"section-area\">\n<div class=\"section-list\">\n<li style=\"text-align: left\"><img decoding=\"async\" src=\"https:\/\/www.freebetbest.com\/wp-content\/uploads\/2021\/06\/tick.png\" alt=\"Des sports\"> Bonus de bienvenue du casino sportif.<\/li>\n<li style=\"text-align: left\"><img decoding=\"async\" src=\"https:\/\/www.freebetbest.com\/wp-content\/uploads\/2021\/06\/tick.png\" alt=\"offres de jeux\"> Offres et promotions de bookmakers en ligne.<\/li>\n<li style=\"text-align: left\"><img decoding=\"async\" src=\"https:\/\/www.freebetbest.com\/wp-content\/uploads\/2021\/06\/tick.png\" alt=\"offres de jeux\"> Les meilleurs bookmakers en ligne auxquels vous pouvez faire confiance.<\/li>\n<li style=\"text-align: left\"><img decoding=\"async\" src=\"https:\/\/www.freebetbest.com\/wp-content\/uploads\/2021\/06\/tick.png\" alt=\"Faisant autorit\u00e9\"> Examen faisant autorit\u00e9 S\u00fbr fiable.<\/li>\n<li style=\"text-align: left\"><img decoding=\"async\" src=\"https:\/\/www.freebetbest.com\/wp-content\/uploads\/2021\/06\/tick.png\" alt=\"Retraits rapides\"> Prise en charge de l&rsquo;application mobile, retraits rapides.<\/li>\n<li style=\"text-align: left\"><img decoding=\"async\" src=\"https:\/\/www.freebetbest.com\/wp-content\/uploads\/2021\/06\/tick.png\" alt=\"Service client\"> Support client : 365 jours, 24 heures par jour.<\/li>\n<\/div>\n<\/div>\n<\/div>\n<div class=\"col-md-5\">\n<div class=\"cup-img\"><img decoding=\"async\" src=\"https:\/\/www.freebetbest.com\/wp-content\/uploads\/2021\/06\/e-spors.png\" alt=\"pari gratuit\"><\/div>\n<\/div>\n<\/div>\n","protected":false},"author":1,"featured_media":124947,"parent":0,"menu_order":0,"comment_status":"closed","ping_status":"closed","template":"E-spors-template.php","meta":{"footnotes":""},"class_list":["post-5093","page","type-page","status-publish","has-post-thumbnail","hentry"],"yoast_head":"<!-- This site is optimized with the Yoast SEO Premium plugin v19.5 (Yoast SEO v27.5) - https:\/\/yoast.com\/product\/yoast-seo-premium-wordpress\/ -->\n<title>Dernier bonus de paris E-spors ,Pari gratuit Bonus sans d\u00e9p\u00f4t<\/title>\n<meta name=\"description\" content=\"Dernier bonus de paris E-spors , Pari gratuit Bonus sans d\u00e9p\u00f4t, Meilleurs bookmakers, code bonus de premier d\u00e9p\u00f4t de bienvenue, Code bonus d&#039;inscription.\" \/>\n<meta name=\"robots\" content=\"index, follow, max-snippet:-1, max-image-preview:large, max-video-preview:-1\" \/>\n<link rel=\"canonical\" href=\"https:\/\/www.freebetbest.com\/fr\/dernier-e-spors-betting-bonus\/\" \/>\n<meta property=\"og:locale\" content=\"fr_FR\" \/>\n<meta property=\"og:type\" content=\"article\" \/>\n<meta property=\"og:title\" content=\"Dernier bonus de paris E-spors\" \/>\n<meta property=\"og:description\" content=\"Dernier bonus de paris E-spors , Pari gratuit Bonus sans d\u00e9p\u00f4t, Meilleurs bookmakers, code bonus de premier d\u00e9p\u00f4t de bienvenue, Code bonus d&#039;inscription.\" \/>\n<meta property=\"og:url\" content=\"https:\/\/www.freebetbest.com\/fr\/dernier-e-spors-betting-bonus\/\" \/>\n<meta property=\"og:site_name\" content=\"Meilleurs casinos en ligne | Bonus Paris sportifs | Meilleurs bookmakers en ligne\" \/>\n<meta property=\"article:modified_time\" content=\"2021-08-16T06:40:07+00:00\" \/>\n<meta property=\"og:image\" content=\"https:\/\/www.freebetbest.com\/wp-content\/uploads\/2021\/06\/e-spors1.png\" \/>\n\t<meta property=\"og:image:width\" content=\"417\" \/>\n\t<meta property=\"og:image:height\" content=\"180\" \/>\n\t<meta property=\"og:image:type\" content=\"image\/png\" \/>\n<meta name=\"twitter:card\" content=\"summary_large_image\" \/>\n<meta name=\"twitter:label1\" content=\"Dur\u00e9e de lecture estim\u00e9e\" \/>\n\t<meta name=\"twitter:data1\" content=\"3 minutes\" \/>\n<script type=\"application\/ld+json\" class=\"yoast-schema-graph\">{\"@context\":\"https:\\\/\\\/schema.org\",\"@graph\":[{\"@type\":\"WebPage\",\"@id\":\"https:\\\/\\\/www.freebetbest.com\\\/fr\\\/dernier-e-spors-betting-bonus\\\/\",\"url\":\"https:\\\/\\\/www.freebetbest.com\\\/fr\\\/dernier-e-spors-betting-bonus\\\/\",\"name\":\"Dernier bonus de paris E-spors ,Pari gratuit Bonus sans d\u00e9p\u00f4t\",\"isPartOf\":{\"@id\":\"https:\\\/\\\/www.freebetbest.com\\\/fr\\\/#website\"},\"primaryImageOfPage\":{\"@id\":\"https:\\\/\\\/www.freebetbest.com\\\/fr\\\/dernier-e-spors-betting-bonus\\\/#primaryimage\"},\"image\":{\"@id\":\"https:\\\/\\\/www.freebetbest.com\\\/fr\\\/dernier-e-spors-betting-bonus\\\/#primaryimage\"},\"thumbnailUrl\":\"https:\\\/\\\/www.freebetbest.com\\\/wp-content\\\/uploads\\\/2021\\\/06\\\/e-spors1.png\",\"datePublished\":\"2019-07-18T05:21:08+00:00\",\"dateModified\":\"2021-08-16T06:40:07+00:00\",\"description\":\"Dernier bonus de paris E-spors , Pari gratuit Bonus sans d\u00e9p\u00f4t, Meilleurs bookmakers, code bonus de premier d\u00e9p\u00f4t de bienvenue, Code bonus d'inscription.\",\"breadcrumb\":{\"@id\":\"https:\\\/\\\/www.freebetbest.com\\\/fr\\\/dernier-e-spors-betting-bonus\\\/#breadcrumb\"},\"inLanguage\":\"fr-FR\",\"potentialAction\":[{\"@type\":\"ReadAction\",\"target\":[\"https:\\\/\\\/www.freebetbest.com\\\/fr\\\/dernier-e-spors-betting-bonus\\\/\"]}]},{\"@type\":\"ImageObject\",\"inLanguage\":\"fr-FR\",\"@id\":\"https:\\\/\\\/www.freebetbest.com\\\/fr\\\/dernier-e-spors-betting-bonus\\\/#primaryimage\",\"url\":\"https:\\\/\\\/www.freebetbest.com\\\/wp-content\\\/uploads\\\/2021\\\/06\\\/e-spors1.png\",\"contentUrl\":\"https:\\\/\\\/www.freebetbest.com\\\/wp-content\\\/uploads\\\/2021\\\/06\\\/e-spors1.png\",\"width\":417,\"height\":180,\"caption\":\"e-spors1\"},{\"@type\":\"BreadcrumbList\",\"@id\":\"https:\\\/\\\/www.freebetbest.com\\\/fr\\\/dernier-e-spors-betting-bonus\\\/#breadcrumb\",\"itemListElement\":[{\"@type\":\"ListItem\",\"position\":1,\"name\":\"Home\",\"item\":\"https:\\\/\\\/www.freebetbest.com\\\/fr\\\/\"},{\"@type\":\"ListItem\",\"position\":2,\"name\":\"Dernier bonus de paris E-spors\"}]},{\"@type\":\"WebSite\",\"@id\":\"https:\\\/\\\/www.freebetbest.com\\\/fr\\\/#website\",\"url\":\"https:\\\/\\\/www.freebetbest.com\\\/fr\\\/\",\"name\":\"Meilleurs casinos en ligne | Bonus Paris sportifs | Meilleurs bookmakers en ligne\",\"description\":\"Meilleurs bookmakers en ligne, casinos, poker, bingo et paris sur mobiles, casinos en ligne, paris sur le football, codes promotionnels sans d\u00e9p\u00f4t, premier portail mondial des jeux d'argent.\",\"publisher\":{\"@id\":\"https:\\\/\\\/www.freebetbest.com\\\/fr\\\/#\\\/schema\\\/person\\\/292684ccf388a2362d507874c5b80a69\"},\"potentialAction\":[{\"@type\":\"SearchAction\",\"target\":{\"@type\":\"EntryPoint\",\"urlTemplate\":\"https:\\\/\\\/www.freebetbest.com\\\/fr\\\/?s={search_term_string}\"},\"query-input\":{\"@type\":\"PropertyValueSpecification\",\"valueRequired\":true,\"valueName\":\"search_term_string\"}}],\"inLanguage\":\"fr-FR\"},{\"@type\":[\"Person\",\"Organization\"],\"@id\":\"https:\\\/\\\/www.freebetbest.com\\\/fr\\\/#\\\/schema\\\/person\\\/292684ccf388a2362d507874c5b80a69\",\"name\":\"\u7ba1\u7406\",\"image\":{\"@type\":\"ImageObject\",\"inLanguage\":\"fr-FR\",\"@id\":\"https:\\\/\\\/www.freebetbest.com\\\/wp-content\\\/litespeed\\\/avatar\\\/49696b52fb15293a2168c14964fdd8b9.jpg?ver=1778044739\",\"url\":\"https:\\\/\\\/www.freebetbest.com\\\/wp-content\\\/litespeed\\\/avatar\\\/49696b52fb15293a2168c14964fdd8b9.jpg?ver=1778044739\",\"contentUrl\":\"https:\\\/\\\/www.freebetbest.com\\\/wp-content\\\/litespeed\\\/avatar\\\/49696b52fb15293a2168c14964fdd8b9.jpg?ver=1778044739\",\"caption\":\"\u7ba1\u7406\"},\"logo\":{\"@id\":\"https:\\\/\\\/www.freebetbest.com\\\/wp-content\\\/litespeed\\\/avatar\\\/49696b52fb15293a2168c14964fdd8b9.jpg?ver=1778044739\"},\"sameAs\":[\"admin\"]}]}<\/script>\n<!-- \/ Yoast SEO Premium plugin. -->","yoast_head_json":{"title":"Dernier bonus de paris E-spors ,Pari gratuit Bonus sans d\u00e9p\u00f4t","description":"Dernier bonus de paris E-spors , Pari gratuit Bonus sans d\u00e9p\u00f4t, Meilleurs bookmakers, code bonus de premier d\u00e9p\u00f4t de bienvenue, Code bonus d'inscription.","robots":{"index":"index","follow":"follow","max-snippet":"max-snippet:-1","max-image-preview":"max-image-preview:large","max-video-preview":"max-video-preview:-1"},"canonical":"https:\/\/www.freebetbest.com\/fr\/dernier-e-spors-betting-bonus\/","og_locale":"fr_FR","og_type":"article","og_title":"Dernier bonus de paris E-spors","og_description":"Dernier bonus de paris E-spors , Pari gratuit Bonus sans d\u00e9p\u00f4t, Meilleurs bookmakers, code bonus de premier d\u00e9p\u00f4t de bienvenue, Code bonus d'inscription.","og_url":"https:\/\/www.freebetbest.com\/fr\/dernier-e-spors-betting-bonus\/","og_site_name":"Meilleurs casinos en ligne | Bonus Paris sportifs | Meilleurs bookmakers en ligne","article_modified_time":"2021-08-16T06:40:07+00:00","og_image":[{"width":417,"height":180,"url":"https:\/\/www.freebetbest.com\/wp-content\/uploads\/2021\/06\/e-spors1.png","type":"image\/png"}],"twitter_card":"summary_large_image","twitter_misc":{"Dur\u00e9e de lecture estim\u00e9e":"3 minutes"},"schema":{"@context":"https:\/\/schema.org","@graph":[{"@type":"WebPage","@id":"https:\/\/www.freebetbest.com\/fr\/dernier-e-spors-betting-bonus\/","url":"https:\/\/www.freebetbest.com\/fr\/dernier-e-spors-betting-bonus\/","name":"Dernier bonus de paris E-spors ,Pari gratuit Bonus sans d\u00e9p\u00f4t","isPartOf":{"@id":"https:\/\/www.freebetbest.com\/fr\/#website"},"primaryImageOfPage":{"@id":"https:\/\/www.freebetbest.com\/fr\/dernier-e-spors-betting-bonus\/#primaryimage"},"image":{"@id":"https:\/\/www.freebetbest.com\/fr\/dernier-e-spors-betting-bonus\/#primaryimage"},"thumbnailUrl":"https:\/\/www.freebetbest.com\/wp-content\/uploads\/2021\/06\/e-spors1.png","datePublished":"2019-07-18T05:21:08+00:00","dateModified":"2021-08-16T06:40:07+00:00","description":"Dernier bonus de paris E-spors , Pari gratuit Bonus sans d\u00e9p\u00f4t, Meilleurs bookmakers, code bonus de premier d\u00e9p\u00f4t de bienvenue, Code bonus d'inscription.","breadcrumb":{"@id":"https:\/\/www.freebetbest.com\/fr\/dernier-e-spors-betting-bonus\/#breadcrumb"},"inLanguage":"fr-FR","potentialAction":[{"@type":"ReadAction","target":["https:\/\/www.freebetbest.com\/fr\/dernier-e-spors-betting-bonus\/"]}]},{"@type":"ImageObject","inLanguage":"fr-FR","@id":"https:\/\/www.freebetbest.com\/fr\/dernier-e-spors-betting-bonus\/#primaryimage","url":"https:\/\/www.freebetbest.com\/wp-content\/uploads\/2021\/06\/e-spors1.png","contentUrl":"https:\/\/www.freebetbest.com\/wp-content\/uploads\/2021\/06\/e-spors1.png","width":417,"height":180,"caption":"e-spors1"},{"@type":"BreadcrumbList","@id":"https:\/\/www.freebetbest.com\/fr\/dernier-e-spors-betting-bonus\/#breadcrumb","itemListElement":[{"@type":"ListItem","position":1,"name":"Home","item":"https:\/\/www.freebetbest.com\/fr\/"},{"@type":"ListItem","position":2,"name":"Dernier bonus de paris E-spors"}]},{"@type":"WebSite","@id":"https:\/\/www.freebetbest.com\/fr\/#website","url":"https:\/\/www.freebetbest.com\/fr\/","name":"Meilleurs casinos en ligne | Bonus Paris sportifs | Meilleurs bookmakers en ligne","description":"Meilleurs bookmakers en ligne, casinos, poker, bingo et paris sur mobiles, casinos en ligne, paris sur le football, codes promotionnels sans d\u00e9p\u00f4t, premier portail mondial des jeux d'argent.","publisher":{"@id":"https:\/\/www.freebetbest.com\/fr\/#\/schema\/person\/292684ccf388a2362d507874c5b80a69"},"potentialAction":[{"@type":"SearchAction","target":{"@type":"EntryPoint","urlTemplate":"https:\/\/www.freebetbest.com\/fr\/?s={search_term_string}"},"query-input":{"@type":"PropertyValueSpecification","valueRequired":true,"valueName":"search_term_string"}}],"inLanguage":"fr-FR"},{"@type":["Person","Organization"],"@id":"https:\/\/www.freebetbest.com\/fr\/#\/schema\/person\/292684ccf388a2362d507874c5b80a69","name":"\u7ba1\u7406","image":{"@type":"ImageObject","inLanguage":"fr-FR","@id":"https:\/\/www.freebetbest.com\/wp-content\/litespeed\/avatar\/49696b52fb15293a2168c14964fdd8b9.jpg?ver=1778044739","url":"https:\/\/www.freebetbest.com\/wp-content\/litespeed\/avatar\/49696b52fb15293a2168c14964fdd8b9.jpg?ver=1778044739","contentUrl":"https:\/\/www.freebetbest.com\/wp-content\/litespeed\/avatar\/49696b52fb15293a2168c14964fdd8b9.jpg?ver=1778044739","caption":"\u7ba1\u7406"},"logo":{"@id":"https:\/\/www.freebetbest.com\/wp-content\/litespeed\/avatar\/49696b52fb15293a2168c14964fdd8b9.jpg?ver=1778044739"},"sameAs":["admin"]}]}},"_links":{"self":[{"href":"https:\/\/www.freebetbest.com\/fr\/wp-json\/wp\/v2\/pages\/5093","targetHints":{"allow":["GET"]}}],"collection":[{"href":"https:\/\/www.freebetbest.com\/fr\/wp-json\/wp\/v2\/pages"}],"about":[{"href":"https:\/\/www.freebetbest.com\/fr\/wp-json\/wp\/v2\/types\/page"}],"author":[{"embeddable":true,"href":"https:\/\/www.freebetbest.com\/fr\/wp-json\/wp\/v2\/users\/1"}],"replies":[{"embeddable":true,"href":"https:\/\/www.freebetbest.com\/fr\/wp-json\/wp\/v2\/comments?post=5093"}],"version-history":[{"count":0,"href":"https:\/\/www.freebetbest.com\/fr\/wp-json\/wp\/v2\/pages\/5093\/revisions"}],"wp:featuredmedia":[{"embeddable":true,"href":"https:\/\/www.freebetbest.com\/fr\/wp-json\/wp\/v2\/media\/124947"}],"wp:attachment":[{"href":"https:\/\/www.freebetbest.com\/fr\/wp-json\/wp\/v2\/media?parent=5093"}],"curies":[{"name":"wp","href":"https:\/\/api.w.org\/{rel}","templated":true}]}}