{"id":5090,"date":"2019-06-18T12:57:28","date_gmt":"2019-06-18T12:57:28","guid":{"rendered":"https:\/\/www.freebetbest.com\/site-de-paris-gratuits-en-ligne-en-2019-au-royaume-uni\/"},"modified":"2021-07-28T16:49:52","modified_gmt":"2021-07-28T16:49:52","slug":"sites-de-paris","status":"publish","type":"page","link":"https:\/\/www.freebetbest.com\/fr\/sites-de-paris\/","title":{"rendered":"Bonus de paris du bookmaker"},"content":{"rendered":"<h3>\u00c0 quoi le bookmaker doit-il faire attention dans le dernier bonus de pari ?<\/h3>\n<p>Toutes les r\u00e9compenses bonus ne sont pas identiques. Dernier bonus de paris dans les paris sportifs. Il y aura des changements \u00e0 un moment donn\u00e9, ce qui peut augmenter ou diminuer vos revenus. Il peut \u00eatre important de se familiariser avec les conditions courantes, telles que les paris et l&rsquo;acompte minimum pour les types d\u00e9licats, tels que les restrictions de KYC et de retrait importantes. De plus, nous \u00e9num\u00e9rerons tous les signes de r\u00e9compenses frauduleuses des soci\u00e9t\u00e9s de paris pour \u00e9viter tout accident.<\/p>\n<h3>\u00c0 quoi les bookmakers devraient pr\u00eater attention pour les r\u00e9compenses<\/h3>\n<p>Toutes les r\u00e9compenses bonus ne sont pas identiques. Dans les paris sportifs. Certaines choses vont changer et peuvent augmenter ou diminuer vos revenus. Il peut \u00eatre important de se familiariser avec les conditions courantes, comme un acompte minimum.<\/p>\n<h3>Populaire<a href=\"https:\/\/www.freebetsinfo.co.uk\/\"> les paris sportifs<\/a> . Clause de bonus ajout\u00e9e<\/h3>\n<p>Conditions typiques des bonus de paris sportifs. De nombreux joueurs parient sur le sport. Ou vous ne ferez pas attention aux termes et conditions apr\u00e8s avoir d\u00e9clar\u00e9 le bonus. C&rsquo;est bien s\u00fbr compl\u00e8tement maladroit, car une fois que vos finances sont en danger, elles jouent un r\u00f4le cl\u00e9.<br \/><img decoding=\"async\" src=\"https:\/\/www.freebetbest.com\/wp-content\/uploads\/2021\/06\/Casino-Games.jpg\"><\/p>\n<h3>Chaque client\/IP active un compte bancaire<\/h3>\n<p>C&rsquo;est assez facile. Essayez de ne pas essayer les m\u00eames paris sportifs. Ouvrez un autre compte bancaire et demandez un bonus.<\/p>\n<h3>Exigences de paris<\/h3>\n<p>La premi\u00e8re prime de paiement pour chaque activit\u00e9 sportive. Il y aura plusieurs prolongations (entre 5 fois et 20 fois) pour retirer votre bonus. En outre, vous devriez \u00eatre avant de demander le paiement. Roulez votre investissement initial une fois.<\/p>\n<h3><a href=\"https:\/\/www.freebetbest.com\/fr\/paris-football-en-ligne\/\">Bookmakers<\/a> Dernier bonus de pari L&rsquo;alternative la moins chanceuse :<\/h3>\n<p>Chaque march\u00e9 que vous d\u00e9cidez de choisir. Tous devraient d\u00e9passer l&rsquo;importance pr\u00e9d\u00e9termin\u00e9e. La gamme de produits dans la plupart des paris sportifs se situe g\u00e9n\u00e9ralement entre 1,50 et 2,00. La s\u00e9lection totale sur votre propre coupon de pari, tout comme le th\u00e8me. En r\u00e8gle g\u00e9n\u00e9rale, vous devez inclure 1 \u00e0 3 options.<\/p>\n<h3>Acompte minimum :<\/h3>\n<p>Avant de d\u00e9cider de demander des fournitures, vous devez d&rsquo;abord effectuer un acompte qualifi\u00e9. Cela ne peut \u00eatre que de 5 \u20ac\/\u00a3 ou 10 \u20ac\/\u00a3, m\u00eame si certains sont agr\u00e9ables. Les cadeaux peuvent commencer \u00e0 1 \u20ac\/\u00a3.<\/p>\n<h3>Confirmer et restreindre les m\u00e9thodes de transaction:<\/h3>\n<p>De nombreux sites de jeux restreignent Skrill et Neteller, etc. Fournissez des portefeuilles avec des remises sp\u00e9ciales. C&rsquo;est parce qu&rsquo;ils attirent les agresseurs. Si vous effectuez un d\u00e9p\u00f4t avec une carte de cr\u00e9dit\/d\u00e9bit ou PayPal, la plupart des paris sportifs. Vous apportera des revenus agr\u00e9ables.<\/p>\n<h3>Bonus maximal<\/h3>\n<p>Certains bookmakers le peuvent. R\u00e9duisez le montant maximum des bonus pouvant \u00eatre retir\u00e9s. Cela signifie que quel que soit votre niveau de r\u00e9ussite, vous pouvez facilement annuler les paris sportifs. La r\u00e9duction de prix la plus \u00e9lev\u00e9e r\u00e9alis\u00e9e.<\/p>\n<h3>Derni\u00e8re restriction du march\u00e9 des bonus de paris<\/h3>\n<p>De nombreux segments de march\u00e9 ne seront pas pris en compte pour les paris encaiss\u00e9s, annul\u00e9s ou annul\u00e9s. En outre, les restrictions peuvent inclure diff\u00e9rentes activit\u00e9s sportives, ligues et paris bloqu\u00e9s.<\/p>\n<h3>Date d&rsquo;expiration du dernier bonus de pari<\/h3>\n<p>Portez une attention particuli\u00e8re \u00e0 vos activit\u00e9s sportives. La date \u00e0 laquelle l&rsquo;avantage de jeu prend fin. Cela peut g\u00e9n\u00e9ralement \u00eatre entre 7 et 30 jours. Cependant, dans certains cas, la structure temporelle est g\u00e9n\u00e9ralement aussi courte que 3 jours.<\/p>\n<h3>Pari maximum par pari<\/h3>\n<p>Vous pouvez \u00eatre sur chaque march\u00e9 ou coupon de pari. Le contenu s\u00e9lectionn\u00e9 peut \u00eatre restreint. Cela s&rsquo;applique pour dissuader les chasseurs de bonus suppl\u00e9mentaires et les parieurs d&rsquo;arbitrage. Habituellement, il s&rsquo;agit de 50 % du montant de la r\u00e9compense. De plus, de nombreux bookmakers ont des restrictions sur l&rsquo;utilisation des opportunit\u00e9s maximales (par exemple 3.50).<\/p>\n<h3>Restriction de pays<\/h3>\n<p>Les transactions de bonus d&rsquo;inscription sont g\u00e9n\u00e9ralement. Non disponible dans le monde entier. Par exemple, les pays d&rsquo;Europe de l&rsquo;Est peuvent \u00eatre exclus. Consultez toujours les termes et conditions pour conna\u00eetre cette liste d&#8217;emplacements restreints.<\/p>\n<p>Ajouter des codes bonus disponibles : Parfois, vous devez \u00eatre sur la page de d\u00e9p\u00f4t. Entrez le code manuellement, ce qui signifie que vos fonds peuvent \u00eatre am\u00e9lior\u00e9s.<\/p>\n<p><!-- \/wp:post-content --><\/p>\n<p><!-- wp:heading {\"level\":4} \/--><\/p>\n","protected":false},"excerpt":{"rendered":"<p>Maximisez votre exp\u00e9rience de paris sportifs<br \/>\nBonus de bienvenue fantastiques<br \/>\nUn large \u00e9ventail de sports sur lesquels parier avec des cotes imbattables<br \/>\nBookies revus et approuv\u00e9s par nos experts<\/p>\n<div class=\"hero-cup-section\">\n<div class=\"row mb-4\">\n<div class=\"col-md-7\">\n<div class=\"section-area\">\n<div class=\"section-list\">\n<li style=\"text-align: left\"><img decoding=\"async\" src=\"https:\/\/www.freebetbest.com\/wp-content\/uploads\/2021\/06\/tick.png\" alt=\"Des sports\"> Bonus de bienvenue du casino sportif.<\/li>\n<li style=\"text-align: left\"><img decoding=\"async\" src=\"https:\/\/www.freebetbest.com\/wp-content\/uploads\/2021\/06\/tick.png\" alt=\"offres de jeux\"> Offres et promotions de bookmakers en ligne.<\/li>\n<li style=\"text-align: left\"><img decoding=\"async\" src=\"https:\/\/www.freebetbest.com\/wp-content\/uploads\/2021\/06\/tick.png\" alt=\"offres de jeux\"> Les meilleurs bookmakers en ligne auxquels vous pouvez faire confiance.<\/li>\n<li style=\"text-align: left\"><img decoding=\"async\" src=\"https:\/\/www.freebetbest.com\/wp-content\/uploads\/2021\/06\/tick.png\" alt=\"Faisant autorit\u00e9\"> Examen faisant autorit\u00e9 S\u00fbr fiable.<\/li>\n<li style=\"text-align: left\"><img decoding=\"async\" src=\"https:\/\/www.freebetbest.com\/wp-content\/uploads\/2021\/06\/tick.png\" alt=\"Retraits rapides\"> Prise en charge de l&rsquo;application mobile, retraits rapides.<\/li>\n<li style=\"text-align: left\"><img decoding=\"async\" src=\"https:\/\/www.freebetbest.com\/wp-content\/uploads\/2021\/06\/tick.png\" alt=\"Service client\"> Support client : 365 jours, 24 heures par jour.<\/li>\n<\/div>\n<\/div>\n<\/div>\n<div class=\"col-md-5\">\n<div class=\"cup-img\"><img decoding=\"async\" src=\"https:\/\/www.freebetbest.com\/wp-content\/uploads\/2021\/06\/freebetsinfo.png\" alt=\"pari gratuit\"><\/div>\n<\/div>\n<\/div>\n","protected":false},"author":1,"featured_media":5091,"parent":0,"menu_order":0,"comment_status":"closed","ping_status":"closed","template":"Bookmaker-List-Template.php","meta":{"footnotes":""},"class_list":["post-5090","page","type-page","status-publish","has-post-thumbnail","hentry"],"yoast_head":"<!-- This site is optimized with the Yoast SEO Premium plugin v19.5 (Yoast SEO v27.0) - https:\/\/yoast.com\/product\/yoast-seo-premium-wordpress\/ -->\n<title>Bonus de paris du bookmaker , Bonus nouveau client des bookmakers asiatiques.<\/title>\n<meta name=\"description\" content=\"Bonus de paris du bookmaker , Meilleurs bookmakers en ligne, casinos, poker, Site de paris gratuits en ligne, Bonus d&#039;inscription pour les nouveaux clients des bookmakers asiatiques.\" \/>\n<meta name=\"robots\" content=\"index, follow, max-snippet:-1, max-image-preview:large, max-video-preview:-1\" \/>\n<link rel=\"canonical\" href=\"https:\/\/www.freebetbest.com\/fr\/sites-de-paris\/\" \/>\n<meta property=\"og:locale\" content=\"fr_FR\" \/>\n<meta property=\"og:type\" content=\"article\" \/>\n<meta property=\"og:title\" content=\"Bonus de paris du bookmaker\" \/>\n<meta property=\"og:description\" content=\"Bonus de paris du bookmaker , Meilleurs bookmakers en ligne, casinos, poker, Site de paris gratuits en ligne, Bonus d&#039;inscription pour les nouveaux clients des bookmakers asiatiques.\" \/>\n<meta property=\"og:url\" content=\"https:\/\/www.freebetbest.com\/fr\/sites-de-paris\/\" \/>\n<meta property=\"og:site_name\" content=\"Meilleurs casinos en ligne | Bonus Paris sportifs | Meilleurs bookmakers en ligne\" \/>\n<meta property=\"article:modified_time\" content=\"2021-07-28T16:49:52+00:00\" \/>\n<meta property=\"og:image\" content=\"https:\/\/www.freebetbest.com\/wp-content\/uploads\/2019\/07\/banner.jpg\" \/>\n\t<meta property=\"og:image:width\" content=\"449\" \/>\n\t<meta property=\"og:image:height\" content=\"180\" \/>\n\t<meta property=\"og:image:type\" content=\"image\/jpeg\" \/>\n<meta name=\"twitter:card\" content=\"summary_large_image\" \/>\n<meta name=\"twitter:label1\" content=\"Dur\u00e9e de lecture estim\u00e9e\" \/>\n\t<meta name=\"twitter:data1\" content=\"3 minutes\" \/>\n<script type=\"application\/ld+json\" class=\"yoast-schema-graph\">{\"@context\":\"https:\/\/schema.org\",\"@graph\":[{\"@type\":\"WebPage\",\"@id\":\"https:\/\/www.freebetbest.com\/fr\/sites-de-paris\/\",\"url\":\"https:\/\/www.freebetbest.com\/fr\/sites-de-paris\/\",\"name\":\"Bonus de paris du bookmaker , Bonus nouveau client des bookmakers asiatiques.\",\"isPartOf\":{\"@id\":\"https:\/\/www.freebetbest.com\/fr\/#website\"},\"primaryImageOfPage\":{\"@id\":\"https:\/\/www.freebetbest.com\/fr\/sites-de-paris\/#primaryimage\"},\"image\":{\"@id\":\"https:\/\/www.freebetbest.com\/fr\/sites-de-paris\/#primaryimage\"},\"thumbnailUrl\":\"https:\/\/www.freebetbest.com\/wp-content\/uploads\/2019\/07\/banner.jpg\",\"datePublished\":\"2019-06-18T12:57:28+00:00\",\"dateModified\":\"2021-07-28T16:49:52+00:00\",\"description\":\"Bonus de paris du bookmaker , Meilleurs bookmakers en ligne, casinos, poker, Site de paris gratuits en ligne, Bonus d'inscription pour les nouveaux clients des bookmakers asiatiques.\",\"breadcrumb\":{\"@id\":\"https:\/\/www.freebetbest.com\/fr\/sites-de-paris\/#breadcrumb\"},\"inLanguage\":\"fr-FR\",\"potentialAction\":[{\"@type\":\"ReadAction\",\"target\":[\"https:\/\/www.freebetbest.com\/fr\/sites-de-paris\/\"]}]},{\"@type\":\"ImageObject\",\"inLanguage\":\"fr-FR\",\"@id\":\"https:\/\/www.freebetbest.com\/fr\/sites-de-paris\/#primaryimage\",\"url\":\"https:\/\/www.freebetbest.com\/wp-content\/uploads\/2019\/07\/banner.jpg\",\"contentUrl\":\"https:\/\/www.freebetbest.com\/wp-content\/uploads\/2019\/07\/banner.jpg\",\"width\":449,\"height\":180,\"caption\":\"Site de paris gratuit en ligne au Royaume-Uni\"},{\"@type\":\"BreadcrumbList\",\"@id\":\"https:\/\/www.freebetbest.com\/fr\/sites-de-paris\/#breadcrumb\",\"itemListElement\":[{\"@type\":\"ListItem\",\"position\":1,\"name\":\"Home\",\"item\":\"https:\/\/www.freebetbest.com\/fr\/\"},{\"@type\":\"ListItem\",\"position\":2,\"name\":\"Bonus de paris du bookmaker\"}]},{\"@type\":\"WebSite\",\"@id\":\"https:\/\/www.freebetbest.com\/fr\/#website\",\"url\":\"https:\/\/www.freebetbest.com\/fr\/\",\"name\":\"Meilleurs casinos en ligne | Bonus Paris sportifs | Meilleurs bookmakers en ligne\",\"description\":\"Meilleurs bookmakers en ligne, casinos, poker, bingo et paris sur mobiles, casinos en ligne, paris sur le football, codes promotionnels sans d\u00e9p\u00f4t, premier portail mondial des jeux d'argent.\",\"publisher\":{\"@id\":\"https:\/\/www.freebetbest.com\/fr\/#\/schema\/person\/292684ccf388a2362d507874c5b80a69\"},\"potentialAction\":[{\"@type\":\"SearchAction\",\"target\":{\"@type\":\"EntryPoint\",\"urlTemplate\":\"https:\/\/www.freebetbest.com\/fr\/?s={search_term_string}\"},\"query-input\":{\"@type\":\"PropertyValueSpecification\",\"valueRequired\":true,\"valueName\":\"search_term_string\"}}],\"inLanguage\":\"fr-FR\"},{\"@type\":[\"Person\",\"Organization\"],\"@id\":\"https:\/\/www.freebetbest.com\/fr\/#\/schema\/person\/292684ccf388a2362d507874c5b80a69\",\"name\":\"\u7ba1\u7406\",\"image\":{\"@type\":\"ImageObject\",\"inLanguage\":\"fr-FR\",\"@id\":\"https:\/\/www.freebetbest.com\/fr\/#\/schema\/person\/image\/\",\"url\":\"https:\/\/www.freebetbest.com\/wp-content\/litespeed\/avatar\/49696b52fb15293a2168c14964fdd8b9.jpg?ver=1778044739\",\"contentUrl\":\"https:\/\/www.freebetbest.com\/wp-content\/litespeed\/avatar\/49696b52fb15293a2168c14964fdd8b9.jpg?ver=1778044739\",\"caption\":\"\u7ba1\u7406\"},\"logo\":{\"@id\":\"https:\/\/www.freebetbest.com\/fr\/#\/schema\/person\/image\/\"},\"sameAs\":[\"admin\"]}]}<\/script>\n<!-- \/ Yoast SEO Premium plugin. -->","yoast_head_json":{"title":"Bonus de paris du bookmaker , Bonus nouveau client des bookmakers asiatiques.","description":"Bonus de paris du bookmaker , Meilleurs bookmakers en ligne, casinos, poker, Site de paris gratuits en ligne, Bonus d'inscription pour les nouveaux clients des bookmakers asiatiques.","robots":{"index":"index","follow":"follow","max-snippet":"max-snippet:-1","max-image-preview":"max-image-preview:large","max-video-preview":"max-video-preview:-1"},"canonical":"https:\/\/www.freebetbest.com\/fr\/sites-de-paris\/","og_locale":"fr_FR","og_type":"article","og_title":"Bonus de paris du bookmaker","og_description":"Bonus de paris du bookmaker , Meilleurs bookmakers en ligne, casinos, poker, Site de paris gratuits en ligne, Bonus d'inscription pour les nouveaux clients des bookmakers asiatiques.","og_url":"https:\/\/www.freebetbest.com\/fr\/sites-de-paris\/","og_site_name":"Meilleurs casinos en ligne | Bonus Paris sportifs | Meilleurs bookmakers en ligne","article_modified_time":"2021-07-28T16:49:52+00:00","og_image":[{"width":449,"height":180,"url":"https:\/\/www.freebetbest.com\/wp-content\/uploads\/2019\/07\/banner.jpg","type":"image\/jpeg"}],"twitter_card":"summary_large_image","twitter_misc":{"Dur\u00e9e de lecture estim\u00e9e":"3 minutes"},"schema":{"@context":"https:\/\/schema.org","@graph":[{"@type":"WebPage","@id":"https:\/\/www.freebetbest.com\/fr\/sites-de-paris\/","url":"https:\/\/www.freebetbest.com\/fr\/sites-de-paris\/","name":"Bonus de paris du bookmaker , Bonus nouveau client des bookmakers asiatiques.","isPartOf":{"@id":"https:\/\/www.freebetbest.com\/fr\/#website"},"primaryImageOfPage":{"@id":"https:\/\/www.freebetbest.com\/fr\/sites-de-paris\/#primaryimage"},"image":{"@id":"https:\/\/www.freebetbest.com\/fr\/sites-de-paris\/#primaryimage"},"thumbnailUrl":"https:\/\/www.freebetbest.com\/wp-content\/uploads\/2019\/07\/banner.jpg","datePublished":"2019-06-18T12:57:28+00:00","dateModified":"2021-07-28T16:49:52+00:00","description":"Bonus de paris du bookmaker , Meilleurs bookmakers en ligne, casinos, poker, Site de paris gratuits en ligne, Bonus d'inscription pour les nouveaux clients des bookmakers asiatiques.","breadcrumb":{"@id":"https:\/\/www.freebetbest.com\/fr\/sites-de-paris\/#breadcrumb"},"inLanguage":"fr-FR","potentialAction":[{"@type":"ReadAction","target":["https:\/\/www.freebetbest.com\/fr\/sites-de-paris\/"]}]},{"@type":"ImageObject","inLanguage":"fr-FR","@id":"https:\/\/www.freebetbest.com\/fr\/sites-de-paris\/#primaryimage","url":"https:\/\/www.freebetbest.com\/wp-content\/uploads\/2019\/07\/banner.jpg","contentUrl":"https:\/\/www.freebetbest.com\/wp-content\/uploads\/2019\/07\/banner.jpg","width":449,"height":180,"caption":"Site de paris gratuit en ligne au Royaume-Uni"},{"@type":"BreadcrumbList","@id":"https:\/\/www.freebetbest.com\/fr\/sites-de-paris\/#breadcrumb","itemListElement":[{"@type":"ListItem","position":1,"name":"Home","item":"https:\/\/www.freebetbest.com\/fr\/"},{"@type":"ListItem","position":2,"name":"Bonus de paris du bookmaker"}]},{"@type":"WebSite","@id":"https:\/\/www.freebetbest.com\/fr\/#website","url":"https:\/\/www.freebetbest.com\/fr\/","name":"Meilleurs casinos en ligne | Bonus Paris sportifs | Meilleurs bookmakers en ligne","description":"Meilleurs bookmakers en ligne, casinos, poker, bingo et paris sur mobiles, casinos en ligne, paris sur le football, codes promotionnels sans d\u00e9p\u00f4t, premier portail mondial des jeux d'argent.","publisher":{"@id":"https:\/\/www.freebetbest.com\/fr\/#\/schema\/person\/292684ccf388a2362d507874c5b80a69"},"potentialAction":[{"@type":"SearchAction","target":{"@type":"EntryPoint","urlTemplate":"https:\/\/www.freebetbest.com\/fr\/?s={search_term_string}"},"query-input":{"@type":"PropertyValueSpecification","valueRequired":true,"valueName":"search_term_string"}}],"inLanguage":"fr-FR"},{"@type":["Person","Organization"],"@id":"https:\/\/www.freebetbest.com\/fr\/#\/schema\/person\/292684ccf388a2362d507874c5b80a69","name":"\u7ba1\u7406","image":{"@type":"ImageObject","inLanguage":"fr-FR","@id":"https:\/\/www.freebetbest.com\/fr\/#\/schema\/person\/image\/","url":"https:\/\/www.freebetbest.com\/wp-content\/litespeed\/avatar\/49696b52fb15293a2168c14964fdd8b9.jpg?ver=1778044739","contentUrl":"https:\/\/www.freebetbest.com\/wp-content\/litespeed\/avatar\/49696b52fb15293a2168c14964fdd8b9.jpg?ver=1778044739","caption":"\u7ba1\u7406"},"logo":{"@id":"https:\/\/www.freebetbest.com\/fr\/#\/schema\/person\/image\/"},"sameAs":["admin"]}]}},"_links":{"self":[{"href":"https:\/\/www.freebetbest.com\/fr\/wp-json\/wp\/v2\/pages\/5090","targetHints":{"allow":["GET"]}}],"collection":[{"href":"https:\/\/www.freebetbest.com\/fr\/wp-json\/wp\/v2\/pages"}],"about":[{"href":"https:\/\/www.freebetbest.com\/fr\/wp-json\/wp\/v2\/types\/page"}],"author":[{"embeddable":true,"href":"https:\/\/www.freebetbest.com\/fr\/wp-json\/wp\/v2\/users\/1"}],"replies":[{"embeddable":true,"href":"https:\/\/www.freebetbest.com\/fr\/wp-json\/wp\/v2\/comments?post=5090"}],"version-history":[{"count":0,"href":"https:\/\/www.freebetbest.com\/fr\/wp-json\/wp\/v2\/pages\/5090\/revisions"}],"wp:featuredmedia":[{"embeddable":true,"href":"https:\/\/www.freebetbest.com\/fr\/wp-json\/wp\/v2\/media\/5091"}],"wp:attachment":[{"href":"https:\/\/www.freebetbest.com\/fr\/wp-json\/wp\/v2\/media?parent=5090"}],"curies":[{"name":"wp","href":"https:\/\/api.w.org\/{rel}","templated":true}]}}