{"id":5087,"date":"2019-07-15T09:02:03","date_gmt":"2019-07-15T09:02:03","guid":{"rendered":"https:\/\/www.freebetbest.com\/paris-en-ligne-motogp\/"},"modified":"2021-08-16T07:32:30","modified_gmt":"2021-08-16T07:32:30","slug":"dernieres-courses-paris-en-ligne","status":"publish","type":"page","link":"https:\/\/www.freebetbest.com\/fr\/dernieres-courses-paris-en-ligne\/","title":{"rendered":"Derniers paris en ligne Racing"},"content":{"rendered":"\n<div class=\"text-area__container\">\n<div class=\"text-area__content\">\n<h2>Paris en ligne sur les courses<\/h2>\n<p>Comme la plupart des paris en ligne Racing, une grande partie de l&rsquo;attention autour du MotoGP se concentre sur le vainqueur de la course, tandis que d&rsquo;autres march\u00e9s tels que la pole position et terminer dans le top 10 sont \u00e9galement int\u00e9ressants et des m\u00e9thodes tr\u00e8s populaires de<a href=\"https:\/\/www.freebetbest.com\/fr\/sites-de-paris\/\"> pari<\/a> .<\/p>\n<h3>Le climat actuel du MotoGP signifie que<\/h3>\n<p>Par rapport \u00e0 la F1 par exemple, les courses sont beaucoup plus serr\u00e9es avec le vainqueur plus difficile \u00e0 pr\u00e9dire. Cela permet d&rsquo;avoir de meilleures cotes et de meilleures chances de gagner gros en pariant sur le MotoGP. Il en va de m\u00eame pour les paris antepost<\/p>\n<h3>qui s&rsquo;\u00e9tendent sur toute la saison MotoGP<\/h3>\n<p>avec les titres pilotes et constructeurs \u00e0 gagner entre plusieurs \u00e9quipes. ajoutant \u00e0 l&rsquo;excitation ainsi que la possibilit\u00e9 de trouver un gagnant \u00e0 un prix plus \u00e9lev\u00e9.<\/p>\n<h3>Paris en ligne sur les courses Bookmakers<\/h3>\n<p>Alors que le MotoGP existe depuis longtemps et a toujours eu un grand culte, il n&rsquo;est pas tout \u00e0 fait devenu aussi populaire que d&rsquo;autres sports tels que la F1. Cela change, cependant, et avec des bookmakers couvrant de plus en plus de sports et d&rsquo;\u00e9v\u00e9nements d&rsquo;ann\u00e9e en ann\u00e9e, il est plus facile que jamais de parier sur le MotoGP.<\/p>\n<h3>La plupart des principaux bookmakers proposent d\u00e9sormais des cotes<\/h3>\n<p>\u00e0 la fois sur les march\u00e9s antepost et sur les courses individuelles avec une vari\u00e9t\u00e9 de march\u00e9s disponibles \u00e0 chaque manche du calendrier MotoGP. Nous vous avons aid\u00e9 en classant les bookmakers MotoGP, alors utilisez le tableau ci-dessus pour obtenir des cotes et des offres exceptionnelles pour chaque course MotoGP.<\/p>\n<h3>Paris en ligne Live Racing<\/h3>\n<p>Le MotoGP est l&rsquo;un des sports motoris\u00e9s les plus excitants du moment avec des courses de motos \u00e0 grande vitesse toujours exaltantes, avec de nombreux d\u00e9passements risqu\u00e9s et des courses tr\u00e8s comp\u00e9titives. Les paris sur le MotoGP gagnent en popularit\u00e9 alors que le sport touche un tout nouveau public<\/p>\n<h3>avec de nombreux fans passant de<\/h3>\n<p>Formule 1 pour trouver un support de course beaucoup plus int\u00e9ressant avec plus de chances de gagner beaucoup d&rsquo;argent lors des paris en raison de la nature plus impr\u00e9visible du sport. Cela permet une excellente visualisation et un sport fantastique pour les paris. Assurez-vous d&rsquo;utiliser d&rsquo;excellents bookmakers MotoGP et d&rsquo;obtenir des offres et des promotions incroyables en utilisant freebetbest.com.<\/p>\n<h3>Cotes folles am\u00e9lior\u00e9es<\/h3>\n<p>Pour cet \u00e9norme \u00e0 l&rsquo;\u00e9chelle nationale, certaines soci\u00e9t\u00e9s de paris. En ouvrant un nouveau compte bancaire pour n&rsquo;importe qui. Fournir des informations sur les plus recherch\u00e9s. Ou un grand nombre des joggeurs les plus c\u00e9l\u00e8bres. Augmentez les chances d&rsquo;attirer de nouveaux clients.<\/p>\n<p>Ce type de citation. Apporte g\u00e9n\u00e9ralement un risque maximum assez faible. G\u00e9n\u00e9ralement entre 1 et 5 livres. .Si le cheval y pense. R\u00e9ussir finalement dans la comp\u00e9tition, votre revenu sera souvent bas\u00e9 sur cela. Le co\u00fbt de d\u00e9part des chevaux est compens\u00e9 en esp\u00e8ces, ce qui est totalement gratuit.<a href=\"https:\/\/www.freebetsinfo.co.uk\/asia-bookmakers\/\"> Pari<\/a> paie des cotes plus \u00e9lev\u00e9es et obtient ainsi plus de bonus.<\/p>\n<h3>R\u00e9sum\u00e9 des paris en ligne sur les courses<\/h3>\n<p>Certains sites de courses hippiques en proposent. Pari enti\u00e8rement gratuit. Ils vous laissent choisir un cheval. Si vous continuez \u00e0 gagner un revenu, vous pouvez certainement obtenir un remboursement.<\/p>\n<p>Habituellement, votre option gratuite. Les fonds seront rembours\u00e9s selon vos besoins, vous pouvez retirer ou parier \u00e0 nouveau, mais parfois cela fonctionnera. Les paris gratuits que vous ne pouvez pas retirer seront rembours\u00e9s. Assurez-vous de revoir les termes et conditions pour vraiment r\u00e9pondre \u00e0 vos attentes.<\/p>\n<h3>Offrir aux consommateurs actuels des remises fantastiques sur les diffusions nationales<\/h3>\n<p>Presque tous les produits sont enti\u00e8rement ax\u00e9s sur les nouvelles affaires. M\u00eame ainsi, les bookmakers sont \u00e9galement des clients qui cr\u00e9ent des paris \u00e0 sens unique. Mettre en place des conditions de site inhabituelles.<\/p>\n<p><a href=\"https:\/\/www.freebetsinfo.co.uk\"><span style=\"vertical-align: inherit;\">En conclusion,<\/span><\/a><a href=\"https:\/\/www.freebetsinfo.co.uk\"><span style=\"vertical-align: inherit;\"> Ne convient pas, consultez le site de notre partenaire<\/span><\/a><\/p>\n<\/div>\n<\/div>\n","protected":false},"excerpt":{"rendered":"<p>Des paris en ligne comp\u00e9titifs et passionnants sur les derni\u00e8res courses, avec de nombreux d\u00e9passements et des courses palpitantes apportant une grande excitation au monde du sport automobile. Consultez nos \u00e9valuations, commentaires et informations bonus et trouver le bon bookmaker pour vous.<\/p>\n<div class=\"hero-cup-section\">\n<div class=\"row mb-4\">\n<div class=\"col-md-7\">\n<div class=\"section-area\">\n<div class=\"section-list\">\n<li style=\"text-align: left\"><img decoding=\"async\" src=\"https:\/\/www.freebetbest.com\/wp-content\/uploads\/2021\/06\/tick.png\" alt=\"Des sports\"> Bonus de bienvenue du casino sportif.<\/li>\n<li style=\"text-align: left\"><img decoding=\"async\" src=\"https:\/\/www.freebetbest.com\/wp-content\/uploads\/2021\/06\/tick.png\" alt=\"offres de jeux\"> Offres et promotions de bookmakers en ligne.<\/li>\n<li style=\"text-align: left\"><img decoding=\"async\" src=\"https:\/\/www.freebetbest.com\/wp-content\/uploads\/2021\/06\/tick.png\" alt=\"offres de jeux\"> Les meilleurs bookmakers en ligne auxquels vous pouvez faire confiance.<\/li>\n<li style=\"text-align: left\"><img decoding=\"async\" src=\"https:\/\/www.freebetbest.com\/wp-content\/uploads\/2021\/06\/tick.png\" alt=\"Faisant autorit\u00e9\"> Examen faisant autorit\u00e9 S\u00fbr fiable.<\/li>\n<li style=\"text-align: left\"><img decoding=\"async\" src=\"https:\/\/www.freebetbest.com\/wp-content\/uploads\/2021\/06\/tick.png\" alt=\"Retraits rapides\"> Prise en charge de l&rsquo;application mobile, retraits rapides.<\/li>\n<li style=\"text-align: left\"><img decoding=\"async\" src=\"https:\/\/www.freebetbest.com\/wp-content\/uploads\/2021\/06\/tick.png\" alt=\"Service client\"> Support client : 365 jours, 24 heures par jour.<\/li>\n<\/div>\n<\/div>\n<\/div>\n<div class=\"col-md-5\">\n<div class=\"cup-img\"><img decoding=\"async\" src=\"https:\/\/www.freebetbest.com\/wp-content\/uploads\/2021\/06\/Racing-1.png\" alt=\"Courses\"><\/div>\n<\/div>\n<\/div>\n","protected":false},"author":1,"featured_media":5088,"parent":0,"menu_order":0,"comment_status":"closed","ping_status":"closed","template":"Sports-template.php","meta":{"footnotes":""},"class_list":["post-5087","page","type-page","status-publish","has-post-thumbnail","hentry"],"yoast_head":"<!-- This site is optimized with the Yoast SEO Premium plugin v19.5 (Yoast SEO v27.0) - https:\/\/yoast.com\/product\/yoast-seo-premium-wordpress\/ -->\n<title>Derniers paris en ligne Racing , Promotion de premier d\u00e9p\u00f4t<\/title>\n<meta name=\"description\" content=\"Derniers paris en ligne Racing Meilleurs bookmakers en ligne, casinos, poker, bingo et paris mobiles, casinos en ligne, paris sur le football.\" \/>\n<meta name=\"robots\" content=\"index, follow, max-snippet:-1, max-image-preview:large, max-video-preview:-1\" \/>\n<link rel=\"canonical\" href=\"https:\/\/www.freebetbest.com\/fr\/dernieres-courses-paris-en-ligne\/\" \/>\n<meta property=\"og:locale\" content=\"fr_FR\" \/>\n<meta property=\"og:type\" content=\"article\" \/>\n<meta property=\"og:title\" content=\"Derniers paris en ligne Racing\" \/>\n<meta property=\"og:description\" content=\"Derniers paris en ligne Racing Meilleurs bookmakers en ligne, casinos, poker, bingo et paris mobiles, casinos en ligne, paris sur le football.\" \/>\n<meta property=\"og:url\" content=\"https:\/\/www.freebetbest.com\/fr\/dernieres-courses-paris-en-ligne\/\" \/>\n<meta property=\"og:site_name\" content=\"Meilleurs casinos en ligne | Bonus Paris sportifs | Meilleurs bookmakers en ligne\" \/>\n<meta property=\"article:modified_time\" content=\"2021-08-16T07:32:30+00:00\" \/>\n<meta property=\"og:image\" content=\"https:\/\/www.freebetbest.com\/wp-content\/uploads\/2019\/07\/title-banner-major-event-motogp.jpg\" \/>\n\t<meta property=\"og:image:width\" content=\"500\" \/>\n\t<meta property=\"og:image:height\" content=\"156\" \/>\n\t<meta property=\"og:image:type\" content=\"image\/jpeg\" \/>\n<meta name=\"twitter:card\" content=\"summary_large_image\" \/>\n<meta name=\"twitter:label1\" content=\"Dur\u00e9e de lecture estim\u00e9e\" \/>\n\t<meta name=\"twitter:data1\" content=\"3 minutes\" \/>\n<script type=\"application\/ld+json\" class=\"yoast-schema-graph\">{\"@context\":\"https:\/\/schema.org\",\"@graph\":[{\"@type\":\"WebPage\",\"@id\":\"https:\/\/www.freebetbest.com\/fr\/dernieres-courses-paris-en-ligne\/\",\"url\":\"https:\/\/www.freebetbest.com\/fr\/dernieres-courses-paris-en-ligne\/\",\"name\":\"Derniers paris en ligne Racing , Promotion de premier d\u00e9p\u00f4t\",\"isPartOf\":{\"@id\":\"https:\/\/www.freebetbest.com\/fr\/#website\"},\"primaryImageOfPage\":{\"@id\":\"https:\/\/www.freebetbest.com\/fr\/dernieres-courses-paris-en-ligne\/#primaryimage\"},\"image\":{\"@id\":\"https:\/\/www.freebetbest.com\/fr\/dernieres-courses-paris-en-ligne\/#primaryimage\"},\"thumbnailUrl\":\"https:\/\/www.freebetbest.com\/wp-content\/uploads\/2019\/07\/title-banner-major-event-motogp.jpg\",\"datePublished\":\"2019-07-15T09:02:03+00:00\",\"dateModified\":\"2021-08-16T07:32:30+00:00\",\"description\":\"Derniers paris en ligne Racing Meilleurs bookmakers en ligne, casinos, poker, bingo et paris mobiles, casinos en ligne, paris sur le football.\",\"breadcrumb\":{\"@id\":\"https:\/\/www.freebetbest.com\/fr\/dernieres-courses-paris-en-ligne\/#breadcrumb\"},\"inLanguage\":\"fr-FR\",\"potentialAction\":[{\"@type\":\"ReadAction\",\"target\":[\"https:\/\/www.freebetbest.com\/fr\/dernieres-courses-paris-en-ligne\/\"]}]},{\"@type\":\"ImageObject\",\"inLanguage\":\"fr-FR\",\"@id\":\"https:\/\/www.freebetbest.com\/fr\/dernieres-courses-paris-en-ligne\/#primaryimage\",\"url\":\"https:\/\/www.freebetbest.com\/wp-content\/uploads\/2019\/07\/title-banner-major-event-motogp.jpg\",\"contentUrl\":\"https:\/\/www.freebetbest.com\/wp-content\/uploads\/2019\/07\/title-banner-major-event-motogp.jpg\",\"width\":500,\"height\":156,\"caption\":\"Ench\u00e8res en ligne de course\"},{\"@type\":\"BreadcrumbList\",\"@id\":\"https:\/\/www.freebetbest.com\/fr\/dernieres-courses-paris-en-ligne\/#breadcrumb\",\"itemListElement\":[{\"@type\":\"ListItem\",\"position\":1,\"name\":\"Home\",\"item\":\"https:\/\/www.freebetbest.com\/fr\/\"},{\"@type\":\"ListItem\",\"position\":2,\"name\":\"Derniers paris en ligne Racing\"}]},{\"@type\":\"WebSite\",\"@id\":\"https:\/\/www.freebetbest.com\/fr\/#website\",\"url\":\"https:\/\/www.freebetbest.com\/fr\/\",\"name\":\"Meilleurs casinos en ligne | Bonus Paris sportifs | Meilleurs bookmakers en ligne\",\"description\":\"Meilleurs bookmakers en ligne, casinos, poker, bingo et paris sur mobiles, casinos en ligne, paris sur le football, codes promotionnels sans d\u00e9p\u00f4t, premier portail mondial des jeux d'argent.\",\"publisher\":{\"@id\":\"https:\/\/www.freebetbest.com\/fr\/#\/schema\/person\/292684ccf388a2362d507874c5b80a69\"},\"potentialAction\":[{\"@type\":\"SearchAction\",\"target\":{\"@type\":\"EntryPoint\",\"urlTemplate\":\"https:\/\/www.freebetbest.com\/fr\/?s={search_term_string}\"},\"query-input\":{\"@type\":\"PropertyValueSpecification\",\"valueRequired\":true,\"valueName\":\"search_term_string\"}}],\"inLanguage\":\"fr-FR\"},{\"@type\":[\"Person\",\"Organization\"],\"@id\":\"https:\/\/www.freebetbest.com\/fr\/#\/schema\/person\/292684ccf388a2362d507874c5b80a69\",\"name\":\"\u7ba1\u7406\",\"image\":{\"@type\":\"ImageObject\",\"inLanguage\":\"fr-FR\",\"@id\":\"https:\/\/www.freebetbest.com\/fr\/#\/schema\/person\/image\/\",\"url\":\"https:\/\/www.freebetbest.com\/wp-content\/litespeed\/avatar\/49696b52fb15293a2168c14964fdd8b9.jpg?ver=1777439934\",\"contentUrl\":\"https:\/\/www.freebetbest.com\/wp-content\/litespeed\/avatar\/49696b52fb15293a2168c14964fdd8b9.jpg?ver=1777439934\",\"caption\":\"\u7ba1\u7406\"},\"logo\":{\"@id\":\"https:\/\/www.freebetbest.com\/fr\/#\/schema\/person\/image\/\"},\"sameAs\":[\"admin\"]}]}<\/script>\n<!-- \/ Yoast SEO Premium plugin. -->","yoast_head_json":{"title":"Derniers paris en ligne Racing , Promotion de premier d\u00e9p\u00f4t","description":"Derniers paris en ligne Racing Meilleurs bookmakers en ligne, casinos, poker, bingo et paris mobiles, casinos en ligne, paris sur le football.","robots":{"index":"index","follow":"follow","max-snippet":"max-snippet:-1","max-image-preview":"max-image-preview:large","max-video-preview":"max-video-preview:-1"},"canonical":"https:\/\/www.freebetbest.com\/fr\/dernieres-courses-paris-en-ligne\/","og_locale":"fr_FR","og_type":"article","og_title":"Derniers paris en ligne Racing","og_description":"Derniers paris en ligne Racing Meilleurs bookmakers en ligne, casinos, poker, bingo et paris mobiles, casinos en ligne, paris sur le football.","og_url":"https:\/\/www.freebetbest.com\/fr\/dernieres-courses-paris-en-ligne\/","og_site_name":"Meilleurs casinos en ligne | Bonus Paris sportifs | Meilleurs bookmakers en ligne","article_modified_time":"2021-08-16T07:32:30+00:00","og_image":[{"width":500,"height":156,"url":"https:\/\/www.freebetbest.com\/wp-content\/uploads\/2019\/07\/title-banner-major-event-motogp.jpg","type":"image\/jpeg"}],"twitter_card":"summary_large_image","twitter_misc":{"Dur\u00e9e de lecture estim\u00e9e":"3 minutes"},"schema":{"@context":"https:\/\/schema.org","@graph":[{"@type":"WebPage","@id":"https:\/\/www.freebetbest.com\/fr\/dernieres-courses-paris-en-ligne\/","url":"https:\/\/www.freebetbest.com\/fr\/dernieres-courses-paris-en-ligne\/","name":"Derniers paris en ligne Racing , Promotion de premier d\u00e9p\u00f4t","isPartOf":{"@id":"https:\/\/www.freebetbest.com\/fr\/#website"},"primaryImageOfPage":{"@id":"https:\/\/www.freebetbest.com\/fr\/dernieres-courses-paris-en-ligne\/#primaryimage"},"image":{"@id":"https:\/\/www.freebetbest.com\/fr\/dernieres-courses-paris-en-ligne\/#primaryimage"},"thumbnailUrl":"https:\/\/www.freebetbest.com\/wp-content\/uploads\/2019\/07\/title-banner-major-event-motogp.jpg","datePublished":"2019-07-15T09:02:03+00:00","dateModified":"2021-08-16T07:32:30+00:00","description":"Derniers paris en ligne Racing Meilleurs bookmakers en ligne, casinos, poker, bingo et paris mobiles, casinos en ligne, paris sur le football.","breadcrumb":{"@id":"https:\/\/www.freebetbest.com\/fr\/dernieres-courses-paris-en-ligne\/#breadcrumb"},"inLanguage":"fr-FR","potentialAction":[{"@type":"ReadAction","target":["https:\/\/www.freebetbest.com\/fr\/dernieres-courses-paris-en-ligne\/"]}]},{"@type":"ImageObject","inLanguage":"fr-FR","@id":"https:\/\/www.freebetbest.com\/fr\/dernieres-courses-paris-en-ligne\/#primaryimage","url":"https:\/\/www.freebetbest.com\/wp-content\/uploads\/2019\/07\/title-banner-major-event-motogp.jpg","contentUrl":"https:\/\/www.freebetbest.com\/wp-content\/uploads\/2019\/07\/title-banner-major-event-motogp.jpg","width":500,"height":156,"caption":"Ench\u00e8res en ligne de course"},{"@type":"BreadcrumbList","@id":"https:\/\/www.freebetbest.com\/fr\/dernieres-courses-paris-en-ligne\/#breadcrumb","itemListElement":[{"@type":"ListItem","position":1,"name":"Home","item":"https:\/\/www.freebetbest.com\/fr\/"},{"@type":"ListItem","position":2,"name":"Derniers paris en ligne Racing"}]},{"@type":"WebSite","@id":"https:\/\/www.freebetbest.com\/fr\/#website","url":"https:\/\/www.freebetbest.com\/fr\/","name":"Meilleurs casinos en ligne | Bonus Paris sportifs | Meilleurs bookmakers en ligne","description":"Meilleurs bookmakers en ligne, casinos, poker, bingo et paris sur mobiles, casinos en ligne, paris sur le football, codes promotionnels sans d\u00e9p\u00f4t, premier portail mondial des jeux d'argent.","publisher":{"@id":"https:\/\/www.freebetbest.com\/fr\/#\/schema\/person\/292684ccf388a2362d507874c5b80a69"},"potentialAction":[{"@type":"SearchAction","target":{"@type":"EntryPoint","urlTemplate":"https:\/\/www.freebetbest.com\/fr\/?s={search_term_string}"},"query-input":{"@type":"PropertyValueSpecification","valueRequired":true,"valueName":"search_term_string"}}],"inLanguage":"fr-FR"},{"@type":["Person","Organization"],"@id":"https:\/\/www.freebetbest.com\/fr\/#\/schema\/person\/292684ccf388a2362d507874c5b80a69","name":"\u7ba1\u7406","image":{"@type":"ImageObject","inLanguage":"fr-FR","@id":"https:\/\/www.freebetbest.com\/fr\/#\/schema\/person\/image\/","url":"https:\/\/www.freebetbest.com\/wp-content\/litespeed\/avatar\/49696b52fb15293a2168c14964fdd8b9.jpg?ver=1777439934","contentUrl":"https:\/\/www.freebetbest.com\/wp-content\/litespeed\/avatar\/49696b52fb15293a2168c14964fdd8b9.jpg?ver=1777439934","caption":"\u7ba1\u7406"},"logo":{"@id":"https:\/\/www.freebetbest.com\/fr\/#\/schema\/person\/image\/"},"sameAs":["admin"]}]}},"_links":{"self":[{"href":"https:\/\/www.freebetbest.com\/fr\/wp-json\/wp\/v2\/pages\/5087","targetHints":{"allow":["GET"]}}],"collection":[{"href":"https:\/\/www.freebetbest.com\/fr\/wp-json\/wp\/v2\/pages"}],"about":[{"href":"https:\/\/www.freebetbest.com\/fr\/wp-json\/wp\/v2\/types\/page"}],"author":[{"embeddable":true,"href":"https:\/\/www.freebetbest.com\/fr\/wp-json\/wp\/v2\/users\/1"}],"replies":[{"embeddable":true,"href":"https:\/\/www.freebetbest.com\/fr\/wp-json\/wp\/v2\/comments?post=5087"}],"version-history":[{"count":0,"href":"https:\/\/www.freebetbest.com\/fr\/wp-json\/wp\/v2\/pages\/5087\/revisions"}],"wp:featuredmedia":[{"embeddable":true,"href":"https:\/\/www.freebetbest.com\/fr\/wp-json\/wp\/v2\/media\/5088"}],"wp:attachment":[{"href":"https:\/\/www.freebetbest.com\/fr\/wp-json\/wp\/v2\/media?parent=5087"}],"curies":[{"name":"wp","href":"https:\/\/api.w.org\/{rel}","templated":true}]}}