{"id":5084,"date":"2019-07-18T06:44:12","date_gmt":"2019-07-18T06:44:12","guid":{"rendered":"https:\/\/www.freebetbest.com\/poker-paris-en-ligne\/"},"modified":"2021-08-16T15:11:48","modified_gmt":"2021-08-16T15:11:48","slug":"dernier-bonus-de-paris-de-poker","status":"publish","type":"page","link":"https:\/\/www.freebetbest.com\/fr\/dernier-bonus-de-paris-de-poker\/","title":{"rendered":"Dernier bonus de paris de poker"},"content":{"rendered":"\n<div class=\"text-area__container\">\n<div class=\"text-area__content\">\n<h2>Paris sur le poker en ligne<\/h2>\nSi vous n&rsquo;\u00e9tudiez pas l&rsquo;importance des enjeux, vous ne pouvez pas repartir de z\u00e9ro. Bien comprendre le poker<a href=\"https:\/\/www.freebetsinfo.co.uk\/asia-bookmakers\/\"> Paris en ligne<\/a> . Supposons que vous aimiez le poker. A la table-7 adversaires. Vous restez devant AK, vous d\u00e9cidez de promouvoir.\n\nParis sur le poker en ligne Vous avez un souci : \u00ab Combien a-t-il exp\u00e9di\u00e9 ? Joueurs inexp\u00e9riment\u00e9s. Souvent, la mauvaise taille de pari est cr\u00e9\u00e9e. Ou continuez \u00e0 le changer. Ce comportement peut prendre fin s\u00e9v\u00e8rement.\n\nQuelle est l&rsquo;importance de l&rsquo;enjeu. Par cons\u00e9quent, la taille des options. Cela d\u00e9pend de ce que nous fixons. L&rsquo;explication du pari doit \u00eatre comprise, non fortuite. Lorsque vous choisissez de placer un pari, la chose la plus importante \u00e0 laquelle vous devez faire attention est. La taille de l&rsquo;institution financi\u00e8re.\n<h2>La taille de votre pari d\u00e9pend de la taille du pr\u00eateur<\/h2>\nBien s\u00fbr, si la banque est \u00e0 10 dollars, alors la mise est \u00e9gale \u00e0 1 dollar. Dans ce cas, peu importe \u00e0 quel point ses doigts sont mauvais, votre challenger r\u00e9agira contre vous. Ou faites un acompte de 50 $ \u00e0 l&rsquo;institution bancaire, ou 1 $, en somme. C&rsquo;est extr\u00eamement inappropri\u00e9.\n<h3>Poker<a href=\"https:\/\/www.freebetbest.com\/fr\/sites-de-paris\/\"> Paris en ligne<\/a> Formulaire de pari de poker en ligne Valeur du pari<\/h3>\nSupposons que nous ayons une main tr\u00e8s forte et que nous voulions l&rsquo;obtenir de votre concurrent. Obtenez autant de jetons que possible. Bref. En utilisant des combinaisons gagnantes, nous ne voulons pas de nos adversaires.\n\nPlus de crumble que notre carte de cr\u00e9dit. Par cons\u00e9quent, les gros investissements ne sont pas rentables. Nous ne comprenons souvent pas. Mais ce n&rsquo;est pas assez de choix. Dans cet article, nous avons besoin d&rsquo;une \u00ab\u00a0voie modeste\u00a0\u00bb. O\u00f9 est-elle?\n<h3>\u00e7a d\u00e9pend de l&rsquo;adversaire<\/h3>\nQu&rsquo;il soit un joueur combatif, bien s\u00fbr, il parie sur la route et ainsi de suite. Coh\u00e9rence de la r\u00e9ponse. De plus, vous devez \u00e9galement assumer votre adversaire. Quel type de carte de v\u0153ux pourrait-il avoir et r\u00e9fl\u00e9chissez \u00e0 quelle carte de cr\u00e9dit il r\u00e9pondra. Et la partie o\u00f9 il va s&rsquo;effondrer.\n\nMais vous devez toujours vous rappeler que si nous laissons notre adversaire voir la prochaine voie \u00e0 moindre co\u00fbt, alors sa main deviendra plus forte. La dimension de pari la plus courante est de 1\/2 \u00e0 2\/3 de la taille du conteneur.\n<h3>Hypoth\u00e8se MSS sur la s\u00e9curit\u00e9 des paris sur le poker en ligne<\/h3>\nPar exemple, lorsque nous misons 1\/3 du pot, l&rsquo;adversaire paie une cote de conteneur rentable. Choisir notre pari est g\u00e9n\u00e9ralement bon. Bref. Si vous pensez que votre challenger a une \u00e9galit\u00e9, alors vous devez le pousser \u00e0 s&rsquo;effondrer, sinon cela co\u00fbte en fait cher et ne retardera pas son pull.\n\nLes paris de bluff. Si vous n&rsquo;avez pas de cartes mixtes. Et vous voulez bluffer, alors vous devez comprendre votre main sp\u00e9cifique. Il n&rsquo;y a pas de privil\u00e8ges \u00e0 l&rsquo;abattage, vous devez donc \u00eatre pr\u00e9sent avant le tirage. Forcer l&rsquo;adversaire \u00e0 se coucher. Bref. Dans ce cas, le co\u00fbt excessif est tr\u00e8s important.\n\nVous pouvez transmettre de la part de l&rsquo;institution financi\u00e8re. Placer un pari pour forcer l&rsquo;adversaire \u00e0 perdre un gros pari, et vice versa, ce qui veut dire qu&rsquo;on esp\u00e8re. Obtenez une paume puissante de l&rsquo;adversaire. G\u00e9n\u00e9ralement besoin de savoir. Bref. Quel challenger est assis devant nous. Dites-lui vos pas \u00e0 l&rsquo;avance. Et comprendre votre \u00e9tat sur la table.\n<\/div>\n<\/div>\n","protected":false},"excerpt":{"rendered":"<p>Vous obtiendrez certainement un tourbillon quotidien totalement gratuit dans ce jeu vid\u00e9o particulier! , paris sur les activit\u00e9s sportives&#8230; participez \u00e0 une multitude de lots en faisant tourner notre roulette de poker !<\/p>\n<div class=\"hero-cup-section\">\n<div class=\"row mb-4\">\n<div class=\"col-md-7\">\n<div class=\"section-area\">\n<div class=\"section-list\">\n<li style=\"text-align: left\"><img decoding=\"async\" src=\"https:\/\/www.freebetbest.com\/wp-content\/uploads\/2021\/06\/tick.png\" alt=\"Des sports\"> Bonus de bienvenue du casino sportif.<\/li>\n<li style=\"text-align: left\"><img decoding=\"async\" src=\"https:\/\/www.freebetbest.com\/wp-content\/uploads\/2021\/06\/tick.png\" alt=\"offres de jeux\"> Offres et promotions de bookmakers en ligne.<\/li>\n<li style=\"text-align: left\"><img decoding=\"async\" src=\"https:\/\/www.freebetbest.com\/wp-content\/uploads\/2021\/06\/tick.png\" alt=\"offres de jeux\"> Les meilleurs bookmakers en ligne auxquels vous pouvez faire confiance.<\/li>\n<li style=\"text-align: left\"><img decoding=\"async\" src=\"https:\/\/www.freebetbest.com\/wp-content\/uploads\/2021\/06\/tick.png\" alt=\"Faisant autorit\u00e9\"> Examen faisant autorit\u00e9 S\u00fbr fiable.<\/li>\n<li style=\"text-align: left\"><img decoding=\"async\" src=\"https:\/\/www.freebetbest.com\/wp-content\/uploads\/2021\/06\/tick.png\" alt=\"Retraits rapides\"> Prise en charge de l&rsquo;application mobile, retraits rapides.<\/li>\n<li style=\"text-align: left\"><img decoding=\"async\" src=\"https:\/\/www.freebetbest.com\/wp-content\/uploads\/2021\/06\/tick.png\" alt=\"Service client\"> Support client : 365 jours, 24 heures par jour.<\/li>\n<\/div>\n<\/div>\n<\/div>\n<div class=\"col-md-5\">\n<div class=\"cup-img\"><img decoding=\"async\" src=\"https:\/\/www.freebetbest.com\/wp-content\/uploads\/2021\/06\/poker1.png\" alt=\"poker\"><\/div>\n<\/div>\n<\/div>\n","protected":false},"author":1,"featured_media":5085,"parent":0,"menu_order":0,"comment_status":"open","ping_status":"closed","template":"poker-template.php","meta":{"footnotes":""},"class_list":["post-5084","page","type-page","status-publish","has-post-thumbnail","hentry"],"yoast_head":"<!-- This site is optimized with the Yoast SEO Premium plugin v19.5 (Yoast SEO v27.0) - https:\/\/yoast.com\/product\/yoast-seo-premium-wordpress\/ -->\n<title>Dernier bonus de paris de poker , Pari gratuit Bonus sans d\u00e9p\u00f4t.<\/title>\n<meta name=\"description\" content=\"Dernier bonus de paris de poker , Meilleurs bookmakers pari gratuit Bonus sans d\u00e9p\u00f4t, bienvenue code bonus de premier d\u00e9p\u00f4t, code bonus d&#039;inscription.\" \/>\n<meta name=\"robots\" content=\"index, follow, max-snippet:-1, max-image-preview:large, max-video-preview:-1\" \/>\n<link rel=\"canonical\" href=\"https:\/\/www.freebetbest.com\/fr\/dernier-bonus-de-paris-de-poker\/\" \/>\n<meta property=\"og:locale\" content=\"fr_FR\" \/>\n<meta property=\"og:type\" content=\"article\" \/>\n<meta property=\"og:title\" content=\"Dernier bonus de paris de poker\" \/>\n<meta property=\"og:description\" content=\"Dernier bonus de paris de poker , Meilleurs bookmakers pari gratuit Bonus sans d\u00e9p\u00f4t, bienvenue code bonus de premier d\u00e9p\u00f4t, code bonus d&#039;inscription.\" \/>\n<meta property=\"og:url\" content=\"https:\/\/www.freebetbest.com\/fr\/dernier-bonus-de-paris-de-poker\/\" \/>\n<meta property=\"og:site_name\" content=\"Meilleurs casinos en ligne | Bonus Paris sportifs | Meilleurs bookmakers en ligne\" \/>\n<meta property=\"article:modified_time\" content=\"2021-08-16T15:11:48+00:00\" \/>\n<meta property=\"og:image\" content=\"https:\/\/www.freebetbest.com\/wp-content\/uploads\/2019\/07\/1_285_ys.jpg\" \/>\n\t<meta property=\"og:image:width\" content=\"310\" \/>\n\t<meta property=\"og:image:height\" content=\"171\" \/>\n\t<meta property=\"og:image:type\" content=\"image\/jpeg\" \/>\n<meta name=\"twitter:card\" content=\"summary_large_image\" \/>\n<meta name=\"twitter:label1\" content=\"Dur\u00e9e de lecture estim\u00e9e\" \/>\n\t<meta name=\"twitter:data1\" content=\"3 minutes\" \/>\n<script type=\"application\/ld+json\" class=\"yoast-schema-graph\">{\"@context\":\"https:\/\/schema.org\",\"@graph\":[{\"@type\":\"WebPage\",\"@id\":\"https:\/\/www.freebetbest.com\/fr\/dernier-bonus-de-paris-de-poker\/\",\"url\":\"https:\/\/www.freebetbest.com\/fr\/dernier-bonus-de-paris-de-poker\/\",\"name\":\"Dernier bonus de paris de poker , Pari gratuit Bonus sans d\u00e9p\u00f4t.\",\"isPartOf\":{\"@id\":\"https:\/\/www.freebetbest.com\/fr\/#website\"},\"primaryImageOfPage\":{\"@id\":\"https:\/\/www.freebetbest.com\/fr\/dernier-bonus-de-paris-de-poker\/#primaryimage\"},\"image\":{\"@id\":\"https:\/\/www.freebetbest.com\/fr\/dernier-bonus-de-paris-de-poker\/#primaryimage\"},\"thumbnailUrl\":\"https:\/\/www.freebetbest.com\/wp-content\/uploads\/2019\/07\/1_285_ys.jpg\",\"datePublished\":\"2019-07-18T06:44:12+00:00\",\"dateModified\":\"2021-08-16T15:11:48+00:00\",\"description\":\"Dernier bonus de paris de poker , Meilleurs bookmakers pari gratuit Bonus sans d\u00e9p\u00f4t, bienvenue code bonus de premier d\u00e9p\u00f4t, code bonus d'inscription.\",\"breadcrumb\":{\"@id\":\"https:\/\/www.freebetbest.com\/fr\/dernier-bonus-de-paris-de-poker\/#breadcrumb\"},\"inLanguage\":\"fr-FR\",\"potentialAction\":[{\"@type\":\"ReadAction\",\"target\":[\"https:\/\/www.freebetbest.com\/fr\/dernier-bonus-de-paris-de-poker\/\"]}]},{\"@type\":\"ImageObject\",\"inLanguage\":\"fr-FR\",\"@id\":\"https:\/\/www.freebetbest.com\/fr\/dernier-bonus-de-paris-de-poker\/#primaryimage\",\"url\":\"https:\/\/www.freebetbest.com\/wp-content\/uploads\/2019\/07\/1_285_ys.jpg\",\"contentUrl\":\"https:\/\/www.freebetbest.com\/wp-content\/uploads\/2019\/07\/1_285_ys.jpg\",\"width\":310,\"height\":171,\"caption\":\"Poker Paris en ligne\"},{\"@type\":\"BreadcrumbList\",\"@id\":\"https:\/\/www.freebetbest.com\/fr\/dernier-bonus-de-paris-de-poker\/#breadcrumb\",\"itemListElement\":[{\"@type\":\"ListItem\",\"position\":1,\"name\":\"Home\",\"item\":\"https:\/\/www.freebetbest.com\/fr\/\"},{\"@type\":\"ListItem\",\"position\":2,\"name\":\"Dernier bonus de paris de poker\"}]},{\"@type\":\"WebSite\",\"@id\":\"https:\/\/www.freebetbest.com\/fr\/#website\",\"url\":\"https:\/\/www.freebetbest.com\/fr\/\",\"name\":\"Meilleurs casinos en ligne | Bonus Paris sportifs | Meilleurs bookmakers en ligne\",\"description\":\"Meilleurs bookmakers en ligne, casinos, poker, bingo et paris sur mobiles, casinos en ligne, paris sur le football, codes promotionnels sans d\u00e9p\u00f4t, premier portail mondial des jeux d'argent.\",\"publisher\":{\"@id\":\"https:\/\/www.freebetbest.com\/fr\/#\/schema\/person\/292684ccf388a2362d507874c5b80a69\"},\"potentialAction\":[{\"@type\":\"SearchAction\",\"target\":{\"@type\":\"EntryPoint\",\"urlTemplate\":\"https:\/\/www.freebetbest.com\/fr\/?s={search_term_string}\"},\"query-input\":{\"@type\":\"PropertyValueSpecification\",\"valueRequired\":true,\"valueName\":\"search_term_string\"}}],\"inLanguage\":\"fr-FR\"},{\"@type\":[\"Person\",\"Organization\"],\"@id\":\"https:\/\/www.freebetbest.com\/fr\/#\/schema\/person\/292684ccf388a2362d507874c5b80a69\",\"name\":\"\u7ba1\u7406\",\"image\":{\"@type\":\"ImageObject\",\"inLanguage\":\"fr-FR\",\"@id\":\"https:\/\/www.freebetbest.com\/fr\/#\/schema\/person\/image\/\",\"url\":\"https:\/\/www.freebetbest.com\/wp-content\/litespeed\/avatar\/49696b52fb15293a2168c14964fdd8b9.jpg?ver=1777439934\",\"contentUrl\":\"https:\/\/www.freebetbest.com\/wp-content\/litespeed\/avatar\/49696b52fb15293a2168c14964fdd8b9.jpg?ver=1777439934\",\"caption\":\"\u7ba1\u7406\"},\"logo\":{\"@id\":\"https:\/\/www.freebetbest.com\/fr\/#\/schema\/person\/image\/\"},\"sameAs\":[\"admin\"]}]}<\/script>\n<!-- \/ Yoast SEO Premium plugin. -->","yoast_head_json":{"title":"Dernier bonus de paris de poker , Pari gratuit Bonus sans d\u00e9p\u00f4t.","description":"Dernier bonus de paris de poker , Meilleurs bookmakers pari gratuit Bonus sans d\u00e9p\u00f4t, bienvenue code bonus de premier d\u00e9p\u00f4t, code bonus d'inscription.","robots":{"index":"index","follow":"follow","max-snippet":"max-snippet:-1","max-image-preview":"max-image-preview:large","max-video-preview":"max-video-preview:-1"},"canonical":"https:\/\/www.freebetbest.com\/fr\/dernier-bonus-de-paris-de-poker\/","og_locale":"fr_FR","og_type":"article","og_title":"Dernier bonus de paris de poker","og_description":"Dernier bonus de paris de poker , Meilleurs bookmakers pari gratuit Bonus sans d\u00e9p\u00f4t, bienvenue code bonus de premier d\u00e9p\u00f4t, code bonus d'inscription.","og_url":"https:\/\/www.freebetbest.com\/fr\/dernier-bonus-de-paris-de-poker\/","og_site_name":"Meilleurs casinos en ligne | Bonus Paris sportifs | Meilleurs bookmakers en ligne","article_modified_time":"2021-08-16T15:11:48+00:00","og_image":[{"width":310,"height":171,"url":"https:\/\/www.freebetbest.com\/wp-content\/uploads\/2019\/07\/1_285_ys.jpg","type":"image\/jpeg"}],"twitter_card":"summary_large_image","twitter_misc":{"Dur\u00e9e de lecture estim\u00e9e":"3 minutes"},"schema":{"@context":"https:\/\/schema.org","@graph":[{"@type":"WebPage","@id":"https:\/\/www.freebetbest.com\/fr\/dernier-bonus-de-paris-de-poker\/","url":"https:\/\/www.freebetbest.com\/fr\/dernier-bonus-de-paris-de-poker\/","name":"Dernier bonus de paris de poker , Pari gratuit Bonus sans d\u00e9p\u00f4t.","isPartOf":{"@id":"https:\/\/www.freebetbest.com\/fr\/#website"},"primaryImageOfPage":{"@id":"https:\/\/www.freebetbest.com\/fr\/dernier-bonus-de-paris-de-poker\/#primaryimage"},"image":{"@id":"https:\/\/www.freebetbest.com\/fr\/dernier-bonus-de-paris-de-poker\/#primaryimage"},"thumbnailUrl":"https:\/\/www.freebetbest.com\/wp-content\/uploads\/2019\/07\/1_285_ys.jpg","datePublished":"2019-07-18T06:44:12+00:00","dateModified":"2021-08-16T15:11:48+00:00","description":"Dernier bonus de paris de poker , Meilleurs bookmakers pari gratuit Bonus sans d\u00e9p\u00f4t, bienvenue code bonus de premier d\u00e9p\u00f4t, code bonus d'inscription.","breadcrumb":{"@id":"https:\/\/www.freebetbest.com\/fr\/dernier-bonus-de-paris-de-poker\/#breadcrumb"},"inLanguage":"fr-FR","potentialAction":[{"@type":"ReadAction","target":["https:\/\/www.freebetbest.com\/fr\/dernier-bonus-de-paris-de-poker\/"]}]},{"@type":"ImageObject","inLanguage":"fr-FR","@id":"https:\/\/www.freebetbest.com\/fr\/dernier-bonus-de-paris-de-poker\/#primaryimage","url":"https:\/\/www.freebetbest.com\/wp-content\/uploads\/2019\/07\/1_285_ys.jpg","contentUrl":"https:\/\/www.freebetbest.com\/wp-content\/uploads\/2019\/07\/1_285_ys.jpg","width":310,"height":171,"caption":"Poker Paris en ligne"},{"@type":"BreadcrumbList","@id":"https:\/\/www.freebetbest.com\/fr\/dernier-bonus-de-paris-de-poker\/#breadcrumb","itemListElement":[{"@type":"ListItem","position":1,"name":"Home","item":"https:\/\/www.freebetbest.com\/fr\/"},{"@type":"ListItem","position":2,"name":"Dernier bonus de paris de poker"}]},{"@type":"WebSite","@id":"https:\/\/www.freebetbest.com\/fr\/#website","url":"https:\/\/www.freebetbest.com\/fr\/","name":"Meilleurs casinos en ligne | Bonus Paris sportifs | Meilleurs bookmakers en ligne","description":"Meilleurs bookmakers en ligne, casinos, poker, bingo et paris sur mobiles, casinos en ligne, paris sur le football, codes promotionnels sans d\u00e9p\u00f4t, premier portail mondial des jeux d'argent.","publisher":{"@id":"https:\/\/www.freebetbest.com\/fr\/#\/schema\/person\/292684ccf388a2362d507874c5b80a69"},"potentialAction":[{"@type":"SearchAction","target":{"@type":"EntryPoint","urlTemplate":"https:\/\/www.freebetbest.com\/fr\/?s={search_term_string}"},"query-input":{"@type":"PropertyValueSpecification","valueRequired":true,"valueName":"search_term_string"}}],"inLanguage":"fr-FR"},{"@type":["Person","Organization"],"@id":"https:\/\/www.freebetbest.com\/fr\/#\/schema\/person\/292684ccf388a2362d507874c5b80a69","name":"\u7ba1\u7406","image":{"@type":"ImageObject","inLanguage":"fr-FR","@id":"https:\/\/www.freebetbest.com\/fr\/#\/schema\/person\/image\/","url":"https:\/\/www.freebetbest.com\/wp-content\/litespeed\/avatar\/49696b52fb15293a2168c14964fdd8b9.jpg?ver=1777439934","contentUrl":"https:\/\/www.freebetbest.com\/wp-content\/litespeed\/avatar\/49696b52fb15293a2168c14964fdd8b9.jpg?ver=1777439934","caption":"\u7ba1\u7406"},"logo":{"@id":"https:\/\/www.freebetbest.com\/fr\/#\/schema\/person\/image\/"},"sameAs":["admin"]}]}},"_links":{"self":[{"href":"https:\/\/www.freebetbest.com\/fr\/wp-json\/wp\/v2\/pages\/5084","targetHints":{"allow":["GET"]}}],"collection":[{"href":"https:\/\/www.freebetbest.com\/fr\/wp-json\/wp\/v2\/pages"}],"about":[{"href":"https:\/\/www.freebetbest.com\/fr\/wp-json\/wp\/v2\/types\/page"}],"author":[{"embeddable":true,"href":"https:\/\/www.freebetbest.com\/fr\/wp-json\/wp\/v2\/users\/1"}],"replies":[{"embeddable":true,"href":"https:\/\/www.freebetbest.com\/fr\/wp-json\/wp\/v2\/comments?post=5084"}],"version-history":[{"count":0,"href":"https:\/\/www.freebetbest.com\/fr\/wp-json\/wp\/v2\/pages\/5084\/revisions"}],"wp:featuredmedia":[{"embeddable":true,"href":"https:\/\/www.freebetbest.com\/fr\/wp-json\/wp\/v2\/media\/5085"}],"wp:attachment":[{"href":"https:\/\/www.freebetbest.com\/fr\/wp-json\/wp\/v2\/media?parent=5084"}],"curies":[{"name":"wp","href":"https:\/\/api.w.org\/{rel}","templated":true}]}}