{"id":130998,"date":"2021-06-10T15:06:56","date_gmt":"2021-06-10T15:06:56","guid":{"rendered":"https:\/\/www.freebetbest.com\/vietnam-bookmakers-bonus\/"},"modified":"2021-07-28T17:40:37","modified_gmt":"2021-07-28T17:40:37","slug":"vietnam-bookmakers-bonus","status":"publish","type":"page","link":"https:\/\/www.freebetbest.com\/fr\/vietnam-bookmakers-bonus\/","title":{"rendered":"Bonus des bookmakers vietnamiens"},"content":{"rendered":"<h2>Meilleur site de paris au Vietnam<\/h2>\nAvec une population de plus de 96 millions d&rsquo;habitants, le Vietnam est le troisi\u00e8me pays le plus peupl\u00e9 d&rsquo;Asie du Sud-Est et le neuvi\u00e8me pays le plus peupl\u00e9 d&rsquo;Asie. Naturellement, cela en fait un \u00e9norme march\u00e9 de paris. Le bonus des bookmakers vietnamiens peut \u00eatre r\u00e9clam\u00e9. Cependant, le fait est qu&rsquo;il est actuellement ill\u00e9gal d&rsquo;ouvrir des paris sportifs au Vietnam.\n\nCependant, cela ne signifie certainement pas que vous ne pouvez pas parier au niveau national. En fait, si vous vivez au Vietnam, il existe de nombreux sites de paris \u00e0 votre disposition. Certains d&rsquo;entre eux sont d&rsquo;autres du monde. Des marques locales bien connues, tandis que d&rsquo;autres sont des experts en ligne moins connus.\n\nDans cet article, vous d\u00e9couvrirez. Toutes les informations sur le Vi\u00eat Nam<a href=\"https:\/\/www.freebetbest.com\/football-online-betting\/\"> Bookmaker<\/a> Bonus. Nous \u00e9num\u00e9rerons vos options pr\u00e9f\u00e9r\u00e9es, vous aiderons \u00e0 choisir l&rsquo;option la plus appropri\u00e9e pour vous, expliquerons la situation juridique et traiterons d&rsquo;autres questions.\n<h3>Comment nous classons le Bonus des bookmakers vietnamiens<\/h3>\nAcceptez les excellents paris sportifs des clients vietnamiens et toutes les soci\u00e9t\u00e9s de paris seront accept\u00e9es. R\u00e9duit \u00e0 seulement 20 meilleurs choix. En conclusion, Vietnam Bookmakers Bonus SafetyC&rsquo;est un ensemble strict de r\u00e8gles et de normes. Ci-dessous, vous pouvez voir certaines des choses les plus importantes que nous recherchions.\n\nC&rsquo;est un probl\u00e8me majeur lors de l&rsquo;inscription d&rsquo;un nouveau bookmaker, mais lorsque l&rsquo;on consid\u00e8re une marque inconnue. L&rsquo;\u00e9valuation est particuli\u00e8rement importante. Nous avons d\u00e9j\u00e0 \u00e9valu\u00e9. Une liste de tous nos meilleurs sites de paris.\n\nEn particulier, nous avons recherch\u00e9 des \u00e9l\u00e9ments tels que le cryptage fort, l&rsquo;authentification \u00e0 deux facteurs et les contr\u00f4les Know Your Customer.\n<h3>S\u00e9lections du march\u00e9<\/h3>\nJoueurs de <a href=\"https:\/\/www.freebetsinfo.co.uk\/asia-bookmakers\/\">paris vietnamiens.<\/a> Int\u00e9ress\u00e9s par un large \u00e9ventail de sports, nous r\u00e9compensons un large \u00e9ventail de march\u00e9s. Choix des sites de paris. Nous avons \u00e9galement \u00e9tudi\u00e9 ces march\u00e9s, y compris le nombre de types de paris diff\u00e9rents, ainsi que diverses ligues et comp\u00e9titions. Prise en charge des paris sur la Ligue du Vietnam.\n<h3>Bonus des bookmakers vietnamiens mode de paiement<\/h3>\nNous voyons autant de m\u00e9thodes de paiement que possible chez les bookmakers pour couvrir autant de clients que possible. Retraits par carte de cr\u00e9dit et de d\u00e9bit, le meilleur site de paris sportifs. Il peut \u00e9galement prendre en charge les portefeuilles \u00e9lectroniques, les cartes pr\u00e9pay\u00e9es et les crypto-monnaies. Nous avons \u00e9galement v\u00e9rifi\u00e9 les d\u00e9p\u00f4ts et les retraits. Si la limite minimale est juste et \u00e9vite que les sites de paris facturent des frais de paiement.\n\nEncore une fois, les bookmakers qui soutiennent les parieurs vietnamiens en leur permettant d&rsquo;utiliser le VND ont \u00e9t\u00e9 r\u00e9compens\u00e9s.\n<h3>Meilleurs sites de paris en ligne Offres d&rsquo;inscription pour le Vietnam<\/h3>\nLes offres de bienvenue peuvent prendre diff\u00e9rentes formes. Au Royaume-Uni, par exemple, les offres \u00ab Pariez X, Obtenez Y \u00bb sont le type le plus courant, et les paris 100 % \u00ab sans risque \u00bb sont \u00e9galement populaires. Pour les parieurs vietnamiens cependant, il y a beaucoup moins de vari\u00e9t\u00e9.\n<h3>Quels sont exactement les bonus l\u00e9gaux des bookmakers vietnamiens?<\/h3>\nSites de paris au Vietnam. Pour les parieurs qui aiment jouer, il y a toujours un moyen. Vous pouvez toujours parier en ligne si vous jouez en ligne. Il n&rsquo;y a qu&rsquo;un seul rappel pour jouer en ligne, c&rsquo;est-\u00e0-dire avoir 18 ans ou plus.\n<h3>La meilleure fa\u00e7on de parier en ligne ?<\/h3>\nActuellement sur Internet. Jouer est tr\u00e8s fanatique. Tout ce dont tu as besoin c&rsquo;est. Ordinateur smartphone ou tablette avec connexion internet.\n\nIl existe 3 techniques pour commencer \u00e0 parier en ligne\n<ul>\n \t<li>1 : Inscrivez-vous et achetez sur le site.\n2 : D\u00e9p\u00f4t d&rsquo;esp\u00e8ces pour vos donn\u00e9es personnelles\n3: Vous pouvez commencer \u00e0 profiter des r\u00e9compenses,<\/li>\n<\/ul>\nEn conclusion, pariez tout ce dont vous avez besoin. S&rsquo;en tenir \u00e0 nos mises \u00e0 niveau de pr\u00e9diction de football peut vous aider \u00e0 obtenir de l&rsquo;argent facilement.\n<h3>N&rsquo;y a-t-il aucun risque \u00e0 jouer en ligne ?<\/h3>\nPour certains sites Web sans certification de jeu, vous devez \u00eatre tr\u00e8s prudent. Comme nous en avons discut\u00e9, le site Web de jeux vid\u00e9o au Vietnam est l\u00e9gal, ce qui signifie que le site Web est reconnu comme l\u00e9gal au Vietnam.\n\nEn conclusion, N\u00e9anmoins, certains sites de paris mondiaux. Il peut \u00e9galement \u00eatre bloqu\u00e9 par des m\u00e9thodes gouvernementales. Vous pouvez tester l&rsquo;ouverture des bookmakers auxquels vous souhaitez jouer et voir si vous pouvez les visiter.\n\n<!-- \/wp:post-content -->","protected":false},"excerpt":{"rendered":"<p>Le meilleur bonus de bienvenue de paris au Vietnam. Offres de casino en ligne au Vietnam et bonus de bienvenue promotionnels, la soci\u00e9t\u00e9 de paris en ligne la plus fiable.<\/p>\n<div class=\"hero-cup-section\">\n<div class=\"row mb-4\">\n<div class=\"col-md-7\">\n<div class=\"section-area\">\n<div class=\"section-list\">\n<li style=\"text-align: left\"><img decoding=\"async\" src=\"https:\/\/www.freebetbest.com\/wp-content\/uploads\/2021\/06\/tick.png\" alt=\"Des sports\"> Bonus de bienvenue du casino sportif.<\/li>\n<li style=\"text-align: left\"><img decoding=\"async\" src=\"https:\/\/www.freebetbest.com\/wp-content\/uploads\/2021\/06\/tick.png\" alt=\"offres de jeux\"> Offres et promotions de bookmakers en ligne.<\/li>\n<li style=\"text-align: left\"><img decoding=\"async\" src=\"https:\/\/www.freebetbest.com\/wp-content\/uploads\/2021\/06\/tick.png\" alt=\"offres de jeux\"> Les meilleurs bookmakers en ligne auxquels vous pouvez faire confiance.<\/li>\n<li style=\"text-align: left\"><img decoding=\"async\" src=\"https:\/\/www.freebetbest.com\/wp-content\/uploads\/2021\/06\/tick.png\" alt=\"Faisant autorit\u00e9\"> Examen faisant autorit\u00e9 S\u00fbr fiable.<\/li>\n<li style=\"text-align: left\"><img decoding=\"async\" src=\"https:\/\/www.freebetbest.com\/wp-content\/uploads\/2021\/06\/tick.png\" alt=\"Retraits rapides\"> Prise en charge de l&rsquo;application mobile, retraits rapides.<\/li>\n<li style=\"text-align: left\"><img decoding=\"async\" src=\"https:\/\/www.freebetbest.com\/wp-content\/uploads\/2021\/06\/tick.png\" alt=\"Service client\"> Support client : 365 jours, 24 heures par jour.<\/li>\n<\/div>\n<\/div>\n<\/div>\n<div class=\"col-md-5\">\n<div class=\"cup-img\"><img decoding=\"async\" src=\"https:\/\/www.freebetbest.com\/wp-content\/uploads\/2021\/06\/vietnam1.png\" alt=\"pari gratuit\"><\/div>\n<\/div>\n<\/div>\n","protected":false},"author":1,"featured_media":125268,"parent":0,"menu_order":0,"comment_status":"closed","ping_status":"closed","template":"Vietnam-template.php","meta":{"footnotes":""},"class_list":["post-130998","page","type-page","status-publish","has-post-thumbnail","hentry"],"yoast_head":"<!-- This site is optimized with the Yoast SEO Premium plugin v19.5 (Yoast SEO v27.0) - https:\/\/yoast.com\/product\/yoast-seo-premium-wordpress\/ -->\n<title>Bonus des bookmakers vietnamiens , Promotion de premier d\u00e9p\u00f4t<\/title>\n<meta name=\"description\" content=\"Bonus des bookmakers vietnamiens , pari gratuit Bonus sans d\u00e9p\u00f4t, bienvenue code bonus de premier d\u00e9p\u00f4t, code bonus d&#039;inscription. Les bonus de bienvenue les plus \u00e9lev\u00e9s\" \/>\n<meta name=\"robots\" content=\"index, follow, max-snippet:-1, max-image-preview:large, max-video-preview:-1\" \/>\n<link rel=\"canonical\" href=\"https:\/\/www.freebetbest.com\/fr\/vietnam-bookmakers-bonus\/\" \/>\n<meta property=\"og:locale\" content=\"fr_FR\" \/>\n<meta property=\"og:type\" content=\"article\" \/>\n<meta property=\"og:title\" content=\"Bonus des bookmakers vietnamiens\" \/>\n<meta property=\"og:description\" content=\"Bonus des bookmakers vietnamiens , pari gratuit Bonus sans d\u00e9p\u00f4t, bienvenue code bonus de premier d\u00e9p\u00f4t, code bonus d&#039;inscription. Les bonus de bienvenue les plus \u00e9lev\u00e9s\" \/>\n<meta property=\"og:url\" content=\"https:\/\/www.freebetbest.com\/fr\/vietnam-bookmakers-bonus\/\" \/>\n<meta property=\"og:site_name\" content=\"Meilleurs casinos en ligne | Bonus Paris sportifs | Meilleurs bookmakers en ligne\" \/>\n<meta property=\"article:modified_time\" content=\"2021-07-28T17:40:37+00:00\" \/>\n<meta property=\"og:image\" content=\"https:\/\/www.freebetbest.com\/wp-content\/uploads\/2021\/06\/Bookmakers-scaled.jpg\" \/>\n\t<meta property=\"og:image:width\" content=\"417\" \/>\n\t<meta property=\"og:image:height\" content=\"180\" \/>\n\t<meta property=\"og:image:type\" content=\"image\/jpeg\" \/>\n<meta name=\"twitter:card\" content=\"summary_large_image\" \/>\n<meta name=\"twitter:label1\" content=\"Dur\u00e9e de lecture estim\u00e9e\" \/>\n\t<meta name=\"twitter:data1\" content=\"3 minutes\" \/>\n<script type=\"application\/ld+json\" class=\"yoast-schema-graph\">{\"@context\":\"https:\/\/schema.org\",\"@graph\":[{\"@type\":\"WebPage\",\"@id\":\"https:\/\/www.freebetbest.com\/fr\/vietnam-bookmakers-bonus\/\",\"url\":\"https:\/\/www.freebetbest.com\/fr\/vietnam-bookmakers-bonus\/\",\"name\":\"Bonus des bookmakers vietnamiens , Promotion de premier d\u00e9p\u00f4t\",\"isPartOf\":{\"@id\":\"https:\/\/www.freebetbest.com\/fr\/#website\"},\"primaryImageOfPage\":{\"@id\":\"https:\/\/www.freebetbest.com\/fr\/vietnam-bookmakers-bonus\/#primaryimage\"},\"image\":{\"@id\":\"https:\/\/www.freebetbest.com\/fr\/vietnam-bookmakers-bonus\/#primaryimage\"},\"thumbnailUrl\":\"https:\/\/www.freebetbest.com\/wp-content\/uploads\/2021\/06\/Bookmakers-scaled.jpg\",\"datePublished\":\"2021-06-10T15:06:56+00:00\",\"dateModified\":\"2021-07-28T17:40:37+00:00\",\"description\":\"Bonus des bookmakers vietnamiens , pari gratuit Bonus sans d\u00e9p\u00f4t, bienvenue code bonus de premier d\u00e9p\u00f4t, code bonus d'inscription. Les bonus de bienvenue les plus \u00e9lev\u00e9s\",\"breadcrumb\":{\"@id\":\"https:\/\/www.freebetbest.com\/fr\/vietnam-bookmakers-bonus\/#breadcrumb\"},\"inLanguage\":\"fr-FR\",\"potentialAction\":[{\"@type\":\"ReadAction\",\"target\":[\"https:\/\/www.freebetbest.com\/fr\/vietnam-bookmakers-bonus\/\"]}]},{\"@type\":\"ImageObject\",\"inLanguage\":\"fr-FR\",\"@id\":\"https:\/\/www.freebetbest.com\/fr\/vietnam-bookmakers-bonus\/#primaryimage\",\"url\":\"https:\/\/www.freebetbest.com\/wp-content\/uploads\/2021\/06\/Bookmakers-scaled.jpg\",\"contentUrl\":\"https:\/\/www.freebetbest.com\/wp-content\/uploads\/2021\/06\/Bookmakers-scaled.jpg\",\"width\":417,\"height\":180,\"caption\":\"Bonus des bookmakers chinois\"},{\"@type\":\"BreadcrumbList\",\"@id\":\"https:\/\/www.freebetbest.com\/fr\/vietnam-bookmakers-bonus\/#breadcrumb\",\"itemListElement\":[{\"@type\":\"ListItem\",\"position\":1,\"name\":\"Home\",\"item\":\"https:\/\/www.freebetbest.com\/fr\/\"},{\"@type\":\"ListItem\",\"position\":2,\"name\":\"Bonus des bookmakers vietnamiens\"}]},{\"@type\":\"WebSite\",\"@id\":\"https:\/\/www.freebetbest.com\/fr\/#website\",\"url\":\"https:\/\/www.freebetbest.com\/fr\/\",\"name\":\"Meilleurs casinos en ligne | Bonus Paris sportifs | Meilleurs bookmakers en ligne\",\"description\":\"Meilleurs bookmakers en ligne, casinos, poker, bingo et paris sur mobiles, casinos en ligne, paris sur le football, codes promotionnels sans d\u00e9p\u00f4t, premier portail mondial des jeux d'argent.\",\"publisher\":{\"@id\":\"https:\/\/www.freebetbest.com\/fr\/#\/schema\/person\/292684ccf388a2362d507874c5b80a69\"},\"potentialAction\":[{\"@type\":\"SearchAction\",\"target\":{\"@type\":\"EntryPoint\",\"urlTemplate\":\"https:\/\/www.freebetbest.com\/fr\/?s={search_term_string}\"},\"query-input\":{\"@type\":\"PropertyValueSpecification\",\"valueRequired\":true,\"valueName\":\"search_term_string\"}}],\"inLanguage\":\"fr-FR\"},{\"@type\":[\"Person\",\"Organization\"],\"@id\":\"https:\/\/www.freebetbest.com\/fr\/#\/schema\/person\/292684ccf388a2362d507874c5b80a69\",\"name\":\"\u7ba1\u7406\",\"image\":{\"@type\":\"ImageObject\",\"inLanguage\":\"fr-FR\",\"@id\":\"https:\/\/www.freebetbest.com\/fr\/#\/schema\/person\/image\/\",\"url\":\"https:\/\/www.freebetbest.com\/wp-content\/litespeed\/avatar\/49696b52fb15293a2168c14964fdd8b9.jpg?ver=1777439934\",\"contentUrl\":\"https:\/\/www.freebetbest.com\/wp-content\/litespeed\/avatar\/49696b52fb15293a2168c14964fdd8b9.jpg?ver=1777439934\",\"caption\":\"\u7ba1\u7406\"},\"logo\":{\"@id\":\"https:\/\/www.freebetbest.com\/fr\/#\/schema\/person\/image\/\"},\"sameAs\":[\"admin\"]}]}<\/script>\n<!-- \/ Yoast SEO Premium plugin. -->","yoast_head_json":{"title":"Bonus des bookmakers vietnamiens , Promotion de premier d\u00e9p\u00f4t","description":"Bonus des bookmakers vietnamiens , pari gratuit Bonus sans d\u00e9p\u00f4t, bienvenue code bonus de premier d\u00e9p\u00f4t, code bonus d'inscription. Les bonus de bienvenue les plus \u00e9lev\u00e9s","robots":{"index":"index","follow":"follow","max-snippet":"max-snippet:-1","max-image-preview":"max-image-preview:large","max-video-preview":"max-video-preview:-1"},"canonical":"https:\/\/www.freebetbest.com\/fr\/vietnam-bookmakers-bonus\/","og_locale":"fr_FR","og_type":"article","og_title":"Bonus des bookmakers vietnamiens","og_description":"Bonus des bookmakers vietnamiens , pari gratuit Bonus sans d\u00e9p\u00f4t, bienvenue code bonus de premier d\u00e9p\u00f4t, code bonus d'inscription. Les bonus de bienvenue les plus \u00e9lev\u00e9s","og_url":"https:\/\/www.freebetbest.com\/fr\/vietnam-bookmakers-bonus\/","og_site_name":"Meilleurs casinos en ligne | Bonus Paris sportifs | Meilleurs bookmakers en ligne","article_modified_time":"2021-07-28T17:40:37+00:00","og_image":[{"width":417,"height":180,"url":"https:\/\/www.freebetbest.com\/wp-content\/uploads\/2021\/06\/Bookmakers-scaled.jpg","type":"image\/jpeg"}],"twitter_card":"summary_large_image","twitter_misc":{"Dur\u00e9e de lecture estim\u00e9e":"3 minutes"},"schema":{"@context":"https:\/\/schema.org","@graph":[{"@type":"WebPage","@id":"https:\/\/www.freebetbest.com\/fr\/vietnam-bookmakers-bonus\/","url":"https:\/\/www.freebetbest.com\/fr\/vietnam-bookmakers-bonus\/","name":"Bonus des bookmakers vietnamiens , Promotion de premier d\u00e9p\u00f4t","isPartOf":{"@id":"https:\/\/www.freebetbest.com\/fr\/#website"},"primaryImageOfPage":{"@id":"https:\/\/www.freebetbest.com\/fr\/vietnam-bookmakers-bonus\/#primaryimage"},"image":{"@id":"https:\/\/www.freebetbest.com\/fr\/vietnam-bookmakers-bonus\/#primaryimage"},"thumbnailUrl":"https:\/\/www.freebetbest.com\/wp-content\/uploads\/2021\/06\/Bookmakers-scaled.jpg","datePublished":"2021-06-10T15:06:56+00:00","dateModified":"2021-07-28T17:40:37+00:00","description":"Bonus des bookmakers vietnamiens , pari gratuit Bonus sans d\u00e9p\u00f4t, bienvenue code bonus de premier d\u00e9p\u00f4t, code bonus d'inscription. Les bonus de bienvenue les plus \u00e9lev\u00e9s","breadcrumb":{"@id":"https:\/\/www.freebetbest.com\/fr\/vietnam-bookmakers-bonus\/#breadcrumb"},"inLanguage":"fr-FR","potentialAction":[{"@type":"ReadAction","target":["https:\/\/www.freebetbest.com\/fr\/vietnam-bookmakers-bonus\/"]}]},{"@type":"ImageObject","inLanguage":"fr-FR","@id":"https:\/\/www.freebetbest.com\/fr\/vietnam-bookmakers-bonus\/#primaryimage","url":"https:\/\/www.freebetbest.com\/wp-content\/uploads\/2021\/06\/Bookmakers-scaled.jpg","contentUrl":"https:\/\/www.freebetbest.com\/wp-content\/uploads\/2021\/06\/Bookmakers-scaled.jpg","width":417,"height":180,"caption":"Bonus des bookmakers chinois"},{"@type":"BreadcrumbList","@id":"https:\/\/www.freebetbest.com\/fr\/vietnam-bookmakers-bonus\/#breadcrumb","itemListElement":[{"@type":"ListItem","position":1,"name":"Home","item":"https:\/\/www.freebetbest.com\/fr\/"},{"@type":"ListItem","position":2,"name":"Bonus des bookmakers vietnamiens"}]},{"@type":"WebSite","@id":"https:\/\/www.freebetbest.com\/fr\/#website","url":"https:\/\/www.freebetbest.com\/fr\/","name":"Meilleurs casinos en ligne | Bonus Paris sportifs | Meilleurs bookmakers en ligne","description":"Meilleurs bookmakers en ligne, casinos, poker, bingo et paris sur mobiles, casinos en ligne, paris sur le football, codes promotionnels sans d\u00e9p\u00f4t, premier portail mondial des jeux d'argent.","publisher":{"@id":"https:\/\/www.freebetbest.com\/fr\/#\/schema\/person\/292684ccf388a2362d507874c5b80a69"},"potentialAction":[{"@type":"SearchAction","target":{"@type":"EntryPoint","urlTemplate":"https:\/\/www.freebetbest.com\/fr\/?s={search_term_string}"},"query-input":{"@type":"PropertyValueSpecification","valueRequired":true,"valueName":"search_term_string"}}],"inLanguage":"fr-FR"},{"@type":["Person","Organization"],"@id":"https:\/\/www.freebetbest.com\/fr\/#\/schema\/person\/292684ccf388a2362d507874c5b80a69","name":"\u7ba1\u7406","image":{"@type":"ImageObject","inLanguage":"fr-FR","@id":"https:\/\/www.freebetbest.com\/fr\/#\/schema\/person\/image\/","url":"https:\/\/www.freebetbest.com\/wp-content\/litespeed\/avatar\/49696b52fb15293a2168c14964fdd8b9.jpg?ver=1777439934","contentUrl":"https:\/\/www.freebetbest.com\/wp-content\/litespeed\/avatar\/49696b52fb15293a2168c14964fdd8b9.jpg?ver=1777439934","caption":"\u7ba1\u7406"},"logo":{"@id":"https:\/\/www.freebetbest.com\/fr\/#\/schema\/person\/image\/"},"sameAs":["admin"]}]}},"_links":{"self":[{"href":"https:\/\/www.freebetbest.com\/fr\/wp-json\/wp\/v2\/pages\/130998","targetHints":{"allow":["GET"]}}],"collection":[{"href":"https:\/\/www.freebetbest.com\/fr\/wp-json\/wp\/v2\/pages"}],"about":[{"href":"https:\/\/www.freebetbest.com\/fr\/wp-json\/wp\/v2\/types\/page"}],"author":[{"embeddable":true,"href":"https:\/\/www.freebetbest.com\/fr\/wp-json\/wp\/v2\/users\/1"}],"replies":[{"embeddable":true,"href":"https:\/\/www.freebetbest.com\/fr\/wp-json\/wp\/v2\/comments?post=130998"}],"version-history":[{"count":0,"href":"https:\/\/www.freebetbest.com\/fr\/wp-json\/wp\/v2\/pages\/130998\/revisions"}],"wp:featuredmedia":[{"embeddable":true,"href":"https:\/\/www.freebetbest.com\/fr\/wp-json\/wp\/v2\/media\/125268"}],"wp:attachment":[{"href":"https:\/\/www.freebetbest.com\/fr\/wp-json\/wp\/v2\/media?parent=130998"}],"curies":[{"name":"wp","href":"https:\/\/api.w.org\/{rel}","templated":true}]}}