{"id":130951,"date":"2021-06-10T09:41:02","date_gmt":"2021-06-10T09:41:02","guid":{"rendered":"https:\/\/www.freebetbest.com\/bookmakers-britanniques\/"},"modified":"2021-08-16T15:08:17","modified_gmt":"2021-08-16T15:08:17","slug":"bonus-des-bookmakers-britanniques","status":"publish","type":"page","link":"https:\/\/www.freebetbest.com\/fr\/bonus-des-bookmakers-britanniques\/","title":{"rendered":"Bonus des bookmakers britanniques"},"content":{"rendered":"\n<div class=\"text-area__container\">\n<div class=\"text-area__content\">\n<h2>Les paris gratuits sur les bonus des bookmakers britanniques annonc\u00e9s<\/h2>\nL&rsquo;option enti\u00e8rement gratuite est, ou devrait en principe \u00eatre, la supposition qui vous est fournie gratuitement, puis vous pouvez trouver le bonus des bookmakers britanniques. Et courez la chance de gagner de l&rsquo;argent r\u00e9el. La v\u00e9rit\u00e9, c&rsquo;est que c&rsquo;est mieux que d&rsquo;investir dans chaque<a href=\"https:\/\/www.freebetsinfo.co.uk\/asia-bookmakers\/\"> bookmaker<\/a> . Autour de son option gratuite ou inscrivez-vous pour offrir. Les diff\u00e9rentes conditions et modalit\u00e9s sont beaucoup plus compliqu\u00e9es.\n\nEn raison de cet endroit, nous essayons d&rsquo;\u00eatre aussi d\u00e9taill\u00e9s que possible ici. Les bonus des bookmakers britanniques et les bonus d&rsquo;inscription vous sont fournis, mais vous devez parcourir les liens de cet article. Clique sur le<a href=\"https:\/\/www.freebetbest.com\/fr\/paris-football-en-ligne\/\"> bookmaker en ligne<\/a> et avant de signer. Voir leurs conditions et termes vers le haut dans leur int\u00e9gralit\u00e9.\n<h2>De nombreuses offres de paris.<\/h2>\nLes deux vous obligent \u00e0 payer en esp\u00e8ces et \u00e0 placer un pari en premier. Ce pari principal ou qualification. Deviner doit g\u00e9n\u00e9ralement \u00eatre fait avec une certaine opportunit\u00e9. Par exemple, cet obstacle pourrait \u00eatre comme ceci\n\nHabituellement, vous d\u00e9finissez la premi\u00e8re estimation. Il se peut qu&rsquo;un pari qualificatif soit obtenu et que le nombre de ce pari corresponde. Jusqu&rsquo;\u00e0 et y compris un certain montant, pariez exactement le m\u00eame montant gratuitement.\n\nM\u00eame \u00e0 travers des options plus simples. Il existe de nombreux changements pour une option gratuite de 10 \u00a3 pour 10 \u00a3, un pari de 10 \u00a3 pour 20 \u00a3, un pari de 10 \u00a3 pour un pari gratuit de 30 \u00a3 et m\u00eame 20 \u00a3 pour un pari de 10 \u00a3.\n\nHabituellement, la principale offre enregistr\u00e9e de bookmakers. Peut \u00eatre utilis\u00e9 pour tous les sports. Mais assurez-vous de v\u00e9rifier, car parfois des r\u00e9ductions. Convient uniquement pour les courses de chevaux ou le baseball.\n<h3>Offres d&rsquo;options gratuites et r\u00e9compenses d&rsquo;inscription<\/h3>\nD\u00e9sormais, sur les sites de paris britanniques, rejoindre les bonus est plus populaire que les paris gratuits. Habituellement, le bookmaker. Correspondra \u00e0 votre investissement avec des ressources de revenu.\n\nCependant, il peut y avoir des exigences minimales, comme celles dont vous pourriez avoir besoin. Parier au-dessus d&rsquo;une certaine cote est \u00e9ligible pour la r\u00e9compense d&rsquo;investissement initial.\n\nEnsuite, combien de fois vous devez choisir. Ou exactement combien de fois doit \u00eatre fait d\u00e9filer. Afin de passer les fonds de bonus accrus. Retirez tout bonus, il peut y avoir plus de termes.\n\nComme toujours, pensez \u00e0 vous inscrire aupr\u00e8s du bookmaker. Examinez attentivement les termes et conditions fournis par la plupart des suppositions gratuites et assurez-vous que vous en \u00eates capable. Et sont dispos\u00e9s \u00e0 se conformer \u00e0 ces conditions et termes.\n\nCependant, l&rsquo;acompte peut \u00eatre un bon moyen de commencer avec le bookmaker. Certains vous offrent un bonus suppl\u00e9mentaire d&rsquo;environ 100 \u00a3 au lieu de paris gratuits. Par cons\u00e9quent, pour votre premier investissement personnel de 100\u20ac, vous pouvez miser 200\u20ac. Ceci est bien s\u00fbr tr\u00e8s utile chaque fois que vous pouvez r\u00e9ussir en pariant et en respectant le terme.\n\nIl n&rsquo;y a pas d&rsquo;acompte pour le jeu. Certainement mieux connu que les paris gratuits sans acompte. Consultez notre site Web proposant des casinos en ligne pour voir les bonus sans d\u00e9p\u00f4t qui y sont disponibles.\n<h2>Foire aux questions sur les paris gratuits sur les bonus des bookmakers britanniques<\/h2>\n<h3>Pari enti\u00e8rement gratuit<\/h3>\nLe pari sans frais est un pari fourni par un site Web de paris pour que tout client puisse le d\u00e9finir et ensuite profiter des avantages. Bref. Les paris gratuits sont g\u00e9n\u00e9ralement utilis\u00e9s comme une offre de bienvenue pour inciter les nouvelles entreprises \u00e0 en enregistrer une. Tout nouveau site de paris.\n<h3>UK Bookmakers Bonus Appliquer pour des paris gratuits<\/h3>\nPeu importe \u00e0 quel point vous aimez, m\u00eame ainsi, vous finirez par \u00eatre li\u00e9. Un compte bancaire pour chaque bookmaker, et donc chaque site. Fournir un pari gratuit pour rejoindre, en bref. Vous pouvez avoir plusieurs comptes avec diff\u00e9rents bookmakers sans restrictions.\n<h3>Comment utiliser les paris gratuits<\/h3>\nSi n\u00e9cessaire, votre option gratuite sera g\u00e9n\u00e9ralement. Disponible imm\u00e9diatement apr\u00e8s la cr\u00e9ation de votre premier pari ou de votre pari qualificatif.\n<h3>D\u00e9clarez un bonus de jeu enti\u00e8rement gratuit<\/h3>\nVotre pari est enti\u00e8rement gratuit. L&#8217;emplacement o\u00f9 il appara\u00eet peut varier d&rsquo;un bookmaker \u00e0 l&rsquo;autre. Habituellement, vous obtiendrez certainement un code bonus que vous pourrez utiliser de toute fa\u00e7on. Une fois que vous avez d\u00e9termin\u00e9 les paris suivants, vous pouvez g\u00e9n\u00e9ralement utiliser votre option gratuite dans le pari.\n\n<\/div>\n<\/div>\n","protected":false},"excerpt":{"rendered":"<p>Nous vous conseillons toujours de s\u00e9lectionner un bookmaker agr\u00e9\u00e9 dans votre r\u00e9gion pour assurer le respect des r\u00e8gles.<\/p>\n<div class=\"hero-cup-section\">\n<div class=\"row mb-4\">\n<div class=\"col-md-7\">\n<div class=\"section-area\">\n<div class=\"section-list\">\n<li style=\"text-align: left\"><img decoding=\"async\" src=\"https:\/\/www.freebetbest.com\/wp-content\/uploads\/2021\/06\/tick.png\" alt=\"Des sports\"> Bonus de bienvenue du casino sportif.<\/li>\n<li style=\"text-align: left\"><img decoding=\"async\" src=\"https:\/\/www.freebetbest.com\/wp-content\/uploads\/2021\/06\/tick.png\" alt=\"offres de jeux\"> Offres et promotions de bookmakers en ligne.<\/li>\n<li style=\"text-align: left\"><img decoding=\"async\" src=\"https:\/\/www.freebetbest.com\/wp-content\/uploads\/2021\/06\/tick.png\" alt=\"offres de jeux\"> Les meilleurs bookmakers en ligne auxquels vous pouvez faire confiance.<\/li>\n<li style=\"text-align: left\"><img decoding=\"async\" src=\"https:\/\/www.freebetbest.com\/wp-content\/uploads\/2021\/06\/tick.png\" alt=\"Faisant autorit\u00e9\"> Examen faisant autorit\u00e9 S\u00fbr fiable.<\/li>\n<li style=\"text-align: left\"><img decoding=\"async\" src=\"https:\/\/www.freebetbest.com\/wp-content\/uploads\/2021\/06\/tick.png\" alt=\"Retraits rapides\"> Prise en charge de l&rsquo;application mobile, retraits rapides.<\/li>\n<li style=\"text-align: left\"><img decoding=\"async\" src=\"https:\/\/www.freebetbest.com\/wp-content\/uploads\/2021\/06\/tick.png\" alt=\"Service client\"> Support client : 365 jours, 24 heures par jour.<\/li>\n<\/div>\n<\/div>\n<\/div>\n<div class=\"col-md-5\">\n<div class=\"cup-img\"><img decoding=\"async\" src=\"https:\/\/www.freebetbest.com\/wp-content\/uploads\/2021\/06\/uk1.png\" alt=\"pari gratuit\"><\/div>\n<\/div>\n<\/div>\n","protected":false},"author":1,"featured_media":125268,"parent":0,"menu_order":0,"comment_status":"closed","ping_status":"closed","template":"uk-template.php","meta":{"footnotes":""},"class_list":["post-130951","page","type-page","status-publish","has-post-thumbnail","hentry"],"yoast_head":"<!-- This site is optimized with the Yoast SEO Premium plugin v19.5 (Yoast SEO v27.0) - https:\/\/yoast.com\/product\/yoast-seo-premium-wordpress\/ -->\n<title>Bonus des bookmakers britanniques , Promotion de premier d\u00e9p\u00f4t. site de paris en ligne<\/title>\n<meta name=\"description\" content=\"Bonus des bookmakers britanniques , pari gratuit Bonus sans d\u00e9p\u00f4t, bienvenue code bonus de premier d\u00e9p\u00f4t, code bonus d&#039;inscription. Les bonus de bienvenue les plus \u00e9lev\u00e9s\" \/>\n<meta name=\"robots\" content=\"index, follow, max-snippet:-1, max-image-preview:large, max-video-preview:-1\" \/>\n<link rel=\"canonical\" href=\"https:\/\/www.freebetbest.com\/fr\/bonus-des-bookmakers-britanniques\/\" \/>\n<meta property=\"og:locale\" content=\"fr_FR\" \/>\n<meta property=\"og:type\" content=\"article\" \/>\n<meta property=\"og:title\" content=\"Bonus des bookmakers britanniques\" \/>\n<meta property=\"og:description\" content=\"Bonus des bookmakers britanniques , pari gratuit Bonus sans d\u00e9p\u00f4t, bienvenue code bonus de premier d\u00e9p\u00f4t, code bonus d&#039;inscription. Les bonus de bienvenue les plus \u00e9lev\u00e9s\" \/>\n<meta property=\"og:url\" content=\"https:\/\/www.freebetbest.com\/fr\/bonus-des-bookmakers-britanniques\/\" \/>\n<meta property=\"og:site_name\" content=\"Meilleurs casinos en ligne | Bonus Paris sportifs | Meilleurs bookmakers en ligne\" \/>\n<meta property=\"article:modified_time\" content=\"2021-08-16T15:08:17+00:00\" \/>\n<meta property=\"og:image\" content=\"https:\/\/www.freebetbest.com\/wp-content\/uploads\/2021\/06\/Bookmakers-scaled.jpg\" \/>\n\t<meta property=\"og:image:width\" content=\"417\" \/>\n\t<meta property=\"og:image:height\" content=\"180\" \/>\n\t<meta property=\"og:image:type\" content=\"image\/jpeg\" \/>\n<meta name=\"twitter:card\" content=\"summary_large_image\" \/>\n<meta name=\"twitter:label1\" content=\"Dur\u00e9e de lecture estim\u00e9e\" \/>\n\t<meta name=\"twitter:data1\" content=\"3 minutes\" \/>\n<script type=\"application\/ld+json\" class=\"yoast-schema-graph\">{\"@context\":\"https:\/\/schema.org\",\"@graph\":[{\"@type\":\"WebPage\",\"@id\":\"https:\/\/www.freebetbest.com\/fr\/bonus-des-bookmakers-britanniques\/\",\"url\":\"https:\/\/www.freebetbest.com\/fr\/bonus-des-bookmakers-britanniques\/\",\"name\":\"Bonus des bookmakers britanniques , Promotion de premier d\u00e9p\u00f4t. site de paris en ligne\",\"isPartOf\":{\"@id\":\"https:\/\/www.freebetbest.com\/fr\/#website\"},\"primaryImageOfPage\":{\"@id\":\"https:\/\/www.freebetbest.com\/fr\/bonus-des-bookmakers-britanniques\/#primaryimage\"},\"image\":{\"@id\":\"https:\/\/www.freebetbest.com\/fr\/bonus-des-bookmakers-britanniques\/#primaryimage\"},\"thumbnailUrl\":\"https:\/\/www.freebetbest.com\/wp-content\/uploads\/2021\/06\/Bookmakers-scaled.jpg\",\"datePublished\":\"2021-06-10T09:41:02+00:00\",\"dateModified\":\"2021-08-16T15:08:17+00:00\",\"description\":\"Bonus des bookmakers britanniques , pari gratuit Bonus sans d\u00e9p\u00f4t, bienvenue code bonus de premier d\u00e9p\u00f4t, code bonus d'inscription. Les bonus de bienvenue les plus \u00e9lev\u00e9s\",\"breadcrumb\":{\"@id\":\"https:\/\/www.freebetbest.com\/fr\/bonus-des-bookmakers-britanniques\/#breadcrumb\"},\"inLanguage\":\"fr-FR\",\"potentialAction\":[{\"@type\":\"ReadAction\",\"target\":[\"https:\/\/www.freebetbest.com\/fr\/bonus-des-bookmakers-britanniques\/\"]}]},{\"@type\":\"ImageObject\",\"inLanguage\":\"fr-FR\",\"@id\":\"https:\/\/www.freebetbest.com\/fr\/bonus-des-bookmakers-britanniques\/#primaryimage\",\"url\":\"https:\/\/www.freebetbest.com\/wp-content\/uploads\/2021\/06\/Bookmakers-scaled.jpg\",\"contentUrl\":\"https:\/\/www.freebetbest.com\/wp-content\/uploads\/2021\/06\/Bookmakers-scaled.jpg\",\"width\":417,\"height\":180,\"caption\":\"Bonus des bookmakers chinois\"},{\"@type\":\"BreadcrumbList\",\"@id\":\"https:\/\/www.freebetbest.com\/fr\/bonus-des-bookmakers-britanniques\/#breadcrumb\",\"itemListElement\":[{\"@type\":\"ListItem\",\"position\":1,\"name\":\"Home\",\"item\":\"https:\/\/www.freebetbest.com\/fr\/\"},{\"@type\":\"ListItem\",\"position\":2,\"name\":\"Bonus des bookmakers britanniques\"}]},{\"@type\":\"WebSite\",\"@id\":\"https:\/\/www.freebetbest.com\/fr\/#website\",\"url\":\"https:\/\/www.freebetbest.com\/fr\/\",\"name\":\"Meilleurs casinos en ligne | Bonus Paris sportifs | Meilleurs bookmakers en ligne\",\"description\":\"Meilleurs bookmakers en ligne, casinos, poker, bingo et paris sur mobiles, casinos en ligne, paris sur le football, codes promotionnels sans d\u00e9p\u00f4t, premier portail mondial des jeux d'argent.\",\"publisher\":{\"@id\":\"https:\/\/www.freebetbest.com\/fr\/#\/schema\/person\/292684ccf388a2362d507874c5b80a69\"},\"potentialAction\":[{\"@type\":\"SearchAction\",\"target\":{\"@type\":\"EntryPoint\",\"urlTemplate\":\"https:\/\/www.freebetbest.com\/fr\/?s={search_term_string}\"},\"query-input\":{\"@type\":\"PropertyValueSpecification\",\"valueRequired\":true,\"valueName\":\"search_term_string\"}}],\"inLanguage\":\"fr-FR\"},{\"@type\":[\"Person\",\"Organization\"],\"@id\":\"https:\/\/www.freebetbest.com\/fr\/#\/schema\/person\/292684ccf388a2362d507874c5b80a69\",\"name\":\"\u7ba1\u7406\",\"image\":{\"@type\":\"ImageObject\",\"inLanguage\":\"fr-FR\",\"@id\":\"https:\/\/www.freebetbest.com\/fr\/#\/schema\/person\/image\/\",\"url\":\"https:\/\/www.freebetbest.com\/wp-content\/litespeed\/avatar\/49696b52fb15293a2168c14964fdd8b9.jpg?ver=1776230299\",\"contentUrl\":\"https:\/\/www.freebetbest.com\/wp-content\/litespeed\/avatar\/49696b52fb15293a2168c14964fdd8b9.jpg?ver=1776230299\",\"caption\":\"\u7ba1\u7406\"},\"logo\":{\"@id\":\"https:\/\/www.freebetbest.com\/fr\/#\/schema\/person\/image\/\"},\"sameAs\":[\"admin\"]}]}<\/script>\n<!-- \/ Yoast SEO Premium plugin. -->","yoast_head_json":{"title":"Bonus des bookmakers britanniques , Promotion de premier d\u00e9p\u00f4t. site de paris en ligne","description":"Bonus des bookmakers britanniques , pari gratuit Bonus sans d\u00e9p\u00f4t, bienvenue code bonus de premier d\u00e9p\u00f4t, code bonus d'inscription. Les bonus de bienvenue les plus \u00e9lev\u00e9s","robots":{"index":"index","follow":"follow","max-snippet":"max-snippet:-1","max-image-preview":"max-image-preview:large","max-video-preview":"max-video-preview:-1"},"canonical":"https:\/\/www.freebetbest.com\/fr\/bonus-des-bookmakers-britanniques\/","og_locale":"fr_FR","og_type":"article","og_title":"Bonus des bookmakers britanniques","og_description":"Bonus des bookmakers britanniques , pari gratuit Bonus sans d\u00e9p\u00f4t, bienvenue code bonus de premier d\u00e9p\u00f4t, code bonus d'inscription. Les bonus de bienvenue les plus \u00e9lev\u00e9s","og_url":"https:\/\/www.freebetbest.com\/fr\/bonus-des-bookmakers-britanniques\/","og_site_name":"Meilleurs casinos en ligne | Bonus Paris sportifs | Meilleurs bookmakers en ligne","article_modified_time":"2021-08-16T15:08:17+00:00","og_image":[{"width":417,"height":180,"url":"https:\/\/www.freebetbest.com\/wp-content\/uploads\/2021\/06\/Bookmakers-scaled.jpg","type":"image\/jpeg"}],"twitter_card":"summary_large_image","twitter_misc":{"Dur\u00e9e de lecture estim\u00e9e":"3 minutes"},"schema":{"@context":"https:\/\/schema.org","@graph":[{"@type":"WebPage","@id":"https:\/\/www.freebetbest.com\/fr\/bonus-des-bookmakers-britanniques\/","url":"https:\/\/www.freebetbest.com\/fr\/bonus-des-bookmakers-britanniques\/","name":"Bonus des bookmakers britanniques , Promotion de premier d\u00e9p\u00f4t. site de paris en ligne","isPartOf":{"@id":"https:\/\/www.freebetbest.com\/fr\/#website"},"primaryImageOfPage":{"@id":"https:\/\/www.freebetbest.com\/fr\/bonus-des-bookmakers-britanniques\/#primaryimage"},"image":{"@id":"https:\/\/www.freebetbest.com\/fr\/bonus-des-bookmakers-britanniques\/#primaryimage"},"thumbnailUrl":"https:\/\/www.freebetbest.com\/wp-content\/uploads\/2021\/06\/Bookmakers-scaled.jpg","datePublished":"2021-06-10T09:41:02+00:00","dateModified":"2021-08-16T15:08:17+00:00","description":"Bonus des bookmakers britanniques , pari gratuit Bonus sans d\u00e9p\u00f4t, bienvenue code bonus de premier d\u00e9p\u00f4t, code bonus d'inscription. Les bonus de bienvenue les plus \u00e9lev\u00e9s","breadcrumb":{"@id":"https:\/\/www.freebetbest.com\/fr\/bonus-des-bookmakers-britanniques\/#breadcrumb"},"inLanguage":"fr-FR","potentialAction":[{"@type":"ReadAction","target":["https:\/\/www.freebetbest.com\/fr\/bonus-des-bookmakers-britanniques\/"]}]},{"@type":"ImageObject","inLanguage":"fr-FR","@id":"https:\/\/www.freebetbest.com\/fr\/bonus-des-bookmakers-britanniques\/#primaryimage","url":"https:\/\/www.freebetbest.com\/wp-content\/uploads\/2021\/06\/Bookmakers-scaled.jpg","contentUrl":"https:\/\/www.freebetbest.com\/wp-content\/uploads\/2021\/06\/Bookmakers-scaled.jpg","width":417,"height":180,"caption":"Bonus des bookmakers chinois"},{"@type":"BreadcrumbList","@id":"https:\/\/www.freebetbest.com\/fr\/bonus-des-bookmakers-britanniques\/#breadcrumb","itemListElement":[{"@type":"ListItem","position":1,"name":"Home","item":"https:\/\/www.freebetbest.com\/fr\/"},{"@type":"ListItem","position":2,"name":"Bonus des bookmakers britanniques"}]},{"@type":"WebSite","@id":"https:\/\/www.freebetbest.com\/fr\/#website","url":"https:\/\/www.freebetbest.com\/fr\/","name":"Meilleurs casinos en ligne | Bonus Paris sportifs | Meilleurs bookmakers en ligne","description":"Meilleurs bookmakers en ligne, casinos, poker, bingo et paris sur mobiles, casinos en ligne, paris sur le football, codes promotionnels sans d\u00e9p\u00f4t, premier portail mondial des jeux d'argent.","publisher":{"@id":"https:\/\/www.freebetbest.com\/fr\/#\/schema\/person\/292684ccf388a2362d507874c5b80a69"},"potentialAction":[{"@type":"SearchAction","target":{"@type":"EntryPoint","urlTemplate":"https:\/\/www.freebetbest.com\/fr\/?s={search_term_string}"},"query-input":{"@type":"PropertyValueSpecification","valueRequired":true,"valueName":"search_term_string"}}],"inLanguage":"fr-FR"},{"@type":["Person","Organization"],"@id":"https:\/\/www.freebetbest.com\/fr\/#\/schema\/person\/292684ccf388a2362d507874c5b80a69","name":"\u7ba1\u7406","image":{"@type":"ImageObject","inLanguage":"fr-FR","@id":"https:\/\/www.freebetbest.com\/fr\/#\/schema\/person\/image\/","url":"https:\/\/www.freebetbest.com\/wp-content\/litespeed\/avatar\/49696b52fb15293a2168c14964fdd8b9.jpg?ver=1776230299","contentUrl":"https:\/\/www.freebetbest.com\/wp-content\/litespeed\/avatar\/49696b52fb15293a2168c14964fdd8b9.jpg?ver=1776230299","caption":"\u7ba1\u7406"},"logo":{"@id":"https:\/\/www.freebetbest.com\/fr\/#\/schema\/person\/image\/"},"sameAs":["admin"]}]}},"_links":{"self":[{"href":"https:\/\/www.freebetbest.com\/fr\/wp-json\/wp\/v2\/pages\/130951","targetHints":{"allow":["GET"]}}],"collection":[{"href":"https:\/\/www.freebetbest.com\/fr\/wp-json\/wp\/v2\/pages"}],"about":[{"href":"https:\/\/www.freebetbest.com\/fr\/wp-json\/wp\/v2\/types\/page"}],"author":[{"embeddable":true,"href":"https:\/\/www.freebetbest.com\/fr\/wp-json\/wp\/v2\/users\/1"}],"replies":[{"embeddable":true,"href":"https:\/\/www.freebetbest.com\/fr\/wp-json\/wp\/v2\/comments?post=130951"}],"version-history":[{"count":0,"href":"https:\/\/www.freebetbest.com\/fr\/wp-json\/wp\/v2\/pages\/130951\/revisions"}],"wp:featuredmedia":[{"embeddable":true,"href":"https:\/\/www.freebetbest.com\/fr\/wp-json\/wp\/v2\/media\/125268"}],"wp:attachment":[{"href":"https:\/\/www.freebetbest.com\/fr\/wp-json\/wp\/v2\/media?parent=130951"}],"curies":[{"name":"wp","href":"https:\/\/api.w.org\/{rel}","templated":true}]}}