{"id":130932,"date":"2021-06-10T15:28:39","date_gmt":"2021-06-10T15:28:39","guid":{"rendered":"https:\/\/www.freebetbest.com\/thailande-bookmakers-bonus\/"},"modified":"2021-07-28T17:46:41","modified_gmt":"2021-07-28T17:46:41","slug":"thailande-bookmakers-bonus","status":"publish","type":"page","link":"https:\/\/www.freebetbest.com\/fr\/thailande-bookmakers-bonus\/","title":{"rendered":"Bonus des bookmakers en Tha\u00eflande"},"content":{"rendered":"<h3>Jouez en ligne en Tha\u00eflande. Bonus des bookmakers en Tha\u00eflande<\/h3>\nLes paris sont tr\u00e8s populaires en Tha\u00eflande, mais la Tha\u00eflande<a href=\"https:\/\/www.freebetsinfo.co.uk\/asia-bookmakers\/\"> Bonus des bookmakers<\/a> . Seulement une petite partie de l&rsquo;exercice global. Presque tous les paris en Tha\u00eflande. Tout se fait sous terre, et plus de 60% des paris sur les places publiques tha\u00eflandaises. Comme d&rsquo;autres pays asiatiques.\n<h3>La Tha\u00eflande a \u00e9galement une longue histoire de jeu.<\/h3>\nM\u00eame avant que le pays ne s&rsquo;appelle officiellement Tha\u00eflande, vous constaterez que cela s&rsquo;est produit dans les ann\u00e9es 1800. Records de paris organis\u00e9s. R\u00e9cemment, la Tha\u00eflande a mis en place un loto d&rsquo;\u00c9tat, qui est jou\u00e9 r\u00e9guli\u00e8rement par un grand nombre de Tha\u00eflandais.\n<h3>Les jeux en ligne tha\u00eflandais sont tr\u00e8s populaires<\/h3>\nDe plus en plus de Tha\u00eflandais. J&rsquo;ai d\u00e9couvert qu&rsquo;ils pourraient aller en ligne. Les soci\u00e9t\u00e9s de jeux asiatiques entrent sur le march\u00e9. Pariez sur Internet. Bien que la plupart des bookmakers asiatiques. Parfois, l&rsquo;acc\u00e8s au site Web est entrav\u00e9 par les autorit\u00e9s tha\u00eflandaises. C&rsquo;est bien s\u00fbr une exception, mais elle peut \u00eatre facilement contourn\u00e9e en utilisant un VPN.\n<h3>Pourquoi utiliser un Bonus des bookmakers en Tha\u00eflande<\/h3>\nNous proposons des parieurs tha\u00eflandais. Le site Web recommand\u00e9 est s\u00fbr et approuv\u00e9 par les clients. Et obtenez la v\u00e9rification de notre entreprise professionnelle. Nous avons rempli des fonctions difficiles. Et trouv\u00e9 le choix id\u00e9al, et puis nous sommes tr\u00e8s heureux pour vous. Sera sur ces sites de paris en ligne. Obtenez de superbes paris bonus.\n<h3>Continuer \u00e0 parier en Tha\u00eflande Bookmakers<\/h3>\nJeux d&rsquo;athl\u00e9tisme et football. Tr\u00e8s populaire parmi les parieurs tha\u00eflandais, des milliers de parieurs sportifs. Le premier site de paris en Tha\u00eflande. Placez un pari. Vous pouvez choisir un grand nombre de sites de paris pour profiter des paris\n<h3>Tous les meilleurs <a href=\"https:\/\/www.freebetbest.com\/betting-sites\/\">sites de bookmakers tha\u00eflandais en direct<\/a><\/h3>\nCertains des attributs les plus importants qu&rsquo;un site Web de paris en direct doit inclure. Y compris de nombreux march\u00e9s de jeux et choix de jeux. Promotion sp\u00e9ciale du marketing des jeux d&rsquo;argent en direct. Utilisez des fonctionnalit\u00e9s et des programmes en direct. Apr\u00e8s avoir analys\u00e9 chaque site de jeu tha\u00eflandais. En conclusion, nous avons choisi quelques-uns d&rsquo;entre eux. Convient aussi bien aux v\u00e9t\u00e9rans qu&rsquo;aux novices\n<h3>Les casinos sont-ils l\u00e9gaux en Tha\u00eflande ?<\/h3>\nLes participants tha\u00eflandais ont quand m\u00eame r\u00e9ussi \u00e0 le faire. Parmi leurs propres favoris. Aventures en ligne sur des sites Web mondiaux. Les op\u00e9rateurs internationaux assurent la s\u00e9curit\u00e9 financi\u00e8re des parieurs et leur permettent \u00e9galement de d\u00e9tenir pleinement leurs gains.\n<h3>Est-il inoffensif de partir \u00e0 l&rsquo;aventure en ligne en Tha\u00eflande ?<\/h3>\nOui, sous certaines conditions diff\u00e9rentes. Plus pr\u00e9cis\u00e9ment, vous ne devez choisir qu&rsquo;un bon utilisateur global. \u00c9loignez-vous des versions \u00e0 proximit\u00e9, car elles sont absolument interdites.\n<h3>Les paris en ligne sont-ils l\u00e9gaux en Tha\u00eflande ?<\/h3>\nLe gouvernement tha\u00eflandais est responsable de toutes les activit\u00e9s de jeu sur Internet. En conclusion, L&rsquo;interdiction de la courtepointe a \u00e9t\u00e9 mise en place, et vous souhaitez parier sur un bon bookmaker international, et la possibilit\u00e9 de vous faire pi\u00e9ger est minime.\n<h3>Comment parier en Tha\u00eflande ?<\/h3>\nEn termes de jeu, la Tha\u00eflande fait partie de l&rsquo;Asie. Le pays le plus populaire pour les joueurs. N\u00e9anmoins, jouez sur des sites de paris \u00e0 l&rsquo;\u00e9tranger. C&rsquo;est encore tr\u00e8s facile. Tout ce que vous avez \u00e0 faire est parmi ceux mentionn\u00e9s pr\u00e9c\u00e9demment. Choisissez un bookmaker, ouvrez votre compte, pr\u00e9payez en esp\u00e8ces et placez un pari.\n<h3>Dois-je utiliser un site de paris en Tha\u00eflande ?<\/h3>\nBien sur. Consultez la page tha\u00eflandaise. De nombreuses soci\u00e9t\u00e9s de paris \u00e0 l&rsquo;\u00e9tranger populaires. Cela peut inclure la Ligue 1 de Tha\u00eflande et les cotes les plus comp\u00e9titives de la Premier League, ainsi que divers paris asiatiques. De plus, il acceptera les d\u00e9p\u00f4ts en baht tha\u00eflandais.\n<h3>Connaissez-vous la meilleure soci\u00e9t\u00e9 de paris sportifs en Tha\u00eflande ?<\/h3>\nDe nombreuses soci\u00e9t\u00e9s de jeux \u00e9trang\u00e8res et locales. Tous op\u00e8rent en Tha\u00eflande. Les Tha\u00eflandais sont un grand nombre d&rsquo;amateurs de sport, et ils choisissent aussi de r\u00e9pondre \u00e0 leurs besoins. En conclusion, Le meilleur site de paris sportifs. Vous pouvez consulter notre page sur la langue tha\u00ef.\n<h3>Quelles sont les soci\u00e9t\u00e9s de paris internationaux tha\u00ef ?<\/h3>\nOui, il existe de nombreuses soci\u00e9t\u00e9s de paris en ligne \u00e0 l&rsquo;\u00e9tranger. En conclusion, fournissez un site Web avec une interface utilisateur tha\u00eflandaise.\n\n<!-- \/wp:post-content -->","protected":false},"excerpt":{"rendered":"<p>Le meilleur bonus de bienvenue de paris en Tha\u00eflande. Offres de casino en ligne en Tha\u00eflande et bonus de bienvenue promotionnels, la soci\u00e9t\u00e9 de paris en ligne la plus fiable.<\/p>\n<div class=\"hero-cup-section\">\n<div class=\"row mb-4\">\n<div class=\"col-md-7\">\n<div class=\"section-area\">\n<div class=\"section-list\">\n<li style=\"text-align: left\"><img decoding=\"async\" src=\"https:\/\/www.freebetbest.com\/wp-content\/uploads\/2021\/06\/tick.png\" alt=\"Des sports\"> Bonus de bienvenue du casino sportif.<\/li>\n<li style=\"text-align: left\"><img decoding=\"async\" src=\"https:\/\/www.freebetbest.com\/wp-content\/uploads\/2021\/06\/tick.png\" alt=\"offres de jeux\"> Offres et promotions de bookmakers en ligne.<\/li>\n<li style=\"text-align: left\"><img decoding=\"async\" src=\"https:\/\/www.freebetbest.com\/wp-content\/uploads\/2021\/06\/tick.png\" alt=\"offres de jeux\"> Les meilleurs bookmakers en ligne auxquels vous pouvez faire confiance.<\/li>\n<li style=\"text-align: left\"><img decoding=\"async\" src=\"https:\/\/www.freebetbest.com\/wp-content\/uploads\/2021\/06\/tick.png\" alt=\"Faisant autorit\u00e9\"> Examen faisant autorit\u00e9 S\u00fbr fiable.<\/li>\n<li style=\"text-align: left\"><img decoding=\"async\" src=\"https:\/\/www.freebetbest.com\/wp-content\/uploads\/2021\/06\/tick.png\" alt=\"Retraits rapides\"> Prise en charge de l&rsquo;application mobile, retraits rapides.<\/li>\n<li style=\"text-align: left\"><img decoding=\"async\" src=\"https:\/\/www.freebetbest.com\/wp-content\/uploads\/2021\/06\/tick.png\" alt=\"Service client\"> Support client : 365 jours, 24 heures par jour.<\/li>\n<\/div>\n<\/div>\n<\/div>\n<div class=\"col-md-5\">\n<div class=\"cup-img\"><img decoding=\"async\" src=\"https:\/\/www.freebetbest.com\/wp-content\/uploads\/2021\/06\/Thailand11.png\" alt=\"pari gratuit\"><\/div>\n<\/div>\n<\/div>\n","protected":false},"author":1,"featured_media":125268,"parent":0,"menu_order":0,"comment_status":"closed","ping_status":"closed","template":"Thailand-template.php","meta":{"footnotes":""},"class_list":["post-130932","page","type-page","status-publish","has-post-thumbnail","hentry"],"yoast_head":"<!-- This site is optimized with the Yoast SEO Premium plugin v19.5 (Yoast SEO v27.0) - https:\/\/yoast.com\/product\/yoast-seo-premium-wordpress\/ -->\n<title>Bonus des bookmakers en Tha\u00eflande , Promotion de premier d\u00e9p\u00f4t<\/title>\n<meta name=\"description\" content=\"Bonus des bookmakers en Tha\u00eflande , pari gratuit Bonus sans d\u00e9p\u00f4t, bienvenue code bonus de premier d\u00e9p\u00f4t, code bonus d&#039;inscription. Obtenez des bonus de paris gratuits.\" \/>\n<meta name=\"robots\" content=\"index, follow, max-snippet:-1, max-image-preview:large, max-video-preview:-1\" \/>\n<link rel=\"canonical\" href=\"https:\/\/www.freebetbest.com\/fr\/thailande-bookmakers-bonus\/\" \/>\n<meta property=\"og:locale\" content=\"fr_FR\" \/>\n<meta property=\"og:type\" content=\"article\" \/>\n<meta property=\"og:title\" content=\"Bonus des bookmakers en Tha\u00eflande\" \/>\n<meta property=\"og:description\" content=\"Bonus des bookmakers en Tha\u00eflande , pari gratuit Bonus sans d\u00e9p\u00f4t, bienvenue code bonus de premier d\u00e9p\u00f4t, code bonus d&#039;inscription. Obtenez des bonus de paris gratuits.\" \/>\n<meta property=\"og:url\" content=\"https:\/\/www.freebetbest.com\/fr\/thailande-bookmakers-bonus\/\" \/>\n<meta property=\"og:site_name\" content=\"Meilleurs casinos en ligne | Bonus Paris sportifs | Meilleurs bookmakers en ligne\" \/>\n<meta property=\"article:modified_time\" content=\"2021-07-28T17:46:41+00:00\" \/>\n<meta property=\"og:image\" content=\"https:\/\/www.freebetbest.com\/wp-content\/uploads\/2021\/06\/Bookmakers-scaled.jpg\" \/>\n\t<meta property=\"og:image:width\" content=\"417\" \/>\n\t<meta property=\"og:image:height\" content=\"180\" \/>\n\t<meta property=\"og:image:type\" content=\"image\/jpeg\" \/>\n<meta name=\"twitter:card\" content=\"summary_large_image\" \/>\n<meta name=\"twitter:label1\" content=\"Dur\u00e9e de lecture estim\u00e9e\" \/>\n\t<meta name=\"twitter:data1\" content=\"3 minutes\" \/>\n<script type=\"application\/ld+json\" class=\"yoast-schema-graph\">{\"@context\":\"https:\/\/schema.org\",\"@graph\":[{\"@type\":\"WebPage\",\"@id\":\"https:\/\/www.freebetbest.com\/fr\/thailande-bookmakers-bonus\/\",\"url\":\"https:\/\/www.freebetbest.com\/fr\/thailande-bookmakers-bonus\/\",\"name\":\"Bonus des bookmakers en Tha\u00eflande , Promotion de premier d\u00e9p\u00f4t\",\"isPartOf\":{\"@id\":\"https:\/\/www.freebetbest.com\/fr\/#website\"},\"primaryImageOfPage\":{\"@id\":\"https:\/\/www.freebetbest.com\/fr\/thailande-bookmakers-bonus\/#primaryimage\"},\"image\":{\"@id\":\"https:\/\/www.freebetbest.com\/fr\/thailande-bookmakers-bonus\/#primaryimage\"},\"thumbnailUrl\":\"https:\/\/www.freebetbest.com\/wp-content\/uploads\/2021\/06\/Bookmakers-scaled.jpg\",\"datePublished\":\"2021-06-10T15:28:39+00:00\",\"dateModified\":\"2021-07-28T17:46:41+00:00\",\"description\":\"Bonus des bookmakers en Tha\u00eflande , pari gratuit Bonus sans d\u00e9p\u00f4t, bienvenue code bonus de premier d\u00e9p\u00f4t, code bonus d'inscription. Obtenez des bonus de paris gratuits.\",\"breadcrumb\":{\"@id\":\"https:\/\/www.freebetbest.com\/fr\/thailande-bookmakers-bonus\/#breadcrumb\"},\"inLanguage\":\"fr-FR\",\"potentialAction\":[{\"@type\":\"ReadAction\",\"target\":[\"https:\/\/www.freebetbest.com\/fr\/thailande-bookmakers-bonus\/\"]}]},{\"@type\":\"ImageObject\",\"inLanguage\":\"fr-FR\",\"@id\":\"https:\/\/www.freebetbest.com\/fr\/thailande-bookmakers-bonus\/#primaryimage\",\"url\":\"https:\/\/www.freebetbest.com\/wp-content\/uploads\/2021\/06\/Bookmakers-scaled.jpg\",\"contentUrl\":\"https:\/\/www.freebetbest.com\/wp-content\/uploads\/2021\/06\/Bookmakers-scaled.jpg\",\"width\":417,\"height\":180,\"caption\":\"Bonus des bookmakers chinois\"},{\"@type\":\"BreadcrumbList\",\"@id\":\"https:\/\/www.freebetbest.com\/fr\/thailande-bookmakers-bonus\/#breadcrumb\",\"itemListElement\":[{\"@type\":\"ListItem\",\"position\":1,\"name\":\"Home\",\"item\":\"https:\/\/www.freebetbest.com\/fr\/\"},{\"@type\":\"ListItem\",\"position\":2,\"name\":\"Bonus des bookmakers en Tha\u00eflande\"}]},{\"@type\":\"WebSite\",\"@id\":\"https:\/\/www.freebetbest.com\/fr\/#website\",\"url\":\"https:\/\/www.freebetbest.com\/fr\/\",\"name\":\"Meilleurs casinos en ligne | Bonus Paris sportifs | Meilleurs bookmakers en ligne\",\"description\":\"Meilleurs bookmakers en ligne, casinos, poker, bingo et paris sur mobiles, casinos en ligne, paris sur le football, codes promotionnels sans d\u00e9p\u00f4t, premier portail mondial des jeux d'argent.\",\"publisher\":{\"@id\":\"https:\/\/www.freebetbest.com\/fr\/#\/schema\/person\/292684ccf388a2362d507874c5b80a69\"},\"potentialAction\":[{\"@type\":\"SearchAction\",\"target\":{\"@type\":\"EntryPoint\",\"urlTemplate\":\"https:\/\/www.freebetbest.com\/fr\/?s={search_term_string}\"},\"query-input\":{\"@type\":\"PropertyValueSpecification\",\"valueRequired\":true,\"valueName\":\"search_term_string\"}}],\"inLanguage\":\"fr-FR\"},{\"@type\":[\"Person\",\"Organization\"],\"@id\":\"https:\/\/www.freebetbest.com\/fr\/#\/schema\/person\/292684ccf388a2362d507874c5b80a69\",\"name\":\"\u7ba1\u7406\",\"image\":{\"@type\":\"ImageObject\",\"inLanguage\":\"fr-FR\",\"@id\":\"https:\/\/www.freebetbest.com\/fr\/#\/schema\/person\/image\/\",\"url\":\"https:\/\/www.freebetbest.com\/wp-content\/litespeed\/avatar\/49696b52fb15293a2168c14964fdd8b9.jpg?ver=1777439934\",\"contentUrl\":\"https:\/\/www.freebetbest.com\/wp-content\/litespeed\/avatar\/49696b52fb15293a2168c14964fdd8b9.jpg?ver=1777439934\",\"caption\":\"\u7ba1\u7406\"},\"logo\":{\"@id\":\"https:\/\/www.freebetbest.com\/fr\/#\/schema\/person\/image\/\"},\"sameAs\":[\"admin\"]}]}<\/script>\n<!-- \/ Yoast SEO Premium plugin. -->","yoast_head_json":{"title":"Bonus des bookmakers en Tha\u00eflande , Promotion de premier d\u00e9p\u00f4t","description":"Bonus des bookmakers en Tha\u00eflande , pari gratuit Bonus sans d\u00e9p\u00f4t, bienvenue code bonus de premier d\u00e9p\u00f4t, code bonus d'inscription. Obtenez des bonus de paris gratuits.","robots":{"index":"index","follow":"follow","max-snippet":"max-snippet:-1","max-image-preview":"max-image-preview:large","max-video-preview":"max-video-preview:-1"},"canonical":"https:\/\/www.freebetbest.com\/fr\/thailande-bookmakers-bonus\/","og_locale":"fr_FR","og_type":"article","og_title":"Bonus des bookmakers en Tha\u00eflande","og_description":"Bonus des bookmakers en Tha\u00eflande , pari gratuit Bonus sans d\u00e9p\u00f4t, bienvenue code bonus de premier d\u00e9p\u00f4t, code bonus d'inscription. Obtenez des bonus de paris gratuits.","og_url":"https:\/\/www.freebetbest.com\/fr\/thailande-bookmakers-bonus\/","og_site_name":"Meilleurs casinos en ligne | Bonus Paris sportifs | Meilleurs bookmakers en ligne","article_modified_time":"2021-07-28T17:46:41+00:00","og_image":[{"width":417,"height":180,"url":"https:\/\/www.freebetbest.com\/wp-content\/uploads\/2021\/06\/Bookmakers-scaled.jpg","type":"image\/jpeg"}],"twitter_card":"summary_large_image","twitter_misc":{"Dur\u00e9e de lecture estim\u00e9e":"3 minutes"},"schema":{"@context":"https:\/\/schema.org","@graph":[{"@type":"WebPage","@id":"https:\/\/www.freebetbest.com\/fr\/thailande-bookmakers-bonus\/","url":"https:\/\/www.freebetbest.com\/fr\/thailande-bookmakers-bonus\/","name":"Bonus des bookmakers en Tha\u00eflande , Promotion de premier d\u00e9p\u00f4t","isPartOf":{"@id":"https:\/\/www.freebetbest.com\/fr\/#website"},"primaryImageOfPage":{"@id":"https:\/\/www.freebetbest.com\/fr\/thailande-bookmakers-bonus\/#primaryimage"},"image":{"@id":"https:\/\/www.freebetbest.com\/fr\/thailande-bookmakers-bonus\/#primaryimage"},"thumbnailUrl":"https:\/\/www.freebetbest.com\/wp-content\/uploads\/2021\/06\/Bookmakers-scaled.jpg","datePublished":"2021-06-10T15:28:39+00:00","dateModified":"2021-07-28T17:46:41+00:00","description":"Bonus des bookmakers en Tha\u00eflande , pari gratuit Bonus sans d\u00e9p\u00f4t, bienvenue code bonus de premier d\u00e9p\u00f4t, code bonus d'inscription. Obtenez des bonus de paris gratuits.","breadcrumb":{"@id":"https:\/\/www.freebetbest.com\/fr\/thailande-bookmakers-bonus\/#breadcrumb"},"inLanguage":"fr-FR","potentialAction":[{"@type":"ReadAction","target":["https:\/\/www.freebetbest.com\/fr\/thailande-bookmakers-bonus\/"]}]},{"@type":"ImageObject","inLanguage":"fr-FR","@id":"https:\/\/www.freebetbest.com\/fr\/thailande-bookmakers-bonus\/#primaryimage","url":"https:\/\/www.freebetbest.com\/wp-content\/uploads\/2021\/06\/Bookmakers-scaled.jpg","contentUrl":"https:\/\/www.freebetbest.com\/wp-content\/uploads\/2021\/06\/Bookmakers-scaled.jpg","width":417,"height":180,"caption":"Bonus des bookmakers chinois"},{"@type":"BreadcrumbList","@id":"https:\/\/www.freebetbest.com\/fr\/thailande-bookmakers-bonus\/#breadcrumb","itemListElement":[{"@type":"ListItem","position":1,"name":"Home","item":"https:\/\/www.freebetbest.com\/fr\/"},{"@type":"ListItem","position":2,"name":"Bonus des bookmakers en Tha\u00eflande"}]},{"@type":"WebSite","@id":"https:\/\/www.freebetbest.com\/fr\/#website","url":"https:\/\/www.freebetbest.com\/fr\/","name":"Meilleurs casinos en ligne | Bonus Paris sportifs | Meilleurs bookmakers en ligne","description":"Meilleurs bookmakers en ligne, casinos, poker, bingo et paris sur mobiles, casinos en ligne, paris sur le football, codes promotionnels sans d\u00e9p\u00f4t, premier portail mondial des jeux d'argent.","publisher":{"@id":"https:\/\/www.freebetbest.com\/fr\/#\/schema\/person\/292684ccf388a2362d507874c5b80a69"},"potentialAction":[{"@type":"SearchAction","target":{"@type":"EntryPoint","urlTemplate":"https:\/\/www.freebetbest.com\/fr\/?s={search_term_string}"},"query-input":{"@type":"PropertyValueSpecification","valueRequired":true,"valueName":"search_term_string"}}],"inLanguage":"fr-FR"},{"@type":["Person","Organization"],"@id":"https:\/\/www.freebetbest.com\/fr\/#\/schema\/person\/292684ccf388a2362d507874c5b80a69","name":"\u7ba1\u7406","image":{"@type":"ImageObject","inLanguage":"fr-FR","@id":"https:\/\/www.freebetbest.com\/fr\/#\/schema\/person\/image\/","url":"https:\/\/www.freebetbest.com\/wp-content\/litespeed\/avatar\/49696b52fb15293a2168c14964fdd8b9.jpg?ver=1777439934","contentUrl":"https:\/\/www.freebetbest.com\/wp-content\/litespeed\/avatar\/49696b52fb15293a2168c14964fdd8b9.jpg?ver=1777439934","caption":"\u7ba1\u7406"},"logo":{"@id":"https:\/\/www.freebetbest.com\/fr\/#\/schema\/person\/image\/"},"sameAs":["admin"]}]}},"_links":{"self":[{"href":"https:\/\/www.freebetbest.com\/fr\/wp-json\/wp\/v2\/pages\/130932","targetHints":{"allow":["GET"]}}],"collection":[{"href":"https:\/\/www.freebetbest.com\/fr\/wp-json\/wp\/v2\/pages"}],"about":[{"href":"https:\/\/www.freebetbest.com\/fr\/wp-json\/wp\/v2\/types\/page"}],"author":[{"embeddable":true,"href":"https:\/\/www.freebetbest.com\/fr\/wp-json\/wp\/v2\/users\/1"}],"replies":[{"embeddable":true,"href":"https:\/\/www.freebetbest.com\/fr\/wp-json\/wp\/v2\/comments?post=130932"}],"version-history":[{"count":0,"href":"https:\/\/www.freebetbest.com\/fr\/wp-json\/wp\/v2\/pages\/130932\/revisions"}],"wp:featuredmedia":[{"embeddable":true,"href":"https:\/\/www.freebetbest.com\/fr\/wp-json\/wp\/v2\/media\/125268"}],"wp:attachment":[{"href":"https:\/\/www.freebetbest.com\/fr\/wp-json\/wp\/v2\/media?parent=130932"}],"curies":[{"name":"wp","href":"https:\/\/api.w.org\/{rel}","templated":true}]}}