{"id":130894,"date":"2021-06-10T14:16:38","date_gmt":"2021-06-10T14:16:38","guid":{"rendered":"https:\/\/www.freebetbest.com\/bookmakers-russes-bonus\/"},"modified":"2021-07-28T17:38:42","modified_gmt":"2021-07-28T17:38:42","slug":"bookmakers-russes-bonus","status":"publish","type":"page","link":"https:\/\/www.freebetbest.com\/fr\/bookmakers-russes-bonus\/","title":{"rendered":"Bonus des bookmakers russes"},"content":{"rendered":"<h2>Bookmakers russes Bonus pour les activit\u00e9s sportives<\/h2>\nBookmakers en ligne qui offrent des incitations. C&rsquo;est le premier encouragement des Bookmakers Russes Bonus. Les clients qui rejoignent son site de jeu. Pas tous les <a href=\"https:\/\/www.freebetsinfo.co.uk\/europe-bookmakers\/\">bookmakers<\/a> . Malheureusement, les deux leur fournissent la plupart des bookmakers. Bref. Ne s&rsquo;applique pas aux consommateurs vivant en Russie. Fournir leurs activit\u00e9s.\n<h3>Investissez dans des activit\u00e9s incitatives.<\/h3>\nRecommandations de<a href=\"https:\/\/www.freebetbest.com\/football-online-betting\/\"> les paris sportifs<\/a> entreprises. Reconstituer le premier d\u00e9p\u00f4t du client, jusqu&rsquo;\u00e0 un certain montant. Dans ces circonstances.\nSi vous respectez les conditions de l&rsquo;offre. Satisfait, le montant du bonus lui-m\u00eame. Bref. Il peut \u00e9ventuellement devenir de l&rsquo;argent r\u00e9el. Retirer de l&rsquo;argent \u00e0 l&rsquo;acheteur.\n<h3>Libre choix d&rsquo;activit\u00e9s<\/h3>\nLes bookmakers offrent des points de paris gratuits, afin que les nouveaux acheteurs puissent faire ce qu&rsquo;ils veulent. Trouvez ces points. Si les conditions de la r\u00e9compense sont remplies, elle ne peut \u00eatre que fournie. L&rsquo;argent de votre pari rentable sera finalement retir\u00e9 sous forme d&rsquo;argent r\u00e9el. Bref. Points de paris gratuits. Ou quel devrait \u00eatre le risque. Renvoyez-le au bookmaker.\n<h3>Augmenter les chances de promotion<\/h3>\nLes cotes fournies par le bookmaker. Plusieurs fois plus \u00e9lev\u00e9 que les cotes pr\u00e9f\u00e9r\u00e9es du client, et m\u00eame deviner le r\u00e9sultat d&rsquo;un jeu donn\u00e9, il s&rsquo;agit g\u00e9n\u00e9ralement d&rsquo;une activit\u00e9 \u00e9norme. Vous le d\u00e9couvrirez souvent. Le nombre maximum de paris est limit\u00e9 et peut \u00eatre ordonn\u00e9. Augmenter les opportunit\u00e9s d&rsquo;offres sp\u00e9ciales.\n<h3>Le site de bonus du bookmaker russe n&rsquo;offre pas de bonus suppl\u00e9mentaires.<\/h3>\nChaque bookmaker. Ils sont tous formul\u00e9s de diff\u00e9rentes mani\u00e8res. Leur plan strat\u00e9gique d&rsquo;entreprise. Parfois, l&rsquo;entreprise choisit comment augmenter et aider. L&rsquo;essentiel des acheteurs dont ils ont besoin est pour vous.\nBref. Fournir diverses formes de transactions de bonus. Au lieu de cela, certaines entreprises ont pris une d\u00e9cision. Ils aiment \u00e7a au bout d&rsquo;un moment. Il y a une chance de s&rsquo;am\u00e9liorer. Apporter de la valeur aux parieurs.\n<h3>Probl\u00e8me commun du bonus des bookmakers russes<\/h3>\nSi vous avez des questions sur les sites de jeux d&rsquo;argent russes, veuillez consulter la FAQ ci-dessous. Notre \u00e9quipe professionnelle. Continuera \u00e0 r\u00e9pondre \u00e0 toutes les questions.\n<h3>Quel est le meilleur site de jeu de la F\u00e9d\u00e9ration de Russie ?<\/h3>\nIl y en a beaucoup en Russie. Grand op\u00e9rateur de paris sportifs. Faites d\u00e9filer ce site Web et vous pouvez atteindre la F\u00e9d\u00e9ration de Russie. \u00c0 pr\u00e9sent. Le site de jeu le plus acclam\u00e9 accessible.\n<h3>Quelles offres de tournois puis-je trouver dans les paris sportifs russes ?<\/h3>\npeut \u00eatre. Comme tout march\u00e9 du jeu, la Russie propose de nombreuses offres de jeux qui peuvent \u00eatre r\u00e9clam\u00e9es \u00e0 la fois par les nouveaux joueurs et les joueurs existants. En d&rsquo;autres termes. Vous pourrez obtenir des offres sans d\u00e9p\u00f4t, des transactions avec bonus importants et agr\u00e9ables, des paris enti\u00e8rement gratuits, des chances plus \u00e9lev\u00e9es et plus encore.\n<h3>Le jeu est-il l\u00e9gal en Russie ?<\/h3>\nJetons un coup d&rsquo;oeil. Les lois et r\u00e9glementations russes sur les jeux de hasard sont tr\u00e8s fragment\u00e9es et d\u00e9pendent de vous. Le lieu d\u00e9pend de la l\u00e9gislation sur les paris sportifs adopt\u00e9e. Vous le saurez actuellement. Bref. Seules quatre r\u00e9gions l\u00e9galiseront pleinement les paris.\n<h3>Est-il possible pour PayPal de placer des bonus de bookmakers russes ?<\/h3>\nPayPal peut devenir un portefeuille \u00e9lectronique populaire utilis\u00e9 dans le monde entier. Solution. Il peut \u00eatre utilis\u00e9 dans plus de 200 endroits. Bref. En Russie, vous n&rsquo;aurez aucune difficult\u00e9 \u00e0 utiliser PayPal pour placer des paris.\n<h3>Existe-t-il de nouveaux sites de jeux d&rsquo;argent que vous pouvez promouvoir?<\/h3>\nen d&rsquo;autres termes. Comme de nombreux clients du jeu, nous sommes toujours \u00e0 la recherche de. Nouveau site de jeu int\u00e9ressant. Nos chercheurs. Continuera \u00e0 travailler avec de nouveaux op\u00e9rateurs. Modifiez ces pages ensemble, alors assurez-vous que vous \u00eates dans un avenir proche. V\u00e9rifiez \u00e0 nouveau avec nous.\n<h3>Est-il possible de continuer \u00e0 jouer en Russie ?<\/h3>\nPris dans la F\u00e9d\u00e9ration de Russie. Les paris en temps r\u00e9el sont en fait tr\u00e8s faciles, et il existe de nombreux paris sportifs de qualit\u00e9. Fournir ce service. Bref. Consultez notre propos. Profitez d&rsquo;une partie d\u00e9di\u00e9e au jeu en Russie. Pour plus d&rsquo;informations.\n\n<!-- \/wp:post-content -->","protected":false},"excerpt":{"rendered":"<p>Bookmakers russes Bonus et promotions bonus de bienvenue, la meilleure soci\u00e9t\u00e9 de paris en ligne de confiance.<\/p>\n<div class=\"hero-cup-section\">\n<div class=\"row mb-4\">\n<div class=\"col-md-7\">\n<div class=\"section-area\">\n<div class=\"section-list\">\n<li style=\"text-align: left\"><img decoding=\"async\" src=\"https:\/\/www.freebetbest.com\/wp-content\/uploads\/2021\/06\/tick.png\" alt=\"Des sports\"> Bonus de bienvenue du casino sportif.<\/li>\n<li style=\"text-align: left\"><img decoding=\"async\" src=\"https:\/\/www.freebetbest.com\/wp-content\/uploads\/2021\/06\/tick.png\" alt=\"offres de jeux\"> Offres et promotions de bookmakers en ligne.<\/li>\n<li style=\"text-align: left\"><img decoding=\"async\" src=\"https:\/\/www.freebetbest.com\/wp-content\/uploads\/2021\/06\/tick.png\" alt=\"offres de jeux\"> Les meilleurs bookmakers en ligne auxquels vous pouvez faire confiance.<\/li>\n<li style=\"text-align: left\"><img decoding=\"async\" src=\"https:\/\/www.freebetbest.com\/wp-content\/uploads\/2021\/06\/tick.png\" alt=\"Faisant autorit\u00e9\"> Examen faisant autorit\u00e9 S\u00fbr fiable.<\/li>\n<li style=\"text-align: left\"><img decoding=\"async\" src=\"https:\/\/www.freebetbest.com\/wp-content\/uploads\/2021\/06\/tick.png\" alt=\"Retraits rapides\"> Prise en charge de l&rsquo;application mobile, retraits rapides.<\/li>\n<li style=\"text-align: left\"><img decoding=\"async\" src=\"https:\/\/www.freebetbest.com\/wp-content\/uploads\/2021\/06\/tick.png\" alt=\"Service client\"> Support client : 365 jours, 24 heures par jour.<\/li>\n<\/div>\n<\/div>\n<\/div>\n<div class=\"col-md-5\">\n<div class=\"cup-img\"><img decoding=\"async\" src=\"https:\/\/www.freebetbest.com\/wp-content\/uploads\/2021\/06\/Russia2.png\" alt=\"pari gratuit\"><\/div>\n<\/div>\n<\/div>\n","protected":false},"author":1,"featured_media":125268,"parent":0,"menu_order":0,"comment_status":"closed","ping_status":"closed","template":"Russian-template.php","meta":{"footnotes":""},"class_list":["post-130894","page","type-page","status-publish","has-post-thumbnail","hentry"],"yoast_head":"<!-- This site is optimized with the Yoast SEO Premium plugin v19.5 (Yoast SEO v27.0) - https:\/\/yoast.com\/product\/yoast-seo-premium-wordpress\/ -->\n<title>Bonus des bookmakers russes , Promotion de premier d\u00e9p\u00f4t<\/title>\n<meta name=\"description\" content=\"Bonus des bookmakers russes , pari gratuit Bonus sans d\u00e9p\u00f4t, bienvenue code bonus de premier d\u00e9p\u00f4t, code bonus d&#039;inscription. Offres d&#039;inscription.\" \/>\n<meta name=\"robots\" content=\"index, follow, max-snippet:-1, max-image-preview:large, max-video-preview:-1\" \/>\n<link rel=\"canonical\" href=\"https:\/\/www.freebetbest.com\/fr\/bookmakers-russes-bonus\/\" \/>\n<meta property=\"og:locale\" content=\"fr_FR\" \/>\n<meta property=\"og:type\" content=\"article\" \/>\n<meta property=\"og:title\" content=\"Bonus des bookmakers russes\" \/>\n<meta property=\"og:description\" content=\"Bonus des bookmakers russes , pari gratuit Bonus sans d\u00e9p\u00f4t, bienvenue code bonus de premier d\u00e9p\u00f4t, code bonus d&#039;inscription. Offres d&#039;inscription.\" \/>\n<meta property=\"og:url\" content=\"https:\/\/www.freebetbest.com\/fr\/bookmakers-russes-bonus\/\" \/>\n<meta property=\"og:site_name\" content=\"Meilleurs casinos en ligne | Bonus Paris sportifs | Meilleurs bookmakers en ligne\" \/>\n<meta property=\"article:modified_time\" content=\"2021-07-28T17:38:42+00:00\" \/>\n<meta property=\"og:image\" content=\"https:\/\/www.freebetbest.com\/wp-content\/uploads\/2021\/06\/Bookmakers-scaled.jpg\" \/>\n\t<meta property=\"og:image:width\" content=\"417\" \/>\n\t<meta property=\"og:image:height\" content=\"180\" \/>\n\t<meta property=\"og:image:type\" content=\"image\/jpeg\" \/>\n<meta name=\"twitter:card\" content=\"summary_large_image\" \/>\n<meta name=\"twitter:label1\" content=\"Dur\u00e9e de lecture estim\u00e9e\" \/>\n\t<meta name=\"twitter:data1\" content=\"3 minutes\" \/>\n<script type=\"application\/ld+json\" class=\"yoast-schema-graph\">{\"@context\":\"https:\/\/schema.org\",\"@graph\":[{\"@type\":\"WebPage\",\"@id\":\"https:\/\/www.freebetbest.com\/fr\/bookmakers-russes-bonus\/\",\"url\":\"https:\/\/www.freebetbest.com\/fr\/bookmakers-russes-bonus\/\",\"name\":\"Bonus des bookmakers russes , Promotion de premier d\u00e9p\u00f4t\",\"isPartOf\":{\"@id\":\"https:\/\/www.freebetbest.com\/fr\/#website\"},\"primaryImageOfPage\":{\"@id\":\"https:\/\/www.freebetbest.com\/fr\/bookmakers-russes-bonus\/#primaryimage\"},\"image\":{\"@id\":\"https:\/\/www.freebetbest.com\/fr\/bookmakers-russes-bonus\/#primaryimage\"},\"thumbnailUrl\":\"https:\/\/www.freebetbest.com\/wp-content\/uploads\/2021\/06\/Bookmakers-scaled.jpg\",\"datePublished\":\"2021-06-10T14:16:38+00:00\",\"dateModified\":\"2021-07-28T17:38:42+00:00\",\"description\":\"Bonus des bookmakers russes , pari gratuit Bonus sans d\u00e9p\u00f4t, bienvenue code bonus de premier d\u00e9p\u00f4t, code bonus d'inscription. Offres d'inscription.\",\"breadcrumb\":{\"@id\":\"https:\/\/www.freebetbest.com\/fr\/bookmakers-russes-bonus\/#breadcrumb\"},\"inLanguage\":\"fr-FR\",\"potentialAction\":[{\"@type\":\"ReadAction\",\"target\":[\"https:\/\/www.freebetbest.com\/fr\/bookmakers-russes-bonus\/\"]}]},{\"@type\":\"ImageObject\",\"inLanguage\":\"fr-FR\",\"@id\":\"https:\/\/www.freebetbest.com\/fr\/bookmakers-russes-bonus\/#primaryimage\",\"url\":\"https:\/\/www.freebetbest.com\/wp-content\/uploads\/2021\/06\/Bookmakers-scaled.jpg\",\"contentUrl\":\"https:\/\/www.freebetbest.com\/wp-content\/uploads\/2021\/06\/Bookmakers-scaled.jpg\",\"width\":417,\"height\":180,\"caption\":\"Bonus des bookmakers chinois\"},{\"@type\":\"BreadcrumbList\",\"@id\":\"https:\/\/www.freebetbest.com\/fr\/bookmakers-russes-bonus\/#breadcrumb\",\"itemListElement\":[{\"@type\":\"ListItem\",\"position\":1,\"name\":\"Home\",\"item\":\"https:\/\/www.freebetbest.com\/fr\/\"},{\"@type\":\"ListItem\",\"position\":2,\"name\":\"Bonus des bookmakers russes\"}]},{\"@type\":\"WebSite\",\"@id\":\"https:\/\/www.freebetbest.com\/fr\/#website\",\"url\":\"https:\/\/www.freebetbest.com\/fr\/\",\"name\":\"Meilleurs casinos en ligne | Bonus Paris sportifs | Meilleurs bookmakers en ligne\",\"description\":\"Meilleurs bookmakers en ligne, casinos, poker, bingo et paris sur mobiles, casinos en ligne, paris sur le football, codes promotionnels sans d\u00e9p\u00f4t, premier portail mondial des jeux d'argent.\",\"publisher\":{\"@id\":\"https:\/\/www.freebetbest.com\/fr\/#\/schema\/person\/292684ccf388a2362d507874c5b80a69\"},\"potentialAction\":[{\"@type\":\"SearchAction\",\"target\":{\"@type\":\"EntryPoint\",\"urlTemplate\":\"https:\/\/www.freebetbest.com\/fr\/?s={search_term_string}\"},\"query-input\":{\"@type\":\"PropertyValueSpecification\",\"valueRequired\":true,\"valueName\":\"search_term_string\"}}],\"inLanguage\":\"fr-FR\"},{\"@type\":[\"Person\",\"Organization\"],\"@id\":\"https:\/\/www.freebetbest.com\/fr\/#\/schema\/person\/292684ccf388a2362d507874c5b80a69\",\"name\":\"\u7ba1\u7406\",\"image\":{\"@type\":\"ImageObject\",\"inLanguage\":\"fr-FR\",\"@id\":\"https:\/\/www.freebetbest.com\/fr\/#\/schema\/person\/image\/\",\"url\":\"https:\/\/www.freebetbest.com\/wp-content\/litespeed\/avatar\/49696b52fb15293a2168c14964fdd8b9.jpg?ver=1777439934\",\"contentUrl\":\"https:\/\/www.freebetbest.com\/wp-content\/litespeed\/avatar\/49696b52fb15293a2168c14964fdd8b9.jpg?ver=1777439934\",\"caption\":\"\u7ba1\u7406\"},\"logo\":{\"@id\":\"https:\/\/www.freebetbest.com\/fr\/#\/schema\/person\/image\/\"},\"sameAs\":[\"admin\"]}]}<\/script>\n<!-- \/ Yoast SEO Premium plugin. -->","yoast_head_json":{"title":"Bonus des bookmakers russes , Promotion de premier d\u00e9p\u00f4t","description":"Bonus des bookmakers russes , pari gratuit Bonus sans d\u00e9p\u00f4t, bienvenue code bonus de premier d\u00e9p\u00f4t, code bonus d'inscription. Offres d'inscription.","robots":{"index":"index","follow":"follow","max-snippet":"max-snippet:-1","max-image-preview":"max-image-preview:large","max-video-preview":"max-video-preview:-1"},"canonical":"https:\/\/www.freebetbest.com\/fr\/bookmakers-russes-bonus\/","og_locale":"fr_FR","og_type":"article","og_title":"Bonus des bookmakers russes","og_description":"Bonus des bookmakers russes , pari gratuit Bonus sans d\u00e9p\u00f4t, bienvenue code bonus de premier d\u00e9p\u00f4t, code bonus d'inscription. Offres d'inscription.","og_url":"https:\/\/www.freebetbest.com\/fr\/bookmakers-russes-bonus\/","og_site_name":"Meilleurs casinos en ligne | Bonus Paris sportifs | Meilleurs bookmakers en ligne","article_modified_time":"2021-07-28T17:38:42+00:00","og_image":[{"width":417,"height":180,"url":"https:\/\/www.freebetbest.com\/wp-content\/uploads\/2021\/06\/Bookmakers-scaled.jpg","type":"image\/jpeg"}],"twitter_card":"summary_large_image","twitter_misc":{"Dur\u00e9e de lecture estim\u00e9e":"3 minutes"},"schema":{"@context":"https:\/\/schema.org","@graph":[{"@type":"WebPage","@id":"https:\/\/www.freebetbest.com\/fr\/bookmakers-russes-bonus\/","url":"https:\/\/www.freebetbest.com\/fr\/bookmakers-russes-bonus\/","name":"Bonus des bookmakers russes , Promotion de premier d\u00e9p\u00f4t","isPartOf":{"@id":"https:\/\/www.freebetbest.com\/fr\/#website"},"primaryImageOfPage":{"@id":"https:\/\/www.freebetbest.com\/fr\/bookmakers-russes-bonus\/#primaryimage"},"image":{"@id":"https:\/\/www.freebetbest.com\/fr\/bookmakers-russes-bonus\/#primaryimage"},"thumbnailUrl":"https:\/\/www.freebetbest.com\/wp-content\/uploads\/2021\/06\/Bookmakers-scaled.jpg","datePublished":"2021-06-10T14:16:38+00:00","dateModified":"2021-07-28T17:38:42+00:00","description":"Bonus des bookmakers russes , pari gratuit Bonus sans d\u00e9p\u00f4t, bienvenue code bonus de premier d\u00e9p\u00f4t, code bonus d'inscription. Offres d'inscription.","breadcrumb":{"@id":"https:\/\/www.freebetbest.com\/fr\/bookmakers-russes-bonus\/#breadcrumb"},"inLanguage":"fr-FR","potentialAction":[{"@type":"ReadAction","target":["https:\/\/www.freebetbest.com\/fr\/bookmakers-russes-bonus\/"]}]},{"@type":"ImageObject","inLanguage":"fr-FR","@id":"https:\/\/www.freebetbest.com\/fr\/bookmakers-russes-bonus\/#primaryimage","url":"https:\/\/www.freebetbest.com\/wp-content\/uploads\/2021\/06\/Bookmakers-scaled.jpg","contentUrl":"https:\/\/www.freebetbest.com\/wp-content\/uploads\/2021\/06\/Bookmakers-scaled.jpg","width":417,"height":180,"caption":"Bonus des bookmakers chinois"},{"@type":"BreadcrumbList","@id":"https:\/\/www.freebetbest.com\/fr\/bookmakers-russes-bonus\/#breadcrumb","itemListElement":[{"@type":"ListItem","position":1,"name":"Home","item":"https:\/\/www.freebetbest.com\/fr\/"},{"@type":"ListItem","position":2,"name":"Bonus des bookmakers russes"}]},{"@type":"WebSite","@id":"https:\/\/www.freebetbest.com\/fr\/#website","url":"https:\/\/www.freebetbest.com\/fr\/","name":"Meilleurs casinos en ligne | Bonus Paris sportifs | Meilleurs bookmakers en ligne","description":"Meilleurs bookmakers en ligne, casinos, poker, bingo et paris sur mobiles, casinos en ligne, paris sur le football, codes promotionnels sans d\u00e9p\u00f4t, premier portail mondial des jeux d'argent.","publisher":{"@id":"https:\/\/www.freebetbest.com\/fr\/#\/schema\/person\/292684ccf388a2362d507874c5b80a69"},"potentialAction":[{"@type":"SearchAction","target":{"@type":"EntryPoint","urlTemplate":"https:\/\/www.freebetbest.com\/fr\/?s={search_term_string}"},"query-input":{"@type":"PropertyValueSpecification","valueRequired":true,"valueName":"search_term_string"}}],"inLanguage":"fr-FR"},{"@type":["Person","Organization"],"@id":"https:\/\/www.freebetbest.com\/fr\/#\/schema\/person\/292684ccf388a2362d507874c5b80a69","name":"\u7ba1\u7406","image":{"@type":"ImageObject","inLanguage":"fr-FR","@id":"https:\/\/www.freebetbest.com\/fr\/#\/schema\/person\/image\/","url":"https:\/\/www.freebetbest.com\/wp-content\/litespeed\/avatar\/49696b52fb15293a2168c14964fdd8b9.jpg?ver=1777439934","contentUrl":"https:\/\/www.freebetbest.com\/wp-content\/litespeed\/avatar\/49696b52fb15293a2168c14964fdd8b9.jpg?ver=1777439934","caption":"\u7ba1\u7406"},"logo":{"@id":"https:\/\/www.freebetbest.com\/fr\/#\/schema\/person\/image\/"},"sameAs":["admin"]}]}},"_links":{"self":[{"href":"https:\/\/www.freebetbest.com\/fr\/wp-json\/wp\/v2\/pages\/130894","targetHints":{"allow":["GET"]}}],"collection":[{"href":"https:\/\/www.freebetbest.com\/fr\/wp-json\/wp\/v2\/pages"}],"about":[{"href":"https:\/\/www.freebetbest.com\/fr\/wp-json\/wp\/v2\/types\/page"}],"author":[{"embeddable":true,"href":"https:\/\/www.freebetbest.com\/fr\/wp-json\/wp\/v2\/users\/1"}],"replies":[{"embeddable":true,"href":"https:\/\/www.freebetbest.com\/fr\/wp-json\/wp\/v2\/comments?post=130894"}],"version-history":[{"count":0,"href":"https:\/\/www.freebetbest.com\/fr\/wp-json\/wp\/v2\/pages\/130894\/revisions"}],"wp:featuredmedia":[{"embeddable":true,"href":"https:\/\/www.freebetbest.com\/fr\/wp-json\/wp\/v2\/media\/125268"}],"wp:attachment":[{"href":"https:\/\/www.freebetbest.com\/fr\/wp-json\/wp\/v2\/media?parent=130894"}],"curies":[{"name":"wp","href":"https:\/\/api.w.org\/{rel}","templated":true}]}}