{"id":130870,"date":"2021-06-10T08:56:34","date_gmt":"2021-06-10T08:56:34","guid":{"rendered":"https:\/\/www.freebetbest.com\/dernier-tennis-betting-bonus\/"},"modified":"2021-07-28T17:26:55","modified_gmt":"2021-07-28T17:26:55","slug":"dernier-tennis-betting-bonus","status":"publish","type":"page","link":"https:\/\/www.freebetbest.com\/fr\/dernier-tennis-betting-bonus\/","title":{"rendered":"Dernier bonus de paris sur le tennis"},"content":{"rendered":"<h2>Laissez le dernier bonus de paris sur le tennis fonctionner<\/h2>\n<p>Lorsque vous recherchez des activit\u00e9s sportives de jeu, vous pourriez ne pas envisager le dernier bonus de paris sur le tennis. Mais parier sur le jeu de tennis est facile, et il est facile de gagner des prix \u00e9normes. Voyons. Comment fonctionnent les paris sur le tennis. Et comment l&rsquo;obtenir de n&rsquo;importe quel pari. Techniques pour en tirer le meilleur parti. En conclusion, vous devez v\u00e9rifier. Quels paris sont ouverts, tels que les paris alternatifs divulgu\u00e9s par les bookmakers.<\/p>\n<h3>Jeu \u00e9tal\u00e9<\/h3>\n<p>Un pari distribu\u00e9 par jeu fait r\u00e9f\u00e9rence \u00e0 la fa\u00e7on dont quelqu&rsquo;un r\u00e9ussira par plusieurs jeux en ligne. Pour en revenir \u00e0 l&rsquo;illustration de Nadal et Djokovic, Nadal pourrait avoir un \u00e9cart de -1,5, bien que Djokovic inclue un \u00e9cart de +2,5. Vous pouvez choisir l&rsquo;estimation de propagation d\u00e9clarant que Nadal pourrait avoir pas moins de deux victoires de jeu de plus que Djokovic. Vous pouvez \u00e9galement aller de l&rsquo;avant et prendre l&rsquo;autre c\u00f4t\u00e9 et d\u00e9clarer que Djokovic gagnera plus de titres de jeu ou aura une ou deux victoires de jeu beaucoup moins au cours du match.<\/p>\n<h3>Jeu en ligne complet<\/h3>\n<p>Le complet fait r\u00e9f\u00e9rence \u00e0 la quantit\u00e9 de jeux vid\u00e9o qui se produira dans le compl\u00e9ment. Cette partie du jeu de tennis n\u00e9cessite de d\u00e9cider s&rsquo;il y aura beaucoup plus ou moins de titres de jeu que ce que montre la ligne de p\u00eache. Vous pouvez positionner une option selon laquelle un match aura beaucoup plus de 20,5 jeux, ou une autre d\u00e9clarant que vous trouverez moins de 20,5 jeux.<\/p>\n<h3>Dernier bonus de paris sur le tennis mis en place Distribuer<\/h3>\n<p>La configuration distribu\u00e9e est une autre des choix \u00e0 utiliser. La conjecture implique qui peut r\u00e9ussir l&rsquo;une des plus grandes collections \u00e0 l&rsquo;int\u00e9rieur d&rsquo;un compl\u00e9ment. La configuration \u00e9tal\u00e9e semble g\u00e9n\u00e9ralement \u00e0 -1,5 dans la plupart des conditions, la plupart des tournois impliquant un meilleur de trois ou cinq configurations.<\/p>\n<h3>Configuration du dernier bonus de paris sur le tennis termin\u00e9e<\/h3>\n<p>La configuration globale ressemble beaucoup \u00e0 l&rsquo;ensemble du jeu, car elle implique de choisir si une activit\u00e9 aura essentiellement par rapport \u00e0 un nombre distinct d&rsquo;unit\u00e9s. Le plus\/moins est normalement de 2,5 pour le match le plus fin des trois ou de 4,5 pour toute occasion du meilleur des cinq. Consid\u00e9rez cet aspect des jeux de tennis comme quelque chose o\u00f9 vous pensez que la concurrence devrait aller jusqu&rsquo;\u00e0 la plus grande vari\u00e9t\u00e9 de forfaits qui pourraient survenir.<\/p>\n<p>Les matchs de tennis sont fournis sous la forme<\/p>\n<p>Pourvu de paris sportifs. Par rapport aux paris sur les matchs de tennis, il a une port\u00e9e consid\u00e9rable. Nous devons jeter un \u0153il. Trois des conditions d&rsquo;inscription aux tournois de tennis les plus typiques, vous rencontrerez toutes les soci\u00e9t\u00e9s de paris du march\u00e9.<\/p>\n<p>Paris gratuits<\/p>\n<p>Parlez de ce qui peut \u00eatre utilis\u00e9 pour positionner les paris. Ant\u00e9c\u00e9dents de cr\u00e9dit d&rsquo;aide sociale. Vous pouvez utiliser un compl\u00e8tement<a href=\"https:\/\/www.freebetbest.com\/fr\/dernier-bonus-de-paris-gratuits\/\"> offre de paris gratuits<\/a> . Pour calculer totalement ou partiellement votre pari tennis. Il faut savoir que ce genre d&rsquo;inscription \u00e0 un tournoi de tennis. Le service fourni ne sera pas con\u00e7u comme un inconv\u00e9nient. S&rsquo;il vous pla\u00eet se r\u00e9f\u00e9rer \u00e0 des paris enti\u00e8rement gratuits. Relation d&rsquo;approvisionnement et exigences de paris sur les matchs afin de retirer tous les bonus.<\/p>\n<p>Mise en correspondance des acomptes<\/p>\n<p>C&rsquo;est beaucoup de paris sportifs. La fa\u00e7on la plus populaire de rejoindre le tennis. Les fournisseurs de services disent souvent. Ils suivront un certain pourcentage ou sp\u00e9cifique. En conclusion, r\u00e9duisez pour correspondre \u00e0 votre premier d\u00e9p\u00f4t.<\/p>\n<p>Risque-<a href=\"https:\/\/www.freebetsinfo.co.uk\/asia-bookmakers\/\"> paris gratuits<\/a><\/p>\n<p>Un autre pari sportif pour les matchs de tennis. Le favori est le pari sans risque. C&rsquo;est en fait li\u00e9 \u00e0 la devinette libre. C&rsquo;est exactement la m\u00eame chose dans le sentiment d&rsquo;obtenir un cr\u00e9dit de paris sportifs. En conclusion, ce jeu propose. Cela garantit que si vous perdez votre premier pari, vous aurez un pointage de cr\u00e9dit en option gratuite. Reprenez votre pari.<\/p>\n<p><!-- \/wp:post-content --><\/p>\n<p><!-- wp:paragraph \/--><\/p>\n","protected":false},"excerpt":{"rendered":"<p>Avec l&rsquo;expansion des activit\u00e9s sportives l\u00e9gales, nous pouvons contr\u00f4ler les mises \u00e0 jour de chacun des derniers avantages et applications de paris sportifs et de paris sportifs de premier plan.<\/p>\n<div class=\"hero-cup-section\">\n<div class=\"row mb-4\">\n<div class=\"col-md-7\">\n<div class=\"section-area\">\n<div class=\"section-list\">\n<li style=\"text-align: left\"><img decoding=\"async\" src=\"https:\/\/www.freebetbest.com\/wp-content\/uploads\/2021\/06\/tick.png\" alt=\"Des sports\"> Bonus de bienvenue du casino sportif.<\/li>\n<li style=\"text-align: left\"><img decoding=\"async\" src=\"https:\/\/www.freebetbest.com\/wp-content\/uploads\/2021\/06\/tick.png\" alt=\"offres de jeux\"> Offres et promotions de bookmakers en ligne.<\/li>\n<li style=\"text-align: left\"><img decoding=\"async\" src=\"https:\/\/www.freebetbest.com\/wp-content\/uploads\/2021\/06\/tick.png\" alt=\"offres de jeux\"> Les meilleurs bookmakers en ligne auxquels vous pouvez faire confiance.<\/li>\n<li style=\"text-align: left\"><img decoding=\"async\" src=\"https:\/\/www.freebetbest.com\/wp-content\/uploads\/2021\/06\/tick.png\" alt=\"Faisant autorit\u00e9\"> Examen faisant autorit\u00e9 S\u00fbr fiable.<\/li>\n<li style=\"text-align: left\"><img decoding=\"async\" src=\"https:\/\/www.freebetbest.com\/wp-content\/uploads\/2021\/06\/tick.png\" alt=\"Retraits rapides\"> Prise en charge de l&rsquo;application mobile, retraits rapides.<\/li>\n<li style=\"text-align: left\"><img decoding=\"async\" src=\"https:\/\/www.freebetbest.com\/wp-content\/uploads\/2021\/06\/tick.png\" alt=\"Service client\"> Support client : 365 jours, 24 heures par jour.<\/li>\n<\/div>\n<\/div>\n<\/div>\n<div class=\"col-md-5\">\n<div class=\"cup-img\"><img decoding=\"async\" src=\"https:\/\/www.freebetbest.com\/wp-content\/uploads\/2021\/06\/Cricket-Betting.png\" alt=\"pari gratuit\"><\/div>\n<\/div>\n<\/div>\n","protected":false},"author":1,"featured_media":125163,"parent":0,"menu_order":0,"comment_status":"closed","ping_status":"closed","template":"Sports-template.php","meta":{"footnotes":""},"class_list":["post-130870","page","type-page","status-publish","has-post-thumbnail","hentry"],"yoast_head":"<!-- This site is optimized with the Yoast SEO Premium plugin v19.5 (Yoast SEO v27.0) - https:\/\/yoast.com\/product\/yoast-seo-premium-wordpress\/ -->\n<title>Dernier bonus de paris sur le tennis Bonus d&#039;inscription pour les nouveaux clients<\/title>\n<meta name=\"description\" content=\"Dernier bonus de paris sur le tennis Meilleurs bookmakers en ligne, offres sports, casino, poker, bingo et paris mobiles, pari gratuit sans d\u00e9p\u00f4t\" \/>\n<meta name=\"robots\" content=\"index, follow, max-snippet:-1, max-image-preview:large, max-video-preview:-1\" \/>\n<link rel=\"canonical\" href=\"https:\/\/www.freebetbest.com\/fr\/dernier-tennis-betting-bonus\/\" \/>\n<meta property=\"og:locale\" content=\"fr_FR\" \/>\n<meta property=\"og:type\" content=\"article\" \/>\n<meta property=\"og:title\" content=\"Dernier bonus de paris sur le tennis\" \/>\n<meta property=\"og:description\" content=\"Dernier bonus de paris sur le tennis Meilleurs bookmakers en ligne, offres sports, casino, poker, bingo et paris mobiles, pari gratuit sans d\u00e9p\u00f4t\" \/>\n<meta property=\"og:url\" content=\"https:\/\/www.freebetbest.com\/fr\/dernier-tennis-betting-bonus\/\" \/>\n<meta property=\"og:site_name\" content=\"Meilleurs casinos en ligne | Bonus Paris sportifs | Meilleurs bookmakers en ligne\" \/>\n<meta property=\"article:modified_time\" content=\"2021-07-28T17:26:55+00:00\" \/>\n<meta property=\"og:image\" content=\"https:\/\/www.freebetbest.com\/wp-content\/uploads\/2021\/06\/tennis-betting-scaled.jpg\" \/>\n\t<meta property=\"og:image:width\" content=\"415\" \/>\n\t<meta property=\"og:image:height\" content=\"180\" \/>\n\t<meta property=\"og:image:type\" content=\"image\/jpeg\" \/>\n<meta name=\"twitter:card\" content=\"summary_large_image\" \/>\n<meta name=\"twitter:label1\" content=\"Dur\u00e9e de lecture estim\u00e9e\" \/>\n\t<meta name=\"twitter:data1\" content=\"3 minutes\" \/>\n<script type=\"application\/ld+json\" class=\"yoast-schema-graph\">{\"@context\":\"https:\/\/schema.org\",\"@graph\":[{\"@type\":\"WebPage\",\"@id\":\"https:\/\/www.freebetbest.com\/fr\/dernier-tennis-betting-bonus\/\",\"url\":\"https:\/\/www.freebetbest.com\/fr\/dernier-tennis-betting-bonus\/\",\"name\":\"Dernier bonus de paris sur le tennis Bonus d'inscription pour les nouveaux clients\",\"isPartOf\":{\"@id\":\"https:\/\/www.freebetbest.com\/fr\/#website\"},\"primaryImageOfPage\":{\"@id\":\"https:\/\/www.freebetbest.com\/fr\/dernier-tennis-betting-bonus\/#primaryimage\"},\"image\":{\"@id\":\"https:\/\/www.freebetbest.com\/fr\/dernier-tennis-betting-bonus\/#primaryimage\"},\"thumbnailUrl\":\"https:\/\/www.freebetbest.com\/wp-content\/uploads\/2021\/06\/tennis-betting-scaled.jpg\",\"datePublished\":\"2021-06-10T08:56:34+00:00\",\"dateModified\":\"2021-07-28T17:26:55+00:00\",\"description\":\"Dernier bonus de paris sur le tennis Meilleurs bookmakers en ligne, offres sports, casino, poker, bingo et paris mobiles, pari gratuit sans d\u00e9p\u00f4t\",\"breadcrumb\":{\"@id\":\"https:\/\/www.freebetbest.com\/fr\/dernier-tennis-betting-bonus\/#breadcrumb\"},\"inLanguage\":\"fr-FR\",\"potentialAction\":[{\"@type\":\"ReadAction\",\"target\":[\"https:\/\/www.freebetbest.com\/fr\/dernier-tennis-betting-bonus\/\"]}]},{\"@type\":\"ImageObject\",\"inLanguage\":\"fr-FR\",\"@id\":\"https:\/\/www.freebetbest.com\/fr\/dernier-tennis-betting-bonus\/#primaryimage\",\"url\":\"https:\/\/www.freebetbest.com\/wp-content\/uploads\/2021\/06\/tennis-betting-scaled.jpg\",\"contentUrl\":\"https:\/\/www.freebetbest.com\/wp-content\/uploads\/2021\/06\/tennis-betting-scaled.jpg\",\"width\":415,\"height\":180,\"caption\":\"paris-tennis\"},{\"@type\":\"BreadcrumbList\",\"@id\":\"https:\/\/www.freebetbest.com\/fr\/dernier-tennis-betting-bonus\/#breadcrumb\",\"itemListElement\":[{\"@type\":\"ListItem\",\"position\":1,\"name\":\"Home\",\"item\":\"https:\/\/www.freebetbest.com\/fr\/\"},{\"@type\":\"ListItem\",\"position\":2,\"name\":\"Dernier bonus de paris sur le tennis\"}]},{\"@type\":\"WebSite\",\"@id\":\"https:\/\/www.freebetbest.com\/fr\/#website\",\"url\":\"https:\/\/www.freebetbest.com\/fr\/\",\"name\":\"Meilleurs casinos en ligne | Bonus Paris sportifs | Meilleurs bookmakers en ligne\",\"description\":\"Meilleurs bookmakers en ligne, casinos, poker, bingo et paris sur mobiles, casinos en ligne, paris sur le football, codes promotionnels sans d\u00e9p\u00f4t, premier portail mondial des jeux d'argent.\",\"publisher\":{\"@id\":\"https:\/\/www.freebetbest.com\/fr\/#\/schema\/person\/292684ccf388a2362d507874c5b80a69\"},\"potentialAction\":[{\"@type\":\"SearchAction\",\"target\":{\"@type\":\"EntryPoint\",\"urlTemplate\":\"https:\/\/www.freebetbest.com\/fr\/?s={search_term_string}\"},\"query-input\":{\"@type\":\"PropertyValueSpecification\",\"valueRequired\":true,\"valueName\":\"search_term_string\"}}],\"inLanguage\":\"fr-FR\"},{\"@type\":[\"Person\",\"Organization\"],\"@id\":\"https:\/\/www.freebetbest.com\/fr\/#\/schema\/person\/292684ccf388a2362d507874c5b80a69\",\"name\":\"\u7ba1\u7406\",\"image\":{\"@type\":\"ImageObject\",\"inLanguage\":\"fr-FR\",\"@id\":\"https:\/\/www.freebetbest.com\/fr\/#\/schema\/person\/image\/\",\"url\":\"https:\/\/www.freebetbest.com\/wp-content\/litespeed\/avatar\/49696b52fb15293a2168c14964fdd8b9.jpg?ver=1776835103\",\"contentUrl\":\"https:\/\/www.freebetbest.com\/wp-content\/litespeed\/avatar\/49696b52fb15293a2168c14964fdd8b9.jpg?ver=1776835103\",\"caption\":\"\u7ba1\u7406\"},\"logo\":{\"@id\":\"https:\/\/www.freebetbest.com\/fr\/#\/schema\/person\/image\/\"},\"sameAs\":[\"admin\"]}]}<\/script>\n<!-- \/ Yoast SEO Premium plugin. -->","yoast_head_json":{"title":"Dernier bonus de paris sur le tennis Bonus d'inscription pour les nouveaux clients","description":"Dernier bonus de paris sur le tennis Meilleurs bookmakers en ligne, offres sports, casino, poker, bingo et paris mobiles, pari gratuit sans d\u00e9p\u00f4t","robots":{"index":"index","follow":"follow","max-snippet":"max-snippet:-1","max-image-preview":"max-image-preview:large","max-video-preview":"max-video-preview:-1"},"canonical":"https:\/\/www.freebetbest.com\/fr\/dernier-tennis-betting-bonus\/","og_locale":"fr_FR","og_type":"article","og_title":"Dernier bonus de paris sur le tennis","og_description":"Dernier bonus de paris sur le tennis Meilleurs bookmakers en ligne, offres sports, casino, poker, bingo et paris mobiles, pari gratuit sans d\u00e9p\u00f4t","og_url":"https:\/\/www.freebetbest.com\/fr\/dernier-tennis-betting-bonus\/","og_site_name":"Meilleurs casinos en ligne | Bonus Paris sportifs | Meilleurs bookmakers en ligne","article_modified_time":"2021-07-28T17:26:55+00:00","og_image":[{"width":415,"height":180,"url":"https:\/\/www.freebetbest.com\/wp-content\/uploads\/2021\/06\/tennis-betting-scaled.jpg","type":"image\/jpeg"}],"twitter_card":"summary_large_image","twitter_misc":{"Dur\u00e9e de lecture estim\u00e9e":"3 minutes"},"schema":{"@context":"https:\/\/schema.org","@graph":[{"@type":"WebPage","@id":"https:\/\/www.freebetbest.com\/fr\/dernier-tennis-betting-bonus\/","url":"https:\/\/www.freebetbest.com\/fr\/dernier-tennis-betting-bonus\/","name":"Dernier bonus de paris sur le tennis Bonus d'inscription pour les nouveaux clients","isPartOf":{"@id":"https:\/\/www.freebetbest.com\/fr\/#website"},"primaryImageOfPage":{"@id":"https:\/\/www.freebetbest.com\/fr\/dernier-tennis-betting-bonus\/#primaryimage"},"image":{"@id":"https:\/\/www.freebetbest.com\/fr\/dernier-tennis-betting-bonus\/#primaryimage"},"thumbnailUrl":"https:\/\/www.freebetbest.com\/wp-content\/uploads\/2021\/06\/tennis-betting-scaled.jpg","datePublished":"2021-06-10T08:56:34+00:00","dateModified":"2021-07-28T17:26:55+00:00","description":"Dernier bonus de paris sur le tennis Meilleurs bookmakers en ligne, offres sports, casino, poker, bingo et paris mobiles, pari gratuit sans d\u00e9p\u00f4t","breadcrumb":{"@id":"https:\/\/www.freebetbest.com\/fr\/dernier-tennis-betting-bonus\/#breadcrumb"},"inLanguage":"fr-FR","potentialAction":[{"@type":"ReadAction","target":["https:\/\/www.freebetbest.com\/fr\/dernier-tennis-betting-bonus\/"]}]},{"@type":"ImageObject","inLanguage":"fr-FR","@id":"https:\/\/www.freebetbest.com\/fr\/dernier-tennis-betting-bonus\/#primaryimage","url":"https:\/\/www.freebetbest.com\/wp-content\/uploads\/2021\/06\/tennis-betting-scaled.jpg","contentUrl":"https:\/\/www.freebetbest.com\/wp-content\/uploads\/2021\/06\/tennis-betting-scaled.jpg","width":415,"height":180,"caption":"paris-tennis"},{"@type":"BreadcrumbList","@id":"https:\/\/www.freebetbest.com\/fr\/dernier-tennis-betting-bonus\/#breadcrumb","itemListElement":[{"@type":"ListItem","position":1,"name":"Home","item":"https:\/\/www.freebetbest.com\/fr\/"},{"@type":"ListItem","position":2,"name":"Dernier bonus de paris sur le tennis"}]},{"@type":"WebSite","@id":"https:\/\/www.freebetbest.com\/fr\/#website","url":"https:\/\/www.freebetbest.com\/fr\/","name":"Meilleurs casinos en ligne | Bonus Paris sportifs | Meilleurs bookmakers en ligne","description":"Meilleurs bookmakers en ligne, casinos, poker, bingo et paris sur mobiles, casinos en ligne, paris sur le football, codes promotionnels sans d\u00e9p\u00f4t, premier portail mondial des jeux d'argent.","publisher":{"@id":"https:\/\/www.freebetbest.com\/fr\/#\/schema\/person\/292684ccf388a2362d507874c5b80a69"},"potentialAction":[{"@type":"SearchAction","target":{"@type":"EntryPoint","urlTemplate":"https:\/\/www.freebetbest.com\/fr\/?s={search_term_string}"},"query-input":{"@type":"PropertyValueSpecification","valueRequired":true,"valueName":"search_term_string"}}],"inLanguage":"fr-FR"},{"@type":["Person","Organization"],"@id":"https:\/\/www.freebetbest.com\/fr\/#\/schema\/person\/292684ccf388a2362d507874c5b80a69","name":"\u7ba1\u7406","image":{"@type":"ImageObject","inLanguage":"fr-FR","@id":"https:\/\/www.freebetbest.com\/fr\/#\/schema\/person\/image\/","url":"https:\/\/www.freebetbest.com\/wp-content\/litespeed\/avatar\/49696b52fb15293a2168c14964fdd8b9.jpg?ver=1776835103","contentUrl":"https:\/\/www.freebetbest.com\/wp-content\/litespeed\/avatar\/49696b52fb15293a2168c14964fdd8b9.jpg?ver=1776835103","caption":"\u7ba1\u7406"},"logo":{"@id":"https:\/\/www.freebetbest.com\/fr\/#\/schema\/person\/image\/"},"sameAs":["admin"]}]}},"_links":{"self":[{"href":"https:\/\/www.freebetbest.com\/fr\/wp-json\/wp\/v2\/pages\/130870","targetHints":{"allow":["GET"]}}],"collection":[{"href":"https:\/\/www.freebetbest.com\/fr\/wp-json\/wp\/v2\/pages"}],"about":[{"href":"https:\/\/www.freebetbest.com\/fr\/wp-json\/wp\/v2\/types\/page"}],"author":[{"embeddable":true,"href":"https:\/\/www.freebetbest.com\/fr\/wp-json\/wp\/v2\/users\/1"}],"replies":[{"embeddable":true,"href":"https:\/\/www.freebetbest.com\/fr\/wp-json\/wp\/v2\/comments?post=130870"}],"version-history":[{"count":0,"href":"https:\/\/www.freebetbest.com\/fr\/wp-json\/wp\/v2\/pages\/130870\/revisions"}],"wp:featuredmedia":[{"embeddable":true,"href":"https:\/\/www.freebetbest.com\/fr\/wp-json\/wp\/v2\/media\/125163"}],"wp:attachment":[{"href":"https:\/\/www.freebetbest.com\/fr\/wp-json\/wp\/v2\/media?parent=130870"}],"curies":[{"name":"wp","href":"https:\/\/api.w.org\/{rel}","templated":true}]}}