{"id":130703,"date":"2021-06-10T09:25:38","date_gmt":"2021-06-10T09:25:38","guid":{"rendered":"https:\/\/www.freebetbest.com\/dernier-loto-loterie-pari-bonus\/"},"modified":"2021-07-28T17:31:59","modified_gmt":"2021-07-28T17:31:59","slug":"dernier-loto-loterie-pari-bonus","status":"publish","type":"page","link":"https:\/\/www.freebetbest.com\/fr\/dernier-loto-loterie-pari-bonus\/","title":{"rendered":"Dernier bonus de pari de loterie du loto"},"content":{"rendered":"<h2>\u00c0 propos du dernier bonus de pari de loterie du loto<\/h2>\n<p> Le dernier bonus de pari de loterie Lotto est diff\u00e9rent du jeu traditionnel car vous ne l&rsquo;achetez pas r\u00e9ellement. Billets de loterie physiques ou acheter des billets de loterie sur Internet. Au contraire, comme son nom l&rsquo;indique, vous \u00eates un pari de loterie.<\/p>\n<p>Maintenant, vous voudrez peut-\u00eatre savoir. Que se passe-t-il apr\u00e8s avoir remport\u00e9 le prix. Si vous achetez un billet de loterie, l&rsquo;op\u00e9rateur paiera le bonus. D&rsquo;autre part, les sites de paris de loterie. Adoptez un mod\u00e8le de police d&rsquo;assurance. Cela signifie les sites de paris de loterie. En conclusion, travaillez avec les compagnies d&rsquo;assurance et fournissez une assurance pour chaque supposition.<\/p>\n<h2>Loterie internationale. Pariez tous vos derniers bonus de pari de loterie Lotto<\/h2>\n<p>La loterie physique est uniquement applicable. Citoyens de votre pays\/r\u00e9gion. Par exemple, la loterie Powerball. Ne peut \u00eatre achet\u00e9 qu&rsquo;aux \u00c9tats-Unis. Aide de messagerie Lotto. Ceci est surmont\u00e9 dans une certaine mesure, mais il n&rsquo;y a rien de mieux que lorsque vous jouez \u00e0 la loterie. L&rsquo;\u00e9ventail des possibilit\u00e9s est encore meilleur. En conclusion, les sites de paris de loterie sont dans le monde entier. Une grande vari\u00e9t\u00e9 de paris de loto est propos\u00e9e, ce qui signifie absolu. Les alternatives de jeu ne manquent pas.<\/p>\n<h3>Profitez de plus d&rsquo;options de paris<\/h3>\n<p>Certains loto britannique<a href=\"https:\/\/www.freebetbest.com\/fr\/paris-football-en-ligne\/\"> sites de paris<\/a> . Fournit une gamme de possibilit\u00e9s de paris. Si vous n&rsquo;aimez pas deviner. Cela peut \u00eatre une bonne solution pour le risque potentiel de chaque montant. M\u00eame ainsi, pas tous les sites Web. Les deux vous offrent cette fonctionnalit\u00e9, alors assurez-vous de vous inscrire avant. V\u00e9rifiez les options de pari propos\u00e9es.<\/p>\n<h3>En ayant la possibilit\u00e9 de vous inscrire<a href=\"https:\/\/www.freebetsinfo.co.uk\/asia-online-casino\/\"> sites de paris au loto<\/a><\/h3>\n<p>Vous n&rsquo;aurez peut-\u00eatre pas autant de succ\u00e8s que vous l&rsquo;aviez devin\u00e9, mais inscrivez-vous \u00e0 un consortium. Cela peut signifier que vous \u00eates plus susceptible d&rsquo;obtenir des r\u00e9sultats. Compte tenu du succ\u00e8s improbable du Loto, c&rsquo;est un excellent avantage pour de nombreux joueurs.<\/p>\n<h3>Plus qu&rsquo;un simple bonus de pari de la derni\u00e8re loterie du loto<\/h3>\n<p>Ce n&rsquo;est pas seulement sur les sites de paris de loterie. Tirage au sort du loto sur \u00e9cran. Parfois, vous constaterez qu&rsquo;il fournit des cartes \u00e0 gratter. Et un acc\u00e8s instantan\u00e9 aux jeux vid\u00e9o, tr\u00e8s convenable entre les r\u00e9ceptions. Jouez \u00e0 un jeu rapide. Beaucoup des meilleurs sites Web. Des jeux de casino sont \u00e9galement propos\u00e9s.<\/p>\n<h3>Comment choisir le bookmaker de loto le plus efficace<\/h3>\n<p>Nos experts de l&rsquo;industrie sont dans cet article. Les programmes de paris de loterie les plus c\u00e9l\u00e8bres sont pr\u00e9sent\u00e9s, alors comment les avons-nous choisis ? Notre soci\u00e9t\u00e9 utilise et contr\u00f4le. Le meilleur site de loterie est du m\u00eame aspect.<\/p>\n<p>Voici comment vous \u00e9valuez ces plans :<\/p>\n<h3> Le dernier bonus de pari de loterie du loto suit les r\u00e8gles<\/h3>\n<p>Certificat de jeu vid\u00e9o. C&rsquo;est une parfaite affirmation des r\u00e8gles propres \u00e0 la plate-forme. Ces certifications assurent le propri\u00e9taire. Il y a des liquidit\u00e9s pour d\u00e9penser les r\u00e9compenses que vous pourriez obtenir.<\/p>\n<p>Couche de s\u00e9curit\u00e9<\/p>\n<p>Les cyberattaques ne sont pas rares, donc les op\u00e9rateurs de loterie. Son site Web doit \u00eatre prot\u00e9g\u00e9 contre les pirates en ligne. Assurez-vous que le fournisseur utilise SSL et d&rsquo;autres programmes de stabilit\u00e9. Pour maintenir la s\u00e9curit\u00e9 de vos informations.<\/p>\n<p>\u00c0 quelles loteries pouvez-vous jouer sur le site Web? Prot\u00e8ge-t-il les jeux importants et votre choix figure-t-il sur la liste ?<\/p>\n<h3>Options de paris suppl\u00e9mentaires<\/h3>\n<p>Ceux-ci peuvent impliquer des plaisirs syndiqu\u00e9s, des paris sp\u00e9ciaux et des choix similaires.<\/p>\n<h3>Mode de r\u00e8glement<\/h3>\n<p>Votre mode de paiement pr\u00e9f\u00e9r\u00e9 devrait figurer sur la liste. L&rsquo;option d&rsquo;acompte et de retrait la plus populaire. Il s&rsquo;agit de portefeuilles \u00e9lectroniques, de cartes de paiement et de bons.<\/p>\n<p>Derni\u00e8res Loto Loterie Paris Bonus Aide Mobile<\/p>\n<h3>Pouvez-vous mettre en place des paris de loto en d\u00e9placement ?<\/h3>\n<p>Certaines entreprises proposent des applications portables et d&rsquo;autres les autorisent. Vous directement depuis le navigateur de l&rsquo;appareil portable. Ex\u00e9cuter sur leur site. Dans tous les cas, il est vital de participer au moins une fois \u00e0 la course.<\/p>\n<h3>Service d&rsquo;assistance<\/h3>\n<p>Si vous avez des questions ou des probl\u00e8mes, une satisfaction client pr\u00e9cieuse. Devient vital. Vous devez disposer de plusieurs m\u00e9thodes pour \u00eatre efficace, telles que le chat en direct, l&rsquo;e-mail ou le t\u00e9l\u00e9phone<\/p>\n<p><!-- \/wp:post-content --><\/p>\n<p><!-- wp:paragraph \/--><\/p>\n","protected":false},"excerpt":{"rendered":"<p>Recherchez et \u00e9valuez toutes les r\u00e9compenses de loterie en ligne les plus r\u00e9centes dans notre vaste r\u00e9pertoire de jeux d&rsquo;argent. Profitez des bonnes affaires des r\u00e8gles de promotion du loto populaires et des bonus exclusifs offerts par le<\/p>\n<div class=\"hero-cup-section\">\n<div class=\"row mb-4\">\n<div class=\"col-md-7\">\n<div class=\"section-area\">\n<div class=\"section-list\">\n<li style=\"text-align: left\"><img decoding=\"async\" src=\"https:\/\/www.freebetbest.com\/wp-content\/uploads\/2021\/06\/tick.png\" alt=\"Des sports\"> Bonus de bienvenue du casino sportif.<\/li>\n<li style=\"text-align: left\"><img decoding=\"async\" src=\"https:\/\/www.freebetbest.com\/wp-content\/uploads\/2021\/06\/tick.png\" alt=\"offres de jeux\"> Offres et promotions de bookmakers en ligne.<\/li>\n<li style=\"text-align: left\"><img decoding=\"async\" src=\"https:\/\/www.freebetbest.com\/wp-content\/uploads\/2021\/06\/tick.png\" alt=\"offres de jeux\"> Les meilleurs bookmakers en ligne auxquels vous pouvez faire confiance.<\/li>\n<li style=\"text-align: left\"><img decoding=\"async\" src=\"https:\/\/www.freebetbest.com\/wp-content\/uploads\/2021\/06\/tick.png\" alt=\"Faisant autorit\u00e9\"> Examen faisant autorit\u00e9 S\u00fbr fiable.<\/li>\n<li style=\"text-align: left\"><img decoding=\"async\" src=\"https:\/\/www.freebetbest.com\/wp-content\/uploads\/2021\/06\/tick.png\" alt=\"Retraits rapides\"> Prise en charge de l&rsquo;application mobile, retraits rapides.<\/li>\n<li style=\"text-align: left\"><img decoding=\"async\" src=\"https:\/\/www.freebetbest.com\/wp-content\/uploads\/2021\/06\/tick.png\" alt=\"Service client\"> Support client : 365 jours, 24 heures par jour.<\/li>\n<\/div>\n<\/div>\n<\/div>\n<div class=\"col-md-5\">\n<div class=\"cup-img\"><img decoding=\"async\" src=\"https:\/\/www.freebetbest.com\/wp-content\/uploads\/2021\/06\/bingo.png\" alt=\"pari gratuit\"><\/div>\n<\/div>\n<\/div>\n","protected":false},"author":1,"featured_media":125237,"parent":0,"menu_order":0,"comment_status":"closed","ping_status":"closed","template":"lotto-template.php","meta":{"footnotes":""},"class_list":["post-130703","page","type-page","status-publish","has-post-thumbnail","hentry"],"yoast_head":"<!-- This site is optimized with the Yoast SEO Premium plugin v19.5 (Yoast SEO v27.0) - https:\/\/yoast.com\/product\/yoast-seo-premium-wordpress\/ -->\n<title>Dernier bonus de pari de loterie du loto Bonus d&#039;inscription pour les nouveaux clients<\/title>\n<meta name=\"description\" content=\"Dernier bonus de pari de loterie du loto Meilleurs bookmakers en ligne, offres sports, casino, poker, bingo et paris mobiles, pari gratuit sans d\u00e9p\u00f4t\" \/>\n<meta name=\"robots\" content=\"index, follow, max-snippet:-1, max-image-preview:large, max-video-preview:-1\" \/>\n<link rel=\"canonical\" href=\"https:\/\/www.freebetbest.com\/fr\/dernier-loto-loterie-pari-bonus\/\" \/>\n<meta property=\"og:locale\" content=\"fr_FR\" \/>\n<meta property=\"og:type\" content=\"article\" \/>\n<meta property=\"og:title\" content=\"Dernier bonus de pari de loterie du loto\" \/>\n<meta property=\"og:description\" content=\"Dernier bonus de pari de loterie du loto Meilleurs bookmakers en ligne, offres sports, casino, poker, bingo et paris mobiles, pari gratuit sans d\u00e9p\u00f4t\" \/>\n<meta property=\"og:url\" content=\"https:\/\/www.freebetbest.com\/fr\/dernier-loto-loterie-pari-bonus\/\" \/>\n<meta property=\"og:site_name\" content=\"Meilleurs casinos en ligne | Bonus Paris sportifs | Meilleurs bookmakers en ligne\" \/>\n<meta property=\"article:modified_time\" content=\"2021-07-28T17:31:59+00:00\" \/>\n<meta property=\"og:image\" content=\"https:\/\/www.freebetbest.com\/wp-content\/uploads\/2021\/06\/Lotte-scaled.jpg\" \/>\n\t<meta property=\"og:image:width\" content=\"318\" \/>\n\t<meta property=\"og:image:height\" content=\"180\" \/>\n\t<meta property=\"og:image:type\" content=\"image\/jpeg\" \/>\n<meta name=\"twitter:card\" content=\"summary_large_image\" \/>\n<meta name=\"twitter:label1\" content=\"Dur\u00e9e de lecture estim\u00e9e\" \/>\n\t<meta name=\"twitter:data1\" content=\"3 minutes\" \/>\n<script type=\"application\/ld+json\" class=\"yoast-schema-graph\">{\"@context\":\"https:\/\/schema.org\",\"@graph\":[{\"@type\":\"WebPage\",\"@id\":\"https:\/\/www.freebetbest.com\/fr\/dernier-loto-loterie-pari-bonus\/\",\"url\":\"https:\/\/www.freebetbest.com\/fr\/dernier-loto-loterie-pari-bonus\/\",\"name\":\"Dernier bonus de pari de loterie du loto Bonus d'inscription pour les nouveaux clients\",\"isPartOf\":{\"@id\":\"https:\/\/www.freebetbest.com\/fr\/#website\"},\"primaryImageOfPage\":{\"@id\":\"https:\/\/www.freebetbest.com\/fr\/dernier-loto-loterie-pari-bonus\/#primaryimage\"},\"image\":{\"@id\":\"https:\/\/www.freebetbest.com\/fr\/dernier-loto-loterie-pari-bonus\/#primaryimage\"},\"thumbnailUrl\":\"https:\/\/www.freebetbest.com\/wp-content\/uploads\/2021\/06\/Lotte-scaled.jpg\",\"datePublished\":\"2021-06-10T09:25:38+00:00\",\"dateModified\":\"2021-07-28T17:31:59+00:00\",\"description\":\"Dernier bonus de pari de loterie du loto Meilleurs bookmakers en ligne, offres sports, casino, poker, bingo et paris mobiles, pari gratuit sans d\u00e9p\u00f4t\",\"breadcrumb\":{\"@id\":\"https:\/\/www.freebetbest.com\/fr\/dernier-loto-loterie-pari-bonus\/#breadcrumb\"},\"inLanguage\":\"fr-FR\",\"potentialAction\":[{\"@type\":\"ReadAction\",\"target\":[\"https:\/\/www.freebetbest.com\/fr\/dernier-loto-loterie-pari-bonus\/\"]}]},{\"@type\":\"ImageObject\",\"inLanguage\":\"fr-FR\",\"@id\":\"https:\/\/www.freebetbest.com\/fr\/dernier-loto-loterie-pari-bonus\/#primaryimage\",\"url\":\"https:\/\/www.freebetbest.com\/wp-content\/uploads\/2021\/06\/Lotte-scaled.jpg\",\"contentUrl\":\"https:\/\/www.freebetbest.com\/wp-content\/uploads\/2021\/06\/Lotte-scaled.jpg\",\"width\":318,\"height\":180,\"caption\":\"Lotte\"},{\"@type\":\"BreadcrumbList\",\"@id\":\"https:\/\/www.freebetbest.com\/fr\/dernier-loto-loterie-pari-bonus\/#breadcrumb\",\"itemListElement\":[{\"@type\":\"ListItem\",\"position\":1,\"name\":\"Home\",\"item\":\"https:\/\/www.freebetbest.com\/fr\/\"},{\"@type\":\"ListItem\",\"position\":2,\"name\":\"Dernier bonus de pari de loterie du loto\"}]},{\"@type\":\"WebSite\",\"@id\":\"https:\/\/www.freebetbest.com\/fr\/#website\",\"url\":\"https:\/\/www.freebetbest.com\/fr\/\",\"name\":\"Meilleurs casinos en ligne | Bonus Paris sportifs | Meilleurs bookmakers en ligne\",\"description\":\"Meilleurs bookmakers en ligne, casinos, poker, bingo et paris sur mobiles, casinos en ligne, paris sur le football, codes promotionnels sans d\u00e9p\u00f4t, premier portail mondial des jeux d'argent.\",\"publisher\":{\"@id\":\"https:\/\/www.freebetbest.com\/fr\/#\/schema\/person\/292684ccf388a2362d507874c5b80a69\"},\"potentialAction\":[{\"@type\":\"SearchAction\",\"target\":{\"@type\":\"EntryPoint\",\"urlTemplate\":\"https:\/\/www.freebetbest.com\/fr\/?s={search_term_string}\"},\"query-input\":{\"@type\":\"PropertyValueSpecification\",\"valueRequired\":true,\"valueName\":\"search_term_string\"}}],\"inLanguage\":\"fr-FR\"},{\"@type\":[\"Person\",\"Organization\"],\"@id\":\"https:\/\/www.freebetbest.com\/fr\/#\/schema\/person\/292684ccf388a2362d507874c5b80a69\",\"name\":\"\u7ba1\u7406\",\"image\":{\"@type\":\"ImageObject\",\"inLanguage\":\"fr-FR\",\"@id\":\"https:\/\/www.freebetbest.com\/fr\/#\/schema\/person\/image\/\",\"url\":\"https:\/\/www.freebetbest.com\/wp-content\/litespeed\/avatar\/49696b52fb15293a2168c14964fdd8b9.jpg?ver=1776230299\",\"contentUrl\":\"https:\/\/www.freebetbest.com\/wp-content\/litespeed\/avatar\/49696b52fb15293a2168c14964fdd8b9.jpg?ver=1776230299\",\"caption\":\"\u7ba1\u7406\"},\"logo\":{\"@id\":\"https:\/\/www.freebetbest.com\/fr\/#\/schema\/person\/image\/\"},\"sameAs\":[\"admin\"]}]}<\/script>\n<!-- \/ Yoast SEO Premium plugin. -->","yoast_head_json":{"title":"Dernier bonus de pari de loterie du loto Bonus d'inscription pour les nouveaux clients","description":"Dernier bonus de pari de loterie du loto Meilleurs bookmakers en ligne, offres sports, casino, poker, bingo et paris mobiles, pari gratuit sans d\u00e9p\u00f4t","robots":{"index":"index","follow":"follow","max-snippet":"max-snippet:-1","max-image-preview":"max-image-preview:large","max-video-preview":"max-video-preview:-1"},"canonical":"https:\/\/www.freebetbest.com\/fr\/dernier-loto-loterie-pari-bonus\/","og_locale":"fr_FR","og_type":"article","og_title":"Dernier bonus de pari de loterie du loto","og_description":"Dernier bonus de pari de loterie du loto Meilleurs bookmakers en ligne, offres sports, casino, poker, bingo et paris mobiles, pari gratuit sans d\u00e9p\u00f4t","og_url":"https:\/\/www.freebetbest.com\/fr\/dernier-loto-loterie-pari-bonus\/","og_site_name":"Meilleurs casinos en ligne | Bonus Paris sportifs | Meilleurs bookmakers en ligne","article_modified_time":"2021-07-28T17:31:59+00:00","og_image":[{"width":318,"height":180,"url":"https:\/\/www.freebetbest.com\/wp-content\/uploads\/2021\/06\/Lotte-scaled.jpg","type":"image\/jpeg"}],"twitter_card":"summary_large_image","twitter_misc":{"Dur\u00e9e de lecture estim\u00e9e":"3 minutes"},"schema":{"@context":"https:\/\/schema.org","@graph":[{"@type":"WebPage","@id":"https:\/\/www.freebetbest.com\/fr\/dernier-loto-loterie-pari-bonus\/","url":"https:\/\/www.freebetbest.com\/fr\/dernier-loto-loterie-pari-bonus\/","name":"Dernier bonus de pari de loterie du loto Bonus d'inscription pour les nouveaux clients","isPartOf":{"@id":"https:\/\/www.freebetbest.com\/fr\/#website"},"primaryImageOfPage":{"@id":"https:\/\/www.freebetbest.com\/fr\/dernier-loto-loterie-pari-bonus\/#primaryimage"},"image":{"@id":"https:\/\/www.freebetbest.com\/fr\/dernier-loto-loterie-pari-bonus\/#primaryimage"},"thumbnailUrl":"https:\/\/www.freebetbest.com\/wp-content\/uploads\/2021\/06\/Lotte-scaled.jpg","datePublished":"2021-06-10T09:25:38+00:00","dateModified":"2021-07-28T17:31:59+00:00","description":"Dernier bonus de pari de loterie du loto Meilleurs bookmakers en ligne, offres sports, casino, poker, bingo et paris mobiles, pari gratuit sans d\u00e9p\u00f4t","breadcrumb":{"@id":"https:\/\/www.freebetbest.com\/fr\/dernier-loto-loterie-pari-bonus\/#breadcrumb"},"inLanguage":"fr-FR","potentialAction":[{"@type":"ReadAction","target":["https:\/\/www.freebetbest.com\/fr\/dernier-loto-loterie-pari-bonus\/"]}]},{"@type":"ImageObject","inLanguage":"fr-FR","@id":"https:\/\/www.freebetbest.com\/fr\/dernier-loto-loterie-pari-bonus\/#primaryimage","url":"https:\/\/www.freebetbest.com\/wp-content\/uploads\/2021\/06\/Lotte-scaled.jpg","contentUrl":"https:\/\/www.freebetbest.com\/wp-content\/uploads\/2021\/06\/Lotte-scaled.jpg","width":318,"height":180,"caption":"Lotte"},{"@type":"BreadcrumbList","@id":"https:\/\/www.freebetbest.com\/fr\/dernier-loto-loterie-pari-bonus\/#breadcrumb","itemListElement":[{"@type":"ListItem","position":1,"name":"Home","item":"https:\/\/www.freebetbest.com\/fr\/"},{"@type":"ListItem","position":2,"name":"Dernier bonus de pari de loterie du loto"}]},{"@type":"WebSite","@id":"https:\/\/www.freebetbest.com\/fr\/#website","url":"https:\/\/www.freebetbest.com\/fr\/","name":"Meilleurs casinos en ligne | Bonus Paris sportifs | Meilleurs bookmakers en ligne","description":"Meilleurs bookmakers en ligne, casinos, poker, bingo et paris sur mobiles, casinos en ligne, paris sur le football, codes promotionnels sans d\u00e9p\u00f4t, premier portail mondial des jeux d'argent.","publisher":{"@id":"https:\/\/www.freebetbest.com\/fr\/#\/schema\/person\/292684ccf388a2362d507874c5b80a69"},"potentialAction":[{"@type":"SearchAction","target":{"@type":"EntryPoint","urlTemplate":"https:\/\/www.freebetbest.com\/fr\/?s={search_term_string}"},"query-input":{"@type":"PropertyValueSpecification","valueRequired":true,"valueName":"search_term_string"}}],"inLanguage":"fr-FR"},{"@type":["Person","Organization"],"@id":"https:\/\/www.freebetbest.com\/fr\/#\/schema\/person\/292684ccf388a2362d507874c5b80a69","name":"\u7ba1\u7406","image":{"@type":"ImageObject","inLanguage":"fr-FR","@id":"https:\/\/www.freebetbest.com\/fr\/#\/schema\/person\/image\/","url":"https:\/\/www.freebetbest.com\/wp-content\/litespeed\/avatar\/49696b52fb15293a2168c14964fdd8b9.jpg?ver=1776230299","contentUrl":"https:\/\/www.freebetbest.com\/wp-content\/litespeed\/avatar\/49696b52fb15293a2168c14964fdd8b9.jpg?ver=1776230299","caption":"\u7ba1\u7406"},"logo":{"@id":"https:\/\/www.freebetbest.com\/fr\/#\/schema\/person\/image\/"},"sameAs":["admin"]}]}},"_links":{"self":[{"href":"https:\/\/www.freebetbest.com\/fr\/wp-json\/wp\/v2\/pages\/130703","targetHints":{"allow":["GET"]}}],"collection":[{"href":"https:\/\/www.freebetbest.com\/fr\/wp-json\/wp\/v2\/pages"}],"about":[{"href":"https:\/\/www.freebetbest.com\/fr\/wp-json\/wp\/v2\/types\/page"}],"author":[{"embeddable":true,"href":"https:\/\/www.freebetbest.com\/fr\/wp-json\/wp\/v2\/users\/1"}],"replies":[{"embeddable":true,"href":"https:\/\/www.freebetbest.com\/fr\/wp-json\/wp\/v2\/comments?post=130703"}],"version-history":[{"count":0,"href":"https:\/\/www.freebetbest.com\/fr\/wp-json\/wp\/v2\/pages\/130703\/revisions"}],"wp:featuredmedia":[{"embeddable":true,"href":"https:\/\/www.freebetbest.com\/fr\/wp-json\/wp\/v2\/media\/125237"}],"wp:attachment":[{"href":"https:\/\/www.freebetbest.com\/fr\/wp-json\/wp\/v2\/media?parent=130703"}],"curies":[{"name":"wp","href":"https:\/\/api.w.org\/{rel}","templated":true}]}}