{"id":130686,"date":"2021-06-10T07:22:01","date_gmt":"2021-06-10T07:22:01","guid":{"rendered":"https:\/\/www.freebetbest.com\/dernier-golf-betting-bonus\/"},"modified":"2021-07-28T17:24:01","modified_gmt":"2021-07-28T17:24:01","slug":"dernier-golf-betting-bonus","status":"publish","type":"page","link":"https:\/\/www.freebetbest.com\/fr\/dernier-golf-betting-bonus\/","title":{"rendered":"Dernier bonus de paris sur le golf"},"content":{"rendered":"<h2>Trouvez le meilleur dernier bonus de paris sur le golf<\/h2>\n<p>La possibilit\u00e9 de parier de n&rsquo;importe o\u00f9. On peut dire que c&rsquo;est sur la derni\u00e8re Golf<a href=\"https:\/\/www.freebetsinfo.co.uk\/free-bets\/\"> Bonus de pari<\/a> site Internet. La beaut\u00e9 des autres sports. Utilisez des applications qui offrent de bons paris.<\/p>\n<p>Inscrivez-vous aux paris sportifs, ce qui signifie que c&rsquo;est possible. Cela se fait directement depuis votre t\u00e9l\u00e9phone portable. Le meilleur golfeur. Application de paris. En conclusion, il existe un mod\u00e8le simple pour explorer les options de jeu.<\/p>\n<h3>Organiser vos paris est facile.<\/h3>\n<p>Heureusement, de nombreuses grandes soci\u00e9t\u00e9s de paris sportifs en ligne. Tous sont accept\u00e9s \u00e0 partir de la mise en page initiale portable. La vision de l&rsquo;entreprise de technologie moderne a commenc\u00e9.<\/p>\n<h3>Le meilleur site de golf avec les derniers bonus de paris de golf<\/h3>\n<p>Aujourd&rsquo;hui, ils appliquent \u00e9galement cette r\u00e9alisation aux plus populaires. Syst\u00e8me cellulaire de paris sur les activit\u00e9s sportives. En conclusion, l&rsquo;application iPhone de FanDuel est tr\u00e8s facile \u00e0 naviguer, ce qui est particuli\u00e8rement utile dans les paris sportifs en temps r\u00e9el.<\/p>\n<p>Vous pouvez le baser directement depuis le t\u00e9l\u00e9phone. Effectuez des d\u00e9p\u00f4ts et des retraits. En fait, une fois que les consommateurs sont r\u00e9ticents. En conclusion, vous n&rsquo;avez jamais besoin d&rsquo;entrer dans un ordinateur de bureau.<\/p>\n<p>De votre poids sur la page. Et la structure propre et minutieuse de la vitesse de mise \u00e0 jour des cotes recherche le meilleur golf. Le meilleur point de d\u00e9part pour les applications de paris.<\/p>\n<ul>\n<li>Expert: Que ce soit en utilisant le WiFi ou les donn\u00e9es cellulaires, les pages Web sont rapidement sous pression<br \/>L&rsquo;interface utilisateur vous facilite la t\u00e2che. Promenez-vous sur le plus petit \u00e9cran<br \/>Inconv\u00e9nients : Il y a beaucoup moins de march\u00e9 pour les paris de golf dans certains \u00e9v\u00e9nements<\/li>\n<\/ul>\n<p>Jouez au golf sur Internet. Dans de nombreux endroits sur terre. Tous sont l\u00e9gaux, dans de nombreuses propositions aux \u00c9tats-Unis. Les parieurs am\u00e9ricains doivent se rendre compte que bien que le gouvernement f\u00e9d\u00e9ral n&rsquo;interdise pas les paris sportifs, les directives le font. Ce sera diff\u00e9rent selon l&rsquo;endroit o\u00f9 vous vous trouvez.<\/p>\n<p>De plus en plus d&rsquo;\u00c9tats se tournent. L\u00e9galisation des jeux d&rsquo;argent en ligne. Pour l&rsquo;instant, comprenez la propri\u00e9t\u00e9 qui vous affecte. En conclusion, Ou les conditions r\u00e9gionales sont critiques. Nos paris sportifs sont l\u00e9galis\u00e9s. Le tracker est un excellent point de d\u00e9part.<\/p>\n<h3>Chaque site Web ici est enregistr\u00e9 pour utiliser l\u00e9galement le dernier bonus de paris de golf<\/h3>\n<p>Ils v\u00e9rifieront fr\u00e9quemment l&rsquo;endroit pour s&rsquo;assurer que vous \u00eates \u00e0 bord. C&rsquo;est juste leur train express avec le bon permis de travail.<\/p>\n<p>Ne participez pas \u00e0 des emplacements en double. Tous les sites v\u00e9rifi\u00e9s sont sceptiques. Sur tous les march\u00e9s r\u00e9glement\u00e9s, en conclusion, ces v\u00e9rifications sont en effet essentielles, elles peuvent donc \u00eatre un bon signal que vous pariez sur le fait d&rsquo;avoir un site Web autoris\u00e9.<\/p>\n<p>Bien s\u00fbr, tenez-vous en \u00e0 ce post. Option populaire. En conclusion, il peut \u00e9galement garantir que votre identit\u00e9 et vos fonds ne sont pas viol\u00e9s par des acteurs malhonn\u00eates et non r\u00e9glement\u00e9s.<\/p>\n<h3>R\u00e9compense suppl\u00e9mentaire d&rsquo;acompte<\/h3>\n<p>En conclusion, le pari correspondant \u00e0 l&rsquo;acompte. Pr\u00e9vu pour les nouveaux athl\u00e8tes. Bonus de premier d\u00e9p\u00f4t. Normalement,<a href=\"https:\/\/www.freebetbest.com\/fr\/sites-de-paris\/\"> le bookmaker<\/a> correspondra \u00e0 ce d\u00e9p\u00f4t, allant de 50% \u00e0 100%. D&rsquo;autres pourcentages sont des exceptions, mais pas sans pr\u00e9c\u00e9dent. En conclusion, il y a toujours une limite sup\u00e9rieure \u00e0 la taille de la r\u00e9compense.<\/p>\n<p>Ces r\u00e9compenses sont directement financ\u00e9es. Ou accorder sous la forme d&rsquo;un solde de r\u00e9compense sp\u00e9cifique. De toute fa\u00e7on, ils le feront. Constamment soumis \u00e0 des exigences de paris. Les sp\u00e9cifications de paris pour les paris sportifs vont g\u00e9n\u00e9ralement de 2x \u00e0 15x ou plus. En conclusion, elles le sont dans une large mesure. R\u00e9pondre aux besoins de paris des \u00e9tablissements de jeux.<\/p>\n<p>Les joueurs doivent jouer fr\u00e9quemment. Leur r\u00e9compense compl\u00e8te. Le montant de l&rsquo;acompte. C&rsquo;est pour plusieurs joueurs. Ou m\u00eame pour de gros dividendes. Cela peut \u00eatre tr\u00e8s difficile \u00e0 r\u00e9aliser. Par cons\u00e9quent, cela peut combiner l&rsquo;acompte avec le pari, en conclusion, permettant ainsi un retrait. Cela devient plus difficile.<\/p>\n<h3>Option gratuite disponible<\/h3>\n<p>Devinettes totalement gratuites. Probablement la plus courante. Offres d&rsquo;inscription aux jeux de golf, vous pouvez activer diff\u00e9rents bonus initiaux. Options enti\u00e8rement gratuites. L&rsquo;offre r\u00e9compense les athl\u00e8tes avec des jetons sp\u00e9ciaux, ces jetons. Peut couvrir le risque des paris en argent r\u00e9el. En conclusion, ces jetons de paris gratuits ne le font pas. <\/p>\n<p><!-- \/wp:post-content --><\/p>\n<p><!-- wp:paragraph \/--><\/p>\n","protected":false},"excerpt":{"rendered":"<p>Avec toute l&rsquo;augmentation des paris sportifs l\u00e9gaux, notre \u00e9quipe d&rsquo;examen contr\u00f4le chacun des derniers avantages offerts et les mises \u00e0 jour des meilleures applications de jeu et de jeu d&rsquo;athl\u00e9tisme de golf.<\/p>\n<div class=\"hero-cup-section\">\n<div class=\"row mb-4\">\n<div class=\"col-md-7\">\n<div class=\"section-area\">\n<div class=\"section-list\">\n<li style=\"text-align: left\"><img decoding=\"async\" src=\"https:\/\/www.freebetbest.com\/wp-content\/uploads\/2021\/06\/tick.png\" alt=\"Des sports\"> Bonus de bienvenue du casino sportif.<\/li>\n<li style=\"text-align: left\"><img decoding=\"async\" src=\"https:\/\/www.freebetbest.com\/wp-content\/uploads\/2021\/06\/tick.png\" alt=\"offres de jeux\"> Offres et promotions de bookmakers en ligne.<\/li>\n<li style=\"text-align: left\"><img decoding=\"async\" src=\"https:\/\/www.freebetbest.com\/wp-content\/uploads\/2021\/06\/tick.png\" alt=\"offres de jeux\"> Les meilleurs bookmakers en ligne auxquels vous pouvez faire confiance.<\/li>\n<li style=\"text-align: left\"><img decoding=\"async\" src=\"https:\/\/www.freebetbest.com\/wp-content\/uploads\/2021\/06\/tick.png\" alt=\"Faisant autorit\u00e9\"> Examen faisant autorit\u00e9 S\u00fbr fiable.<\/li>\n<li style=\"text-align: left\"><img decoding=\"async\" src=\"https:\/\/www.freebetbest.com\/wp-content\/uploads\/2021\/06\/tick.png\" alt=\"Retraits rapides\"> Prise en charge de l&rsquo;application mobile, retraits rapides.<\/li>\n<li style=\"text-align: left\"><img decoding=\"async\" src=\"https:\/\/www.freebetbest.com\/wp-content\/uploads\/2021\/06\/tick.png\" alt=\"Service client\"> Support client : 365 jours, 24 heures par jour.<\/li>\n<\/div>\n<\/div>\n<\/div>\n<div class=\"col-md-5\">\n<div class=\"cup-img\"><img decoding=\"async\" src=\"https:\/\/www.freebetbest.com\/wp-content\/uploads\/2021\/06\/Cricket-Betting.png\" alt=\"pari gratuit\"><\/div>\n<\/div>\n<\/div>\n","protected":false},"author":1,"featured_media":125025,"parent":0,"menu_order":0,"comment_status":"closed","ping_status":"closed","template":"Sports-template.php","meta":{"footnotes":""},"class_list":["post-130686","page","type-page","status-publish","has-post-thumbnail","hentry"],"yoast_head":"<!-- This site is optimized with the Yoast SEO Premium plugin v19.5 (Yoast SEO v27.0) - https:\/\/yoast.com\/product\/yoast-seo-premium-wordpress\/ -->\n<title>Dernier bonus de paris sur le golf Bonus d&#039;inscription pour les nouveaux clients<\/title>\n<meta name=\"description\" content=\"Dernier bonus de paris sur le golf Meilleurs bookmakers en ligne, offres sports, casino, poker, bingo et paris mobiles, pari gratuit sans d\u00e9p\u00f4t\" \/>\n<meta name=\"robots\" content=\"index, follow, max-snippet:-1, max-image-preview:large, max-video-preview:-1\" \/>\n<link rel=\"canonical\" href=\"https:\/\/www.freebetbest.com\/fr\/dernier-golf-betting-bonus\/\" \/>\n<meta property=\"og:locale\" content=\"fr_FR\" \/>\n<meta property=\"og:type\" content=\"article\" \/>\n<meta property=\"og:title\" content=\"Dernier bonus de paris sur le golf\" \/>\n<meta property=\"og:description\" content=\"Dernier bonus de paris sur le golf Meilleurs bookmakers en ligne, offres sports, casino, poker, bingo et paris mobiles, pari gratuit sans d\u00e9p\u00f4t\" \/>\n<meta property=\"og:url\" content=\"https:\/\/www.freebetbest.com\/fr\/dernier-golf-betting-bonus\/\" \/>\n<meta property=\"og:site_name\" content=\"Meilleurs casinos en ligne | Bonus Paris sportifs | Meilleurs bookmakers en ligne\" \/>\n<meta property=\"article:modified_time\" content=\"2021-07-28T17:24:01+00:00\" \/>\n<meta property=\"og:image\" content=\"https:\/\/www.freebetbest.com\/wp-content\/uploads\/2021\/06\/golf-betting-1-scaled.jpg\" \/>\n\t<meta property=\"og:image:width\" content=\"500\" \/>\n\t<meta property=\"og:image:height\" content=\"167\" \/>\n\t<meta property=\"og:image:type\" content=\"image\/jpeg\" \/>\n<meta name=\"twitter:card\" content=\"summary_large_image\" \/>\n<meta name=\"twitter:label1\" content=\"Dur\u00e9e de lecture estim\u00e9e\" \/>\n\t<meta name=\"twitter:data1\" content=\"3 minutes\" \/>\n<script type=\"application\/ld+json\" class=\"yoast-schema-graph\">{\"@context\":\"https:\/\/schema.org\",\"@graph\":[{\"@type\":\"WebPage\",\"@id\":\"https:\/\/www.freebetbest.com\/fr\/dernier-golf-betting-bonus\/\",\"url\":\"https:\/\/www.freebetbest.com\/fr\/dernier-golf-betting-bonus\/\",\"name\":\"Dernier bonus de paris sur le golf Bonus d'inscription pour les nouveaux clients\",\"isPartOf\":{\"@id\":\"https:\/\/www.freebetbest.com\/fr\/#website\"},\"primaryImageOfPage\":{\"@id\":\"https:\/\/www.freebetbest.com\/fr\/dernier-golf-betting-bonus\/#primaryimage\"},\"image\":{\"@id\":\"https:\/\/www.freebetbest.com\/fr\/dernier-golf-betting-bonus\/#primaryimage\"},\"thumbnailUrl\":\"https:\/\/www.freebetbest.com\/wp-content\/uploads\/2021\/06\/golf-betting-1-scaled.jpg\",\"datePublished\":\"2021-06-10T07:22:01+00:00\",\"dateModified\":\"2021-07-28T17:24:01+00:00\",\"description\":\"Dernier bonus de paris sur le golf Meilleurs bookmakers en ligne, offres sports, casino, poker, bingo et paris mobiles, pari gratuit sans d\u00e9p\u00f4t\",\"breadcrumb\":{\"@id\":\"https:\/\/www.freebetbest.com\/fr\/dernier-golf-betting-bonus\/#breadcrumb\"},\"inLanguage\":\"fr-FR\",\"potentialAction\":[{\"@type\":\"ReadAction\",\"target\":[\"https:\/\/www.freebetbest.com\/fr\/dernier-golf-betting-bonus\/\"]}]},{\"@type\":\"ImageObject\",\"inLanguage\":\"fr-FR\",\"@id\":\"https:\/\/www.freebetbest.com\/fr\/dernier-golf-betting-bonus\/#primaryimage\",\"url\":\"https:\/\/www.freebetbest.com\/wp-content\/uploads\/2021\/06\/golf-betting-1-scaled.jpg\",\"contentUrl\":\"https:\/\/www.freebetbest.com\/wp-content\/uploads\/2021\/06\/golf-betting-1-scaled.jpg\",\"width\":500,\"height\":167,\"caption\":\"paris-golf-1\"},{\"@type\":\"BreadcrumbList\",\"@id\":\"https:\/\/www.freebetbest.com\/fr\/dernier-golf-betting-bonus\/#breadcrumb\",\"itemListElement\":[{\"@type\":\"ListItem\",\"position\":1,\"name\":\"Home\",\"item\":\"https:\/\/www.freebetbest.com\/fr\/\"},{\"@type\":\"ListItem\",\"position\":2,\"name\":\"Dernier bonus de paris sur le golf\"}]},{\"@type\":\"WebSite\",\"@id\":\"https:\/\/www.freebetbest.com\/fr\/#website\",\"url\":\"https:\/\/www.freebetbest.com\/fr\/\",\"name\":\"Meilleurs casinos en ligne | Bonus Paris sportifs | Meilleurs bookmakers en ligne\",\"description\":\"Meilleurs bookmakers en ligne, casinos, poker, bingo et paris sur mobiles, casinos en ligne, paris sur le football, codes promotionnels sans d\u00e9p\u00f4t, premier portail mondial des jeux d'argent.\",\"publisher\":{\"@id\":\"https:\/\/www.freebetbest.com\/fr\/#\/schema\/person\/292684ccf388a2362d507874c5b80a69\"},\"potentialAction\":[{\"@type\":\"SearchAction\",\"target\":{\"@type\":\"EntryPoint\",\"urlTemplate\":\"https:\/\/www.freebetbest.com\/fr\/?s={search_term_string}\"},\"query-input\":{\"@type\":\"PropertyValueSpecification\",\"valueRequired\":true,\"valueName\":\"search_term_string\"}}],\"inLanguage\":\"fr-FR\"},{\"@type\":[\"Person\",\"Organization\"],\"@id\":\"https:\/\/www.freebetbest.com\/fr\/#\/schema\/person\/292684ccf388a2362d507874c5b80a69\",\"name\":\"\u7ba1\u7406\",\"image\":{\"@type\":\"ImageObject\",\"inLanguage\":\"fr-FR\",\"@id\":\"https:\/\/www.freebetbest.com\/fr\/#\/schema\/person\/image\/\",\"url\":\"https:\/\/www.freebetbest.com\/wp-content\/litespeed\/avatar\/49696b52fb15293a2168c14964fdd8b9.jpg?ver=1777439934\",\"contentUrl\":\"https:\/\/www.freebetbest.com\/wp-content\/litespeed\/avatar\/49696b52fb15293a2168c14964fdd8b9.jpg?ver=1777439934\",\"caption\":\"\u7ba1\u7406\"},\"logo\":{\"@id\":\"https:\/\/www.freebetbest.com\/fr\/#\/schema\/person\/image\/\"},\"sameAs\":[\"admin\"]}]}<\/script>\n<!-- \/ Yoast SEO Premium plugin. -->","yoast_head_json":{"title":"Dernier bonus de paris sur le golf Bonus d'inscription pour les nouveaux clients","description":"Dernier bonus de paris sur le golf Meilleurs bookmakers en ligne, offres sports, casino, poker, bingo et paris mobiles, pari gratuit sans d\u00e9p\u00f4t","robots":{"index":"index","follow":"follow","max-snippet":"max-snippet:-1","max-image-preview":"max-image-preview:large","max-video-preview":"max-video-preview:-1"},"canonical":"https:\/\/www.freebetbest.com\/fr\/dernier-golf-betting-bonus\/","og_locale":"fr_FR","og_type":"article","og_title":"Dernier bonus de paris sur le golf","og_description":"Dernier bonus de paris sur le golf Meilleurs bookmakers en ligne, offres sports, casino, poker, bingo et paris mobiles, pari gratuit sans d\u00e9p\u00f4t","og_url":"https:\/\/www.freebetbest.com\/fr\/dernier-golf-betting-bonus\/","og_site_name":"Meilleurs casinos en ligne | Bonus Paris sportifs | Meilleurs bookmakers en ligne","article_modified_time":"2021-07-28T17:24:01+00:00","og_image":[{"width":500,"height":167,"url":"https:\/\/www.freebetbest.com\/wp-content\/uploads\/2021\/06\/golf-betting-1-scaled.jpg","type":"image\/jpeg"}],"twitter_card":"summary_large_image","twitter_misc":{"Dur\u00e9e de lecture estim\u00e9e":"3 minutes"},"schema":{"@context":"https:\/\/schema.org","@graph":[{"@type":"WebPage","@id":"https:\/\/www.freebetbest.com\/fr\/dernier-golf-betting-bonus\/","url":"https:\/\/www.freebetbest.com\/fr\/dernier-golf-betting-bonus\/","name":"Dernier bonus de paris sur le golf Bonus d'inscription pour les nouveaux clients","isPartOf":{"@id":"https:\/\/www.freebetbest.com\/fr\/#website"},"primaryImageOfPage":{"@id":"https:\/\/www.freebetbest.com\/fr\/dernier-golf-betting-bonus\/#primaryimage"},"image":{"@id":"https:\/\/www.freebetbest.com\/fr\/dernier-golf-betting-bonus\/#primaryimage"},"thumbnailUrl":"https:\/\/www.freebetbest.com\/wp-content\/uploads\/2021\/06\/golf-betting-1-scaled.jpg","datePublished":"2021-06-10T07:22:01+00:00","dateModified":"2021-07-28T17:24:01+00:00","description":"Dernier bonus de paris sur le golf Meilleurs bookmakers en ligne, offres sports, casino, poker, bingo et paris mobiles, pari gratuit sans d\u00e9p\u00f4t","breadcrumb":{"@id":"https:\/\/www.freebetbest.com\/fr\/dernier-golf-betting-bonus\/#breadcrumb"},"inLanguage":"fr-FR","potentialAction":[{"@type":"ReadAction","target":["https:\/\/www.freebetbest.com\/fr\/dernier-golf-betting-bonus\/"]}]},{"@type":"ImageObject","inLanguage":"fr-FR","@id":"https:\/\/www.freebetbest.com\/fr\/dernier-golf-betting-bonus\/#primaryimage","url":"https:\/\/www.freebetbest.com\/wp-content\/uploads\/2021\/06\/golf-betting-1-scaled.jpg","contentUrl":"https:\/\/www.freebetbest.com\/wp-content\/uploads\/2021\/06\/golf-betting-1-scaled.jpg","width":500,"height":167,"caption":"paris-golf-1"},{"@type":"BreadcrumbList","@id":"https:\/\/www.freebetbest.com\/fr\/dernier-golf-betting-bonus\/#breadcrumb","itemListElement":[{"@type":"ListItem","position":1,"name":"Home","item":"https:\/\/www.freebetbest.com\/fr\/"},{"@type":"ListItem","position":2,"name":"Dernier bonus de paris sur le golf"}]},{"@type":"WebSite","@id":"https:\/\/www.freebetbest.com\/fr\/#website","url":"https:\/\/www.freebetbest.com\/fr\/","name":"Meilleurs casinos en ligne | Bonus Paris sportifs | Meilleurs bookmakers en ligne","description":"Meilleurs bookmakers en ligne, casinos, poker, bingo et paris sur mobiles, casinos en ligne, paris sur le football, codes promotionnels sans d\u00e9p\u00f4t, premier portail mondial des jeux d'argent.","publisher":{"@id":"https:\/\/www.freebetbest.com\/fr\/#\/schema\/person\/292684ccf388a2362d507874c5b80a69"},"potentialAction":[{"@type":"SearchAction","target":{"@type":"EntryPoint","urlTemplate":"https:\/\/www.freebetbest.com\/fr\/?s={search_term_string}"},"query-input":{"@type":"PropertyValueSpecification","valueRequired":true,"valueName":"search_term_string"}}],"inLanguage":"fr-FR"},{"@type":["Person","Organization"],"@id":"https:\/\/www.freebetbest.com\/fr\/#\/schema\/person\/292684ccf388a2362d507874c5b80a69","name":"\u7ba1\u7406","image":{"@type":"ImageObject","inLanguage":"fr-FR","@id":"https:\/\/www.freebetbest.com\/fr\/#\/schema\/person\/image\/","url":"https:\/\/www.freebetbest.com\/wp-content\/litespeed\/avatar\/49696b52fb15293a2168c14964fdd8b9.jpg?ver=1777439934","contentUrl":"https:\/\/www.freebetbest.com\/wp-content\/litespeed\/avatar\/49696b52fb15293a2168c14964fdd8b9.jpg?ver=1777439934","caption":"\u7ba1\u7406"},"logo":{"@id":"https:\/\/www.freebetbest.com\/fr\/#\/schema\/person\/image\/"},"sameAs":["admin"]}]}},"_links":{"self":[{"href":"https:\/\/www.freebetbest.com\/fr\/wp-json\/wp\/v2\/pages\/130686","targetHints":{"allow":["GET"]}}],"collection":[{"href":"https:\/\/www.freebetbest.com\/fr\/wp-json\/wp\/v2\/pages"}],"about":[{"href":"https:\/\/www.freebetbest.com\/fr\/wp-json\/wp\/v2\/types\/page"}],"author":[{"embeddable":true,"href":"https:\/\/www.freebetbest.com\/fr\/wp-json\/wp\/v2\/users\/1"}],"replies":[{"embeddable":true,"href":"https:\/\/www.freebetbest.com\/fr\/wp-json\/wp\/v2\/comments?post=130686"}],"version-history":[{"count":0,"href":"https:\/\/www.freebetbest.com\/fr\/wp-json\/wp\/v2\/pages\/130686\/revisions"}],"wp:featuredmedia":[{"embeddable":true,"href":"https:\/\/www.freebetbest.com\/fr\/wp-json\/wp\/v2\/media\/125025"}],"wp:attachment":[{"href":"https:\/\/www.freebetbest.com\/fr\/wp-json\/wp\/v2\/media?parent=130686"}],"curies":[{"name":"wp","href":"https:\/\/api.w.org\/{rel}","templated":true}]}}