{"id":130541,"date":"2021-06-12T05:16:37","date_gmt":"2021-06-12T05:16:37","guid":{"rendered":"https:\/\/www.freebetbest.com\/dernier-gratuit-bonus-pari\/"},"modified":"2021-07-29T11:03:35","modified_gmt":"2021-07-29T11:03:35","slug":"dernier-bonus-de-paris-gratuits","status":"publish","type":"page","link":"https:\/\/www.freebetbest.com\/fr\/dernier-bonus-de-paris-gratuits\/","title":{"rendered":"Dernier bonus de paris gratuits"},"content":{"rendered":"<h3>Guide de paris gratuit. Dernier bonus de paris gratuits<\/h3>\n<p>Que vous soyez novice. Ou un parieur exp\u00e9riment\u00e9, il n&rsquo;y a pas de probl\u00e8me, vous pouvez le trouver sur notre site internet. Trouvez des centaines de poids lourds<a href=\"https:\/\/www.freebetsinfo.co.uk\/asia-bookmakers\/\"> Paris gratuits<\/a> .<\/p>\n<h3>Qu&rsquo;est-ce que le pari gratuit exactement<\/h3>\n<p>Les bookmakers proposent des paris gratuits sous forme de contrat avec eux. Ou un prix de loyaut\u00e9 envers eux. Pensez au bookmaker. Il existe de nombreuses r\u00e9ductions pour vous, toutes ne sont pas disponibles. Il est consid\u00e9r\u00e9 comme un pari gratuit. Les suppositions sans frais sont comme indiqu\u00e9 dans le titre et sont uniquement \u00e0 des fins de paris. Dernier bonus de paris gratuits Et le nombre de cr\u00e9dits sans frais fournis.<\/p>\n<p>Pour plus d&rsquo;informations fournies par le jeu, telles que les augmentations et les am\u00e9liorations des paris, veuillez fournir des informations via notre site de jeu.<\/p>\n<h3>Types de derniers bonus de paris gratuits<\/h3>\n<p>Paris gratuits appari\u00e9s &#8211; Le bookmaker vous propose un pari gratuit, qui \u00e9quivaut \u00e0 votre niveau de pari d&rsquo;origine.<\/p>\n<p>Pari gratuit sans d\u00e9p\u00f4t. Le bookmaker vous propose des paris gratuits sans que vous ayez \u00e0 investir des fonds.<\/p>\n<p>Bonus de rechargement. Le bookmaker demande juste le compte. Fournissez des points suppl\u00e9mentaires. En tant qu&rsquo;option enti\u00e8rement gratuite, elle s&rsquo;articule g\u00e9n\u00e9ralement autour d&rsquo;\u00e9v\u00e9nements de d\u00e9monstration s\u00e9rieux.<\/p>\n<p>Pari sans risque. Le bookmaker le fera. Le nombre de vos options r\u00e9elles vous est imputable, et vous pouvez deviner gratuitement s&rsquo;il a baiss\u00e9.<\/p>\n<p>Devenez un pari qualifi\u00e9 totalement gratuit. Paris gratuits \u00e9ligibles. Cela peut \u00eatre fait pour les clients nouveaux et existants, et des normes sp\u00e9cifiques doivent \u00eatre respect\u00e9es. En conclusion, Pour obtenir des paris gratuits. La situation la plus courante est que lorsque vous placez plusieurs paris, vous pouvez parier gratuitement.<\/p>\n<h3>Trouvez les meilleurs Derniers Gratuits<a href=\"https:\/\/www.freebetbest.com\/fr\/sites-de-paris\/\"> Bonus de pari<\/a><\/h3>\n<p>Vous \u00eates au meilleur endroit. Nous avons une incroyable collection de paris gratuits au Royaume-Uni.<\/p>\n<p>Lorsque vous regardez des paris enti\u00e8rement gratuits, lequel devriez-vous v\u00e9rifier. Les paris gratuits sont les meilleurs pour vous. Par exemple, combien devez-vous investir ? Le bookmaker le fait g\u00e9n\u00e9ralement. Les paris gratuits sont utilis\u00e9s pour couvrir votre acompte initial, donc plus vous d\u00e9posez initialement, plus les paris gratuits que vous obtenez sont importants.<\/p>\n<h3>Paris gratuits pour les nouveaux clients<\/h3>\n<p>La plupart des paris gratuits. Uniquement pour les nouveaux acheteurs, c&rsquo;est-\u00e0-dire pour de nombreuses livraisons de jeux d&rsquo;argent. Bien s\u00fbr que c&rsquo;est correct. Le client s&rsquo;est offert un bon choix. Chaque utilisateur peut au moins le fournir pour lui-m\u00eame. Un devis gratuit. En conclusion, vous pouvez m\u00eame choisir parmi plusieurs.<\/p>\n<h3>Paris gratuits pour les clients existants<\/h3>\n<p>Les livraisons gratuites pour les consommateurs actuels sont moins courantes, mais elles sont sur le march\u00e9 &#8211; nous nous concentrons sur elles ici.<\/p>\n<p>Il existe d&rsquo;autres paris enti\u00e8rement gratuits bas\u00e9s sur la fid\u00e9lit\u00e9 de votre client\u00e8le comme un consommateur. Si vous vous \u00eates d\u00e9j\u00e0 inscrit pour un nouveau compte bancaire, ne pr\u00e9sumez pas que c&rsquo;est le r\u00e9sultat. La fid\u00e9lit\u00e9 continuera de vous r\u00e9compenser.<\/p>\n<p>Paris gratuits sur les \u00e9v\u00e9nements<\/p>\n<p>Il existe de nombreux paris gratuits disponibles, des paris totalement gratuits. Par cons\u00e9quent, si vous \u00eates passionn\u00e9 par une grande f\u00eate vestimentaire, vous en devinerez probablement une gratuitement !<\/p>\n<p>En conclusion, la v\u00e9rit\u00e9 est que parfois les paris sont totalement gratuits. Peut \u00eatre dans des \u00e9v\u00e9nements de paris sportifs majeurs. Plus tentant, alors s&rsquo;il vous pla\u00eet toujours v\u00e9rifier. Les derniers paris gratuits.<\/p>\n<h3>R\u00e8glement des paris gratuits<\/h3>\n<p>Avant de vous inscrire pour des paris gratuits, assurez-vous de voir ces petits produits afin que vous puissiez bien comprendre. Qu&rsquo;est-ce que tu commences \u00e0 utiliser. Besoin de faire attention. La chose la plus importante est que l&rsquo;option gratuite est g\u00e9n\u00e9ralement requise. Vous d\u00e9posez des dollars am\u00e9ricains et faites des suppositions avant d&rsquo;\u00eatre \u00e9ligible \u00e0 l&rsquo;option gratuite.<\/p>\n<p>Vous devez consid\u00e9rer des choses comme. Des choses comme les cotes les plus basses. De nombreux paris gratuits. On s&rsquo;attend \u00e0 ce que vous pariez sur le r\u00e9sultat \u00e0 un prix sp\u00e9cifique.<\/p>\n<p>Une fois l&rsquo;option gratuite termin\u00e9e, elle peut \u00e9galement compenser l&rsquo;apprentissage. En conclusion, parfois, le pari gratuit peut ne durer que quelques jours.<\/p>\n<h3>Paris gratuits sur Cheltenham<\/h3>\n<p>Ne perd jamais. Des paris gratuits id\u00e9aux sur Cheltenham, comme la Cheltenham Rare Metal Cup.<\/p>\n<p>\u00c0 l&rsquo;approche du festival, nous vous apporterons le meilleur de tout. Des paris gratuits et des cadeaux de jeu pour vous aider \u00e0 gagner un avantage dans le bookmaker.<\/p>\n<p>Apr\u00e8s la c\u00e9l\u00e9bration, chaque bookmaker est impatient de votre entreprise, ce qui signifie qu&rsquo;il y a quelque chose de d\u00e9licieux. Paris gratuits et offres de paris.<\/p>\n<p>L&rsquo;offre de chaque bookmaker est diff\u00e9rente, mais vous aurez un grand nombre de paris gratuits disponibles pour les nouveaux clients.<\/p>\n<p>Et, si vous \u00eates d\u00e9j\u00e0 client, ne vous inqui\u00e9tez pas. Parce qu&rsquo;ils feront un autre effort particulier pour fournir \u00e0 Cheltenham. En conclusion, Excellent service client existant.<\/p>\n<h3>De gros paris gratuits f\u00e9d\u00e9raux<\/h3>\n<p>L&rsquo;un des plus grands rassemblements de tout le programme des courses attire non seulement des fans enthousiastes d\u00e9c\u00e9d\u00e9s, mais le pays tout entier est immense.<\/p>\n<p>En conclusion, donc, que vous soyez un parieur exp\u00e9riment\u00e9. Il s&rsquo;agit peut-\u00eatre encore d&rsquo;un parieur d\u00e9butant, nous les fournirons tous ici. Les meilleurs paris gratuits et paris sont disponibles pour vous \u00e0 tout moment. Service d&rsquo;enregistrement incroyable.<\/p>\n<p><!-- \/wp:post-content --><\/p>\n<p><!-- wp:heading {\"level\":4} \/--><\/p>\n","protected":false},"excerpt":{"rendered":"<p>Nous avons rassembl\u00e9 les bookmakers en ligne les plus fiables au monde, o\u00f9 vous pouvez trouver des bonus de premier d\u00e9p\u00f4t et des bonus sans d\u00e9p\u00f4t, les derni\u00e8res offres et promotions. <\/p>\n<div class=\"hero-cup-section\">\n<div class=\"row mb-4\">\n<div class=\"col-md-7\">\n<div class=\"section-area\">\n<div class=\"section-list\">\n<li style=\"text-align: left\"><img decoding=\"async\" src=\"https:\/\/www.freebetbest.com\/wp-content\/uploads\/2021\/06\/tick.png\" alt=\"Des sports\"> Bonus de bienvenue du casino sportif.<\/li>\n<li style=\"text-align: left\"><img decoding=\"async\" src=\"https:\/\/www.freebetbest.com\/wp-content\/uploads\/2021\/06\/tick.png\" alt=\"offres de jeux\"> Offres et promotions de bookmakers en ligne.<\/li>\n<li style=\"text-align: left\"><img decoding=\"async\" src=\"https:\/\/www.freebetbest.com\/wp-content\/uploads\/2021\/06\/tick.png\" alt=\"offres de jeux\"> Les meilleurs bookmakers en ligne auxquels vous pouvez faire confiance.<\/li>\n<li style=\"text-align: left\"><img decoding=\"async\" src=\"https:\/\/www.freebetbest.com\/wp-content\/uploads\/2021\/06\/tick.png\" alt=\"Faisant autorit\u00e9\"> Examen faisant autorit\u00e9 S\u00fbr fiable.<\/li>\n<li style=\"text-align: left\"><img decoding=\"async\" src=\"https:\/\/www.freebetbest.com\/wp-content\/uploads\/2021\/06\/tick.png\" alt=\"Retraits rapides\"> Prise en charge de l&rsquo;application mobile, retraits rapides.<\/li>\n<li style=\"text-align: left\"><img decoding=\"async\" src=\"https:\/\/www.freebetbest.com\/wp-content\/uploads\/2021\/06\/tick.png\" alt=\"Service client\"> Support client : 365 jours, 24 heures par jour.<\/li>\n<\/div>\n<\/div>\n<\/div>\n<div class=\"col-md-5\">\n<div class=\"cup-img\"><img decoding=\"async\" src=\"https:\/\/www.freebetbest.com\/wp-content\/uploads\/2021\/06\/freebetsinfo.png\" alt=\"pari gratuit\"><\/div>\n<\/div>\n<\/div>\n","protected":false},"author":1,"featured_media":125268,"parent":0,"menu_order":0,"comment_status":"closed","ping_status":"closed","template":"free-template.php","meta":{"footnotes":""},"class_list":["post-130541","page","type-page","status-publish","has-post-thumbnail","hentry"],"yoast_head":"<!-- This site is optimized with the Yoast SEO Premium plugin v19.5 (Yoast SEO v27.0) - https:\/\/yoast.com\/product\/yoast-seo-premium-wordpress\/ -->\n<title>Dernier bonus de paris gratuits , Meilleur pari gratuit. Obtenez des bonus de paris gratuits.<\/title>\n<meta name=\"description\" content=\"Dernier bonus de paris gratuits , Meilleur pari gratuit. Obtenez des bonus de paris gratuits. Les bonus de bienvenue les plus \u00e9lev\u00e9s Bonus de bienvenue exclusifs Sport ou Casino.\" \/>\n<meta name=\"robots\" content=\"index, follow, max-snippet:-1, max-image-preview:large, max-video-preview:-1\" \/>\n<link rel=\"canonical\" href=\"https:\/\/www.freebetbest.com\/fr\/dernier-bonus-de-paris-gratuits\/\" \/>\n<meta property=\"og:locale\" content=\"fr_FR\" \/>\n<meta property=\"og:type\" content=\"article\" \/>\n<meta property=\"og:title\" content=\"Dernier bonus de paris gratuits\" \/>\n<meta property=\"og:description\" content=\"Dernier bonus de paris gratuits , Meilleur pari gratuit. Obtenez des bonus de paris gratuits. Les bonus de bienvenue les plus \u00e9lev\u00e9s Bonus de bienvenue exclusifs Sport ou Casino.\" \/>\n<meta property=\"og:url\" content=\"https:\/\/www.freebetbest.com\/fr\/dernier-bonus-de-paris-gratuits\/\" \/>\n<meta property=\"og:site_name\" content=\"Meilleurs casinos en ligne | Bonus Paris sportifs | Meilleurs bookmakers en ligne\" \/>\n<meta property=\"article:modified_time\" content=\"2021-07-29T11:03:35+00:00\" \/>\n<meta property=\"og:image\" content=\"https:\/\/www.freebetbest.com\/wp-content\/uploads\/2021\/06\/Bookmakers-scaled.jpg\" \/>\n\t<meta property=\"og:image:width\" content=\"417\" \/>\n\t<meta property=\"og:image:height\" content=\"180\" \/>\n\t<meta property=\"og:image:type\" content=\"image\/jpeg\" \/>\n<meta name=\"twitter:card\" content=\"summary_large_image\" \/>\n<meta name=\"twitter:label1\" content=\"Dur\u00e9e de lecture estim\u00e9e\" \/>\n\t<meta name=\"twitter:data1\" content=\"4 minutes\" \/>\n<script type=\"application\/ld+json\" class=\"yoast-schema-graph\">{\"@context\":\"https:\/\/schema.org\",\"@graph\":[{\"@type\":\"WebPage\",\"@id\":\"https:\/\/www.freebetbest.com\/fr\/dernier-bonus-de-paris-gratuits\/\",\"url\":\"https:\/\/www.freebetbest.com\/fr\/dernier-bonus-de-paris-gratuits\/\",\"name\":\"Dernier bonus de paris gratuits , Meilleur pari gratuit. Obtenez des bonus de paris gratuits.\",\"isPartOf\":{\"@id\":\"https:\/\/www.freebetbest.com\/fr\/#website\"},\"primaryImageOfPage\":{\"@id\":\"https:\/\/www.freebetbest.com\/fr\/dernier-bonus-de-paris-gratuits\/#primaryimage\"},\"image\":{\"@id\":\"https:\/\/www.freebetbest.com\/fr\/dernier-bonus-de-paris-gratuits\/#primaryimage\"},\"thumbnailUrl\":\"https:\/\/www.freebetbest.com\/wp-content\/uploads\/2021\/06\/Bookmakers-scaled.jpg\",\"datePublished\":\"2021-06-12T05:16:37+00:00\",\"dateModified\":\"2021-07-29T11:03:35+00:00\",\"description\":\"Dernier bonus de paris gratuits , Meilleur pari gratuit. Obtenez des bonus de paris gratuits. Les bonus de bienvenue les plus \u00e9lev\u00e9s Bonus de bienvenue exclusifs Sport ou Casino.\",\"breadcrumb\":{\"@id\":\"https:\/\/www.freebetbest.com\/fr\/dernier-bonus-de-paris-gratuits\/#breadcrumb\"},\"inLanguage\":\"fr-FR\",\"potentialAction\":[{\"@type\":\"ReadAction\",\"target\":[\"https:\/\/www.freebetbest.com\/fr\/dernier-bonus-de-paris-gratuits\/\"]}]},{\"@type\":\"ImageObject\",\"inLanguage\":\"fr-FR\",\"@id\":\"https:\/\/www.freebetbest.com\/fr\/dernier-bonus-de-paris-gratuits\/#primaryimage\",\"url\":\"https:\/\/www.freebetbest.com\/wp-content\/uploads\/2021\/06\/Bookmakers-scaled.jpg\",\"contentUrl\":\"https:\/\/www.freebetbest.com\/wp-content\/uploads\/2021\/06\/Bookmakers-scaled.jpg\",\"width\":417,\"height\":180,\"caption\":\"Bonus des bookmakers chinois\"},{\"@type\":\"BreadcrumbList\",\"@id\":\"https:\/\/www.freebetbest.com\/fr\/dernier-bonus-de-paris-gratuits\/#breadcrumb\",\"itemListElement\":[{\"@type\":\"ListItem\",\"position\":1,\"name\":\"Home\",\"item\":\"https:\/\/www.freebetbest.com\/fr\/\"},{\"@type\":\"ListItem\",\"position\":2,\"name\":\"Dernier bonus de paris gratuits\"}]},{\"@type\":\"WebSite\",\"@id\":\"https:\/\/www.freebetbest.com\/fr\/#website\",\"url\":\"https:\/\/www.freebetbest.com\/fr\/\",\"name\":\"Meilleurs casinos en ligne | Bonus Paris sportifs | Meilleurs bookmakers en ligne\",\"description\":\"Meilleurs bookmakers en ligne, casinos, poker, bingo et paris sur mobiles, casinos en ligne, paris sur le football, codes promotionnels sans d\u00e9p\u00f4t, premier portail mondial des jeux d'argent.\",\"publisher\":{\"@id\":\"https:\/\/www.freebetbest.com\/fr\/#\/schema\/person\/292684ccf388a2362d507874c5b80a69\"},\"potentialAction\":[{\"@type\":\"SearchAction\",\"target\":{\"@type\":\"EntryPoint\",\"urlTemplate\":\"https:\/\/www.freebetbest.com\/fr\/?s={search_term_string}\"},\"query-input\":{\"@type\":\"PropertyValueSpecification\",\"valueRequired\":true,\"valueName\":\"search_term_string\"}}],\"inLanguage\":\"fr-FR\"},{\"@type\":[\"Person\",\"Organization\"],\"@id\":\"https:\/\/www.freebetbest.com\/fr\/#\/schema\/person\/292684ccf388a2362d507874c5b80a69\",\"name\":\"\u7ba1\u7406\",\"image\":{\"@type\":\"ImageObject\",\"inLanguage\":\"fr-FR\",\"@id\":\"https:\/\/www.freebetbest.com\/fr\/#\/schema\/person\/image\/\",\"url\":\"https:\/\/www.freebetbest.com\/wp-content\/litespeed\/avatar\/49696b52fb15293a2168c14964fdd8b9.jpg?ver=1777439934\",\"contentUrl\":\"https:\/\/www.freebetbest.com\/wp-content\/litespeed\/avatar\/49696b52fb15293a2168c14964fdd8b9.jpg?ver=1777439934\",\"caption\":\"\u7ba1\u7406\"},\"logo\":{\"@id\":\"https:\/\/www.freebetbest.com\/fr\/#\/schema\/person\/image\/\"},\"sameAs\":[\"admin\"]}]}<\/script>\n<!-- \/ Yoast SEO Premium plugin. -->","yoast_head_json":{"title":"Dernier bonus de paris gratuits , Meilleur pari gratuit. Obtenez des bonus de paris gratuits.","description":"Dernier bonus de paris gratuits , Meilleur pari gratuit. Obtenez des bonus de paris gratuits. Les bonus de bienvenue les plus \u00e9lev\u00e9s Bonus de bienvenue exclusifs Sport ou Casino.","robots":{"index":"index","follow":"follow","max-snippet":"max-snippet:-1","max-image-preview":"max-image-preview:large","max-video-preview":"max-video-preview:-1"},"canonical":"https:\/\/www.freebetbest.com\/fr\/dernier-bonus-de-paris-gratuits\/","og_locale":"fr_FR","og_type":"article","og_title":"Dernier bonus de paris gratuits","og_description":"Dernier bonus de paris gratuits , Meilleur pari gratuit. Obtenez des bonus de paris gratuits. Les bonus de bienvenue les plus \u00e9lev\u00e9s Bonus de bienvenue exclusifs Sport ou Casino.","og_url":"https:\/\/www.freebetbest.com\/fr\/dernier-bonus-de-paris-gratuits\/","og_site_name":"Meilleurs casinos en ligne | Bonus Paris sportifs | Meilleurs bookmakers en ligne","article_modified_time":"2021-07-29T11:03:35+00:00","og_image":[{"width":417,"height":180,"url":"https:\/\/www.freebetbest.com\/wp-content\/uploads\/2021\/06\/Bookmakers-scaled.jpg","type":"image\/jpeg"}],"twitter_card":"summary_large_image","twitter_misc":{"Dur\u00e9e de lecture estim\u00e9e":"4 minutes"},"schema":{"@context":"https:\/\/schema.org","@graph":[{"@type":"WebPage","@id":"https:\/\/www.freebetbest.com\/fr\/dernier-bonus-de-paris-gratuits\/","url":"https:\/\/www.freebetbest.com\/fr\/dernier-bonus-de-paris-gratuits\/","name":"Dernier bonus de paris gratuits , Meilleur pari gratuit. Obtenez des bonus de paris gratuits.","isPartOf":{"@id":"https:\/\/www.freebetbest.com\/fr\/#website"},"primaryImageOfPage":{"@id":"https:\/\/www.freebetbest.com\/fr\/dernier-bonus-de-paris-gratuits\/#primaryimage"},"image":{"@id":"https:\/\/www.freebetbest.com\/fr\/dernier-bonus-de-paris-gratuits\/#primaryimage"},"thumbnailUrl":"https:\/\/www.freebetbest.com\/wp-content\/uploads\/2021\/06\/Bookmakers-scaled.jpg","datePublished":"2021-06-12T05:16:37+00:00","dateModified":"2021-07-29T11:03:35+00:00","description":"Dernier bonus de paris gratuits , Meilleur pari gratuit. Obtenez des bonus de paris gratuits. Les bonus de bienvenue les plus \u00e9lev\u00e9s Bonus de bienvenue exclusifs Sport ou Casino.","breadcrumb":{"@id":"https:\/\/www.freebetbest.com\/fr\/dernier-bonus-de-paris-gratuits\/#breadcrumb"},"inLanguage":"fr-FR","potentialAction":[{"@type":"ReadAction","target":["https:\/\/www.freebetbest.com\/fr\/dernier-bonus-de-paris-gratuits\/"]}]},{"@type":"ImageObject","inLanguage":"fr-FR","@id":"https:\/\/www.freebetbest.com\/fr\/dernier-bonus-de-paris-gratuits\/#primaryimage","url":"https:\/\/www.freebetbest.com\/wp-content\/uploads\/2021\/06\/Bookmakers-scaled.jpg","contentUrl":"https:\/\/www.freebetbest.com\/wp-content\/uploads\/2021\/06\/Bookmakers-scaled.jpg","width":417,"height":180,"caption":"Bonus des bookmakers chinois"},{"@type":"BreadcrumbList","@id":"https:\/\/www.freebetbest.com\/fr\/dernier-bonus-de-paris-gratuits\/#breadcrumb","itemListElement":[{"@type":"ListItem","position":1,"name":"Home","item":"https:\/\/www.freebetbest.com\/fr\/"},{"@type":"ListItem","position":2,"name":"Dernier bonus de paris gratuits"}]},{"@type":"WebSite","@id":"https:\/\/www.freebetbest.com\/fr\/#website","url":"https:\/\/www.freebetbest.com\/fr\/","name":"Meilleurs casinos en ligne | Bonus Paris sportifs | Meilleurs bookmakers en ligne","description":"Meilleurs bookmakers en ligne, casinos, poker, bingo et paris sur mobiles, casinos en ligne, paris sur le football, codes promotionnels sans d\u00e9p\u00f4t, premier portail mondial des jeux d'argent.","publisher":{"@id":"https:\/\/www.freebetbest.com\/fr\/#\/schema\/person\/292684ccf388a2362d507874c5b80a69"},"potentialAction":[{"@type":"SearchAction","target":{"@type":"EntryPoint","urlTemplate":"https:\/\/www.freebetbest.com\/fr\/?s={search_term_string}"},"query-input":{"@type":"PropertyValueSpecification","valueRequired":true,"valueName":"search_term_string"}}],"inLanguage":"fr-FR"},{"@type":["Person","Organization"],"@id":"https:\/\/www.freebetbest.com\/fr\/#\/schema\/person\/292684ccf388a2362d507874c5b80a69","name":"\u7ba1\u7406","image":{"@type":"ImageObject","inLanguage":"fr-FR","@id":"https:\/\/www.freebetbest.com\/fr\/#\/schema\/person\/image\/","url":"https:\/\/www.freebetbest.com\/wp-content\/litespeed\/avatar\/49696b52fb15293a2168c14964fdd8b9.jpg?ver=1777439934","contentUrl":"https:\/\/www.freebetbest.com\/wp-content\/litespeed\/avatar\/49696b52fb15293a2168c14964fdd8b9.jpg?ver=1777439934","caption":"\u7ba1\u7406"},"logo":{"@id":"https:\/\/www.freebetbest.com\/fr\/#\/schema\/person\/image\/"},"sameAs":["admin"]}]}},"_links":{"self":[{"href":"https:\/\/www.freebetbest.com\/fr\/wp-json\/wp\/v2\/pages\/130541","targetHints":{"allow":["GET"]}}],"collection":[{"href":"https:\/\/www.freebetbest.com\/fr\/wp-json\/wp\/v2\/pages"}],"about":[{"href":"https:\/\/www.freebetbest.com\/fr\/wp-json\/wp\/v2\/types\/page"}],"author":[{"embeddable":true,"href":"https:\/\/www.freebetbest.com\/fr\/wp-json\/wp\/v2\/users\/1"}],"replies":[{"embeddable":true,"href":"https:\/\/www.freebetbest.com\/fr\/wp-json\/wp\/v2\/comments?post=130541"}],"version-history":[{"count":0,"href":"https:\/\/www.freebetbest.com\/fr\/wp-json\/wp\/v2\/pages\/130541\/revisions"}],"wp:featuredmedia":[{"embeddable":true,"href":"https:\/\/www.freebetbest.com\/fr\/wp-json\/wp\/v2\/media\/125268"}],"wp:attachment":[{"href":"https:\/\/www.freebetbest.com\/fr\/wp-json\/wp\/v2\/media?parent=130541"}],"curies":[{"name":"wp","href":"https:\/\/api.w.org\/{rel}","templated":true}]}}