{"id":130180,"date":"2021-06-10T07:49:43","date_gmt":"2021-06-10T07:49:43","guid":{"rendered":"https:\/\/www.freebetbest.com\/dernier-baseball-betting-bonus\/"},"modified":"2021-07-28T17:07:36","modified_gmt":"2021-07-28T17:07:36","slug":"dernier-baseball-betting-bonus","status":"publish","type":"page","link":"https:\/\/www.freebetbest.com\/fr\/dernier-baseball-betting-bonus\/","title":{"rendered":"Dernier bonus de paris sur le baseball"},"content":{"rendered":"<h3 class=\"level_0\">Derni\u00e8re base-ball<a href=\"https:\/\/www.freebetsinfo.co.uk\/free-bets\/\"> Bonus de pari<\/a> jeu de paris<\/h3>\n<p>Par exemple, si St. Louis est +150 et Cincinnati est -170, alors Cincinnati est l&rsquo;\u00e9quipe la plus populaire et vous devez miser 170$ pour gagner 100$. Si vous pariez 100 $ sur St. Louis et qu&rsquo;ils gagnent, vous gagnerez 150 $. certainement. Vous pouvez utiliser le dernier bonus de paris sur le baseball. Placer un pari<\/p>\n<h3 class=\"level_0\">Dernier bonus de paris sur le baseball sur un outsider peut rapporter des gains importants s&rsquo;il parvient \u00e0 provoquer un bouleversement Avec autant de matchs de saison r\u00e9guli\u00e8re<\/h3>\n<p class=\"level_0\">Il est important d&rsquo;\u00eatre conscient de la tendance des \u00e9quipes et \u00e9galement, de faire attention \u00e0 qui joue de chaque \u00e9quipe, en particulier le lanceur partant. Recherchez les manches lanc\u00e9es, les buts sur balles et les coups s\u00fbrs par manche lanc\u00e9e, la moyenne des points m\u00e9rit\u00e9s et les gains sup\u00e9rieurs aux statistiques des joueurs de remplacement pour les lanceurs partants afin de vous aider \u00e0 d\u00e9cider sur quelle \u00e9quipe parier.<\/p>\n<p class=\"level_0\">Lignes de course Lignes de course Une ligne de course de baseball est un \u00e9cart de points ou un pari \u00e0 handicap. Les paris sont bas\u00e9s sur un \u00e9cart de 1,5 point. Donc, si Houston est \u00e0 +1,5 points avec une cote de +140 et que Chicago est \u00e0 -1,5 points -110, un pari de 110 $ sur Chicago serait n\u00e9cessaire pour gagner 100 $ s&rsquo;ils gagnent par 1,5 points ou plus. Il en co\u00fbterait 71,43 $ pour gagner 100 $ sur un pari que Houston ne perdrait pas de plus d&rsquo;un point.<\/p>\n<h3 class=\"level_0\">Les derni\u00e8res <a href=\"https:\/\/www.freebetbest.com\/fr\/sites-de-paris\/\">lignes de course de bonus de paris sur le<\/a> baseball peuvent souvent avoir des cotes tr\u00e8s diff\u00e9rentes<\/h3>\n<p class=\"level_0\">que les paris Moneyline, car gagner le pari n\u00e9cessite de respecter un seuil de 1,5 point en plus de gagner le jeu, et perdre le jeu pourrait toujours entra\u00eener un pari gagnant si l&rsquo;\u00e9quipe ne perd pas plus que l&rsquo;\u00e9cart.<\/p>\n<p class=\"level_0\">Totaux Totaux Les derniers totaux des bonus de paris sur le baseball sont des paris bas\u00e9s sur le nombre total de points marqu\u00e9s dans un match. Vous pariez sur le fait que le total des courses sera sup\u00e9rieur ou inf\u00e9rieur \u00e0 un nombre d\u00e9fini par les fabricants de cotes. Si le over\/under pour Seattle et Philadelphie est de 8, vous aurez besoin d&rsquo;au moins 9 points marqu\u00e9s pour gagner le plus et un maximum de 7 points marqu\u00e9s pour gagner le moins.<\/p>\n<p class=\"level_0\">Si le score final est de 4-5, pour un total de 9 runs et que vous pariez dessus, vous gagneriez le pari.<\/p>\n<h3 class=\"level_0\">Les totaux de baseball sont souvent fix\u00e9s \u00e0 un nombre comme 8,5.<\/h3>\n<p class=\"level_0\">Cela signifie le total des points. Soit cela prend 8 fois ou moins. pour gagner sous le pair, ou cela prend 9 fois. pour gagner une grande victoire. Cela permet d&rsquo;\u00e9viter les situations o\u00f9 le dernier passage est \u00e9gal au total (appel\u00e9 \u00abpouss\u00e9e\u00bb). Comme ce n&rsquo;est ni plus ni moins, le montant du pari sera rembours\u00e9. Utilisez des nombres entiers pour le baseball. Pari total signifie que de temps en temps. Il n&rsquo;y aura ni gagnants ni perdants. Parlays Parlays Parlays Parlay est un pari sur plusieurs r\u00e9sultats, et vous devez choisir le bon.<\/p>\n<p class=\"level_0\">Tous les r\u00e9sultats seront gagnants. Par exemple, si vous pariez 100 $ \u00e0 New York et \u00e0 Los Angeles, vous devez prendre les deux \u00e9quipes. Pour gagner le pari. \u00c9tant donn\u00e9 que vous devez parier sur la totalit\u00e9 du pari. Traitement correct de chaque r\u00e9sultat, la sur-r\u00e9compense est un type de pari sur le baseball avec un risque plus \u00e9lev\u00e9, mais qui fournira de meilleurs rendements.<\/p>\n<p><!-- \/wp:post-content --><\/p>\n<p><!-- wp:paragraph \/--><\/p>\n","protected":false},"excerpt":{"rendered":"<p>Avec toutes les extensions des jeux de hasard sportifs autoris\u00e9s, notre \u00e9quipe de pr\u00e9sentation contr\u00f4le tous les derniers avantages et changements des principales applications de paris et de jeux de baseball.<\/p>\n<div class=\"hero-cup-section\">\n<div class=\"row mb-4\">\n<div class=\"col-md-7\">\n<div class=\"section-area\">\n<div class=\"section-list\">\n<li style=\"text-align: left\"><img decoding=\"async\" src=\"https:\/\/www.freebetbest.com\/wp-content\/uploads\/2021\/06\/tick.png\" alt=\"Des sports\"> Bonus de bienvenue du casino sportif.<\/li>\n<li style=\"text-align: left\"><img decoding=\"async\" src=\"https:\/\/www.freebetbest.com\/wp-content\/uploads\/2021\/06\/tick.png\" alt=\"offres de jeux\"> Offres et promotions de bookmakers en ligne.<\/li>\n<li style=\"text-align: left\"><img decoding=\"async\" src=\"https:\/\/www.freebetbest.com\/wp-content\/uploads\/2021\/06\/tick.png\" alt=\"offres de jeux\"> Les meilleurs bookmakers en ligne auxquels vous pouvez faire confiance.<\/li>\n<li style=\"text-align: left\"><img decoding=\"async\" src=\"https:\/\/www.freebetbest.com\/wp-content\/uploads\/2021\/06\/tick.png\" alt=\"Faisant autorit\u00e9\"> Examen faisant autorit\u00e9 S\u00fbr fiable.<\/li>\n<li style=\"text-align: left\"><img decoding=\"async\" src=\"https:\/\/www.freebetbest.com\/wp-content\/uploads\/2021\/06\/tick.png\" alt=\"Retraits rapides\"> Prise en charge de l&rsquo;application mobile, retraits rapides.<\/li>\n<li style=\"text-align: left\"><img decoding=\"async\" src=\"https:\/\/www.freebetbest.com\/wp-content\/uploads\/2021\/06\/tick.png\" alt=\"Service client\"> Support client : 365 jours, 24 heures par jour.<\/li>\n<\/div>\n<\/div>\n<\/div>\n<div class=\"col-md-5\">\n<div class=\"cup-img\"><img decoding=\"async\" src=\"https:\/\/www.freebetbest.com\/wp-content\/uploads\/2021\/06\/Cricket-Betting.png\" alt=\"pari gratuit\"><\/div>\n<\/div>\n<\/div>\n","protected":false},"author":1,"featured_media":125058,"parent":0,"menu_order":0,"comment_status":"closed","ping_status":"closed","template":"Spins-template.php","meta":{"footnotes":""},"class_list":["post-130180","page","type-page","status-publish","has-post-thumbnail","hentry"],"yoast_head":"<!-- This site is optimized with the Yoast SEO Premium plugin v19.5 (Yoast SEO v27.0) - https:\/\/yoast.com\/product\/yoast-seo-premium-wordpress\/ -->\n<title>Dernier bonus de paris sur le baseball Bonus d&#039;inscription pour les nouveaux clients<\/title>\n<meta name=\"description\" content=\"Dernier bonus de paris sur le baseball Meilleurs bookmakers en ligne, Dernier bonus de paris sur le golf, poker, bingo et paris mobiles, Pari gratuit sans d\u00e9p\u00f4t\" \/>\n<meta name=\"robots\" content=\"index, follow, max-snippet:-1, max-image-preview:large, max-video-preview:-1\" \/>\n<link rel=\"canonical\" href=\"https:\/\/www.freebetbest.com\/fr\/dernier-baseball-betting-bonus\/\" \/>\n<meta property=\"og:locale\" content=\"fr_FR\" \/>\n<meta property=\"og:type\" content=\"article\" \/>\n<meta property=\"og:title\" content=\"Dernier bonus de paris sur le baseball\" \/>\n<meta property=\"og:description\" content=\"Dernier bonus de paris sur le baseball Meilleurs bookmakers en ligne, Dernier bonus de paris sur le golf, poker, bingo et paris mobiles, Pari gratuit sans d\u00e9p\u00f4t\" \/>\n<meta property=\"og:url\" content=\"https:\/\/www.freebetbest.com\/fr\/dernier-baseball-betting-bonus\/\" \/>\n<meta property=\"og:site_name\" content=\"Meilleurs casinos en ligne | Bonus Paris sportifs | Meilleurs bookmakers en ligne\" \/>\n<meta property=\"article:modified_time\" content=\"2021-07-28T17:07:36+00:00\" \/>\n<meta property=\"og:image\" content=\"https:\/\/www.freebetbest.com\/wp-content\/uploads\/2021\/06\/baseball-betting-scaled.jpg\" \/>\n\t<meta property=\"og:image:width\" content=\"464\" \/>\n\t<meta property=\"og:image:height\" content=\"180\" \/>\n\t<meta property=\"og:image:type\" content=\"image\/jpeg\" \/>\n<meta name=\"twitter:card\" content=\"summary_large_image\" \/>\n<meta name=\"twitter:label1\" content=\"Dur\u00e9e de lecture estim\u00e9e\" \/>\n\t<meta name=\"twitter:data1\" content=\"3 minutes\" \/>\n<script type=\"application\/ld+json\" class=\"yoast-schema-graph\">{\"@context\":\"https:\/\/schema.org\",\"@graph\":[{\"@type\":\"WebPage\",\"@id\":\"https:\/\/www.freebetbest.com\/fr\/dernier-baseball-betting-bonus\/\",\"url\":\"https:\/\/www.freebetbest.com\/fr\/dernier-baseball-betting-bonus\/\",\"name\":\"Dernier bonus de paris sur le baseball Bonus d'inscription pour les nouveaux clients\",\"isPartOf\":{\"@id\":\"https:\/\/www.freebetbest.com\/fr\/#website\"},\"primaryImageOfPage\":{\"@id\":\"https:\/\/www.freebetbest.com\/fr\/dernier-baseball-betting-bonus\/#primaryimage\"},\"image\":{\"@id\":\"https:\/\/www.freebetbest.com\/fr\/dernier-baseball-betting-bonus\/#primaryimage\"},\"thumbnailUrl\":\"https:\/\/www.freebetbest.com\/wp-content\/uploads\/2021\/06\/baseball-betting-scaled.jpg\",\"datePublished\":\"2021-06-10T07:49:43+00:00\",\"dateModified\":\"2021-07-28T17:07:36+00:00\",\"description\":\"Dernier bonus de paris sur le baseball Meilleurs bookmakers en ligne, Dernier bonus de paris sur le golf, poker, bingo et paris mobiles, Pari gratuit sans d\u00e9p\u00f4t\",\"breadcrumb\":{\"@id\":\"https:\/\/www.freebetbest.com\/fr\/dernier-baseball-betting-bonus\/#breadcrumb\"},\"inLanguage\":\"fr-FR\",\"potentialAction\":[{\"@type\":\"ReadAction\",\"target\":[\"https:\/\/www.freebetbest.com\/fr\/dernier-baseball-betting-bonus\/\"]}]},{\"@type\":\"ImageObject\",\"inLanguage\":\"fr-FR\",\"@id\":\"https:\/\/www.freebetbest.com\/fr\/dernier-baseball-betting-bonus\/#primaryimage\",\"url\":\"https:\/\/www.freebetbest.com\/wp-content\/uploads\/2021\/06\/baseball-betting-scaled.jpg\",\"contentUrl\":\"https:\/\/www.freebetbest.com\/wp-content\/uploads\/2021\/06\/baseball-betting-scaled.jpg\",\"width\":464,\"height\":180,\"caption\":\"paris sur le baseball\"},{\"@type\":\"BreadcrumbList\",\"@id\":\"https:\/\/www.freebetbest.com\/fr\/dernier-baseball-betting-bonus\/#breadcrumb\",\"itemListElement\":[{\"@type\":\"ListItem\",\"position\":1,\"name\":\"Home\",\"item\":\"https:\/\/www.freebetbest.com\/fr\/\"},{\"@type\":\"ListItem\",\"position\":2,\"name\":\"Dernier bonus de paris sur le baseball\"}]},{\"@type\":\"WebSite\",\"@id\":\"https:\/\/www.freebetbest.com\/fr\/#website\",\"url\":\"https:\/\/www.freebetbest.com\/fr\/\",\"name\":\"Meilleurs casinos en ligne | Bonus Paris sportifs | Meilleurs bookmakers en ligne\",\"description\":\"Meilleurs bookmakers en ligne, casinos, poker, bingo et paris sur mobiles, casinos en ligne, paris sur le football, codes promotionnels sans d\u00e9p\u00f4t, premier portail mondial des jeux d'argent.\",\"publisher\":{\"@id\":\"https:\/\/www.freebetbest.com\/fr\/#\/schema\/person\/292684ccf388a2362d507874c5b80a69\"},\"potentialAction\":[{\"@type\":\"SearchAction\",\"target\":{\"@type\":\"EntryPoint\",\"urlTemplate\":\"https:\/\/www.freebetbest.com\/fr\/?s={search_term_string}\"},\"query-input\":{\"@type\":\"PropertyValueSpecification\",\"valueRequired\":true,\"valueName\":\"search_term_string\"}}],\"inLanguage\":\"fr-FR\"},{\"@type\":[\"Person\",\"Organization\"],\"@id\":\"https:\/\/www.freebetbest.com\/fr\/#\/schema\/person\/292684ccf388a2362d507874c5b80a69\",\"name\":\"\u7ba1\u7406\",\"image\":{\"@type\":\"ImageObject\",\"inLanguage\":\"fr-FR\",\"@id\":\"https:\/\/www.freebetbest.com\/fr\/#\/schema\/person\/image\/\",\"url\":\"https:\/\/www.freebetbest.com\/wp-content\/litespeed\/avatar\/49696b52fb15293a2168c14964fdd8b9.jpg?ver=1776230299\",\"contentUrl\":\"https:\/\/www.freebetbest.com\/wp-content\/litespeed\/avatar\/49696b52fb15293a2168c14964fdd8b9.jpg?ver=1776230299\",\"caption\":\"\u7ba1\u7406\"},\"logo\":{\"@id\":\"https:\/\/www.freebetbest.com\/fr\/#\/schema\/person\/image\/\"},\"sameAs\":[\"admin\"]}]}<\/script>\n<!-- \/ Yoast SEO Premium plugin. -->","yoast_head_json":{"title":"Dernier bonus de paris sur le baseball Bonus d'inscription pour les nouveaux clients","description":"Dernier bonus de paris sur le baseball Meilleurs bookmakers en ligne, Dernier bonus de paris sur le golf, poker, bingo et paris mobiles, Pari gratuit sans d\u00e9p\u00f4t","robots":{"index":"index","follow":"follow","max-snippet":"max-snippet:-1","max-image-preview":"max-image-preview:large","max-video-preview":"max-video-preview:-1"},"canonical":"https:\/\/www.freebetbest.com\/fr\/dernier-baseball-betting-bonus\/","og_locale":"fr_FR","og_type":"article","og_title":"Dernier bonus de paris sur le baseball","og_description":"Dernier bonus de paris sur le baseball Meilleurs bookmakers en ligne, Dernier bonus de paris sur le golf, poker, bingo et paris mobiles, Pari gratuit sans d\u00e9p\u00f4t","og_url":"https:\/\/www.freebetbest.com\/fr\/dernier-baseball-betting-bonus\/","og_site_name":"Meilleurs casinos en ligne | Bonus Paris sportifs | Meilleurs bookmakers en ligne","article_modified_time":"2021-07-28T17:07:36+00:00","og_image":[{"width":464,"height":180,"url":"https:\/\/www.freebetbest.com\/wp-content\/uploads\/2021\/06\/baseball-betting-scaled.jpg","type":"image\/jpeg"}],"twitter_card":"summary_large_image","twitter_misc":{"Dur\u00e9e de lecture estim\u00e9e":"3 minutes"},"schema":{"@context":"https:\/\/schema.org","@graph":[{"@type":"WebPage","@id":"https:\/\/www.freebetbest.com\/fr\/dernier-baseball-betting-bonus\/","url":"https:\/\/www.freebetbest.com\/fr\/dernier-baseball-betting-bonus\/","name":"Dernier bonus de paris sur le baseball Bonus d'inscription pour les nouveaux clients","isPartOf":{"@id":"https:\/\/www.freebetbest.com\/fr\/#website"},"primaryImageOfPage":{"@id":"https:\/\/www.freebetbest.com\/fr\/dernier-baseball-betting-bonus\/#primaryimage"},"image":{"@id":"https:\/\/www.freebetbest.com\/fr\/dernier-baseball-betting-bonus\/#primaryimage"},"thumbnailUrl":"https:\/\/www.freebetbest.com\/wp-content\/uploads\/2021\/06\/baseball-betting-scaled.jpg","datePublished":"2021-06-10T07:49:43+00:00","dateModified":"2021-07-28T17:07:36+00:00","description":"Dernier bonus de paris sur le baseball Meilleurs bookmakers en ligne, Dernier bonus de paris sur le golf, poker, bingo et paris mobiles, Pari gratuit sans d\u00e9p\u00f4t","breadcrumb":{"@id":"https:\/\/www.freebetbest.com\/fr\/dernier-baseball-betting-bonus\/#breadcrumb"},"inLanguage":"fr-FR","potentialAction":[{"@type":"ReadAction","target":["https:\/\/www.freebetbest.com\/fr\/dernier-baseball-betting-bonus\/"]}]},{"@type":"ImageObject","inLanguage":"fr-FR","@id":"https:\/\/www.freebetbest.com\/fr\/dernier-baseball-betting-bonus\/#primaryimage","url":"https:\/\/www.freebetbest.com\/wp-content\/uploads\/2021\/06\/baseball-betting-scaled.jpg","contentUrl":"https:\/\/www.freebetbest.com\/wp-content\/uploads\/2021\/06\/baseball-betting-scaled.jpg","width":464,"height":180,"caption":"paris sur le baseball"},{"@type":"BreadcrumbList","@id":"https:\/\/www.freebetbest.com\/fr\/dernier-baseball-betting-bonus\/#breadcrumb","itemListElement":[{"@type":"ListItem","position":1,"name":"Home","item":"https:\/\/www.freebetbest.com\/fr\/"},{"@type":"ListItem","position":2,"name":"Dernier bonus de paris sur le baseball"}]},{"@type":"WebSite","@id":"https:\/\/www.freebetbest.com\/fr\/#website","url":"https:\/\/www.freebetbest.com\/fr\/","name":"Meilleurs casinos en ligne | Bonus Paris sportifs | Meilleurs bookmakers en ligne","description":"Meilleurs bookmakers en ligne, casinos, poker, bingo et paris sur mobiles, casinos en ligne, paris sur le football, codes promotionnels sans d\u00e9p\u00f4t, premier portail mondial des jeux d'argent.","publisher":{"@id":"https:\/\/www.freebetbest.com\/fr\/#\/schema\/person\/292684ccf388a2362d507874c5b80a69"},"potentialAction":[{"@type":"SearchAction","target":{"@type":"EntryPoint","urlTemplate":"https:\/\/www.freebetbest.com\/fr\/?s={search_term_string}"},"query-input":{"@type":"PropertyValueSpecification","valueRequired":true,"valueName":"search_term_string"}}],"inLanguage":"fr-FR"},{"@type":["Person","Organization"],"@id":"https:\/\/www.freebetbest.com\/fr\/#\/schema\/person\/292684ccf388a2362d507874c5b80a69","name":"\u7ba1\u7406","image":{"@type":"ImageObject","inLanguage":"fr-FR","@id":"https:\/\/www.freebetbest.com\/fr\/#\/schema\/person\/image\/","url":"https:\/\/www.freebetbest.com\/wp-content\/litespeed\/avatar\/49696b52fb15293a2168c14964fdd8b9.jpg?ver=1776230299","contentUrl":"https:\/\/www.freebetbest.com\/wp-content\/litespeed\/avatar\/49696b52fb15293a2168c14964fdd8b9.jpg?ver=1776230299","caption":"\u7ba1\u7406"},"logo":{"@id":"https:\/\/www.freebetbest.com\/fr\/#\/schema\/person\/image\/"},"sameAs":["admin"]}]}},"_links":{"self":[{"href":"https:\/\/www.freebetbest.com\/fr\/wp-json\/wp\/v2\/pages\/130180","targetHints":{"allow":["GET"]}}],"collection":[{"href":"https:\/\/www.freebetbest.com\/fr\/wp-json\/wp\/v2\/pages"}],"about":[{"href":"https:\/\/www.freebetbest.com\/fr\/wp-json\/wp\/v2\/types\/page"}],"author":[{"embeddable":true,"href":"https:\/\/www.freebetbest.com\/fr\/wp-json\/wp\/v2\/users\/1"}],"replies":[{"embeddable":true,"href":"https:\/\/www.freebetbest.com\/fr\/wp-json\/wp\/v2\/comments?post=130180"}],"version-history":[{"count":0,"href":"https:\/\/www.freebetbest.com\/fr\/wp-json\/wp\/v2\/pages\/130180\/revisions"}],"wp:featuredmedia":[{"embeddable":true,"href":"https:\/\/www.freebetbest.com\/fr\/wp-json\/wp\/v2\/media\/125058"}],"wp:attachment":[{"href":"https:\/\/www.freebetbest.com\/fr\/wp-json\/wp\/v2\/media?parent=130180"}],"curies":[{"name":"wp","href":"https:\/\/api.w.org\/{rel}","templated":true}]}}