{"id":130155,"date":"2021-06-10T14:40:50","date_gmt":"2021-06-10T14:40:50","guid":{"rendered":"https:\/\/www.freebetbest.com\/coree-bookmakers-bonus\/"},"modified":"2021-07-28T17:05:42","modified_gmt":"2021-07-28T17:05:42","slug":"coree-bookmakers-bonus","status":"publish","type":"page","link":"https:\/\/www.freebetbest.com\/fr\/coree-bookmakers-bonus\/","title":{"rendered":"Bonus des bookmakers cor\u00e9ens"},"content":{"rendered":"<h2>\u00c0 propos de Korea Bookmakers Bonus<\/h2>\nBonus des bookmakers cor\u00e9ens. Le meilleur d\u00e9partement d&rsquo;e-sports de League of Legends. Votre concours a \u00e9t\u00e9 lanc\u00e9 en 2012 et est largement consid\u00e9r\u00e9 comme tel. La ligue r\u00e9sidentielle la plus forte au monde, l&rsquo;\u00e9quipe sud-cor\u00e9enne de 2013 \u00e0 2017. A remport\u00e9 le championnat du monde de la Story League cinq fois de suite.\n<h2>Ligue mondiale StarCraft II<a href=\"https:\/\/www.freebetbest.com\/latest-free-betting-bonus\/\"> Bookmaker<\/a> Bonus<\/h2>\nLa croissance des e-sports cor\u00e9ens. Cela a commenc\u00e9 au d\u00e9but des ann\u00e9es 2000. Tous les jeux StarCraft. Malgr\u00e9 la demande croissante de jeux vid\u00e9o, notamment Kitchen Counterattack: Global Offensive, Dota 2 et League of Legends, StarCraft II eSports et GSL, il attire toujours un grand nombre de fans en Cor\u00e9e.\n<h3>R\u00e9seau communautaire de bonus des bookmakers cor\u00e9ens<\/h3>\nBonus des soci\u00e9t\u00e9s de paris cor\u00e9ennes. G\u00e9r\u00e9 le 4e jeu en ligne en ligne au monde, qui s&rsquo;est tenu \u00e0 Yongin pour la premi\u00e8re fois en 2000. Appel\u00e9 la comp\u00e9tition \u00ab\u00a0e-sports olympiques\u00a0\u00bb. Il se tient une fois par an jusqu&rsquo;en 2013 et compte jusqu&rsquo;\u00e0 78 pays. WCG pr\u00e9voit de se remettre de l&rsquo;interruption de 6 \u00e0 12 mois en 2019.\n<h3>Les meilleurs groupes d&rsquo;e-sport de Cor\u00e9e du Sud<\/h3>\nLa Cor\u00e9e du Sud en a produit. L&rsquo;\u00e9quipe d&rsquo;e-sport la plus titr\u00e9e au monde. Les groupes connus dans le monde incluent :\n<h3>Assistance t\u00e9l\u00e9com de la Korea Gaming Corporation<\/h3>\nAvec le soutien de l&rsquo;une des principales soci\u00e9t\u00e9s de t\u00e9l\u00e9communications de Cor\u00e9e du Sud, SK Telecom T1 fait partie de la Star League v\u00e9t\u00e9ran. A \u00e9t\u00e9 dans une position de leader et continue de gagner r\u00e9guli\u00e8rement. Champion de StarCraft II. L&rsquo;\u00e9quipe aime \u00e9galement rejoindre l&rsquo;alliance de l&rsquo;histoire. A obtenu d&rsquo;assez bons r\u00e9sultats, de 2013 \u00e0 2016, 3 fois pour remplacer le champion de la communaut\u00e9 Haha.\n<h3>Bonus du jeu du bookmaker cor\u00e9en<\/h3>\nKT Rolster, \u00e9galement financ\u00e9 par l&rsquo;industrie cor\u00e9enne des t\u00e9l\u00e9communications. Appel\u00e9 \u00ab montagnes russes \u00bb. C&rsquo;est un g\u00e9ant de la sc\u00e8ne e-sport de StarCraft. Ils ont gagn\u00e9 3 fois. La d\u00e9funte StarCraft Proleague, qui aime \u00e9galement certaines r\u00e9alisations dans le domaine des alliances narratives, a remport\u00e9 le championnat d&rsquo;\u00e9t\u00e9 LCK en 2018.\n<h2>Bonus pour les bookmakers cor\u00e9ens Assistance en ligne Samsung<\/h2>\nL&rsquo;une des marques les plus connues au monde. L&rsquo;une des rares marques technologiques \u00e0 avoir \u00e9t\u00e9 le protagoniste de l&rsquo;e-sport cor\u00e9en de 2000 \u00e0 2017. L&rsquo;\u00e9quipe Samsung Galaxy a jou\u00e9 un r\u00f4le particuli\u00e8rement important dans la League of Legends, lors du LCK Spring Split 2014. Il a r\u00e9ussi et a remport\u00e9 le championnat du monde de Lmao. Dans deux cas.\n<h3>Jeux d&rsquo;argent en ligne en Cor\u00e9e du Sud<\/h3>\nLa R\u00e9publique de Cor\u00e9e a un lien int\u00e9ressant avec les casinos. Apr\u00e8s le d\u00e9clenchement de la prochaine guerre mondiale, toutes les formes de jeu ont \u00e9t\u00e9 interdites apr\u00e8s la fondation de la nation. Les ressortissants cor\u00e9ens ont \u00e9galement \u00e9t\u00e9 interdits dans le pass\u00e9. Jeu r\u00e9p\u00e9t\u00e9 lors d&rsquo;un voyage \u00e0 l&rsquo;\u00e9tranger.\n<h3>Utilisez le portefeuille \u00e9lectronique pour effectuer un d\u00e9p\u00f4t en cor\u00e9en<a href=\"https:\/\/www.freebetsinfo.co.uk\/free-bets\/\"> bookmakers<\/a><\/h3>\nD&rsquo;abord. Vous avez besoin d&rsquo;un portefeuille \u00e9lectronique. Fournir un financement aux soci\u00e9t\u00e9s de jeux cor\u00e9ens. De plus, apr\u00e8s avoir r\u00e9ussi \u00e0 gagner de l&rsquo;argent. Vous devez \u00e9galement avoir un budget \u00e9lectronique pour payer. Les portefeuilles \u00e9lectroniques sont \u00e9quivalents aux institutions financi\u00e8res en ligne. Il est recommand\u00e9 de choisir enfin l&rsquo;euro. Comme devise de votre compte\n<h3>Envoyer des fonds aux soci\u00e9t\u00e9s de jeux cor\u00e9ens<\/h3>\nIl suffit de vous inscrire et vous pourrez l&rsquo;utiliser apr\u00e8s avoir ouvert un compte. Portefeuille \u00e9lectronique en ligne. D\u00e9p\u00f4t en esp\u00e8ces. Lorsque vous avez des services bancaires aux consommateurs en ligne, vous pouvez le faire sur Internet. L&rsquo;argent appara\u00eetra bient\u00f4t. Dans votre compte bookmaker.\n\n<!-- \/wp:post-content -->","protected":false},"excerpt":{"rendered":"<p>Le meilleur bonus de bienvenue de paris en Cor\u00e9e. Offres de casino en ligne cor\u00e9en et bonus de bienvenue promotionnels, la soci\u00e9t\u00e9 de paris en ligne la plus fiable.<\/p>\n<div class=\"hero-cup-section\">\n<div class=\"row mb-4\">\n<div class=\"col-md-7\">\n<div class=\"section-area\">\n<div class=\"section-list\">\n<li style=\"text-align: left\"><img decoding=\"async\" src=\"https:\/\/www.freebetbest.com\/wp-content\/uploads\/2021\/06\/tick.png\" alt=\"Des sports\"> Bonus de bienvenue du casino sportif.<\/li>\n<li style=\"text-align: left\"><img decoding=\"async\" src=\"https:\/\/www.freebetbest.com\/wp-content\/uploads\/2021\/06\/tick.png\" alt=\"offres de jeux\"> Offres et promotions de bookmakers en ligne.<\/li>\n<li style=\"text-align: left\"><img decoding=\"async\" src=\"https:\/\/www.freebetbest.com\/wp-content\/uploads\/2021\/06\/tick.png\" alt=\"offres de jeux\"> Les meilleurs bookmakers en ligne auxquels vous pouvez faire confiance.<\/li>\n<li style=\"text-align: left\"><img decoding=\"async\" src=\"https:\/\/www.freebetbest.com\/wp-content\/uploads\/2021\/06\/tick.png\" alt=\"Faisant autorit\u00e9\"> Examen faisant autorit\u00e9 S\u00fbr fiable.<\/li>\n<li style=\"text-align: left\"><img decoding=\"async\" src=\"https:\/\/www.freebetbest.com\/wp-content\/uploads\/2021\/06\/tick.png\" alt=\"Retraits rapides\"> Prise en charge de l&rsquo;application mobile, retraits rapides.<\/li>\n<li style=\"text-align: left\"><img decoding=\"async\" src=\"https:\/\/www.freebetbest.com\/wp-content\/uploads\/2021\/06\/tick.png\" alt=\"Service client\"> Support client : 365 jours, 24 heures par jour.<\/li>\n<\/div>\n<\/div>\n<\/div>\n<div class=\"col-md-5\">\n<div class=\"cup-img\"><img decoding=\"async\" src=\"https:\/\/www.freebetbest.com\/wp-content\/uploads\/2021\/06\/korea11.png\" alt=\"pari gratuit\"><\/div>\n<\/div>\n<\/div>\n","protected":false},"author":1,"featured_media":125268,"parent":0,"menu_order":0,"comment_status":"closed","ping_status":"closed","template":"Korea-template.php","meta":{"footnotes":""},"class_list":["post-130155","page","type-page","status-publish","has-post-thumbnail","hentry"],"yoast_head":"<!-- This site is optimized with the Yoast SEO Premium plugin v19.5 (Yoast SEO v27.0) - https:\/\/yoast.com\/product\/yoast-seo-premium-wordpress\/ -->\n<title>Bonus des bookmakers cor\u00e9ens , Promotion de premier d\u00e9p\u00f4t<\/title>\n<meta name=\"description\" content=\"Bonus des bookmakers cor\u00e9ens , pari gratuit Bonus sans d\u00e9p\u00f4t, bienvenue code bonus de premier d\u00e9p\u00f4t, code bonus d&#039;inscription. R\u00e9clamez votre bonus de bienvenue aujourd&#039;hui\" \/>\n<meta name=\"robots\" content=\"index, follow, max-snippet:-1, max-image-preview:large, max-video-preview:-1\" \/>\n<link rel=\"canonical\" href=\"https:\/\/www.freebetbest.com\/fr\/coree-bookmakers-bonus\/\" \/>\n<meta property=\"og:locale\" content=\"fr_FR\" \/>\n<meta property=\"og:type\" content=\"article\" \/>\n<meta property=\"og:title\" content=\"Bonus des bookmakers cor\u00e9ens\" \/>\n<meta property=\"og:description\" content=\"Bonus des bookmakers cor\u00e9ens , pari gratuit Bonus sans d\u00e9p\u00f4t, bienvenue code bonus de premier d\u00e9p\u00f4t, code bonus d&#039;inscription. R\u00e9clamez votre bonus de bienvenue aujourd&#039;hui\" \/>\n<meta property=\"og:url\" content=\"https:\/\/www.freebetbest.com\/fr\/coree-bookmakers-bonus\/\" \/>\n<meta property=\"og:site_name\" content=\"Meilleurs casinos en ligne | Bonus Paris sportifs | Meilleurs bookmakers en ligne\" \/>\n<meta property=\"article:modified_time\" content=\"2021-07-28T17:05:42+00:00\" \/>\n<meta property=\"og:image\" content=\"https:\/\/www.freebetbest.com\/wp-content\/uploads\/2021\/06\/Bookmakers-scaled.jpg\" \/>\n\t<meta property=\"og:image:width\" content=\"417\" \/>\n\t<meta property=\"og:image:height\" content=\"180\" \/>\n\t<meta property=\"og:image:type\" content=\"image\/jpeg\" \/>\n<meta name=\"twitter:card\" content=\"summary_large_image\" \/>\n<meta name=\"twitter:label1\" content=\"Dur\u00e9e de lecture estim\u00e9e\" \/>\n\t<meta name=\"twitter:data1\" content=\"3 minutes\" \/>\n<script type=\"application\/ld+json\" class=\"yoast-schema-graph\">{\"@context\":\"https:\/\/schema.org\",\"@graph\":[{\"@type\":\"WebPage\",\"@id\":\"https:\/\/www.freebetbest.com\/fr\/coree-bookmakers-bonus\/\",\"url\":\"https:\/\/www.freebetbest.com\/fr\/coree-bookmakers-bonus\/\",\"name\":\"Bonus des bookmakers cor\u00e9ens , Promotion de premier d\u00e9p\u00f4t\",\"isPartOf\":{\"@id\":\"https:\/\/www.freebetbest.com\/fr\/#website\"},\"primaryImageOfPage\":{\"@id\":\"https:\/\/www.freebetbest.com\/fr\/coree-bookmakers-bonus\/#primaryimage\"},\"image\":{\"@id\":\"https:\/\/www.freebetbest.com\/fr\/coree-bookmakers-bonus\/#primaryimage\"},\"thumbnailUrl\":\"https:\/\/www.freebetbest.com\/wp-content\/uploads\/2021\/06\/Bookmakers-scaled.jpg\",\"datePublished\":\"2021-06-10T14:40:50+00:00\",\"dateModified\":\"2021-07-28T17:05:42+00:00\",\"description\":\"Bonus des bookmakers cor\u00e9ens , pari gratuit Bonus sans d\u00e9p\u00f4t, bienvenue code bonus de premier d\u00e9p\u00f4t, code bonus d'inscription. R\u00e9clamez votre bonus de bienvenue aujourd'hui\",\"breadcrumb\":{\"@id\":\"https:\/\/www.freebetbest.com\/fr\/coree-bookmakers-bonus\/#breadcrumb\"},\"inLanguage\":\"fr-FR\",\"potentialAction\":[{\"@type\":\"ReadAction\",\"target\":[\"https:\/\/www.freebetbest.com\/fr\/coree-bookmakers-bonus\/\"]}]},{\"@type\":\"ImageObject\",\"inLanguage\":\"fr-FR\",\"@id\":\"https:\/\/www.freebetbest.com\/fr\/coree-bookmakers-bonus\/#primaryimage\",\"url\":\"https:\/\/www.freebetbest.com\/wp-content\/uploads\/2021\/06\/Bookmakers-scaled.jpg\",\"contentUrl\":\"https:\/\/www.freebetbest.com\/wp-content\/uploads\/2021\/06\/Bookmakers-scaled.jpg\",\"width\":417,\"height\":180,\"caption\":\"Bonus des bookmakers chinois\"},{\"@type\":\"BreadcrumbList\",\"@id\":\"https:\/\/www.freebetbest.com\/fr\/coree-bookmakers-bonus\/#breadcrumb\",\"itemListElement\":[{\"@type\":\"ListItem\",\"position\":1,\"name\":\"Home\",\"item\":\"https:\/\/www.freebetbest.com\/fr\/\"},{\"@type\":\"ListItem\",\"position\":2,\"name\":\"Bonus des bookmakers cor\u00e9ens\"}]},{\"@type\":\"WebSite\",\"@id\":\"https:\/\/www.freebetbest.com\/fr\/#website\",\"url\":\"https:\/\/www.freebetbest.com\/fr\/\",\"name\":\"Meilleurs casinos en ligne | Bonus Paris sportifs | Meilleurs bookmakers en ligne\",\"description\":\"Meilleurs bookmakers en ligne, casinos, poker, bingo et paris sur mobiles, casinos en ligne, paris sur le football, codes promotionnels sans d\u00e9p\u00f4t, premier portail mondial des jeux d'argent.\",\"publisher\":{\"@id\":\"https:\/\/www.freebetbest.com\/fr\/#\/schema\/person\/292684ccf388a2362d507874c5b80a69\"},\"potentialAction\":[{\"@type\":\"SearchAction\",\"target\":{\"@type\":\"EntryPoint\",\"urlTemplate\":\"https:\/\/www.freebetbest.com\/fr\/?s={search_term_string}\"},\"query-input\":{\"@type\":\"PropertyValueSpecification\",\"valueRequired\":true,\"valueName\":\"search_term_string\"}}],\"inLanguage\":\"fr-FR\"},{\"@type\":[\"Person\",\"Organization\"],\"@id\":\"https:\/\/www.freebetbest.com\/fr\/#\/schema\/person\/292684ccf388a2362d507874c5b80a69\",\"name\":\"\u7ba1\u7406\",\"image\":{\"@type\":\"ImageObject\",\"inLanguage\":\"fr-FR\",\"@id\":\"https:\/\/www.freebetbest.com\/fr\/#\/schema\/person\/image\/\",\"url\":\"https:\/\/www.freebetbest.com\/wp-content\/litespeed\/avatar\/49696b52fb15293a2168c14964fdd8b9.jpg?ver=1778044739\",\"contentUrl\":\"https:\/\/www.freebetbest.com\/wp-content\/litespeed\/avatar\/49696b52fb15293a2168c14964fdd8b9.jpg?ver=1778044739\",\"caption\":\"\u7ba1\u7406\"},\"logo\":{\"@id\":\"https:\/\/www.freebetbest.com\/fr\/#\/schema\/person\/image\/\"},\"sameAs\":[\"admin\"]}]}<\/script>\n<!-- \/ Yoast SEO Premium plugin. -->","yoast_head_json":{"title":"Bonus des bookmakers cor\u00e9ens , Promotion de premier d\u00e9p\u00f4t","description":"Bonus des bookmakers cor\u00e9ens , pari gratuit Bonus sans d\u00e9p\u00f4t, bienvenue code bonus de premier d\u00e9p\u00f4t, code bonus d'inscription. R\u00e9clamez votre bonus de bienvenue aujourd'hui","robots":{"index":"index","follow":"follow","max-snippet":"max-snippet:-1","max-image-preview":"max-image-preview:large","max-video-preview":"max-video-preview:-1"},"canonical":"https:\/\/www.freebetbest.com\/fr\/coree-bookmakers-bonus\/","og_locale":"fr_FR","og_type":"article","og_title":"Bonus des bookmakers cor\u00e9ens","og_description":"Bonus des bookmakers cor\u00e9ens , pari gratuit Bonus sans d\u00e9p\u00f4t, bienvenue code bonus de premier d\u00e9p\u00f4t, code bonus d'inscription. R\u00e9clamez votre bonus de bienvenue aujourd'hui","og_url":"https:\/\/www.freebetbest.com\/fr\/coree-bookmakers-bonus\/","og_site_name":"Meilleurs casinos en ligne | Bonus Paris sportifs | Meilleurs bookmakers en ligne","article_modified_time":"2021-07-28T17:05:42+00:00","og_image":[{"width":417,"height":180,"url":"https:\/\/www.freebetbest.com\/wp-content\/uploads\/2021\/06\/Bookmakers-scaled.jpg","type":"image\/jpeg"}],"twitter_card":"summary_large_image","twitter_misc":{"Dur\u00e9e de lecture estim\u00e9e":"3 minutes"},"schema":{"@context":"https:\/\/schema.org","@graph":[{"@type":"WebPage","@id":"https:\/\/www.freebetbest.com\/fr\/coree-bookmakers-bonus\/","url":"https:\/\/www.freebetbest.com\/fr\/coree-bookmakers-bonus\/","name":"Bonus des bookmakers cor\u00e9ens , Promotion de premier d\u00e9p\u00f4t","isPartOf":{"@id":"https:\/\/www.freebetbest.com\/fr\/#website"},"primaryImageOfPage":{"@id":"https:\/\/www.freebetbest.com\/fr\/coree-bookmakers-bonus\/#primaryimage"},"image":{"@id":"https:\/\/www.freebetbest.com\/fr\/coree-bookmakers-bonus\/#primaryimage"},"thumbnailUrl":"https:\/\/www.freebetbest.com\/wp-content\/uploads\/2021\/06\/Bookmakers-scaled.jpg","datePublished":"2021-06-10T14:40:50+00:00","dateModified":"2021-07-28T17:05:42+00:00","description":"Bonus des bookmakers cor\u00e9ens , pari gratuit Bonus sans d\u00e9p\u00f4t, bienvenue code bonus de premier d\u00e9p\u00f4t, code bonus d'inscription. R\u00e9clamez votre bonus de bienvenue aujourd'hui","breadcrumb":{"@id":"https:\/\/www.freebetbest.com\/fr\/coree-bookmakers-bonus\/#breadcrumb"},"inLanguage":"fr-FR","potentialAction":[{"@type":"ReadAction","target":["https:\/\/www.freebetbest.com\/fr\/coree-bookmakers-bonus\/"]}]},{"@type":"ImageObject","inLanguage":"fr-FR","@id":"https:\/\/www.freebetbest.com\/fr\/coree-bookmakers-bonus\/#primaryimage","url":"https:\/\/www.freebetbest.com\/wp-content\/uploads\/2021\/06\/Bookmakers-scaled.jpg","contentUrl":"https:\/\/www.freebetbest.com\/wp-content\/uploads\/2021\/06\/Bookmakers-scaled.jpg","width":417,"height":180,"caption":"Bonus des bookmakers chinois"},{"@type":"BreadcrumbList","@id":"https:\/\/www.freebetbest.com\/fr\/coree-bookmakers-bonus\/#breadcrumb","itemListElement":[{"@type":"ListItem","position":1,"name":"Home","item":"https:\/\/www.freebetbest.com\/fr\/"},{"@type":"ListItem","position":2,"name":"Bonus des bookmakers cor\u00e9ens"}]},{"@type":"WebSite","@id":"https:\/\/www.freebetbest.com\/fr\/#website","url":"https:\/\/www.freebetbest.com\/fr\/","name":"Meilleurs casinos en ligne | Bonus Paris sportifs | Meilleurs bookmakers en ligne","description":"Meilleurs bookmakers en ligne, casinos, poker, bingo et paris sur mobiles, casinos en ligne, paris sur le football, codes promotionnels sans d\u00e9p\u00f4t, premier portail mondial des jeux d'argent.","publisher":{"@id":"https:\/\/www.freebetbest.com\/fr\/#\/schema\/person\/292684ccf388a2362d507874c5b80a69"},"potentialAction":[{"@type":"SearchAction","target":{"@type":"EntryPoint","urlTemplate":"https:\/\/www.freebetbest.com\/fr\/?s={search_term_string}"},"query-input":{"@type":"PropertyValueSpecification","valueRequired":true,"valueName":"search_term_string"}}],"inLanguage":"fr-FR"},{"@type":["Person","Organization"],"@id":"https:\/\/www.freebetbest.com\/fr\/#\/schema\/person\/292684ccf388a2362d507874c5b80a69","name":"\u7ba1\u7406","image":{"@type":"ImageObject","inLanguage":"fr-FR","@id":"https:\/\/www.freebetbest.com\/fr\/#\/schema\/person\/image\/","url":"https:\/\/www.freebetbest.com\/wp-content\/litespeed\/avatar\/49696b52fb15293a2168c14964fdd8b9.jpg?ver=1778044739","contentUrl":"https:\/\/www.freebetbest.com\/wp-content\/litespeed\/avatar\/49696b52fb15293a2168c14964fdd8b9.jpg?ver=1778044739","caption":"\u7ba1\u7406"},"logo":{"@id":"https:\/\/www.freebetbest.com\/fr\/#\/schema\/person\/image\/"},"sameAs":["admin"]}]}},"_links":{"self":[{"href":"https:\/\/www.freebetbest.com\/fr\/wp-json\/wp\/v2\/pages\/130155","targetHints":{"allow":["GET"]}}],"collection":[{"href":"https:\/\/www.freebetbest.com\/fr\/wp-json\/wp\/v2\/pages"}],"about":[{"href":"https:\/\/www.freebetbest.com\/fr\/wp-json\/wp\/v2\/types\/page"}],"author":[{"embeddable":true,"href":"https:\/\/www.freebetbest.com\/fr\/wp-json\/wp\/v2\/users\/1"}],"replies":[{"embeddable":true,"href":"https:\/\/www.freebetbest.com\/fr\/wp-json\/wp\/v2\/comments?post=130155"}],"version-history":[{"count":0,"href":"https:\/\/www.freebetbest.com\/fr\/wp-json\/wp\/v2\/pages\/130155\/revisions"}],"wp:featuredmedia":[{"embeddable":true,"href":"https:\/\/www.freebetbest.com\/fr\/wp-json\/wp\/v2\/media\/125268"}],"wp:attachment":[{"href":"https:\/\/www.freebetbest.com\/fr\/wp-json\/wp\/v2\/media?parent=130155"}],"curies":[{"name":"wp","href":"https:\/\/api.w.org\/{rel}","templated":true}]}}