{"id":129345,"date":"2021-06-10T10:04:52","date_gmt":"2021-06-10T10:04:52","guid":{"rendered":"https:\/\/www.freebetbest.com\/japon-bookmakers-bonus\/"},"modified":"2021-07-29T13:51:27","modified_gmt":"2021-07-29T13:51:27","slug":"bonus-des-bookmakers-japonais","status":"publish","type":"page","link":"https:\/\/www.freebetbest.com\/fr\/bonus-des-bookmakers-japonais\/","title":{"rendered":"Bonus des bookmakers japonais"},"content":{"rendered":"<h2>Meilleur site de bonus des bookmakers japonais<\/h2>\nNous fournissons des liens. Vous aider \u00e0 vous inscrire pour un compte gratuit. Et comment s&rsquo;inscrire le plus rapidement possible, comment obtenir le bonus des bookmakers japonais. Et bienvenue aux bonus gratuits.\n\nL&rsquo;activit\u00e9 de devinette la plus courante au Japon est le baseball. De nombreux paris sont plac\u00e9s chaque jour sur le r\u00e9sultat du plus gros match.\n\nConnaissez-vous les options disponibles pour<a href=\"https:\/\/www.freebetbest.com\/latest-free-betting-bonus\/\"> les paris sportifs<\/a> au Japon? Cet article clarifie tout cela. Sur cette page, notre \u00e9quipe d&rsquo;experts a analys\u00e9 les principaux sites Web et programmes et a r\u00e9v\u00e9l\u00e9 le plus grand site Web de jeux au Japon.\n<h3>Le jeu en Chine a un pass\u00e9 historique unique et fascinant.<\/h3>\nLes spectateurs se sont r\u00e9unis en num\u00e9ros de t\u00e9l\u00e9phone pour regarder des \u00e9v\u00e9nements sportifs, des combats et des examens de rythme ou d&rsquo;\u00e9nergie, et ont mis\u00e9 des fonds ou des objets dans le r\u00e9sultat. La situation des paris est celle des casinos en ligne ouverts par les Occidentaux. Jouez \u00e0 des jeux de cartes de cr\u00e9dit en ligne.\n<h3>Guider la direction et votre plus important dans les temps modernes.<\/h3>\nBonus des bookmakers japonais. C&rsquo;est compl\u00e8tement diff\u00e9rent lorsqu&rsquo;il s&rsquo;agit de r\u00e9duire les risques. Le pari se fait par le biais de paris en ligne,\n<h3>Bonus des bookmakers japonais La plupart des paris sont toujours l\u00e9gaux.<\/h3>\nIl n&rsquo;y a pas d&rsquo;arr\u00eat de ces plans de si loin. Le pari le plus convaincant est celui qui r\u00e9alise un profit. La grande majorit\u00e9 des paris sont investis dans des soci\u00e9t\u00e9s de paris l\u00e9gaux.\n<h3>Bonus des bookmakers japonais Jouer en ligne au Japon<\/h3>\nLa reconnaissance du jeu en ligne continue de cro\u00eetre au Japon. Certes, le march\u00e9 du sport en ligne est beaucoup plus comp\u00e9titif aujourd&rsquo;hui que par le pass\u00e9, mais c&rsquo;est une excellente information pour les parieurs. Vous avez le choix quant au bookmaker avec lequel jouer.\n<h3>Bonus des bookmakers japonais<a href=\"https:\/\/www.freebetsinfo.co.uk\/free-bets\/\"> Paris sportifs en ligne<\/a><\/h3>\nParier l\u00e0-dessus, c&rsquo;est aussi le Japon. Un passe-temps que des milliers de personnes appr\u00e9cient. Nous avons d\u00e9j\u00e0 obtenu. Un grand nombre de pages de suggestions. Vous aider dans les paris sportifs, mais nous le fournissons \u00e9galement pour vous. Le meilleur bonus de bookmaker japonais au monde.\n\nTous les bookmakers japonais. Les deux prot\u00e8gent les championnats communautaires et f\u00e9d\u00e9raux, tels que la J1 League et la NPB, ainsi que les Jeux olympiques, la Coupe du monde et l&rsquo;UEFA Champions League. Diverses autres activit\u00e9s sportives majeures, telles que les ligues. Grands \u00e9v\u00e9nements dans le monde.\n\nSi vous pr\u00e9voyez de le faire. Parier sur de petits \u00e9v\u00e9nements au Japon, lire diff\u00e9rents types de formats de cotes ou deviner le prochain champion de la Coupe du monde de basket-ball, ce n&rsquo;est pas un probl\u00e8me. Tout cela peut \u00eatre dedans. Compl\u00e9t\u00e9 dans notre liste de bookmakers japonais.\n<h3>Casinos en ligne au Japon<\/h3>\nParticiper aux casinos en ligne. Comme alternative \u00e0 la version r\u00e9elle. a de nombreux avantages. Tout d&rsquo;abord, vous pouvez \u00eatre dedans. Profitez-en \u00e0 la maison ou en d\u00e9placement, c&rsquo;est donc plus facile. En plus, tout comme ceux de la vraie vie quotidienne. En conclusion, Les personnes qui ont jou\u00e9 dans les casinos Internet. Comme vous le savez, les paris peuvent \u00eatre intimidants.\n\nComme titre du jeu de croupier en direct, l&rsquo;\u00e9tablissement de jeu \u00e0 domicile. L&rsquo;exp\u00e9rience pratique devient aussi efficace que les produits authentiques. Vous pouvez jouer au blackjack, \u00e0 la roulette, au baccarat et \u00e0 d&rsquo;autres jeux, laisser de vraies personnes r\u00e9pondre \u00e0 vos besoins et vivre dans un vrai casino.\n<h3>Japon Bookmakers Bonus options d&rsquo;investissement<\/h3>\nnous savons. Il peut facilement entrer et sortir en utilisant des m\u00e9thodes qui vous conviennent, ce qui est tr\u00e8s important dans le jeu en ligne. Voil\u00e0 pourquoi. Nous voulons faire de notre mieux. En conclusion, apportez-vous plusieurs sites Web qui offrent un large \u00e9ventail d&rsquo;options bancaires pour les athl\u00e8tes japonais\n\n<!-- \/wp:post-content -->","protected":false},"excerpt":{"rendered":"<p>Cr\u00e9ez un compte gratuit et enregistrez-vous le plus rapidement possible, et comment obtenir le meilleur bonus de bienvenue et le bonus gratuit pr\u00eats \u00e0 l&#8217;emploi.<\/p>\n<div class=\"hero-cup-section\">\n<div class=\"row mb-4\">\n<div class=\"col-md-7\">\n<div class=\"section-area\">\n<div class=\"section-list\">\n<li style=\"text-align: left\"><img decoding=\"async\" src=\"https:\/\/www.freebetbest.com\/wp-content\/uploads\/2021\/06\/tick.png\" alt=\"Des sports\"> Bonus de bienvenue du casino sportif.<\/li>\n<li style=\"text-align: left\"><img decoding=\"async\" src=\"https:\/\/www.freebetbest.com\/wp-content\/uploads\/2021\/06\/tick.png\" alt=\"offres de jeux\"> Offres et promotions de bookmakers en ligne.<\/li>\n<li style=\"text-align: left\"><img decoding=\"async\" src=\"https:\/\/www.freebetbest.com\/wp-content\/uploads\/2021\/06\/tick.png\" alt=\"offres de jeux\"> Les meilleurs bookmakers en ligne auxquels vous pouvez faire confiance.<\/li>\n<li style=\"text-align: left\"><img decoding=\"async\" src=\"https:\/\/www.freebetbest.com\/wp-content\/uploads\/2021\/06\/tick.png\" alt=\"Faisant autorit\u00e9\"> Examen faisant autorit\u00e9 S\u00fbr fiable.<\/li>\n<li style=\"text-align: left\"><img decoding=\"async\" src=\"https:\/\/www.freebetbest.com\/wp-content\/uploads\/2021\/06\/tick.png\" alt=\"Retraits rapides\"> Prise en charge de l&rsquo;application mobile, retraits rapides.<\/li>\n<li style=\"text-align: left\"><img decoding=\"async\" src=\"https:\/\/www.freebetbest.com\/wp-content\/uploads\/2021\/06\/tick.png\" alt=\"Service client\"> Support client : 365 jours, 24 heures par jour.<\/li>\n<\/div>\n<\/div>\n<\/div>\n<div class=\"col-md-5\">\n<div class=\"cup-img\"><img decoding=\"async\" src=\"https:\/\/www.freebetbest.com\/wp-content\/uploads\/2021\/06\/japan1-1.png\" alt=\"pari gratuit\"><\/div>\n<\/div>\n<\/div>\n","protected":false},"author":1,"featured_media":125268,"parent":0,"menu_order":0,"comment_status":"closed","ping_status":"closed","template":"japan-template.php","meta":{"footnotes":""},"class_list":["post-129345","page","type-page","status-publish","has-post-thumbnail","hentry"],"yoast_head":"<!-- This site is optimized with the Yoast SEO Premium plugin v19.5 (Yoast SEO v27.0) - https:\/\/yoast.com\/product\/yoast-seo-premium-wordpress\/ -->\n<title>Bonus des bookmakers japonais , Promotion de premier d\u00e9p\u00f4t<\/title>\n<meta name=\"description\" content=\"Bonus des bookmakers japonais ,Pari gratuit Bonus sans d\u00e9p\u00f4t\uff0cMeilleures offres de paris gratuits en ligne. Meilleures cotes pour les paris sportifs. Offres exclusives. Meilleures critiques.\" \/>\n<meta name=\"robots\" content=\"index, follow, max-snippet:-1, max-image-preview:large, max-video-preview:-1\" \/>\n<link rel=\"canonical\" href=\"https:\/\/www.freebetbest.com\/fr\/bonus-des-bookmakers-japonais\/\" \/>\n<meta property=\"og:locale\" content=\"fr_FR\" \/>\n<meta property=\"og:type\" content=\"article\" \/>\n<meta property=\"og:title\" content=\"Bonus des bookmakers japonais\" \/>\n<meta property=\"og:description\" content=\"Bonus des bookmakers japonais ,Pari gratuit Bonus sans d\u00e9p\u00f4t\uff0cMeilleures offres de paris gratuits en ligne. Meilleures cotes pour les paris sportifs. Offres exclusives. Meilleures critiques.\" \/>\n<meta property=\"og:url\" content=\"https:\/\/www.freebetbest.com\/fr\/bonus-des-bookmakers-japonais\/\" \/>\n<meta property=\"og:site_name\" content=\"Meilleurs casinos en ligne | Bonus Paris sportifs | Meilleurs bookmakers en ligne\" \/>\n<meta property=\"article:modified_time\" content=\"2021-07-29T13:51:27+00:00\" \/>\n<meta property=\"og:image\" content=\"https:\/\/www.freebetbest.com\/wp-content\/uploads\/2021\/06\/Bookmakers-scaled.jpg\" \/>\n\t<meta property=\"og:image:width\" content=\"417\" \/>\n\t<meta property=\"og:image:height\" content=\"180\" \/>\n\t<meta property=\"og:image:type\" content=\"image\/jpeg\" \/>\n<meta name=\"twitter:card\" content=\"summary_large_image\" \/>\n<meta name=\"twitter:label1\" content=\"Dur\u00e9e de lecture estim\u00e9e\" \/>\n\t<meta name=\"twitter:data1\" content=\"3 minutes\" \/>\n<script type=\"application\/ld+json\" class=\"yoast-schema-graph\">{\"@context\":\"https:\/\/schema.org\",\"@graph\":[{\"@type\":\"WebPage\",\"@id\":\"https:\/\/www.freebetbest.com\/fr\/bonus-des-bookmakers-japonais\/\",\"url\":\"https:\/\/www.freebetbest.com\/fr\/bonus-des-bookmakers-japonais\/\",\"name\":\"Bonus des bookmakers japonais , Promotion de premier d\u00e9p\u00f4t\",\"isPartOf\":{\"@id\":\"https:\/\/www.freebetbest.com\/fr\/#website\"},\"primaryImageOfPage\":{\"@id\":\"https:\/\/www.freebetbest.com\/fr\/bonus-des-bookmakers-japonais\/#primaryimage\"},\"image\":{\"@id\":\"https:\/\/www.freebetbest.com\/fr\/bonus-des-bookmakers-japonais\/#primaryimage\"},\"thumbnailUrl\":\"https:\/\/www.freebetbest.com\/wp-content\/uploads\/2021\/06\/Bookmakers-scaled.jpg\",\"datePublished\":\"2021-06-10T10:04:52+00:00\",\"dateModified\":\"2021-07-29T13:51:27+00:00\",\"description\":\"Bonus des bookmakers japonais ,Pari gratuit Bonus sans d\u00e9p\u00f4t\uff0cMeilleures offres de paris gratuits en ligne. Meilleures cotes pour les paris sportifs. Offres exclusives. Meilleures critiques.\",\"breadcrumb\":{\"@id\":\"https:\/\/www.freebetbest.com\/fr\/bonus-des-bookmakers-japonais\/#breadcrumb\"},\"inLanguage\":\"fr-FR\",\"potentialAction\":[{\"@type\":\"ReadAction\",\"target\":[\"https:\/\/www.freebetbest.com\/fr\/bonus-des-bookmakers-japonais\/\"]}]},{\"@type\":\"ImageObject\",\"inLanguage\":\"fr-FR\",\"@id\":\"https:\/\/www.freebetbest.com\/fr\/bonus-des-bookmakers-japonais\/#primaryimage\",\"url\":\"https:\/\/www.freebetbest.com\/wp-content\/uploads\/2021\/06\/Bookmakers-scaled.jpg\",\"contentUrl\":\"https:\/\/www.freebetbest.com\/wp-content\/uploads\/2021\/06\/Bookmakers-scaled.jpg\",\"width\":417,\"height\":180,\"caption\":\"Bonus des bookmakers chinois\"},{\"@type\":\"BreadcrumbList\",\"@id\":\"https:\/\/www.freebetbest.com\/fr\/bonus-des-bookmakers-japonais\/#breadcrumb\",\"itemListElement\":[{\"@type\":\"ListItem\",\"position\":1,\"name\":\"Home\",\"item\":\"https:\/\/www.freebetbest.com\/fr\/\"},{\"@type\":\"ListItem\",\"position\":2,\"name\":\"Bonus des bookmakers japonais\"}]},{\"@type\":\"WebSite\",\"@id\":\"https:\/\/www.freebetbest.com\/fr\/#website\",\"url\":\"https:\/\/www.freebetbest.com\/fr\/\",\"name\":\"Meilleurs casinos en ligne | Bonus Paris sportifs | Meilleurs bookmakers en ligne\",\"description\":\"Meilleurs bookmakers en ligne, casinos, poker, bingo et paris sur mobiles, casinos en ligne, paris sur le football, codes promotionnels sans d\u00e9p\u00f4t, premier portail mondial des jeux d'argent.\",\"publisher\":{\"@id\":\"https:\/\/www.freebetbest.com\/fr\/#\/schema\/person\/292684ccf388a2362d507874c5b80a69\"},\"potentialAction\":[{\"@type\":\"SearchAction\",\"target\":{\"@type\":\"EntryPoint\",\"urlTemplate\":\"https:\/\/www.freebetbest.com\/fr\/?s={search_term_string}\"},\"query-input\":{\"@type\":\"PropertyValueSpecification\",\"valueRequired\":true,\"valueName\":\"search_term_string\"}}],\"inLanguage\":\"fr-FR\"},{\"@type\":[\"Person\",\"Organization\"],\"@id\":\"https:\/\/www.freebetbest.com\/fr\/#\/schema\/person\/292684ccf388a2362d507874c5b80a69\",\"name\":\"\u7ba1\u7406\",\"image\":{\"@type\":\"ImageObject\",\"inLanguage\":\"fr-FR\",\"@id\":\"https:\/\/www.freebetbest.com\/fr\/#\/schema\/person\/image\/\",\"url\":\"https:\/\/www.freebetbest.com\/wp-content\/litespeed\/avatar\/49696b52fb15293a2168c14964fdd8b9.jpg?ver=1775625495\",\"contentUrl\":\"https:\/\/www.freebetbest.com\/wp-content\/litespeed\/avatar\/49696b52fb15293a2168c14964fdd8b9.jpg?ver=1775625495\",\"caption\":\"\u7ba1\u7406\"},\"logo\":{\"@id\":\"https:\/\/www.freebetbest.com\/fr\/#\/schema\/person\/image\/\"},\"sameAs\":[\"admin\"]}]}<\/script>\n<!-- \/ Yoast SEO Premium plugin. -->","yoast_head_json":{"title":"Bonus des bookmakers japonais , Promotion de premier d\u00e9p\u00f4t","description":"Bonus des bookmakers japonais ,Pari gratuit Bonus sans d\u00e9p\u00f4t\uff0cMeilleures offres de paris gratuits en ligne. Meilleures cotes pour les paris sportifs. Offres exclusives. Meilleures critiques.","robots":{"index":"index","follow":"follow","max-snippet":"max-snippet:-1","max-image-preview":"max-image-preview:large","max-video-preview":"max-video-preview:-1"},"canonical":"https:\/\/www.freebetbest.com\/fr\/bonus-des-bookmakers-japonais\/","og_locale":"fr_FR","og_type":"article","og_title":"Bonus des bookmakers japonais","og_description":"Bonus des bookmakers japonais ,Pari gratuit Bonus sans d\u00e9p\u00f4t\uff0cMeilleures offres de paris gratuits en ligne. Meilleures cotes pour les paris sportifs. Offres exclusives. Meilleures critiques.","og_url":"https:\/\/www.freebetbest.com\/fr\/bonus-des-bookmakers-japonais\/","og_site_name":"Meilleurs casinos en ligne | Bonus Paris sportifs | Meilleurs bookmakers en ligne","article_modified_time":"2021-07-29T13:51:27+00:00","og_image":[{"width":417,"height":180,"url":"https:\/\/www.freebetbest.com\/wp-content\/uploads\/2021\/06\/Bookmakers-scaled.jpg","type":"image\/jpeg"}],"twitter_card":"summary_large_image","twitter_misc":{"Dur\u00e9e de lecture estim\u00e9e":"3 minutes"},"schema":{"@context":"https:\/\/schema.org","@graph":[{"@type":"WebPage","@id":"https:\/\/www.freebetbest.com\/fr\/bonus-des-bookmakers-japonais\/","url":"https:\/\/www.freebetbest.com\/fr\/bonus-des-bookmakers-japonais\/","name":"Bonus des bookmakers japonais , Promotion de premier d\u00e9p\u00f4t","isPartOf":{"@id":"https:\/\/www.freebetbest.com\/fr\/#website"},"primaryImageOfPage":{"@id":"https:\/\/www.freebetbest.com\/fr\/bonus-des-bookmakers-japonais\/#primaryimage"},"image":{"@id":"https:\/\/www.freebetbest.com\/fr\/bonus-des-bookmakers-japonais\/#primaryimage"},"thumbnailUrl":"https:\/\/www.freebetbest.com\/wp-content\/uploads\/2021\/06\/Bookmakers-scaled.jpg","datePublished":"2021-06-10T10:04:52+00:00","dateModified":"2021-07-29T13:51:27+00:00","description":"Bonus des bookmakers japonais ,Pari gratuit Bonus sans d\u00e9p\u00f4t\uff0cMeilleures offres de paris gratuits en ligne. Meilleures cotes pour les paris sportifs. Offres exclusives. Meilleures critiques.","breadcrumb":{"@id":"https:\/\/www.freebetbest.com\/fr\/bonus-des-bookmakers-japonais\/#breadcrumb"},"inLanguage":"fr-FR","potentialAction":[{"@type":"ReadAction","target":["https:\/\/www.freebetbest.com\/fr\/bonus-des-bookmakers-japonais\/"]}]},{"@type":"ImageObject","inLanguage":"fr-FR","@id":"https:\/\/www.freebetbest.com\/fr\/bonus-des-bookmakers-japonais\/#primaryimage","url":"https:\/\/www.freebetbest.com\/wp-content\/uploads\/2021\/06\/Bookmakers-scaled.jpg","contentUrl":"https:\/\/www.freebetbest.com\/wp-content\/uploads\/2021\/06\/Bookmakers-scaled.jpg","width":417,"height":180,"caption":"Bonus des bookmakers chinois"},{"@type":"BreadcrumbList","@id":"https:\/\/www.freebetbest.com\/fr\/bonus-des-bookmakers-japonais\/#breadcrumb","itemListElement":[{"@type":"ListItem","position":1,"name":"Home","item":"https:\/\/www.freebetbest.com\/fr\/"},{"@type":"ListItem","position":2,"name":"Bonus des bookmakers japonais"}]},{"@type":"WebSite","@id":"https:\/\/www.freebetbest.com\/fr\/#website","url":"https:\/\/www.freebetbest.com\/fr\/","name":"Meilleurs casinos en ligne | Bonus Paris sportifs | Meilleurs bookmakers en ligne","description":"Meilleurs bookmakers en ligne, casinos, poker, bingo et paris sur mobiles, casinos en ligne, paris sur le football, codes promotionnels sans d\u00e9p\u00f4t, premier portail mondial des jeux d'argent.","publisher":{"@id":"https:\/\/www.freebetbest.com\/fr\/#\/schema\/person\/292684ccf388a2362d507874c5b80a69"},"potentialAction":[{"@type":"SearchAction","target":{"@type":"EntryPoint","urlTemplate":"https:\/\/www.freebetbest.com\/fr\/?s={search_term_string}"},"query-input":{"@type":"PropertyValueSpecification","valueRequired":true,"valueName":"search_term_string"}}],"inLanguage":"fr-FR"},{"@type":["Person","Organization"],"@id":"https:\/\/www.freebetbest.com\/fr\/#\/schema\/person\/292684ccf388a2362d507874c5b80a69","name":"\u7ba1\u7406","image":{"@type":"ImageObject","inLanguage":"fr-FR","@id":"https:\/\/www.freebetbest.com\/fr\/#\/schema\/person\/image\/","url":"https:\/\/www.freebetbest.com\/wp-content\/litespeed\/avatar\/49696b52fb15293a2168c14964fdd8b9.jpg?ver=1775625495","contentUrl":"https:\/\/www.freebetbest.com\/wp-content\/litespeed\/avatar\/49696b52fb15293a2168c14964fdd8b9.jpg?ver=1775625495","caption":"\u7ba1\u7406"},"logo":{"@id":"https:\/\/www.freebetbest.com\/fr\/#\/schema\/person\/image\/"},"sameAs":["admin"]}]}},"_links":{"self":[{"href":"https:\/\/www.freebetbest.com\/fr\/wp-json\/wp\/v2\/pages\/129345","targetHints":{"allow":["GET"]}}],"collection":[{"href":"https:\/\/www.freebetbest.com\/fr\/wp-json\/wp\/v2\/pages"}],"about":[{"href":"https:\/\/www.freebetbest.com\/fr\/wp-json\/wp\/v2\/types\/page"}],"author":[{"embeddable":true,"href":"https:\/\/www.freebetbest.com\/fr\/wp-json\/wp\/v2\/users\/1"}],"replies":[{"embeddable":true,"href":"https:\/\/www.freebetbest.com\/fr\/wp-json\/wp\/v2\/comments?post=129345"}],"version-history":[{"count":0,"href":"https:\/\/www.freebetbest.com\/fr\/wp-json\/wp\/v2\/pages\/129345\/revisions"}],"wp:featuredmedia":[{"embeddable":true,"href":"https:\/\/www.freebetbest.com\/fr\/wp-json\/wp\/v2\/media\/125268"}],"wp:attachment":[{"href":"https:\/\/www.freebetbest.com\/fr\/wp-json\/wp\/v2\/media?parent=129345"}],"curies":[{"name":"wp","href":"https:\/\/api.w.org\/{rel}","templated":true}]}}