{"id":129318,"date":"2021-06-10T15:46:03","date_gmt":"2021-06-10T15:46:03","guid":{"rendered":"https:\/\/www.freebetbest.com\/indonesie-bookmakers-bonus\/"},"modified":"2021-07-28T17:02:20","modified_gmt":"2021-07-28T17:02:20","slug":"indonesie-bookmakers-bonus","status":"publish","type":"page","link":"https:\/\/www.freebetbest.com\/fr\/indonesie-bookmakers-bonus\/","title":{"rendered":"Bonus des bookmakers indon\u00e9siens"},"content":{"rendered":"<h2>Comment choisir le meilleur site Web de bonus de bookmakers indon\u00e9siens<\/h2>\nDe nombreux facteurs doivent \u00eatre pris en compte pour d\u00e9terminer le meilleur bonus des bookmakers indon\u00e9siens. Cotes de jeu comp\u00e9titives. C&rsquo;est l&rsquo;aspect le plus important, car c&rsquo;est d&rsquo;abord et avant tout. Recherche sur les enjeux lors des jeux. Bref. Il est recommand\u00e9 d&rsquo;essayer d&rsquo;en trouver un. Fa\u00e7ons d&rsquo;augmenter vos revenus.\n\nExcellent support client de la part des bookmakers indon\u00e9siens. Il joue \u00e9galement un r\u00f4le essentiel car il peut attirer plus de personnes \u00e0 s&rsquo;inscrire. Et apporter de l&rsquo;aide lorsque vous rencontrez des probl\u00e8mes. Application pour t\u00e9l\u00e9phone portable. Et la bonne mobilit\u00e9 des services sur le site. Flexibilit\u00e9 d&rsquo;acc\u00e8s am\u00e9lior\u00e9e.\n\nDe nombreuses m\u00e9thodes de transaction sont tr\u00e8s importantes car il s&rsquo;agit de d\u00e9poser de l&rsquo;argent. Fournit une vari\u00e9t\u00e9 d&rsquo;options. Enfin un site tr\u00e8s populaire. Pour avoir choisi le meilleur bonus des bookmakers indon\u00e9siens. C&rsquo;est vital, principalement parce que c&rsquo;est un bon signe.\n<h3>Mode de paiement comptant des bookmakers en Indon\u00e9sie<\/h3>\nLorsque vous d\u00e9posez des dollars am\u00e9ricains, vous devez utiliser un portefeuille \u00e9lectronique comme de nombreux sites de paris. N&rsquo;utilisez pas de strat\u00e9gies bancaires indon\u00e9siennes, telles que les \u00e9changes de cr\u00e9dit et les cartes de d\u00e9bit. Le portefeuille \u00e9lectronique le plus populaire. Il s&rsquo;agit bien d&rsquo;un compte bancaire Entropay. Apr\u00e8s avoir ouvert un compte marchand, vous utilisez imm\u00e9diatement une MasterCard. Ou une carte de cr\u00e9dit avec le logo Visa. Rechargez le compte Bookmakers.\n<h3><a href=\"https:\/\/www.freebetbest.com\/latest-free-betting-bonus\/\">Paris sur le football<\/a> en Indon\u00e9sie<\/h3>\nBonus des bookmakers indon\u00e9siens . Des paris gratuits sont propos\u00e9s. Autres promotions marketing\nAucun pari de d\u00e9p\u00f4t signifie essentiellement. Pour les bookmakers qui sont pr\u00eats \u00e0 payer pour eux-m\u00eames. Toute supposition sur le montant prescrit. Avec ce genre de paris gratuits. Bref. La diff\u00e9rence la plus courante est certainement. Ouvrez un compte de pari gratuit. Bonus de bienvenue pour les consommateurs.\n\nD&rsquo;autres versions incluent des paris enti\u00e8rement gratuits, ce qui indique essentiellement que vous \u00eates autoris\u00e9. D\u00e9couvrez le pari et quand vous vous en d\u00e9barrasser. Obtenez un remboursement pour les gains ou les transactions de bonus. Enfin, il y a effectivement des r\u00e9compenses promises et vous permettent de choisir des options d&rsquo;un montant pr\u00e9cis et d&rsquo;obtenir des bonus suppl\u00e9mentaires.\n<h3>Pari bonus des bookmakers indon\u00e9siens enti\u00e8rement gratuit.<\/h3>\nPeut \u00eatre utilis\u00e9 pour passer des paris. Vous l&rsquo;avez v\u00e9cu dans votre esprit. Mais il n&rsquo;y a pas d&rsquo;alternative \u00e0 l&rsquo;argent liquide. Pour augmenter vos revenus et r\u00e9duire les menaces par le biais de conjectures, le r\u00e9sultat est un peu difficile et peut \u00e9galement \u00eatre utilis\u00e9. Convertissez les paris gratuits en fonds. Ils proposent des paris gratuits. Afin d&rsquo;inciter les acheteurs \u00e0 adh\u00e9rer, continuez \u00e0 d\u00e9poser des fonds dans leurs donn\u00e9es personnelles et esp\u00e9rez qu&rsquo;ils leur seront fid\u00e8les.\n<h3>Participez au sport le plus r\u00e9pandu en Indon\u00e9sie<\/h3>\nEn Indon\u00e9sie, les gens peuvent parier. Les jeux vid\u00e9o les plus connus sont le football, le basket-ball et les arts martiaux, tr\u00e8s populaires en Malaisie, \u00e0 Singapour et en Tha\u00eflande. Badminton et tennis, squash et sports de raquette, etc. Beaucoup d&rsquo;activit\u00e9s combin\u00e9es. D&rsquo;autres sports d&rsquo;athl\u00e9tisme c\u00e9l\u00e8bres incluent le cricket et le cyclisme.\n<h3>Quels sites de paris fait l&rsquo;Indon\u00e9sie<a href=\"https:\/\/www.freebetsinfo.co.uk\/free-bets\/\"> Bookmakers<\/a> Bonus ont?<\/h3>\nLe jeu en ligne en Indon\u00e9sie. Ce n&rsquo;est peut-\u00eatre plus l\u00e9gal, mais vous pouvez en faire des milliers. Sites de paris asiatiques et europ\u00e9ens. Bref. Pour vous assurer que tout fonctionne efficacement, veuillez envisager d&rsquo;utiliser des VPN et des techniques de trading prudentes.\n<h3>Est-il s\u00fbr d&rsquo;obtenir le bonus des bookmakers indon\u00e9siens ?<\/h3>\nOui, mais vous devez prendre plusieurs mesures. Afin de parier en toute s\u00e9curit\u00e9 sur Internet en Indon\u00e9sie. Nous vous recommandons de choisir les sites de paris sportifs. Une m\u00e9thode de paiement subtile pour les d\u00e9p\u00f4ts et utilisez une communaut\u00e9 personnelle en ligne (VPN) pour masquer votre emplacement.\n<h3>Paris en ligne sur les bookmakers en Indon\u00e9sie<\/h3>\nLa premi\u00e8re ligue de football d&rsquo;Indon\u00e9sie, il est donc facile de deviner les \u00c9tats-Unis. Certains des meilleurs sites de paris sur le football. Si vous avez besoin d&rsquo;aide pour en choisir un, consultez la liste recommand\u00e9e des bookmakers indon\u00e9siens dans cet article.\n<h3>Les sites de jeux d&rsquo;argent en ligne facturent-ils des IDR?<\/h3>\nSi vous en avez enregistr\u00e9 un. Les sites qui acceptent les jeux d&rsquo;argent indon\u00e9siens, vous pouvez g\u00e9n\u00e9ralement investir. Pariez ensuite en roupie indon\u00e9sienne. Bref. Si vous utilisez un site Web europ\u00e9en, ce sera g\u00e9n\u00e9ralement automatique. Convertissez vos roupies indon\u00e9siennes en euros.\n\n<!-- \/wp:post-content -->","protected":false},"excerpt":{"rendered":"<p>Le meilleur bonus de bienvenue de paris en Indon\u00e9sie. Offres de casino en ligne en Indon\u00e9sie et bonus de bienvenue promotionnels, la soci\u00e9t\u00e9 de paris en ligne la plus fiable.<\/p>\n<div class=\"hero-cup-section\">\n<div class=\"row mb-4\">\n<div class=\"col-md-7\">\n<div class=\"section-area\">\n<div class=\"section-list\">\n<li style=\"text-align: left\"><img decoding=\"async\" src=\"https:\/\/www.freebetbest.com\/wp-content\/uploads\/2021\/06\/tick.png\" alt=\"Des sports\"> Bonus de bienvenue du casino sportif.<\/li>\n<li style=\"text-align: left\"><img decoding=\"async\" src=\"https:\/\/www.freebetbest.com\/wp-content\/uploads\/2021\/06\/tick.png\" alt=\"offres de jeux\"> Offres et promotions de bookmakers en ligne.<\/li>\n<li style=\"text-align: left\"><img decoding=\"async\" src=\"https:\/\/www.freebetbest.com\/wp-content\/uploads\/2021\/06\/tick.png\" alt=\"offres de jeux\"> Les meilleurs bookmakers en ligne auxquels vous pouvez faire confiance.<\/li>\n<li style=\"text-align: left\"><img decoding=\"async\" src=\"https:\/\/www.freebetbest.com\/wp-content\/uploads\/2021\/06\/tick.png\" alt=\"Faisant autorit\u00e9\"> Examen faisant autorit\u00e9 S\u00fbr fiable.<\/li>\n<li style=\"text-align: left\"><img decoding=\"async\" src=\"https:\/\/www.freebetbest.com\/wp-content\/uploads\/2021\/06\/tick.png\" alt=\"Retraits rapides\"> Prise en charge de l&rsquo;application mobile, retraits rapides.<\/li>\n<li style=\"text-align: left\"><img decoding=\"async\" src=\"https:\/\/www.freebetbest.com\/wp-content\/uploads\/2021\/06\/tick.png\" alt=\"Service client\"> Support client : 365 jours, 24 heures par jour.<\/li>\n<\/div>\n<\/div>\n<\/div>\n<div class=\"col-md-5\">\n<div class=\"cup-img\"><img decoding=\"async\" src=\"https:\/\/www.freebetbest.com\/wp-content\/uploads\/2021\/06\/Indonesian-1.png\" alt=\"pari gratuit\"><\/div>\n<\/div>\n<\/div>\n","protected":false},"author":1,"featured_media":125268,"parent":0,"menu_order":0,"comment_status":"closed","ping_status":"closed","template":"Indonesia-template.php","meta":{"footnotes":""},"class_list":["post-129318","page","type-page","status-publish","has-post-thumbnail","hentry"],"yoast_head":"<!-- This site is optimized with the Yoast SEO Premium plugin v19.5 (Yoast SEO v27.0) - https:\/\/yoast.com\/product\/yoast-seo-premium-wordpress\/ -->\n<title>Bonus des bookmakers indon\u00e9siens ,Bonus de casino pour la promotion du premier d\u00e9p\u00f4t<\/title>\n<meta name=\"description\" content=\"Bonus des bookmakers indon\u00e9siens , pari gratuit Bonus sans d\u00e9p\u00f4t, bienvenue code bonus de premier d\u00e9p\u00f4t, code bonus d&#039;inscription. Les meilleurs bookmakers asiatiques\" \/>\n<meta name=\"robots\" content=\"index, follow, max-snippet:-1, max-image-preview:large, max-video-preview:-1\" \/>\n<link rel=\"canonical\" href=\"https:\/\/www.freebetbest.com\/fr\/indonesie-bookmakers-bonus\/\" \/>\n<meta property=\"og:locale\" content=\"fr_FR\" \/>\n<meta property=\"og:type\" content=\"article\" \/>\n<meta property=\"og:title\" content=\"Bonus des bookmakers indon\u00e9siens\" \/>\n<meta property=\"og:description\" content=\"Bonus des bookmakers indon\u00e9siens , pari gratuit Bonus sans d\u00e9p\u00f4t, bienvenue code bonus de premier d\u00e9p\u00f4t, code bonus d&#039;inscription. Les meilleurs bookmakers asiatiques\" \/>\n<meta property=\"og:url\" content=\"https:\/\/www.freebetbest.com\/fr\/indonesie-bookmakers-bonus\/\" \/>\n<meta property=\"og:site_name\" content=\"Meilleurs casinos en ligne | Bonus Paris sportifs | Meilleurs bookmakers en ligne\" \/>\n<meta property=\"article:modified_time\" content=\"2021-07-28T17:02:20+00:00\" \/>\n<meta property=\"og:image\" content=\"https:\/\/www.freebetbest.com\/wp-content\/uploads\/2021\/06\/Bookmakers-scaled.jpg\" \/>\n\t<meta property=\"og:image:width\" content=\"417\" \/>\n\t<meta property=\"og:image:height\" content=\"180\" \/>\n\t<meta property=\"og:image:type\" content=\"image\/jpeg\" \/>\n<meta name=\"twitter:card\" content=\"summary_large_image\" \/>\n<meta name=\"twitter:label1\" content=\"Dur\u00e9e de lecture estim\u00e9e\" \/>\n\t<meta name=\"twitter:data1\" content=\"3 minutes\" \/>\n<script type=\"application\/ld+json\" class=\"yoast-schema-graph\">{\"@context\":\"https:\/\/schema.org\",\"@graph\":[{\"@type\":\"WebPage\",\"@id\":\"https:\/\/www.freebetbest.com\/fr\/indonesie-bookmakers-bonus\/\",\"url\":\"https:\/\/www.freebetbest.com\/fr\/indonesie-bookmakers-bonus\/\",\"name\":\"Bonus des bookmakers indon\u00e9siens ,Bonus de casino pour la promotion du premier d\u00e9p\u00f4t\",\"isPartOf\":{\"@id\":\"https:\/\/www.freebetbest.com\/fr\/#website\"},\"primaryImageOfPage\":{\"@id\":\"https:\/\/www.freebetbest.com\/fr\/indonesie-bookmakers-bonus\/#primaryimage\"},\"image\":{\"@id\":\"https:\/\/www.freebetbest.com\/fr\/indonesie-bookmakers-bonus\/#primaryimage\"},\"thumbnailUrl\":\"https:\/\/www.freebetbest.com\/wp-content\/uploads\/2021\/06\/Bookmakers-scaled.jpg\",\"datePublished\":\"2021-06-10T15:46:03+00:00\",\"dateModified\":\"2021-07-28T17:02:20+00:00\",\"description\":\"Bonus des bookmakers indon\u00e9siens , pari gratuit Bonus sans d\u00e9p\u00f4t, bienvenue code bonus de premier d\u00e9p\u00f4t, code bonus d'inscription. Les meilleurs bookmakers asiatiques\",\"breadcrumb\":{\"@id\":\"https:\/\/www.freebetbest.com\/fr\/indonesie-bookmakers-bonus\/#breadcrumb\"},\"inLanguage\":\"fr-FR\",\"potentialAction\":[{\"@type\":\"ReadAction\",\"target\":[\"https:\/\/www.freebetbest.com\/fr\/indonesie-bookmakers-bonus\/\"]}]},{\"@type\":\"ImageObject\",\"inLanguage\":\"fr-FR\",\"@id\":\"https:\/\/www.freebetbest.com\/fr\/indonesie-bookmakers-bonus\/#primaryimage\",\"url\":\"https:\/\/www.freebetbest.com\/wp-content\/uploads\/2021\/06\/Bookmakers-scaled.jpg\",\"contentUrl\":\"https:\/\/www.freebetbest.com\/wp-content\/uploads\/2021\/06\/Bookmakers-scaled.jpg\",\"width\":417,\"height\":180,\"caption\":\"Bonus des bookmakers chinois\"},{\"@type\":\"BreadcrumbList\",\"@id\":\"https:\/\/www.freebetbest.com\/fr\/indonesie-bookmakers-bonus\/#breadcrumb\",\"itemListElement\":[{\"@type\":\"ListItem\",\"position\":1,\"name\":\"Home\",\"item\":\"https:\/\/www.freebetbest.com\/fr\/\"},{\"@type\":\"ListItem\",\"position\":2,\"name\":\"Bonus des bookmakers indon\u00e9siens\"}]},{\"@type\":\"WebSite\",\"@id\":\"https:\/\/www.freebetbest.com\/fr\/#website\",\"url\":\"https:\/\/www.freebetbest.com\/fr\/\",\"name\":\"Meilleurs casinos en ligne | Bonus Paris sportifs | Meilleurs bookmakers en ligne\",\"description\":\"Meilleurs bookmakers en ligne, casinos, poker, bingo et paris sur mobiles, casinos en ligne, paris sur le football, codes promotionnels sans d\u00e9p\u00f4t, premier portail mondial des jeux d'argent.\",\"publisher\":{\"@id\":\"https:\/\/www.freebetbest.com\/fr\/#\/schema\/person\/292684ccf388a2362d507874c5b80a69\"},\"potentialAction\":[{\"@type\":\"SearchAction\",\"target\":{\"@type\":\"EntryPoint\",\"urlTemplate\":\"https:\/\/www.freebetbest.com\/fr\/?s={search_term_string}\"},\"query-input\":{\"@type\":\"PropertyValueSpecification\",\"valueRequired\":true,\"valueName\":\"search_term_string\"}}],\"inLanguage\":\"fr-FR\"},{\"@type\":[\"Person\",\"Organization\"],\"@id\":\"https:\/\/www.freebetbest.com\/fr\/#\/schema\/person\/292684ccf388a2362d507874c5b80a69\",\"name\":\"\u7ba1\u7406\",\"image\":{\"@type\":\"ImageObject\",\"inLanguage\":\"fr-FR\",\"@id\":\"https:\/\/www.freebetbest.com\/fr\/#\/schema\/person\/image\/\",\"url\":\"https:\/\/www.freebetbest.com\/wp-content\/litespeed\/avatar\/49696b52fb15293a2168c14964fdd8b9.jpg?ver=1775625495\",\"contentUrl\":\"https:\/\/www.freebetbest.com\/wp-content\/litespeed\/avatar\/49696b52fb15293a2168c14964fdd8b9.jpg?ver=1775625495\",\"caption\":\"\u7ba1\u7406\"},\"logo\":{\"@id\":\"https:\/\/www.freebetbest.com\/fr\/#\/schema\/person\/image\/\"},\"sameAs\":[\"admin\"]}]}<\/script>\n<!-- \/ Yoast SEO Premium plugin. -->","yoast_head_json":{"title":"Bonus des bookmakers indon\u00e9siens ,Bonus de casino pour la promotion du premier d\u00e9p\u00f4t","description":"Bonus des bookmakers indon\u00e9siens , pari gratuit Bonus sans d\u00e9p\u00f4t, bienvenue code bonus de premier d\u00e9p\u00f4t, code bonus d'inscription. Les meilleurs bookmakers asiatiques","robots":{"index":"index","follow":"follow","max-snippet":"max-snippet:-1","max-image-preview":"max-image-preview:large","max-video-preview":"max-video-preview:-1"},"canonical":"https:\/\/www.freebetbest.com\/fr\/indonesie-bookmakers-bonus\/","og_locale":"fr_FR","og_type":"article","og_title":"Bonus des bookmakers indon\u00e9siens","og_description":"Bonus des bookmakers indon\u00e9siens , pari gratuit Bonus sans d\u00e9p\u00f4t, bienvenue code bonus de premier d\u00e9p\u00f4t, code bonus d'inscription. Les meilleurs bookmakers asiatiques","og_url":"https:\/\/www.freebetbest.com\/fr\/indonesie-bookmakers-bonus\/","og_site_name":"Meilleurs casinos en ligne | Bonus Paris sportifs | Meilleurs bookmakers en ligne","article_modified_time":"2021-07-28T17:02:20+00:00","og_image":[{"width":417,"height":180,"url":"https:\/\/www.freebetbest.com\/wp-content\/uploads\/2021\/06\/Bookmakers-scaled.jpg","type":"image\/jpeg"}],"twitter_card":"summary_large_image","twitter_misc":{"Dur\u00e9e de lecture estim\u00e9e":"3 minutes"},"schema":{"@context":"https:\/\/schema.org","@graph":[{"@type":"WebPage","@id":"https:\/\/www.freebetbest.com\/fr\/indonesie-bookmakers-bonus\/","url":"https:\/\/www.freebetbest.com\/fr\/indonesie-bookmakers-bonus\/","name":"Bonus des bookmakers indon\u00e9siens ,Bonus de casino pour la promotion du premier d\u00e9p\u00f4t","isPartOf":{"@id":"https:\/\/www.freebetbest.com\/fr\/#website"},"primaryImageOfPage":{"@id":"https:\/\/www.freebetbest.com\/fr\/indonesie-bookmakers-bonus\/#primaryimage"},"image":{"@id":"https:\/\/www.freebetbest.com\/fr\/indonesie-bookmakers-bonus\/#primaryimage"},"thumbnailUrl":"https:\/\/www.freebetbest.com\/wp-content\/uploads\/2021\/06\/Bookmakers-scaled.jpg","datePublished":"2021-06-10T15:46:03+00:00","dateModified":"2021-07-28T17:02:20+00:00","description":"Bonus des bookmakers indon\u00e9siens , pari gratuit Bonus sans d\u00e9p\u00f4t, bienvenue code bonus de premier d\u00e9p\u00f4t, code bonus d'inscription. Les meilleurs bookmakers asiatiques","breadcrumb":{"@id":"https:\/\/www.freebetbest.com\/fr\/indonesie-bookmakers-bonus\/#breadcrumb"},"inLanguage":"fr-FR","potentialAction":[{"@type":"ReadAction","target":["https:\/\/www.freebetbest.com\/fr\/indonesie-bookmakers-bonus\/"]}]},{"@type":"ImageObject","inLanguage":"fr-FR","@id":"https:\/\/www.freebetbest.com\/fr\/indonesie-bookmakers-bonus\/#primaryimage","url":"https:\/\/www.freebetbest.com\/wp-content\/uploads\/2021\/06\/Bookmakers-scaled.jpg","contentUrl":"https:\/\/www.freebetbest.com\/wp-content\/uploads\/2021\/06\/Bookmakers-scaled.jpg","width":417,"height":180,"caption":"Bonus des bookmakers chinois"},{"@type":"BreadcrumbList","@id":"https:\/\/www.freebetbest.com\/fr\/indonesie-bookmakers-bonus\/#breadcrumb","itemListElement":[{"@type":"ListItem","position":1,"name":"Home","item":"https:\/\/www.freebetbest.com\/fr\/"},{"@type":"ListItem","position":2,"name":"Bonus des bookmakers indon\u00e9siens"}]},{"@type":"WebSite","@id":"https:\/\/www.freebetbest.com\/fr\/#website","url":"https:\/\/www.freebetbest.com\/fr\/","name":"Meilleurs casinos en ligne | Bonus Paris sportifs | Meilleurs bookmakers en ligne","description":"Meilleurs bookmakers en ligne, casinos, poker, bingo et paris sur mobiles, casinos en ligne, paris sur le football, codes promotionnels sans d\u00e9p\u00f4t, premier portail mondial des jeux d'argent.","publisher":{"@id":"https:\/\/www.freebetbest.com\/fr\/#\/schema\/person\/292684ccf388a2362d507874c5b80a69"},"potentialAction":[{"@type":"SearchAction","target":{"@type":"EntryPoint","urlTemplate":"https:\/\/www.freebetbest.com\/fr\/?s={search_term_string}"},"query-input":{"@type":"PropertyValueSpecification","valueRequired":true,"valueName":"search_term_string"}}],"inLanguage":"fr-FR"},{"@type":["Person","Organization"],"@id":"https:\/\/www.freebetbest.com\/fr\/#\/schema\/person\/292684ccf388a2362d507874c5b80a69","name":"\u7ba1\u7406","image":{"@type":"ImageObject","inLanguage":"fr-FR","@id":"https:\/\/www.freebetbest.com\/fr\/#\/schema\/person\/image\/","url":"https:\/\/www.freebetbest.com\/wp-content\/litespeed\/avatar\/49696b52fb15293a2168c14964fdd8b9.jpg?ver=1775625495","contentUrl":"https:\/\/www.freebetbest.com\/wp-content\/litespeed\/avatar\/49696b52fb15293a2168c14964fdd8b9.jpg?ver=1775625495","caption":"\u7ba1\u7406"},"logo":{"@id":"https:\/\/www.freebetbest.com\/fr\/#\/schema\/person\/image\/"},"sameAs":["admin"]}]}},"_links":{"self":[{"href":"https:\/\/www.freebetbest.com\/fr\/wp-json\/wp\/v2\/pages\/129318","targetHints":{"allow":["GET"]}}],"collection":[{"href":"https:\/\/www.freebetbest.com\/fr\/wp-json\/wp\/v2\/pages"}],"about":[{"href":"https:\/\/www.freebetbest.com\/fr\/wp-json\/wp\/v2\/types\/page"}],"author":[{"embeddable":true,"href":"https:\/\/www.freebetbest.com\/fr\/wp-json\/wp\/v2\/users\/1"}],"replies":[{"embeddable":true,"href":"https:\/\/www.freebetbest.com\/fr\/wp-json\/wp\/v2\/comments?post=129318"}],"version-history":[{"count":0,"href":"https:\/\/www.freebetbest.com\/fr\/wp-json\/wp\/v2\/pages\/129318\/revisions"}],"wp:featuredmedia":[{"embeddable":true,"href":"https:\/\/www.freebetbest.com\/fr\/wp-json\/wp\/v2\/media\/125268"}],"wp:attachment":[{"href":"https:\/\/www.freebetbest.com\/fr\/wp-json\/wp\/v2\/media?parent=129318"}],"curies":[{"name":"wp","href":"https:\/\/api.w.org\/{rel}","templated":true}]}}