{"id":129263,"date":"2021-06-10T11:36:03","date_gmt":"2021-06-10T11:36:03","guid":{"rendered":"https:\/\/www.freebetbest.com\/europe-bookmakers-bonus\/"},"modified":"2021-07-29T11:06:06","modified_gmt":"2021-07-29T11:06:06","slug":"bonus-des-bookmakers-europ%c3%a9ens","status":"publish","type":"page","link":"https:\/\/www.freebetbest.com\/fr\/bonus-des-bookmakers-europ%c3%a9ens\/","title":{"rendered":"Bonus des bookmakers europ\u00e9ens"},"content":{"rendered":"<h2>Bonus Bookmaker Europ\u00e9en R\u00e9compenses<\/h2>\nDes bonus suppl\u00e9mentaires pour les paris sportifs. C&rsquo;est d\u00e9j\u00e0 la base des paris. La raison derri\u00e8re cela est. Compenser les nouveaux joueurs. Choisissez le Bonus Europe Bookmakers exact et offrez-leur des r\u00e9compenses suppl\u00e9mentaires. G\u00e9n\u00e9rez un acompte et lancez le jeu.\n<h3>Surtout quand vous pourriez l&rsquo;essayer au d\u00e9but.<a href=\"https:\/\/www.freebetsinfo.co.uk\/europe-bookmakers\/\"> bookmakers europ\u00e9ens<\/a> prime<\/h3>\nBonus des bookmakers. Cela peut affecter votre pers\u00e9v\u00e9rance. Selon les soci\u00e9t\u00e9s de paris sportifs, l&rsquo;offre agr\u00e9able la plus courante. Est d&rsquo;ajouter un bonus, c&rsquo;est-\u00e0-dire dans votre premier acompte. Ajoutez un certain montant de fonds bonus, le montant peut varier de 50% \u00e0 200%.\n<h3>Rendez le bonus des bookmakers europ\u00e9ens \u00e9vident<\/h3>\nVous devez conna\u00eetre le bookmaker. Vous fournir les meilleures r\u00e9compenses cr\u00e9atives. Comme vous le verrez, r\u00e9pondre n&rsquo;est pas facile et des facteurs tels que les termes cach\u00e9s jouent un r\u00f4le important. De plus, il existe en fait des \u00e9valuations actuelles bas\u00e9es sur les commentaires des joueurs et les tests personnels de freebetbest.com.\n<h3>Bonus des bookmakers europ\u00e9ens. Comment \u00e7a marche?<\/h3>\nPour commencer rentable<a href=\"https:\/\/www.freebetbest.com\/europe-bookmakers-bonus\/\"> les paris sportifs<\/a> , vous devez savoir que les paris sportifs sont en cours. Le bonus accru am\u00e9liorera votre situation financi\u00e8re.\n<h3>Vos chances de r\u00e9ussite.<\/h3>\nChaque fois que vous rejoignez une soci\u00e9t\u00e9 de paris. Lors du versement de l&rsquo;acompte, vous pouvez choisir de faire une proposition pour augmenter substantiellement vos fonds.\n\nCela peut varier de 25% \u00e0 200%. En mots et phrases de base, vous aurez plus de revenus. Pour faire un plus gros pari. Ou placez un pari \u00e0 d&rsquo;autres occasions.\n\nN\u00e9anmoins, certaines conditions permettent de r\u00e9aliser facilement des bonus sur d\u00e9p\u00f4t de jeu. La d\u00e9cision de devenir efficace ou peut-\u00eatre erron\u00e9e.\n\nChaque publicit\u00e9 a certaines exigences, si vous souhaitez retirer le bonus, vous devez r\u00e9pondre \u00e0 ces exigences.\n\nAucune dimension ne peut satisfaire tous les approvisionnements. Par rapport aux avantages d&rsquo;un encouragement complet, la sortie du pari gratuit peut \u00eatre plus petite, mais les exigences sont plus assouplies, ce qui augmentera le niveau de ressources, mais les conditions sont plus strictes.\n<h3>Europe Bookmakers Bonus trouve que les r\u00e9compenses des paris sportifs sont tr\u00e8s importantes.<\/h3>\nIls connaissent suffisamment les offres de bienvenue. Attirera de nouveaux athl\u00e8tes. Et fournir une tr\u00e8s bonne r\u00e9mun\u00e9ration. De plus, il peut \u00eatre \u00e9tabli que l&rsquo;on continuera \u00e0 \u00eatre maintenu. Une base de participants fid\u00e8les et \u00e0 disposition des bookmakers. En conclusion, bonne conversation et bonne r\u00e9putation sur votre march\u00e9.\n<h3>Quelles transactions de bonus des bookmakers sont les plus rentables<\/h3>\nQuelles transactions de bonus de paris sportifs sont les plus rentables ? Vous venez d&rsquo;\u00eatre avec votre bookmaker. Sign\u00e9 un contrat, vous voulez voir. La partie bonus de l&rsquo;investissement initial. Vous pouvez compter sur vos encouragements. En conclusion, c&rsquo;est peut-\u00eatre gratuit pour vous, mais de nombreuses r\u00e9compenses de paris sportifs ont \u00e9t\u00e9 apprises.\n<h3>C&rsquo;est une chose tr\u00e8s pr\u00e9cieuse, \u00e0 condition de conna\u00eetre les conditions de cotation de chaque registre.<\/h3>\nBonus complet de votre niveau. Livraison aux paris gratuits ou aux investissements correspondants. Et tout impliqu\u00e9.\n<h3>Prix Bonus du meilleur bookmaker d&rsquo;Europe<\/h3>\nD\u00e9termin\u00e9 la meilleure soci\u00e9t\u00e9 de paris. Op\u00e9rations bonus. Des r\u00e9compenses de paris. Faites des choix, tels que des paris gratuits, des bonus sans d\u00e9p\u00f4t. Et des instructions sont fournies aux pays europ\u00e9ens. La plus grande soci\u00e9t\u00e9 de jeux enregistr\u00e9e. Annoncez le meilleur ici. En conclusion, la r\u00e9compense de jeu en ligne la plus \u00e9lev\u00e9e !\n<h3>Chiffre d&rsquo;affaires des soci\u00e9t\u00e9s de jeux<\/h3>\nLe bookmaker propose une vari\u00e9t\u00e9 de paris. Reconnu pour des bonus suppl\u00e9mentaires. Inscrivez-vous et poss\u00e9dez une soci\u00e9t\u00e9 de jeux. Habituellement apport\u00e9 \u00e0 vous. Belle r\u00e9compense de bienvenue. De nombreux bookmakers sont l\u00e0. Essayez de vous attirer en tant que joueur. Choisissez-les comme soci\u00e9t\u00e9 de paris. Jouer le jeu.\n\nMais m\u00eame si vous utilisez d\u00e9j\u00e0 Internet. Les bookmakers ont \u00e9t\u00e9 m\u00e9lang\u00e9s pendant un certain temps, et vous pouvez \u00e9galement \u00eatre dans de nombreuses situations. G\u00e9n\u00e9rez des dollars de jeu. Ou ce pourrait \u00eatre un pari gratuit. En utilisant notre liste de bonus utile, vous pouvez savoir exactement. Le bookmaker vous attend avec impatience. En conclusion, quels bonus existants ont \u00e9t\u00e9 re\u00e7us !\n\n<!-- \/wp:post-content -->","protected":false},"excerpt":{"rendered":"<p>Europe Bookmakers Bonus, vous aide \u00e0 obtenir le meilleur bonus de bienvenue pr\u00eat \u00e0 l&#8217;emploi et un bonus gratuit<\/p>\n<div class=\"hero-cup-section\">\n<div class=\"row mb-4\">\n<div class=\"col-md-7\">\n<div class=\"section-area\">\n<div class=\"section-list\">\n<li style=\"text-align: left\"><img decoding=\"async\" src=\"https:\/\/www.freebetbest.com\/wp-content\/uploads\/2021\/06\/tick.png\" alt=\"Des sports\"> Bonus de bienvenue du casino sportif.<\/li>\n<li style=\"text-align: left\"><img decoding=\"async\" src=\"https:\/\/www.freebetbest.com\/wp-content\/uploads\/2021\/06\/tick.png\" alt=\"offres de jeux\"> Offres et promotions de bookmakers en ligne.<\/li>\n<li style=\"text-align: left\"><img decoding=\"async\" src=\"https:\/\/www.freebetbest.com\/wp-content\/uploads\/2021\/06\/tick.png\" alt=\"offres de jeux\"> Les meilleurs bookmakers en ligne auxquels vous pouvez faire confiance.<\/li>\n<li style=\"text-align: left\"><img decoding=\"async\" src=\"https:\/\/www.freebetbest.com\/wp-content\/uploads\/2021\/06\/tick.png\" alt=\"Faisant autorit\u00e9\"> Examen faisant autorit\u00e9 S\u00fbr fiable.<\/li>\n<li style=\"text-align: left\"><img decoding=\"async\" src=\"https:\/\/www.freebetbest.com\/wp-content\/uploads\/2021\/06\/tick.png\" alt=\"Retraits rapides\"> Prise en charge de l&rsquo;application mobile, retraits rapides.<\/li>\n<li style=\"text-align: left\"><img decoding=\"async\" src=\"https:\/\/www.freebetbest.com\/wp-content\/uploads\/2021\/06\/tick.png\" alt=\"Service client\"> Support client : 365 jours, 24 heures par jour.<\/li>\n<\/div>\n<\/div>\n<\/div>\n<div class=\"col-md-5\">\n<div class=\"cup-img\"><img decoding=\"async\" src=\"https:\/\/www.freebetbest.com\/wp-content\/uploads\/2021\/06\/Europe.png\" alt=\"pari gratuit\"><\/div>\n<\/div>\n<\/div>\n","protected":false},"author":1,"featured_media":125268,"parent":0,"menu_order":0,"comment_status":"closed","ping_status":"closed","template":"europe-template.php","meta":{"footnotes":""},"class_list":["post-129263","page","type-page","status-publish","has-post-thumbnail","hentry"],"yoast_head":"<!-- This site is optimized with the Yoast SEO Premium plugin v19.5 (Yoast SEO v27.0) - https:\/\/yoast.com\/product\/yoast-seo-premium-wordpress\/ -->\n<title>Bonus des bookmakers europ\u00e9ens , Offres d&#039;inscription. Site Web s\u00fbr et s\u00e9curis\u00e9.<\/title>\n<meta name=\"description\" content=\"Bonus des bookmakers europ\u00e9ens ,Bonus de premier d\u00e9p\u00f4t, Pari gratuit Bonus sans d\u00e9p\u00f4t\uff0cOffres d&#039;inscription. Site Web s\u00fbr et s\u00e9curis\u00e9. Les bonus de bienvenue les plus \u00e9lev\u00e9s\" \/>\n<meta name=\"robots\" content=\"index, follow, max-snippet:-1, max-image-preview:large, max-video-preview:-1\" \/>\n<link rel=\"canonical\" href=\"https:\/\/www.freebetbest.com\/fr\/bonus-des-bookmakers-europ%c3%a9ens\/\" \/>\n<meta property=\"og:locale\" content=\"fr_FR\" \/>\n<meta property=\"og:type\" content=\"article\" \/>\n<meta property=\"og:title\" content=\"Bonus des bookmakers europ\u00e9ens\" \/>\n<meta property=\"og:description\" content=\"Bonus des bookmakers europ\u00e9ens ,Bonus de premier d\u00e9p\u00f4t, Pari gratuit Bonus sans d\u00e9p\u00f4t\uff0cOffres d&#039;inscription. Site Web s\u00fbr et s\u00e9curis\u00e9. Les bonus de bienvenue les plus \u00e9lev\u00e9s\" \/>\n<meta property=\"og:url\" content=\"https:\/\/www.freebetbest.com\/fr\/bonus-des-bookmakers-europ%c3%a9ens\/\" \/>\n<meta property=\"og:site_name\" content=\"Meilleurs casinos en ligne | Bonus Paris sportifs | Meilleurs bookmakers en ligne\" \/>\n<meta property=\"article:modified_time\" content=\"2021-07-29T11:06:06+00:00\" \/>\n<meta property=\"og:image\" content=\"https:\/\/www.freebetbest.com\/wp-content\/uploads\/2021\/06\/Bookmakers-scaled.jpg\" \/>\n\t<meta property=\"og:image:width\" content=\"417\" \/>\n\t<meta property=\"og:image:height\" content=\"180\" \/>\n\t<meta property=\"og:image:type\" content=\"image\/jpeg\" \/>\n<meta name=\"twitter:card\" content=\"summary_large_image\" \/>\n<meta name=\"twitter:label1\" content=\"Dur\u00e9e de lecture estim\u00e9e\" \/>\n\t<meta name=\"twitter:data1\" content=\"3 minutes\" \/>\n<script type=\"application\/ld+json\" class=\"yoast-schema-graph\">{\"@context\":\"https:\/\/schema.org\",\"@graph\":[{\"@type\":\"WebPage\",\"@id\":\"https:\/\/www.freebetbest.com\/fr\/bonus-des-bookmakers-europ%c3%a9ens\/\",\"url\":\"https:\/\/www.freebetbest.com\/fr\/bonus-des-bookmakers-europ%c3%a9ens\/\",\"name\":\"Bonus des bookmakers europ\u00e9ens , Offres d'inscription. Site Web s\u00fbr et s\u00e9curis\u00e9.\",\"isPartOf\":{\"@id\":\"https:\/\/www.freebetbest.com\/fr\/#website\"},\"primaryImageOfPage\":{\"@id\":\"https:\/\/www.freebetbest.com\/fr\/bonus-des-bookmakers-europ%c3%a9ens\/#primaryimage\"},\"image\":{\"@id\":\"https:\/\/www.freebetbest.com\/fr\/bonus-des-bookmakers-europ%c3%a9ens\/#primaryimage\"},\"thumbnailUrl\":\"https:\/\/www.freebetbest.com\/wp-content\/uploads\/2021\/06\/Bookmakers-scaled.jpg\",\"datePublished\":\"2021-06-10T11:36:03+00:00\",\"dateModified\":\"2021-07-29T11:06:06+00:00\",\"description\":\"Bonus des bookmakers europ\u00e9ens ,Bonus de premier d\u00e9p\u00f4t, Pari gratuit Bonus sans d\u00e9p\u00f4t\uff0cOffres d'inscription. Site Web s\u00fbr et s\u00e9curis\u00e9. Les bonus de bienvenue les plus \u00e9lev\u00e9s\",\"breadcrumb\":{\"@id\":\"https:\/\/www.freebetbest.com\/fr\/bonus-des-bookmakers-europ%c3%a9ens\/#breadcrumb\"},\"inLanguage\":\"fr-FR\",\"potentialAction\":[{\"@type\":\"ReadAction\",\"target\":[\"https:\/\/www.freebetbest.com\/fr\/bonus-des-bookmakers-europ%c3%a9ens\/\"]}]},{\"@type\":\"ImageObject\",\"inLanguage\":\"fr-FR\",\"@id\":\"https:\/\/www.freebetbest.com\/fr\/bonus-des-bookmakers-europ%c3%a9ens\/#primaryimage\",\"url\":\"https:\/\/www.freebetbest.com\/wp-content\/uploads\/2021\/06\/Bookmakers-scaled.jpg\",\"contentUrl\":\"https:\/\/www.freebetbest.com\/wp-content\/uploads\/2021\/06\/Bookmakers-scaled.jpg\",\"width\":417,\"height\":180,\"caption\":\"Bonus des bookmakers chinois\"},{\"@type\":\"BreadcrumbList\",\"@id\":\"https:\/\/www.freebetbest.com\/fr\/bonus-des-bookmakers-europ%c3%a9ens\/#breadcrumb\",\"itemListElement\":[{\"@type\":\"ListItem\",\"position\":1,\"name\":\"Home\",\"item\":\"https:\/\/www.freebetbest.com\/fr\/\"},{\"@type\":\"ListItem\",\"position\":2,\"name\":\"Bonus des bookmakers europ\u00e9ens\"}]},{\"@type\":\"WebSite\",\"@id\":\"https:\/\/www.freebetbest.com\/fr\/#website\",\"url\":\"https:\/\/www.freebetbest.com\/fr\/\",\"name\":\"Meilleurs casinos en ligne | Bonus Paris sportifs | Meilleurs bookmakers en ligne\",\"description\":\"Meilleurs bookmakers en ligne, casinos, poker, bingo et paris sur mobiles, casinos en ligne, paris sur le football, codes promotionnels sans d\u00e9p\u00f4t, premier portail mondial des jeux d'argent.\",\"publisher\":{\"@id\":\"https:\/\/www.freebetbest.com\/fr\/#\/schema\/person\/292684ccf388a2362d507874c5b80a69\"},\"potentialAction\":[{\"@type\":\"SearchAction\",\"target\":{\"@type\":\"EntryPoint\",\"urlTemplate\":\"https:\/\/www.freebetbest.com\/fr\/?s={search_term_string}\"},\"query-input\":{\"@type\":\"PropertyValueSpecification\",\"valueRequired\":true,\"valueName\":\"search_term_string\"}}],\"inLanguage\":\"fr-FR\"},{\"@type\":[\"Person\",\"Organization\"],\"@id\":\"https:\/\/www.freebetbest.com\/fr\/#\/schema\/person\/292684ccf388a2362d507874c5b80a69\",\"name\":\"\u7ba1\u7406\",\"image\":{\"@type\":\"ImageObject\",\"inLanguage\":\"fr-FR\",\"@id\":\"https:\/\/www.freebetbest.com\/fr\/#\/schema\/person\/image\/\",\"url\":\"https:\/\/www.freebetbest.com\/wp-content\/litespeed\/avatar\/49696b52fb15293a2168c14964fdd8b9.jpg?ver=1777439934\",\"contentUrl\":\"https:\/\/www.freebetbest.com\/wp-content\/litespeed\/avatar\/49696b52fb15293a2168c14964fdd8b9.jpg?ver=1777439934\",\"caption\":\"\u7ba1\u7406\"},\"logo\":{\"@id\":\"https:\/\/www.freebetbest.com\/fr\/#\/schema\/person\/image\/\"},\"sameAs\":[\"admin\"]}]}<\/script>\n<!-- \/ Yoast SEO Premium plugin. -->","yoast_head_json":{"title":"Bonus des bookmakers europ\u00e9ens , Offres d'inscription. Site Web s\u00fbr et s\u00e9curis\u00e9.","description":"Bonus des bookmakers europ\u00e9ens ,Bonus de premier d\u00e9p\u00f4t, Pari gratuit Bonus sans d\u00e9p\u00f4t\uff0cOffres d'inscription. Site Web s\u00fbr et s\u00e9curis\u00e9. Les bonus de bienvenue les plus \u00e9lev\u00e9s","robots":{"index":"index","follow":"follow","max-snippet":"max-snippet:-1","max-image-preview":"max-image-preview:large","max-video-preview":"max-video-preview:-1"},"canonical":"https:\/\/www.freebetbest.com\/fr\/bonus-des-bookmakers-europ%c3%a9ens\/","og_locale":"fr_FR","og_type":"article","og_title":"Bonus des bookmakers europ\u00e9ens","og_description":"Bonus des bookmakers europ\u00e9ens ,Bonus de premier d\u00e9p\u00f4t, Pari gratuit Bonus sans d\u00e9p\u00f4t\uff0cOffres d'inscription. Site Web s\u00fbr et s\u00e9curis\u00e9. Les bonus de bienvenue les plus \u00e9lev\u00e9s","og_url":"https:\/\/www.freebetbest.com\/fr\/bonus-des-bookmakers-europ%c3%a9ens\/","og_site_name":"Meilleurs casinos en ligne | Bonus Paris sportifs | Meilleurs bookmakers en ligne","article_modified_time":"2021-07-29T11:06:06+00:00","og_image":[{"width":417,"height":180,"url":"https:\/\/www.freebetbest.com\/wp-content\/uploads\/2021\/06\/Bookmakers-scaled.jpg","type":"image\/jpeg"}],"twitter_card":"summary_large_image","twitter_misc":{"Dur\u00e9e de lecture estim\u00e9e":"3 minutes"},"schema":{"@context":"https:\/\/schema.org","@graph":[{"@type":"WebPage","@id":"https:\/\/www.freebetbest.com\/fr\/bonus-des-bookmakers-europ%c3%a9ens\/","url":"https:\/\/www.freebetbest.com\/fr\/bonus-des-bookmakers-europ%c3%a9ens\/","name":"Bonus des bookmakers europ\u00e9ens , Offres d'inscription. Site Web s\u00fbr et s\u00e9curis\u00e9.","isPartOf":{"@id":"https:\/\/www.freebetbest.com\/fr\/#website"},"primaryImageOfPage":{"@id":"https:\/\/www.freebetbest.com\/fr\/bonus-des-bookmakers-europ%c3%a9ens\/#primaryimage"},"image":{"@id":"https:\/\/www.freebetbest.com\/fr\/bonus-des-bookmakers-europ%c3%a9ens\/#primaryimage"},"thumbnailUrl":"https:\/\/www.freebetbest.com\/wp-content\/uploads\/2021\/06\/Bookmakers-scaled.jpg","datePublished":"2021-06-10T11:36:03+00:00","dateModified":"2021-07-29T11:06:06+00:00","description":"Bonus des bookmakers europ\u00e9ens ,Bonus de premier d\u00e9p\u00f4t, Pari gratuit Bonus sans d\u00e9p\u00f4t\uff0cOffres d'inscription. Site Web s\u00fbr et s\u00e9curis\u00e9. Les bonus de bienvenue les plus \u00e9lev\u00e9s","breadcrumb":{"@id":"https:\/\/www.freebetbest.com\/fr\/bonus-des-bookmakers-europ%c3%a9ens\/#breadcrumb"},"inLanguage":"fr-FR","potentialAction":[{"@type":"ReadAction","target":["https:\/\/www.freebetbest.com\/fr\/bonus-des-bookmakers-europ%c3%a9ens\/"]}]},{"@type":"ImageObject","inLanguage":"fr-FR","@id":"https:\/\/www.freebetbest.com\/fr\/bonus-des-bookmakers-europ%c3%a9ens\/#primaryimage","url":"https:\/\/www.freebetbest.com\/wp-content\/uploads\/2021\/06\/Bookmakers-scaled.jpg","contentUrl":"https:\/\/www.freebetbest.com\/wp-content\/uploads\/2021\/06\/Bookmakers-scaled.jpg","width":417,"height":180,"caption":"Bonus des bookmakers chinois"},{"@type":"BreadcrumbList","@id":"https:\/\/www.freebetbest.com\/fr\/bonus-des-bookmakers-europ%c3%a9ens\/#breadcrumb","itemListElement":[{"@type":"ListItem","position":1,"name":"Home","item":"https:\/\/www.freebetbest.com\/fr\/"},{"@type":"ListItem","position":2,"name":"Bonus des bookmakers europ\u00e9ens"}]},{"@type":"WebSite","@id":"https:\/\/www.freebetbest.com\/fr\/#website","url":"https:\/\/www.freebetbest.com\/fr\/","name":"Meilleurs casinos en ligne | Bonus Paris sportifs | Meilleurs bookmakers en ligne","description":"Meilleurs bookmakers en ligne, casinos, poker, bingo et paris sur mobiles, casinos en ligne, paris sur le football, codes promotionnels sans d\u00e9p\u00f4t, premier portail mondial des jeux d'argent.","publisher":{"@id":"https:\/\/www.freebetbest.com\/fr\/#\/schema\/person\/292684ccf388a2362d507874c5b80a69"},"potentialAction":[{"@type":"SearchAction","target":{"@type":"EntryPoint","urlTemplate":"https:\/\/www.freebetbest.com\/fr\/?s={search_term_string}"},"query-input":{"@type":"PropertyValueSpecification","valueRequired":true,"valueName":"search_term_string"}}],"inLanguage":"fr-FR"},{"@type":["Person","Organization"],"@id":"https:\/\/www.freebetbest.com\/fr\/#\/schema\/person\/292684ccf388a2362d507874c5b80a69","name":"\u7ba1\u7406","image":{"@type":"ImageObject","inLanguage":"fr-FR","@id":"https:\/\/www.freebetbest.com\/fr\/#\/schema\/person\/image\/","url":"https:\/\/www.freebetbest.com\/wp-content\/litespeed\/avatar\/49696b52fb15293a2168c14964fdd8b9.jpg?ver=1777439934","contentUrl":"https:\/\/www.freebetbest.com\/wp-content\/litespeed\/avatar\/49696b52fb15293a2168c14964fdd8b9.jpg?ver=1777439934","caption":"\u7ba1\u7406"},"logo":{"@id":"https:\/\/www.freebetbest.com\/fr\/#\/schema\/person\/image\/"},"sameAs":["admin"]}]}},"_links":{"self":[{"href":"https:\/\/www.freebetbest.com\/fr\/wp-json\/wp\/v2\/pages\/129263","targetHints":{"allow":["GET"]}}],"collection":[{"href":"https:\/\/www.freebetbest.com\/fr\/wp-json\/wp\/v2\/pages"}],"about":[{"href":"https:\/\/www.freebetbest.com\/fr\/wp-json\/wp\/v2\/types\/page"}],"author":[{"embeddable":true,"href":"https:\/\/www.freebetbest.com\/fr\/wp-json\/wp\/v2\/users\/1"}],"replies":[{"embeddable":true,"href":"https:\/\/www.freebetbest.com\/fr\/wp-json\/wp\/v2\/comments?post=129263"}],"version-history":[{"count":0,"href":"https:\/\/www.freebetbest.com\/fr\/wp-json\/wp\/v2\/pages\/129263\/revisions"}],"wp:featuredmedia":[{"embeddable":true,"href":"https:\/\/www.freebetbest.com\/fr\/wp-json\/wp\/v2\/media\/125268"}],"wp:attachment":[{"href":"https:\/\/www.freebetbest.com\/fr\/wp-json\/wp\/v2\/media?parent=129263"}],"curies":[{"name":"wp","href":"https:\/\/api.w.org\/{rel}","templated":true}]}}