{"id":129183,"date":"2021-06-10T12:02:39","date_gmt":"2021-06-10T12:02:39","guid":{"rendered":"https:\/\/www.freebetbest.com\/chine-bookmakers-bonus\/"},"modified":"2021-07-29T11:05:11","modified_gmt":"2021-07-29T11:05:11","slug":"bonus-des-bookmakers-chinois","status":"publish","type":"page","link":"https:\/\/www.freebetbest.com\/fr\/bonus-des-bookmakers-chinois\/","title":{"rendered":"Bonus des bookmakers chinois"},"content":{"rendered":"<h3>Joueurs chinois \u00e0 la recherche du meilleur bonus des bookmakers chinois<\/h3>\nVous devez savoir exactement pourquoi. Nous avons maintenant. Le bonus des bookmakers chinois le plus efficace. Sur internet analytique<a href=\"https:\/\/www.freebetsinfo.co.uk\/china-online-bookmakers\/\"> sites de paris<\/a> . R\u00e9sumez nos jeux de hasard dans certaines r\u00e9gions d&rsquo;Asie lorsque la liste des principaux partenaires. Nous examinons constamment les derniers sites Web. Pour nous assurer que nos \u00e9valuations et recommandations sont mises \u00e0 jour.\n\nList\u00e9 ici. C&rsquo;est juste que nous d\u00e9crivons. Chaque internet des fournisseurs chinois. Activit\u00e9s sportives sur les sites de jeux d&rsquo;argent. Essayez de trouver certaines des normes les plus importantes.\n<h3>Statut et protection des bonus des bookmakers chinois<\/h3>\nQuand vous voulez trouver le bon. La s\u00e9curit\u00e9 est primordiale lorsque<a href=\"https:\/\/www.freebetsinfo.co.uk\/china-online-bookmakers\/\"> Paris sportifs sur les bookmakers asiatiques<\/a> . Nous testons. Sites de paris dans chaque r\u00e9gion asiatique pour s&rsquo;assurer qu&rsquo;ils r\u00e9pondent aux normes de protection.\n<h3>China Bookmakers Bonus faites un choix<\/h3>\nSur le fournisseur en Chine. Lorsque vous placez des paris en ligne, les m\u00e9thodes de r\u00e8glement sur Internet sont cruciales. Nous assurons le mode de r\u00e8glement. C&rsquo;est simple et direct pour vous personnellement. Que vous en soyez passionn\u00e9. Utilisez Alipay et d&rsquo;autres portefeuilles \u00e9lectroniques, ou choisissez d&rsquo;utiliser UnionPay, etc. Remboursement des cartes de cr\u00e9dit bancaires, vous pouvez toujours trouver des opportunit\u00e9s sur notre site Web le mieux class\u00e9.\n<h3>Segment de march\u00e9 du jeu concurrentiel<\/h3>\nPoss\u00e8de un large \u00e9ventail de march\u00e9s commerciaux sportifs. Le choix est \u00e9galement tr\u00e8s important. Bien s\u00fbr, la plupart d&rsquo;entre nous aiment \u00e7a. Pariez sur le football et le basket, mais avez-vous pens\u00e9 \u00e0 d&rsquo;autres sports ? Eh bien dans les ligues internationales importantes. Ou presque partout dans le monde. Qu&rsquo;en est-il des paris dans le jeu? Nous sommes l&rsquo;Extr\u00eame-Orient. Fournissez une liste de sites qui encouragent les paris sportifs.\n\nGr\u00e2ce \u00e0 cette page vue. Le plus haut site de paris asiatique, peut \u00eatre librement sur le monde. Parier sur chaque \u00e9v\u00e9nement sportif professionnel important.\n<h3>Chine Bookmakers Bonus Meilleures cotes<\/h3>\n\u00c0 notre t\u00eate. Sur le site de paris sportifs chinois. Les chances d&rsquo;obtenir la valeur la plus \u00e9lev\u00e9e. Cela signifie que vous parierez sur des paris rentables. Gagner plus d&rsquo;argent. Nous v\u00e9rifierons quels bookmakers. Pr\u00e9vu pour la r\u00e9gion asiatique. La meilleure occasion pour une s\u00e9rie d&rsquo;activit\u00e9s sportives.\n\nVous pouvez nous faire confiance. Paris sportifs en ligne l\u00e9gaux en Asie. Trouvez la meilleure option. Nous promouvons des comp\u00e9titions dans certains pays\/r\u00e9gions asiatiques.\n\nEn vous inscrivant sur le site de paris id\u00e9al en Asie, vous l&rsquo;obtiendrez imm\u00e9diatement. Des \u00e9v\u00e9nements sportifs en direct du monde entier. March\u00e9s commerciaux et opportunit\u00e9s. Le site de paris sportifs asiatique choisit le football pour tous les plans. Et presque toutes les autres majeures. Les sportifs professionnels proposent des r\u00e9ductions.\n\nQu&rsquo;il se d\u00e9roule en Asie. Concurrents locaux ou \u00e9v\u00e9nements organis\u00e9s en Asie, aux \u00c9tats-Unis ou dans certaines parties de l&rsquo;Europe, vous pouvez placer des paris et obtenir de l&rsquo;argent.\n<h3><a href=\"https:\/\/www.freebetbest.com\/betting-sites\/\">Paris sur le football<\/a><\/h3>\nLe football est une activit\u00e9 sportive tr\u00e8s populaire utilis\u00e9e pour les comp\u00e9titions. Super Ligue chinoise. Dans certaines parties de l&rsquo;Asie. Il a attir\u00e9 beaucoup d&rsquo;attention et vous pouvez placer des paris en fonction des r\u00e9sultats de ces jeux. De m\u00eame, notre site de paris oriental de confiance. Tout pour votre Premier League.\n\nEt d&rsquo;autres ligues et tournois fiables. Fournir des cotes num\u00e9riques. Si vous voulez parier. Notre \u00e9quipe nationale la plus ch\u00e8re, toute la Coupe du Monde. C&rsquo;est certainement un choix clair.\n\nDans notre bonus de bookmakers chinois. Le site de paris avec le score le plus \u00e9lev\u00e9. Le prochain pari a-t-il \u00e9t\u00e9 fait ? Vous n&rsquo;avez pas besoin de tenir trop longtemps. En bref, il est vraiment facile de rejoindre et de d\u00e9marrer, et cela ne prend que peu de temps.\n\nSi vous voulez rendre le programme de plus en plus simple, tout ce que vous avez \u00e0 faire est de le faire. Et vous voudrez peut-\u00eatre \u00eatre dans le futur. L&rsquo;un des fournisseurs chinois. Presque tous les sites de paris sportifs. Le proc\u00e9d\u00e9 utilis\u00e9 est le m\u00eame. Nous vous recommandons de vous y tenir. Notre bookmaker le mieux not\u00e9, en bref. Parce que nous les avons trouv\u00e9s. C&rsquo;est le choix le plus s\u00fbr pour les joueurs de paris asiatiques.\n<h3>Choisissez vos bookmakers chinois pr\u00e9f\u00e9r\u00e9s<\/h3>\nLes bookmakers que nous encourageons sont g\u00e9niaux, mais vous devriez quand m\u00eame le d\u00e9couvrir. Sur lequel pariez-vous le plus ? Chargez le site Web \u00e0 partir de notre liste. Et jetez un oeil. Cela n&rsquo;a pas besoin de prendre beaucoup de temps. Vous pouvez d\u00e9terminer quelle exp\u00e9rience. Ce qui est souhaitable pour vous, ce qui correspond \u00e0 vos pr\u00e9f\u00e9rences. Peut-\u00eatre que vous en cherchez un. Contient des b\u00e9n\u00e9fices de jeu tr\u00e8s certains. Ou site de bien-\u00eatre. Bref. Ne vous inqui\u00e9tez pas, vous serez sur notre liste. Trouvez un bookmaker qui correspond \u00e0 vos id\u00e9aux.\n\n<!-- \/wp:post-content -->","protected":false},"excerpt":{"rendered":"<p>Le bonus de bienvenue de paris sportifs le plus courant. Offres et promotions de casino en ligne en Chine, meilleurs bookmakers en ligne de confiance.<\/p>\n<div class=\"hero-cup-section\">\n<div class=\"row mb-4\">\n<div class=\"col-md-7\">\n<div class=\"section-area\">\n<div class=\"section-list\">\n<li style=\"text-align: left\"><img decoding=\"async\" src=\"https:\/\/www.freebetbest.com\/wp-content\/uploads\/2021\/06\/tick.png\" alt=\"Des sports\"> Bonus de bienvenue du casino sportif.<\/li>\n<li style=\"text-align: left\"><img decoding=\"async\" src=\"https:\/\/www.freebetbest.com\/wp-content\/uploads\/2021\/06\/tick.png\" alt=\"offres de jeux\"> Offres et promotions de bookmakers en ligne.<\/li>\n<li style=\"text-align: left\"><img decoding=\"async\" src=\"https:\/\/www.freebetbest.com\/wp-content\/uploads\/2021\/06\/tick.png\" alt=\"offres de jeux\"> Les meilleurs bookmakers en ligne auxquels vous pouvez faire confiance.<\/li>\n<li style=\"text-align: left\"><img decoding=\"async\" src=\"https:\/\/www.freebetbest.com\/wp-content\/uploads\/2021\/06\/tick.png\" alt=\"Faisant autorit\u00e9\"> Examen faisant autorit\u00e9 S\u00fbr fiable.<\/li>\n<li style=\"text-align: left\"><img decoding=\"async\" src=\"https:\/\/www.freebetbest.com\/wp-content\/uploads\/2021\/06\/tick.png\" alt=\"Retraits rapides\"> Prise en charge de l&rsquo;application mobile, retraits rapides.<\/li>\n<li style=\"text-align: left\"><img decoding=\"async\" src=\"https:\/\/www.freebetbest.com\/wp-content\/uploads\/2021\/06\/tick.png\" alt=\"Service client\"> Support client : 365 jours, 24 heures par jour.<\/li>\n<\/div>\n<\/div>\n<\/div>\n<div class=\"col-md-5\">\n<div class=\"cup-img\"><img decoding=\"async\" src=\"https:\/\/www.freebetbest.com\/wp-content\/uploads\/2021\/06\/china12.png\" alt=\"pari gratuit\"><\/div>\n<\/div>\n<\/div>\n","protected":false},"author":1,"featured_media":125268,"parent":0,"menu_order":0,"comment_status":"closed","ping_status":"closed","template":"china-template.php","meta":{"footnotes":""},"class_list":["post-129183","page","type-page","status-publish","has-post-thumbnail","hentry"],"yoast_head":"<!-- This site is optimized with the Yoast SEO Premium plugin v19.5 (Yoast SEO v27.0) - https:\/\/yoast.com\/product\/yoast-seo-premium-wordpress\/ -->\n<title>Bonus des bookmakers chinois , Promotion de premier d\u00e9p\u00f4t<\/title>\n<meta name=\"description\" content=\"Bonus des bookmakers chinois , pari gratuit Bonus sans d\u00e9p\u00f4t, bienvenue Offres de paris et bonus d&#039;inscription, Bonus des bookmakers chinois\" \/>\n<meta name=\"robots\" content=\"index, follow, max-snippet:-1, max-image-preview:large, max-video-preview:-1\" \/>\n<link rel=\"canonical\" href=\"https:\/\/www.freebetbest.com\/fr\/bonus-des-bookmakers-chinois\/\" \/>\n<meta property=\"og:locale\" content=\"fr_FR\" \/>\n<meta property=\"og:type\" content=\"article\" \/>\n<meta property=\"og:title\" content=\"Bonus des bookmakers chinois\" \/>\n<meta property=\"og:description\" content=\"Bonus des bookmakers chinois , pari gratuit Bonus sans d\u00e9p\u00f4t, bienvenue Offres de paris et bonus d&#039;inscription, Bonus des bookmakers chinois\" \/>\n<meta property=\"og:url\" content=\"https:\/\/www.freebetbest.com\/fr\/bonus-des-bookmakers-chinois\/\" \/>\n<meta property=\"og:site_name\" content=\"Meilleurs casinos en ligne | Bonus Paris sportifs | Meilleurs bookmakers en ligne\" \/>\n<meta property=\"article:modified_time\" content=\"2021-07-29T11:05:11+00:00\" \/>\n<meta property=\"og:image\" content=\"https:\/\/www.freebetbest.com\/wp-content\/uploads\/2021\/06\/Bookmakers-scaled.jpg\" \/>\n\t<meta property=\"og:image:width\" content=\"417\" \/>\n\t<meta property=\"og:image:height\" content=\"180\" \/>\n\t<meta property=\"og:image:type\" content=\"image\/jpeg\" \/>\n<meta name=\"twitter:card\" content=\"summary_large_image\" \/>\n<meta name=\"twitter:label1\" content=\"Dur\u00e9e de lecture estim\u00e9e\" \/>\n\t<meta name=\"twitter:data1\" content=\"4 minutes\" \/>\n<script type=\"application\/ld+json\" class=\"yoast-schema-graph\">{\"@context\":\"https:\/\/schema.org\",\"@graph\":[{\"@type\":\"WebPage\",\"@id\":\"https:\/\/www.freebetbest.com\/fr\/bonus-des-bookmakers-chinois\/\",\"url\":\"https:\/\/www.freebetbest.com\/fr\/bonus-des-bookmakers-chinois\/\",\"name\":\"Bonus des bookmakers chinois , Promotion de premier d\u00e9p\u00f4t\",\"isPartOf\":{\"@id\":\"https:\/\/www.freebetbest.com\/fr\/#website\"},\"primaryImageOfPage\":{\"@id\":\"https:\/\/www.freebetbest.com\/fr\/bonus-des-bookmakers-chinois\/#primaryimage\"},\"image\":{\"@id\":\"https:\/\/www.freebetbest.com\/fr\/bonus-des-bookmakers-chinois\/#primaryimage\"},\"thumbnailUrl\":\"https:\/\/www.freebetbest.com\/wp-content\/uploads\/2021\/06\/Bookmakers-scaled.jpg\",\"datePublished\":\"2021-06-10T12:02:39+00:00\",\"dateModified\":\"2021-07-29T11:05:11+00:00\",\"description\":\"Bonus des bookmakers chinois , pari gratuit Bonus sans d\u00e9p\u00f4t, bienvenue Offres de paris et bonus d'inscription, Bonus des bookmakers chinois\",\"breadcrumb\":{\"@id\":\"https:\/\/www.freebetbest.com\/fr\/bonus-des-bookmakers-chinois\/#breadcrumb\"},\"inLanguage\":\"fr-FR\",\"potentialAction\":[{\"@type\":\"ReadAction\",\"target\":[\"https:\/\/www.freebetbest.com\/fr\/bonus-des-bookmakers-chinois\/\"]}]},{\"@type\":\"ImageObject\",\"inLanguage\":\"fr-FR\",\"@id\":\"https:\/\/www.freebetbest.com\/fr\/bonus-des-bookmakers-chinois\/#primaryimage\",\"url\":\"https:\/\/www.freebetbest.com\/wp-content\/uploads\/2021\/06\/Bookmakers-scaled.jpg\",\"contentUrl\":\"https:\/\/www.freebetbest.com\/wp-content\/uploads\/2021\/06\/Bookmakers-scaled.jpg\",\"width\":417,\"height\":180,\"caption\":\"Bonus des bookmakers chinois\"},{\"@type\":\"BreadcrumbList\",\"@id\":\"https:\/\/www.freebetbest.com\/fr\/bonus-des-bookmakers-chinois\/#breadcrumb\",\"itemListElement\":[{\"@type\":\"ListItem\",\"position\":1,\"name\":\"Home\",\"item\":\"https:\/\/www.freebetbest.com\/fr\/\"},{\"@type\":\"ListItem\",\"position\":2,\"name\":\"Bonus des bookmakers chinois\"}]},{\"@type\":\"WebSite\",\"@id\":\"https:\/\/www.freebetbest.com\/fr\/#website\",\"url\":\"https:\/\/www.freebetbest.com\/fr\/\",\"name\":\"Meilleurs casinos en ligne | Bonus Paris sportifs | Meilleurs bookmakers en ligne\",\"description\":\"Meilleurs bookmakers en ligne, casinos, poker, bingo et paris sur mobiles, casinos en ligne, paris sur le football, codes promotionnels sans d\u00e9p\u00f4t, premier portail mondial des jeux d'argent.\",\"publisher\":{\"@id\":\"https:\/\/www.freebetbest.com\/fr\/#\/schema\/person\/292684ccf388a2362d507874c5b80a69\"},\"potentialAction\":[{\"@type\":\"SearchAction\",\"target\":{\"@type\":\"EntryPoint\",\"urlTemplate\":\"https:\/\/www.freebetbest.com\/fr\/?s={search_term_string}\"},\"query-input\":{\"@type\":\"PropertyValueSpecification\",\"valueRequired\":true,\"valueName\":\"search_term_string\"}}],\"inLanguage\":\"fr-FR\"},{\"@type\":[\"Person\",\"Organization\"],\"@id\":\"https:\/\/www.freebetbest.com\/fr\/#\/schema\/person\/292684ccf388a2362d507874c5b80a69\",\"name\":\"\u7ba1\u7406\",\"image\":{\"@type\":\"ImageObject\",\"inLanguage\":\"fr-FR\",\"@id\":\"https:\/\/www.freebetbest.com\/fr\/#\/schema\/person\/image\/\",\"url\":\"https:\/\/www.freebetbest.com\/wp-content\/litespeed\/avatar\/49696b52fb15293a2168c14964fdd8b9.jpg?ver=1776230299\",\"contentUrl\":\"https:\/\/www.freebetbest.com\/wp-content\/litespeed\/avatar\/49696b52fb15293a2168c14964fdd8b9.jpg?ver=1776230299\",\"caption\":\"\u7ba1\u7406\"},\"logo\":{\"@id\":\"https:\/\/www.freebetbest.com\/fr\/#\/schema\/person\/image\/\"},\"sameAs\":[\"admin\"]}]}<\/script>\n<!-- \/ Yoast SEO Premium plugin. -->","yoast_head_json":{"title":"Bonus des bookmakers chinois , Promotion de premier d\u00e9p\u00f4t","description":"Bonus des bookmakers chinois , pari gratuit Bonus sans d\u00e9p\u00f4t, bienvenue Offres de paris et bonus d'inscription, Bonus des bookmakers chinois","robots":{"index":"index","follow":"follow","max-snippet":"max-snippet:-1","max-image-preview":"max-image-preview:large","max-video-preview":"max-video-preview:-1"},"canonical":"https:\/\/www.freebetbest.com\/fr\/bonus-des-bookmakers-chinois\/","og_locale":"fr_FR","og_type":"article","og_title":"Bonus des bookmakers chinois","og_description":"Bonus des bookmakers chinois , pari gratuit Bonus sans d\u00e9p\u00f4t, bienvenue Offres de paris et bonus d'inscription, Bonus des bookmakers chinois","og_url":"https:\/\/www.freebetbest.com\/fr\/bonus-des-bookmakers-chinois\/","og_site_name":"Meilleurs casinos en ligne | Bonus Paris sportifs | Meilleurs bookmakers en ligne","article_modified_time":"2021-07-29T11:05:11+00:00","og_image":[{"width":417,"height":180,"url":"https:\/\/www.freebetbest.com\/wp-content\/uploads\/2021\/06\/Bookmakers-scaled.jpg","type":"image\/jpeg"}],"twitter_card":"summary_large_image","twitter_misc":{"Dur\u00e9e de lecture estim\u00e9e":"4 minutes"},"schema":{"@context":"https:\/\/schema.org","@graph":[{"@type":"WebPage","@id":"https:\/\/www.freebetbest.com\/fr\/bonus-des-bookmakers-chinois\/","url":"https:\/\/www.freebetbest.com\/fr\/bonus-des-bookmakers-chinois\/","name":"Bonus des bookmakers chinois , Promotion de premier d\u00e9p\u00f4t","isPartOf":{"@id":"https:\/\/www.freebetbest.com\/fr\/#website"},"primaryImageOfPage":{"@id":"https:\/\/www.freebetbest.com\/fr\/bonus-des-bookmakers-chinois\/#primaryimage"},"image":{"@id":"https:\/\/www.freebetbest.com\/fr\/bonus-des-bookmakers-chinois\/#primaryimage"},"thumbnailUrl":"https:\/\/www.freebetbest.com\/wp-content\/uploads\/2021\/06\/Bookmakers-scaled.jpg","datePublished":"2021-06-10T12:02:39+00:00","dateModified":"2021-07-29T11:05:11+00:00","description":"Bonus des bookmakers chinois , pari gratuit Bonus sans d\u00e9p\u00f4t, bienvenue Offres de paris et bonus d'inscription, Bonus des bookmakers chinois","breadcrumb":{"@id":"https:\/\/www.freebetbest.com\/fr\/bonus-des-bookmakers-chinois\/#breadcrumb"},"inLanguage":"fr-FR","potentialAction":[{"@type":"ReadAction","target":["https:\/\/www.freebetbest.com\/fr\/bonus-des-bookmakers-chinois\/"]}]},{"@type":"ImageObject","inLanguage":"fr-FR","@id":"https:\/\/www.freebetbest.com\/fr\/bonus-des-bookmakers-chinois\/#primaryimage","url":"https:\/\/www.freebetbest.com\/wp-content\/uploads\/2021\/06\/Bookmakers-scaled.jpg","contentUrl":"https:\/\/www.freebetbest.com\/wp-content\/uploads\/2021\/06\/Bookmakers-scaled.jpg","width":417,"height":180,"caption":"Bonus des bookmakers chinois"},{"@type":"BreadcrumbList","@id":"https:\/\/www.freebetbest.com\/fr\/bonus-des-bookmakers-chinois\/#breadcrumb","itemListElement":[{"@type":"ListItem","position":1,"name":"Home","item":"https:\/\/www.freebetbest.com\/fr\/"},{"@type":"ListItem","position":2,"name":"Bonus des bookmakers chinois"}]},{"@type":"WebSite","@id":"https:\/\/www.freebetbest.com\/fr\/#website","url":"https:\/\/www.freebetbest.com\/fr\/","name":"Meilleurs casinos en ligne | Bonus Paris sportifs | Meilleurs bookmakers en ligne","description":"Meilleurs bookmakers en ligne, casinos, poker, bingo et paris sur mobiles, casinos en ligne, paris sur le football, codes promotionnels sans d\u00e9p\u00f4t, premier portail mondial des jeux d'argent.","publisher":{"@id":"https:\/\/www.freebetbest.com\/fr\/#\/schema\/person\/292684ccf388a2362d507874c5b80a69"},"potentialAction":[{"@type":"SearchAction","target":{"@type":"EntryPoint","urlTemplate":"https:\/\/www.freebetbest.com\/fr\/?s={search_term_string}"},"query-input":{"@type":"PropertyValueSpecification","valueRequired":true,"valueName":"search_term_string"}}],"inLanguage":"fr-FR"},{"@type":["Person","Organization"],"@id":"https:\/\/www.freebetbest.com\/fr\/#\/schema\/person\/292684ccf388a2362d507874c5b80a69","name":"\u7ba1\u7406","image":{"@type":"ImageObject","inLanguage":"fr-FR","@id":"https:\/\/www.freebetbest.com\/fr\/#\/schema\/person\/image\/","url":"https:\/\/www.freebetbest.com\/wp-content\/litespeed\/avatar\/49696b52fb15293a2168c14964fdd8b9.jpg?ver=1776230299","contentUrl":"https:\/\/www.freebetbest.com\/wp-content\/litespeed\/avatar\/49696b52fb15293a2168c14964fdd8b9.jpg?ver=1776230299","caption":"\u7ba1\u7406"},"logo":{"@id":"https:\/\/www.freebetbest.com\/fr\/#\/schema\/person\/image\/"},"sameAs":["admin"]}]}},"_links":{"self":[{"href":"https:\/\/www.freebetbest.com\/fr\/wp-json\/wp\/v2\/pages\/129183","targetHints":{"allow":["GET"]}}],"collection":[{"href":"https:\/\/www.freebetbest.com\/fr\/wp-json\/wp\/v2\/pages"}],"about":[{"href":"https:\/\/www.freebetbest.com\/fr\/wp-json\/wp\/v2\/types\/page"}],"author":[{"embeddable":true,"href":"https:\/\/www.freebetbest.com\/fr\/wp-json\/wp\/v2\/users\/1"}],"replies":[{"embeddable":true,"href":"https:\/\/www.freebetbest.com\/fr\/wp-json\/wp\/v2\/comments?post=129183"}],"version-history":[{"count":0,"href":"https:\/\/www.freebetbest.com\/fr\/wp-json\/wp\/v2\/pages\/129183\/revisions"}],"wp:featuredmedia":[{"embeddable":true,"href":"https:\/\/www.freebetbest.com\/fr\/wp-json\/wp\/v2\/media\/125268"}],"wp:attachment":[{"href":"https:\/\/www.freebetbest.com\/fr\/wp-json\/wp\/v2\/media?parent=129183"}],"curies":[{"name":"wp","href":"https:\/\/api.w.org\/{rel}","templated":true}]}}