{"id":4713,"date":"2019-06-18T12:57:28","date_gmt":"2019-06-18T12:57:28","guid":{"rendered":"https:\/\/www.freebetbest.com\/sitio-de-apuestas-gratis-en-linea-en-2019-reino-unido\/"},"modified":"2021-07-28T16:51:01","modified_gmt":"2021-07-28T16:51:01","slug":"sitios-de-apuestas","status":"publish","type":"page","link":"https:\/\/www.freebetbest.com\/es\/sitios-de-apuestas\/","title":{"rendered":"Bono de apuestas de casa de apuestas"},"content":{"rendered":"<h3>\u00bfA qu\u00e9 debe prestar atenci\u00f3n la casa de apuestas en el \u00faltimo bono de apuestas?<\/h3>\n<p>No todas las recompensas de bonificaci\u00f3n son iguales. \u00daltimo bono de apuestas en apuestas deportivas. Habr\u00e1 cambios en alg\u00fan momento, que pueden aumentar o disminuir sus ingresos. Puede ser importante estar familiarizado con las condiciones habituales, como las apuestas y el pago inicial m\u00ednimo para tipos complicados, como los grandes KYC y las restricciones de retiro. Adem\u00e1s, enumeraremos todos los signos de recompensas de compa\u00f1\u00edas de apuestas fraudulentas para evitar accidentes.<\/p>\n<h3>A qu\u00e9 deben prestar atenci\u00f3n los corredores de apuestas para obtener recompensas<\/h3>\n<p>No todas las recompensas de bonificaci\u00f3n son iguales. En apuestas deportivas. Ciertas cosas cambiar\u00e1n y pueden aumentar o disminuir sus ingresos. Puede ser importante estar familiarizado con las condiciones comunes, como un pago inicial m\u00ednimo.<\/p>\n<h3>Popular<a href=\"https:\/\/www.freebetsinfo.co.uk\/\"> apuestas Deportivas<\/a> . Cl\u00e1usula de bonificaci\u00f3n a\u00f1adida<\/h3>\n<p>T\u00e9rminos t\u00edpicos de bonificaci\u00f3n de apuestas deportivas. Muchos jugadores apuestan por los deportes. O no prestar\u00e1 atenci\u00f3n a los t\u00e9rminos y condiciones despu\u00e9s de declarar el bono. Por supuesto, esto es completamente torpe, porque una vez que sus finanzas est\u00e1n en peligro, juegan un papel clave.<br \/><img decoding=\"async\" src=\"https:\/\/www.freebetbest.com\/wp-content\/uploads\/2021\/06\/Casino-Games.jpg\"><\/p>\n<h3>Cada cliente \/ IP activa una cuenta bancaria<\/h3>\n<p>Es bastante sencillo. Trate de no intentarlo en las mismas apuestas deportivas. Abra otra cuenta bancaria y solicite un bono.<\/p>\n<h3>Requisitos de apuestas<\/h3>\n<p>El primer premio de pago por cada actividad deportiva. Habr\u00e1 varias extensiones (entre 5 y 20 veces) para retirar su bono. Adem\u00e1s, debe estarlo antes de solicitar el pago. Mueva su inversi\u00f3n inicial una vez.<\/p>\n<h3><a href=\"https:\/\/www.freebetbest.com\/es\/apuestas-online-de-futbol\/\">Casas de apuestas<\/a> \u00daltimo bono de apuesta La alternativa con menos posibilidades:<\/h3>\n<p>Cada mercado tu decides elegir. Todos deben exceder la importancia predeterminada. La gama de productos en la mayor\u00eda de las apuestas deportivas suele oscilar entre 1,50 y 2,00. La selecci\u00f3n total en su propia boleta de apuestas, y tambi\u00e9n lo es el tema. Generalmente, debe incluir 1-3 opciones.<\/p>\n<h3>Pago inicial m\u00ednimo:<\/h3>\n<p>Antes de decidir solicitar suministros, primero debe realizar un pago inicial calificado. Esto solo puede ser de \u20ac \/ \u00a3 5 o \u20ac \/ \u00a3 10, aunque algunos son agradables. Los sorteos pueden comenzar en 1 \u20ac \/ \u00a3.<\/p>\n<h3>Confirme y restrinja los m\u00e9todos de transacci\u00f3n:<\/h3>\n<p>Muchos sitios de juegos restringen Skrill y Neteller, etc. Proporcionar carteras con descuentos especiales. Esto se debe a que atraen a los abusadores. Si deposita con una tarjeta de cr\u00e9dito \/ d\u00e9bito o PayPal, la mayor\u00eda de las apuestas deportivas. Te traer\u00e1 agradables ingresos.<\/p>\n<h3>Bonificaci\u00f3n m\u00e1xima<\/h3>\n<p>Algunas casas de apuestas pueden hacerlo. Reducir la cantidad m\u00e1xima de bonificaciones que se pueden retirar. Esto significa que, independientemente del \u00e9xito que tenga, puede cancelar f\u00e1cilmente las apuestas deportivas. La mayor reducci\u00f3n de precio lograda.<\/p>\n<h3>\u00daltima restricci\u00f3n del mercado de bonificaci\u00f3n de apuestas<\/h3>\n<p>Muchos segmentos del mercado no contar\u00e1n para las apuestas cobradas, anuladas o canceladas. Adem\u00e1s, las restricciones pueden incluir diferentes actividades deportivas, ligas y mantener apuestas.<\/p>\n<h3>\u00daltima fecha de vencimiento del bono de apuestas<\/h3>\n<p>Preste mucha atenci\u00f3n a sus actividades deportivas. La fecha en que finaliza el beneficio de juego. Por lo general, esto puede durar entre 7 y 30 d\u00edas. Sin embargo, en algunos casos, la estructura de tiempo suele ser tan baja como 3 d\u00edas.<\/p>\n<h3>Apuesta m\u00e1xima por apuesta<\/h3>\n<p>Puede estar en cada mercado o boleta de apuestas. El contenido seleccionado puede estar restringido. Esto se aplica para disuadir a los cazadores de bonificaciones adicionales y a los apostadores de arbitraje. Por lo general, es el 50% del monto de la recompensa. Adem\u00e1s, muchas casas de apuestas tienen restricciones sobre el uso del m\u00e1ximo de oportunidades (por ejemplo, 3,50).<\/p>\n<h3>Restricci\u00f3n de pa\u00eds<\/h3>\n<p>Las transacciones de bonificaci\u00f3n de registro suelen ser. No disponible en todo el mundo. Por ejemplo, se pueden excluir los pa\u00edses de Europa del Este. Siempre consulte los t\u00e9rminos y condiciones para conocer esta lista de ubicaciones restringidas.<\/p>\n<p>Agregue c\u00f3digos de bonificaci\u00f3n disponibles: a veces, debe estar cerca de la p\u00e1gina de dep\u00f3sito. Ingrese el c\u00f3digo manualmente, lo que significa que sus fondos pueden mejorarse.<\/p>\n<p><!-- \/wp:post-content --><\/p>\n<p><!-- wp:heading {\"level\":4} \/--><\/p>\n","protected":false},"excerpt":{"rendered":"<p>Maximice su experiencia de apuestas deportivas<br \/>\nBonificaciones de bienvenida fant\u00e1sticas<br \/>\nUna amplia gama de deportes para apostar con cuotas inmejorables<br \/>\nCasas de apuestas revisadas y aprobadas por nuestros expertos<\/p>\n<div class=\"hero-cup-section\">\n<div class=\"row mb-4\">\n<div class=\"col-md-7\">\n<div class=\"section-area\">\n<div class=\"section-list\">\n<li style=\"text-align: left\"><img decoding=\"async\" src=\"https:\/\/www.freebetbest.com\/wp-content\/uploads\/2021\/06\/tick.png\" alt=\"Deportes\"> Bono de bienvenida de Sports Casino.<\/li>\n<li style=\"text-align: left\"><img decoding=\"async\" src=\"https:\/\/www.freebetbest.com\/wp-content\/uploads\/2021\/06\/tick.png\" alt=\"ofertas de juegos\"> Ofertas y promociones de casas de apuestas online.<\/li>\n<li style=\"text-align: left\"><img decoding=\"async\" src=\"https:\/\/www.freebetbest.com\/wp-content\/uploads\/2021\/06\/tick.png\" alt=\"ofertas de juegos\"> Las mejores casas de apuestas online en las que puede confiar.<\/li>\n<li style=\"text-align: left\"><img decoding=\"async\" src=\"https:\/\/www.freebetbest.com\/wp-content\/uploads\/2021\/06\/tick.png\" alt=\"Autoritario\"> Revisi\u00f3n autorizada Seguro confiable.<\/li>\n<li style=\"text-align: left\"><img decoding=\"async\" src=\"https:\/\/www.freebetbest.com\/wp-content\/uploads\/2021\/06\/tick.png\" alt=\"Retiros r\u00e1pidos\"> Soporte de aplicaciones m\u00f3viles, retiros r\u00e1pidos.<\/li>\n<li style=\"text-align: left\"><img decoding=\"async\" src=\"https:\/\/www.freebetbest.com\/wp-content\/uploads\/2021\/06\/tick.png\" alt=\"Atenci\u00f3n al cliente\"> Atenci\u00f3n al cliente: 365 d\u00edas, 24 horas al d\u00eda.<\/li>\n<\/div>\n<\/div>\n<\/div>\n<div class=\"col-md-5\">\n<div class=\"cup-img\"><img decoding=\"async\" src=\"https:\/\/www.freebetbest.com\/wp-content\/uploads\/2021\/06\/freebetsinfo.png\" alt=\"freebetbest\"><\/div>\n<\/div>\n<\/div>\n","protected":false},"author":1,"featured_media":4716,"parent":0,"menu_order":0,"comment_status":"closed","ping_status":"closed","template":"Bookmaker-List-Template.php","meta":{"footnotes":""},"class_list":["post-4713","page","type-page","status-publish","has-post-thumbnail","hentry"],"yoast_head":"<!-- This site is optimized with the Yoast SEO Premium plugin v19.5 (Yoast SEO v27.0) - https:\/\/yoast.com\/product\/yoast-seo-premium-wordpress\/ -->\n<title>Bono de apuestas de casa de apuestas , Bonificaci\u00f3n para nuevos clientes de las casas de apuestas asi\u00e1ticas.<\/title>\n<meta name=\"description\" content=\"Bono de apuestas de casa de apuestas , las mejores casas de apuestas en l\u00ednea, casinos, p\u00f3quer, sitio de apuestas gratuitas en l\u00ednea, casas de apuestas asi\u00e1ticas Bono de registro de nuevo cliente.\" \/>\n<meta name=\"robots\" content=\"index, follow, max-snippet:-1, max-image-preview:large, max-video-preview:-1\" \/>\n<link rel=\"canonical\" href=\"https:\/\/www.freebetbest.com\/es\/sitios-de-apuestas\/\" \/>\n<meta property=\"og:locale\" content=\"es_ES\" \/>\n<meta property=\"og:type\" content=\"article\" \/>\n<meta property=\"og:title\" content=\"Bono de apuestas de casa de apuestas\" \/>\n<meta property=\"og:description\" content=\"Bono de apuestas de casa de apuestas , las mejores casas de apuestas en l\u00ednea, casinos, p\u00f3quer, sitio de apuestas gratuitas en l\u00ednea, casas de apuestas asi\u00e1ticas Bono de registro de nuevo cliente.\" \/>\n<meta property=\"og:url\" content=\"https:\/\/www.freebetbest.com\/es\/sitios-de-apuestas\/\" \/>\n<meta property=\"og:site_name\" content=\"Apuesta gratis | Casino en l\u00ednea | Apuestas de f\u00fatbol | Mejores Casas De Apuestas Deportivas Online\" \/>\n<meta property=\"article:modified_time\" content=\"2021-07-28T16:51:01+00:00\" \/>\n<meta property=\"og:image\" content=\"https:\/\/www.freebetbest.com\/wp-content\/uploads\/2019\/07\/banner.jpg\" \/>\n\t<meta property=\"og:image:width\" content=\"449\" \/>\n\t<meta property=\"og:image:height\" content=\"180\" \/>\n\t<meta property=\"og:image:type\" content=\"image\/jpeg\" \/>\n<meta name=\"twitter:card\" content=\"summary_large_image\" \/>\n<meta name=\"twitter:label1\" content=\"Tiempo de lectura\" \/>\n\t<meta name=\"twitter:data1\" content=\"3 minutos\" \/>\n<script type=\"application\/ld+json\" class=\"yoast-schema-graph\">{\"@context\":\"https:\/\/schema.org\",\"@graph\":[{\"@type\":\"WebPage\",\"@id\":\"https:\/\/www.freebetbest.com\/es\/sitios-de-apuestas\/\",\"url\":\"https:\/\/www.freebetbest.com\/es\/sitios-de-apuestas\/\",\"name\":\"Bono de apuestas de casa de apuestas , Bonificaci\u00f3n para nuevos clientes de las casas de apuestas asi\u00e1ticas.\",\"isPartOf\":{\"@id\":\"https:\/\/www.freebetbest.com\/es\/#website\"},\"primaryImageOfPage\":{\"@id\":\"https:\/\/www.freebetbest.com\/es\/sitios-de-apuestas\/#primaryimage\"},\"image\":{\"@id\":\"https:\/\/www.freebetbest.com\/es\/sitios-de-apuestas\/#primaryimage\"},\"thumbnailUrl\":\"https:\/\/www.freebetbest.com\/wp-content\/uploads\/2019\/07\/banner.jpg\",\"datePublished\":\"2019-06-18T12:57:28+00:00\",\"dateModified\":\"2021-07-28T16:51:01+00:00\",\"description\":\"Bono de apuestas de casa de apuestas , las mejores casas de apuestas en l\u00ednea, casinos, p\u00f3quer, sitio de apuestas gratuitas en l\u00ednea, casas de apuestas asi\u00e1ticas Bono de registro de nuevo cliente.\",\"breadcrumb\":{\"@id\":\"https:\/\/www.freebetbest.com\/es\/sitios-de-apuestas\/#breadcrumb\"},\"inLanguage\":\"es\",\"potentialAction\":[{\"@type\":\"ReadAction\",\"target\":[\"https:\/\/www.freebetbest.com\/es\/sitios-de-apuestas\/\"]}]},{\"@type\":\"ImageObject\",\"inLanguage\":\"es\",\"@id\":\"https:\/\/www.freebetbest.com\/es\/sitios-de-apuestas\/#primaryimage\",\"url\":\"https:\/\/www.freebetbest.com\/wp-content\/uploads\/2019\/07\/banner.jpg\",\"contentUrl\":\"https:\/\/www.freebetbest.com\/wp-content\/uploads\/2019\/07\/banner.jpg\",\"width\":449,\"height\":180,\"caption\":\"Sitio de apuestas gratuitas en l\u00ednea en el Reino Unido\"},{\"@type\":\"BreadcrumbList\",\"@id\":\"https:\/\/www.freebetbest.com\/es\/sitios-de-apuestas\/#breadcrumb\",\"itemListElement\":[{\"@type\":\"ListItem\",\"position\":1,\"name\":\"Home\",\"item\":\"https:\/\/www.freebetbest.com\/es\/\"},{\"@type\":\"ListItem\",\"position\":2,\"name\":\"Bono de apuestas de casa de apuestas\"}]},{\"@type\":\"WebSite\",\"@id\":\"https:\/\/www.freebetbest.com\/es\/#website\",\"url\":\"https:\/\/www.freebetbest.com\/es\/\",\"name\":\"Apuesta gratis | Casino en l\u00ednea | Apuestas de f\u00fatbol | Mejores Casas De Apuestas Deportivas Online\",\"description\":\"Las mejores casas de apuestas en l\u00ednea, que ofrecen deportes, casino, p\u00f3ker, bingo y apuestas m\u00f3viles, casino en l\u00ednea, apuestas de f\u00fatbol, la mejor apuesta gratis, los portales de juego m\u00e1s importantes del mundo.\",\"publisher\":{\"@id\":\"https:\/\/www.freebetbest.com\/es\/#\/schema\/person\/292684ccf388a2362d507874c5b80a69\"},\"potentialAction\":[{\"@type\":\"SearchAction\",\"target\":{\"@type\":\"EntryPoint\",\"urlTemplate\":\"https:\/\/www.freebetbest.com\/es\/?s={search_term_string}\"},\"query-input\":{\"@type\":\"PropertyValueSpecification\",\"valueRequired\":true,\"valueName\":\"search_term_string\"}}],\"inLanguage\":\"es\"},{\"@type\":[\"Person\",\"Organization\"],\"@id\":\"https:\/\/www.freebetbest.com\/es\/#\/schema\/person\/292684ccf388a2362d507874c5b80a69\",\"name\":\"\u7ba1\u7406\",\"image\":{\"@type\":\"ImageObject\",\"inLanguage\":\"es\",\"@id\":\"https:\/\/www.freebetbest.com\/es\/#\/schema\/person\/image\/\",\"url\":\"https:\/\/www.freebetbest.com\/wp-content\/litespeed\/avatar\/49696b52fb15293a2168c14964fdd8b9.jpg?ver=1776230299\",\"contentUrl\":\"https:\/\/www.freebetbest.com\/wp-content\/litespeed\/avatar\/49696b52fb15293a2168c14964fdd8b9.jpg?ver=1776230299\",\"caption\":\"\u7ba1\u7406\"},\"logo\":{\"@id\":\"https:\/\/www.freebetbest.com\/es\/#\/schema\/person\/image\/\"},\"sameAs\":[\"admin\"]}]}<\/script>\n<!-- \/ Yoast SEO Premium plugin. -->","yoast_head_json":{"title":"Bono de apuestas de casa de apuestas , Bonificaci\u00f3n para nuevos clientes de las casas de apuestas asi\u00e1ticas.","description":"Bono de apuestas de casa de apuestas , las mejores casas de apuestas en l\u00ednea, casinos, p\u00f3quer, sitio de apuestas gratuitas en l\u00ednea, casas de apuestas asi\u00e1ticas Bono de registro de nuevo cliente.","robots":{"index":"index","follow":"follow","max-snippet":"max-snippet:-1","max-image-preview":"max-image-preview:large","max-video-preview":"max-video-preview:-1"},"canonical":"https:\/\/www.freebetbest.com\/es\/sitios-de-apuestas\/","og_locale":"es_ES","og_type":"article","og_title":"Bono de apuestas de casa de apuestas","og_description":"Bono de apuestas de casa de apuestas , las mejores casas de apuestas en l\u00ednea, casinos, p\u00f3quer, sitio de apuestas gratuitas en l\u00ednea, casas de apuestas asi\u00e1ticas Bono de registro de nuevo cliente.","og_url":"https:\/\/www.freebetbest.com\/es\/sitios-de-apuestas\/","og_site_name":"Apuesta gratis | Casino en l\u00ednea | Apuestas de f\u00fatbol | Mejores Casas De Apuestas Deportivas Online","article_modified_time":"2021-07-28T16:51:01+00:00","og_image":[{"width":449,"height":180,"url":"https:\/\/www.freebetbest.com\/wp-content\/uploads\/2019\/07\/banner.jpg","type":"image\/jpeg"}],"twitter_card":"summary_large_image","twitter_misc":{"Tiempo de lectura":"3 minutos"},"schema":{"@context":"https:\/\/schema.org","@graph":[{"@type":"WebPage","@id":"https:\/\/www.freebetbest.com\/es\/sitios-de-apuestas\/","url":"https:\/\/www.freebetbest.com\/es\/sitios-de-apuestas\/","name":"Bono de apuestas de casa de apuestas , Bonificaci\u00f3n para nuevos clientes de las casas de apuestas asi\u00e1ticas.","isPartOf":{"@id":"https:\/\/www.freebetbest.com\/es\/#website"},"primaryImageOfPage":{"@id":"https:\/\/www.freebetbest.com\/es\/sitios-de-apuestas\/#primaryimage"},"image":{"@id":"https:\/\/www.freebetbest.com\/es\/sitios-de-apuestas\/#primaryimage"},"thumbnailUrl":"https:\/\/www.freebetbest.com\/wp-content\/uploads\/2019\/07\/banner.jpg","datePublished":"2019-06-18T12:57:28+00:00","dateModified":"2021-07-28T16:51:01+00:00","description":"Bono de apuestas de casa de apuestas , las mejores casas de apuestas en l\u00ednea, casinos, p\u00f3quer, sitio de apuestas gratuitas en l\u00ednea, casas de apuestas asi\u00e1ticas Bono de registro de nuevo cliente.","breadcrumb":{"@id":"https:\/\/www.freebetbest.com\/es\/sitios-de-apuestas\/#breadcrumb"},"inLanguage":"es","potentialAction":[{"@type":"ReadAction","target":["https:\/\/www.freebetbest.com\/es\/sitios-de-apuestas\/"]}]},{"@type":"ImageObject","inLanguage":"es","@id":"https:\/\/www.freebetbest.com\/es\/sitios-de-apuestas\/#primaryimage","url":"https:\/\/www.freebetbest.com\/wp-content\/uploads\/2019\/07\/banner.jpg","contentUrl":"https:\/\/www.freebetbest.com\/wp-content\/uploads\/2019\/07\/banner.jpg","width":449,"height":180,"caption":"Sitio de apuestas gratuitas en l\u00ednea en el Reino Unido"},{"@type":"BreadcrumbList","@id":"https:\/\/www.freebetbest.com\/es\/sitios-de-apuestas\/#breadcrumb","itemListElement":[{"@type":"ListItem","position":1,"name":"Home","item":"https:\/\/www.freebetbest.com\/es\/"},{"@type":"ListItem","position":2,"name":"Bono de apuestas de casa de apuestas"}]},{"@type":"WebSite","@id":"https:\/\/www.freebetbest.com\/es\/#website","url":"https:\/\/www.freebetbest.com\/es\/","name":"Apuesta gratis | Casino en l\u00ednea | Apuestas de f\u00fatbol | Mejores Casas De Apuestas Deportivas Online","description":"Las mejores casas de apuestas en l\u00ednea, que ofrecen deportes, casino, p\u00f3ker, bingo y apuestas m\u00f3viles, casino en l\u00ednea, apuestas de f\u00fatbol, la mejor apuesta gratis, los portales de juego m\u00e1s importantes del mundo.","publisher":{"@id":"https:\/\/www.freebetbest.com\/es\/#\/schema\/person\/292684ccf388a2362d507874c5b80a69"},"potentialAction":[{"@type":"SearchAction","target":{"@type":"EntryPoint","urlTemplate":"https:\/\/www.freebetbest.com\/es\/?s={search_term_string}"},"query-input":{"@type":"PropertyValueSpecification","valueRequired":true,"valueName":"search_term_string"}}],"inLanguage":"es"},{"@type":["Person","Organization"],"@id":"https:\/\/www.freebetbest.com\/es\/#\/schema\/person\/292684ccf388a2362d507874c5b80a69","name":"\u7ba1\u7406","image":{"@type":"ImageObject","inLanguage":"es","@id":"https:\/\/www.freebetbest.com\/es\/#\/schema\/person\/image\/","url":"https:\/\/www.freebetbest.com\/wp-content\/litespeed\/avatar\/49696b52fb15293a2168c14964fdd8b9.jpg?ver=1776230299","contentUrl":"https:\/\/www.freebetbest.com\/wp-content\/litespeed\/avatar\/49696b52fb15293a2168c14964fdd8b9.jpg?ver=1776230299","caption":"\u7ba1\u7406"},"logo":{"@id":"https:\/\/www.freebetbest.com\/es\/#\/schema\/person\/image\/"},"sameAs":["admin"]}]}},"_links":{"self":[{"href":"https:\/\/www.freebetbest.com\/es\/wp-json\/wp\/v2\/pages\/4713","targetHints":{"allow":["GET"]}}],"collection":[{"href":"https:\/\/www.freebetbest.com\/es\/wp-json\/wp\/v2\/pages"}],"about":[{"href":"https:\/\/www.freebetbest.com\/es\/wp-json\/wp\/v2\/types\/page"}],"author":[{"embeddable":true,"href":"https:\/\/www.freebetbest.com\/es\/wp-json\/wp\/v2\/users\/1"}],"replies":[{"embeddable":true,"href":"https:\/\/www.freebetbest.com\/es\/wp-json\/wp\/v2\/comments?post=4713"}],"version-history":[{"count":0,"href":"https:\/\/www.freebetbest.com\/es\/wp-json\/wp\/v2\/pages\/4713\/revisions"}],"wp:featuredmedia":[{"embeddable":true,"href":"https:\/\/www.freebetbest.com\/es\/wp-json\/wp\/v2\/media\/4716"}],"wp:attachment":[{"href":"https:\/\/www.freebetbest.com\/es\/wp-json\/wp\/v2\/media?parent=4713"}],"curies":[{"name":"wp","href":"https:\/\/api.w.org\/{rel}","templated":true}]}}