{"id":4712,"date":"2019-07-18T06:44:12","date_gmt":"2019-07-18T06:44:12","guid":{"rendered":"https:\/\/www.freebetbest.com\/apuestas-en-linea-de-poker\/"},"modified":"2021-08-16T15:01:04","modified_gmt":"2021-08-16T15:01:04","slug":"%c3%9altimas-apuestas-de-p%c3%b3quer-en-l%c3%adnea","status":"publish","type":"page","link":"https:\/\/www.freebetbest.com\/es\/%c3%9altimas-apuestas-de-p%c3%b3quer-en-l%c3%adnea\/","title":{"rendered":"\u00daltimas apuestas de p\u00f3quer en l\u00ednea"},"content":{"rendered":"\n<div class=\"text-area__container\">\n<div class=\"text-area__content\">\n<h2>Apuestas de p\u00f3quer en l\u00ednea<\/h2>\nSi no estudia cu\u00e1n grandes son las apuestas, no puede comenzar desde cero. Entender completamente el p\u00f3quer<a href=\"https:\/\/www.freebetsinfo.co.uk\/asia-bookmakers\/\"> Apuestas en l\u00ednea<\/a> . Suponga que le gusta el p\u00f3quer. En la mesa-7 oponentes. Te quedas al frente de AK, decides promocionar.\n\nApuestas de p\u00f3quer en l\u00ednea Tiene una inquietud: \u00ab\u00bfCu\u00e1nto se ha enviado?\u00bb Jugadores sin experiencia. A menudo se crea un tama\u00f1o de apuesta incorrecto. O sigue cambi\u00e1ndolo. Este comportamiento puede terminar gravemente.\n\n\u00bfQu\u00e9 tan grande es la apuesta? Por lo tanto, el tama\u00f1o de las opciones. Depende de lo que establezcamos. La explicaci\u00f3n de la apuesta debe ser entendida, no casual. Cuando elige realizar una apuesta, lo m\u00e1s importante a lo que debe prestar atenci\u00f3n es. El tama\u00f1o de la instituci\u00f3n financiera.\n<h2>El tama\u00f1o de su apuesta depende del tama\u00f1o del prestamista<\/h2>\nPor supuesto, si el banco es de 10 d\u00f3lares, entonces la apuesta es igual a 1 d\u00f3lar. En este caso, no importa qu\u00e9 tan malos sean sus dedos, su retador reaccionar\u00e1 ante usted. O haga un pago inicial de $ 50 a la instituci\u00f3n bancaria, o $ 1, en resumen. Esto es extremadamente inapropiado.\n<h3>P\u00f3ker<a href=\"https:\/\/www.freebetbest.com\/es\/sitios-de-apuestas\/\"> Apuestas en l\u00ednea<\/a> Formulario de apuestas de p\u00f3quer en l\u00ednea Valor de las apuestas<\/h3>\nSupongamos que tenemos una mano muy fuerte y queremos obtenerla de su competidor. Consiga tantas fichas como sea posible. En breve. Usando combinaciones ganadoras, no queremos a nuestros oponentes.\n\nM\u00e1s desmoronamiento que nuestra tarjeta de cr\u00e9dito. Por tanto, las grandes inversiones no son rentables. A menudo no lo entendemos. Pero esta no es una elecci\u00f3n suficiente. En este art\u00edculo, necesitamos una \u00abforma modesta\u00bb. \u00bfDonde esta ella?\n<h3>Depende del oponente<\/h3>\nSi es un jugador combativo, por supuesto, apuesta en la carretera y as\u00ed sucesivamente. Consistencia de respuesta. Adem\u00e1s, tambi\u00e9n debes asumir a tu oponente. \u00bfQu\u00e9 tipo de tarjeta de felicitaci\u00f3n podr\u00eda tener y considere qu\u00e9 tarjeta de cr\u00e9dito responder\u00e1? Y la parte donde colapsar\u00e1.\n\nPero siempre debes recordar que si dejamos que nuestro oponente vea el siguiente camino por poco dinero, entonces su mano se har\u00e1 m\u00e1s fuerte. La dimensi\u00f3n de apuestas m\u00e1s com\u00fan es de 1\/2 a 2\/3 del tama\u00f1o del contenedor.\n<h3>Seguridad de apuestas de p\u00f3quer en l\u00ednea Suposici\u00f3n de MSS<\/h3>\nPor ejemplo, cuando apostamos 1\/3 en el bote, el oponente paga un contenedor de probabilidades rentables. La elecci\u00f3n de nuestra apuesta suele ser buena. En breve. Si cree que su retador tiene un empate, entonces debe empujarlo para que se derrumbe, de lo contrario, es realmente costoso y no retrasar\u00e1 su tir\u00f3n.\n\nApuestas de farol. Si no tienes cartas mixtas. Y si quieres fanfarronear, entonces necesitas entender tu mano espec\u00edfica. No hay privilegios de enfrentamiento, por lo que debe estar antes del sorteo. Obliga al oponente a retirarse. En breve. En este caso, el costo excesivo es muy elevado.\n\nPuede pasar por parte de la entidad financiera. Haga una apuesta para obligar al oponente a perder una gran apuesta, y viceversa, lo que significa que esperamos. Obt\u00e9n una poderosa palma del oponente. Por lo general, necesito saberlo. En breve. \u00bfQu\u00e9 retador est\u00e1 sentado frente a nosotros? D\u00edgale sus pasos de antemano. Y comprende tu estado sobre la mesa.\n<\/div>\n<\/div>\n","protected":false},"excerpt":{"rendered":"<p>\u00a1Definitivamente obtendr\u00e1s un giro diario totalmente gratis en este videojuego en particular! , actividades deportivas, apuestas &#8230; \u00a1participe en una variedad de premios haciendo girar nuestra ruleta de p\u00f3quer!<\/p>\n<div class=\"hero-cup-section\">\n<div class=\"row mb-4\">\n<div class=\"col-md-7\">\n<div class=\"section-area\">\n<div class=\"section-list\">\n<li style=\"text-align: left\"><img decoding=\"async\" src=\"https:\/\/www.freebetbest.com\/wp-content\/uploads\/2021\/06\/tick.png\" alt=\"Deportes\"> Bono de bienvenida de Sports Casino.<\/li>\n<li style=\"text-align: left\"><img decoding=\"async\" src=\"https:\/\/www.freebetbest.com\/wp-content\/uploads\/2021\/06\/tick.png\" alt=\"ofertas de juegos\"> Ofertas y promociones de casas de apuestas online.<\/li>\n<li style=\"text-align: left\"><img decoding=\"async\" src=\"https:\/\/www.freebetbest.com\/wp-content\/uploads\/2021\/06\/tick.png\" alt=\"ofertas de juegos\"> Las mejores casas de apuestas online en las que puede confiar.<\/li>\n<li style=\"text-align: left\"><img decoding=\"async\" src=\"https:\/\/www.freebetbest.com\/wp-content\/uploads\/2021\/06\/tick.png\" alt=\"Autoritario\"> Revisi\u00f3n autorizada Seguro confiable.<\/li>\n<li style=\"text-align: left\"><img decoding=\"async\" src=\"https:\/\/www.freebetbest.com\/wp-content\/uploads\/2021\/06\/tick.png\" alt=\"Retiros r\u00e1pidos\"> Soporte de aplicaciones m\u00f3viles, retiros r\u00e1pidos.<\/li>\n<li style=\"text-align: left\"><img decoding=\"async\" src=\"https:\/\/www.freebetbest.com\/wp-content\/uploads\/2021\/06\/tick.png\" alt=\"Atenci\u00f3n al cliente\"> Atenci\u00f3n al cliente: 365 d\u00edas, 24 horas al d\u00eda.<\/li>\n<\/div>\n<\/div>\n<\/div>\n<div class=\"col-md-5\">\n<div class=\"cup-img\"><img decoding=\"async\" src=\"https:\/\/www.freebetbest.com\/wp-content\/uploads\/2021\/06\/poker1.png\" alt=\"p\u00f3ker\"><\/div>\n<\/div>\n<\/div>\n","protected":false},"author":1,"featured_media":4714,"parent":0,"menu_order":0,"comment_status":"open","ping_status":"closed","template":"poker-template.php","meta":{"footnotes":""},"class_list":["post-4712","page","type-page","status-publish","has-post-thumbnail","hentry"],"yoast_head":"<!-- This site is optimized with the Yoast SEO Premium plugin v19.5 (Yoast SEO v27.0) - https:\/\/yoast.com\/product\/yoast-seo-premium-wordpress\/ -->\n<title>\u00daltimas apuestas de p\u00f3quer en l\u00ednea , apuesta gratis Sin bono de dep\u00f3sito.<\/title>\n<meta name=\"description\" content=\"\u00daltimas apuestas de p\u00f3quer en l\u00ednea , Mejores casas de apuestas Apuesta gratis Bono sin dep\u00f3sito, bienvenido C\u00f3digo de bono de primer dep\u00f3sito, C\u00f3digo de bono de registro.\" \/>\n<meta name=\"robots\" content=\"index, follow, max-snippet:-1, max-image-preview:large, max-video-preview:-1\" \/>\n<link rel=\"canonical\" href=\"https:\/\/www.freebetbest.com\/es\/%c3%9altimas-apuestas-de-p%c3%b3quer-en-l%c3%adnea\/\" \/>\n<meta property=\"og:locale\" content=\"es_ES\" \/>\n<meta property=\"og:type\" content=\"article\" \/>\n<meta property=\"og:title\" content=\"\u00daltimas apuestas de p\u00f3quer en l\u00ednea\" \/>\n<meta property=\"og:description\" content=\"\u00daltimas apuestas de p\u00f3quer en l\u00ednea , Mejores casas de apuestas Apuesta gratis Bono sin dep\u00f3sito, bienvenido C\u00f3digo de bono de primer dep\u00f3sito, C\u00f3digo de bono de registro.\" \/>\n<meta property=\"og:url\" content=\"https:\/\/www.freebetbest.com\/es\/%c3%9altimas-apuestas-de-p%c3%b3quer-en-l%c3%adnea\/\" \/>\n<meta property=\"og:site_name\" content=\"Apuesta gratis | Casino en l\u00ednea | Apuestas de f\u00fatbol | Mejores Casas De Apuestas Deportivas Online\" \/>\n<meta property=\"article:modified_time\" content=\"2021-08-16T15:01:04+00:00\" \/>\n<meta property=\"og:image\" content=\"https:\/\/www.freebetbest.com\/wp-content\/uploads\/2019\/07\/1_285_ys.jpg\" \/>\n\t<meta property=\"og:image:width\" content=\"310\" \/>\n\t<meta property=\"og:image:height\" content=\"171\" \/>\n\t<meta property=\"og:image:type\" content=\"image\/jpeg\" \/>\n<meta name=\"twitter:card\" content=\"summary_large_image\" \/>\n<meta name=\"twitter:label1\" content=\"Tiempo de lectura\" \/>\n\t<meta name=\"twitter:data1\" content=\"3 minutos\" \/>\n<script type=\"application\/ld+json\" class=\"yoast-schema-graph\">{\"@context\":\"https:\/\/schema.org\",\"@graph\":[{\"@type\":\"WebPage\",\"@id\":\"https:\/\/www.freebetbest.com\/es\/%c3%9altimas-apuestas-de-p%c3%b3quer-en-l%c3%adnea\/\",\"url\":\"https:\/\/www.freebetbest.com\/es\/%c3%9altimas-apuestas-de-p%c3%b3quer-en-l%c3%adnea\/\",\"name\":\"\u00daltimas apuestas de p\u00f3quer en l\u00ednea , apuesta gratis Sin bono de dep\u00f3sito.\",\"isPartOf\":{\"@id\":\"https:\/\/www.freebetbest.com\/es\/#website\"},\"primaryImageOfPage\":{\"@id\":\"https:\/\/www.freebetbest.com\/es\/%c3%9altimas-apuestas-de-p%c3%b3quer-en-l%c3%adnea\/#primaryimage\"},\"image\":{\"@id\":\"https:\/\/www.freebetbest.com\/es\/%c3%9altimas-apuestas-de-p%c3%b3quer-en-l%c3%adnea\/#primaryimage\"},\"thumbnailUrl\":\"https:\/\/www.freebetbest.com\/wp-content\/uploads\/2019\/07\/1_285_ys.jpg\",\"datePublished\":\"2019-07-18T06:44:12+00:00\",\"dateModified\":\"2021-08-16T15:01:04+00:00\",\"description\":\"\u00daltimas apuestas de p\u00f3quer en l\u00ednea , Mejores casas de apuestas Apuesta gratis Bono sin dep\u00f3sito, bienvenido C\u00f3digo de bono de primer dep\u00f3sito, C\u00f3digo de bono de registro.\",\"breadcrumb\":{\"@id\":\"https:\/\/www.freebetbest.com\/es\/%c3%9altimas-apuestas-de-p%c3%b3quer-en-l%c3%adnea\/#breadcrumb\"},\"inLanguage\":\"es\",\"potentialAction\":[{\"@type\":\"ReadAction\",\"target\":[\"https:\/\/www.freebetbest.com\/es\/%c3%9altimas-apuestas-de-p%c3%b3quer-en-l%c3%adnea\/\"]}]},{\"@type\":\"ImageObject\",\"inLanguage\":\"es\",\"@id\":\"https:\/\/www.freebetbest.com\/es\/%c3%9altimas-apuestas-de-p%c3%b3quer-en-l%c3%adnea\/#primaryimage\",\"url\":\"https:\/\/www.freebetbest.com\/wp-content\/uploads\/2019\/07\/1_285_ys.jpg\",\"contentUrl\":\"https:\/\/www.freebetbest.com\/wp-content\/uploads\/2019\/07\/1_285_ys.jpg\",\"width\":310,\"height\":171,\"caption\":\"Apuestas en l\u00ednea de poker\"},{\"@type\":\"BreadcrumbList\",\"@id\":\"https:\/\/www.freebetbest.com\/es\/%c3%9altimas-apuestas-de-p%c3%b3quer-en-l%c3%adnea\/#breadcrumb\",\"itemListElement\":[{\"@type\":\"ListItem\",\"position\":1,\"name\":\"Home\",\"item\":\"https:\/\/www.freebetbest.com\/es\/\"},{\"@type\":\"ListItem\",\"position\":2,\"name\":\"\u00daltimas apuestas de p\u00f3quer en l\u00ednea\"}]},{\"@type\":\"WebSite\",\"@id\":\"https:\/\/www.freebetbest.com\/es\/#website\",\"url\":\"https:\/\/www.freebetbest.com\/es\/\",\"name\":\"Apuesta gratis | Casino en l\u00ednea | Apuestas de f\u00fatbol | Mejores Casas De Apuestas Deportivas Online\",\"description\":\"Las mejores casas de apuestas en l\u00ednea, que ofrecen deportes, casino, p\u00f3ker, bingo y apuestas m\u00f3viles, casino en l\u00ednea, apuestas de f\u00fatbol, la mejor apuesta gratis, los portales de juego m\u00e1s importantes del mundo.\",\"publisher\":{\"@id\":\"https:\/\/www.freebetbest.com\/es\/#\/schema\/person\/292684ccf388a2362d507874c5b80a69\"},\"potentialAction\":[{\"@type\":\"SearchAction\",\"target\":{\"@type\":\"EntryPoint\",\"urlTemplate\":\"https:\/\/www.freebetbest.com\/es\/?s={search_term_string}\"},\"query-input\":{\"@type\":\"PropertyValueSpecification\",\"valueRequired\":true,\"valueName\":\"search_term_string\"}}],\"inLanguage\":\"es\"},{\"@type\":[\"Person\",\"Organization\"],\"@id\":\"https:\/\/www.freebetbest.com\/es\/#\/schema\/person\/292684ccf388a2362d507874c5b80a69\",\"name\":\"\u7ba1\u7406\",\"image\":{\"@type\":\"ImageObject\",\"inLanguage\":\"es\",\"@id\":\"https:\/\/www.freebetbest.com\/es\/#\/schema\/person\/image\/\",\"url\":\"https:\/\/www.freebetbest.com\/wp-content\/litespeed\/avatar\/49696b52fb15293a2168c14964fdd8b9.jpg?ver=1777439934\",\"contentUrl\":\"https:\/\/www.freebetbest.com\/wp-content\/litespeed\/avatar\/49696b52fb15293a2168c14964fdd8b9.jpg?ver=1777439934\",\"caption\":\"\u7ba1\u7406\"},\"logo\":{\"@id\":\"https:\/\/www.freebetbest.com\/es\/#\/schema\/person\/image\/\"},\"sameAs\":[\"admin\"]}]}<\/script>\n<!-- \/ Yoast SEO Premium plugin. -->","yoast_head_json":{"title":"\u00daltimas apuestas de p\u00f3quer en l\u00ednea , apuesta gratis Sin bono de dep\u00f3sito.","description":"\u00daltimas apuestas de p\u00f3quer en l\u00ednea , Mejores casas de apuestas Apuesta gratis Bono sin dep\u00f3sito, bienvenido C\u00f3digo de bono de primer dep\u00f3sito, C\u00f3digo de bono de registro.","robots":{"index":"index","follow":"follow","max-snippet":"max-snippet:-1","max-image-preview":"max-image-preview:large","max-video-preview":"max-video-preview:-1"},"canonical":"https:\/\/www.freebetbest.com\/es\/%c3%9altimas-apuestas-de-p%c3%b3quer-en-l%c3%adnea\/","og_locale":"es_ES","og_type":"article","og_title":"\u00daltimas apuestas de p\u00f3quer en l\u00ednea","og_description":"\u00daltimas apuestas de p\u00f3quer en l\u00ednea , Mejores casas de apuestas Apuesta gratis Bono sin dep\u00f3sito, bienvenido C\u00f3digo de bono de primer dep\u00f3sito, C\u00f3digo de bono de registro.","og_url":"https:\/\/www.freebetbest.com\/es\/%c3%9altimas-apuestas-de-p%c3%b3quer-en-l%c3%adnea\/","og_site_name":"Apuesta gratis | Casino en l\u00ednea | Apuestas de f\u00fatbol | Mejores Casas De Apuestas Deportivas Online","article_modified_time":"2021-08-16T15:01:04+00:00","og_image":[{"width":310,"height":171,"url":"https:\/\/www.freebetbest.com\/wp-content\/uploads\/2019\/07\/1_285_ys.jpg","type":"image\/jpeg"}],"twitter_card":"summary_large_image","twitter_misc":{"Tiempo de lectura":"3 minutos"},"schema":{"@context":"https:\/\/schema.org","@graph":[{"@type":"WebPage","@id":"https:\/\/www.freebetbest.com\/es\/%c3%9altimas-apuestas-de-p%c3%b3quer-en-l%c3%adnea\/","url":"https:\/\/www.freebetbest.com\/es\/%c3%9altimas-apuestas-de-p%c3%b3quer-en-l%c3%adnea\/","name":"\u00daltimas apuestas de p\u00f3quer en l\u00ednea , apuesta gratis Sin bono de dep\u00f3sito.","isPartOf":{"@id":"https:\/\/www.freebetbest.com\/es\/#website"},"primaryImageOfPage":{"@id":"https:\/\/www.freebetbest.com\/es\/%c3%9altimas-apuestas-de-p%c3%b3quer-en-l%c3%adnea\/#primaryimage"},"image":{"@id":"https:\/\/www.freebetbest.com\/es\/%c3%9altimas-apuestas-de-p%c3%b3quer-en-l%c3%adnea\/#primaryimage"},"thumbnailUrl":"https:\/\/www.freebetbest.com\/wp-content\/uploads\/2019\/07\/1_285_ys.jpg","datePublished":"2019-07-18T06:44:12+00:00","dateModified":"2021-08-16T15:01:04+00:00","description":"\u00daltimas apuestas de p\u00f3quer en l\u00ednea , Mejores casas de apuestas Apuesta gratis Bono sin dep\u00f3sito, bienvenido C\u00f3digo de bono de primer dep\u00f3sito, C\u00f3digo de bono de registro.","breadcrumb":{"@id":"https:\/\/www.freebetbest.com\/es\/%c3%9altimas-apuestas-de-p%c3%b3quer-en-l%c3%adnea\/#breadcrumb"},"inLanguage":"es","potentialAction":[{"@type":"ReadAction","target":["https:\/\/www.freebetbest.com\/es\/%c3%9altimas-apuestas-de-p%c3%b3quer-en-l%c3%adnea\/"]}]},{"@type":"ImageObject","inLanguage":"es","@id":"https:\/\/www.freebetbest.com\/es\/%c3%9altimas-apuestas-de-p%c3%b3quer-en-l%c3%adnea\/#primaryimage","url":"https:\/\/www.freebetbest.com\/wp-content\/uploads\/2019\/07\/1_285_ys.jpg","contentUrl":"https:\/\/www.freebetbest.com\/wp-content\/uploads\/2019\/07\/1_285_ys.jpg","width":310,"height":171,"caption":"Apuestas en l\u00ednea de poker"},{"@type":"BreadcrumbList","@id":"https:\/\/www.freebetbest.com\/es\/%c3%9altimas-apuestas-de-p%c3%b3quer-en-l%c3%adnea\/#breadcrumb","itemListElement":[{"@type":"ListItem","position":1,"name":"Home","item":"https:\/\/www.freebetbest.com\/es\/"},{"@type":"ListItem","position":2,"name":"\u00daltimas apuestas de p\u00f3quer en l\u00ednea"}]},{"@type":"WebSite","@id":"https:\/\/www.freebetbest.com\/es\/#website","url":"https:\/\/www.freebetbest.com\/es\/","name":"Apuesta gratis | Casino en l\u00ednea | Apuestas de f\u00fatbol | Mejores Casas De Apuestas Deportivas Online","description":"Las mejores casas de apuestas en l\u00ednea, que ofrecen deportes, casino, p\u00f3ker, bingo y apuestas m\u00f3viles, casino en l\u00ednea, apuestas de f\u00fatbol, la mejor apuesta gratis, los portales de juego m\u00e1s importantes del mundo.","publisher":{"@id":"https:\/\/www.freebetbest.com\/es\/#\/schema\/person\/292684ccf388a2362d507874c5b80a69"},"potentialAction":[{"@type":"SearchAction","target":{"@type":"EntryPoint","urlTemplate":"https:\/\/www.freebetbest.com\/es\/?s={search_term_string}"},"query-input":{"@type":"PropertyValueSpecification","valueRequired":true,"valueName":"search_term_string"}}],"inLanguage":"es"},{"@type":["Person","Organization"],"@id":"https:\/\/www.freebetbest.com\/es\/#\/schema\/person\/292684ccf388a2362d507874c5b80a69","name":"\u7ba1\u7406","image":{"@type":"ImageObject","inLanguage":"es","@id":"https:\/\/www.freebetbest.com\/es\/#\/schema\/person\/image\/","url":"https:\/\/www.freebetbest.com\/wp-content\/litespeed\/avatar\/49696b52fb15293a2168c14964fdd8b9.jpg?ver=1777439934","contentUrl":"https:\/\/www.freebetbest.com\/wp-content\/litespeed\/avatar\/49696b52fb15293a2168c14964fdd8b9.jpg?ver=1777439934","caption":"\u7ba1\u7406"},"logo":{"@id":"https:\/\/www.freebetbest.com\/es\/#\/schema\/person\/image\/"},"sameAs":["admin"]}]}},"_links":{"self":[{"href":"https:\/\/www.freebetbest.com\/es\/wp-json\/wp\/v2\/pages\/4712","targetHints":{"allow":["GET"]}}],"collection":[{"href":"https:\/\/www.freebetbest.com\/es\/wp-json\/wp\/v2\/pages"}],"about":[{"href":"https:\/\/www.freebetbest.com\/es\/wp-json\/wp\/v2\/types\/page"}],"author":[{"embeddable":true,"href":"https:\/\/www.freebetbest.com\/es\/wp-json\/wp\/v2\/users\/1"}],"replies":[{"embeddable":true,"href":"https:\/\/www.freebetbest.com\/es\/wp-json\/wp\/v2\/comments?post=4712"}],"version-history":[{"count":0,"href":"https:\/\/www.freebetbest.com\/es\/wp-json\/wp\/v2\/pages\/4712\/revisions"}],"wp:featuredmedia":[{"embeddable":true,"href":"https:\/\/www.freebetbest.com\/es\/wp-json\/wp\/v2\/media\/4714"}],"wp:attachment":[{"href":"https:\/\/www.freebetbest.com\/es\/wp-json\/wp\/v2\/media?parent=4712"}],"curies":[{"name":"wp","href":"https:\/\/api.w.org\/{rel}","templated":true}]}}