{"id":4709,"date":"2019-07-18T06:20:16","date_gmt":"2019-07-18T06:20:16","guid":{"rendered":"https:\/\/www.freebetbest.com\/apuestas-en-linea-de-bingo-en-vivo\/"},"modified":"2021-08-16T14:58:57","modified_gmt":"2021-08-16T14:58:57","slug":"apuestas-de-bingo-en-vivo-en-linea","status":"publish","type":"page","link":"https:\/\/www.freebetbest.com\/es\/apuestas-de-bingo-en-vivo-en-linea\/","title":{"rendered":"Apuestas de bingo en vivo en l\u00ednea"},"content":{"rendered":"\n<h2>Bono de apuestas de bingo m\u00e1s reciente Apuestas de bingo en vivo en l\u00ednea<\/h2>\n<p>La principal raz\u00f3n de su popularidad. Solo en el a\u00f1o calendario 2000, en un juego de bingo en vivo. En realidad, las apuestas online. Es un negocio relativamente m\u00ednimo. Pero en los seis a\u00f1os transcurridos desde entonces, su reputaci\u00f3n se ha disparado. \u00daltimo bingo<a href=\"https:\/\/www.freebetsinfo.co.uk\/free-bets\/\"> Bono de apuesta<\/a> tambi\u00e9n se ha convertido en una herramienta de promoci\u00f3n<\/p>\n<p>La creciente comprensi\u00f3n mundial de Internet. Es una aclaraci\u00f3n de la difusi\u00f3n en l\u00ednea de su juego. Pero hay varias razones espec\u00edficas por las que hay tanta gente cada a\u00f1o. Qu\u00e9dese en la sala de bingo, en su propia y c\u00f3moda residencia. juega videojuego.<\/p>\n<p>La mayor\u00eda de los sitios de Internet lo hacen por usted. Se proporcionan muchas salas de conversaci\u00f3n. Las opciones se dividen en temas espec\u00edficos, desde las condiciones del videojuego de bingo hasta la actualidad. Si lo desea, puede ingresar al \u00e1rea de conversaci\u00f3n de cierta edad. La amistad se puede formar con personas que nunca podr\u00e1 lograr.<\/p>\n<h3>Los jugadores de todo el mundo disfrutan de los juegos de bingo al mismo tiempo.<\/h3>\n<p>Puedes hacer amigos de Jap\u00f3n, Hungr\u00eda o Eritrea. Me refiero a la \u00faltima \u00e1rea, porque estoy en la sala de bingo de Internet. Conoc\u00ed a un amigo de all\u00ed. Nunca lo supe antes. Existe tal naci\u00f3n. Las personas que conoces que juegan a juegos de bingo en l\u00ednea. Estar\u00e1s en la sala de bingo en vivo. El tipo de gente que conoc\u00ed. Suelen ser amables y conversadores, y aman los juegos de bingo pausados.<\/p>\n<h3>Apuestas online de bingo en vivo<\/h3>\n<p>El foro de discusi\u00f3n es organizado por el personal del sitio web del juego de bingo en l\u00ednea. Esto asegura que el jugador de bingo permanezca en la colecci\u00f3n.<\/p>\n<p>Dormitorio de bingo en Internet. Abierto las 24 horas del d\u00eda. De acuerdo con los requisitos de su juego, puede actuar en cualquier cuarto de hora o toda la noche. Si contratar a una ni\u00f1era es demasiado complicado, posponlo para los ni\u00f1os. Vete a la cama y busca en l\u00ednea. Si hace mal tiempo, qu\u00e9dese en casa y act\u00fae en la computadora.<\/p>\n<p>Y, por supuesto, si quiere jugar al bingo pero no quiere tener problemas con vecinos parlanchines, puede jugar solo. Los encuentros en red permiten a todos. Ambos pueden controlar sus preferencias de juego. Acabas de dominar la escena.<\/p>\n<h3>Bonificaci\u00f3n adicional por registro<\/h3>\n<p>El sitio web de Bingo utiliza transacciones de bonificaci\u00f3n indicativas. Como beneficio adicional por registrar su sitio web. Estos bonos suelen ser. Solo se puede obtener cuando se realiza el primer anticipo. Sin embargo, algunos sitios web lo proporcionan. Tu primera acumulaci\u00f3n. Se distribuyen muchos bonos de registro.<\/p>\n<p>Por lo general, requieren un contrato para colocar un cierto porcentaje de su dep\u00f3sito. Coincide con la cantidad dada. En conclusi\u00f3n, puede encontrar indicadores. Un ejemplo de aumento de ingresos es hasta $ 400 en ingresos totalmente complementados.<\/p>\n<h3>Recompensas de registro ya ofrecidas<\/h3>\n<p>Es posible que desee ver. T\u00e9rminos y condiciones del sitio web. Algunas bonificaciones adicionales. Con la alta demanda de apuestas, esto hace que las ganancias sean menos agradables. Tambi\u00e9n vale la pena se\u00f1alar que debe alcanzarlo primero. Estos requisitos espec\u00edficos de apuestas son necesarios antes de que pueda retirar una parte de sus ingresos.<\/p>\n<h3>Bono de bingo sin dep\u00f3sito<\/h3>\n<p>Bono de bingo sin dep\u00f3sito. Parece que inicialmente no ten\u00edas un dep\u00f3sito. Lo mismo que obtener recompensas. Los sitios web suelen proporcionarlos para garantizar que los jugadores tengan una oportunidad. Considere su<a href=\"https:\/\/www.freebetbest.com\/es\/sitios-de-apuestas\/\"> juegos en l\u00ednea<\/a> sin tener que transferir parte de sus propios fondos. Ponlo en riesgo. Adem\u00e1s, intentan motivar a las personas. En conclusi\u00f3n, abra una cuenta en su sitio web.<\/p>\n<p>&nbsp;<\/p>\n","protected":false},"excerpt":{"rendered":"<p>Construido por fan\u00e1ticos del bingo para entusiastas del bingo, este modelo en l\u00ednea le permite llevar a cabo en &#8230; Este juego no se observa en el programa de tel\u00e9fono m\u00f3vil. Haga clic en este enlace para descubrir todos los juegos en l\u00ednea.<\/p>\n<div class=\"hero-cup-section\">\n<div class=\"row mb-4\">\n<div class=\"col-md-7\">\n<div class=\"section-area\">\n<div class=\"section-list\">\n<li style=\"text-align: left\"><img decoding=\"async\" src=\"https:\/\/www.freebetbest.com\/wp-content\/uploads\/2021\/06\/tick.png\" alt=\"Deportes\"> Bono de bienvenida de Sports Casino.<\/li>\n<li style=\"text-align: left\"><img decoding=\"async\" src=\"https:\/\/www.freebetbest.com\/wp-content\/uploads\/2021\/06\/tick.png\" alt=\"ofertas de juegos\"> Ofertas y promociones de casas de apuestas online.<\/li>\n<li style=\"text-align: left\"><img decoding=\"async\" src=\"https:\/\/www.freebetbest.com\/wp-content\/uploads\/2021\/06\/tick.png\" alt=\"ofertas de juegos\"> Las mejores casas de apuestas online en las que puede confiar.<\/li>\n<li style=\"text-align: left\"><img decoding=\"async\" src=\"https:\/\/www.freebetbest.com\/wp-content\/uploads\/2021\/06\/tick.png\" alt=\"Autoritario\"> Revisi\u00f3n autorizada Seguro confiable.<\/li>\n<li style=\"text-align: left\"><img decoding=\"async\" src=\"https:\/\/www.freebetbest.com\/wp-content\/uploads\/2021\/06\/tick.png\" alt=\"Retiros r\u00e1pidos\"> Soporte de aplicaciones m\u00f3viles, retiros r\u00e1pidos.<\/li>\n<li style=\"text-align: left\"><img decoding=\"async\" src=\"https:\/\/www.freebetbest.com\/wp-content\/uploads\/2021\/06\/tick.png\" alt=\"Atenci\u00f3n al cliente\"> Atenci\u00f3n al cliente: 365 d\u00edas, 24 horas al d\u00eda.<\/li>\n<\/div>\n<\/div>\n<\/div>\n<div class=\"col-md-5\">\n<div class=\"cup-img\"><img decoding=\"async\" src=\"https:\/\/www.freebetbest.com\/wp-content\/uploads\/2021\/06\/bingo.png\" alt=\"bingo\"><\/div>\n<\/div>\n<\/div>\n","protected":false},"author":1,"featured_media":4711,"parent":0,"menu_order":0,"comment_status":"closed","ping_status":"closed","template":"bingo-template.php","meta":{"footnotes":""},"class_list":["post-4709","page","type-page","status-publish","has-post-thumbnail","hentry"],"yoast_head":"<!-- This site is optimized with the Yoast SEO Premium plugin v19.5 (Yoast SEO v27.0) - https:\/\/yoast.com\/product\/yoast-seo-premium-wordpress\/ -->\n<title>Apuestas de bingo en vivo en l\u00ednea , apuesta gratis sin bono de dep\u00f3sito<\/title>\n<meta name=\"description\" content=\"Apuestas de bingo en vivo en l\u00ednea Mejores casas de apuestas, apuesta gratis Bono sin dep\u00f3sito, bienvenido C\u00f3digo de bono de primer dep\u00f3sito, Bono de registro, Bono de registro.\" \/>\n<meta name=\"robots\" content=\"index, follow, max-snippet:-1, max-image-preview:large, max-video-preview:-1\" \/>\n<link rel=\"canonical\" href=\"https:\/\/www.freebetbest.com\/es\/apuestas-de-bingo-en-vivo-en-linea\/\" \/>\n<meta property=\"og:locale\" content=\"es_ES\" \/>\n<meta property=\"og:type\" content=\"article\" \/>\n<meta property=\"og:title\" content=\"Apuestas de bingo en vivo en l\u00ednea\" \/>\n<meta property=\"og:description\" content=\"Apuestas de bingo en vivo en l\u00ednea Mejores casas de apuestas, apuesta gratis Bono sin dep\u00f3sito, bienvenido C\u00f3digo de bono de primer dep\u00f3sito, Bono de registro, Bono de registro.\" \/>\n<meta property=\"og:url\" content=\"https:\/\/www.freebetbest.com\/es\/apuestas-de-bingo-en-vivo-en-linea\/\" \/>\n<meta property=\"og:site_name\" content=\"Apuesta gratis | Casino en l\u00ednea | Apuestas de f\u00fatbol | Mejores Casas De Apuestas Deportivas Online\" \/>\n<meta property=\"article:modified_time\" content=\"2021-08-16T14:58:57+00:00\" \/>\n<meta property=\"og:image\" content=\"https:\/\/www.freebetbest.com\/wp-content\/uploads\/2019\/07\/biggo_ys.jpg\" \/>\n\t<meta property=\"og:image:width\" content=\"514\" \/>\n\t<meta property=\"og:image:height\" content=\"303\" \/>\n\t<meta property=\"og:image:type\" content=\"image\/jpeg\" \/>\n<meta name=\"twitter:card\" content=\"summary_large_image\" \/>\n<meta name=\"twitter:label1\" content=\"Tiempo de lectura\" \/>\n\t<meta name=\"twitter:data1\" content=\"3 minutos\" \/>\n<script type=\"application\/ld+json\" class=\"yoast-schema-graph\">{\"@context\":\"https:\/\/schema.org\",\"@graph\":[{\"@type\":\"WebPage\",\"@id\":\"https:\/\/www.freebetbest.com\/es\/apuestas-de-bingo-en-vivo-en-linea\/\",\"url\":\"https:\/\/www.freebetbest.com\/es\/apuestas-de-bingo-en-vivo-en-linea\/\",\"name\":\"Apuestas de bingo en vivo en l\u00ednea , apuesta gratis sin bono de dep\u00f3sito\",\"isPartOf\":{\"@id\":\"https:\/\/www.freebetbest.com\/es\/#website\"},\"primaryImageOfPage\":{\"@id\":\"https:\/\/www.freebetbest.com\/es\/apuestas-de-bingo-en-vivo-en-linea\/#primaryimage\"},\"image\":{\"@id\":\"https:\/\/www.freebetbest.com\/es\/apuestas-de-bingo-en-vivo-en-linea\/#primaryimage\"},\"thumbnailUrl\":\"https:\/\/www.freebetbest.com\/wp-content\/uploads\/2019\/07\/biggo_ys.jpg\",\"datePublished\":\"2019-07-18T06:20:16+00:00\",\"dateModified\":\"2021-08-16T14:58:57+00:00\",\"description\":\"Apuestas de bingo en vivo en l\u00ednea Mejores casas de apuestas, apuesta gratis Bono sin dep\u00f3sito, bienvenido C\u00f3digo de bono de primer dep\u00f3sito, Bono de registro, Bono de registro.\",\"breadcrumb\":{\"@id\":\"https:\/\/www.freebetbest.com\/es\/apuestas-de-bingo-en-vivo-en-linea\/#breadcrumb\"},\"inLanguage\":\"es\",\"potentialAction\":[{\"@type\":\"ReadAction\",\"target\":[\"https:\/\/www.freebetbest.com\/es\/apuestas-de-bingo-en-vivo-en-linea\/\"]}]},{\"@type\":\"ImageObject\",\"inLanguage\":\"es\",\"@id\":\"https:\/\/www.freebetbest.com\/es\/apuestas-de-bingo-en-vivo-en-linea\/#primaryimage\",\"url\":\"https:\/\/www.freebetbest.com\/wp-content\/uploads\/2019\/07\/biggo_ys.jpg\",\"contentUrl\":\"https:\/\/www.freebetbest.com\/wp-content\/uploads\/2019\/07\/biggo_ys.jpg\",\"width\":514,\"height\":303,\"caption\":\"Apuestas en l\u00ednea de bingo en vivo\"},{\"@type\":\"BreadcrumbList\",\"@id\":\"https:\/\/www.freebetbest.com\/es\/apuestas-de-bingo-en-vivo-en-linea\/#breadcrumb\",\"itemListElement\":[{\"@type\":\"ListItem\",\"position\":1,\"name\":\"Home\",\"item\":\"https:\/\/www.freebetbest.com\/es\/\"},{\"@type\":\"ListItem\",\"position\":2,\"name\":\"Apuestas de bingo en vivo en l\u00ednea\"}]},{\"@type\":\"WebSite\",\"@id\":\"https:\/\/www.freebetbest.com\/es\/#website\",\"url\":\"https:\/\/www.freebetbest.com\/es\/\",\"name\":\"Apuesta gratis | Casino en l\u00ednea | Apuestas de f\u00fatbol | Mejores Casas De Apuestas Deportivas Online\",\"description\":\"Las mejores casas de apuestas en l\u00ednea, que ofrecen deportes, casino, p\u00f3ker, bingo y apuestas m\u00f3viles, casino en l\u00ednea, apuestas de f\u00fatbol, la mejor apuesta gratis, los portales de juego m\u00e1s importantes del mundo.\",\"publisher\":{\"@id\":\"https:\/\/www.freebetbest.com\/es\/#\/schema\/person\/292684ccf388a2362d507874c5b80a69\"},\"potentialAction\":[{\"@type\":\"SearchAction\",\"target\":{\"@type\":\"EntryPoint\",\"urlTemplate\":\"https:\/\/www.freebetbest.com\/es\/?s={search_term_string}\"},\"query-input\":{\"@type\":\"PropertyValueSpecification\",\"valueRequired\":true,\"valueName\":\"search_term_string\"}}],\"inLanguage\":\"es\"},{\"@type\":[\"Person\",\"Organization\"],\"@id\":\"https:\/\/www.freebetbest.com\/es\/#\/schema\/person\/292684ccf388a2362d507874c5b80a69\",\"name\":\"\u7ba1\u7406\",\"image\":{\"@type\":\"ImageObject\",\"inLanguage\":\"es\",\"@id\":\"https:\/\/www.freebetbest.com\/es\/#\/schema\/person\/image\/\",\"url\":\"https:\/\/www.freebetbest.com\/wp-content\/litespeed\/avatar\/49696b52fb15293a2168c14964fdd8b9.jpg?ver=1775625495\",\"contentUrl\":\"https:\/\/www.freebetbest.com\/wp-content\/litespeed\/avatar\/49696b52fb15293a2168c14964fdd8b9.jpg?ver=1775625495\",\"caption\":\"\u7ba1\u7406\"},\"logo\":{\"@id\":\"https:\/\/www.freebetbest.com\/es\/#\/schema\/person\/image\/\"},\"sameAs\":[\"admin\"]}]}<\/script>\n<!-- \/ Yoast SEO Premium plugin. -->","yoast_head_json":{"title":"Apuestas de bingo en vivo en l\u00ednea , apuesta gratis sin bono de dep\u00f3sito","description":"Apuestas de bingo en vivo en l\u00ednea Mejores casas de apuestas, apuesta gratis Bono sin dep\u00f3sito, bienvenido C\u00f3digo de bono de primer dep\u00f3sito, Bono de registro, Bono de registro.","robots":{"index":"index","follow":"follow","max-snippet":"max-snippet:-1","max-image-preview":"max-image-preview:large","max-video-preview":"max-video-preview:-1"},"canonical":"https:\/\/www.freebetbest.com\/es\/apuestas-de-bingo-en-vivo-en-linea\/","og_locale":"es_ES","og_type":"article","og_title":"Apuestas de bingo en vivo en l\u00ednea","og_description":"Apuestas de bingo en vivo en l\u00ednea Mejores casas de apuestas, apuesta gratis Bono sin dep\u00f3sito, bienvenido C\u00f3digo de bono de primer dep\u00f3sito, Bono de registro, Bono de registro.","og_url":"https:\/\/www.freebetbest.com\/es\/apuestas-de-bingo-en-vivo-en-linea\/","og_site_name":"Apuesta gratis | Casino en l\u00ednea | Apuestas de f\u00fatbol | Mejores Casas De Apuestas Deportivas Online","article_modified_time":"2021-08-16T14:58:57+00:00","og_image":[{"width":514,"height":303,"url":"https:\/\/www.freebetbest.com\/wp-content\/uploads\/2019\/07\/biggo_ys.jpg","type":"image\/jpeg"}],"twitter_card":"summary_large_image","twitter_misc":{"Tiempo de lectura":"3 minutos"},"schema":{"@context":"https:\/\/schema.org","@graph":[{"@type":"WebPage","@id":"https:\/\/www.freebetbest.com\/es\/apuestas-de-bingo-en-vivo-en-linea\/","url":"https:\/\/www.freebetbest.com\/es\/apuestas-de-bingo-en-vivo-en-linea\/","name":"Apuestas de bingo en vivo en l\u00ednea , apuesta gratis sin bono de dep\u00f3sito","isPartOf":{"@id":"https:\/\/www.freebetbest.com\/es\/#website"},"primaryImageOfPage":{"@id":"https:\/\/www.freebetbest.com\/es\/apuestas-de-bingo-en-vivo-en-linea\/#primaryimage"},"image":{"@id":"https:\/\/www.freebetbest.com\/es\/apuestas-de-bingo-en-vivo-en-linea\/#primaryimage"},"thumbnailUrl":"https:\/\/www.freebetbest.com\/wp-content\/uploads\/2019\/07\/biggo_ys.jpg","datePublished":"2019-07-18T06:20:16+00:00","dateModified":"2021-08-16T14:58:57+00:00","description":"Apuestas de bingo en vivo en l\u00ednea Mejores casas de apuestas, apuesta gratis Bono sin dep\u00f3sito, bienvenido C\u00f3digo de bono de primer dep\u00f3sito, Bono de registro, Bono de registro.","breadcrumb":{"@id":"https:\/\/www.freebetbest.com\/es\/apuestas-de-bingo-en-vivo-en-linea\/#breadcrumb"},"inLanguage":"es","potentialAction":[{"@type":"ReadAction","target":["https:\/\/www.freebetbest.com\/es\/apuestas-de-bingo-en-vivo-en-linea\/"]}]},{"@type":"ImageObject","inLanguage":"es","@id":"https:\/\/www.freebetbest.com\/es\/apuestas-de-bingo-en-vivo-en-linea\/#primaryimage","url":"https:\/\/www.freebetbest.com\/wp-content\/uploads\/2019\/07\/biggo_ys.jpg","contentUrl":"https:\/\/www.freebetbest.com\/wp-content\/uploads\/2019\/07\/biggo_ys.jpg","width":514,"height":303,"caption":"Apuestas en l\u00ednea de bingo en vivo"},{"@type":"BreadcrumbList","@id":"https:\/\/www.freebetbest.com\/es\/apuestas-de-bingo-en-vivo-en-linea\/#breadcrumb","itemListElement":[{"@type":"ListItem","position":1,"name":"Home","item":"https:\/\/www.freebetbest.com\/es\/"},{"@type":"ListItem","position":2,"name":"Apuestas de bingo en vivo en l\u00ednea"}]},{"@type":"WebSite","@id":"https:\/\/www.freebetbest.com\/es\/#website","url":"https:\/\/www.freebetbest.com\/es\/","name":"Apuesta gratis | Casino en l\u00ednea | Apuestas de f\u00fatbol | Mejores Casas De Apuestas Deportivas Online","description":"Las mejores casas de apuestas en l\u00ednea, que ofrecen deportes, casino, p\u00f3ker, bingo y apuestas m\u00f3viles, casino en l\u00ednea, apuestas de f\u00fatbol, la mejor apuesta gratis, los portales de juego m\u00e1s importantes del mundo.","publisher":{"@id":"https:\/\/www.freebetbest.com\/es\/#\/schema\/person\/292684ccf388a2362d507874c5b80a69"},"potentialAction":[{"@type":"SearchAction","target":{"@type":"EntryPoint","urlTemplate":"https:\/\/www.freebetbest.com\/es\/?s={search_term_string}"},"query-input":{"@type":"PropertyValueSpecification","valueRequired":true,"valueName":"search_term_string"}}],"inLanguage":"es"},{"@type":["Person","Organization"],"@id":"https:\/\/www.freebetbest.com\/es\/#\/schema\/person\/292684ccf388a2362d507874c5b80a69","name":"\u7ba1\u7406","image":{"@type":"ImageObject","inLanguage":"es","@id":"https:\/\/www.freebetbest.com\/es\/#\/schema\/person\/image\/","url":"https:\/\/www.freebetbest.com\/wp-content\/litespeed\/avatar\/49696b52fb15293a2168c14964fdd8b9.jpg?ver=1775625495","contentUrl":"https:\/\/www.freebetbest.com\/wp-content\/litespeed\/avatar\/49696b52fb15293a2168c14964fdd8b9.jpg?ver=1775625495","caption":"\u7ba1\u7406"},"logo":{"@id":"https:\/\/www.freebetbest.com\/es\/#\/schema\/person\/image\/"},"sameAs":["admin"]}]}},"_links":{"self":[{"href":"https:\/\/www.freebetbest.com\/es\/wp-json\/wp\/v2\/pages\/4709","targetHints":{"allow":["GET"]}}],"collection":[{"href":"https:\/\/www.freebetbest.com\/es\/wp-json\/wp\/v2\/pages"}],"about":[{"href":"https:\/\/www.freebetbest.com\/es\/wp-json\/wp\/v2\/types\/page"}],"author":[{"embeddable":true,"href":"https:\/\/www.freebetbest.com\/es\/wp-json\/wp\/v2\/users\/1"}],"replies":[{"embeddable":true,"href":"https:\/\/www.freebetbest.com\/es\/wp-json\/wp\/v2\/comments?post=4709"}],"version-history":[{"count":0,"href":"https:\/\/www.freebetbest.com\/es\/wp-json\/wp\/v2\/pages\/4709\/revisions"}],"wp:featuredmedia":[{"embeddable":true,"href":"https:\/\/www.freebetbest.com\/es\/wp-json\/wp\/v2\/media\/4711"}],"wp:attachment":[{"href":"https:\/\/www.freebetbest.com\/es\/wp-json\/wp\/v2\/media?parent=4709"}],"curies":[{"name":"wp","href":"https:\/\/api.w.org\/{rel}","templated":true}]}}