{"id":4705,"date":"2019-07-15T09:02:03","date_gmt":"2019-07-15T09:02:03","guid":{"rendered":"https:\/\/www.freebetbest.com\/apuestas-online-de-motogp\/"},"modified":"2021-08-16T07:35:53","modified_gmt":"2021-08-16T07:35:53","slug":"ultimas-carreras-de-apuestas-en-linea","status":"publish","type":"page","link":"https:\/\/www.freebetbest.com\/es\/ultimas-carreras-de-apuestas-en-linea\/","title":{"rendered":"\u00daltimas apuestas en l\u00ednea de carreras"},"content":{"rendered":"\n<div class=\"text-area__container\">\n<div class=\"text-area__content\">\n<h2>Apuestas de carreras online<\/h2>\n<p>Como la mayor\u00eda de los deportes de motor, gran parte de la atenci\u00f3n en MotoGP se centra en el ganador de la carrera, mientras que otros mercados, como la pole position y terminar dentro del top 10, tambi\u00e9n son de inter\u00e9s y <a href=\"https:\/\/www.freebetbest.com\/es\/sitios-de-apuestas\/\">m\u00e9todos<\/a> de apuestas muy populares.<\/p>\n<h3>El clima actual de MotoGP significa que<\/h3>\n<p>En comparaci\u00f3n con la F1, por ejemplo, las carreras se disputan mucho m\u00e1s de cerca y el ganador es m\u00e1s dif\u00edcil de predecir. Esto genera mejores probabilidades y una mejor oportunidad de ganar en grande al apostar en MotoGP. Lo mismo se aplica a las apuestas antepost.<\/p>\n<h3>que se extienden a lo largo de toda la temporada de MotoGP<\/h3>\n<p>con los t\u00edtulos de pilotos y constructores en juego entre varios equipos. aumentando la emoci\u00f3n y la posibilidad de encontrar un ganador a un precio mayor.<\/p>\n<h3>Apuestas de carreras online Casas de apuestas<\/h3>\n<p>Si bien MotoGP ha existido durante mucho tiempo y siempre ha tenido un gran n\u00famero de seguidores de culto, no ha llegado a la corriente principal tanto como otros deportes como la F1. Sin embargo, eso est\u00e1 cambiando, y con las casas de apuestas que cubren m\u00e1s y m\u00e1s deportes y eventos con cada a\u00f1o que pasa, es m\u00e1s f\u00e1cil que nunca apostar en MotoGP.<\/p>\n<h3>La mayor\u00eda de las principales casas de apuestas ahora ofrecen cuotas<\/h3>\n<p>tanto en los mercados de antepost como en carreras individuales con una variedad de mercados disponibles con cada ronda del calendario de MotoGP. Te hemos ayudado a clasificar a los corredores de apuestas de MotoGP, as\u00ed que usa la tabla de arriba para obtener grandes probabilidades y ofertas para cada carrera de MotoGP.<\/p>\n<h3>Apuestas en l\u00ednea de carreras en vivo<\/h3>\n<p>MotoGP es uno de los deportes de motor m\u00e1s emocionantes que existen, con carreras de motos de alta velocidad siempre emocionantes, con muchos adelantamientos arriesgados y carreras altamente competitivas. Apostar en MotoGP est\u00e1 ganando popularidad a medida que el deporte llega a una audiencia completamente nueva<\/p>\n<h3>con muchos de los fan\u00e1ticos movi\u00e9ndose desde<\/h3>\n<p>F\u00f3rmula 1 para encontrar un medio de carreras mucho m\u00e1s interesante con m\u00e1s posibilidades de ganar mucho dinero al apostar debido a la naturaleza m\u00e1s impredecible del deporte. Es una gran visualizaci\u00f3n y un deporte fant\u00e1stico para apostar. Aseg\u00farese de utilizar excelentes casas de apuestas de MotoGP y de obtener incre\u00edbles ofertas y promociones utilizando freebetbest.com.<\/p>\n<h3>Probabilidades locas mejoradas<\/h3>\n<p>Para ese enorme a nivel nacional, algunas empresas de apuestas. Abriendo una nueva cuenta bancaria para cualquier persona. Brindar informaci\u00f3n sobre los m\u00e1s buscados. O una gran cantidad de los corredores m\u00e1s famosos. Aumente la posibilidad de atraer nuevos clientes.<\/p>\n<p>Este tipo de cotizaci\u00f3n. Por lo general, conlleva un riesgo m\u00e1ximo bastante peque\u00f1o. Por lo general, entre 1 y 5 libras. .Si el caballo lo est\u00e1 pensando. Eventualmente triunfar en la competencia, sus ingresos a menudo se basar\u00e1n en esto. El costo inicial de los caballos se compensa en efectivo, que es completamente gratuito.<a href=\"https:\/\/www.freebetsinfo.co.uk\/asia-bookmakers\/\"> Apuesta<\/a> paga mayores probabilidades y, por lo tanto, obtiene m\u00e1s bonificaciones.<\/p>\n<h3>Resumen de apuestas de carreras online<\/h3>\n<p>Algunos sitios de carreras de caballos ofrecen. Apuestas completamente gratuitas. Te dejan elegir un caballo. Si contin\u00faa obteniendo ingresos, definitivamente puede obtener un reembolso.<\/p>\n<p>Por lo general, es tu opci\u00f3n gratuita. Los fondos se reembolsar\u00e1n seg\u00fan tus necesidades, puedes retirar o apostar nuevamente, pero a veces funcionar\u00e1. Se reembolsar\u00e1n las apuestas gratuitas que no pueda retirar. Aseg\u00farese de revisar los t\u00e9rminos y condiciones para alcanzar realmente sus expectativas.<\/p>\n<h3>Brinde a los consumidores actuales fant\u00e1sticos descuentos en transmisiones nacionales<\/h3>\n<p>Casi todos los productos est\u00e1n completamente enfocados a nuevos negocios. Aun as\u00ed, las casas de apuestas tambi\u00e9n son clientes que crean apuestas unidireccionales. Configure algunas condiciones inusuales del sitio.<\/p>\n<p><a href=\"https:\/\/www.freebetsinfo.co.uk\"><span style=\"vertical-align: inherit;\">En conclusi\u00f3n,<\/span><\/a><a href=\"https:\/\/www.freebetsinfo.co.uk\"><span style=\"vertical-align: inherit;\"> No es adecuado, consulte el sitio web de nuestro socio<\/span><\/a><\/p>\n<\/div>\n<\/div>\n","protected":false},"excerpt":{"rendered":"<p>Las apuestas en l\u00ednea de Latest Racing, competitivas y emocionantes, con muchos adelantamientos y carreras emocionantes que brindan una gran emoci\u00f3n al mundo del automovilismo. Echa un vistazo a nuestras calificaciones, comentarios e informaci\u00f3n de bonificaci\u00f3n y encontrar el corredor de apuestas adecuado para usted.<\/p>\n<div class=\"hero-cup-section\">\n<div class=\"row mb-4\">\n<div class=\"col-md-7\">\n<div class=\"section-area\">\n<div class=\"section-list\">\n<li style=\"text-align: left\"><img decoding=\"async\" src=\"https:\/\/www.freebetbest.com\/wp-content\/uploads\/2021\/06\/tick.png\" alt=\"Deportes\"> Bono de bienvenida de Sports Casino.<\/li>\n<li style=\"text-align: left\"><img decoding=\"async\" src=\"https:\/\/www.freebetbest.com\/wp-content\/uploads\/2021\/06\/tick.png\" alt=\"ofertas de juegos\"> Ofertas y promociones de casas de apuestas online.<\/li>\n<li style=\"text-align: left\"><img decoding=\"async\" src=\"https:\/\/www.freebetbest.com\/wp-content\/uploads\/2021\/06\/tick.png\" alt=\"ofertas de juegos\"> Las mejores casas de apuestas online en las que puede confiar.<\/li>\n<li style=\"text-align: left\"><img decoding=\"async\" src=\"https:\/\/www.freebetbest.com\/wp-content\/uploads\/2021\/06\/tick.png\" alt=\"Autoritario\"> Revisi\u00f3n autorizada Seguro confiable.<\/li>\n<li style=\"text-align: left\"><img decoding=\"async\" src=\"https:\/\/www.freebetbest.com\/wp-content\/uploads\/2021\/06\/tick.png\" alt=\"Retiros r\u00e1pidos\"> Soporte de aplicaciones m\u00f3viles, retiros r\u00e1pidos.<\/li>\n<li style=\"text-align: left\"><img decoding=\"async\" src=\"https:\/\/www.freebetbest.com\/wp-content\/uploads\/2021\/06\/tick.png\" alt=\"Atenci\u00f3n al cliente\"> Atenci\u00f3n al cliente: 365 d\u00edas, 24 horas al d\u00eda.<\/li>\n<\/div>\n<\/div>\n<\/div>\n<div class=\"col-md-5\">\n<div class=\"cup-img\"><img decoding=\"async\" src=\"https:\/\/www.freebetbest.com\/wp-content\/uploads\/2021\/06\/Racing-1.png\" alt=\"Carreras\"><\/div>\n<\/div>\n<\/div>\n","protected":false},"author":1,"featured_media":4707,"parent":0,"menu_order":0,"comment_status":"closed","ping_status":"closed","template":"Sports-template.php","meta":{"footnotes":""},"class_list":["post-4705","page","type-page","status-publish","has-post-thumbnail","hentry"],"yoast_head":"<!-- This site is optimized with the Yoast SEO Premium plugin v19.5 (Yoast SEO v27.0) - https:\/\/yoast.com\/product\/yoast-seo-premium-wordpress\/ -->\n<title>\u00daltimas apuestas en l\u00ednea de carreras , promoci\u00f3n de dep\u00f3sito por primera vez<\/title>\n<meta name=\"description\" content=\"\u00daltimas apuestas en l\u00ednea de carreras mejores casas de apuestas en l\u00ednea, casinos, p\u00f3quer, bingo y apuestas m\u00f3viles, casinos en l\u00ednea, apuestas de f\u00fatbol.\" \/>\n<meta name=\"robots\" content=\"index, follow, max-snippet:-1, max-image-preview:large, max-video-preview:-1\" \/>\n<link rel=\"canonical\" href=\"https:\/\/www.freebetbest.com\/es\/ultimas-carreras-de-apuestas-en-linea\/\" \/>\n<meta property=\"og:locale\" content=\"es_ES\" \/>\n<meta property=\"og:type\" content=\"article\" \/>\n<meta property=\"og:title\" content=\"\u00daltimas apuestas en l\u00ednea de carreras\" \/>\n<meta property=\"og:description\" content=\"\u00daltimas apuestas en l\u00ednea de carreras mejores casas de apuestas en l\u00ednea, casinos, p\u00f3quer, bingo y apuestas m\u00f3viles, casinos en l\u00ednea, apuestas de f\u00fatbol.\" \/>\n<meta property=\"og:url\" content=\"https:\/\/www.freebetbest.com\/es\/ultimas-carreras-de-apuestas-en-linea\/\" \/>\n<meta property=\"og:site_name\" content=\"Apuesta gratis | Casino en l\u00ednea | Apuestas de f\u00fatbol | Mejores Casas De Apuestas Deportivas Online\" \/>\n<meta property=\"article:modified_time\" content=\"2021-08-16T07:35:53+00:00\" \/>\n<meta property=\"og:image\" content=\"https:\/\/www.freebetbest.com\/wp-content\/uploads\/2019\/07\/title-banner-major-event-motogp.jpg\" \/>\n\t<meta property=\"og:image:width\" content=\"500\" \/>\n\t<meta property=\"og:image:height\" content=\"156\" \/>\n\t<meta property=\"og:image:type\" content=\"image\/jpeg\" \/>\n<meta name=\"twitter:card\" content=\"summary_large_image\" \/>\n<meta name=\"twitter:label1\" content=\"Tiempo de lectura\" \/>\n\t<meta name=\"twitter:data1\" content=\"3 minutos\" \/>\n<script type=\"application\/ld+json\" class=\"yoast-schema-graph\">{\"@context\":\"https:\/\/schema.org\",\"@graph\":[{\"@type\":\"WebPage\",\"@id\":\"https:\/\/www.freebetbest.com\/es\/ultimas-carreras-de-apuestas-en-linea\/\",\"url\":\"https:\/\/www.freebetbest.com\/es\/ultimas-carreras-de-apuestas-en-linea\/\",\"name\":\"\u00daltimas apuestas en l\u00ednea de carreras , promoci\u00f3n de dep\u00f3sito por primera vez\",\"isPartOf\":{\"@id\":\"https:\/\/www.freebetbest.com\/es\/#website\"},\"primaryImageOfPage\":{\"@id\":\"https:\/\/www.freebetbest.com\/es\/ultimas-carreras-de-apuestas-en-linea\/#primaryimage\"},\"image\":{\"@id\":\"https:\/\/www.freebetbest.com\/es\/ultimas-carreras-de-apuestas-en-linea\/#primaryimage\"},\"thumbnailUrl\":\"https:\/\/www.freebetbest.com\/wp-content\/uploads\/2019\/07\/title-banner-major-event-motogp.jpg\",\"datePublished\":\"2019-07-15T09:02:03+00:00\",\"dateModified\":\"2021-08-16T07:35:53+00:00\",\"description\":\"\u00daltimas apuestas en l\u00ednea de carreras mejores casas de apuestas en l\u00ednea, casinos, p\u00f3quer, bingo y apuestas m\u00f3viles, casinos en l\u00ednea, apuestas de f\u00fatbol.\",\"breadcrumb\":{\"@id\":\"https:\/\/www.freebetbest.com\/es\/ultimas-carreras-de-apuestas-en-linea\/#breadcrumb\"},\"inLanguage\":\"es\",\"potentialAction\":[{\"@type\":\"ReadAction\",\"target\":[\"https:\/\/www.freebetbest.com\/es\/ultimas-carreras-de-apuestas-en-linea\/\"]}]},{\"@type\":\"ImageObject\",\"inLanguage\":\"es\",\"@id\":\"https:\/\/www.freebetbest.com\/es\/ultimas-carreras-de-apuestas-en-linea\/#primaryimage\",\"url\":\"https:\/\/www.freebetbest.com\/wp-content\/uploads\/2019\/07\/title-banner-major-event-motogp.jpg\",\"contentUrl\":\"https:\/\/www.freebetbest.com\/wp-content\/uploads\/2019\/07\/title-banner-major-event-motogp.jpg\",\"width\":500,\"height\":156,\"caption\":\"Apuestas en l\u00ednea de carreras\"},{\"@type\":\"BreadcrumbList\",\"@id\":\"https:\/\/www.freebetbest.com\/es\/ultimas-carreras-de-apuestas-en-linea\/#breadcrumb\",\"itemListElement\":[{\"@type\":\"ListItem\",\"position\":1,\"name\":\"Home\",\"item\":\"https:\/\/www.freebetbest.com\/es\/\"},{\"@type\":\"ListItem\",\"position\":2,\"name\":\"\u00daltimas apuestas en l\u00ednea de carreras\"}]},{\"@type\":\"WebSite\",\"@id\":\"https:\/\/www.freebetbest.com\/es\/#website\",\"url\":\"https:\/\/www.freebetbest.com\/es\/\",\"name\":\"Apuesta gratis | Casino en l\u00ednea | Apuestas de f\u00fatbol | Mejores Casas De Apuestas Deportivas Online\",\"description\":\"Las mejores casas de apuestas en l\u00ednea, que ofrecen deportes, casino, p\u00f3ker, bingo y apuestas m\u00f3viles, casino en l\u00ednea, apuestas de f\u00fatbol, la mejor apuesta gratis, los portales de juego m\u00e1s importantes del mundo.\",\"publisher\":{\"@id\":\"https:\/\/www.freebetbest.com\/es\/#\/schema\/person\/292684ccf388a2362d507874c5b80a69\"},\"potentialAction\":[{\"@type\":\"SearchAction\",\"target\":{\"@type\":\"EntryPoint\",\"urlTemplate\":\"https:\/\/www.freebetbest.com\/es\/?s={search_term_string}\"},\"query-input\":{\"@type\":\"PropertyValueSpecification\",\"valueRequired\":true,\"valueName\":\"search_term_string\"}}],\"inLanguage\":\"es\"},{\"@type\":[\"Person\",\"Organization\"],\"@id\":\"https:\/\/www.freebetbest.com\/es\/#\/schema\/person\/292684ccf388a2362d507874c5b80a69\",\"name\":\"\u7ba1\u7406\",\"image\":{\"@type\":\"ImageObject\",\"inLanguage\":\"es\",\"@id\":\"https:\/\/www.freebetbest.com\/es\/#\/schema\/person\/image\/\",\"url\":\"https:\/\/www.freebetbest.com\/wp-content\/litespeed\/avatar\/49696b52fb15293a2168c14964fdd8b9.jpg?ver=1776230299\",\"contentUrl\":\"https:\/\/www.freebetbest.com\/wp-content\/litespeed\/avatar\/49696b52fb15293a2168c14964fdd8b9.jpg?ver=1776230299\",\"caption\":\"\u7ba1\u7406\"},\"logo\":{\"@id\":\"https:\/\/www.freebetbest.com\/es\/#\/schema\/person\/image\/\"},\"sameAs\":[\"admin\"]}]}<\/script>\n<!-- \/ Yoast SEO Premium plugin. -->","yoast_head_json":{"title":"\u00daltimas apuestas en l\u00ednea de carreras , promoci\u00f3n de dep\u00f3sito por primera vez","description":"\u00daltimas apuestas en l\u00ednea de carreras mejores casas de apuestas en l\u00ednea, casinos, p\u00f3quer, bingo y apuestas m\u00f3viles, casinos en l\u00ednea, apuestas de f\u00fatbol.","robots":{"index":"index","follow":"follow","max-snippet":"max-snippet:-1","max-image-preview":"max-image-preview:large","max-video-preview":"max-video-preview:-1"},"canonical":"https:\/\/www.freebetbest.com\/es\/ultimas-carreras-de-apuestas-en-linea\/","og_locale":"es_ES","og_type":"article","og_title":"\u00daltimas apuestas en l\u00ednea de carreras","og_description":"\u00daltimas apuestas en l\u00ednea de carreras mejores casas de apuestas en l\u00ednea, casinos, p\u00f3quer, bingo y apuestas m\u00f3viles, casinos en l\u00ednea, apuestas de f\u00fatbol.","og_url":"https:\/\/www.freebetbest.com\/es\/ultimas-carreras-de-apuestas-en-linea\/","og_site_name":"Apuesta gratis | Casino en l\u00ednea | Apuestas de f\u00fatbol | Mejores Casas De Apuestas Deportivas Online","article_modified_time":"2021-08-16T07:35:53+00:00","og_image":[{"width":500,"height":156,"url":"https:\/\/www.freebetbest.com\/wp-content\/uploads\/2019\/07\/title-banner-major-event-motogp.jpg","type":"image\/jpeg"}],"twitter_card":"summary_large_image","twitter_misc":{"Tiempo de lectura":"3 minutos"},"schema":{"@context":"https:\/\/schema.org","@graph":[{"@type":"WebPage","@id":"https:\/\/www.freebetbest.com\/es\/ultimas-carreras-de-apuestas-en-linea\/","url":"https:\/\/www.freebetbest.com\/es\/ultimas-carreras-de-apuestas-en-linea\/","name":"\u00daltimas apuestas en l\u00ednea de carreras , promoci\u00f3n de dep\u00f3sito por primera vez","isPartOf":{"@id":"https:\/\/www.freebetbest.com\/es\/#website"},"primaryImageOfPage":{"@id":"https:\/\/www.freebetbest.com\/es\/ultimas-carreras-de-apuestas-en-linea\/#primaryimage"},"image":{"@id":"https:\/\/www.freebetbest.com\/es\/ultimas-carreras-de-apuestas-en-linea\/#primaryimage"},"thumbnailUrl":"https:\/\/www.freebetbest.com\/wp-content\/uploads\/2019\/07\/title-banner-major-event-motogp.jpg","datePublished":"2019-07-15T09:02:03+00:00","dateModified":"2021-08-16T07:35:53+00:00","description":"\u00daltimas apuestas en l\u00ednea de carreras mejores casas de apuestas en l\u00ednea, casinos, p\u00f3quer, bingo y apuestas m\u00f3viles, casinos en l\u00ednea, apuestas de f\u00fatbol.","breadcrumb":{"@id":"https:\/\/www.freebetbest.com\/es\/ultimas-carreras-de-apuestas-en-linea\/#breadcrumb"},"inLanguage":"es","potentialAction":[{"@type":"ReadAction","target":["https:\/\/www.freebetbest.com\/es\/ultimas-carreras-de-apuestas-en-linea\/"]}]},{"@type":"ImageObject","inLanguage":"es","@id":"https:\/\/www.freebetbest.com\/es\/ultimas-carreras-de-apuestas-en-linea\/#primaryimage","url":"https:\/\/www.freebetbest.com\/wp-content\/uploads\/2019\/07\/title-banner-major-event-motogp.jpg","contentUrl":"https:\/\/www.freebetbest.com\/wp-content\/uploads\/2019\/07\/title-banner-major-event-motogp.jpg","width":500,"height":156,"caption":"Apuestas en l\u00ednea de carreras"},{"@type":"BreadcrumbList","@id":"https:\/\/www.freebetbest.com\/es\/ultimas-carreras-de-apuestas-en-linea\/#breadcrumb","itemListElement":[{"@type":"ListItem","position":1,"name":"Home","item":"https:\/\/www.freebetbest.com\/es\/"},{"@type":"ListItem","position":2,"name":"\u00daltimas apuestas en l\u00ednea de carreras"}]},{"@type":"WebSite","@id":"https:\/\/www.freebetbest.com\/es\/#website","url":"https:\/\/www.freebetbest.com\/es\/","name":"Apuesta gratis | Casino en l\u00ednea | Apuestas de f\u00fatbol | Mejores Casas De Apuestas Deportivas Online","description":"Las mejores casas de apuestas en l\u00ednea, que ofrecen deportes, casino, p\u00f3ker, bingo y apuestas m\u00f3viles, casino en l\u00ednea, apuestas de f\u00fatbol, la mejor apuesta gratis, los portales de juego m\u00e1s importantes del mundo.","publisher":{"@id":"https:\/\/www.freebetbest.com\/es\/#\/schema\/person\/292684ccf388a2362d507874c5b80a69"},"potentialAction":[{"@type":"SearchAction","target":{"@type":"EntryPoint","urlTemplate":"https:\/\/www.freebetbest.com\/es\/?s={search_term_string}"},"query-input":{"@type":"PropertyValueSpecification","valueRequired":true,"valueName":"search_term_string"}}],"inLanguage":"es"},{"@type":["Person","Organization"],"@id":"https:\/\/www.freebetbest.com\/es\/#\/schema\/person\/292684ccf388a2362d507874c5b80a69","name":"\u7ba1\u7406","image":{"@type":"ImageObject","inLanguage":"es","@id":"https:\/\/www.freebetbest.com\/es\/#\/schema\/person\/image\/","url":"https:\/\/www.freebetbest.com\/wp-content\/litespeed\/avatar\/49696b52fb15293a2168c14964fdd8b9.jpg?ver=1776230299","contentUrl":"https:\/\/www.freebetbest.com\/wp-content\/litespeed\/avatar\/49696b52fb15293a2168c14964fdd8b9.jpg?ver=1776230299","caption":"\u7ba1\u7406"},"logo":{"@id":"https:\/\/www.freebetbest.com\/es\/#\/schema\/person\/image\/"},"sameAs":["admin"]}]}},"_links":{"self":[{"href":"https:\/\/www.freebetbest.com\/es\/wp-json\/wp\/v2\/pages\/4705","targetHints":{"allow":["GET"]}}],"collection":[{"href":"https:\/\/www.freebetbest.com\/es\/wp-json\/wp\/v2\/pages"}],"about":[{"href":"https:\/\/www.freebetbest.com\/es\/wp-json\/wp\/v2\/types\/page"}],"author":[{"embeddable":true,"href":"https:\/\/www.freebetbest.com\/es\/wp-json\/wp\/v2\/users\/1"}],"replies":[{"embeddable":true,"href":"https:\/\/www.freebetbest.com\/es\/wp-json\/wp\/v2\/comments?post=4705"}],"version-history":[{"count":0,"href":"https:\/\/www.freebetbest.com\/es\/wp-json\/wp\/v2\/pages\/4705\/revisions"}],"wp:featuredmedia":[{"embeddable":true,"href":"https:\/\/www.freebetbest.com\/es\/wp-json\/wp\/v2\/media\/4707"}],"wp:attachment":[{"href":"https:\/\/www.freebetbest.com\/es\/wp-json\/wp\/v2\/media?parent=4705"}],"curies":[{"name":"wp","href":"https:\/\/api.w.org\/{rel}","templated":true}]}}