{"id":4699,"date":"2019-07-18T05:21:08","date_gmt":"2019-07-18T05:21:08","guid":{"rendered":"https:\/\/www.freebetbest.com\/apuestas-en-linea-de-casino-en-vivo\/"},"modified":"2021-08-16T06:40:27","modified_gmt":"2021-08-16T06:40:27","slug":"ultimo-bono-de-apuestas-e-spors","status":"publish","type":"page","link":"https:\/\/www.freebetbest.com\/es\/ultimo-bono-de-apuestas-e-spors\/","title":{"rendered":"\u00daltimo bono de apuestas de E-spors"},"content":{"rendered":"\n<div class=\"text-area__container\">\n<div class=\"text-area__content\">\n<h2>\u00daltimo bono de apuestas de E-spors<\/h2>\nLo que necesita saber. Todas las actividades de informaci\u00f3n del juego. \u00daltimo bono de apuestas de E-spors. De hecho, esta es una tendencia relativamente nueva, pero mucha gente est\u00e1 apostando. Obtuvo ingresos considerables. Con deportes electr\u00f3nicos. Comenzando a penetrar en la corriente principal, han aparecido sitios web de juegos m\u00e1s tradicionales, y ahora te permiten tomar uno. Manera directa e inofensiva. Ven y prueba los juegos de deportes electr\u00f3nicos.\n<h2>Profesional m\u00e1s reciente e-<a href=\"https:\/\/www.freebetsinfo.co.uk\/free-bets\/\"> bono de apuestas deportivas<\/a> sitio web<\/h2>\nApuestas de deportes electr\u00f3nicos. Definitivamente hay muchas opciones. Y por las im\u00e1genes de los juegos de azar de deportes electr\u00f3nicos. Volvi\u00e9ndose cada vez m\u00e1s competitivo, por eso hay muchos sitios de apuestas. Brindar\u00e1 algunos servicios. Los enormes beneficios de los juegos de deportes electr\u00f3nicos. Puede atraerlo a que se registre con su proveedor.\n\nProcederemos de estos sitios de juegos de azar. Aprovecha las mejores bonificaciones de los deportes electr\u00f3nicos. Realice una evaluaci\u00f3n integral. Ayudarle a determinar qu\u00e9 tipo de bonificaci\u00f3n. Lo mejor para sus apuestas exclusivas de deportes electr\u00f3nicos. As\u00ed que por favor lea detenidamente. Nuestros deportes electr\u00f3nicos. Gu\u00eda especial de autoayuda para aprender a usar sus juegos en l\u00ednea favoritos. Obtenga ingresos de juego confiables.\n<h3>Lista de las \u00faltimas promociones de bonos de apuestas de E-spors<\/h3>\nBusca bonos de apuestas de deportes electr\u00f3nicos en l\u00ednea y seguramente obtendr\u00e1 muchos. Informaci\u00f3n sobre una serie de ofertas especiales. Una apuesta gratis garantizada. Sitio de apuestas de deportes electr\u00f3nicos. La casa de apuestas que ofrece el mismo precio estimado. Debe haber m\u00faltiples opciones. Independientemente del alcance de la promoci\u00f3n, estas ofertas especiales. La mayor\u00eda tiene funciones muy similares.\n<h3>Agradable \u00faltimo E-<a href=\"https:\/\/www.freebetbest.com\/es\/sitios-de-apuestas\/\"> Bono de apuestas spors<\/a><\/h3>\nPor lo general, primero debe unirse al proveedor de la marca y, por lo general, lo encontrar\u00e1. Puede que lo necesite antes. Obtenga una de las ofertas. Primero paga el dep\u00f3sito. Incluso puedes entender. Sitios de apuestas ocasionales. Se le pedir\u00e1 que utilice un c\u00f3digo promocional de computadora para que pueda comenzar. Sus ofertas promocionales.\n<h3>Antes de firmar una oferta \u00fanica del sitio web de juegos<\/h3>\nAseg\u00farese de comprar m\u00e1s. Hay una serie de ofertas promocionales en las que deber\u00eda poder encontrar. Apuestas de deportes electr\u00f3nicos para ti. Bonificaciones adicionales bajo demanda. Ya sea que est\u00e9 buscando un marketing de deportes electr\u00f3nicos a gran escala que se adapte a usted, o simplemente lo est\u00e9 buscando. Bono de juego de combinaci\u00f3n m\u00e1s b\u00e1sico, definitivamente puedes obtenerlo r\u00e1pidamente. Todos han pasado nuestra evaluaci\u00f3n de recompensas del juego. Obtenga informaci\u00f3n relevante.\n<h3>La \u00faltima evaluaci\u00f3n de premios de bonificaci\u00f3n de apuestas de deportes electr\u00f3nicos<\/h3>\nA medida que las apuestas de deportes electr\u00f3nicos se vuelven cada vez m\u00e1s populares, puede beneficiarse de la naturaleza altamente competitiva de la escena de las apuestas y, por lo tanto, obtener beneficios enormes y gratificantes.\n<h3>Ya sea una casa de apuestas ordinaria<\/h3>\nO un nuevo sitio de apuestas de deportes electr\u00f3nicos, definitivamente puede encontrar un descuento que le permita aumentar sus ganancias en las apuestas de deportes electr\u00f3nicos iniciales.\n\nAlgunas casas de apuestas ofrecer\u00e1n ofertas especiales que le dar\u00e1n un descuento equivalente en el pago inicial, que es casi igual al 200% de su pago inicial original, mientras que otros sitios de apuestas lo proporcionar\u00e1n. Opciones de emparejamiento m\u00e1s sencillas.\n<h3>El recurso de apuestas m\u00e1s grande que ha recibido.<\/h3>\nLa clasificaci\u00f3n de cada recompensa es f\u00e1cil, pero obviamente las cosas no son tan f\u00e1ciles. Esto se debe a algunas de las bonificaciones adicionales m\u00e1s importantes. Los consumidores suelen tener que pagar m\u00e1s dinero en efectivo. Entonces, cuando todas las actividades. Suele estar acompa\u00f1ado de muchas condiciones y t\u00e9rminos. Cuando especifique el m\u00e9todo de uso del bono, debe registrarse e incluir el sitio web de apuestas.\n<\/div>\n<\/div>\n","protected":false},"excerpt":{"rendered":"<p>Aqu\u00ed est\u00e1n los mejores casinos en l\u00ednea que se pueden llevar a cabo en efectivo real.<\/p>\n<div class=\"hero-cup-section\">\n<div class=\"row mb-4\">\n<div class=\"col-md-7\">\n<div class=\"section-area\">\n<div class=\"section-list\">\n<li style=\"text-align: left\"><img decoding=\"async\" src=\"https:\/\/www.freebetbest.com\/wp-content\/uploads\/2021\/06\/tick.png\" alt=\"Deportes\"> Bono de bienvenida de Sports Casino.<\/li>\n<li style=\"text-align: left\"><img decoding=\"async\" src=\"https:\/\/www.freebetbest.com\/wp-content\/uploads\/2021\/06\/tick.png\" alt=\"ofertas de juegos\"> Ofertas y promociones de casas de apuestas online.<\/li>\n<li style=\"text-align: left\"><img decoding=\"async\" src=\"https:\/\/www.freebetbest.com\/wp-content\/uploads\/2021\/06\/tick.png\" alt=\"ofertas de juegos\"> Las mejores casas de apuestas online en las que puede confiar.<\/li>\n<li style=\"text-align: left\"><img decoding=\"async\" src=\"https:\/\/www.freebetbest.com\/wp-content\/uploads\/2021\/06\/tick.png\" alt=\"Autoritario\"> Revisi\u00f3n autorizada Seguro confiable.<\/li>\n<li style=\"text-align: left\"><img decoding=\"async\" src=\"https:\/\/www.freebetbest.com\/wp-content\/uploads\/2021\/06\/tick.png\" alt=\"Retiros r\u00e1pidos\"> Soporte de aplicaciones m\u00f3viles, retiros r\u00e1pidos.<\/li>\n<li style=\"text-align: left\"><img decoding=\"async\" src=\"https:\/\/www.freebetbest.com\/wp-content\/uploads\/2021\/06\/tick.png\" alt=\"Atenci\u00f3n al cliente\"> Atenci\u00f3n al cliente: 365 d\u00edas, 24 horas al d\u00eda.<\/li>\n<\/div>\n<\/div>\n<\/div>\n<div class=\"col-md-5\">\n<div class=\"cup-img\"><img decoding=\"async\" src=\"https:\/\/www.freebetbest.com\/wp-content\/uploads\/2021\/06\/e-spors.png\" alt=\"freebetbest\"><\/div>\n<\/div>\n<\/div>\n","protected":false},"author":1,"featured_media":124955,"parent":0,"menu_order":0,"comment_status":"closed","ping_status":"closed","template":"E-spors-template.php","meta":{"footnotes":""},"class_list":["post-4699","page","type-page","status-publish","has-post-thumbnail","hentry"],"yoast_head":"<!-- This site is optimized with the Yoast SEO Premium plugin v19.5 (Yoast SEO v27.0) - https:\/\/yoast.com\/product\/yoast-seo-premium-wordpress\/ -->\n<title>\u00daltimo bono de apuestas de E-spors , apuesta gratis sin bono de dep\u00f3sito<\/title>\n<meta name=\"description\" content=\"\u00daltimo bono de apuestas de E-spors , Apuesta gratis Bono sin dep\u00f3sito, Mejores casas de apuestas, bienvenido C\u00f3digo de bono de primer dep\u00f3sito, C\u00f3digo de bono de registro.\" \/>\n<meta name=\"robots\" content=\"index, follow, max-snippet:-1, max-image-preview:large, max-video-preview:-1\" \/>\n<link rel=\"canonical\" href=\"https:\/\/www.freebetbest.com\/es\/ultimo-bono-de-apuestas-e-spors\/\" \/>\n<meta property=\"og:locale\" content=\"es_ES\" \/>\n<meta property=\"og:type\" content=\"article\" \/>\n<meta property=\"og:title\" content=\"\u00daltimo bono de apuestas de E-spors\" \/>\n<meta property=\"og:description\" content=\"\u00daltimo bono de apuestas de E-spors , Apuesta gratis Bono sin dep\u00f3sito, Mejores casas de apuestas, bienvenido C\u00f3digo de bono de primer dep\u00f3sito, C\u00f3digo de bono de registro.\" \/>\n<meta property=\"og:url\" content=\"https:\/\/www.freebetbest.com\/es\/ultimo-bono-de-apuestas-e-spors\/\" \/>\n<meta property=\"og:site_name\" content=\"Apuesta gratis | Casino en l\u00ednea | Apuestas de f\u00fatbol | Mejores Casas De Apuestas Deportivas Online\" \/>\n<meta property=\"article:modified_time\" content=\"2021-08-16T06:40:27+00:00\" \/>\n<meta property=\"og:image\" content=\"https:\/\/www.freebetbest.com\/wp-content\/uploads\/2021\/06\/e-spors1.png\" \/>\n\t<meta property=\"og:image:width\" content=\"417\" \/>\n\t<meta property=\"og:image:height\" content=\"180\" \/>\n\t<meta property=\"og:image:type\" content=\"image\/png\" \/>\n<meta name=\"twitter:card\" content=\"summary_large_image\" \/>\n<meta name=\"twitter:label1\" content=\"Tiempo de lectura\" \/>\n\t<meta name=\"twitter:data1\" content=\"3 minutos\" \/>\n<script type=\"application\/ld+json\" class=\"yoast-schema-graph\">{\"@context\":\"https:\/\/schema.org\",\"@graph\":[{\"@type\":\"WebPage\",\"@id\":\"https:\/\/www.freebetbest.com\/es\/ultimo-bono-de-apuestas-e-spors\/\",\"url\":\"https:\/\/www.freebetbest.com\/es\/ultimo-bono-de-apuestas-e-spors\/\",\"name\":\"\u00daltimo bono de apuestas de E-spors , apuesta gratis sin bono de dep\u00f3sito\",\"isPartOf\":{\"@id\":\"https:\/\/www.freebetbest.com\/es\/#website\"},\"primaryImageOfPage\":{\"@id\":\"https:\/\/www.freebetbest.com\/es\/ultimo-bono-de-apuestas-e-spors\/#primaryimage\"},\"image\":{\"@id\":\"https:\/\/www.freebetbest.com\/es\/ultimo-bono-de-apuestas-e-spors\/#primaryimage\"},\"thumbnailUrl\":\"https:\/\/www.freebetbest.com\/wp-content\/uploads\/2021\/06\/e-spors1.png\",\"datePublished\":\"2019-07-18T05:21:08+00:00\",\"dateModified\":\"2021-08-16T06:40:27+00:00\",\"description\":\"\u00daltimo bono de apuestas de E-spors , Apuesta gratis Bono sin dep\u00f3sito, Mejores casas de apuestas, bienvenido C\u00f3digo de bono de primer dep\u00f3sito, C\u00f3digo de bono de registro.\",\"breadcrumb\":{\"@id\":\"https:\/\/www.freebetbest.com\/es\/ultimo-bono-de-apuestas-e-spors\/#breadcrumb\"},\"inLanguage\":\"es\",\"potentialAction\":[{\"@type\":\"ReadAction\",\"target\":[\"https:\/\/www.freebetbest.com\/es\/ultimo-bono-de-apuestas-e-spors\/\"]}]},{\"@type\":\"ImageObject\",\"inLanguage\":\"es\",\"@id\":\"https:\/\/www.freebetbest.com\/es\/ultimo-bono-de-apuestas-e-spors\/#primaryimage\",\"url\":\"https:\/\/www.freebetbest.com\/wp-content\/uploads\/2021\/06\/e-spors1.png\",\"contentUrl\":\"https:\/\/www.freebetbest.com\/wp-content\/uploads\/2021\/06\/e-spors1.png\",\"width\":417,\"height\":180,\"caption\":\"e-spors1\"},{\"@type\":\"BreadcrumbList\",\"@id\":\"https:\/\/www.freebetbest.com\/es\/ultimo-bono-de-apuestas-e-spors\/#breadcrumb\",\"itemListElement\":[{\"@type\":\"ListItem\",\"position\":1,\"name\":\"Home\",\"item\":\"https:\/\/www.freebetbest.com\/es\/\"},{\"@type\":\"ListItem\",\"position\":2,\"name\":\"\u00daltimo bono de apuestas de E-spors\"}]},{\"@type\":\"WebSite\",\"@id\":\"https:\/\/www.freebetbest.com\/es\/#website\",\"url\":\"https:\/\/www.freebetbest.com\/es\/\",\"name\":\"Apuesta gratis | Casino en l\u00ednea | Apuestas de f\u00fatbol | Mejores Casas De Apuestas Deportivas Online\",\"description\":\"Las mejores casas de apuestas en l\u00ednea, que ofrecen deportes, casino, p\u00f3ker, bingo y apuestas m\u00f3viles, casino en l\u00ednea, apuestas de f\u00fatbol, la mejor apuesta gratis, los portales de juego m\u00e1s importantes del mundo.\",\"publisher\":{\"@id\":\"https:\/\/www.freebetbest.com\/es\/#\/schema\/person\/292684ccf388a2362d507874c5b80a69\"},\"potentialAction\":[{\"@type\":\"SearchAction\",\"target\":{\"@type\":\"EntryPoint\",\"urlTemplate\":\"https:\/\/www.freebetbest.com\/es\/?s={search_term_string}\"},\"query-input\":{\"@type\":\"PropertyValueSpecification\",\"valueRequired\":true,\"valueName\":\"search_term_string\"}}],\"inLanguage\":\"es\"},{\"@type\":[\"Person\",\"Organization\"],\"@id\":\"https:\/\/www.freebetbest.com\/es\/#\/schema\/person\/292684ccf388a2362d507874c5b80a69\",\"name\":\"\u7ba1\u7406\",\"image\":{\"@type\":\"ImageObject\",\"inLanguage\":\"es\",\"@id\":\"https:\/\/www.freebetbest.com\/es\/#\/schema\/person\/image\/\",\"url\":\"https:\/\/www.freebetbest.com\/wp-content\/litespeed\/avatar\/49696b52fb15293a2168c14964fdd8b9.jpg?ver=1777439934\",\"contentUrl\":\"https:\/\/www.freebetbest.com\/wp-content\/litespeed\/avatar\/49696b52fb15293a2168c14964fdd8b9.jpg?ver=1777439934\",\"caption\":\"\u7ba1\u7406\"},\"logo\":{\"@id\":\"https:\/\/www.freebetbest.com\/es\/#\/schema\/person\/image\/\"},\"sameAs\":[\"admin\"]}]}<\/script>\n<!-- \/ Yoast SEO Premium plugin. -->","yoast_head_json":{"title":"\u00daltimo bono de apuestas de E-spors , apuesta gratis sin bono de dep\u00f3sito","description":"\u00daltimo bono de apuestas de E-spors , Apuesta gratis Bono sin dep\u00f3sito, Mejores casas de apuestas, bienvenido C\u00f3digo de bono de primer dep\u00f3sito, C\u00f3digo de bono de registro.","robots":{"index":"index","follow":"follow","max-snippet":"max-snippet:-1","max-image-preview":"max-image-preview:large","max-video-preview":"max-video-preview:-1"},"canonical":"https:\/\/www.freebetbest.com\/es\/ultimo-bono-de-apuestas-e-spors\/","og_locale":"es_ES","og_type":"article","og_title":"\u00daltimo bono de apuestas de E-spors","og_description":"\u00daltimo bono de apuestas de E-spors , Apuesta gratis Bono sin dep\u00f3sito, Mejores casas de apuestas, bienvenido C\u00f3digo de bono de primer dep\u00f3sito, C\u00f3digo de bono de registro.","og_url":"https:\/\/www.freebetbest.com\/es\/ultimo-bono-de-apuestas-e-spors\/","og_site_name":"Apuesta gratis | Casino en l\u00ednea | Apuestas de f\u00fatbol | Mejores Casas De Apuestas Deportivas Online","article_modified_time":"2021-08-16T06:40:27+00:00","og_image":[{"width":417,"height":180,"url":"https:\/\/www.freebetbest.com\/wp-content\/uploads\/2021\/06\/e-spors1.png","type":"image\/png"}],"twitter_card":"summary_large_image","twitter_misc":{"Tiempo de lectura":"3 minutos"},"schema":{"@context":"https:\/\/schema.org","@graph":[{"@type":"WebPage","@id":"https:\/\/www.freebetbest.com\/es\/ultimo-bono-de-apuestas-e-spors\/","url":"https:\/\/www.freebetbest.com\/es\/ultimo-bono-de-apuestas-e-spors\/","name":"\u00daltimo bono de apuestas de E-spors , apuesta gratis sin bono de dep\u00f3sito","isPartOf":{"@id":"https:\/\/www.freebetbest.com\/es\/#website"},"primaryImageOfPage":{"@id":"https:\/\/www.freebetbest.com\/es\/ultimo-bono-de-apuestas-e-spors\/#primaryimage"},"image":{"@id":"https:\/\/www.freebetbest.com\/es\/ultimo-bono-de-apuestas-e-spors\/#primaryimage"},"thumbnailUrl":"https:\/\/www.freebetbest.com\/wp-content\/uploads\/2021\/06\/e-spors1.png","datePublished":"2019-07-18T05:21:08+00:00","dateModified":"2021-08-16T06:40:27+00:00","description":"\u00daltimo bono de apuestas de E-spors , Apuesta gratis Bono sin dep\u00f3sito, Mejores casas de apuestas, bienvenido C\u00f3digo de bono de primer dep\u00f3sito, C\u00f3digo de bono de registro.","breadcrumb":{"@id":"https:\/\/www.freebetbest.com\/es\/ultimo-bono-de-apuestas-e-spors\/#breadcrumb"},"inLanguage":"es","potentialAction":[{"@type":"ReadAction","target":["https:\/\/www.freebetbest.com\/es\/ultimo-bono-de-apuestas-e-spors\/"]}]},{"@type":"ImageObject","inLanguage":"es","@id":"https:\/\/www.freebetbest.com\/es\/ultimo-bono-de-apuestas-e-spors\/#primaryimage","url":"https:\/\/www.freebetbest.com\/wp-content\/uploads\/2021\/06\/e-spors1.png","contentUrl":"https:\/\/www.freebetbest.com\/wp-content\/uploads\/2021\/06\/e-spors1.png","width":417,"height":180,"caption":"e-spors1"},{"@type":"BreadcrumbList","@id":"https:\/\/www.freebetbest.com\/es\/ultimo-bono-de-apuestas-e-spors\/#breadcrumb","itemListElement":[{"@type":"ListItem","position":1,"name":"Home","item":"https:\/\/www.freebetbest.com\/es\/"},{"@type":"ListItem","position":2,"name":"\u00daltimo bono de apuestas de E-spors"}]},{"@type":"WebSite","@id":"https:\/\/www.freebetbest.com\/es\/#website","url":"https:\/\/www.freebetbest.com\/es\/","name":"Apuesta gratis | Casino en l\u00ednea | Apuestas de f\u00fatbol | Mejores Casas De Apuestas Deportivas Online","description":"Las mejores casas de apuestas en l\u00ednea, que ofrecen deportes, casino, p\u00f3ker, bingo y apuestas m\u00f3viles, casino en l\u00ednea, apuestas de f\u00fatbol, la mejor apuesta gratis, los portales de juego m\u00e1s importantes del mundo.","publisher":{"@id":"https:\/\/www.freebetbest.com\/es\/#\/schema\/person\/292684ccf388a2362d507874c5b80a69"},"potentialAction":[{"@type":"SearchAction","target":{"@type":"EntryPoint","urlTemplate":"https:\/\/www.freebetbest.com\/es\/?s={search_term_string}"},"query-input":{"@type":"PropertyValueSpecification","valueRequired":true,"valueName":"search_term_string"}}],"inLanguage":"es"},{"@type":["Person","Organization"],"@id":"https:\/\/www.freebetbest.com\/es\/#\/schema\/person\/292684ccf388a2362d507874c5b80a69","name":"\u7ba1\u7406","image":{"@type":"ImageObject","inLanguage":"es","@id":"https:\/\/www.freebetbest.com\/es\/#\/schema\/person\/image\/","url":"https:\/\/www.freebetbest.com\/wp-content\/litespeed\/avatar\/49696b52fb15293a2168c14964fdd8b9.jpg?ver=1777439934","contentUrl":"https:\/\/www.freebetbest.com\/wp-content\/litespeed\/avatar\/49696b52fb15293a2168c14964fdd8b9.jpg?ver=1777439934","caption":"\u7ba1\u7406"},"logo":{"@id":"https:\/\/www.freebetbest.com\/es\/#\/schema\/person\/image\/"},"sameAs":["admin"]}]}},"_links":{"self":[{"href":"https:\/\/www.freebetbest.com\/es\/wp-json\/wp\/v2\/pages\/4699","targetHints":{"allow":["GET"]}}],"collection":[{"href":"https:\/\/www.freebetbest.com\/es\/wp-json\/wp\/v2\/pages"}],"about":[{"href":"https:\/\/www.freebetbest.com\/es\/wp-json\/wp\/v2\/types\/page"}],"author":[{"embeddable":true,"href":"https:\/\/www.freebetbest.com\/es\/wp-json\/wp\/v2\/users\/1"}],"replies":[{"embeddable":true,"href":"https:\/\/www.freebetbest.com\/es\/wp-json\/wp\/v2\/comments?post=4699"}],"version-history":[{"count":0,"href":"https:\/\/www.freebetbest.com\/es\/wp-json\/wp\/v2\/pages\/4699\/revisions"}],"wp:featuredmedia":[{"embeddable":true,"href":"https:\/\/www.freebetbest.com\/es\/wp-json\/wp\/v2\/media\/124955"}],"wp:attachment":[{"href":"https:\/\/www.freebetbest.com\/es\/wp-json\/wp\/v2\/media?parent=4699"}],"curies":[{"name":"wp","href":"https:\/\/api.w.org\/{rel}","templated":true}]}}