{"id":4698,"date":"2019-06-14T08:55:11","date_gmt":"2019-06-14T08:55:11","guid":{"rendered":"https:\/\/www.freebetbest.com\/pagina-principal\/"},"modified":"2021-07-30T16:53:25","modified_gmt":"2021-07-30T16:53:25","slug":"mejores-casas-de-apuestas","status":"publish","type":"page","link":"https:\/\/www.freebetbest.com\/es\/","title":{"rendered":"P\u00e1gina principal"},"content":{"rendered":"<h2>El mejor sitio de apuestas online. Mejores casas de apuestas<\/h2>\n<p>La casa de apuestas en l\u00ednea que recomendamos, a trav\u00e9s de nuestras casas de apuestas experimentadas, le recomienda las mejores casas de apuestas. Para no desperdiciarlo cuando no pueda registrarse. Tu cuenta de apuestas. Tiempo dedicado a las casas de apuestas online. Arriba, ver\u00e1 nuestra base. En conclusi\u00f3n, todos los sitios de apuestas asi\u00e1ticos se clasifican seg\u00fan los criterios m\u00e1s importantes.<\/p>\n<p>Nuestra lista de<a href=\"https:\/\/www.freebetsinfo.co.uk\/asia-bookmakers\/\"> apuestas online<\/a> empresas, que est\u00e1n disponibles para el mundo. Detalles importantes sobre cada apuesta. Para proporcionarle un sitio web multiling\u00fce, haga clic en el \u00edcono de idioma arriba o abajo. Puede cambiar a su idioma favorito.<\/p>\n<h2>Opciones bancarias para<a href=\"https:\/\/www.freebetbest.com\/es\/sitios-de-apuestas\/\"> apuestas deportivas online<\/a> .<\/h2>\n<p>En conclusi\u00f3n, podr\u00e1s hacerlo sin esfuerzo. Pague los anticipos y retiros sin ning\u00fan cargo. Abogamos. Las empresas de juegos ofrecen pagos r\u00e1pidos, protegen la banca de consumo y la credibilidad.<\/p>\n<p>Solo lo recomendamos. Tecnolog\u00eda moderna de cifrado avanzado. Sitios de juegos de apuestas en l\u00ednea, para que pueda estar seguro. Tus hechos espec\u00edficos est\u00e1n a salvo.<\/p>\n<p>La mayor\u00eda de los sitios de juegos en l\u00ednea. Todos utilizan una variedad de m\u00e9todos de pago inicial, incluidas tarjetas de cr\u00e9dito, PayPal e incluso Bitcoin. En conclusi\u00f3n, si no est\u00e1 seguro de lo que m\u00e1s le conviene, hemos tomado la decisi\u00f3n financiera m\u00e1s famosa. Se ensambla una gu\u00eda de autoayuda para apostadores.<\/p>\n<h3>C\u00f3mo evaluar las mejores casas de apuestas online<\/h3>\n<p>Calificamos a las casas de apuestas en funci\u00f3n de algunos aspectos importantes. Esto es lo que buscamos:<\/p>\n<h3>Pago de juego aprobado<\/h3>\n<p>Simplemente abogamos. Certificado por autoridades nacionales como el Casino de Reino Unido (UKGC). En conclusi\u00f3n, uno de los sitios de apuestas m\u00e1s seguros. Para garantizar una buena calidad y fiabilidad.<\/p>\n<h3>Emocionante mercado de apuestas de actividades deportivas<\/h3>\n<p>Amplia oferta de actividades deportivas. Las alternativas son necesarias, asumimos algo as\u00ed como el f\u00fatbol. En conclusi\u00f3n, hay muchas apuestas por los deportes punteros. Cu\u00e1ndo valoraremos el mercado. Cuando se coloca en cualquier lugar, queremos asegurarnos de que pueda retirarlo<\/p>\n<h3>Promociones y apuestas gratuitas destacadas<\/h3>\n<p>En conclusi\u00f3n, bono de primer dep\u00f3sito efectivo. Es una buena t\u00e9cnica de inicio. Tambi\u00e9n te proporcionamos los normales. Apuestas gratis, aumento de acumulador y fidelizaci\u00f3n. Sitio de apuestas en Internet para transacciones de bonificaci\u00f3n.<\/p>\n<h3>Atenci\u00f3n al cliente<\/h3>\n<p>Cualquier buen corredor de apuestas. Debe ser proporcionado para usted. Atenci\u00f3n al cliente valiosa y profesional. Comparamos casas de apuestas. Nivel de ayuda y calidad de servicio.<\/p>\n<h3>Las mejores casas de apuestas bancarias<\/h3>\n<p>Solo promovemos el cumplimiento. Protecci\u00f3n de los tr\u00e1mites bancarios comerciales. Negocio de apuestas deportivas online. Quieres tu trato espec\u00edfico. Los detalles est\u00e1n seguros, as\u00ed que nos lo tomamos muy en serio.<\/p>\n<h3>aplicaci\u00f3n movil<\/h3>\n<p>Nos gusta de ti en la casa de apuestas de Internet. Obtenga las calificaciones m\u00e1s altas en Android e iOS. Encuentra excelentes aplicaciones m\u00f3viles. Si est\u00e1s en el trabajo. O apostar sobre la marcha, necesita acceso instant\u00e1neo a trav\u00e9s del tel\u00e9fono m\u00f3vil.<\/p>\n<h3>Mejores casas de apuestas Apuestas en vivo<\/h3>\n<p>Medios de apuestas instant\u00e1neos. Puede adivinarlo de inmediato y nunca se perder\u00e1 el saque inicial. \u00a1Y te pierdas la maravillosa apuesta! T\u00fa tambi\u00e9n puedes. Responde a los juegos en l\u00ednea porque apostar\u00e1n por los deportes. Proporcione nuevas recompensas.<\/p>\n<h3>Producci\u00f3n de ingresos parciales<\/h3>\n<p>Si su apuesta. Parece rentable y puede retirarlo por adelantado. Y seguir obteniendo ingresos sin retrasar la meta. Y destruye tu elecci\u00f3n. El retiro parcial de fondos es a\u00fan mejor porque puede asegurar las ganancias. En conclusi\u00f3n, y deja que parte de tu apuesta corra. Para ver si baja.<\/p>\n<h3>Las mejores casas de apuestas siguen transmitiendo<\/h3>\n<p>Cuando obtienes menos efectivo real, no puedes vencer a los eventos deportivos en vivo y se proporciona transmisi\u00f3n. Las casas de apuestas con puntaje crediticio tambi\u00e9n son muy buenas. Te acerca a la actividad y puedes hacer mejores apuestas mientras disfrutas.<\/p>\n<h3>Luego, las apuestas deportivas online. \u00bfComo funciona?<\/h3>\n<p>\u00a1Es f\u00e1cil! Una vez que haya creado uno. Cuenta de apuestas basada en Internet e ingrese a ella para conocer las actividades deportivas. Y seleccione un evento. Elija uno de varios escenarios para ver todos los mercados comerciales de juegos de azar listos para usar. Y sus oportunidades personales. Reproduzca una presentaci\u00f3n de diapositivas para usted. Ingrese una variable, ingrese una suma y haga clic en \u00abVerificar\u00bb para realizar su estimaci\u00f3n.<\/p>\n<h3>\u00bfSon populares las apuestas deportivas en Internet?<\/h3>\n<p>En actividades deportivas online, cada vez con m\u00e1s gente. Combinando su amor por este juego con las apuestas, la reputaci\u00f3n de los juegos de azar sigue aumentando en todo el mundo. En Estados Unidos, el proyecto de apuestas deportivas m\u00e1s famoso. Es f\u00fatbol americano y b\u00e9isbol.<\/p>\n<h3>\u00bfCu\u00e1l es el mejor sitio de apuestas de actividades deportivas?<\/h3>\n<p>Estamos en m\u00faltiples factores. Los ejemplos incluyen los mejores precios, bonificaciones y banca de consumo. Sobre la alternativa. Sitios de apuestas deportivas con una clasificaci\u00f3n ideal. Puedes leerlo aqu\u00ed. Rese\u00f1as de casas de apuestas reales para ayudarte a encontrar. En conclusi\u00f3n, Recomendado por profesionales. Mejor sitio web de juegos de azar.<\/p>\n<p><!-- \/wp:post-content --><\/p>\n<p><!-- wp:paragraph \/--><\/p>\n","protected":false},"excerpt":{"rendered":"<p>El mejor sitio de apuestas online. Mejores casas de apuestas La casa de apuestas en l\u00ednea que recomendamos, a trav\u00e9s de nuestras casas de apuestas experimentadas, le recomienda las mejores casas de apuestas. Para no desperdiciarlo cuando no pueda registrarse. Tu cuenta de apuestas. Tiempo dedicado a las casas de apuestas online. Arriba, ver\u00e1 nuestra [&hellip;]<\/p>\n","protected":false},"author":1,"featured_media":0,"parent":0,"menu_order":0,"comment_status":"closed","ping_status":"closed","template":"","meta":{"footnotes":""},"class_list":["post-4698","page","type-page","status-publish","hentry"],"yoast_head":"<!-- This site is optimized with the Yoast SEO Premium plugin v19.5 (Yoast SEO v27.0) - https:\/\/yoast.com\/product\/yoast-seo-premium-wordpress\/ -->\n<title>Apuesta gratis | Casino en l\u00ednea | Apuestas de f\u00fatbol | Mejores Casas De Apuestas Deportivas Online<\/title>\n<meta name=\"description\" content=\"Las mejores casas de apuestas en l\u00ednea, ofrece deportes, casino, p\u00f3quer, bingo y apuestas m\u00f3viles, promociones de apuestas gratuitas, apuestas gratuitas sin dep\u00f3sito. Sitio de apuestas en l\u00ednea.\" \/>\n<meta name=\"robots\" content=\"index, follow, max-snippet:-1, max-image-preview:large, max-video-preview:-1\" \/>\n<link rel=\"canonical\" href=\"https:\/\/www.freebetbest.com\/es\/\" \/>\n<meta property=\"og:locale\" content=\"es_ES\" \/>\n<meta property=\"og:type\" content=\"article\" \/>\n<meta property=\"og:title\" content=\"P\u00e1gina principal\" \/>\n<meta property=\"og:description\" content=\"Las mejores casas de apuestas en l\u00ednea, ofrece deportes, casino, p\u00f3quer, bingo y apuestas m\u00f3viles, promociones de apuestas gratuitas, apuestas gratuitas sin dep\u00f3sito. Sitio de apuestas en l\u00ednea.\" \/>\n<meta property=\"og:url\" content=\"https:\/\/www.freebetbest.com\/es\/\" \/>\n<meta property=\"og:site_name\" content=\"Apuesta gratis | Casino en l\u00ednea | Apuestas de f\u00fatbol | Mejores Casas De Apuestas Deportivas Online\" \/>\n<meta property=\"article:modified_time\" content=\"2021-07-30T16:53:25+00:00\" \/>\n<meta name=\"twitter:card\" content=\"summary_large_image\" \/>\n<meta name=\"twitter:label1\" content=\"Tiempo de lectura\" \/>\n\t<meta name=\"twitter:data1\" content=\"4 minutos\" \/>\n<script type=\"application\/ld+json\" class=\"yoast-schema-graph\">{\"@context\":\"https:\/\/schema.org\",\"@graph\":[{\"@type\":\"WebPage\",\"@id\":\"https:\/\/www.freebetbest.com\/es\/\",\"url\":\"https:\/\/www.freebetbest.com\/es\/\",\"name\":\"Apuesta gratis | Casino en l\u00ednea | Apuestas de f\u00fatbol | Mejores Casas De Apuestas Deportivas Online\",\"isPartOf\":{\"@id\":\"https:\/\/www.freebetbest.com\/es\/#website\"},\"datePublished\":\"2019-06-14T08:55:11+00:00\",\"dateModified\":\"2021-07-30T16:53:25+00:00\",\"description\":\"Las mejores casas de apuestas en l\u00ednea, ofrece deportes, casino, p\u00f3quer, bingo y apuestas m\u00f3viles, promociones de apuestas gratuitas, apuestas gratuitas sin dep\u00f3sito. Sitio de apuestas en l\u00ednea.\",\"breadcrumb\":{\"@id\":\"https:\/\/www.freebetbest.com\/es\/#breadcrumb\"},\"inLanguage\":\"es\",\"potentialAction\":[{\"@type\":\"ReadAction\",\"target\":[\"https:\/\/www.freebetbest.com\/es\/\"]}]},{\"@type\":\"BreadcrumbList\",\"@id\":\"https:\/\/www.freebetbest.com\/es\/#breadcrumb\",\"itemListElement\":[{\"@type\":\"ListItem\",\"position\":1,\"name\":\"Home\",\"item\":\"https:\/\/www.freebetbest.com\/es\/\"},{\"@type\":\"ListItem\",\"position\":2,\"name\":\"P\u00e1gina principal\"}]},{\"@type\":\"WebSite\",\"@id\":\"https:\/\/www.freebetbest.com\/es\/#website\",\"url\":\"https:\/\/www.freebetbest.com\/es\/\",\"name\":\"Apuesta gratis | Casino en l\u00ednea | Apuestas de f\u00fatbol | Mejores Casas De Apuestas Deportivas Online\",\"description\":\"Las mejores casas de apuestas en l\u00ednea, que ofrecen deportes, casino, p\u00f3ker, bingo y apuestas m\u00f3viles, casino en l\u00ednea, apuestas de f\u00fatbol, la mejor apuesta gratis, los portales de juego m\u00e1s importantes del mundo.\",\"publisher\":{\"@id\":\"https:\/\/www.freebetbest.com\/es\/#\/schema\/person\/292684ccf388a2362d507874c5b80a69\"},\"potentialAction\":[{\"@type\":\"SearchAction\",\"target\":{\"@type\":\"EntryPoint\",\"urlTemplate\":\"https:\/\/www.freebetbest.com\/es\/?s={search_term_string}\"},\"query-input\":{\"@type\":\"PropertyValueSpecification\",\"valueRequired\":true,\"valueName\":\"search_term_string\"}}],\"inLanguage\":\"es\"},{\"@type\":[\"Person\",\"Organization\"],\"@id\":\"https:\/\/www.freebetbest.com\/es\/#\/schema\/person\/292684ccf388a2362d507874c5b80a69\",\"name\":\"\u7ba1\u7406\",\"image\":{\"@type\":\"ImageObject\",\"inLanguage\":\"es\",\"@id\":\"https:\/\/www.freebetbest.com\/es\/#\/schema\/person\/image\/\",\"url\":\"https:\/\/www.freebetbest.com\/wp-content\/litespeed\/avatar\/49696b52fb15293a2168c14964fdd8b9.jpg?ver=1775625495\",\"contentUrl\":\"https:\/\/www.freebetbest.com\/wp-content\/litespeed\/avatar\/49696b52fb15293a2168c14964fdd8b9.jpg?ver=1775625495\",\"caption\":\"\u7ba1\u7406\"},\"logo\":{\"@id\":\"https:\/\/www.freebetbest.com\/es\/#\/schema\/person\/image\/\"},\"sameAs\":[\"admin\"]}]}<\/script>\n<!-- \/ Yoast SEO Premium plugin. -->","yoast_head_json":{"title":"Apuesta gratis | Casino en l\u00ednea | Apuestas de f\u00fatbol | Mejores Casas De Apuestas Deportivas Online","description":"Las mejores casas de apuestas en l\u00ednea, ofrece deportes, casino, p\u00f3quer, bingo y apuestas m\u00f3viles, promociones de apuestas gratuitas, apuestas gratuitas sin dep\u00f3sito. Sitio de apuestas en l\u00ednea.","robots":{"index":"index","follow":"follow","max-snippet":"max-snippet:-1","max-image-preview":"max-image-preview:large","max-video-preview":"max-video-preview:-1"},"canonical":"https:\/\/www.freebetbest.com\/es\/","og_locale":"es_ES","og_type":"article","og_title":"P\u00e1gina principal","og_description":"Las mejores casas de apuestas en l\u00ednea, ofrece deportes, casino, p\u00f3quer, bingo y apuestas m\u00f3viles, promociones de apuestas gratuitas, apuestas gratuitas sin dep\u00f3sito. Sitio de apuestas en l\u00ednea.","og_url":"https:\/\/www.freebetbest.com\/es\/","og_site_name":"Apuesta gratis | Casino en l\u00ednea | Apuestas de f\u00fatbol | Mejores Casas De Apuestas Deportivas Online","article_modified_time":"2021-07-30T16:53:25+00:00","twitter_card":"summary_large_image","twitter_misc":{"Tiempo de lectura":"4 minutos"},"schema":{"@context":"https:\/\/schema.org","@graph":[{"@type":"WebPage","@id":"https:\/\/www.freebetbest.com\/es\/","url":"https:\/\/www.freebetbest.com\/es\/","name":"Apuesta gratis | Casino en l\u00ednea | Apuestas de f\u00fatbol | Mejores Casas De Apuestas Deportivas Online","isPartOf":{"@id":"https:\/\/www.freebetbest.com\/es\/#website"},"datePublished":"2019-06-14T08:55:11+00:00","dateModified":"2021-07-30T16:53:25+00:00","description":"Las mejores casas de apuestas en l\u00ednea, ofrece deportes, casino, p\u00f3quer, bingo y apuestas m\u00f3viles, promociones de apuestas gratuitas, apuestas gratuitas sin dep\u00f3sito. Sitio de apuestas en l\u00ednea.","breadcrumb":{"@id":"https:\/\/www.freebetbest.com\/es\/#breadcrumb"},"inLanguage":"es","potentialAction":[{"@type":"ReadAction","target":["https:\/\/www.freebetbest.com\/es\/"]}]},{"@type":"BreadcrumbList","@id":"https:\/\/www.freebetbest.com\/es\/#breadcrumb","itemListElement":[{"@type":"ListItem","position":1,"name":"Home","item":"https:\/\/www.freebetbest.com\/es\/"},{"@type":"ListItem","position":2,"name":"P\u00e1gina principal"}]},{"@type":"WebSite","@id":"https:\/\/www.freebetbest.com\/es\/#website","url":"https:\/\/www.freebetbest.com\/es\/","name":"Apuesta gratis | Casino en l\u00ednea | Apuestas de f\u00fatbol | Mejores Casas De Apuestas Deportivas Online","description":"Las mejores casas de apuestas en l\u00ednea, que ofrecen deportes, casino, p\u00f3ker, bingo y apuestas m\u00f3viles, casino en l\u00ednea, apuestas de f\u00fatbol, la mejor apuesta gratis, los portales de juego m\u00e1s importantes del mundo.","publisher":{"@id":"https:\/\/www.freebetbest.com\/es\/#\/schema\/person\/292684ccf388a2362d507874c5b80a69"},"potentialAction":[{"@type":"SearchAction","target":{"@type":"EntryPoint","urlTemplate":"https:\/\/www.freebetbest.com\/es\/?s={search_term_string}"},"query-input":{"@type":"PropertyValueSpecification","valueRequired":true,"valueName":"search_term_string"}}],"inLanguage":"es"},{"@type":["Person","Organization"],"@id":"https:\/\/www.freebetbest.com\/es\/#\/schema\/person\/292684ccf388a2362d507874c5b80a69","name":"\u7ba1\u7406","image":{"@type":"ImageObject","inLanguage":"es","@id":"https:\/\/www.freebetbest.com\/es\/#\/schema\/person\/image\/","url":"https:\/\/www.freebetbest.com\/wp-content\/litespeed\/avatar\/49696b52fb15293a2168c14964fdd8b9.jpg?ver=1775625495","contentUrl":"https:\/\/www.freebetbest.com\/wp-content\/litespeed\/avatar\/49696b52fb15293a2168c14964fdd8b9.jpg?ver=1775625495","caption":"\u7ba1\u7406"},"logo":{"@id":"https:\/\/www.freebetbest.com\/es\/#\/schema\/person\/image\/"},"sameAs":["admin"]}]}},"_links":{"self":[{"href":"https:\/\/www.freebetbest.com\/es\/wp-json\/wp\/v2\/pages\/4698","targetHints":{"allow":["GET"]}}],"collection":[{"href":"https:\/\/www.freebetbest.com\/es\/wp-json\/wp\/v2\/pages"}],"about":[{"href":"https:\/\/www.freebetbest.com\/es\/wp-json\/wp\/v2\/types\/page"}],"author":[{"embeddable":true,"href":"https:\/\/www.freebetbest.com\/es\/wp-json\/wp\/v2\/users\/1"}],"replies":[{"embeddable":true,"href":"https:\/\/www.freebetbest.com\/es\/wp-json\/wp\/v2\/comments?post=4698"}],"version-history":[{"count":0,"href":"https:\/\/www.freebetbest.com\/es\/wp-json\/wp\/v2\/pages\/4698\/revisions"}],"wp:attachment":[{"href":"https:\/\/www.freebetbest.com\/es\/wp-json\/wp\/v2\/media?parent=4698"}],"curies":[{"name":"wp","href":"https:\/\/api.w.org\/{rel}","templated":true}]}}