{"id":4689,"date":"2019-07-15T08:14:02","date_gmt":"2019-07-15T08:14:02","guid":{"rendered":"https:\/\/www.freebetbest.com\/apuestas-en-linea-de-cricket\/"},"modified":"2021-07-28T17:19:47","modified_gmt":"2021-07-28T17:19:47","slug":"apuestas-en-linea-de-cricket","status":"publish","type":"page","link":"https:\/\/www.freebetbest.com\/es\/apuestas-en-linea-de-cricket\/","title":{"rendered":"\u00daltimas apuestas de cr\u00edquet en l\u00ednea"},"content":{"rendered":"<h3>Apuestas en l\u00ednea de Cricket: gu\u00eda, caracter\u00edsticas y ofertas para<a href=\"https:\/\/www.freebetbest.com\/es\/sitios-de-apuestas\/\"> Casas de apuestas<\/a><\/h3>\n<p>Apuestas online de cricket. Es un evento colectivo con una gran cantidad de fan\u00e1ticos. Esto se debe principalmente al cricket. Se est\u00e1 volviendo cada vez m\u00e1s popular en la India, con m\u00e1s de mil millones de personas que se quedan, y gracias a los entusiastas de la India, seg\u00fan algunos recursos, el cricket se convertir\u00e1 en la tierra. El segundo deporte m\u00e1s importante despu\u00e9s del f\u00fatbol. Los videojuegos ocurren durante todo el a\u00f1o, la posibilidad de Cricket Online Betting. Es casi interminable.<\/p>\n<h3>La forma de las apuestas de cricket.<\/h3>\n<p>Hay un empate dentro del primer grillo, por lo que la probabilidad del resultado final de la prueba es de tres v\u00edas. Los resultados de atracci\u00f3n no son tan regulares como el baloncesto, pero es m\u00e1s probable, similar al hockey. En un formato \u00fanico, la casa de apuestas \u00abVeinte\u00bb le ofrece dos resultados, pero es imposible de atraer.<\/p>\n<h3>Incrementar las oportunidades.<\/h3>\n<p>De manera similar a apostar por los resultados, solo puede aumentar la probabilidad. Resuma estos dos resultados a un precio m\u00e1s bajo. Por ejemplo, no atraer ni a uno de los miembros del personal. No caer\u00e1 al menos.<\/p>\n<h3>Un buen comienzo.<\/h3>\n<p>Aqu\u00ed, puede predecir los beneficios que ganar\u00e1 el equipo, o puede que no cree m\u00e1s obst\u00e1culos para el oponente. Por ejemplo, en los partidos de prueba entre equipos fuertes, ninguna probabilidad es popular.<\/p>\n<h3>Generalizar.<\/h3>\n<p>Apuesta por el n\u00famero de heridas por actividad o etapa \u00fanica, despu\u00e9s de 5, 10, etc. y 15 veces. Puede ser el n\u00famero total de cada miembro de la tripulaci\u00f3n. Y el n\u00famero completo de personas.<\/p>\n<h3>Datos del participante.<\/h3>\n<p>En el nivel m\u00e1s alto de cricket, en t\u00e9rminos generales, puedes encontrar suficiente. Reflexiones sobre los logros personales de los jugadores. Las se\u00f1ales son muy distintas: el n\u00famero de lesionados o 6 strikes, seg\u00fan los numerosos campeones del videojuego. El mejor bateador o el mejor jugador de la convenci\u00f3n.<\/p>\n<h3>Estad\u00edsticas de actividad.<\/h3>\n<p>Cricket tiene una gran cantidad de datos y peque\u00f1as ocasiones. En un campo sobre el n\u00famero de rebotes. O el mejor resultado de la primera cooperaci\u00f3n. En el camino hacia la competencia a gran escala, realmente no es dif\u00edcil encontrar una cotizaci\u00f3n. Adem\u00e1s, tambi\u00e9n se recomiendan muchos edificios de oficinas. C\u00f3mo destruir la primera puerta.<\/p>\n<h3>Las apuestas en l\u00ednea de cr\u00edquet est\u00e1n en el primer juego.<\/h3>\n<p>En la prueba a largo plazo de los competidores, el mercado de apuestas favorito, porque necesita encontrar. No tienes que esperar pacientemente durante unos d\u00edas los resultados del juego inicial. Por lo general, se puede encontrar cerca de la primera ronda. Las distintas apuestas mencionadas anteriormente.<\/p>\n<h3>Visita el sorteo.<\/h3>\n<p>Las casas de apuestas pueden estar en todos los juegos importantes. Haz la predicci\u00f3n m\u00e1s realista. La probabilidad de especulaci\u00f3n en el primer grupo es de 50 a 50. Cuando juegas durante mucho tiempo, a\u00fan perder\u00e1s dinero en el l\u00edmite de la casa de apuestas.<\/p>\n<h3>Estrategia de apuestas en l\u00ednea de cr\u00edquet<\/h3>\n<p>La mejor predicci\u00f3n para el cricket. Los factores son elementos beneficiosos. Tiene un significado real, que se debe principalmente a su tecnolog\u00eda de apuestas \u00fanica. Hay muchas formas de realizar un an\u00e1lisis de coincidencias, independientemente del formato de la coincidencia. Al elegir una apuesta de cricket, puede encontrar cinco. Los principales factores a considerar.<\/p>\n<h3>Bono de apuestas<\/h3>\n<p>Este proceso es para obtener el mejor suministro. Y derrotar el escollo del problema de la recompensa. Nuestra empresa est\u00e1 aqu\u00ed para ayudarlo. Determine qu\u00e9 ofertas de juegos de azar. Vale la pena su tiempo y esfuerzo, cu\u00e1les debe bloquear y qu\u00e9 sitios de juegos de azar. Brindarle las mejores ofertas de juegos de azar.<\/p>\n<h3>Ofertas de apuestas de cr\u00edquet:<a href=\"https:\/\/www.freebetsinfo.co.uk\/free-bets\/\"> apuestas gratis<\/a><\/h3>\n<p>El cricket no es solo el m\u00e1s com\u00fan en la tierra. Juego de golf y bate en l\u00ednea. De hecho, es un juego de azar en Internet. El evento deportivo m\u00e1s din\u00e1mico con una gran audiencia global. Los operadores son estas personas. Aporta mucho atractivo. Competitividad de las apuestas de cricket.<\/p>\n<p><!-- \/wp:post-content --><\/p>\n<p><!-- wp:paragraph \/--><\/p>\n","protected":false},"excerpt":{"rendered":"<p>Apuestas de cr\u00edquet: directrices, caracter\u00edsticas y<\/p>\n<div class=\"hero-cup-section\">\n<div class=\"row mb-4\">\n<div class=\"col-md-7\">\n<div class=\"section-area\">\n<div class=\"section-list\">\n<li style=\"text-align: left\"><img decoding=\"async\" src=\"https:\/\/www.freebetbest.com\/wp-content\/uploads\/2021\/06\/tick.png\" alt=\"Deportes\"> Bono de bienvenida de Sports Casino.<\/li>\n<li style=\"text-align: left\"><img decoding=\"async\" src=\"https:\/\/www.freebetbest.com\/wp-content\/uploads\/2021\/06\/tick.png\" alt=\"ofertas de juegos\"> Ofertas y promociones de casas de apuestas online.<\/li>\n<li style=\"text-align: left\"><img decoding=\"async\" src=\"https:\/\/www.freebetbest.com\/wp-content\/uploads\/2021\/06\/tick.png\" alt=\"ofertas de juegos\"> Las mejores casas de apuestas online en las que puede confiar.<\/li>\n<li style=\"text-align: left\"><img decoding=\"async\" src=\"https:\/\/www.freebetbest.com\/wp-content\/uploads\/2021\/06\/tick.png\" alt=\"Autoritario\"> Revisi\u00f3n autorizada Seguro confiable.<\/li>\n<li style=\"text-align: left\"><img decoding=\"async\" src=\"https:\/\/www.freebetbest.com\/wp-content\/uploads\/2021\/06\/tick.png\" alt=\"Retiros r\u00e1pidos\"> Soporte de aplicaciones m\u00f3viles, retiros r\u00e1pidos.<\/li>\n<li style=\"text-align: left\"><img decoding=\"async\" src=\"https:\/\/www.freebetbest.com\/wp-content\/uploads\/2021\/06\/tick.png\" alt=\"Atenci\u00f3n al cliente\"> Atenci\u00f3n al cliente: 365 d\u00edas, 24 horas al d\u00eda.<\/li>\n<\/div>\n<\/div>\n<\/div>\n<div class=\"col-md-5\">\n<div class=\"cup-img\"><img decoding=\"async\" src=\"https:\/\/www.freebetbest.com\/wp-content\/uploads\/2021\/06\/asia.png\" alt=\"Deportes\"><\/div>\n<\/div>\n<\/div>\n","protected":false},"author":1,"featured_media":4694,"parent":0,"menu_order":0,"comment_status":"closed","ping_status":"closed","template":"Sports-template.php","meta":{"footnotes":""},"class_list":["post-4689","page","type-page","status-publish","has-post-thumbnail","hentry"],"yoast_head":"<!-- This site is optimized with the Yoast SEO Premium plugin v19.5 (Yoast SEO v27.0) - https:\/\/yoast.com\/product\/yoast-seo-premium-wordpress\/ -->\n<title>\u00daltimas apuestas de cr\u00edquet en l\u00ednea Bonificaci\u00f3n de registro de nuevo cliente<\/title>\n<meta name=\"description\" content=\"\u00daltimas apuestas de cr\u00edquet en l\u00ednea mejores casas de apuestas en l\u00ednea, ofrece deportes, casino, p\u00f3quer, bingo y apuestas m\u00f3viles, apuesta gratuita sin dep\u00f3sito\" \/>\n<meta name=\"robots\" content=\"index, follow, max-snippet:-1, max-image-preview:large, max-video-preview:-1\" \/>\n<link rel=\"canonical\" href=\"https:\/\/www.freebetbest.com\/es\/apuestas-en-linea-de-cricket\/\" \/>\n<meta property=\"og:locale\" content=\"es_ES\" \/>\n<meta property=\"og:type\" content=\"article\" \/>\n<meta property=\"og:title\" content=\"\u00daltimas apuestas de cr\u00edquet en l\u00ednea\" \/>\n<meta property=\"og:description\" content=\"\u00daltimas apuestas de cr\u00edquet en l\u00ednea mejores casas de apuestas en l\u00ednea, ofrece deportes, casino, p\u00f3quer, bingo y apuestas m\u00f3viles, apuesta gratuita sin dep\u00f3sito\" \/>\n<meta property=\"og:url\" content=\"https:\/\/www.freebetbest.com\/es\/apuestas-en-linea-de-cricket\/\" \/>\n<meta property=\"og:site_name\" content=\"Apuesta gratis | Casino en l\u00ednea | Apuestas de f\u00fatbol | Mejores Casas De Apuestas Deportivas Online\" \/>\n<meta property=\"article:modified_time\" content=\"2021-07-28T17:19:47+00:00\" \/>\n<meta property=\"og:image\" content=\"https:\/\/www.freebetbest.com\/wp-content\/uploads\/2019\/07\/Cricket.jpg\" \/>\n\t<meta property=\"og:image:width\" content=\"500\" \/>\n\t<meta property=\"og:image:height\" content=\"175\" \/>\n\t<meta property=\"og:image:type\" content=\"image\/jpeg\" \/>\n<meta name=\"twitter:card\" content=\"summary_large_image\" \/>\n<meta name=\"twitter:label1\" content=\"Tiempo de lectura\" \/>\n\t<meta name=\"twitter:data1\" content=\"3 minutos\" \/>\n<script type=\"application\/ld+json\" class=\"yoast-schema-graph\">{\"@context\":\"https:\/\/schema.org\",\"@graph\":[{\"@type\":\"WebPage\",\"@id\":\"https:\/\/www.freebetbest.com\/es\/apuestas-en-linea-de-cricket\/\",\"url\":\"https:\/\/www.freebetbest.com\/es\/apuestas-en-linea-de-cricket\/\",\"name\":\"\u00daltimas apuestas de cr\u00edquet en l\u00ednea Bonificaci\u00f3n de registro de nuevo cliente\",\"isPartOf\":{\"@id\":\"https:\/\/www.freebetbest.com\/es\/#website\"},\"primaryImageOfPage\":{\"@id\":\"https:\/\/www.freebetbest.com\/es\/apuestas-en-linea-de-cricket\/#primaryimage\"},\"image\":{\"@id\":\"https:\/\/www.freebetbest.com\/es\/apuestas-en-linea-de-cricket\/#primaryimage\"},\"thumbnailUrl\":\"https:\/\/www.freebetbest.com\/wp-content\/uploads\/2019\/07\/Cricket.jpg\",\"datePublished\":\"2019-07-15T08:14:02+00:00\",\"dateModified\":\"2021-07-28T17:19:47+00:00\",\"description\":\"\u00daltimas apuestas de cr\u00edquet en l\u00ednea mejores casas de apuestas en l\u00ednea, ofrece deportes, casino, p\u00f3quer, bingo y apuestas m\u00f3viles, apuesta gratuita sin dep\u00f3sito\",\"breadcrumb\":{\"@id\":\"https:\/\/www.freebetbest.com\/es\/apuestas-en-linea-de-cricket\/#breadcrumb\"},\"inLanguage\":\"es\",\"potentialAction\":[{\"@type\":\"ReadAction\",\"target\":[\"https:\/\/www.freebetbest.com\/es\/apuestas-en-linea-de-cricket\/\"]}]},{\"@type\":\"ImageObject\",\"inLanguage\":\"es\",\"@id\":\"https:\/\/www.freebetbest.com\/es\/apuestas-en-linea-de-cricket\/#primaryimage\",\"url\":\"https:\/\/www.freebetbest.com\/wp-content\/uploads\/2019\/07\/Cricket.jpg\",\"contentUrl\":\"https:\/\/www.freebetbest.com\/wp-content\/uploads\/2019\/07\/Cricket.jpg\",\"width\":500,\"height\":175,\"caption\":\"Apuestas en l\u00ednea de cr\u00edquet\"},{\"@type\":\"BreadcrumbList\",\"@id\":\"https:\/\/www.freebetbest.com\/es\/apuestas-en-linea-de-cricket\/#breadcrumb\",\"itemListElement\":[{\"@type\":\"ListItem\",\"position\":1,\"name\":\"Home\",\"item\":\"https:\/\/www.freebetbest.com\/es\/\"},{\"@type\":\"ListItem\",\"position\":2,\"name\":\"\u00daltimas apuestas de cr\u00edquet en l\u00ednea\"}]},{\"@type\":\"WebSite\",\"@id\":\"https:\/\/www.freebetbest.com\/es\/#website\",\"url\":\"https:\/\/www.freebetbest.com\/es\/\",\"name\":\"Apuesta gratis | Casino en l\u00ednea | Apuestas de f\u00fatbol | Mejores Casas De Apuestas Deportivas Online\",\"description\":\"Las mejores casas de apuestas en l\u00ednea, que ofrecen deportes, casino, p\u00f3ker, bingo y apuestas m\u00f3viles, casino en l\u00ednea, apuestas de f\u00fatbol, la mejor apuesta gratis, los portales de juego m\u00e1s importantes del mundo.\",\"publisher\":{\"@id\":\"https:\/\/www.freebetbest.com\/es\/#\/schema\/person\/292684ccf388a2362d507874c5b80a69\"},\"potentialAction\":[{\"@type\":\"SearchAction\",\"target\":{\"@type\":\"EntryPoint\",\"urlTemplate\":\"https:\/\/www.freebetbest.com\/es\/?s={search_term_string}\"},\"query-input\":{\"@type\":\"PropertyValueSpecification\",\"valueRequired\":true,\"valueName\":\"search_term_string\"}}],\"inLanguage\":\"es\"},{\"@type\":[\"Person\",\"Organization\"],\"@id\":\"https:\/\/www.freebetbest.com\/es\/#\/schema\/person\/292684ccf388a2362d507874c5b80a69\",\"name\":\"\u7ba1\u7406\",\"image\":{\"@type\":\"ImageObject\",\"inLanguage\":\"es\",\"@id\":\"https:\/\/www.freebetbest.com\/es\/#\/schema\/person\/image\/\",\"url\":\"https:\/\/www.freebetbest.com\/wp-content\/litespeed\/avatar\/49696b52fb15293a2168c14964fdd8b9.jpg?ver=1777439934\",\"contentUrl\":\"https:\/\/www.freebetbest.com\/wp-content\/litespeed\/avatar\/49696b52fb15293a2168c14964fdd8b9.jpg?ver=1777439934\",\"caption\":\"\u7ba1\u7406\"},\"logo\":{\"@id\":\"https:\/\/www.freebetbest.com\/es\/#\/schema\/person\/image\/\"},\"sameAs\":[\"admin\"]}]}<\/script>\n<!-- \/ Yoast SEO Premium plugin. -->","yoast_head_json":{"title":"\u00daltimas apuestas de cr\u00edquet en l\u00ednea Bonificaci\u00f3n de registro de nuevo cliente","description":"\u00daltimas apuestas de cr\u00edquet en l\u00ednea mejores casas de apuestas en l\u00ednea, ofrece deportes, casino, p\u00f3quer, bingo y apuestas m\u00f3viles, apuesta gratuita sin dep\u00f3sito","robots":{"index":"index","follow":"follow","max-snippet":"max-snippet:-1","max-image-preview":"max-image-preview:large","max-video-preview":"max-video-preview:-1"},"canonical":"https:\/\/www.freebetbest.com\/es\/apuestas-en-linea-de-cricket\/","og_locale":"es_ES","og_type":"article","og_title":"\u00daltimas apuestas de cr\u00edquet en l\u00ednea","og_description":"\u00daltimas apuestas de cr\u00edquet en l\u00ednea mejores casas de apuestas en l\u00ednea, ofrece deportes, casino, p\u00f3quer, bingo y apuestas m\u00f3viles, apuesta gratuita sin dep\u00f3sito","og_url":"https:\/\/www.freebetbest.com\/es\/apuestas-en-linea-de-cricket\/","og_site_name":"Apuesta gratis | Casino en l\u00ednea | Apuestas de f\u00fatbol | Mejores Casas De Apuestas Deportivas Online","article_modified_time":"2021-07-28T17:19:47+00:00","og_image":[{"width":500,"height":175,"url":"https:\/\/www.freebetbest.com\/wp-content\/uploads\/2019\/07\/Cricket.jpg","type":"image\/jpeg"}],"twitter_card":"summary_large_image","twitter_misc":{"Tiempo de lectura":"3 minutos"},"schema":{"@context":"https:\/\/schema.org","@graph":[{"@type":"WebPage","@id":"https:\/\/www.freebetbest.com\/es\/apuestas-en-linea-de-cricket\/","url":"https:\/\/www.freebetbest.com\/es\/apuestas-en-linea-de-cricket\/","name":"\u00daltimas apuestas de cr\u00edquet en l\u00ednea Bonificaci\u00f3n de registro de nuevo cliente","isPartOf":{"@id":"https:\/\/www.freebetbest.com\/es\/#website"},"primaryImageOfPage":{"@id":"https:\/\/www.freebetbest.com\/es\/apuestas-en-linea-de-cricket\/#primaryimage"},"image":{"@id":"https:\/\/www.freebetbest.com\/es\/apuestas-en-linea-de-cricket\/#primaryimage"},"thumbnailUrl":"https:\/\/www.freebetbest.com\/wp-content\/uploads\/2019\/07\/Cricket.jpg","datePublished":"2019-07-15T08:14:02+00:00","dateModified":"2021-07-28T17:19:47+00:00","description":"\u00daltimas apuestas de cr\u00edquet en l\u00ednea mejores casas de apuestas en l\u00ednea, ofrece deportes, casino, p\u00f3quer, bingo y apuestas m\u00f3viles, apuesta gratuita sin dep\u00f3sito","breadcrumb":{"@id":"https:\/\/www.freebetbest.com\/es\/apuestas-en-linea-de-cricket\/#breadcrumb"},"inLanguage":"es","potentialAction":[{"@type":"ReadAction","target":["https:\/\/www.freebetbest.com\/es\/apuestas-en-linea-de-cricket\/"]}]},{"@type":"ImageObject","inLanguage":"es","@id":"https:\/\/www.freebetbest.com\/es\/apuestas-en-linea-de-cricket\/#primaryimage","url":"https:\/\/www.freebetbest.com\/wp-content\/uploads\/2019\/07\/Cricket.jpg","contentUrl":"https:\/\/www.freebetbest.com\/wp-content\/uploads\/2019\/07\/Cricket.jpg","width":500,"height":175,"caption":"Apuestas en l\u00ednea de cr\u00edquet"},{"@type":"BreadcrumbList","@id":"https:\/\/www.freebetbest.com\/es\/apuestas-en-linea-de-cricket\/#breadcrumb","itemListElement":[{"@type":"ListItem","position":1,"name":"Home","item":"https:\/\/www.freebetbest.com\/es\/"},{"@type":"ListItem","position":2,"name":"\u00daltimas apuestas de cr\u00edquet en l\u00ednea"}]},{"@type":"WebSite","@id":"https:\/\/www.freebetbest.com\/es\/#website","url":"https:\/\/www.freebetbest.com\/es\/","name":"Apuesta gratis | Casino en l\u00ednea | Apuestas de f\u00fatbol | Mejores Casas De Apuestas Deportivas Online","description":"Las mejores casas de apuestas en l\u00ednea, que ofrecen deportes, casino, p\u00f3ker, bingo y apuestas m\u00f3viles, casino en l\u00ednea, apuestas de f\u00fatbol, la mejor apuesta gratis, los portales de juego m\u00e1s importantes del mundo.","publisher":{"@id":"https:\/\/www.freebetbest.com\/es\/#\/schema\/person\/292684ccf388a2362d507874c5b80a69"},"potentialAction":[{"@type":"SearchAction","target":{"@type":"EntryPoint","urlTemplate":"https:\/\/www.freebetbest.com\/es\/?s={search_term_string}"},"query-input":{"@type":"PropertyValueSpecification","valueRequired":true,"valueName":"search_term_string"}}],"inLanguage":"es"},{"@type":["Person","Organization"],"@id":"https:\/\/www.freebetbest.com\/es\/#\/schema\/person\/292684ccf388a2362d507874c5b80a69","name":"\u7ba1\u7406","image":{"@type":"ImageObject","inLanguage":"es","@id":"https:\/\/www.freebetbest.com\/es\/#\/schema\/person\/image\/","url":"https:\/\/www.freebetbest.com\/wp-content\/litespeed\/avatar\/49696b52fb15293a2168c14964fdd8b9.jpg?ver=1777439934","contentUrl":"https:\/\/www.freebetbest.com\/wp-content\/litespeed\/avatar\/49696b52fb15293a2168c14964fdd8b9.jpg?ver=1777439934","caption":"\u7ba1\u7406"},"logo":{"@id":"https:\/\/www.freebetbest.com\/es\/#\/schema\/person\/image\/"},"sameAs":["admin"]}]}},"_links":{"self":[{"href":"https:\/\/www.freebetbest.com\/es\/wp-json\/wp\/v2\/pages\/4689","targetHints":{"allow":["GET"]}}],"collection":[{"href":"https:\/\/www.freebetbest.com\/es\/wp-json\/wp\/v2\/pages"}],"about":[{"href":"https:\/\/www.freebetbest.com\/es\/wp-json\/wp\/v2\/types\/page"}],"author":[{"embeddable":true,"href":"https:\/\/www.freebetbest.com\/es\/wp-json\/wp\/v2\/users\/1"}],"replies":[{"embeddable":true,"href":"https:\/\/www.freebetbest.com\/es\/wp-json\/wp\/v2\/comments?post=4689"}],"version-history":[{"count":0,"href":"https:\/\/www.freebetbest.com\/es\/wp-json\/wp\/v2\/pages\/4689\/revisions"}],"wp:featuredmedia":[{"embeddable":true,"href":"https:\/\/www.freebetbest.com\/es\/wp-json\/wp\/v2\/media\/4694"}],"wp:attachment":[{"href":"https:\/\/www.freebetbest.com\/es\/wp-json\/wp\/v2\/media?parent=4689"}],"curies":[{"name":"wp","href":"https:\/\/api.w.org\/{rel}","templated":true}]}}