{"id":4688,"date":"2019-07-19T09:24:55","date_gmt":"2019-07-19T09:24:55","guid":{"rendered":"https:\/\/www.freebetbest.com\/apuestas-en-linea-de-hockey\/"},"modified":"2021-08-16T06:42:08","modified_gmt":"2021-08-16T06:42:08","slug":"apuestas-online-de-hockey","status":"publish","type":"page","link":"https:\/\/www.freebetbest.com\/es\/apuestas-online-de-hockey\/","title":{"rendered":"\u00daltimo bono de apuestas de hockey"},"content":{"rendered":"\n<div class=\"text-area__container\">\n<div class=\"text-area__content\">\n<p>se colocan en las casas de apuestas \u00daltimo bono de apuestas de hockey. Todos apuntan a deportes populares. Hay fans de este tipo de videojuegos. En Rusia, no muchos. El hockey es muy popular en Irlanda o Espa\u00f1a. Muchos seguidores, estas personas y casas de apuestas que quieren obtener ingresos de las apuestas est\u00e1n viendo el juego.<\/p>\n<p>Los \u00faltimos bonos de apuestas de hockey. En realidad, es un juego de equipo, donde dos equipos incluyen 11 personas. El prop\u00f3sito de los videojuegos. Es el objetivo del retador del informe. Para esta actividad, suelen utilizar palos y pelotas de hueso especiales.<\/p>\n<p>El videojuego incluye dos factores de la Liga Europea de Hockey sobre Hielo, divididos en dos mitades, 50% en cada grupo, y el tiempo de juego es de 17,5 minutos. El campe\u00f3n es el grupo que m\u00e1s goles marcar\u00e1.<\/p>\n<h2>\u00daltimo sitio web de bonificaci\u00f3n de apuestas de hockey<\/h2>\n<p>En cuanto a los juegos de azar deportivos clave, el hockey sobre hielo es m\u00e1s popular que su alternativa. El f\u00fatbol y el b\u00e9isbol reciben mucha menos consideraci\u00f3n. Es como una banda que usa muchas opciones de persecuci\u00f3n.<\/p>\n<p>A muchas personas les gustan mucho los videojuegos. Mucha gente lo repiti\u00f3. Los mejores sitios de apuestas de hockey y apuestas en vivo. Pero viene del centro de atenci\u00f3n.<\/p>\n<h3>\u00daltimos entusiastas de los bonos de apuestas de hockey.<\/h3>\n<p>Y quieres usar tu informaci\u00f3n de hockey. Para ganar dinero apostando en videojuegos, este sitio web lo ayudar\u00e1 a comenzar. Si eres una persona experta. Los apostadores deportivos y quieren involucrarse en los juegos de azar de hockey sobre hielo, entonces casi pueden.<\/p>\n<p>Encuentra todo lo que quieras arriba. Estaremos seguros. \u00bfC\u00f3mo puedes elegir el hockey? Y puedes jugar en los mejores lugares de juego de hockey. Varias apuestas hechas. En conclusi\u00f3n, tambi\u00e9n le proporcionaremos algunas pautas para ayudarlo. Aproveche al m\u00e1ximo el evento.<\/p>\n<h3>Por qu\u00e9 las apuestas deportivas online de hockey sobre hielo te ofrecen tantas opciones<\/h3>\n<p>La mayor\u00eda de los apostadores. Indiferencia hacia los sitios de juego de la NHL. Brinda una oportunidad \u00fanica. A veces ve \u00abbrechas\u00bb en las oportunidades. La raz\u00f3n es la siguiente: los que establecen las probabilidades lo intentan. Distribuya la actividad por igual a ambos lados de la actividad. Construyen uno por. Deje que tantos apostadores como sea posible. Serie interesada para hacer esto. Divida los puntos por igual. En conclusi\u00f3n, puede garantizar que las apuestas deportivas se beneficien del \u00abjugo\u00bb.<\/p>\n<h3>Cuando hay muchas medidas<\/h3>\n<p>Por ejemplo, esto generalmente se logra con relativa rapidez. Miles de apuestas. Ayude a quienes establecen las probabilidades a establecer r\u00e1pidamente las probabilidades con cambios m\u00ednimos y mantener siempre un equilibrio. Una vez que la acci\u00f3n es escasa<\/p>\n<p>En los sitios de apuestas de hockey, este proceso lleva m\u00e1s tiempo. Lo que est\u00e1 en juego se escurre.<a href=\"https:\/\/www.freebetbest.com\/es\/sitios-de-apuestas\/\"> Apuestas Deportivas<\/a> ha realizado cambios en los juegos en l\u00ednea, pero a un ritmo m\u00e1s lento. Si terminas tu tarea antes de tiempo y la consigues, en conclusi\u00f3n, tus posibilidades de ganar aumentar\u00e1n cuando las probabilidades a veces se desv\u00eden.<\/p>\n<p>Por supuesto, no recomendamos jugar juegos de hockey sobre hielo en l\u00ednea. Proporcionar ingresos garantizados. Si esto es cierto, entonces todos lo har\u00e1n. Todav\u00eda existe la posibilidad de participar. La idea es que ver\u00e1 clientes potenciales en los sitios de apuestas, y estos sitios est\u00e1n en sitios de apuestas de f\u00fatbol y b\u00e9isbol. No es muy com\u00fan.<\/p>\n<h3>Conocimientos b\u00e1sicos del juego de hockey.<\/h3>\n<p>La mayor\u00eda de las apuestas de hockey sobre hielo se realizan en juegos en l\u00ednea de la NHL. A veces lo ver\u00e1 en la gu\u00eda superior. Se muestra informaci\u00f3n complementaria sobre el hockey europeo. Pero gracias a los apostadores estadounidenses. Conocer el hecho de la cantidad de equipos y participantes en estas ligas complementa los deportes m\u00e1s peque\u00f1os. En conclusi\u00f3n, un pu\u00f1ado de deliciosas apuestas deportivas en los Estados Unidos. Incluso proporcionarlos.<\/p>\n<p>En conclusi\u00f3n, NHL<a href=\"https:\/\/www.freebetsinfo.co.uk\/free-bets\/\"> apuestas Deportivas<\/a> se basa en ganar o perder. Proporcionan exactamente las mismas funciones, al igual que la asignaci\u00f3n de ubicaciones. El set intenta que todos los lados de la apuesta sean satisfactorios. La diferencia obvia entre \u00f3rdenes ganadoras y perdedoras y distribuci\u00f3n de posiciones es que la primera solo considera al ganador de cualquier videojuego.<\/p>\n<h3>El concepto detr\u00e1s de la l\u00ednea de efectivo<\/h3>\n<p>Cada videojuego de hockey. Ambos incluyen uno popular y otro fallido. Porque la mayor\u00eda de la gente solo adivinar\u00e1 sus preferencias. En conclusi\u00f3n, todas las dem\u00e1s variables permanecen sin cambios. Entonces, intentos de apuestas deportivas. Atrae a los apostantes para poner la acci\u00f3n en el lado opuesto. Por tanto, los apostadores son necesarios. Ponga m\u00e1s ingresos en mayor riesgo en lugar de apostar por las ventajas.<\/p>\n<\/div>\n<\/div>\n","protected":false},"excerpt":{"rendered":"<p>La elecci\u00f3n de su tipo depende de la experiencia del jugador, los objetivos perseguidos y el presupuesto disponible. Las apuestas se consideran las m\u00e1s exitosas.<\/p>\n<div class=\"hero-cup-section\">\n<div class=\"row mb-4\">\n<div class=\"col-md-7\">\n<div class=\"section-area\">\n<div class=\"section-list\">\n<li style=\"text-align: left\"><img decoding=\"async\" src=\"https:\/\/www.freebetbest.com\/wp-content\/uploads\/2021\/06\/tick.png\" alt=\"Deportes\"> Bono de bienvenida de Sports Casino.<\/li>\n<li style=\"text-align: left\"><img decoding=\"async\" src=\"https:\/\/www.freebetbest.com\/wp-content\/uploads\/2021\/06\/tick.png\" alt=\"ofertas de juegos\"> Ofertas y promociones de casas de apuestas online.<\/li>\n<li style=\"text-align: left\"><img decoding=\"async\" src=\"https:\/\/www.freebetbest.com\/wp-content\/uploads\/2021\/06\/tick.png\" alt=\"ofertas de juegos\"> Las mejores casas de apuestas online en las que puede confiar.<\/li>\n<li style=\"text-align: left\"><img decoding=\"async\" src=\"https:\/\/www.freebetbest.com\/wp-content\/uploads\/2021\/06\/tick.png\" alt=\"Autoritario\"> Revisi\u00f3n autorizada Seguro confiable.<\/li>\n<li style=\"text-align: left\"><img decoding=\"async\" src=\"https:\/\/www.freebetbest.com\/wp-content\/uploads\/2021\/06\/tick.png\" alt=\"Retiros r\u00e1pidos\"> Soporte de aplicaciones m\u00f3viles, retiros r\u00e1pidos.<\/li>\n<li style=\"text-align: left\"><img decoding=\"async\" src=\"https:\/\/www.freebetbest.com\/wp-content\/uploads\/2021\/06\/tick.png\" alt=\"Atenci\u00f3n al cliente\"> Atenci\u00f3n al cliente: 365 d\u00edas, 24 horas al d\u00eda.<\/li>\n<\/div>\n<\/div>\n<\/div>\n<div class=\"col-md-5\">\n<div class=\"cup-img\"><img decoding=\"async\" src=\"https:\/\/www.freebetbest.com\/wp-content\/uploads\/2021\/06\/Cricket-Betting.png\" alt=\"Deportes\"><\/div>\n<\/div>\n<\/div>\n","protected":false},"author":1,"featured_media":4693,"parent":0,"menu_order":0,"comment_status":"closed","ping_status":"closed","template":"Sports-template.php","meta":{"footnotes":""},"class_list":["post-4688","page","type-page","status-publish","has-post-thumbnail","hentry"],"yoast_head":"<!-- This site is optimized with the Yoast SEO Premium plugin v19.5 (Yoast SEO v27.0) - https:\/\/yoast.com\/product\/yoast-seo-premium-wordpress\/ -->\n<title>\u00daltimo bono de apuestas de hockey Promoci\u00f3n del primer dep\u00f3sito<\/title>\n<meta name=\"description\" content=\"\u00daltimo bono de apuestas de hockey Promoci\u00f3n de primer dep\u00f3sito. Apuesta gratis Bono sin dep\u00f3sito, bienvenido C\u00f3digo de bono de primer dep\u00f3sito, C\u00f3digo de bono de registro.\" \/>\n<meta name=\"robots\" content=\"index, follow, max-snippet:-1, max-image-preview:large, max-video-preview:-1\" \/>\n<link rel=\"canonical\" href=\"https:\/\/www.freebetbest.com\/es\/apuestas-online-de-hockey\/\" \/>\n<meta property=\"og:locale\" content=\"es_ES\" \/>\n<meta property=\"og:type\" content=\"article\" \/>\n<meta property=\"og:title\" content=\"\u00daltimo bono de apuestas de hockey\" \/>\n<meta property=\"og:description\" content=\"\u00daltimo bono de apuestas de hockey Promoci\u00f3n de primer dep\u00f3sito. Apuesta gratis Bono sin dep\u00f3sito, bienvenido C\u00f3digo de bono de primer dep\u00f3sito, C\u00f3digo de bono de registro.\" \/>\n<meta property=\"og:url\" content=\"https:\/\/www.freebetbest.com\/es\/apuestas-online-de-hockey\/\" \/>\n<meta property=\"og:site_name\" content=\"Apuesta gratis | Casino en l\u00ednea | Apuestas de f\u00fatbol | Mejores Casas De Apuestas Deportivas Online\" \/>\n<meta property=\"article:modified_time\" content=\"2021-08-16T06:42:08+00:00\" \/>\n<meta property=\"og:image\" content=\"https:\/\/www.freebetbest.com\/wp-content\/uploads\/2019\/07\/Field-Hockey.jpg\" \/>\n\t<meta property=\"og:image:width\" content=\"315\" \/>\n\t<meta property=\"og:image:height\" content=\"140\" \/>\n\t<meta property=\"og:image:type\" content=\"image\/jpeg\" \/>\n<meta name=\"twitter:card\" content=\"summary_large_image\" \/>\n<meta name=\"twitter:label1\" content=\"Tiempo de lectura\" \/>\n\t<meta name=\"twitter:data1\" content=\"4 minutos\" \/>\n<script type=\"application\/ld+json\" class=\"yoast-schema-graph\">{\"@context\":\"https:\/\/schema.org\",\"@graph\":[{\"@type\":\"WebPage\",\"@id\":\"https:\/\/www.freebetbest.com\/es\/apuestas-online-de-hockey\/\",\"url\":\"https:\/\/www.freebetbest.com\/es\/apuestas-online-de-hockey\/\",\"name\":\"\u00daltimo bono de apuestas de hockey Promoci\u00f3n del primer dep\u00f3sito\",\"isPartOf\":{\"@id\":\"https:\/\/www.freebetbest.com\/es\/#website\"},\"primaryImageOfPage\":{\"@id\":\"https:\/\/www.freebetbest.com\/es\/apuestas-online-de-hockey\/#primaryimage\"},\"image\":{\"@id\":\"https:\/\/www.freebetbest.com\/es\/apuestas-online-de-hockey\/#primaryimage\"},\"thumbnailUrl\":\"https:\/\/www.freebetbest.com\/wp-content\/uploads\/2019\/07\/Field-Hockey.jpg\",\"datePublished\":\"2019-07-19T09:24:55+00:00\",\"dateModified\":\"2021-08-16T06:42:08+00:00\",\"description\":\"\u00daltimo bono de apuestas de hockey Promoci\u00f3n de primer dep\u00f3sito. Apuesta gratis Bono sin dep\u00f3sito, bienvenido C\u00f3digo de bono de primer dep\u00f3sito, C\u00f3digo de bono de registro.\",\"breadcrumb\":{\"@id\":\"https:\/\/www.freebetbest.com\/es\/apuestas-online-de-hockey\/#breadcrumb\"},\"inLanguage\":\"es\",\"potentialAction\":[{\"@type\":\"ReadAction\",\"target\":[\"https:\/\/www.freebetbest.com\/es\/apuestas-online-de-hockey\/\"]}]},{\"@type\":\"ImageObject\",\"inLanguage\":\"es\",\"@id\":\"https:\/\/www.freebetbest.com\/es\/apuestas-online-de-hockey\/#primaryimage\",\"url\":\"https:\/\/www.freebetbest.com\/wp-content\/uploads\/2019\/07\/Field-Hockey.jpg\",\"contentUrl\":\"https:\/\/www.freebetbest.com\/wp-content\/uploads\/2019\/07\/Field-Hockey.jpg\",\"width\":315,\"height\":140,\"caption\":\"Apuestas en l\u00ednea de hockey\"},{\"@type\":\"BreadcrumbList\",\"@id\":\"https:\/\/www.freebetbest.com\/es\/apuestas-online-de-hockey\/#breadcrumb\",\"itemListElement\":[{\"@type\":\"ListItem\",\"position\":1,\"name\":\"Home\",\"item\":\"https:\/\/www.freebetbest.com\/es\/\"},{\"@type\":\"ListItem\",\"position\":2,\"name\":\"\u00daltimo bono de apuestas de hockey\"}]},{\"@type\":\"WebSite\",\"@id\":\"https:\/\/www.freebetbest.com\/es\/#website\",\"url\":\"https:\/\/www.freebetbest.com\/es\/\",\"name\":\"Apuesta gratis | Casino en l\u00ednea | Apuestas de f\u00fatbol | Mejores Casas De Apuestas Deportivas Online\",\"description\":\"Las mejores casas de apuestas en l\u00ednea, que ofrecen deportes, casino, p\u00f3ker, bingo y apuestas m\u00f3viles, casino en l\u00ednea, apuestas de f\u00fatbol, la mejor apuesta gratis, los portales de juego m\u00e1s importantes del mundo.\",\"publisher\":{\"@id\":\"https:\/\/www.freebetbest.com\/es\/#\/schema\/person\/292684ccf388a2362d507874c5b80a69\"},\"potentialAction\":[{\"@type\":\"SearchAction\",\"target\":{\"@type\":\"EntryPoint\",\"urlTemplate\":\"https:\/\/www.freebetbest.com\/es\/?s={search_term_string}\"},\"query-input\":{\"@type\":\"PropertyValueSpecification\",\"valueRequired\":true,\"valueName\":\"search_term_string\"}}],\"inLanguage\":\"es\"},{\"@type\":[\"Person\",\"Organization\"],\"@id\":\"https:\/\/www.freebetbest.com\/es\/#\/schema\/person\/292684ccf388a2362d507874c5b80a69\",\"name\":\"\u7ba1\u7406\",\"image\":{\"@type\":\"ImageObject\",\"inLanguage\":\"es\",\"@id\":\"https:\/\/www.freebetbest.com\/es\/#\/schema\/person\/image\/\",\"url\":\"https:\/\/www.freebetbest.com\/wp-content\/litespeed\/avatar\/49696b52fb15293a2168c14964fdd8b9.jpg?ver=1777439934\",\"contentUrl\":\"https:\/\/www.freebetbest.com\/wp-content\/litespeed\/avatar\/49696b52fb15293a2168c14964fdd8b9.jpg?ver=1777439934\",\"caption\":\"\u7ba1\u7406\"},\"logo\":{\"@id\":\"https:\/\/www.freebetbest.com\/es\/#\/schema\/person\/image\/\"},\"sameAs\":[\"admin\"]}]}<\/script>\n<!-- \/ Yoast SEO Premium plugin. -->","yoast_head_json":{"title":"\u00daltimo bono de apuestas de hockey Promoci\u00f3n del primer dep\u00f3sito","description":"\u00daltimo bono de apuestas de hockey Promoci\u00f3n de primer dep\u00f3sito. Apuesta gratis Bono sin dep\u00f3sito, bienvenido C\u00f3digo de bono de primer dep\u00f3sito, C\u00f3digo de bono de registro.","robots":{"index":"index","follow":"follow","max-snippet":"max-snippet:-1","max-image-preview":"max-image-preview:large","max-video-preview":"max-video-preview:-1"},"canonical":"https:\/\/www.freebetbest.com\/es\/apuestas-online-de-hockey\/","og_locale":"es_ES","og_type":"article","og_title":"\u00daltimo bono de apuestas de hockey","og_description":"\u00daltimo bono de apuestas de hockey Promoci\u00f3n de primer dep\u00f3sito. Apuesta gratis Bono sin dep\u00f3sito, bienvenido C\u00f3digo de bono de primer dep\u00f3sito, C\u00f3digo de bono de registro.","og_url":"https:\/\/www.freebetbest.com\/es\/apuestas-online-de-hockey\/","og_site_name":"Apuesta gratis | Casino en l\u00ednea | Apuestas de f\u00fatbol | Mejores Casas De Apuestas Deportivas Online","article_modified_time":"2021-08-16T06:42:08+00:00","og_image":[{"width":315,"height":140,"url":"https:\/\/www.freebetbest.com\/wp-content\/uploads\/2019\/07\/Field-Hockey.jpg","type":"image\/jpeg"}],"twitter_card":"summary_large_image","twitter_misc":{"Tiempo de lectura":"4 minutos"},"schema":{"@context":"https:\/\/schema.org","@graph":[{"@type":"WebPage","@id":"https:\/\/www.freebetbest.com\/es\/apuestas-online-de-hockey\/","url":"https:\/\/www.freebetbest.com\/es\/apuestas-online-de-hockey\/","name":"\u00daltimo bono de apuestas de hockey Promoci\u00f3n del primer dep\u00f3sito","isPartOf":{"@id":"https:\/\/www.freebetbest.com\/es\/#website"},"primaryImageOfPage":{"@id":"https:\/\/www.freebetbest.com\/es\/apuestas-online-de-hockey\/#primaryimage"},"image":{"@id":"https:\/\/www.freebetbest.com\/es\/apuestas-online-de-hockey\/#primaryimage"},"thumbnailUrl":"https:\/\/www.freebetbest.com\/wp-content\/uploads\/2019\/07\/Field-Hockey.jpg","datePublished":"2019-07-19T09:24:55+00:00","dateModified":"2021-08-16T06:42:08+00:00","description":"\u00daltimo bono de apuestas de hockey Promoci\u00f3n de primer dep\u00f3sito. Apuesta gratis Bono sin dep\u00f3sito, bienvenido C\u00f3digo de bono de primer dep\u00f3sito, C\u00f3digo de bono de registro.","breadcrumb":{"@id":"https:\/\/www.freebetbest.com\/es\/apuestas-online-de-hockey\/#breadcrumb"},"inLanguage":"es","potentialAction":[{"@type":"ReadAction","target":["https:\/\/www.freebetbest.com\/es\/apuestas-online-de-hockey\/"]}]},{"@type":"ImageObject","inLanguage":"es","@id":"https:\/\/www.freebetbest.com\/es\/apuestas-online-de-hockey\/#primaryimage","url":"https:\/\/www.freebetbest.com\/wp-content\/uploads\/2019\/07\/Field-Hockey.jpg","contentUrl":"https:\/\/www.freebetbest.com\/wp-content\/uploads\/2019\/07\/Field-Hockey.jpg","width":315,"height":140,"caption":"Apuestas en l\u00ednea de hockey"},{"@type":"BreadcrumbList","@id":"https:\/\/www.freebetbest.com\/es\/apuestas-online-de-hockey\/#breadcrumb","itemListElement":[{"@type":"ListItem","position":1,"name":"Home","item":"https:\/\/www.freebetbest.com\/es\/"},{"@type":"ListItem","position":2,"name":"\u00daltimo bono de apuestas de hockey"}]},{"@type":"WebSite","@id":"https:\/\/www.freebetbest.com\/es\/#website","url":"https:\/\/www.freebetbest.com\/es\/","name":"Apuesta gratis | Casino en l\u00ednea | Apuestas de f\u00fatbol | Mejores Casas De Apuestas Deportivas Online","description":"Las mejores casas de apuestas en l\u00ednea, que ofrecen deportes, casino, p\u00f3ker, bingo y apuestas m\u00f3viles, casino en l\u00ednea, apuestas de f\u00fatbol, la mejor apuesta gratis, los portales de juego m\u00e1s importantes del mundo.","publisher":{"@id":"https:\/\/www.freebetbest.com\/es\/#\/schema\/person\/292684ccf388a2362d507874c5b80a69"},"potentialAction":[{"@type":"SearchAction","target":{"@type":"EntryPoint","urlTemplate":"https:\/\/www.freebetbest.com\/es\/?s={search_term_string}"},"query-input":{"@type":"PropertyValueSpecification","valueRequired":true,"valueName":"search_term_string"}}],"inLanguage":"es"},{"@type":["Person","Organization"],"@id":"https:\/\/www.freebetbest.com\/es\/#\/schema\/person\/292684ccf388a2362d507874c5b80a69","name":"\u7ba1\u7406","image":{"@type":"ImageObject","inLanguage":"es","@id":"https:\/\/www.freebetbest.com\/es\/#\/schema\/person\/image\/","url":"https:\/\/www.freebetbest.com\/wp-content\/litespeed\/avatar\/49696b52fb15293a2168c14964fdd8b9.jpg?ver=1777439934","contentUrl":"https:\/\/www.freebetbest.com\/wp-content\/litespeed\/avatar\/49696b52fb15293a2168c14964fdd8b9.jpg?ver=1777439934","caption":"\u7ba1\u7406"},"logo":{"@id":"https:\/\/www.freebetbest.com\/es\/#\/schema\/person\/image\/"},"sameAs":["admin"]}]}},"_links":{"self":[{"href":"https:\/\/www.freebetbest.com\/es\/wp-json\/wp\/v2\/pages\/4688","targetHints":{"allow":["GET"]}}],"collection":[{"href":"https:\/\/www.freebetbest.com\/es\/wp-json\/wp\/v2\/pages"}],"about":[{"href":"https:\/\/www.freebetbest.com\/es\/wp-json\/wp\/v2\/types\/page"}],"author":[{"embeddable":true,"href":"https:\/\/www.freebetbest.com\/es\/wp-json\/wp\/v2\/users\/1"}],"replies":[{"embeddable":true,"href":"https:\/\/www.freebetbest.com\/es\/wp-json\/wp\/v2\/comments?post=4688"}],"version-history":[{"count":0,"href":"https:\/\/www.freebetbest.com\/es\/wp-json\/wp\/v2\/pages\/4688\/revisions"}],"wp:featuredmedia":[{"embeddable":true,"href":"https:\/\/www.freebetbest.com\/es\/wp-json\/wp\/v2\/media\/4693"}],"wp:attachment":[{"href":"https:\/\/www.freebetbest.com\/es\/wp-json\/wp\/v2\/media?parent=4688"}],"curies":[{"name":"wp","href":"https:\/\/api.w.org\/{rel}","templated":true}]}}