{"id":4687,"date":"2019-06-18T13:06:20","date_gmt":"2019-06-18T13:06:20","guid":{"rendered":"https:\/\/www.freebetbest.com\/apuestas-en-linea-de-carreras-de-caballos\/"},"modified":"2021-07-28T17:01:07","modified_gmt":"2021-07-28T17:01:07","slug":"apuestas-en-carreras-de-caballos","status":"publish","type":"page","link":"https:\/\/www.freebetbest.com\/es\/apuestas-en-carreras-de-caballos\/","title":{"rendered":"Apuestas en l\u00ednea de carreras de caballos"},"content":{"rendered":"<h2>Apuestas en l\u00ednea de carreras de caballos<\/h2>\n<p>Carreras de caballos Apuestas en l\u00ednea (Carreras de caballos<a href=\"https:\/\/www.freebetsinfo.co.uk\/asia-bookmakers\/\"> Apuestas en l\u00ednea<\/a> ) siempre ha sido una forma de apostar, proporciona sus propios fan\u00e1ticos, encontrar\u00e1s muchas opciones en el resultado final y, a veces, incluso resultados completamente impredecibles.<\/p>\n<p>A muchas personas les gusta prestar atenci\u00f3n. Mejoras en todo el mundo y ganar dinero de inmediato con sus caballos favoritos. Si tiene la oportunidad de visitar la pista, las apuestas de carreras de caballos ser\u00e1n una maravillosa aventura. De la manera correcta, apostar en las carreras de caballos no solo puede mejorar su estado de \u00e1nimo, sino tambi\u00e9n aumentar su billetera.<\/p>\n<h2>Apuestas de carreras de caballos en l\u00ednea crecimiento de las apuestas de carreras de caballos en el pasado<\/h2>\n<p>Las carreras de caballos son un tipo de deporte ecuestre. Se trata de una competici\u00f3n entre caballos y jinetes, con la esperanza de conseguir el primer puesto en su videojuego. Desde la antig\u00fcedad, las personas han tenido la oportunidad de elegir. Poseer mascotas a cambio de dinero, oro y productos, depende del pa\u00eds que organice el nivel de competencia. En ese momento, los videojuegos se jugaban en carros, por lo que los caballos ten\u00edan una sombra de tropa.<\/p>\n<p>En las carreras de caballos, encontrar\u00e1 una gu\u00eda para determinar el campe\u00f3n. En este horario, la organizaci\u00f3n de videojuegos ofrece muchos<a href=\"https:\/\/www.freebetbest.com\/es\/sitios-de-apuestas\/\"> apuestas de carreras de caballos<\/a> opciones:<\/p>\n<h3>C\u00f3mo hacer apuestas en l\u00ednea de carreras de caballos<\/h3>\n<p>En cuanto a las apuestas de carreras de caballos, suele haber varios tipos de jugadores. Alguien participa todos los a\u00f1os. Apuestas completamente gratis, cr\u00eda caballos con las mejores etiquetas. Algunas personas tienen juegos de palabras amistosos y saben nada menos que estudiar probabilidades, caballos y jinetes, y luego algunas personas van de adentro hacia afuera. Todos entienden las actividades deportivas.<\/p>\n<h3>Para aquellos que no est\u00e1n familiarizados con las carreras de caballos, pueden tomar muchas decisiones.<\/h3>\n<p>Un poco m\u00e1s complicado. Definitivamente es una apuesta en todos los sentidos. Puede que hayas o\u00eddo hablar de \u00e9l. Una de estas figuras destacadas, pero es posible que no se reconozca por completo. Se est\u00e1 realizando una apuesta de ida. Hay dos apuestas, una apuesta al caballo y la otra apuesta al caballo. Las probabilidades de adivinar en cada ubicaci\u00f3n. Por lo general, es una cuarta parte de su probabilidad principal.<\/p>\n<p>Esto significa si tu. Si vuelve a realizar una apuesta \u00fanica de 5 \u00a3 a un caballo con una probabilidad de 10\/1, apostar\u00e1 10 \u00a3. Cuando gane, obtendr\u00e1 las ganancias de las dos apuestas. Por lo tanto, recibir\u00e1 una ganancia de \u00a3 50. Sume sus acciones de 5 libras. Luego, ganar\u00e1 \u00a3 12.50 de la apuesta de ida, m\u00e1s \u00a3 5 de capital. Esto le dar\u00e1 un total de \u00a3 72.50.<\/p>\n<p>Si solo consigues todos los sentidos. Adem\u00e1s de la posici\u00f3n de los caballos, solo necesitar\u00e1 \u00a3 12.50 m\u00e1s una apuesta de \u00a3 5 para cada m\u00e9todo.<\/p>\n<h3>Apuesta simple<\/h3>\n<p>Este es el tipo m\u00e1s b\u00e1sico de carreras de caballos, esencialmente est\u00e1s en una carrera. Apoya a un caballo en el juego. Esta puede ser una opci\u00f3n de adquisici\u00f3n o puede ser todo tipo de especulaciones.<\/p>\n<h3>Algunas apuestas<\/h3>\n<p>Esto es muy parecido a un acumulador de f\u00fatbol, solo necesitas apostar una vez. Puede soportar varios caballos. Obtendr\u00e1 una combinaci\u00f3n de probabilidades y, cuando un caballo lo decepcione, perder\u00e1 todas sus apuestas.<\/p>\n<h3>Predicci\u00f3n directa<\/h3>\n<p>Chong Ma predice directamente oportunidades. S\u00ed, debes seguir el orden correcto. Predice las apuestas en los dos primeros caballos de la carrera.<\/p>\n<h3>Mirar atr\u00e1s<\/h3>\n<p>Este es b\u00e1sicamente un modelo predictivo para cualquier apuesta \u00fanica, que requiere dos apuestas, pero permitir\u00e1 que los caballos terminen en casi cualquier orden.<\/p>\n<h3>Carreras de caballos Apuestas online Triple play<\/h3>\n<p>En conclusi\u00f3n, esta puede ser una suposici\u00f3n muy \u00fatil, ya que requiere que una persona prediga los tres mejores finalistas.<\/p>\n<p>Adem\u00e1s, debe verificar el paquete m\u00e1s reciente. Y los datos de tu caballo. Estos detalles ser\u00e1n los elementos b\u00e1sicos de su elecci\u00f3n. Si elige correctamente. La casa de apuestas ha comprobado la situaci\u00f3n de antemano y puedes apostar en este juego. Obtenga enormes bonificaciones adicionales. \u00a1Buena suerte e ingresos de las apuestas de carreras de caballos!<\/p>\n<p><!-- \/wp:post-content --><\/p>\n<p><!-- wp:heading {\"level\":4} \/--><\/p>\n<p><!-- wp:heading {\"level\":4} \/--><\/p>\n","protected":false},"excerpt":{"rendered":"<p>Para las apuestas de carreras de caballos en Internet, debe elegir un excelente negocio de apuestas en l\u00ednea que nos proporcione condiciones de apuestas decentes.<\/p>\n<div class=\"hero-cup-section\">\n<div class=\"row mb-4\">\n<div class=\"col-md-7\">\n<div class=\"section-area\">\n<div class=\"section-list\">\n<li style=\"text-align: left\"><img decoding=\"async\" src=\"https:\/\/www.freebetbest.com\/wp-content\/uploads\/2021\/06\/tick.png\" alt=\"Deportes\"> Bono de bienvenida de Sports Casino.<\/li>\n<li style=\"text-align: left\"><img decoding=\"async\" src=\"https:\/\/www.freebetbest.com\/wp-content\/uploads\/2021\/06\/tick.png\" alt=\"ofertas de juegos\"> Ofertas y promociones de casas de apuestas online.<\/li>\n<li style=\"text-align: left\"><img decoding=\"async\" src=\"https:\/\/www.freebetbest.com\/wp-content\/uploads\/2021\/06\/tick.png\" alt=\"ofertas de juegos\"> Las mejores casas de apuestas online en las que puede confiar.<\/li>\n<li style=\"text-align: left\"><img decoding=\"async\" src=\"https:\/\/www.freebetbest.com\/wp-content\/uploads\/2021\/06\/tick.png\" alt=\"Autoritario\"> Revisi\u00f3n autorizada Seguro confiable.<\/li>\n<li style=\"text-align: left\"><img decoding=\"async\" src=\"https:\/\/www.freebetbest.com\/wp-content\/uploads\/2021\/06\/tick.png\" alt=\"Retiros r\u00e1pidos\"> Soporte de aplicaciones m\u00f3viles, retiros r\u00e1pidos.<\/li>\n<li style=\"text-align: left\"><img decoding=\"async\" src=\"https:\/\/www.freebetbest.com\/wp-content\/uploads\/2021\/06\/tick.png\" alt=\"Atenci\u00f3n al cliente\"> Atenci\u00f3n al cliente: 365 d\u00edas, 24 horas al d\u00eda.<\/li>\n<\/div>\n<\/div>\n<\/div>\n<div class=\"col-md-5\">\n<div class=\"cup-img\"><img decoding=\"async\" src=\"https:\/\/www.freebetsinfo.co.uk\/wp-content\/uploads\/2021\/06\/horse-horse-racing.png\" alt=\"Deportes\"><\/div>\n<\/div>\n<\/div>\n","protected":false},"author":1,"featured_media":4691,"parent":0,"menu_order":0,"comment_status":"closed","ping_status":"closed","template":"Sports-template.php","meta":{"footnotes":""},"class_list":["post-4687","page","type-page","status-publish","has-post-thumbnail","hentry"],"yoast_head":"<!-- This site is optimized with the Yoast SEO Premium plugin v19.5 (Yoast SEO v27.0) - https:\/\/yoast.com\/product\/yoast-seo-premium-wordpress\/ -->\n<title>Apuestas en l\u00ednea de carreras de caballos Casas de apuestas. Bono de registro de nuevo cliente.<\/title>\n<meta name=\"description\" content=\"Apuestas en l\u00ednea de carreras de caballos Casas de apuestas. Bono de registro de nuevo cliente, apuestas en l\u00ednea de carreras de caballos, c\u00f3digo de bono de primer dep\u00f3sito bienvenido,\" \/>\n<meta name=\"robots\" content=\"index, follow, max-snippet:-1, max-image-preview:large, max-video-preview:-1\" \/>\n<link rel=\"canonical\" href=\"https:\/\/www.freebetbest.com\/es\/apuestas-en-carreras-de-caballos\/\" \/>\n<meta property=\"og:locale\" content=\"es_ES\" \/>\n<meta property=\"og:type\" content=\"article\" \/>\n<meta property=\"og:title\" content=\"Apuestas en l\u00ednea de carreras de caballos\" \/>\n<meta property=\"og:description\" content=\"Apuestas en l\u00ednea de carreras de caballos Casas de apuestas. Bono de registro de nuevo cliente, apuestas en l\u00ednea de carreras de caballos, c\u00f3digo de bono de primer dep\u00f3sito bienvenido,\" \/>\n<meta property=\"og:url\" content=\"https:\/\/www.freebetbest.com\/es\/apuestas-en-carreras-de-caballos\/\" \/>\n<meta property=\"og:site_name\" content=\"Apuesta gratis | Casino en l\u00ednea | Apuestas de f\u00fatbol | Mejores Casas De Apuestas Deportivas Online\" \/>\n<meta property=\"article:modified_time\" content=\"2021-07-28T17:01:07+00:00\" \/>\n<meta property=\"og:image\" content=\"https:\/\/www.freebetbest.com\/wp-content\/uploads\/2019\/07\/Horse-racing_hero2.jpg\" \/>\n\t<meta property=\"og:image:width\" content=\"368\" \/>\n\t<meta property=\"og:image:height\" content=\"180\" \/>\n\t<meta property=\"og:image:type\" content=\"image\/jpeg\" \/>\n<meta name=\"twitter:card\" content=\"summary_large_image\" \/>\n<meta name=\"twitter:label1\" content=\"Tiempo de lectura\" \/>\n\t<meta name=\"twitter:data1\" content=\"3 minutos\" \/>\n<script type=\"application\/ld+json\" class=\"yoast-schema-graph\">{\"@context\":\"https:\/\/schema.org\",\"@graph\":[{\"@type\":\"WebPage\",\"@id\":\"https:\/\/www.freebetbest.com\/es\/apuestas-en-carreras-de-caballos\/\",\"url\":\"https:\/\/www.freebetbest.com\/es\/apuestas-en-carreras-de-caballos\/\",\"name\":\"Apuestas en l\u00ednea de carreras de caballos Casas de apuestas. Bono de registro de nuevo cliente.\",\"isPartOf\":{\"@id\":\"https:\/\/www.freebetbest.com\/es\/#website\"},\"primaryImageOfPage\":{\"@id\":\"https:\/\/www.freebetbest.com\/es\/apuestas-en-carreras-de-caballos\/#primaryimage\"},\"image\":{\"@id\":\"https:\/\/www.freebetbest.com\/es\/apuestas-en-carreras-de-caballos\/#primaryimage\"},\"thumbnailUrl\":\"https:\/\/www.freebetbest.com\/wp-content\/uploads\/2019\/07\/Horse-racing_hero2.jpg\",\"datePublished\":\"2019-06-18T13:06:20+00:00\",\"dateModified\":\"2021-07-28T17:01:07+00:00\",\"description\":\"Apuestas en l\u00ednea de carreras de caballos Casas de apuestas. Bono de registro de nuevo cliente, apuestas en l\u00ednea de carreras de caballos, c\u00f3digo de bono de primer dep\u00f3sito bienvenido,\",\"breadcrumb\":{\"@id\":\"https:\/\/www.freebetbest.com\/es\/apuestas-en-carreras-de-caballos\/#breadcrumb\"},\"inLanguage\":\"es\",\"potentialAction\":[{\"@type\":\"ReadAction\",\"target\":[\"https:\/\/www.freebetbest.com\/es\/apuestas-en-carreras-de-caballos\/\"]}]},{\"@type\":\"ImageObject\",\"inLanguage\":\"es\",\"@id\":\"https:\/\/www.freebetbest.com\/es\/apuestas-en-carreras-de-caballos\/#primaryimage\",\"url\":\"https:\/\/www.freebetbest.com\/wp-content\/uploads\/2019\/07\/Horse-racing_hero2.jpg\",\"contentUrl\":\"https:\/\/www.freebetbest.com\/wp-content\/uploads\/2019\/07\/Horse-racing_hero2.jpg\",\"width\":368,\"height\":180,\"caption\":\"Apuestas en l\u00ednea de carreras de caballos\"},{\"@type\":\"BreadcrumbList\",\"@id\":\"https:\/\/www.freebetbest.com\/es\/apuestas-en-carreras-de-caballos\/#breadcrumb\",\"itemListElement\":[{\"@type\":\"ListItem\",\"position\":1,\"name\":\"Home\",\"item\":\"https:\/\/www.freebetbest.com\/es\/\"},{\"@type\":\"ListItem\",\"position\":2,\"name\":\"Apuestas en l\u00ednea de carreras de caballos\"}]},{\"@type\":\"WebSite\",\"@id\":\"https:\/\/www.freebetbest.com\/es\/#website\",\"url\":\"https:\/\/www.freebetbest.com\/es\/\",\"name\":\"Apuesta gratis | Casino en l\u00ednea | Apuestas de f\u00fatbol | Mejores Casas De Apuestas Deportivas Online\",\"description\":\"Las mejores casas de apuestas en l\u00ednea, que ofrecen deportes, casino, p\u00f3ker, bingo y apuestas m\u00f3viles, casino en l\u00ednea, apuestas de f\u00fatbol, la mejor apuesta gratis, los portales de juego m\u00e1s importantes del mundo.\",\"publisher\":{\"@id\":\"https:\/\/www.freebetbest.com\/es\/#\/schema\/person\/292684ccf388a2362d507874c5b80a69\"},\"potentialAction\":[{\"@type\":\"SearchAction\",\"target\":{\"@type\":\"EntryPoint\",\"urlTemplate\":\"https:\/\/www.freebetbest.com\/es\/?s={search_term_string}\"},\"query-input\":{\"@type\":\"PropertyValueSpecification\",\"valueRequired\":true,\"valueName\":\"search_term_string\"}}],\"inLanguage\":\"es\"},{\"@type\":[\"Person\",\"Organization\"],\"@id\":\"https:\/\/www.freebetbest.com\/es\/#\/schema\/person\/292684ccf388a2362d507874c5b80a69\",\"name\":\"\u7ba1\u7406\",\"image\":{\"@type\":\"ImageObject\",\"inLanguage\":\"es\",\"@id\":\"https:\/\/www.freebetbest.com\/es\/#\/schema\/person\/image\/\",\"url\":\"https:\/\/www.freebetbest.com\/wp-content\/litespeed\/avatar\/49696b52fb15293a2168c14964fdd8b9.jpg?ver=1777439934\",\"contentUrl\":\"https:\/\/www.freebetbest.com\/wp-content\/litespeed\/avatar\/49696b52fb15293a2168c14964fdd8b9.jpg?ver=1777439934\",\"caption\":\"\u7ba1\u7406\"},\"logo\":{\"@id\":\"https:\/\/www.freebetbest.com\/es\/#\/schema\/person\/image\/\"},\"sameAs\":[\"admin\"]}]}<\/script>\n<!-- \/ Yoast SEO Premium plugin. -->","yoast_head_json":{"title":"Apuestas en l\u00ednea de carreras de caballos Casas de apuestas. Bono de registro de nuevo cliente.","description":"Apuestas en l\u00ednea de carreras de caballos Casas de apuestas. Bono de registro de nuevo cliente, apuestas en l\u00ednea de carreras de caballos, c\u00f3digo de bono de primer dep\u00f3sito bienvenido,","robots":{"index":"index","follow":"follow","max-snippet":"max-snippet:-1","max-image-preview":"max-image-preview:large","max-video-preview":"max-video-preview:-1"},"canonical":"https:\/\/www.freebetbest.com\/es\/apuestas-en-carreras-de-caballos\/","og_locale":"es_ES","og_type":"article","og_title":"Apuestas en l\u00ednea de carreras de caballos","og_description":"Apuestas en l\u00ednea de carreras de caballos Casas de apuestas. Bono de registro de nuevo cliente, apuestas en l\u00ednea de carreras de caballos, c\u00f3digo de bono de primer dep\u00f3sito bienvenido,","og_url":"https:\/\/www.freebetbest.com\/es\/apuestas-en-carreras-de-caballos\/","og_site_name":"Apuesta gratis | Casino en l\u00ednea | Apuestas de f\u00fatbol | Mejores Casas De Apuestas Deportivas Online","article_modified_time":"2021-07-28T17:01:07+00:00","og_image":[{"width":368,"height":180,"url":"https:\/\/www.freebetbest.com\/wp-content\/uploads\/2019\/07\/Horse-racing_hero2.jpg","type":"image\/jpeg"}],"twitter_card":"summary_large_image","twitter_misc":{"Tiempo de lectura":"3 minutos"},"schema":{"@context":"https:\/\/schema.org","@graph":[{"@type":"WebPage","@id":"https:\/\/www.freebetbest.com\/es\/apuestas-en-carreras-de-caballos\/","url":"https:\/\/www.freebetbest.com\/es\/apuestas-en-carreras-de-caballos\/","name":"Apuestas en l\u00ednea de carreras de caballos Casas de apuestas. Bono de registro de nuevo cliente.","isPartOf":{"@id":"https:\/\/www.freebetbest.com\/es\/#website"},"primaryImageOfPage":{"@id":"https:\/\/www.freebetbest.com\/es\/apuestas-en-carreras-de-caballos\/#primaryimage"},"image":{"@id":"https:\/\/www.freebetbest.com\/es\/apuestas-en-carreras-de-caballos\/#primaryimage"},"thumbnailUrl":"https:\/\/www.freebetbest.com\/wp-content\/uploads\/2019\/07\/Horse-racing_hero2.jpg","datePublished":"2019-06-18T13:06:20+00:00","dateModified":"2021-07-28T17:01:07+00:00","description":"Apuestas en l\u00ednea de carreras de caballos Casas de apuestas. Bono de registro de nuevo cliente, apuestas en l\u00ednea de carreras de caballos, c\u00f3digo de bono de primer dep\u00f3sito bienvenido,","breadcrumb":{"@id":"https:\/\/www.freebetbest.com\/es\/apuestas-en-carreras-de-caballos\/#breadcrumb"},"inLanguage":"es","potentialAction":[{"@type":"ReadAction","target":["https:\/\/www.freebetbest.com\/es\/apuestas-en-carreras-de-caballos\/"]}]},{"@type":"ImageObject","inLanguage":"es","@id":"https:\/\/www.freebetbest.com\/es\/apuestas-en-carreras-de-caballos\/#primaryimage","url":"https:\/\/www.freebetbest.com\/wp-content\/uploads\/2019\/07\/Horse-racing_hero2.jpg","contentUrl":"https:\/\/www.freebetbest.com\/wp-content\/uploads\/2019\/07\/Horse-racing_hero2.jpg","width":368,"height":180,"caption":"Apuestas en l\u00ednea de carreras de caballos"},{"@type":"BreadcrumbList","@id":"https:\/\/www.freebetbest.com\/es\/apuestas-en-carreras-de-caballos\/#breadcrumb","itemListElement":[{"@type":"ListItem","position":1,"name":"Home","item":"https:\/\/www.freebetbest.com\/es\/"},{"@type":"ListItem","position":2,"name":"Apuestas en l\u00ednea de carreras de caballos"}]},{"@type":"WebSite","@id":"https:\/\/www.freebetbest.com\/es\/#website","url":"https:\/\/www.freebetbest.com\/es\/","name":"Apuesta gratis | Casino en l\u00ednea | Apuestas de f\u00fatbol | Mejores Casas De Apuestas Deportivas Online","description":"Las mejores casas de apuestas en l\u00ednea, que ofrecen deportes, casino, p\u00f3ker, bingo y apuestas m\u00f3viles, casino en l\u00ednea, apuestas de f\u00fatbol, la mejor apuesta gratis, los portales de juego m\u00e1s importantes del mundo.","publisher":{"@id":"https:\/\/www.freebetbest.com\/es\/#\/schema\/person\/292684ccf388a2362d507874c5b80a69"},"potentialAction":[{"@type":"SearchAction","target":{"@type":"EntryPoint","urlTemplate":"https:\/\/www.freebetbest.com\/es\/?s={search_term_string}"},"query-input":{"@type":"PropertyValueSpecification","valueRequired":true,"valueName":"search_term_string"}}],"inLanguage":"es"},{"@type":["Person","Organization"],"@id":"https:\/\/www.freebetbest.com\/es\/#\/schema\/person\/292684ccf388a2362d507874c5b80a69","name":"\u7ba1\u7406","image":{"@type":"ImageObject","inLanguage":"es","@id":"https:\/\/www.freebetbest.com\/es\/#\/schema\/person\/image\/","url":"https:\/\/www.freebetbest.com\/wp-content\/litespeed\/avatar\/49696b52fb15293a2168c14964fdd8b9.jpg?ver=1777439934","contentUrl":"https:\/\/www.freebetbest.com\/wp-content\/litespeed\/avatar\/49696b52fb15293a2168c14964fdd8b9.jpg?ver=1777439934","caption":"\u7ba1\u7406"},"logo":{"@id":"https:\/\/www.freebetbest.com\/es\/#\/schema\/person\/image\/"},"sameAs":["admin"]}]}},"_links":{"self":[{"href":"https:\/\/www.freebetbest.com\/es\/wp-json\/wp\/v2\/pages\/4687","targetHints":{"allow":["GET"]}}],"collection":[{"href":"https:\/\/www.freebetbest.com\/es\/wp-json\/wp\/v2\/pages"}],"about":[{"href":"https:\/\/www.freebetbest.com\/es\/wp-json\/wp\/v2\/types\/page"}],"author":[{"embeddable":true,"href":"https:\/\/www.freebetbest.com\/es\/wp-json\/wp\/v2\/users\/1"}],"replies":[{"embeddable":true,"href":"https:\/\/www.freebetbest.com\/es\/wp-json\/wp\/v2\/comments?post=4687"}],"version-history":[{"count":0,"href":"https:\/\/www.freebetbest.com\/es\/wp-json\/wp\/v2\/pages\/4687\/revisions"}],"wp:featuredmedia":[{"embeddable":true,"href":"https:\/\/www.freebetbest.com\/es\/wp-json\/wp\/v2\/media\/4691"}],"wp:attachment":[{"href":"https:\/\/www.freebetbest.com\/es\/wp-json\/wp\/v2\/media?parent=4687"}],"curies":[{"name":"wp","href":"https:\/\/api.w.org\/{rel}","templated":true}]}}