{"id":4686,"date":"2019-06-18T07:42:34","date_gmt":"2019-06-18T07:42:34","guid":{"rendered":"https:\/\/www.freebetbest.com\/apuestas-en-linea-de-futbol\/"},"modified":"2021-08-16T04:37:17","modified_gmt":"2021-08-16T04:37:17","slug":"apuestas-online-de-futbol","status":"publish","type":"page","link":"https:\/\/www.freebetbest.com\/es\/apuestas-online-de-futbol\/","title":{"rendered":"\u00daltimo bono de apuestas de f\u00fatbol"},"content":{"rendered":"\n<div class=\"text-area__container\">\n<div class=\"text-area__content\">\n<h2>\u00daltimo bono de apuestas de f\u00fatbol<\/h2>\n\u00daltimo bono de apuestas de f\u00fatbol. Se usa f\u00fatbol. Una de las actividades deportivas de equipo m\u00e1s amplias, sus participantes en todos los aspectos. Todos desean estar satisfechos. No se necesitan dedos. Pase el bal\u00f3n a la porter\u00eda del oponente. Ya sea en los pa\u00edses de la CEI.\n<h3>Muchas casas de apuestas apuestan por lo \u00faltimo<a href=\"https:\/\/www.freebetbest.com\/es\/sitios-de-apuestas\/\"> apuestas de f\u00fatbol<\/a> prima<\/h3>\nLa actividad deportiva m\u00e1s popular del mundo. La mejor opci\u00f3n en rankings de b\u00fasqueda. Algunos aficionados apuestan. Nunca omitas los juegos de baloncesto. Y ganar efectivamente apuestas de f\u00fatbol\n<h3>\u00daltimo bot\u00f3n de bonificaci\u00f3n de apuestas de f\u00fatbol<\/h3>\nApuestas de f\u00fatbol online. Si trabajas duro, apuesta por el f\u00fatbol online. Puede ser la principal fuente de ingresos. Clasificaci\u00f3n de informaci\u00f3n, evaluaci\u00f3n previa al partido y revisi\u00f3n de empresas de apuestas. Brindarle los mayores descuentos. Ser\u00e1 la base para elegir una apuesta.\n<h3>Al considerar la mejor manera de obtener el \u00faltimo bono de apuestas de f\u00fatbol<\/h3>\nDebes recordar que gana el primer grupo. Trauma, enfermedad de consejer\u00eda, mal estado mental, baja econom\u00eda de juego. Todos estos son f\u00e1ciles de cambiar. La victoria aparentemente obvia. Apostar por los uniformes de baloncesto es definitivamente uno. Una profesi\u00f3n milenaria que puede aportar una gran riqueza a muchas personas.\n<h3>Para cada \u00faltimo juego de bonificaci\u00f3n de apuestas de f\u00fatbol, encontrar\u00e1 apuestas pronosticadas.<\/h3>\nEs necesario considerar el n\u00famero de campeones. Con todo, por ejemplo, en el Campeonato de Alemania en Alemania, as\u00ed como en los juegos de campeonato en Francia e Italia, se pueden ver muchos goles. Por supuesto, no funcion\u00f3 bien. Lo primero a considerar en esta actividad\n<h3>El principal portero del f\u00fatbol<\/h3>\nAs\u00ed como la l\u00ednea defensiva del jugador y el tipo de colecci\u00f3n de golpes. En resumen, en circunstancias normales, la falta de defensa de los principales jugadores en el juego definitivo, e incluso el rendimiento insuficiente de los dos delanteros, conducir\u00e1n a un conjunto m\u00e1s grande y compacto.\n<h3>En resumen, el sitio de apuestas de la compa\u00f1\u00eda de apuestas.<\/h3>\nTodos los fan\u00e1ticos de las apuestas. Ambos proporcionan las condiciones m\u00e1s simples. La mejor y m\u00e1s efectiva oportunidad de juego en l\u00ednea. Le permite beneficiarse de oportunidades especiales sin trabajo extremo ni compras de dinero. Puede obtener ingresos.\n<h3>La clave del \u00e9xito<a href=\"https:\/\/www.freebetsinfo.co.uk\/asia-bookmakers\/\"> bono de apuestas<\/a><\/h3>\nEn conclusi\u00f3n, elija el juego y la estrategia financiera m\u00e1s adecuados. En resumen, aumentar\u00e1 significativamente la probabilidad de ganar del jugador, al tiempo que le permitir\u00e1 aumentar significativamente el pago inicial del apostador.\n<h3>Recompensa asombrosa<\/h3>\nUna de las mejores razones para probar las apuestas online. Es una excelente fuente de bonificaciones adicionales. Solo buscamos los disponibles en las casas de apuestas. El bono m\u00e1s grande y m\u00e1s grande. Estas promociones de marketing. Le proporcionar\u00e1 m\u00e1s experiencia en efectivo y, por lo general, tambi\u00e9n incluir\u00e1 otros beneficios, como apuestas gratuitas. O cuando renuncia a las apuestas de bonificaci\u00f3n adicionales. Reembolso garantizado.\n<h3>Muchos mercados<\/h3>\nLa empresa de apuestas por Internet m\u00e1s eficaz. Le permitir\u00e1 ver desde todo el mundo. Apostando en diversos eventos deportivos y eventos. Nuestro sitio de apuestas favorito. No solo te permite realizar apuestas en eventos que ocurren en todo el mundo, sino que tambi\u00e9n te permite. Cualquier f\u00fatbol o hockey que tenga lugar en otros pa\u00edses \/ regiones del mundo. U otros eventos deportivos para apostar. Cuantos m\u00e1s segmentos de mercado proporcionemos, m\u00e1s probable ser\u00e1 nuestra empresa. Proporcione sugerencias para el sitio web.\n<h3>Primer dep\u00f3sito f\u00e1cil<\/h3>\nLos sitios de apuestas pueden poseer. Cada caracter\u00edstica de lo mejor del mundo, pero a menos que pueda f\u00e1cilmente. Deposite efectivo en su cuenta o no podr\u00e1 disfrutarlo. Nuestro sitio web recomendado. No solo para ti. Varios m\u00e9todos de dep\u00f3sito diferentes, pero tambi\u00e9n hacen el proceso financiero. Mant\u00e9ngalo lo m\u00e1s simple posible para que pueda. Conc\u00e9ntrese en generar apuestas sin preocuparse por su efectivo.\n\n<\/div>\n<\/div>\n","protected":false},"excerpt":{"rendered":"<p>Las mejores cuotas de la compa\u00f1\u00eda de apuestas de apuestas de f\u00fatbol: apueste por un partido de f\u00fatbol y gane inmediatamente.<\/p>\n<div class=\"hero-cup-section\">\n<div class=\"row mb-4\">\n<div class=\"col-md-7\">\n<div class=\"section-area\">\n<div class=\"section-list\">\n<li style=\"text-align: left\"><img decoding=\"async\" src=\"https:\/\/www.freebetbest.com\/wp-content\/uploads\/2021\/06\/tick.png\" alt=\"Deportes\"> Bono de bienvenida de Sports Casino.<\/li>\n<li style=\"text-align: left\"><img decoding=\"async\" src=\"https:\/\/www.freebetbest.com\/wp-content\/uploads\/2021\/06\/tick.png\" alt=\"ofertas de juegos\"> Ofertas y promociones de casas de apuestas online.<\/li>\n<li style=\"text-align: left\"><img decoding=\"async\" src=\"https:\/\/www.freebetbest.com\/wp-content\/uploads\/2021\/06\/tick.png\" alt=\"ofertas de juegos\"> Las mejores casas de apuestas online en las que puede confiar.<\/li>\n<li style=\"text-align: left\"><img decoding=\"async\" src=\"https:\/\/www.freebetbest.com\/wp-content\/uploads\/2021\/06\/tick.png\" alt=\"Autoritario\"> Revisi\u00f3n autorizada Seguro confiable.<\/li>\n<li style=\"text-align: left\"><img decoding=\"async\" src=\"https:\/\/www.freebetbest.com\/wp-content\/uploads\/2021\/06\/tick.png\" alt=\"Retiros r\u00e1pidos\"> Soporte de aplicaciones m\u00f3viles, retiros r\u00e1pidos.<\/li>\n<li style=\"text-align: left\"><img decoding=\"async\" src=\"https:\/\/www.freebetbest.com\/wp-content\/uploads\/2021\/06\/tick.png\" alt=\"Atenci\u00f3n al cliente\"> Atenci\u00f3n al cliente: 365 d\u00edas, 24 horas al d\u00eda.<\/li>\n<\/div>\n<\/div>\n<\/div>\n<div class=\"col-md-5\">\n<div class=\"cup-img\"><img decoding=\"async\" src=\"https:\/\/www.freebetbest.com\/wp-content\/uploads\/2021\/06\/asia.png\" alt=\"Deportes\"><\/div>\n<\/div>\n<\/div>\n","protected":false},"author":1,"featured_media":4692,"parent":0,"menu_order":0,"comment_status":"closed","ping_status":"closed","template":"template-betting.php","meta":{"footnotes":""},"class_list":["post-4686","page","type-page","status-publish","has-post-thumbnail","hentry"],"yoast_head":"<!-- This site is optimized with the Yoast SEO Premium plugin v19.5 (Yoast SEO v27.0) - https:\/\/yoast.com\/product\/yoast-seo-premium-wordpress\/ -->\n<title>\u00daltimo bono de apuestas de f\u00fatbol , promoci\u00f3n de dep\u00f3sito por primera vez<\/title>\n<meta name=\"description\" content=\"\u00daltimo bono de apuestas de f\u00fatbol , Apuesta gratis Bono sin dep\u00f3sito, bienvenido C\u00f3digo de bono de primer dep\u00f3sito, C\u00f3digo de bono de registro. Mejores probabilidades para las apuestas deportivas\" \/>\n<meta name=\"robots\" content=\"index, follow, max-snippet:-1, max-image-preview:large, max-video-preview:-1\" \/>\n<link rel=\"canonical\" href=\"https:\/\/www.freebetbest.com\/es\/apuestas-online-de-futbol\/\" \/>\n<meta property=\"og:locale\" content=\"es_ES\" \/>\n<meta property=\"og:type\" content=\"article\" \/>\n<meta property=\"og:title\" content=\"\u00daltimo bono de apuestas de f\u00fatbol\" \/>\n<meta property=\"og:description\" content=\"\u00daltimo bono de apuestas de f\u00fatbol , Apuesta gratis Bono sin dep\u00f3sito, bienvenido C\u00f3digo de bono de primer dep\u00f3sito, C\u00f3digo de bono de registro. Mejores probabilidades para las apuestas deportivas\" \/>\n<meta property=\"og:url\" content=\"https:\/\/www.freebetbest.com\/es\/apuestas-online-de-futbol\/\" \/>\n<meta property=\"og:site_name\" content=\"Apuesta gratis | Casino en l\u00ednea | Apuestas de f\u00fatbol | Mejores Casas De Apuestas Deportivas Online\" \/>\n<meta property=\"article:modified_time\" content=\"2021-08-16T04:37:17+00:00\" \/>\n<meta property=\"og:image\" content=\"https:\/\/www.freebetbest.com\/wp-content\/uploads\/2019\/07\/6-60171_football-wallpaper-football-wallpaper-hd.jpg\" \/>\n\t<meta property=\"og:image:width\" content=\"320\" \/>\n\t<meta property=\"og:image:height\" content=\"180\" \/>\n\t<meta property=\"og:image:type\" content=\"image\/jpeg\" \/>\n<meta name=\"twitter:card\" content=\"summary_large_image\" \/>\n<meta name=\"twitter:label1\" content=\"Tiempo de lectura\" \/>\n\t<meta name=\"twitter:data1\" content=\"3 minutos\" \/>\n<script type=\"application\/ld+json\" class=\"yoast-schema-graph\">{\"@context\":\"https:\/\/schema.org\",\"@graph\":[{\"@type\":\"WebPage\",\"@id\":\"https:\/\/www.freebetbest.com\/es\/apuestas-online-de-futbol\/\",\"url\":\"https:\/\/www.freebetbest.com\/es\/apuestas-online-de-futbol\/\",\"name\":\"\u00daltimo bono de apuestas de f\u00fatbol , promoci\u00f3n de dep\u00f3sito por primera vez\",\"isPartOf\":{\"@id\":\"https:\/\/www.freebetbest.com\/es\/#website\"},\"primaryImageOfPage\":{\"@id\":\"https:\/\/www.freebetbest.com\/es\/apuestas-online-de-futbol\/#primaryimage\"},\"image\":{\"@id\":\"https:\/\/www.freebetbest.com\/es\/apuestas-online-de-futbol\/#primaryimage\"},\"thumbnailUrl\":\"https:\/\/www.freebetbest.com\/wp-content\/uploads\/2019\/07\/6-60171_football-wallpaper-football-wallpaper-hd.jpg\",\"datePublished\":\"2019-06-18T07:42:34+00:00\",\"dateModified\":\"2021-08-16T04:37:17+00:00\",\"description\":\"\u00daltimo bono de apuestas de f\u00fatbol , Apuesta gratis Bono sin dep\u00f3sito, bienvenido C\u00f3digo de bono de primer dep\u00f3sito, C\u00f3digo de bono de registro. Mejores probabilidades para las apuestas deportivas\",\"breadcrumb\":{\"@id\":\"https:\/\/www.freebetbest.com\/es\/apuestas-online-de-futbol\/#breadcrumb\"},\"inLanguage\":\"es\",\"potentialAction\":[{\"@type\":\"ReadAction\",\"target\":[\"https:\/\/www.freebetbest.com\/es\/apuestas-online-de-futbol\/\"]}]},{\"@type\":\"ImageObject\",\"inLanguage\":\"es\",\"@id\":\"https:\/\/www.freebetbest.com\/es\/apuestas-online-de-futbol\/#primaryimage\",\"url\":\"https:\/\/www.freebetbest.com\/wp-content\/uploads\/2019\/07\/6-60171_football-wallpaper-football-wallpaper-hd.jpg\",\"contentUrl\":\"https:\/\/www.freebetbest.com\/wp-content\/uploads\/2019\/07\/6-60171_football-wallpaper-football-wallpaper-hd.jpg\",\"width\":320,\"height\":180,\"caption\":\"\u00daltimo bono de apuestas de f\u00fatbol\"},{\"@type\":\"BreadcrumbList\",\"@id\":\"https:\/\/www.freebetbest.com\/es\/apuestas-online-de-futbol\/#breadcrumb\",\"itemListElement\":[{\"@type\":\"ListItem\",\"position\":1,\"name\":\"Home\",\"item\":\"https:\/\/www.freebetbest.com\/es\/\"},{\"@type\":\"ListItem\",\"position\":2,\"name\":\"\u00daltimo bono de apuestas de f\u00fatbol\"}]},{\"@type\":\"WebSite\",\"@id\":\"https:\/\/www.freebetbest.com\/es\/#website\",\"url\":\"https:\/\/www.freebetbest.com\/es\/\",\"name\":\"Apuesta gratis | Casino en l\u00ednea | Apuestas de f\u00fatbol | Mejores Casas De Apuestas Deportivas Online\",\"description\":\"Las mejores casas de apuestas en l\u00ednea, que ofrecen deportes, casino, p\u00f3ker, bingo y apuestas m\u00f3viles, casino en l\u00ednea, apuestas de f\u00fatbol, la mejor apuesta gratis, los portales de juego m\u00e1s importantes del mundo.\",\"publisher\":{\"@id\":\"https:\/\/www.freebetbest.com\/es\/#\/schema\/person\/292684ccf388a2362d507874c5b80a69\"},\"potentialAction\":[{\"@type\":\"SearchAction\",\"target\":{\"@type\":\"EntryPoint\",\"urlTemplate\":\"https:\/\/www.freebetbest.com\/es\/?s={search_term_string}\"},\"query-input\":{\"@type\":\"PropertyValueSpecification\",\"valueRequired\":true,\"valueName\":\"search_term_string\"}}],\"inLanguage\":\"es\"},{\"@type\":[\"Person\",\"Organization\"],\"@id\":\"https:\/\/www.freebetbest.com\/es\/#\/schema\/person\/292684ccf388a2362d507874c5b80a69\",\"name\":\"\u7ba1\u7406\",\"image\":{\"@type\":\"ImageObject\",\"inLanguage\":\"es\",\"@id\":\"https:\/\/www.freebetbest.com\/es\/#\/schema\/person\/image\/\",\"url\":\"https:\/\/www.freebetbest.com\/wp-content\/litespeed\/avatar\/49696b52fb15293a2168c14964fdd8b9.jpg?ver=1775625495\",\"contentUrl\":\"https:\/\/www.freebetbest.com\/wp-content\/litespeed\/avatar\/49696b52fb15293a2168c14964fdd8b9.jpg?ver=1775625495\",\"caption\":\"\u7ba1\u7406\"},\"logo\":{\"@id\":\"https:\/\/www.freebetbest.com\/es\/#\/schema\/person\/image\/\"},\"sameAs\":[\"admin\"]}]}<\/script>\n<!-- \/ Yoast SEO Premium plugin. -->","yoast_head_json":{"title":"\u00daltimo bono de apuestas de f\u00fatbol , promoci\u00f3n de dep\u00f3sito por primera vez","description":"\u00daltimo bono de apuestas de f\u00fatbol , Apuesta gratis Bono sin dep\u00f3sito, bienvenido C\u00f3digo de bono de primer dep\u00f3sito, C\u00f3digo de bono de registro. Mejores probabilidades para las apuestas deportivas","robots":{"index":"index","follow":"follow","max-snippet":"max-snippet:-1","max-image-preview":"max-image-preview:large","max-video-preview":"max-video-preview:-1"},"canonical":"https:\/\/www.freebetbest.com\/es\/apuestas-online-de-futbol\/","og_locale":"es_ES","og_type":"article","og_title":"\u00daltimo bono de apuestas de f\u00fatbol","og_description":"\u00daltimo bono de apuestas de f\u00fatbol , Apuesta gratis Bono sin dep\u00f3sito, bienvenido C\u00f3digo de bono de primer dep\u00f3sito, C\u00f3digo de bono de registro. Mejores probabilidades para las apuestas deportivas","og_url":"https:\/\/www.freebetbest.com\/es\/apuestas-online-de-futbol\/","og_site_name":"Apuesta gratis | Casino en l\u00ednea | Apuestas de f\u00fatbol | Mejores Casas De Apuestas Deportivas Online","article_modified_time":"2021-08-16T04:37:17+00:00","og_image":[{"width":320,"height":180,"url":"https:\/\/www.freebetbest.com\/wp-content\/uploads\/2019\/07\/6-60171_football-wallpaper-football-wallpaper-hd.jpg","type":"image\/jpeg"}],"twitter_card":"summary_large_image","twitter_misc":{"Tiempo de lectura":"3 minutos"},"schema":{"@context":"https:\/\/schema.org","@graph":[{"@type":"WebPage","@id":"https:\/\/www.freebetbest.com\/es\/apuestas-online-de-futbol\/","url":"https:\/\/www.freebetbest.com\/es\/apuestas-online-de-futbol\/","name":"\u00daltimo bono de apuestas de f\u00fatbol , promoci\u00f3n de dep\u00f3sito por primera vez","isPartOf":{"@id":"https:\/\/www.freebetbest.com\/es\/#website"},"primaryImageOfPage":{"@id":"https:\/\/www.freebetbest.com\/es\/apuestas-online-de-futbol\/#primaryimage"},"image":{"@id":"https:\/\/www.freebetbest.com\/es\/apuestas-online-de-futbol\/#primaryimage"},"thumbnailUrl":"https:\/\/www.freebetbest.com\/wp-content\/uploads\/2019\/07\/6-60171_football-wallpaper-football-wallpaper-hd.jpg","datePublished":"2019-06-18T07:42:34+00:00","dateModified":"2021-08-16T04:37:17+00:00","description":"\u00daltimo bono de apuestas de f\u00fatbol , Apuesta gratis Bono sin dep\u00f3sito, bienvenido C\u00f3digo de bono de primer dep\u00f3sito, C\u00f3digo de bono de registro. Mejores probabilidades para las apuestas deportivas","breadcrumb":{"@id":"https:\/\/www.freebetbest.com\/es\/apuestas-online-de-futbol\/#breadcrumb"},"inLanguage":"es","potentialAction":[{"@type":"ReadAction","target":["https:\/\/www.freebetbest.com\/es\/apuestas-online-de-futbol\/"]}]},{"@type":"ImageObject","inLanguage":"es","@id":"https:\/\/www.freebetbest.com\/es\/apuestas-online-de-futbol\/#primaryimage","url":"https:\/\/www.freebetbest.com\/wp-content\/uploads\/2019\/07\/6-60171_football-wallpaper-football-wallpaper-hd.jpg","contentUrl":"https:\/\/www.freebetbest.com\/wp-content\/uploads\/2019\/07\/6-60171_football-wallpaper-football-wallpaper-hd.jpg","width":320,"height":180,"caption":"\u00daltimo bono de apuestas de f\u00fatbol"},{"@type":"BreadcrumbList","@id":"https:\/\/www.freebetbest.com\/es\/apuestas-online-de-futbol\/#breadcrumb","itemListElement":[{"@type":"ListItem","position":1,"name":"Home","item":"https:\/\/www.freebetbest.com\/es\/"},{"@type":"ListItem","position":2,"name":"\u00daltimo bono de apuestas de f\u00fatbol"}]},{"@type":"WebSite","@id":"https:\/\/www.freebetbest.com\/es\/#website","url":"https:\/\/www.freebetbest.com\/es\/","name":"Apuesta gratis | Casino en l\u00ednea | Apuestas de f\u00fatbol | Mejores Casas De Apuestas Deportivas Online","description":"Las mejores casas de apuestas en l\u00ednea, que ofrecen deportes, casino, p\u00f3ker, bingo y apuestas m\u00f3viles, casino en l\u00ednea, apuestas de f\u00fatbol, la mejor apuesta gratis, los portales de juego m\u00e1s importantes del mundo.","publisher":{"@id":"https:\/\/www.freebetbest.com\/es\/#\/schema\/person\/292684ccf388a2362d507874c5b80a69"},"potentialAction":[{"@type":"SearchAction","target":{"@type":"EntryPoint","urlTemplate":"https:\/\/www.freebetbest.com\/es\/?s={search_term_string}"},"query-input":{"@type":"PropertyValueSpecification","valueRequired":true,"valueName":"search_term_string"}}],"inLanguage":"es"},{"@type":["Person","Organization"],"@id":"https:\/\/www.freebetbest.com\/es\/#\/schema\/person\/292684ccf388a2362d507874c5b80a69","name":"\u7ba1\u7406","image":{"@type":"ImageObject","inLanguage":"es","@id":"https:\/\/www.freebetbest.com\/es\/#\/schema\/person\/image\/","url":"https:\/\/www.freebetbest.com\/wp-content\/litespeed\/avatar\/49696b52fb15293a2168c14964fdd8b9.jpg?ver=1775625495","contentUrl":"https:\/\/www.freebetbest.com\/wp-content\/litespeed\/avatar\/49696b52fb15293a2168c14964fdd8b9.jpg?ver=1775625495","caption":"\u7ba1\u7406"},"logo":{"@id":"https:\/\/www.freebetbest.com\/es\/#\/schema\/person\/image\/"},"sameAs":["admin"]}]}},"_links":{"self":[{"href":"https:\/\/www.freebetbest.com\/es\/wp-json\/wp\/v2\/pages\/4686","targetHints":{"allow":["GET"]}}],"collection":[{"href":"https:\/\/www.freebetbest.com\/es\/wp-json\/wp\/v2\/pages"}],"about":[{"href":"https:\/\/www.freebetbest.com\/es\/wp-json\/wp\/v2\/types\/page"}],"author":[{"embeddable":true,"href":"https:\/\/www.freebetbest.com\/es\/wp-json\/wp\/v2\/users\/1"}],"replies":[{"embeddable":true,"href":"https:\/\/www.freebetbest.com\/es\/wp-json\/wp\/v2\/comments?post=4686"}],"version-history":[{"count":0,"href":"https:\/\/www.freebetbest.com\/es\/wp-json\/wp\/v2\/pages\/4686\/revisions"}],"wp:featuredmedia":[{"embeddable":true,"href":"https:\/\/www.freebetbest.com\/es\/wp-json\/wp\/v2\/media\/4692"}],"wp:attachment":[{"href":"https:\/\/www.freebetbest.com\/es\/wp-json\/wp\/v2\/media?parent=4686"}],"curies":[{"name":"wp","href":"https:\/\/api.w.org\/{rel}","templated":true}]}}