{"id":4681,"date":"2019-07-18T03:47:29","date_gmt":"2019-07-18T03:47:29","guid":{"rendered":"https:\/\/www.freebetbest.com\/apuestas-en-linea-de-casino\/"},"modified":"2021-07-29T10:23:04","modified_gmt":"2021-07-29T10:23:04","slug":"%c3%baltimo-bono-de-apuestas-de-casino","status":"publish","type":"page","link":"https:\/\/www.freebetbest.com\/es\/%c3%baltimo-bono-de-apuestas-de-casino\/","title":{"rendered":"\u00faltimo bono de apuestas de casino"},"content":{"rendered":"\n<h2>Introducci\u00f3n al \u00faltimo bono de apuestas de casino<\/h2>\n<p>Reg\u00edstrese con usted para obtener el \u00faltimo bono de apuestas de casino. Y antes de comenzar el juego, comprenda la definici\u00f3n de una agencia de juegos de azar en Internet. Definitivamente ayudar\u00e1. Jugar en un casino en l\u00ednea por primera vez. Es algo emocionante. Incluso si solo desea conectarse. Encuentre algo de diversi\u00f3n y disfrute, y comprenda lo que estos sitios tienen en com\u00fan. Y c\u00f3mo aprovecharlos al m\u00e1ximo tambi\u00e9n es muy importante.<\/p>\n<h2>Obtenga m\u00e1s informaci\u00f3n sobre las apuestas en l\u00ednea del casino<\/h2>\n<p>Obt\u00e9n una agencia de apuestas segura. C\u00f3mo elegir un casino en l\u00ednea. El primer elemento que debe buscar es la p\u00e1gina \u00abAcerca de nosotros\u00bb. All\u00ed, debes esperar ver. Refuerce los detalles de las funciones del casino en l\u00ednea, estas funciones se le deben proporcionar. Un sentimiento de confianza. Son jurisdicciones estrictas y solo se preocupan por c\u00f3mo las ve la comunidad empresarial.<\/p>\n<h3>El mejor consejo viene de<a href=\"https:\/\/www.freebetbest.com\/es\/sitios-de-apuestas\/\"> casino en internet<\/a> Participantes<\/h3>\n<p>Compartimos mucho en el foro de la comunidad. Deber\u00edas leerlo con atenci\u00f3n. Evaluaci\u00f3n de agencias de juego online. Conozca los pros y los contras de los casinos en l\u00ednea. Y toda la informaci\u00f3n sobre operaciones internas.<\/p>\n<p>Importante agencia de juegos de azar online. Consulte con una agencia de juegos de apuestas en l\u00ednea antes de continuar. Antes de configurar su cuenta, conocimientos importantes sobre los casinos en l\u00ednea<\/p>\n<p>Apuestas de casino online. En las instituciones de juego en Internet, los videojuegos dependen de la suerte. Juegos online Tu casa siempre gana. Ganar dinero no es dif\u00edcil. La riqueza no es el \u00fanico elemento real.<\/p>\n<p>Impacto en los juegos de casino online. Depende de eventos aleatorios. Esto puede implicar la conversi\u00f3n de tarjetas de felicitaci\u00f3n, ruedas giratorias o incluso tirar dados. Sin ellos, puede tener alg\u00fan control.<\/p>\n<h3><a href=\"https:\/\/www.freebetsinfo.co.uk\/free-bets\/\">Casinos online<\/a> no necesitas suerte para ganar dinero.<\/h3>\n<p>Por sus algoritmos y aspectos matem\u00e1ticamente positivos, la posibilidad de que te conviertas en jugador. No siempre es grande. Esto se reduce a la ley de la posibilidad, pero la cancha local generalmente respalda la ventaja del jugador.<\/p>\n<h3>Cada vez que lo disfrutas es divertido apostar<\/h3>\n<p>La regla de probabilidad antes mencionada. Tambi\u00e9n puede resultarle beneficioso. Debe recordar que las ventajas de los casinos en l\u00ednea son \u00fatiles a largo plazo. Esto significa a corto plazo. Con un poco de suerte y una gran riqueza, no tienes ninguna raz\u00f3n. No deber\u00eda tener \u00e9xito en los casinos en l\u00ednea.<\/p>\n<h3>Bono gratis de casino<\/h3>\n<p>Recompensas de la agencia de juegos. Compensado por casinos en l\u00ednea. Clientes existentes y clientes, y se utiliza para atraer nuevos clientes, mientras retiene nuevos clientes. Estos bonos de casino. Puede realizar un dep\u00f3sito por su cuenta. Se usan de la misma manera, pero pueden tener diferentes requisitos de apuestas.<\/p>\n<h3>\u00bfQu\u00e9 sitio de apuestas ofrece las mejores recompensas de casino?<\/h3>\n<p>Porque siempre hay varios casinos online. Intercambio de casino en l\u00ednea para obtener un bono adicional. Qu\u00e9 casino aumenta los bonos mejor para usted, tambi\u00e9n puede basarse en \u00e9l. La cantidad de dep\u00f3sito que planea hacer. Es diferente. lo m\u00e1s importante es. Pasas y comprendes las condiciones.<\/p>\n<p>Circunstancias relacionadas con intereses particularmente atractivos. Por lo general, un peque\u00f1o requisito previo para apostar. Esto significa que se trata de un buen ingreso de casino en l\u00ednea. Pero no olvide comprobarlo. Recompensa el per\u00edodo de validez y otros contenidos.<\/p>\n<h3>\u00bfQu\u00e9 son exactamente los giros gratis?<\/h3>\n<p>En comparaci\u00f3n con las apuestas gratuitas, los giros gratis pueden ayudarte. Disfruta del juego sin pagar por ello. Si participa en los giros gratis del casino en l\u00ednea, podr\u00e1 disfrutar de juegos de tragamonedas completamente gratis, que permiten una rotaci\u00f3n completamente libre.<\/p>\n","protected":false},"excerpt":{"rendered":"<p>\u00a1Todos tus juegos de casino en l\u00ednea favoritos! Nuestro software es siempre el mejor. \u00a1Comience ahora con un bono de bienvenida gratis y una descarga gratuita!<\/p>\n<div class=\"hero-cup-section\">\n<div class=\"row mb-4\">\n<div class=\"col-md-7\">\n<div class=\"section-area\">\n<div class=\"section-list\">\n<li style=\"text-align: left\"><img decoding=\"async\" src=\"https:\/\/www.freebetbest.com\/wp-content\/uploads\/2021\/06\/tick.png\" alt=\"Deportes\"> Bono de bienvenida de Sports Casino.<\/li>\n<li style=\"text-align: left\"><img decoding=\"async\" src=\"https:\/\/www.freebetbest.com\/wp-content\/uploads\/2021\/06\/tick.png\" alt=\"ofertas de juegos\"> Ofertas y promociones de casas de apuestas online.<\/li>\n<li style=\"text-align: left\"><img decoding=\"async\" src=\"https:\/\/www.freebetbest.com\/wp-content\/uploads\/2021\/06\/tick.png\" alt=\"ofertas de juegos\"> Las mejores casas de apuestas online en las que puede confiar.<\/li>\n<li style=\"text-align: left\"><img decoding=\"async\" src=\"https:\/\/www.freebetbest.com\/wp-content\/uploads\/2021\/06\/tick.png\" alt=\"Autoritario\"> Revisi\u00f3n autorizada Seguro confiable.<\/li>\n<li style=\"text-align: left\"><img decoding=\"async\" src=\"https:\/\/www.freebetbest.com\/wp-content\/uploads\/2021\/06\/tick.png\" alt=\"Retiros r\u00e1pidos\"> Soporte de aplicaciones m\u00f3viles, retiros r\u00e1pidos.<\/li>\n<li style=\"text-align: left\"><img decoding=\"async\" src=\"https:\/\/www.freebetbest.com\/wp-content\/uploads\/2021\/06\/tick.png\" alt=\"Atenci\u00f3n al cliente\"> Atenci\u00f3n al cliente: 365 d\u00edas, 24 horas al d\u00eda.<\/li>\n<\/div>\n<\/div>\n<\/div>\n<div class=\"col-md-5\">\n<div class=\"cup-img\"><img decoding=\"async\" src=\"https:\/\/www.freebetbest.com\/wp-content\/uploads\/2021\/06\/Casino.png\" alt=\"Casino\"><\/div>\n<\/div>\n<\/div>\n","protected":false},"author":1,"featured_media":4683,"parent":0,"menu_order":0,"comment_status":"closed","ping_status":"closed","template":"casino-template.php","meta":{"footnotes":""},"class_list":["post-4681","page","type-page","status-publish","has-post-thumbnail","hentry"],"yoast_head":"<!-- This site is optimized with the Yoast SEO Premium plugin v19.5 (Yoast SEO v27.0) - https:\/\/yoast.com\/product\/yoast-seo-premium-wordpress\/ -->\n<title>\u00faltimo bono de apuestas de casino Apuesta gratuita sin dep\u00f3sito, bono de casino en l\u00ednea<\/title>\n<meta name=\"description\" content=\"Las mejores casas de apuestas en l\u00ednea, ofertas de deportes, casino, p\u00f3quer, bingo y apuestas m\u00f3viles, c\u00f3digos de bonificaci\u00f3n de casino en l\u00ednea, los portales de apuestas l\u00edderes en el mundo\" \/>\n<meta name=\"robots\" content=\"index, follow, max-snippet:-1, max-image-preview:large, max-video-preview:-1\" \/>\n<link rel=\"canonical\" href=\"https:\/\/www.freebetbest.com\/es\/%c3%baltimo-bono-de-apuestas-de-casino\/\" \/>\n<meta property=\"og:locale\" content=\"es_ES\" \/>\n<meta property=\"og:type\" content=\"article\" \/>\n<meta property=\"og:title\" content=\"\u00faltimo bono de apuestas de casino\" \/>\n<meta property=\"og:description\" content=\"Las mejores casas de apuestas en l\u00ednea, ofertas de deportes, casino, p\u00f3quer, bingo y apuestas m\u00f3viles, c\u00f3digos de bonificaci\u00f3n de casino en l\u00ednea, los portales de apuestas l\u00edderes en el mundo\" \/>\n<meta property=\"og:url\" content=\"https:\/\/www.freebetbest.com\/es\/%c3%baltimo-bono-de-apuestas-de-casino\/\" \/>\n<meta property=\"og:site_name\" content=\"Apuesta gratis | Casino en l\u00ednea | Apuestas de f\u00fatbol | Mejores Casas De Apuestas Deportivas Online\" \/>\n<meta property=\"article:modified_time\" content=\"2021-07-29T10:23:04+00:00\" \/>\n<meta property=\"og:image\" content=\"https:\/\/www.freebetbest.com\/wp-content\/uploads\/2019\/07\/casino-gambling_ys_ys.jpg\" \/>\n\t<meta property=\"og:image:width\" content=\"380\" \/>\n\t<meta property=\"og:image:height\" content=\"191\" \/>\n\t<meta property=\"og:image:type\" content=\"image\/jpeg\" \/>\n<meta name=\"twitter:card\" content=\"summary_large_image\" \/>\n<meta name=\"twitter:label1\" content=\"Tiempo de lectura\" \/>\n\t<meta name=\"twitter:data1\" content=\"3 minutos\" \/>\n<script type=\"application\/ld+json\" class=\"yoast-schema-graph\">{\"@context\":\"https:\/\/schema.org\",\"@graph\":[{\"@type\":\"WebPage\",\"@id\":\"https:\/\/www.freebetbest.com\/es\/%c3%baltimo-bono-de-apuestas-de-casino\/\",\"url\":\"https:\/\/www.freebetbest.com\/es\/%c3%baltimo-bono-de-apuestas-de-casino\/\",\"name\":\"\u00faltimo bono de apuestas de casino Apuesta gratuita sin dep\u00f3sito, bono de casino en l\u00ednea\",\"isPartOf\":{\"@id\":\"https:\/\/www.freebetbest.com\/es\/#website\"},\"primaryImageOfPage\":{\"@id\":\"https:\/\/www.freebetbest.com\/es\/%c3%baltimo-bono-de-apuestas-de-casino\/#primaryimage\"},\"image\":{\"@id\":\"https:\/\/www.freebetbest.com\/es\/%c3%baltimo-bono-de-apuestas-de-casino\/#primaryimage\"},\"thumbnailUrl\":\"https:\/\/www.freebetbest.com\/wp-content\/uploads\/2019\/07\/casino-gambling_ys_ys.jpg\",\"datePublished\":\"2019-07-18T03:47:29+00:00\",\"dateModified\":\"2021-07-29T10:23:04+00:00\",\"description\":\"Las mejores casas de apuestas en l\u00ednea, ofertas de deportes, casino, p\u00f3quer, bingo y apuestas m\u00f3viles, c\u00f3digos de bonificaci\u00f3n de casino en l\u00ednea, los portales de apuestas l\u00edderes en el mundo\",\"breadcrumb\":{\"@id\":\"https:\/\/www.freebetbest.com\/es\/%c3%baltimo-bono-de-apuestas-de-casino\/#breadcrumb\"},\"inLanguage\":\"es\",\"potentialAction\":[{\"@type\":\"ReadAction\",\"target\":[\"https:\/\/www.freebetbest.com\/es\/%c3%baltimo-bono-de-apuestas-de-casino\/\"]}]},{\"@type\":\"ImageObject\",\"inLanguage\":\"es\",\"@id\":\"https:\/\/www.freebetbest.com\/es\/%c3%baltimo-bono-de-apuestas-de-casino\/#primaryimage\",\"url\":\"https:\/\/www.freebetbest.com\/wp-content\/uploads\/2019\/07\/casino-gambling_ys_ys.jpg\",\"contentUrl\":\"https:\/\/www.freebetbest.com\/wp-content\/uploads\/2019\/07\/casino-gambling_ys_ys.jpg\",\"width\":380,\"height\":191},{\"@type\":\"BreadcrumbList\",\"@id\":\"https:\/\/www.freebetbest.com\/es\/%c3%baltimo-bono-de-apuestas-de-casino\/#breadcrumb\",\"itemListElement\":[{\"@type\":\"ListItem\",\"position\":1,\"name\":\"Home\",\"item\":\"https:\/\/www.freebetbest.com\/es\/\"},{\"@type\":\"ListItem\",\"position\":2,\"name\":\"\u00faltimo bono de apuestas de casino\"}]},{\"@type\":\"WebSite\",\"@id\":\"https:\/\/www.freebetbest.com\/es\/#website\",\"url\":\"https:\/\/www.freebetbest.com\/es\/\",\"name\":\"Apuesta gratis | Casino en l\u00ednea | Apuestas de f\u00fatbol | Mejores Casas De Apuestas Deportivas Online\",\"description\":\"Las mejores casas de apuestas en l\u00ednea, que ofrecen deportes, casino, p\u00f3ker, bingo y apuestas m\u00f3viles, casino en l\u00ednea, apuestas de f\u00fatbol, la mejor apuesta gratis, los portales de juego m\u00e1s importantes del mundo.\",\"publisher\":{\"@id\":\"https:\/\/www.freebetbest.com\/es\/#\/schema\/person\/292684ccf388a2362d507874c5b80a69\"},\"potentialAction\":[{\"@type\":\"SearchAction\",\"target\":{\"@type\":\"EntryPoint\",\"urlTemplate\":\"https:\/\/www.freebetbest.com\/es\/?s={search_term_string}\"},\"query-input\":{\"@type\":\"PropertyValueSpecification\",\"valueRequired\":true,\"valueName\":\"search_term_string\"}}],\"inLanguage\":\"es\"},{\"@type\":[\"Person\",\"Organization\"],\"@id\":\"https:\/\/www.freebetbest.com\/es\/#\/schema\/person\/292684ccf388a2362d507874c5b80a69\",\"name\":\"\u7ba1\u7406\",\"image\":{\"@type\":\"ImageObject\",\"inLanguage\":\"es\",\"@id\":\"https:\/\/www.freebetbest.com\/es\/#\/schema\/person\/image\/\",\"url\":\"https:\/\/www.freebetbest.com\/wp-content\/litespeed\/avatar\/49696b52fb15293a2168c14964fdd8b9.jpg?ver=1777439934\",\"contentUrl\":\"https:\/\/www.freebetbest.com\/wp-content\/litespeed\/avatar\/49696b52fb15293a2168c14964fdd8b9.jpg?ver=1777439934\",\"caption\":\"\u7ba1\u7406\"},\"logo\":{\"@id\":\"https:\/\/www.freebetbest.com\/es\/#\/schema\/person\/image\/\"},\"sameAs\":[\"admin\"]}]}<\/script>\n<!-- \/ Yoast SEO Premium plugin. -->","yoast_head_json":{"title":"\u00faltimo bono de apuestas de casino Apuesta gratuita sin dep\u00f3sito, bono de casino en l\u00ednea","description":"Las mejores casas de apuestas en l\u00ednea, ofertas de deportes, casino, p\u00f3quer, bingo y apuestas m\u00f3viles, c\u00f3digos de bonificaci\u00f3n de casino en l\u00ednea, los portales de apuestas l\u00edderes en el mundo","robots":{"index":"index","follow":"follow","max-snippet":"max-snippet:-1","max-image-preview":"max-image-preview:large","max-video-preview":"max-video-preview:-1"},"canonical":"https:\/\/www.freebetbest.com\/es\/%c3%baltimo-bono-de-apuestas-de-casino\/","og_locale":"es_ES","og_type":"article","og_title":"\u00faltimo bono de apuestas de casino","og_description":"Las mejores casas de apuestas en l\u00ednea, ofertas de deportes, casino, p\u00f3quer, bingo y apuestas m\u00f3viles, c\u00f3digos de bonificaci\u00f3n de casino en l\u00ednea, los portales de apuestas l\u00edderes en el mundo","og_url":"https:\/\/www.freebetbest.com\/es\/%c3%baltimo-bono-de-apuestas-de-casino\/","og_site_name":"Apuesta gratis | Casino en l\u00ednea | Apuestas de f\u00fatbol | Mejores Casas De Apuestas Deportivas Online","article_modified_time":"2021-07-29T10:23:04+00:00","og_image":[{"width":380,"height":191,"url":"https:\/\/www.freebetbest.com\/wp-content\/uploads\/2019\/07\/casino-gambling_ys_ys.jpg","type":"image\/jpeg"}],"twitter_card":"summary_large_image","twitter_misc":{"Tiempo de lectura":"3 minutos"},"schema":{"@context":"https:\/\/schema.org","@graph":[{"@type":"WebPage","@id":"https:\/\/www.freebetbest.com\/es\/%c3%baltimo-bono-de-apuestas-de-casino\/","url":"https:\/\/www.freebetbest.com\/es\/%c3%baltimo-bono-de-apuestas-de-casino\/","name":"\u00faltimo bono de apuestas de casino Apuesta gratuita sin dep\u00f3sito, bono de casino en l\u00ednea","isPartOf":{"@id":"https:\/\/www.freebetbest.com\/es\/#website"},"primaryImageOfPage":{"@id":"https:\/\/www.freebetbest.com\/es\/%c3%baltimo-bono-de-apuestas-de-casino\/#primaryimage"},"image":{"@id":"https:\/\/www.freebetbest.com\/es\/%c3%baltimo-bono-de-apuestas-de-casino\/#primaryimage"},"thumbnailUrl":"https:\/\/www.freebetbest.com\/wp-content\/uploads\/2019\/07\/casino-gambling_ys_ys.jpg","datePublished":"2019-07-18T03:47:29+00:00","dateModified":"2021-07-29T10:23:04+00:00","description":"Las mejores casas de apuestas en l\u00ednea, ofertas de deportes, casino, p\u00f3quer, bingo y apuestas m\u00f3viles, c\u00f3digos de bonificaci\u00f3n de casino en l\u00ednea, los portales de apuestas l\u00edderes en el mundo","breadcrumb":{"@id":"https:\/\/www.freebetbest.com\/es\/%c3%baltimo-bono-de-apuestas-de-casino\/#breadcrumb"},"inLanguage":"es","potentialAction":[{"@type":"ReadAction","target":["https:\/\/www.freebetbest.com\/es\/%c3%baltimo-bono-de-apuestas-de-casino\/"]}]},{"@type":"ImageObject","inLanguage":"es","@id":"https:\/\/www.freebetbest.com\/es\/%c3%baltimo-bono-de-apuestas-de-casino\/#primaryimage","url":"https:\/\/www.freebetbest.com\/wp-content\/uploads\/2019\/07\/casino-gambling_ys_ys.jpg","contentUrl":"https:\/\/www.freebetbest.com\/wp-content\/uploads\/2019\/07\/casino-gambling_ys_ys.jpg","width":380,"height":191},{"@type":"BreadcrumbList","@id":"https:\/\/www.freebetbest.com\/es\/%c3%baltimo-bono-de-apuestas-de-casino\/#breadcrumb","itemListElement":[{"@type":"ListItem","position":1,"name":"Home","item":"https:\/\/www.freebetbest.com\/es\/"},{"@type":"ListItem","position":2,"name":"\u00faltimo bono de apuestas de casino"}]},{"@type":"WebSite","@id":"https:\/\/www.freebetbest.com\/es\/#website","url":"https:\/\/www.freebetbest.com\/es\/","name":"Apuesta gratis | Casino en l\u00ednea | Apuestas de f\u00fatbol | Mejores Casas De Apuestas Deportivas Online","description":"Las mejores casas de apuestas en l\u00ednea, que ofrecen deportes, casino, p\u00f3ker, bingo y apuestas m\u00f3viles, casino en l\u00ednea, apuestas de f\u00fatbol, la mejor apuesta gratis, los portales de juego m\u00e1s importantes del mundo.","publisher":{"@id":"https:\/\/www.freebetbest.com\/es\/#\/schema\/person\/292684ccf388a2362d507874c5b80a69"},"potentialAction":[{"@type":"SearchAction","target":{"@type":"EntryPoint","urlTemplate":"https:\/\/www.freebetbest.com\/es\/?s={search_term_string}"},"query-input":{"@type":"PropertyValueSpecification","valueRequired":true,"valueName":"search_term_string"}}],"inLanguage":"es"},{"@type":["Person","Organization"],"@id":"https:\/\/www.freebetbest.com\/es\/#\/schema\/person\/292684ccf388a2362d507874c5b80a69","name":"\u7ba1\u7406","image":{"@type":"ImageObject","inLanguage":"es","@id":"https:\/\/www.freebetbest.com\/es\/#\/schema\/person\/image\/","url":"https:\/\/www.freebetbest.com\/wp-content\/litespeed\/avatar\/49696b52fb15293a2168c14964fdd8b9.jpg?ver=1777439934","contentUrl":"https:\/\/www.freebetbest.com\/wp-content\/litespeed\/avatar\/49696b52fb15293a2168c14964fdd8b9.jpg?ver=1777439934","caption":"\u7ba1\u7406"},"logo":{"@id":"https:\/\/www.freebetbest.com\/es\/#\/schema\/person\/image\/"},"sameAs":["admin"]}]}},"_links":{"self":[{"href":"https:\/\/www.freebetbest.com\/es\/wp-json\/wp\/v2\/pages\/4681","targetHints":{"allow":["GET"]}}],"collection":[{"href":"https:\/\/www.freebetbest.com\/es\/wp-json\/wp\/v2\/pages"}],"about":[{"href":"https:\/\/www.freebetbest.com\/es\/wp-json\/wp\/v2\/types\/page"}],"author":[{"embeddable":true,"href":"https:\/\/www.freebetbest.com\/es\/wp-json\/wp\/v2\/users\/1"}],"replies":[{"embeddable":true,"href":"https:\/\/www.freebetbest.com\/es\/wp-json\/wp\/v2\/comments?post=4681"}],"version-history":[{"count":0,"href":"https:\/\/www.freebetbest.com\/es\/wp-json\/wp\/v2\/pages\/4681\/revisions"}],"wp:featuredmedia":[{"embeddable":true,"href":"https:\/\/www.freebetbest.com\/es\/wp-json\/wp\/v2\/media\/4683"}],"wp:attachment":[{"href":"https:\/\/www.freebetbest.com\/es\/wp-json\/wp\/v2\/media?parent=4681"}],"curies":[{"name":"wp","href":"https:\/\/api.w.org\/{rel}","templated":true}]}}