{"id":4679,"date":"2019-06-19T14:03:44","date_gmt":"2019-06-19T14:03:44","guid":{"rendered":"https:\/\/www.freebetbest.com\/apuestas-deportivas-a-z\/"},"modified":"2021-07-28T17:39:19","modified_gmt":"2021-07-28T17:39:19","slug":"apuestas-deportivas","status":"publish","type":"page","link":"https:\/\/www.freebetbest.com\/es\/apuestas-deportivas\/","title":{"rendered":"Apuestas de casino deportivo"},"content":{"rendered":"<h2>Apuestas deportivas: c\u00f3mo elegir la m\u00e1s adecuada para usted en l\u00ednea<\/h2>\n<p>Un factor importante para encontrar las apuestas deportivas adecuadas para usted. Conf\u00ede en las preferencias personalizadas, pero tambi\u00e9n se enumeran algunas esperanzas normales. Las cosas favoritas de la mayor\u00eda de los consumidores, como una plataforma s\u00f3lida y una variedad de productos promocionales.<\/p>\n<p>Lo comprobaremos un poco. Operadores que etiquetan en todas estas \u00e1reas. Adem\u00e1s de las necesidades, querr\u00e1 encontrar uno. Puede proporcionar algunos para sus fondos. Una reserva de valor confiable, as\u00ed como un propietario que se enfoca en las empresas de apuestas.<\/p>\n<h2>Obtenga la mejor oportunidad en las apuestas deportivas<\/h2>\n<p>Y encontrar\u00e1s la mayor\u00eda de ellos. Hay relativamente pocos tipos de operadores importantes. Aquellos que no se hayan notado ser\u00e1n notados, si esto sucede, apostadores bien definidos. Se abalanzar\u00e1 sobre \u00e9l. Escoge un<a href=\"https:\/\/www.freebetsinfo.co.uk\/europe-bookmakers\/\"> corredor de apuestas<\/a> para un deporte espec\u00edfico. Encuentre numerosas ofertas de apuestas deportivas, y los nuevos bonos de registro son las primeras condiciones.<\/p>\n<h3>Sitio de juegos de apuestas de actividades deportivas<\/h3>\n<p>Cualquier apuesta deportiva. Todos cuentan con programas de fidelizaci\u00f3n de clientes. Si puede planear ejecutar alguna apuesta. Hacer bonificaciones adicionales es una gran ventaja. Operadores de apuestas deportivas. Sigue habiendo formas de hacer coincidir los casinos con los deportes en este sentido, pero algunos operadores est\u00e1n por delante de los juegos en l\u00ednea. Hay muy buenas casas de apuestas que ofrecen aplicaciones reales. Recompensa el software para los jugadores.<\/p>\n<h3>Bonificaciones y promociones<\/h3>\n<p>Se proporcionan apuestas deportivas. Muchas recompensas y promociones. Esto puede ser un punto \u00fanico o puede ser una elecci\u00f3n continua, hay muchos en el mercado. Puntos para elegir. La siguiente es una breve introducci\u00f3n a algunos de los tipos m\u00e1s comunes.<\/p>\n<h3>Las opciones para las actividades deportivas en l\u00ednea eligen el juego<\/h3>\n<p>Fant\u00e1stico sitio de apuestas deportivas. Para de juegos en l\u00ednea. Otra forma de obtener bonificaciones y descuentos, considere los deportes diarios. Con una base de clientes muy leales, el negocio seguir\u00e1 manteniendo un fuerte impulso y habr\u00e1 mucho espacio. Haga felices a los nuevos usuarios finales.<\/p>\n<h3>Los sitios de apuestas ofrecen varias actividades deportivas importantes<\/h3>\n<p>Puede considerar su probabilidad de participar en el torneo, lo que proporciona casi un s\u00ed. Tu oportunidad de duplicar tus ganancias o elegir usar una apuesta a gran escala. Asegurar el entusiasmo del torneo de premios.<\/p>\n<p>Me dej\u00f3 boquiabierto. El primer premio es de 1 mill\u00f3n de d\u00f3lares estadounidenses. Pueden traer la mayor\u00eda de los usuarios. Y brindan el mayor rendimiento, pero para las personas que buscan combinarlo, en realidad solo hay peque\u00f1as opciones. Encontrar\u00e1s m\u00e1s en nuestra lista de<a href=\"https:\/\/www.freebetbest.com\/betting-sites\/\"> casas de apuestas<\/a> .<\/p>\n<h3>Aplicaci\u00f3n de apuestas deportivas<\/h3>\n<p>Aplicaci\u00f3n de apuestas deportivas. Proporciona alta gama para los usuarios finales. Apuestas deportivas genuinas. La mayor\u00eda de los mejores operadores. Todos tienen clientes m\u00f3viles. Estos no tienen aplicaciones en algunos mercados. Por lo general, su sitio web est\u00e1 completamente optimizado para que sea efectivo en tel\u00e9fonos m\u00f3viles.<\/p>\n<p>Utilizando nuestros backlinks exclusivos. Despu\u00e9s de crear una cuenta, podr\u00e1 comenzar a obtener aplicaciones desde el sitio web del operador. Una vez ejecutada esta etapa, simplemente inicie sesi\u00f3n en el port\u00e1til y podr\u00e1 comenzar a apostar.<\/p>\n<h3>Segmento de mercado de apuestas deportivas<\/h3>\n<p>Puede administrarlo en l\u00ednea. Debe gestionar todo menos los requisitos espec\u00edficos. En apuestas deportivas. Registro masculino o femenino para apuestas deportivas. Lo haremos en algunos casos. Tenga informaci\u00f3n detallada sobre la especificaci\u00f3n condici\u00f3n por condici\u00f3n.<\/p>\n<p>Para descubrir completamente la apuesta, debe estar dentro de un esquema claro. Para poder verificar su identidad, el operador lo utiliza. Com\u00fanmente conocido como monitoreo de geolocalizaci\u00f3n. Esto es despu\u00e9s de la adquisici\u00f3n b\u00e1sica. Pronto en la trayectoria. El \u00e1rea del programa de software en ejecuci\u00f3n.<\/p>\n<h3>C\u00f3mo obtener las mejores oportunidades de apuestas y ricos bonos<\/h3>\n<p>Antes de realizar una apuesta, t\u00f3mese el tiempo para asegurarse. Obtienes el costo perfecto. Siempre es una buena idea. Algunas apuestas difieren significativamente. Puede que no parezca grande, pero a la larga, definitivamente puede tener una ventaja. Se recomienda utilizar casas de apuestas con cuotas m\u00e1s altas.<\/p>\n<p>Nuestras probabilidades en tiempo real. Proporciona una excelente ubicaci\u00f3n para verificar r\u00e1pida y f\u00e1cilmente los tipos de cambio en m\u00faltiples ubicaciones. Estamos en m\u00faltiples gu\u00edas. Realice un seguimiento del precio, lo que significa usted. No es necesario que haga esto, as\u00ed que aseg\u00farese de marcarlo como favorito. Y est\u00e9 listo para verlo en cualquier momento.<\/p>\n","protected":false},"excerpt":{"rendered":"<p>Apuestas deportivas en casinos: aqu\u00ed se enumeran todas las ofertas de apuestas deportivas en casinos y las bonificaciones para nuevos clientes<\/p>\n<div class=\"hero-cup-section\">\n<div class=\"row mb-4\">\n<div class=\"col-md-7\">\n<div class=\"section-area\">\n<div class=\"section-list\">\n<li style=\"text-align: left\"><img decoding=\"async\" src=\"https:\/\/www.freebetbest.com\/wp-content\/uploads\/2021\/06\/tick.png\" alt=\"Deportes\"> Bono de bienvenida de Sports Casino.<\/li>\n<li style=\"text-align: left\"><img decoding=\"async\" src=\"https:\/\/www.freebetbest.com\/wp-content\/uploads\/2021\/06\/tick.png\" alt=\"ofertas de juegos\"> Ofertas y promociones de casas de apuestas online.<\/li>\n<li style=\"text-align: left\"><img decoding=\"async\" src=\"https:\/\/www.freebetbest.com\/wp-content\/uploads\/2021\/06\/tick.png\" alt=\"ofertas de juegos\"> Las mejores casas de apuestas online en las que puede confiar.<\/li>\n<li style=\"text-align: left\"><img decoding=\"async\" src=\"https:\/\/www.freebetbest.com\/wp-content\/uploads\/2021\/06\/tick.png\" alt=\"Autoritario\"> Revisi\u00f3n autorizada Seguro confiable.<\/li>\n<li style=\"text-align: left\"><img decoding=\"async\" src=\"https:\/\/www.freebetbest.com\/wp-content\/uploads\/2021\/06\/tick.png\" alt=\"Retiros r\u00e1pidos\"> Soporte de aplicaciones m\u00f3viles, retiros r\u00e1pidos.<\/li>\n<li style=\"text-align: left\"><img decoding=\"async\" src=\"https:\/\/www.freebetbest.com\/wp-content\/uploads\/2021\/06\/tick.png\" alt=\"Atenci\u00f3n al cliente\"> Atenci\u00f3n al cliente: 365 d\u00edas, 24 horas al d\u00eda.<\/li>\n<\/div>\n<\/div>\n<\/div>\n<div class=\"col-md-5\">\n<div class=\"cup-img\"><img decoding=\"async\" src=\"https:\/\/www.freebetbest.com\/wp-content\/uploads\/2021\/06\/sports-casino.png\" alt=\"freebetbest\"><\/div>\n<\/div>\n<\/div>\n","protected":false},"author":1,"featured_media":129074,"parent":0,"menu_order":0,"comment_status":"closed","ping_status":"closed","template":"all-az-template.php","meta":{"footnotes":""},"class_list":["post-4679","page","type-page","status-publish","has-post-thumbnail","hentry"],"yoast_head":"<!-- This site is optimized with the Yoast SEO Premium plugin v19.5 (Yoast SEO v27.0) - https:\/\/yoast.com\/product\/yoast-seo-premium-wordpress\/ -->\n<title>apuestas deportivas | Mejores casas de apuestas | Apuestas sin dep\u00f3sito<\/title>\n<meta name=\"description\" content=\"Las mejores casas de apuestas en l\u00ednea, casinos, p\u00f3quer, bingo y apuestas m\u00f3viles, Apuestas de casino deportivo casinos en l\u00ednea, el mejor sitio de apuestas en l\u00ednea.\" \/>\n<meta name=\"robots\" content=\"index, follow, max-snippet:-1, max-image-preview:large, max-video-preview:-1\" \/>\n<link rel=\"canonical\" href=\"https:\/\/www.freebetbest.com\/es\/apuestas-deportivas\/\" \/>\n<meta property=\"og:locale\" content=\"es_ES\" \/>\n<meta property=\"og:type\" content=\"article\" \/>\n<meta property=\"og:title\" content=\"Apuestas de casino deportivo\" \/>\n<meta property=\"og:description\" content=\"Las mejores casas de apuestas en l\u00ednea, casinos, p\u00f3quer, bingo y apuestas m\u00f3viles, Apuestas de casino deportivo casinos en l\u00ednea, el mejor sitio de apuestas en l\u00ednea.\" \/>\n<meta property=\"og:url\" content=\"https:\/\/www.freebetbest.com\/es\/apuestas-deportivas\/\" \/>\n<meta property=\"og:site_name\" content=\"Apuesta gratis | Casino en l\u00ednea | Apuestas de f\u00fatbol | Mejores Casas De Apuestas Deportivas Online\" \/>\n<meta property=\"article:modified_time\" content=\"2021-07-28T17:39:19+00:00\" \/>\n<meta property=\"og:image\" content=\"https:\/\/www.freebetbest.com\/wp-content\/uploads\/2021\/06\/all-sports-casino-1.jpg\" \/>\n\t<meta property=\"og:image:width\" content=\"650\" \/>\n\t<meta property=\"og:image:height\" content=\"371\" \/>\n\t<meta property=\"og:image:type\" content=\"image\/jpeg\" \/>\n<meta name=\"twitter:card\" content=\"summary_large_image\" \/>\n<meta name=\"twitter:label1\" content=\"Tiempo de lectura\" \/>\n\t<meta name=\"twitter:data1\" content=\"3 minutos\" \/>\n<script type=\"application\/ld+json\" class=\"yoast-schema-graph\">{\"@context\":\"https:\/\/schema.org\",\"@graph\":[{\"@type\":\"WebPage\",\"@id\":\"https:\/\/www.freebetbest.com\/es\/apuestas-deportivas\/\",\"url\":\"https:\/\/www.freebetbest.com\/es\/apuestas-deportivas\/\",\"name\":\"apuestas deportivas | Mejores casas de apuestas | Apuestas sin dep\u00f3sito\",\"isPartOf\":{\"@id\":\"https:\/\/www.freebetbest.com\/es\/#website\"},\"primaryImageOfPage\":{\"@id\":\"https:\/\/www.freebetbest.com\/es\/apuestas-deportivas\/#primaryimage\"},\"image\":{\"@id\":\"https:\/\/www.freebetbest.com\/es\/apuestas-deportivas\/#primaryimage\"},\"thumbnailUrl\":\"https:\/\/www.freebetbest.com\/wp-content\/uploads\/2021\/06\/all-sports-casino-1.jpg\",\"datePublished\":\"2019-06-19T14:03:44+00:00\",\"dateModified\":\"2021-07-28T17:39:19+00:00\",\"description\":\"Las mejores casas de apuestas en l\u00ednea, casinos, p\u00f3quer, bingo y apuestas m\u00f3viles, Apuestas de casino deportivo casinos en l\u00ednea, el mejor sitio de apuestas en l\u00ednea.\",\"breadcrumb\":{\"@id\":\"https:\/\/www.freebetbest.com\/es\/apuestas-deportivas\/#breadcrumb\"},\"inLanguage\":\"es\",\"potentialAction\":[{\"@type\":\"ReadAction\",\"target\":[\"https:\/\/www.freebetbest.com\/es\/apuestas-deportivas\/\"]}]},{\"@type\":\"ImageObject\",\"inLanguage\":\"es\",\"@id\":\"https:\/\/www.freebetbest.com\/es\/apuestas-deportivas\/#primaryimage\",\"url\":\"https:\/\/www.freebetbest.com\/wp-content\/uploads\/2021\/06\/all-sports-casino-1.jpg\",\"contentUrl\":\"https:\/\/www.freebetbest.com\/wp-content\/uploads\/2021\/06\/all-sports-casino-1.jpg\",\"width\":650,\"height\":371,\"caption\":\"todos los casinos deportivos\"},{\"@type\":\"BreadcrumbList\",\"@id\":\"https:\/\/www.freebetbest.com\/es\/apuestas-deportivas\/#breadcrumb\",\"itemListElement\":[{\"@type\":\"ListItem\",\"position\":1,\"name\":\"Home\",\"item\":\"https:\/\/www.freebetbest.com\/es\/\"},{\"@type\":\"ListItem\",\"position\":2,\"name\":\"Apuestas de casino deportivo\"}]},{\"@type\":\"WebSite\",\"@id\":\"https:\/\/www.freebetbest.com\/es\/#website\",\"url\":\"https:\/\/www.freebetbest.com\/es\/\",\"name\":\"Apuesta gratis | Casino en l\u00ednea | Apuestas de f\u00fatbol | Mejores Casas De Apuestas Deportivas Online\",\"description\":\"Las mejores casas de apuestas en l\u00ednea, que ofrecen deportes, casino, p\u00f3ker, bingo y apuestas m\u00f3viles, casino en l\u00ednea, apuestas de f\u00fatbol, la mejor apuesta gratis, los portales de juego m\u00e1s importantes del mundo.\",\"publisher\":{\"@id\":\"https:\/\/www.freebetbest.com\/es\/#\/schema\/person\/292684ccf388a2362d507874c5b80a69\"},\"potentialAction\":[{\"@type\":\"SearchAction\",\"target\":{\"@type\":\"EntryPoint\",\"urlTemplate\":\"https:\/\/www.freebetbest.com\/es\/?s={search_term_string}\"},\"query-input\":{\"@type\":\"PropertyValueSpecification\",\"valueRequired\":true,\"valueName\":\"search_term_string\"}}],\"inLanguage\":\"es\"},{\"@type\":[\"Person\",\"Organization\"],\"@id\":\"https:\/\/www.freebetbest.com\/es\/#\/schema\/person\/292684ccf388a2362d507874c5b80a69\",\"name\":\"\u7ba1\u7406\",\"image\":{\"@type\":\"ImageObject\",\"inLanguage\":\"es\",\"@id\":\"https:\/\/www.freebetbest.com\/es\/#\/schema\/person\/image\/\",\"url\":\"https:\/\/www.freebetbest.com\/wp-content\/litespeed\/avatar\/49696b52fb15293a2168c14964fdd8b9.jpg?ver=1776230299\",\"contentUrl\":\"https:\/\/www.freebetbest.com\/wp-content\/litespeed\/avatar\/49696b52fb15293a2168c14964fdd8b9.jpg?ver=1776230299\",\"caption\":\"\u7ba1\u7406\"},\"logo\":{\"@id\":\"https:\/\/www.freebetbest.com\/es\/#\/schema\/person\/image\/\"},\"sameAs\":[\"admin\"]}]}<\/script>\n<!-- \/ Yoast SEO Premium plugin. -->","yoast_head_json":{"title":"apuestas deportivas | Mejores casas de apuestas | Apuestas sin dep\u00f3sito","description":"Las mejores casas de apuestas en l\u00ednea, casinos, p\u00f3quer, bingo y apuestas m\u00f3viles, Apuestas de casino deportivo casinos en l\u00ednea, el mejor sitio de apuestas en l\u00ednea.","robots":{"index":"index","follow":"follow","max-snippet":"max-snippet:-1","max-image-preview":"max-image-preview:large","max-video-preview":"max-video-preview:-1"},"canonical":"https:\/\/www.freebetbest.com\/es\/apuestas-deportivas\/","og_locale":"es_ES","og_type":"article","og_title":"Apuestas de casino deportivo","og_description":"Las mejores casas de apuestas en l\u00ednea, casinos, p\u00f3quer, bingo y apuestas m\u00f3viles, Apuestas de casino deportivo casinos en l\u00ednea, el mejor sitio de apuestas en l\u00ednea.","og_url":"https:\/\/www.freebetbest.com\/es\/apuestas-deportivas\/","og_site_name":"Apuesta gratis | Casino en l\u00ednea | Apuestas de f\u00fatbol | Mejores Casas De Apuestas Deportivas Online","article_modified_time":"2021-07-28T17:39:19+00:00","og_image":[{"width":650,"height":371,"url":"https:\/\/www.freebetbest.com\/wp-content\/uploads\/2021\/06\/all-sports-casino-1.jpg","type":"image\/jpeg"}],"twitter_card":"summary_large_image","twitter_misc":{"Tiempo de lectura":"3 minutos"},"schema":{"@context":"https:\/\/schema.org","@graph":[{"@type":"WebPage","@id":"https:\/\/www.freebetbest.com\/es\/apuestas-deportivas\/","url":"https:\/\/www.freebetbest.com\/es\/apuestas-deportivas\/","name":"apuestas deportivas | Mejores casas de apuestas | Apuestas sin dep\u00f3sito","isPartOf":{"@id":"https:\/\/www.freebetbest.com\/es\/#website"},"primaryImageOfPage":{"@id":"https:\/\/www.freebetbest.com\/es\/apuestas-deportivas\/#primaryimage"},"image":{"@id":"https:\/\/www.freebetbest.com\/es\/apuestas-deportivas\/#primaryimage"},"thumbnailUrl":"https:\/\/www.freebetbest.com\/wp-content\/uploads\/2021\/06\/all-sports-casino-1.jpg","datePublished":"2019-06-19T14:03:44+00:00","dateModified":"2021-07-28T17:39:19+00:00","description":"Las mejores casas de apuestas en l\u00ednea, casinos, p\u00f3quer, bingo y apuestas m\u00f3viles, Apuestas de casino deportivo casinos en l\u00ednea, el mejor sitio de apuestas en l\u00ednea.","breadcrumb":{"@id":"https:\/\/www.freebetbest.com\/es\/apuestas-deportivas\/#breadcrumb"},"inLanguage":"es","potentialAction":[{"@type":"ReadAction","target":["https:\/\/www.freebetbest.com\/es\/apuestas-deportivas\/"]}]},{"@type":"ImageObject","inLanguage":"es","@id":"https:\/\/www.freebetbest.com\/es\/apuestas-deportivas\/#primaryimage","url":"https:\/\/www.freebetbest.com\/wp-content\/uploads\/2021\/06\/all-sports-casino-1.jpg","contentUrl":"https:\/\/www.freebetbest.com\/wp-content\/uploads\/2021\/06\/all-sports-casino-1.jpg","width":650,"height":371,"caption":"todos los casinos deportivos"},{"@type":"BreadcrumbList","@id":"https:\/\/www.freebetbest.com\/es\/apuestas-deportivas\/#breadcrumb","itemListElement":[{"@type":"ListItem","position":1,"name":"Home","item":"https:\/\/www.freebetbest.com\/es\/"},{"@type":"ListItem","position":2,"name":"Apuestas de casino deportivo"}]},{"@type":"WebSite","@id":"https:\/\/www.freebetbest.com\/es\/#website","url":"https:\/\/www.freebetbest.com\/es\/","name":"Apuesta gratis | Casino en l\u00ednea | Apuestas de f\u00fatbol | Mejores Casas De Apuestas Deportivas Online","description":"Las mejores casas de apuestas en l\u00ednea, que ofrecen deportes, casino, p\u00f3ker, bingo y apuestas m\u00f3viles, casino en l\u00ednea, apuestas de f\u00fatbol, la mejor apuesta gratis, los portales de juego m\u00e1s importantes del mundo.","publisher":{"@id":"https:\/\/www.freebetbest.com\/es\/#\/schema\/person\/292684ccf388a2362d507874c5b80a69"},"potentialAction":[{"@type":"SearchAction","target":{"@type":"EntryPoint","urlTemplate":"https:\/\/www.freebetbest.com\/es\/?s={search_term_string}"},"query-input":{"@type":"PropertyValueSpecification","valueRequired":true,"valueName":"search_term_string"}}],"inLanguage":"es"},{"@type":["Person","Organization"],"@id":"https:\/\/www.freebetbest.com\/es\/#\/schema\/person\/292684ccf388a2362d507874c5b80a69","name":"\u7ba1\u7406","image":{"@type":"ImageObject","inLanguage":"es","@id":"https:\/\/www.freebetbest.com\/es\/#\/schema\/person\/image\/","url":"https:\/\/www.freebetbest.com\/wp-content\/litespeed\/avatar\/49696b52fb15293a2168c14964fdd8b9.jpg?ver=1776230299","contentUrl":"https:\/\/www.freebetbest.com\/wp-content\/litespeed\/avatar\/49696b52fb15293a2168c14964fdd8b9.jpg?ver=1776230299","caption":"\u7ba1\u7406"},"logo":{"@id":"https:\/\/www.freebetbest.com\/es\/#\/schema\/person\/image\/"},"sameAs":["admin"]}]}},"_links":{"self":[{"href":"https:\/\/www.freebetbest.com\/es\/wp-json\/wp\/v2\/pages\/4679","targetHints":{"allow":["GET"]}}],"collection":[{"href":"https:\/\/www.freebetbest.com\/es\/wp-json\/wp\/v2\/pages"}],"about":[{"href":"https:\/\/www.freebetbest.com\/es\/wp-json\/wp\/v2\/types\/page"}],"author":[{"embeddable":true,"href":"https:\/\/www.freebetbest.com\/es\/wp-json\/wp\/v2\/users\/1"}],"replies":[{"embeddable":true,"href":"https:\/\/www.freebetbest.com\/es\/wp-json\/wp\/v2\/comments?post=4679"}],"version-history":[{"count":0,"href":"https:\/\/www.freebetbest.com\/es\/wp-json\/wp\/v2\/pages\/4679\/revisions"}],"wp:featuredmedia":[{"embeddable":true,"href":"https:\/\/www.freebetbest.com\/es\/wp-json\/wp\/v2\/media\/129074"}],"wp:attachment":[{"href":"https:\/\/www.freebetbest.com\/es\/wp-json\/wp\/v2\/media?parent=4679"}],"curies":[{"name":"wp","href":"https:\/\/api.w.org\/{rel}","templated":true}]}}