{"id":131007,"date":"2021-06-10T15:06:56","date_gmt":"2021-06-10T15:06:56","guid":{"rendered":"https:\/\/www.freebetbest.com\/bono-casas-de-apuestas-vietnam\/"},"modified":"2021-07-28T17:42:12","modified_gmt":"2021-07-28T17:42:12","slug":"bono-casas-de-apuestas-vietnam","status":"publish","type":"page","link":"https:\/\/www.freebetbest.com\/es\/bono-casas-de-apuestas-vietnam\/","title":{"rendered":"Bono de casas de apuestas de Vietnam"},"content":{"rendered":"<h2>El mejor sitio de apuestas en Vietnam<\/h2>\nCon una poblaci\u00f3n de m\u00e1s de 96 millones, Vietnam es el tercer pa\u00eds m\u00e1s poblado del sudeste asi\u00e1tico y el noveno pa\u00eds m\u00e1s poblado de Asia. Naturalmente, esto lo convierte en un gran mercado de apuestas. Se puede reclamar la bonificaci\u00f3n de las casas de apuestas de Vietnam. Sin embargo, el hecho es que actualmente es ilegal abrir apuestas deportivas en Vietnam.\n\nSin embargo, esto definitivamente no significa que no pueda apostar a nivel nacional. De hecho, si vive en Vietnam, hay muchos sitios web de apuestas disponibles para que los utilice. Algunos de ellos son otros del mundo. Marcas locales reconocidas, mientras que otras son expertos en l\u00ednea menos conocidos.\n\nEn este art\u00edculo, aprender\u00e1 sobre. Toda la informaci\u00f3n sobre Vietnam<a href=\"https:\/\/www.freebetbest.com\/football-online-betting\/\"> Corredor de apuestas<\/a> s Bono. Enumeraremos sus opciones preferidas, lo ayudaremos a elegir la opci\u00f3n m\u00e1s adecuada para usted, le explicaremos la situaci\u00f3n legal y nos ocuparemos de otros asuntos.\n<h3>C\u00f3mo clasificamos el Bono de casas de apuestas de Vietnam<\/h3>\nAcepte excelentes apuestas deportivas de clientes vietnamitas y todas las empresas de apuestas. Reducido a solo 20 mejores opciones. En conclusi\u00f3n, la seguridad de las bonificaciones de las casas de apuestas de Vietnam es un conjunto estricto de reglas y est\u00e1ndares. A continuaci\u00f3n puede ver algunas de las cosas m\u00e1s importantes que est\u00e1bamos buscando.\n\nEste es un problema importante al registrar una nueva casa de apuestas, pero al considerar una marca desconocida. La evaluaci\u00f3n es especialmente importante. Ya lo hemos evaluado. Una lista de todos nuestros principales sitios de apuestas.\n\nEn particular, hemos buscado elementos como el cifrado s\u00f3lido, la autenticaci\u00f3n de dos factores y las comprobaciones de Conozca a su cliente.\n<h3>Selecciones de mercado<\/h3>\nJugadores de <a href=\"https:\/\/www.freebetsinfo.co.uk\/asia-bookmakers\/\">apuestas vietnamitas.<\/a> Interesados en una amplia gama de deportes, premiamos una amplia gama de mercados. Elecci\u00f3n de sitios de apuestas. Tambi\u00e9n estudiamos estos mercados, incluida la cantidad de diferentes tipos de apuestas, as\u00ed como varias ligas y competiciones. Soporte para apostar en la Liga de Vietnam.\n<h3>Bono de casas de apuestas de Vietnam m\u00e9todo de pago<\/h3>\nVemos tantos m\u00e9todos de pago como sea posible de las casas de apuestas para cubrir a tantos clientes como sea posible. Retiros con tarjeta de cr\u00e9dito y d\u00e9bito, el mejor sitio de apuestas deportivas. Tambi\u00e9n puede admitir billeteras electr\u00f3nicas, tarjetas prepagas y criptomonedas. Tambi\u00e9n verificamos dep\u00f3sitos y retiros. Si el l\u00edmite m\u00ednimo es justo y evita que los sitios de apuestas cobren tarifas de pago.\n\nNuevamente, las casas de apuestas que apoyan a los apostadores vietnamitas permiti\u00e9ndoles usar VND han sido recompensadas.\n<h3>Ofertas de registro de los mejores sitios de apuestas en l\u00ednea para Vietnam<\/h3>\nLas ofertas de bienvenida pueden presentarse en diferentes formas. En el Reino Unido, por ejemplo, las ofertas &#8216;Bet X, Get Y&#8217; son el tipo m\u00e1s com\u00fan, y las apuestas 100% &#8216;sin riesgo&#8217; tambi\u00e9n son populares. Sin embargo, para los apostadores vietnamitas hay mucha menos variedad.\n<h3>\u00bfQu\u00e9 son exactamente las bonificaciones legales de las casas de apuestas de Vietnam?<\/h3>\nSitios para apostar en Vietnam. Para los apostadores a los que les gusta apostar, siempre hay una forma. A\u00fan puede apostar en l\u00ednea si juega en l\u00ednea. Solo hay un recordatorio para jugar en l\u00ednea, que es tener 18 a\u00f1os o m\u00e1s.\n<h3>\u00bfCu\u00e1l es la mejor forma de apostar online?<\/h3>\nActualmente en Internet. Jugar es muy fan\u00e1tico. Todo lo que necesitas es. Computadora, tel\u00e9fono inteligente o tableta con conexi\u00f3n a internet.\n\nExisten 3 t\u00e9cnicas para empezar a apostar online\n<ul>\n \t<li>1: Reg\u00edstrese y compre en el sitio web.\n2: Deposite efectivo para sus datos personales\n3: puedes empezar a disfrutar de las recompensas,<\/li>\n<\/ul>\nEn conclusi\u00f3n, apueste todo lo que necesite. Cumplir con nuestras actualizaciones de predicci\u00f3n de f\u00fatbol puede ayudarlo a obtener efectivo f\u00e1cilmente.\n<h3>\u00bfNo hay riesgo de jugar online?<\/h3>\nPara algunos sitios web sin ninguna certificaci\u00f3n de juego, debe tener mucho cuidado. Como comentamos, el sitio web de videojuegos en Vietnam es legal, lo que significa que el sitio web est\u00e1 reconocido como legal en Vietnam.\n\nEn conclusi\u00f3n, Sin embargo, algunos sitios de apuestas globales. Tambi\u00e9n puede estar bloqueado por m\u00e9todos gubernamentales. Puedes probar a abrir las casas de apuestas a las que quieres jugar y ver si puedes visitarlas.\n\n<!-- \/wp:post-content -->","protected":false},"excerpt":{"rendered":"<p>El mejor bono de bienvenida para apuestas en Vietnam. Ofertas de casino en l\u00ednea de Vietnam y bonos de bienvenida promocionales, la compa\u00f1\u00eda de apuestas en l\u00ednea m\u00e1s confiable.<\/p>\n<div class=\"hero-cup-section\">\n<div class=\"row mb-4\">\n<div class=\"col-md-7\">\n<div class=\"section-area\">\n<div class=\"section-list\">\n<li style=\"text-align: left\"><img decoding=\"async\" src=\"https:\/\/www.freebetbest.com\/wp-content\/uploads\/2021\/06\/tick.png\" alt=\"Deportes\"> Bono de bienvenida de Sports Casino.<\/li>\n<li style=\"text-align: left\"><img decoding=\"async\" src=\"https:\/\/www.freebetbest.com\/wp-content\/uploads\/2021\/06\/tick.png\" alt=\"ofertas de juegos\"> Ofertas y promociones de casas de apuestas online.<\/li>\n<li style=\"text-align: left\"><img decoding=\"async\" src=\"https:\/\/www.freebetbest.com\/wp-content\/uploads\/2021\/06\/tick.png\" alt=\"ofertas de juegos\"> Las mejores casas de apuestas online en las que puede confiar.<\/li>\n<li style=\"text-align: left\"><img decoding=\"async\" src=\"https:\/\/www.freebetbest.com\/wp-content\/uploads\/2021\/06\/tick.png\" alt=\"Autoritario\"> Revisi\u00f3n autorizada Seguro confiable.<\/li>\n<li style=\"text-align: left\"><img decoding=\"async\" src=\"https:\/\/www.freebetbest.com\/wp-content\/uploads\/2021\/06\/tick.png\" alt=\"Retiros r\u00e1pidos\"> Soporte de aplicaciones m\u00f3viles, retiros r\u00e1pidos.<\/li>\n<li style=\"text-align: left\"><img decoding=\"async\" src=\"https:\/\/www.freebetbest.com\/wp-content\/uploads\/2021\/06\/tick.png\" alt=\"Atenci\u00f3n al cliente\"> Atenci\u00f3n al cliente: 365 d\u00edas, 24 horas al d\u00eda.<\/li>\n<\/div>\n<\/div>\n<\/div>\n<div class=\"col-md-5\">\n<div class=\"cup-img\"><img decoding=\"async\" src=\"https:\/\/www.freebetbest.com\/wp-content\/uploads\/2021\/06\/vietnam1.png\" alt=\"freebetbest\"><\/div>\n<\/div>\n<\/div>\n","protected":false},"author":1,"featured_media":125276,"parent":0,"menu_order":0,"comment_status":"closed","ping_status":"closed","template":"Vietnam-template.php","meta":{"footnotes":""},"class_list":["post-131007","page","type-page","status-publish","has-post-thumbnail","hentry"],"yoast_head":"<!-- This site is optimized with the Yoast SEO Premium plugin v19.5 (Yoast SEO v27.0) - https:\/\/yoast.com\/product\/yoast-seo-premium-wordpress\/ -->\n<title>Bono de casas de apuestas de Vietnam , promoci\u00f3n de dep\u00f3sito por primera vez<\/title>\n<meta name=\"description\" content=\"Bono de casas de apuestas de Vietnam , Apuesta gratis Bono sin dep\u00f3sito, bienvenido C\u00f3digo de bono de primer dep\u00f3sito, C\u00f3digo de bono de registro. Los bonos de bienvenida m\u00e1s altos\" \/>\n<meta name=\"robots\" content=\"index, follow, max-snippet:-1, max-image-preview:large, max-video-preview:-1\" \/>\n<link rel=\"canonical\" href=\"https:\/\/www.freebetbest.com\/es\/bono-casas-de-apuestas-vietnam\/\" \/>\n<meta property=\"og:locale\" content=\"es_ES\" \/>\n<meta property=\"og:type\" content=\"article\" \/>\n<meta property=\"og:title\" content=\"Bono de casas de apuestas de Vietnam\" \/>\n<meta property=\"og:description\" content=\"Bono de casas de apuestas de Vietnam , Apuesta gratis Bono sin dep\u00f3sito, bienvenido C\u00f3digo de bono de primer dep\u00f3sito, C\u00f3digo de bono de registro. Los bonos de bienvenida m\u00e1s altos\" \/>\n<meta property=\"og:url\" content=\"https:\/\/www.freebetbest.com\/es\/bono-casas-de-apuestas-vietnam\/\" \/>\n<meta property=\"og:site_name\" content=\"Apuesta gratis | Casino en l\u00ednea | Apuestas de f\u00fatbol | Mejores Casas De Apuestas Deportivas Online\" \/>\n<meta property=\"article:modified_time\" content=\"2021-07-28T17:42:12+00:00\" \/>\n<meta property=\"og:image\" content=\"https:\/\/www.freebetbest.com\/wp-content\/uploads\/2021\/06\/Bookmakers-scaled.jpg\" \/>\n\t<meta property=\"og:image:width\" content=\"417\" \/>\n\t<meta property=\"og:image:height\" content=\"180\" \/>\n\t<meta property=\"og:image:type\" content=\"image\/jpeg\" \/>\n<meta name=\"twitter:card\" content=\"summary_large_image\" \/>\n<meta name=\"twitter:label1\" content=\"Tiempo de lectura\" \/>\n\t<meta name=\"twitter:data1\" content=\"3 minutos\" \/>\n<script type=\"application\/ld+json\" class=\"yoast-schema-graph\">{\"@context\":\"https:\/\/schema.org\",\"@graph\":[{\"@type\":\"WebPage\",\"@id\":\"https:\/\/www.freebetbest.com\/es\/bono-casas-de-apuestas-vietnam\/\",\"url\":\"https:\/\/www.freebetbest.com\/es\/bono-casas-de-apuestas-vietnam\/\",\"name\":\"Bono de casas de apuestas de Vietnam , promoci\u00f3n de dep\u00f3sito por primera vez\",\"isPartOf\":{\"@id\":\"https:\/\/www.freebetbest.com\/es\/#website\"},\"primaryImageOfPage\":{\"@id\":\"https:\/\/www.freebetbest.com\/es\/bono-casas-de-apuestas-vietnam\/#primaryimage\"},\"image\":{\"@id\":\"https:\/\/www.freebetbest.com\/es\/bono-casas-de-apuestas-vietnam\/#primaryimage\"},\"thumbnailUrl\":\"https:\/\/www.freebetbest.com\/wp-content\/uploads\/2021\/06\/Bookmakers-scaled.jpg\",\"datePublished\":\"2021-06-10T15:06:56+00:00\",\"dateModified\":\"2021-07-28T17:42:12+00:00\",\"description\":\"Bono de casas de apuestas de Vietnam , Apuesta gratis Bono sin dep\u00f3sito, bienvenido C\u00f3digo de bono de primer dep\u00f3sito, C\u00f3digo de bono de registro. Los bonos de bienvenida m\u00e1s altos\",\"breadcrumb\":{\"@id\":\"https:\/\/www.freebetbest.com\/es\/bono-casas-de-apuestas-vietnam\/#breadcrumb\"},\"inLanguage\":\"es\",\"potentialAction\":[{\"@type\":\"ReadAction\",\"target\":[\"https:\/\/www.freebetbest.com\/es\/bono-casas-de-apuestas-vietnam\/\"]}]},{\"@type\":\"ImageObject\",\"inLanguage\":\"es\",\"@id\":\"https:\/\/www.freebetbest.com\/es\/bono-casas-de-apuestas-vietnam\/#primaryimage\",\"url\":\"https:\/\/www.freebetbest.com\/wp-content\/uploads\/2021\/06\/Bookmakers-scaled.jpg\",\"contentUrl\":\"https:\/\/www.freebetbest.com\/wp-content\/uploads\/2021\/06\/Bookmakers-scaled.jpg\",\"width\":417,\"height\":180,\"caption\":\"Bono de los corredores de apuestas de China\"},{\"@type\":\"BreadcrumbList\",\"@id\":\"https:\/\/www.freebetbest.com\/es\/bono-casas-de-apuestas-vietnam\/#breadcrumb\",\"itemListElement\":[{\"@type\":\"ListItem\",\"position\":1,\"name\":\"Home\",\"item\":\"https:\/\/www.freebetbest.com\/es\/\"},{\"@type\":\"ListItem\",\"position\":2,\"name\":\"Bono de casas de apuestas de Vietnam\"}]},{\"@type\":\"WebSite\",\"@id\":\"https:\/\/www.freebetbest.com\/es\/#website\",\"url\":\"https:\/\/www.freebetbest.com\/es\/\",\"name\":\"Apuesta gratis | Casino en l\u00ednea | Apuestas de f\u00fatbol | Mejores Casas De Apuestas Deportivas Online\",\"description\":\"Las mejores casas de apuestas en l\u00ednea, que ofrecen deportes, casino, p\u00f3ker, bingo y apuestas m\u00f3viles, casino en l\u00ednea, apuestas de f\u00fatbol, la mejor apuesta gratis, los portales de juego m\u00e1s importantes del mundo.\",\"publisher\":{\"@id\":\"https:\/\/www.freebetbest.com\/es\/#\/schema\/person\/292684ccf388a2362d507874c5b80a69\"},\"potentialAction\":[{\"@type\":\"SearchAction\",\"target\":{\"@type\":\"EntryPoint\",\"urlTemplate\":\"https:\/\/www.freebetbest.com\/es\/?s={search_term_string}\"},\"query-input\":{\"@type\":\"PropertyValueSpecification\",\"valueRequired\":true,\"valueName\":\"search_term_string\"}}],\"inLanguage\":\"es\"},{\"@type\":[\"Person\",\"Organization\"],\"@id\":\"https:\/\/www.freebetbest.com\/es\/#\/schema\/person\/292684ccf388a2362d507874c5b80a69\",\"name\":\"\u7ba1\u7406\",\"image\":{\"@type\":\"ImageObject\",\"inLanguage\":\"es\",\"@id\":\"https:\/\/www.freebetbest.com\/es\/#\/schema\/person\/image\/\",\"url\":\"https:\/\/www.freebetbest.com\/wp-content\/litespeed\/avatar\/49696b52fb15293a2168c14964fdd8b9.jpg?ver=1777439934\",\"contentUrl\":\"https:\/\/www.freebetbest.com\/wp-content\/litespeed\/avatar\/49696b52fb15293a2168c14964fdd8b9.jpg?ver=1777439934\",\"caption\":\"\u7ba1\u7406\"},\"logo\":{\"@id\":\"https:\/\/www.freebetbest.com\/es\/#\/schema\/person\/image\/\"},\"sameAs\":[\"admin\"]}]}<\/script>\n<!-- \/ Yoast SEO Premium plugin. -->","yoast_head_json":{"title":"Bono de casas de apuestas de Vietnam , promoci\u00f3n de dep\u00f3sito por primera vez","description":"Bono de casas de apuestas de Vietnam , Apuesta gratis Bono sin dep\u00f3sito, bienvenido C\u00f3digo de bono de primer dep\u00f3sito, C\u00f3digo de bono de registro. Los bonos de bienvenida m\u00e1s altos","robots":{"index":"index","follow":"follow","max-snippet":"max-snippet:-1","max-image-preview":"max-image-preview:large","max-video-preview":"max-video-preview:-1"},"canonical":"https:\/\/www.freebetbest.com\/es\/bono-casas-de-apuestas-vietnam\/","og_locale":"es_ES","og_type":"article","og_title":"Bono de casas de apuestas de Vietnam","og_description":"Bono de casas de apuestas de Vietnam , Apuesta gratis Bono sin dep\u00f3sito, bienvenido C\u00f3digo de bono de primer dep\u00f3sito, C\u00f3digo de bono de registro. Los bonos de bienvenida m\u00e1s altos","og_url":"https:\/\/www.freebetbest.com\/es\/bono-casas-de-apuestas-vietnam\/","og_site_name":"Apuesta gratis | Casino en l\u00ednea | Apuestas de f\u00fatbol | Mejores Casas De Apuestas Deportivas Online","article_modified_time":"2021-07-28T17:42:12+00:00","og_image":[{"width":417,"height":180,"url":"https:\/\/www.freebetbest.com\/wp-content\/uploads\/2021\/06\/Bookmakers-scaled.jpg","type":"image\/jpeg"}],"twitter_card":"summary_large_image","twitter_misc":{"Tiempo de lectura":"3 minutos"},"schema":{"@context":"https:\/\/schema.org","@graph":[{"@type":"WebPage","@id":"https:\/\/www.freebetbest.com\/es\/bono-casas-de-apuestas-vietnam\/","url":"https:\/\/www.freebetbest.com\/es\/bono-casas-de-apuestas-vietnam\/","name":"Bono de casas de apuestas de Vietnam , promoci\u00f3n de dep\u00f3sito por primera vez","isPartOf":{"@id":"https:\/\/www.freebetbest.com\/es\/#website"},"primaryImageOfPage":{"@id":"https:\/\/www.freebetbest.com\/es\/bono-casas-de-apuestas-vietnam\/#primaryimage"},"image":{"@id":"https:\/\/www.freebetbest.com\/es\/bono-casas-de-apuestas-vietnam\/#primaryimage"},"thumbnailUrl":"https:\/\/www.freebetbest.com\/wp-content\/uploads\/2021\/06\/Bookmakers-scaled.jpg","datePublished":"2021-06-10T15:06:56+00:00","dateModified":"2021-07-28T17:42:12+00:00","description":"Bono de casas de apuestas de Vietnam , Apuesta gratis Bono sin dep\u00f3sito, bienvenido C\u00f3digo de bono de primer dep\u00f3sito, C\u00f3digo de bono de registro. Los bonos de bienvenida m\u00e1s altos","breadcrumb":{"@id":"https:\/\/www.freebetbest.com\/es\/bono-casas-de-apuestas-vietnam\/#breadcrumb"},"inLanguage":"es","potentialAction":[{"@type":"ReadAction","target":["https:\/\/www.freebetbest.com\/es\/bono-casas-de-apuestas-vietnam\/"]}]},{"@type":"ImageObject","inLanguage":"es","@id":"https:\/\/www.freebetbest.com\/es\/bono-casas-de-apuestas-vietnam\/#primaryimage","url":"https:\/\/www.freebetbest.com\/wp-content\/uploads\/2021\/06\/Bookmakers-scaled.jpg","contentUrl":"https:\/\/www.freebetbest.com\/wp-content\/uploads\/2021\/06\/Bookmakers-scaled.jpg","width":417,"height":180,"caption":"Bono de los corredores de apuestas de China"},{"@type":"BreadcrumbList","@id":"https:\/\/www.freebetbest.com\/es\/bono-casas-de-apuestas-vietnam\/#breadcrumb","itemListElement":[{"@type":"ListItem","position":1,"name":"Home","item":"https:\/\/www.freebetbest.com\/es\/"},{"@type":"ListItem","position":2,"name":"Bono de casas de apuestas de Vietnam"}]},{"@type":"WebSite","@id":"https:\/\/www.freebetbest.com\/es\/#website","url":"https:\/\/www.freebetbest.com\/es\/","name":"Apuesta gratis | Casino en l\u00ednea | Apuestas de f\u00fatbol | Mejores Casas De Apuestas Deportivas Online","description":"Las mejores casas de apuestas en l\u00ednea, que ofrecen deportes, casino, p\u00f3ker, bingo y apuestas m\u00f3viles, casino en l\u00ednea, apuestas de f\u00fatbol, la mejor apuesta gratis, los portales de juego m\u00e1s importantes del mundo.","publisher":{"@id":"https:\/\/www.freebetbest.com\/es\/#\/schema\/person\/292684ccf388a2362d507874c5b80a69"},"potentialAction":[{"@type":"SearchAction","target":{"@type":"EntryPoint","urlTemplate":"https:\/\/www.freebetbest.com\/es\/?s={search_term_string}"},"query-input":{"@type":"PropertyValueSpecification","valueRequired":true,"valueName":"search_term_string"}}],"inLanguage":"es"},{"@type":["Person","Organization"],"@id":"https:\/\/www.freebetbest.com\/es\/#\/schema\/person\/292684ccf388a2362d507874c5b80a69","name":"\u7ba1\u7406","image":{"@type":"ImageObject","inLanguage":"es","@id":"https:\/\/www.freebetbest.com\/es\/#\/schema\/person\/image\/","url":"https:\/\/www.freebetbest.com\/wp-content\/litespeed\/avatar\/49696b52fb15293a2168c14964fdd8b9.jpg?ver=1777439934","contentUrl":"https:\/\/www.freebetbest.com\/wp-content\/litespeed\/avatar\/49696b52fb15293a2168c14964fdd8b9.jpg?ver=1777439934","caption":"\u7ba1\u7406"},"logo":{"@id":"https:\/\/www.freebetbest.com\/es\/#\/schema\/person\/image\/"},"sameAs":["admin"]}]}},"_links":{"self":[{"href":"https:\/\/www.freebetbest.com\/es\/wp-json\/wp\/v2\/pages\/131007","targetHints":{"allow":["GET"]}}],"collection":[{"href":"https:\/\/www.freebetbest.com\/es\/wp-json\/wp\/v2\/pages"}],"about":[{"href":"https:\/\/www.freebetbest.com\/es\/wp-json\/wp\/v2\/types\/page"}],"author":[{"embeddable":true,"href":"https:\/\/www.freebetbest.com\/es\/wp-json\/wp\/v2\/users\/1"}],"replies":[{"embeddable":true,"href":"https:\/\/www.freebetbest.com\/es\/wp-json\/wp\/v2\/comments?post=131007"}],"version-history":[{"count":0,"href":"https:\/\/www.freebetbest.com\/es\/wp-json\/wp\/v2\/pages\/131007\/revisions"}],"wp:featuredmedia":[{"embeddable":true,"href":"https:\/\/www.freebetbest.com\/es\/wp-json\/wp\/v2\/media\/125276"}],"wp:attachment":[{"href":"https:\/\/www.freebetbest.com\/es\/wp-json\/wp\/v2\/media?parent=131007"}],"curies":[{"name":"wp","href":"https:\/\/api.w.org\/{rel}","templated":true}]}}