{"id":130979,"date":"2021-06-10T09:41:02","date_gmt":"2021-06-10T09:41:02","guid":{"rendered":"https:\/\/www.freebetbest.com\/corredores-de-apuestas-del-reino-unido\/"},"modified":"2021-08-16T15:02:22","modified_gmt":"2021-08-16T15:02:22","slug":"bono-de-casas-de-apuestas-del-reino-unido","status":"publish","type":"page","link":"https:\/\/www.freebetbest.com\/es\/bono-de-casas-de-apuestas-del-reino-unido\/","title":{"rendered":"Bono de casas de apuestas del Reino Unido"},"content":{"rendered":"\n<div class=\"text-area__container\">\n<div class=\"text-area__content\">\n<h2>Se anuncian las apuestas gratuitas de bonificaci\u00f3n de las casas de apuestas del Reino Unido<\/h2>\nLa opci\u00f3n completamente gratuita es, o en principio deber\u00eda ser, la suposici\u00f3n que se le proporciona de forma gratuita, y luego puede encontrar el Bono de casas de apuestas del Reino Unido. Y tener la oportunidad de ganar dinero real. La verdad es que es mejor que invertir en cada<a href=\"https:\/\/www.freebetsinfo.co.uk\/asia-bookmakers\/\"> corredor de apuestas<\/a> . Alrededor de su opci\u00f3n gratuita o reg\u00edstrate para regalar. Las diferentes condiciones y t\u00e9rminos son mucho m\u00e1s complicadas.\n\nDebido a este lugar, tratamos de ser lo m\u00e1s detallados posible aqu\u00ed. Las bonificaciones de las casas de apuestas del Reino Unido y las bonificaciones de registro se proporcionan para usted, pero debe consultar los enlaces de este art\u00edculo. Haga clic en el<a href=\"https:\/\/www.freebetbest.com\/es\/apuestas-online-de-futbol\/\"> casa de apuestas online<\/a> y antes de firmar. Vea sus condiciones y t\u00e9rminos al alza en su totalidad.\n<h2>Muchas ofertas de apuestas.<\/h2>\nAmbos requieren que pague en efectivo y haga una apuesta primero. Esta apuesta principal o calificaci\u00f3n. Por lo general, es necesario adivinar con una determinada oportunidad. Por ejemplo, este obst\u00e1culo podr\u00eda ser as\u00ed\n\nPor lo general, usted establece la primera conjetura. Puede ser que se obtenga una apuesta calificada y el n\u00famero de esa apuesta coincidir\u00e1. Hasta una cierta cantidad incluida, apueste exactamente la misma cantidad de forma gratuita.\n\nIncluso a trav\u00e9s de opciones m\u00e1s simples. Hay muchos cambios para una opci\u00f3n gratuita de 10 \u20ac por 10 \u20ac, una apuesta de 10 \u20ac por 20 \u20ac, una apuesta de 10 \u20ac por una apuesta gratuita de 30 \u20ac e incluso 20 \u20ac por una apuesta de 10 \u20ac.\n\nPor lo general, la principal oferta registrada de casas de apuestas. Se puede utilizar para todos los deportes. Pero aseg\u00farese de comprobarlo, porque a veces hay descuentos. Solo apto para carreras de caballos o b\u00e9isbol.\n<h3>Ofertas de opciones gratuitas y recompensas de registro<\/h3>\nAhora, en los sitios de apuestas del Reino Unido, los bonos de afiliaci\u00f3n son m\u00e1s populares que las apuestas gratuitas. Por lo general, la casa de apuestas. Emparejar\u00e1 su inversi\u00f3n con recursos de ingresos.\n\nSin embargo, puede haber requisitos m\u00ednimos, como los que pueda necesitar. Apostar por encima de ciertas probabilidades es elegible para la recompensa de inversi\u00f3n inicial.\n\nLuego, aproximadamente cu\u00e1ntas veces debes elegir. O exactamente cu\u00e1ntas veces se debe desplazar. Para pasar los fondos de bonificaci\u00f3n aumentados. Retirar cualquier bono, puede haber m\u00e1s t\u00e9rminos.\n\nComo siempre, recuerde registrarse con la casa de apuestas. Revise detenidamente los t\u00e9rminos y condiciones proporcionados por la mayor\u00eda de las suposiciones gratuitas y aseg\u00farese de estar capacitado. Y est\u00e1n dispuestos a cumplir con estas condiciones y t\u00e9rminos.\n\nSin embargo, el pago inicial puede ser una buena forma de comenzar con la casa de apuestas. Algunos le ofrecen un bono adicional de alrededor de \u00a3 100 en lugar de apuestas gratuitas. Por lo tanto, para su primera inversi\u00f3n personal de 100 \u20ac, puede apostar 200 \u20ac. Por supuesto, esto es muy \u00fatil siempre que pueda lograr el \u00e9xito apostando y cumpliendo el plazo.\n\nNo hay pago inicial para los juegos de azar. Definitivamente m\u00e1s conocido que las apuestas gratuitas sin pago inicial. Visite nuestro sitio web de ofertas de casino en Internet para ver los bonos sin dep\u00f3sito disponibles all\u00ed.\n<h2>Preguntas frecuentes sobre las apuestas gratuitas de bonificaci\u00f3n de las casas de apuestas del Reino Unido<\/h2>\n<h3>Apuestas completamente gratis<\/h3>\nLas apuestas sin costo son una apuesta proporcionada por un sitio web de apuestas para que cualquier cliente la establezca y luego disfrute de los beneficios. En breve. Las apuestas gratuitas se utilizan generalmente como una oferta de bienvenida para incentivar a las nuevas empresas a registrar una. Nuevo sitio de apuestas.\n<h3>Bono de casas de apuestas del Reino Unido Solicite apuestas gratuitas<\/h3>\nNo importa cu\u00e1nto te guste, aun as\u00ed, eventualmente estar\u00e1s obligado a hacerlo. Una cuenta bancaria para cada casa de apuestas y, por tanto, cada sitio. Proporcione una apuesta gratis para unirse, en resumen. Puede tener varias cuentas con diferentes casas de apuestas sin restricciones.\n<h3>C\u00f3mo utilizar las apuestas gratuitas<\/h3>\nSi es necesario, su opci\u00f3n gratuita suele ser. Disponible inmediatamente despu\u00e9s de crear su primera apuesta o apuesta calificada.\n<h3>Declare un bono de juego completamente gratis<\/h3>\nTu apuesta es completamente gratis. La ubicaci\u00f3n donde aparece puede variar de una casa de apuestas a otra. Por lo general, definitivamente obtendr\u00e1 un c\u00f3digo de bonificaci\u00f3n que puede usar de todos modos. Una vez que haya determinado las siguientes apuestas, normalmente puede utilizar su opci\u00f3n gratuita en la apuesta.\n\n<\/div>\n<\/div>\n","protected":false},"excerpt":{"rendered":"<p>Siempre le recomendamos que seleccione una casa de apuestas con licencia dentro de su regi\u00f3n para asegurarse de que cumpla con las reglas.<\/p>\n<div class=\"hero-cup-section\">\n<div class=\"row mb-4\">\n<div class=\"col-md-7\">\n<div class=\"section-area\">\n<div class=\"section-list\">\n<li style=\"text-align: left\"><img decoding=\"async\" src=\"https:\/\/www.freebetbest.com\/wp-content\/uploads\/2021\/06\/tick.png\" alt=\"Deportes\"> Bono de bienvenida de Sports Casino.<\/li>\n<li style=\"text-align: left\"><img decoding=\"async\" src=\"https:\/\/www.freebetbest.com\/wp-content\/uploads\/2021\/06\/tick.png\" alt=\"ofertas de juegos\"> Ofertas y promociones de casas de apuestas online.<\/li>\n<li style=\"text-align: left\"><img decoding=\"async\" src=\"https:\/\/www.freebetbest.com\/wp-content\/uploads\/2021\/06\/tick.png\" alt=\"ofertas de juegos\"> Las mejores casas de apuestas online en las que puede confiar.<\/li>\n<li style=\"text-align: left\"><img decoding=\"async\" src=\"https:\/\/www.freebetbest.com\/wp-content\/uploads\/2021\/06\/tick.png\" alt=\"Autoritario\"> Revisi\u00f3n autorizada Seguro confiable.<\/li>\n<li style=\"text-align: left\"><img decoding=\"async\" src=\"https:\/\/www.freebetbest.com\/wp-content\/uploads\/2021\/06\/tick.png\" alt=\"Retiros r\u00e1pidos\"> Soporte de aplicaciones m\u00f3viles, retiros r\u00e1pidos.<\/li>\n<li style=\"text-align: left\"><img decoding=\"async\" src=\"https:\/\/www.freebetbest.com\/wp-content\/uploads\/2021\/06\/tick.png\" alt=\"Atenci\u00f3n al cliente\"> Atenci\u00f3n al cliente: 365 d\u00edas, 24 horas al d\u00eda.<\/li>\n<\/div>\n<\/div>\n<\/div>\n<div class=\"col-md-5\">\n<div class=\"cup-img\"><img decoding=\"async\" src=\"https:\/\/www.freebetbest.com\/wp-content\/uploads\/2021\/06\/uk1.png\" alt=\"freebetbest\"><\/div>\n<\/div>\n<\/div>\n","protected":false},"author":1,"featured_media":125276,"parent":0,"menu_order":0,"comment_status":"closed","ping_status":"closed","template":"uk-template.php","meta":{"footnotes":""},"class_list":["post-130979","page","type-page","status-publish","has-post-thumbnail","hentry"],"yoast_head":"<!-- This site is optimized with the Yoast SEO Premium plugin v19.5 (Yoast SEO v27.0) - https:\/\/yoast.com\/product\/yoast-seo-premium-wordpress\/ -->\n<title>Bono de casas de apuestas del Reino Unido , promoci\u00f3n de dep\u00f3sito por primera vez. sitio de apuestas online<\/title>\n<meta name=\"description\" content=\"Bono de casas de apuestas del Reino Unido , Apuesta gratis Bono sin dep\u00f3sito, bienvenido C\u00f3digo de bono de primer dep\u00f3sito, C\u00f3digo de bono de registro. Los bonos de bienvenida m\u00e1s altos\" \/>\n<meta name=\"robots\" content=\"index, follow, max-snippet:-1, max-image-preview:large, max-video-preview:-1\" \/>\n<link rel=\"canonical\" href=\"https:\/\/www.freebetbest.com\/es\/bono-de-casas-de-apuestas-del-reino-unido\/\" \/>\n<meta property=\"og:locale\" content=\"es_ES\" \/>\n<meta property=\"og:type\" content=\"article\" \/>\n<meta property=\"og:title\" content=\"Bono de casas de apuestas del Reino Unido\" \/>\n<meta property=\"og:description\" content=\"Bono de casas de apuestas del Reino Unido , Apuesta gratis Bono sin dep\u00f3sito, bienvenido C\u00f3digo de bono de primer dep\u00f3sito, C\u00f3digo de bono de registro. Los bonos de bienvenida m\u00e1s altos\" \/>\n<meta property=\"og:url\" content=\"https:\/\/www.freebetbest.com\/es\/bono-de-casas-de-apuestas-del-reino-unido\/\" \/>\n<meta property=\"og:site_name\" content=\"Apuesta gratis | Casino en l\u00ednea | Apuestas de f\u00fatbol | Mejores Casas De Apuestas Deportivas Online\" \/>\n<meta property=\"article:modified_time\" content=\"2021-08-16T15:02:22+00:00\" \/>\n<meta property=\"og:image\" content=\"https:\/\/www.freebetbest.com\/wp-content\/uploads\/2021\/06\/Bookmakers-scaled.jpg\" \/>\n\t<meta property=\"og:image:width\" content=\"417\" \/>\n\t<meta property=\"og:image:height\" content=\"180\" \/>\n\t<meta property=\"og:image:type\" content=\"image\/jpeg\" \/>\n<meta name=\"twitter:card\" content=\"summary_large_image\" \/>\n<meta name=\"twitter:label1\" content=\"Tiempo de lectura\" \/>\n\t<meta name=\"twitter:data1\" content=\"3 minutos\" \/>\n<script type=\"application\/ld+json\" class=\"yoast-schema-graph\">{\"@context\":\"https:\/\/schema.org\",\"@graph\":[{\"@type\":\"WebPage\",\"@id\":\"https:\/\/www.freebetbest.com\/es\/bono-de-casas-de-apuestas-del-reino-unido\/\",\"url\":\"https:\/\/www.freebetbest.com\/es\/bono-de-casas-de-apuestas-del-reino-unido\/\",\"name\":\"Bono de casas de apuestas del Reino Unido , promoci\u00f3n de dep\u00f3sito por primera vez. sitio de apuestas online\",\"isPartOf\":{\"@id\":\"https:\/\/www.freebetbest.com\/es\/#website\"},\"primaryImageOfPage\":{\"@id\":\"https:\/\/www.freebetbest.com\/es\/bono-de-casas-de-apuestas-del-reino-unido\/#primaryimage\"},\"image\":{\"@id\":\"https:\/\/www.freebetbest.com\/es\/bono-de-casas-de-apuestas-del-reino-unido\/#primaryimage\"},\"thumbnailUrl\":\"https:\/\/www.freebetbest.com\/wp-content\/uploads\/2021\/06\/Bookmakers-scaled.jpg\",\"datePublished\":\"2021-06-10T09:41:02+00:00\",\"dateModified\":\"2021-08-16T15:02:22+00:00\",\"description\":\"Bono de casas de apuestas del Reino Unido , Apuesta gratis Bono sin dep\u00f3sito, bienvenido C\u00f3digo de bono de primer dep\u00f3sito, C\u00f3digo de bono de registro. Los bonos de bienvenida m\u00e1s altos\",\"breadcrumb\":{\"@id\":\"https:\/\/www.freebetbest.com\/es\/bono-de-casas-de-apuestas-del-reino-unido\/#breadcrumb\"},\"inLanguage\":\"es\",\"potentialAction\":[{\"@type\":\"ReadAction\",\"target\":[\"https:\/\/www.freebetbest.com\/es\/bono-de-casas-de-apuestas-del-reino-unido\/\"]}]},{\"@type\":\"ImageObject\",\"inLanguage\":\"es\",\"@id\":\"https:\/\/www.freebetbest.com\/es\/bono-de-casas-de-apuestas-del-reino-unido\/#primaryimage\",\"url\":\"https:\/\/www.freebetbest.com\/wp-content\/uploads\/2021\/06\/Bookmakers-scaled.jpg\",\"contentUrl\":\"https:\/\/www.freebetbest.com\/wp-content\/uploads\/2021\/06\/Bookmakers-scaled.jpg\",\"width\":417,\"height\":180,\"caption\":\"Bono de los corredores de apuestas de China\"},{\"@type\":\"BreadcrumbList\",\"@id\":\"https:\/\/www.freebetbest.com\/es\/bono-de-casas-de-apuestas-del-reino-unido\/#breadcrumb\",\"itemListElement\":[{\"@type\":\"ListItem\",\"position\":1,\"name\":\"Home\",\"item\":\"https:\/\/www.freebetbest.com\/es\/\"},{\"@type\":\"ListItem\",\"position\":2,\"name\":\"Bono de casas de apuestas del Reino Unido\"}]},{\"@type\":\"WebSite\",\"@id\":\"https:\/\/www.freebetbest.com\/es\/#website\",\"url\":\"https:\/\/www.freebetbest.com\/es\/\",\"name\":\"Apuesta gratis | Casino en l\u00ednea | Apuestas de f\u00fatbol | Mejores Casas De Apuestas Deportivas Online\",\"description\":\"Las mejores casas de apuestas en l\u00ednea, que ofrecen deportes, casino, p\u00f3ker, bingo y apuestas m\u00f3viles, casino en l\u00ednea, apuestas de f\u00fatbol, la mejor apuesta gratis, los portales de juego m\u00e1s importantes del mundo.\",\"publisher\":{\"@id\":\"https:\/\/www.freebetbest.com\/es\/#\/schema\/person\/292684ccf388a2362d507874c5b80a69\"},\"potentialAction\":[{\"@type\":\"SearchAction\",\"target\":{\"@type\":\"EntryPoint\",\"urlTemplate\":\"https:\/\/www.freebetbest.com\/es\/?s={search_term_string}\"},\"query-input\":{\"@type\":\"PropertyValueSpecification\",\"valueRequired\":true,\"valueName\":\"search_term_string\"}}],\"inLanguage\":\"es\"},{\"@type\":[\"Person\",\"Organization\"],\"@id\":\"https:\/\/www.freebetbest.com\/es\/#\/schema\/person\/292684ccf388a2362d507874c5b80a69\",\"name\":\"\u7ba1\u7406\",\"image\":{\"@type\":\"ImageObject\",\"inLanguage\":\"es\",\"@id\":\"https:\/\/www.freebetbest.com\/es\/#\/schema\/person\/image\/\",\"url\":\"https:\/\/www.freebetbest.com\/wp-content\/litespeed\/avatar\/49696b52fb15293a2168c14964fdd8b9.jpg?ver=1776230299\",\"contentUrl\":\"https:\/\/www.freebetbest.com\/wp-content\/litespeed\/avatar\/49696b52fb15293a2168c14964fdd8b9.jpg?ver=1776230299\",\"caption\":\"\u7ba1\u7406\"},\"logo\":{\"@id\":\"https:\/\/www.freebetbest.com\/es\/#\/schema\/person\/image\/\"},\"sameAs\":[\"admin\"]}]}<\/script>\n<!-- \/ Yoast SEO Premium plugin. -->","yoast_head_json":{"title":"Bono de casas de apuestas del Reino Unido , promoci\u00f3n de dep\u00f3sito por primera vez. sitio de apuestas online","description":"Bono de casas de apuestas del Reino Unido , Apuesta gratis Bono sin dep\u00f3sito, bienvenido C\u00f3digo de bono de primer dep\u00f3sito, C\u00f3digo de bono de registro. Los bonos de bienvenida m\u00e1s altos","robots":{"index":"index","follow":"follow","max-snippet":"max-snippet:-1","max-image-preview":"max-image-preview:large","max-video-preview":"max-video-preview:-1"},"canonical":"https:\/\/www.freebetbest.com\/es\/bono-de-casas-de-apuestas-del-reino-unido\/","og_locale":"es_ES","og_type":"article","og_title":"Bono de casas de apuestas del Reino Unido","og_description":"Bono de casas de apuestas del Reino Unido , Apuesta gratis Bono sin dep\u00f3sito, bienvenido C\u00f3digo de bono de primer dep\u00f3sito, C\u00f3digo de bono de registro. Los bonos de bienvenida m\u00e1s altos","og_url":"https:\/\/www.freebetbest.com\/es\/bono-de-casas-de-apuestas-del-reino-unido\/","og_site_name":"Apuesta gratis | Casino en l\u00ednea | Apuestas de f\u00fatbol | Mejores Casas De Apuestas Deportivas Online","article_modified_time":"2021-08-16T15:02:22+00:00","og_image":[{"width":417,"height":180,"url":"https:\/\/www.freebetbest.com\/wp-content\/uploads\/2021\/06\/Bookmakers-scaled.jpg","type":"image\/jpeg"}],"twitter_card":"summary_large_image","twitter_misc":{"Tiempo de lectura":"3 minutos"},"schema":{"@context":"https:\/\/schema.org","@graph":[{"@type":"WebPage","@id":"https:\/\/www.freebetbest.com\/es\/bono-de-casas-de-apuestas-del-reino-unido\/","url":"https:\/\/www.freebetbest.com\/es\/bono-de-casas-de-apuestas-del-reino-unido\/","name":"Bono de casas de apuestas del Reino Unido , promoci\u00f3n de dep\u00f3sito por primera vez. sitio de apuestas online","isPartOf":{"@id":"https:\/\/www.freebetbest.com\/es\/#website"},"primaryImageOfPage":{"@id":"https:\/\/www.freebetbest.com\/es\/bono-de-casas-de-apuestas-del-reino-unido\/#primaryimage"},"image":{"@id":"https:\/\/www.freebetbest.com\/es\/bono-de-casas-de-apuestas-del-reino-unido\/#primaryimage"},"thumbnailUrl":"https:\/\/www.freebetbest.com\/wp-content\/uploads\/2021\/06\/Bookmakers-scaled.jpg","datePublished":"2021-06-10T09:41:02+00:00","dateModified":"2021-08-16T15:02:22+00:00","description":"Bono de casas de apuestas del Reino Unido , Apuesta gratis Bono sin dep\u00f3sito, bienvenido C\u00f3digo de bono de primer dep\u00f3sito, C\u00f3digo de bono de registro. Los bonos de bienvenida m\u00e1s altos","breadcrumb":{"@id":"https:\/\/www.freebetbest.com\/es\/bono-de-casas-de-apuestas-del-reino-unido\/#breadcrumb"},"inLanguage":"es","potentialAction":[{"@type":"ReadAction","target":["https:\/\/www.freebetbest.com\/es\/bono-de-casas-de-apuestas-del-reino-unido\/"]}]},{"@type":"ImageObject","inLanguage":"es","@id":"https:\/\/www.freebetbest.com\/es\/bono-de-casas-de-apuestas-del-reino-unido\/#primaryimage","url":"https:\/\/www.freebetbest.com\/wp-content\/uploads\/2021\/06\/Bookmakers-scaled.jpg","contentUrl":"https:\/\/www.freebetbest.com\/wp-content\/uploads\/2021\/06\/Bookmakers-scaled.jpg","width":417,"height":180,"caption":"Bono de los corredores de apuestas de China"},{"@type":"BreadcrumbList","@id":"https:\/\/www.freebetbest.com\/es\/bono-de-casas-de-apuestas-del-reino-unido\/#breadcrumb","itemListElement":[{"@type":"ListItem","position":1,"name":"Home","item":"https:\/\/www.freebetbest.com\/es\/"},{"@type":"ListItem","position":2,"name":"Bono de casas de apuestas del Reino Unido"}]},{"@type":"WebSite","@id":"https:\/\/www.freebetbest.com\/es\/#website","url":"https:\/\/www.freebetbest.com\/es\/","name":"Apuesta gratis | Casino en l\u00ednea | Apuestas de f\u00fatbol | Mejores Casas De Apuestas Deportivas Online","description":"Las mejores casas de apuestas en l\u00ednea, que ofrecen deportes, casino, p\u00f3ker, bingo y apuestas m\u00f3viles, casino en l\u00ednea, apuestas de f\u00fatbol, la mejor apuesta gratis, los portales de juego m\u00e1s importantes del mundo.","publisher":{"@id":"https:\/\/www.freebetbest.com\/es\/#\/schema\/person\/292684ccf388a2362d507874c5b80a69"},"potentialAction":[{"@type":"SearchAction","target":{"@type":"EntryPoint","urlTemplate":"https:\/\/www.freebetbest.com\/es\/?s={search_term_string}"},"query-input":{"@type":"PropertyValueSpecification","valueRequired":true,"valueName":"search_term_string"}}],"inLanguage":"es"},{"@type":["Person","Organization"],"@id":"https:\/\/www.freebetbest.com\/es\/#\/schema\/person\/292684ccf388a2362d507874c5b80a69","name":"\u7ba1\u7406","image":{"@type":"ImageObject","inLanguage":"es","@id":"https:\/\/www.freebetbest.com\/es\/#\/schema\/person\/image\/","url":"https:\/\/www.freebetbest.com\/wp-content\/litespeed\/avatar\/49696b52fb15293a2168c14964fdd8b9.jpg?ver=1776230299","contentUrl":"https:\/\/www.freebetbest.com\/wp-content\/litespeed\/avatar\/49696b52fb15293a2168c14964fdd8b9.jpg?ver=1776230299","caption":"\u7ba1\u7406"},"logo":{"@id":"https:\/\/www.freebetbest.com\/es\/#\/schema\/person\/image\/"},"sameAs":["admin"]}]}},"_links":{"self":[{"href":"https:\/\/www.freebetbest.com\/es\/wp-json\/wp\/v2\/pages\/130979","targetHints":{"allow":["GET"]}}],"collection":[{"href":"https:\/\/www.freebetbest.com\/es\/wp-json\/wp\/v2\/pages"}],"about":[{"href":"https:\/\/www.freebetbest.com\/es\/wp-json\/wp\/v2\/types\/page"}],"author":[{"embeddable":true,"href":"https:\/\/www.freebetbest.com\/es\/wp-json\/wp\/v2\/users\/1"}],"replies":[{"embeddable":true,"href":"https:\/\/www.freebetbest.com\/es\/wp-json\/wp\/v2\/comments?post=130979"}],"version-history":[{"count":0,"href":"https:\/\/www.freebetbest.com\/es\/wp-json\/wp\/v2\/pages\/130979\/revisions"}],"wp:featuredmedia":[{"embeddable":true,"href":"https:\/\/www.freebetbest.com\/es\/wp-json\/wp\/v2\/media\/125276"}],"wp:attachment":[{"href":"https:\/\/www.freebetbest.com\/es\/wp-json\/wp\/v2\/media?parent=130979"}],"curies":[{"name":"wp","href":"https:\/\/api.w.org\/{rel}","templated":true}]}}