{"id":130927,"date":"2021-06-10T15:28:39","date_gmt":"2021-06-10T15:28:39","guid":{"rendered":"https:\/\/www.freebetbest.com\/bono-casas-de-apuestas-tailandia\/"},"modified":"2021-07-28T17:48:49","modified_gmt":"2021-07-28T17:48:49","slug":"bono-casas-de-apuestas-tailandia","status":"publish","type":"page","link":"https:\/\/www.freebetbest.com\/es\/bono-casas-de-apuestas-tailandia\/","title":{"rendered":"Bono de casas de apuestas de Tailandia"},"content":{"rendered":"<h3>Juega online en Tailandia. Bono de casas de apuestas de Tailandia<\/h3>\nLas apuestas son muy populares en Tailandia, pero la <a href=\"https:\/\/www.freebetsinfo.co.uk\/asia-bookmakers\/\">bonificaci\u00f3n de las casas de apuestas de<\/a> Tailandia. Solo una peque\u00f1a parte del ejercicio general. Casi todas las apuestas en Tailandia. Todo se hace de forma clandestina, y m\u00e1s del 60% del p\u00fablico tailand\u00e9s hace apuestas. Como otros pa\u00edses asi\u00e1ticos.\n<h3>Tailandia tambi\u00e9n tiene una larga historia de juego.<\/h3>\nIncluso antes de que el pa\u00eds se llame oficialmente Tailandia, encontrar\u00e1 que sucedi\u00f3 en el siglo XIX. Registros de apuestas organizados. Recientemente, Tailandia ha estado operando loter\u00eda estatal, que es jugado regularmente por un gran n\u00famero de tailandeses.\n<h3>Los juegos en l\u00ednea tailandeses son muy populares<\/h3>\nCada vez m\u00e1s nativos tailandeses. Descubr\u00ed que podr\u00edan conectarse en l\u00ednea. Empresas de juego asi\u00e1ticas que ingresan al mercado. Apueste por Internet. Aunque la mayor\u00eda de las casas de apuestas asi\u00e1ticas. A veces, las autoridades tailandesas obstaculizan el acceso al sitio web. Por supuesto, esto es una excepci\u00f3n, pero se puede evitar f\u00e1cilmente mediante una VPN.\n<h3>\u00bfPor qu\u00e9 utilizar un Bono de casas de apuestas de Tailandia<\/h3>\nOfrecemos apostadores tailandeses. El sitio web recomendado es seguro y confiable para los clientes. Y obtenga la verificaci\u00f3n de nuestra empresa profesional. Hemos completado funciones dif\u00edciles. Y encontr\u00e9 la opci\u00f3n ideal, y luego estamos muy felices por ti. Estar\u00e1 en estos sitios de apuestas online. Obtenga grandes apuestas de bonificaci\u00f3n.\n<h3>Continuar apostando en las casas de apuestas de Tailandia<\/h3>\nApuestas de pista y campo y f\u00fatbol. Muy popular entre los apostadores tailandeses, miles de apostadores deportivos. El sitio de apuestas l\u00edder en Tailandia. Hacer una apuesta. Puede elegir una gran cantidad de sitios de apuestas para disfrutar de las apuestas\n<h3>Todos los mejores <a href=\"https:\/\/www.freebetbest.com\/betting-sites\/\">sitios de casas de apuestas de Tailandia en vivo<\/a><\/h3>\nAlgunos de los atributos m\u00e1s importantes que debe incluir un sitio web de apuestas en vivo. Incluyendo muchos mercados de juegos y opciones de juegos. Promoci\u00f3n especial de marketing de juegos de azar en vivo. Canjee funciones y programas en vivo. Despu\u00e9s de analizar todos los sitios web de juegos de azar tailandeses. En conclusi\u00f3n, nos decidimos por algunos de ellos. Adecuado tanto para veteranos como para principiantes.\n<h3>\u00bfSon legales los casinos en Tailandia?<\/h3>\nLos participantes tailandeses a\u00fan lo lograron. Entre sus propios favoritos. Aventuras en l\u00ednea en sitios web globales. Los operadores internacionales garantizan la seguridad financiera de los apostantes y tambi\u00e9n les permiten poseer plenamente sus ganancias.\n<h3>\u00bfEs inofensivo emprender una aventura en l\u00ednea en Tailandia?<\/h3>\nS\u00ed, bajo ciertas condiciones diferentes. M\u00e1s espec\u00edficamente, solo debe elegir un buen usuario global. Mant\u00e9ngase alejado de las versiones cercanas, ya que est\u00e1n absolutamente prohibidas.\n<h3>\u00bfSon legales las apuestas online en Tailandia?<\/h3>\nEl gobierno tailand\u00e9s es responsable de todas las actividades de juego en Internet. En conclusi\u00f3n, se ha implementado la prohibici\u00f3n de colchas, y quieres apostar por una buena casa de apuestas internacional, y la posibilidad de quedar atrapado es m\u00ednima.\n<h3>\u00bfC\u00f3mo apostar en Tailandia?<\/h3>\nEn t\u00e9rminos de juegos de azar, Tailandia es parte de Asia. El pa\u00eds m\u00e1s popular para los jugadores. Sin embargo, apueste en sitios de apuestas en el extranjero. Sigue siendo muy f\u00e1cil. Todo lo que tiene que hacer es uno de los mencionados anteriormente. Elija una casa de apuestas, abra su cuenta, pague por adelantado en efectivo y haga una apuesta.\n<h3>\u00bfDeber\u00eda utilizar un sitio de apuestas en Tailandia?<\/h3>\nPor supuesto. Consulte la p\u00e1gina tailandesa. Muchas compa\u00f1\u00edas de apuestas extranjeras populares. Puede incluir la Liga 1 de Tailandia y las cuotas m\u00e1s competitivas de la Premier League, as\u00ed como varias apuestas asi\u00e1ticas. Adem\u00e1s, aceptar\u00e1 dep\u00f3sitos en baht tailandeses.\n<h3>\u00bfConoce la mejor compa\u00f1\u00eda de apuestas deportivas en Tailandia?<\/h3>\nMuchas empresas de juego locales y extranjeras. Todos operan en Tailandia. Los tailandeses son un gran n\u00famero de fan\u00e1ticos de los deportes y tambi\u00e9n eligen satisfacer sus necesidades. En conclusi\u00f3n, el mejor sitio de apuestas deportivas. Puede consultar nuestra p\u00e1gina en tailand\u00e9s.\n<h3>\u00bfCu\u00e1les son las empresas de apuestas internacionales de habla tailandesa?<\/h3>\nS\u00ed, hay muchas compa\u00f1\u00edas de apuestas extranjeras en l\u00ednea. En conclusi\u00f3n, proporcione un sitio web con una interfaz de usuario tailandesa.\n\n<!-- \/wp:post-content -->","protected":false},"excerpt":{"rendered":"<p>El mejor bono de bienvenida de apuestas en Tailandia. Ofertas de casino en l\u00ednea de Tailandia y bonos de bienvenida promocionales, la compa\u00f1\u00eda de apuestas en l\u00ednea m\u00e1s confiable.<\/p>\n<div class=\"hero-cup-section\">\n<div class=\"row mb-4\">\n<div class=\"col-md-7\">\n<div class=\"section-area\">\n<div class=\"section-list\">\n<li style=\"text-align: left\"><img decoding=\"async\" src=\"https:\/\/www.freebetbest.com\/wp-content\/uploads\/2021\/06\/tick.png\" alt=\"Deportes\"> Bono de bienvenida de Sports Casino.<\/li>\n<li style=\"text-align: left\"><img decoding=\"async\" src=\"https:\/\/www.freebetbest.com\/wp-content\/uploads\/2021\/06\/tick.png\" alt=\"ofertas de juegos\"> Ofertas y promociones de casas de apuestas online.<\/li>\n<li style=\"text-align: left\"><img decoding=\"async\" src=\"https:\/\/www.freebetbest.com\/wp-content\/uploads\/2021\/06\/tick.png\" alt=\"ofertas de juegos\"> Las mejores casas de apuestas online en las que puede confiar.<\/li>\n<li style=\"text-align: left\"><img decoding=\"async\" src=\"https:\/\/www.freebetbest.com\/wp-content\/uploads\/2021\/06\/tick.png\" alt=\"Autoritario\"> Revisi\u00f3n autorizada Seguro confiable.<\/li>\n<li style=\"text-align: left\"><img decoding=\"async\" src=\"https:\/\/www.freebetbest.com\/wp-content\/uploads\/2021\/06\/tick.png\" alt=\"Retiros r\u00e1pidos\"> Soporte de aplicaciones m\u00f3viles, retiros r\u00e1pidos.<\/li>\n<li style=\"text-align: left\"><img decoding=\"async\" src=\"https:\/\/www.freebetbest.com\/wp-content\/uploads\/2021\/06\/tick.png\" alt=\"Atenci\u00f3n al cliente\"> Atenci\u00f3n al cliente: 365 d\u00edas, 24 horas al d\u00eda.<\/li>\n<\/div>\n<\/div>\n<\/div>\n<div class=\"col-md-5\">\n<div class=\"cup-img\"><img decoding=\"async\" src=\"https:\/\/www.freebetbest.com\/wp-content\/uploads\/2021\/06\/Thailand11.png\" alt=\"freebetbest\"><\/div>\n<\/div>\n<\/div>\n","protected":false},"author":1,"featured_media":125276,"parent":0,"menu_order":0,"comment_status":"closed","ping_status":"closed","template":"Thailand-template.php","meta":{"footnotes":""},"class_list":["post-130927","page","type-page","status-publish","has-post-thumbnail","hentry"],"yoast_head":"<!-- This site is optimized with the Yoast SEO Premium plugin v19.5 (Yoast SEO v27.0) - https:\/\/yoast.com\/product\/yoast-seo-premium-wordpress\/ -->\n<title>Bono de casas de apuestas de Tailandia , promoci\u00f3n de dep\u00f3sito por primera vez<\/title>\n<meta name=\"description\" content=\"Bono de casas de apuestas de Tailandia , Apuesta gratis Bono sin dep\u00f3sito, bienvenido C\u00f3digo de bono de primer dep\u00f3sito, C\u00f3digo de bono de registro. Obtenga bonificaciones de apuestas gratuitas.\" \/>\n<meta name=\"robots\" content=\"index, follow, max-snippet:-1, max-image-preview:large, max-video-preview:-1\" \/>\n<link rel=\"canonical\" href=\"https:\/\/www.freebetbest.com\/es\/bono-casas-de-apuestas-tailandia\/\" \/>\n<meta property=\"og:locale\" content=\"es_ES\" \/>\n<meta property=\"og:type\" content=\"article\" \/>\n<meta property=\"og:title\" content=\"Bono de casas de apuestas de Tailandia\" \/>\n<meta property=\"og:description\" content=\"Bono de casas de apuestas de Tailandia , Apuesta gratis Bono sin dep\u00f3sito, bienvenido C\u00f3digo de bono de primer dep\u00f3sito, C\u00f3digo de bono de registro. Obtenga bonificaciones de apuestas gratuitas.\" \/>\n<meta property=\"og:url\" content=\"https:\/\/www.freebetbest.com\/es\/bono-casas-de-apuestas-tailandia\/\" \/>\n<meta property=\"og:site_name\" content=\"Apuesta gratis | Casino en l\u00ednea | Apuestas de f\u00fatbol | Mejores Casas De Apuestas Deportivas Online\" \/>\n<meta property=\"article:modified_time\" content=\"2021-07-28T17:48:49+00:00\" \/>\n<meta property=\"og:image\" content=\"https:\/\/www.freebetbest.com\/wp-content\/uploads\/2021\/06\/Bookmakers-scaled.jpg\" \/>\n\t<meta property=\"og:image:width\" content=\"417\" \/>\n\t<meta property=\"og:image:height\" content=\"180\" \/>\n\t<meta property=\"og:image:type\" content=\"image\/jpeg\" \/>\n<meta name=\"twitter:card\" content=\"summary_large_image\" \/>\n<meta name=\"twitter:label1\" content=\"Tiempo de lectura\" \/>\n\t<meta name=\"twitter:data1\" content=\"3 minutos\" \/>\n<script type=\"application\/ld+json\" class=\"yoast-schema-graph\">{\"@context\":\"https:\/\/schema.org\",\"@graph\":[{\"@type\":\"WebPage\",\"@id\":\"https:\/\/www.freebetbest.com\/es\/bono-casas-de-apuestas-tailandia\/\",\"url\":\"https:\/\/www.freebetbest.com\/es\/bono-casas-de-apuestas-tailandia\/\",\"name\":\"Bono de casas de apuestas de Tailandia , promoci\u00f3n de dep\u00f3sito por primera vez\",\"isPartOf\":{\"@id\":\"https:\/\/www.freebetbest.com\/es\/#website\"},\"primaryImageOfPage\":{\"@id\":\"https:\/\/www.freebetbest.com\/es\/bono-casas-de-apuestas-tailandia\/#primaryimage\"},\"image\":{\"@id\":\"https:\/\/www.freebetbest.com\/es\/bono-casas-de-apuestas-tailandia\/#primaryimage\"},\"thumbnailUrl\":\"https:\/\/www.freebetbest.com\/wp-content\/uploads\/2021\/06\/Bookmakers-scaled.jpg\",\"datePublished\":\"2021-06-10T15:28:39+00:00\",\"dateModified\":\"2021-07-28T17:48:49+00:00\",\"description\":\"Bono de casas de apuestas de Tailandia , Apuesta gratis Bono sin dep\u00f3sito, bienvenido C\u00f3digo de bono de primer dep\u00f3sito, C\u00f3digo de bono de registro. Obtenga bonificaciones de apuestas gratuitas.\",\"breadcrumb\":{\"@id\":\"https:\/\/www.freebetbest.com\/es\/bono-casas-de-apuestas-tailandia\/#breadcrumb\"},\"inLanguage\":\"es\",\"potentialAction\":[{\"@type\":\"ReadAction\",\"target\":[\"https:\/\/www.freebetbest.com\/es\/bono-casas-de-apuestas-tailandia\/\"]}]},{\"@type\":\"ImageObject\",\"inLanguage\":\"es\",\"@id\":\"https:\/\/www.freebetbest.com\/es\/bono-casas-de-apuestas-tailandia\/#primaryimage\",\"url\":\"https:\/\/www.freebetbest.com\/wp-content\/uploads\/2021\/06\/Bookmakers-scaled.jpg\",\"contentUrl\":\"https:\/\/www.freebetbest.com\/wp-content\/uploads\/2021\/06\/Bookmakers-scaled.jpg\",\"width\":417,\"height\":180,\"caption\":\"Bono de los corredores de apuestas de China\"},{\"@type\":\"BreadcrumbList\",\"@id\":\"https:\/\/www.freebetbest.com\/es\/bono-casas-de-apuestas-tailandia\/#breadcrumb\",\"itemListElement\":[{\"@type\":\"ListItem\",\"position\":1,\"name\":\"Home\",\"item\":\"https:\/\/www.freebetbest.com\/es\/\"},{\"@type\":\"ListItem\",\"position\":2,\"name\":\"Bono de casas de apuestas de Tailandia\"}]},{\"@type\":\"WebSite\",\"@id\":\"https:\/\/www.freebetbest.com\/es\/#website\",\"url\":\"https:\/\/www.freebetbest.com\/es\/\",\"name\":\"Apuesta gratis | Casino en l\u00ednea | Apuestas de f\u00fatbol | Mejores Casas De Apuestas Deportivas Online\",\"description\":\"Las mejores casas de apuestas en l\u00ednea, que ofrecen deportes, casino, p\u00f3ker, bingo y apuestas m\u00f3viles, casino en l\u00ednea, apuestas de f\u00fatbol, la mejor apuesta gratis, los portales de juego m\u00e1s importantes del mundo.\",\"publisher\":{\"@id\":\"https:\/\/www.freebetbest.com\/es\/#\/schema\/person\/292684ccf388a2362d507874c5b80a69\"},\"potentialAction\":[{\"@type\":\"SearchAction\",\"target\":{\"@type\":\"EntryPoint\",\"urlTemplate\":\"https:\/\/www.freebetbest.com\/es\/?s={search_term_string}\"},\"query-input\":{\"@type\":\"PropertyValueSpecification\",\"valueRequired\":true,\"valueName\":\"search_term_string\"}}],\"inLanguage\":\"es\"},{\"@type\":[\"Person\",\"Organization\"],\"@id\":\"https:\/\/www.freebetbest.com\/es\/#\/schema\/person\/292684ccf388a2362d507874c5b80a69\",\"name\":\"\u7ba1\u7406\",\"image\":{\"@type\":\"ImageObject\",\"inLanguage\":\"es\",\"@id\":\"https:\/\/www.freebetbest.com\/es\/#\/schema\/person\/image\/\",\"url\":\"https:\/\/www.freebetbest.com\/wp-content\/litespeed\/avatar\/49696b52fb15293a2168c14964fdd8b9.jpg?ver=1778044739\",\"contentUrl\":\"https:\/\/www.freebetbest.com\/wp-content\/litespeed\/avatar\/49696b52fb15293a2168c14964fdd8b9.jpg?ver=1778044739\",\"caption\":\"\u7ba1\u7406\"},\"logo\":{\"@id\":\"https:\/\/www.freebetbest.com\/es\/#\/schema\/person\/image\/\"},\"sameAs\":[\"admin\"]}]}<\/script>\n<!-- \/ Yoast SEO Premium plugin. -->","yoast_head_json":{"title":"Bono de casas de apuestas de Tailandia , promoci\u00f3n de dep\u00f3sito por primera vez","description":"Bono de casas de apuestas de Tailandia , Apuesta gratis Bono sin dep\u00f3sito, bienvenido C\u00f3digo de bono de primer dep\u00f3sito, C\u00f3digo de bono de registro. Obtenga bonificaciones de apuestas gratuitas.","robots":{"index":"index","follow":"follow","max-snippet":"max-snippet:-1","max-image-preview":"max-image-preview:large","max-video-preview":"max-video-preview:-1"},"canonical":"https:\/\/www.freebetbest.com\/es\/bono-casas-de-apuestas-tailandia\/","og_locale":"es_ES","og_type":"article","og_title":"Bono de casas de apuestas de Tailandia","og_description":"Bono de casas de apuestas de Tailandia , Apuesta gratis Bono sin dep\u00f3sito, bienvenido C\u00f3digo de bono de primer dep\u00f3sito, C\u00f3digo de bono de registro. Obtenga bonificaciones de apuestas gratuitas.","og_url":"https:\/\/www.freebetbest.com\/es\/bono-casas-de-apuestas-tailandia\/","og_site_name":"Apuesta gratis | Casino en l\u00ednea | Apuestas de f\u00fatbol | Mejores Casas De Apuestas Deportivas Online","article_modified_time":"2021-07-28T17:48:49+00:00","og_image":[{"width":417,"height":180,"url":"https:\/\/www.freebetbest.com\/wp-content\/uploads\/2021\/06\/Bookmakers-scaled.jpg","type":"image\/jpeg"}],"twitter_card":"summary_large_image","twitter_misc":{"Tiempo de lectura":"3 minutos"},"schema":{"@context":"https:\/\/schema.org","@graph":[{"@type":"WebPage","@id":"https:\/\/www.freebetbest.com\/es\/bono-casas-de-apuestas-tailandia\/","url":"https:\/\/www.freebetbest.com\/es\/bono-casas-de-apuestas-tailandia\/","name":"Bono de casas de apuestas de Tailandia , promoci\u00f3n de dep\u00f3sito por primera vez","isPartOf":{"@id":"https:\/\/www.freebetbest.com\/es\/#website"},"primaryImageOfPage":{"@id":"https:\/\/www.freebetbest.com\/es\/bono-casas-de-apuestas-tailandia\/#primaryimage"},"image":{"@id":"https:\/\/www.freebetbest.com\/es\/bono-casas-de-apuestas-tailandia\/#primaryimage"},"thumbnailUrl":"https:\/\/www.freebetbest.com\/wp-content\/uploads\/2021\/06\/Bookmakers-scaled.jpg","datePublished":"2021-06-10T15:28:39+00:00","dateModified":"2021-07-28T17:48:49+00:00","description":"Bono de casas de apuestas de Tailandia , Apuesta gratis Bono sin dep\u00f3sito, bienvenido C\u00f3digo de bono de primer dep\u00f3sito, C\u00f3digo de bono de registro. Obtenga bonificaciones de apuestas gratuitas.","breadcrumb":{"@id":"https:\/\/www.freebetbest.com\/es\/bono-casas-de-apuestas-tailandia\/#breadcrumb"},"inLanguage":"es","potentialAction":[{"@type":"ReadAction","target":["https:\/\/www.freebetbest.com\/es\/bono-casas-de-apuestas-tailandia\/"]}]},{"@type":"ImageObject","inLanguage":"es","@id":"https:\/\/www.freebetbest.com\/es\/bono-casas-de-apuestas-tailandia\/#primaryimage","url":"https:\/\/www.freebetbest.com\/wp-content\/uploads\/2021\/06\/Bookmakers-scaled.jpg","contentUrl":"https:\/\/www.freebetbest.com\/wp-content\/uploads\/2021\/06\/Bookmakers-scaled.jpg","width":417,"height":180,"caption":"Bono de los corredores de apuestas de China"},{"@type":"BreadcrumbList","@id":"https:\/\/www.freebetbest.com\/es\/bono-casas-de-apuestas-tailandia\/#breadcrumb","itemListElement":[{"@type":"ListItem","position":1,"name":"Home","item":"https:\/\/www.freebetbest.com\/es\/"},{"@type":"ListItem","position":2,"name":"Bono de casas de apuestas de Tailandia"}]},{"@type":"WebSite","@id":"https:\/\/www.freebetbest.com\/es\/#website","url":"https:\/\/www.freebetbest.com\/es\/","name":"Apuesta gratis | Casino en l\u00ednea | Apuestas de f\u00fatbol | Mejores Casas De Apuestas Deportivas Online","description":"Las mejores casas de apuestas en l\u00ednea, que ofrecen deportes, casino, p\u00f3ker, bingo y apuestas m\u00f3viles, casino en l\u00ednea, apuestas de f\u00fatbol, la mejor apuesta gratis, los portales de juego m\u00e1s importantes del mundo.","publisher":{"@id":"https:\/\/www.freebetbest.com\/es\/#\/schema\/person\/292684ccf388a2362d507874c5b80a69"},"potentialAction":[{"@type":"SearchAction","target":{"@type":"EntryPoint","urlTemplate":"https:\/\/www.freebetbest.com\/es\/?s={search_term_string}"},"query-input":{"@type":"PropertyValueSpecification","valueRequired":true,"valueName":"search_term_string"}}],"inLanguage":"es"},{"@type":["Person","Organization"],"@id":"https:\/\/www.freebetbest.com\/es\/#\/schema\/person\/292684ccf388a2362d507874c5b80a69","name":"\u7ba1\u7406","image":{"@type":"ImageObject","inLanguage":"es","@id":"https:\/\/www.freebetbest.com\/es\/#\/schema\/person\/image\/","url":"https:\/\/www.freebetbest.com\/wp-content\/litespeed\/avatar\/49696b52fb15293a2168c14964fdd8b9.jpg?ver=1778044739","contentUrl":"https:\/\/www.freebetbest.com\/wp-content\/litespeed\/avatar\/49696b52fb15293a2168c14964fdd8b9.jpg?ver=1778044739","caption":"\u7ba1\u7406"},"logo":{"@id":"https:\/\/www.freebetbest.com\/es\/#\/schema\/person\/image\/"},"sameAs":["admin"]}]}},"_links":{"self":[{"href":"https:\/\/www.freebetbest.com\/es\/wp-json\/wp\/v2\/pages\/130927","targetHints":{"allow":["GET"]}}],"collection":[{"href":"https:\/\/www.freebetbest.com\/es\/wp-json\/wp\/v2\/pages"}],"about":[{"href":"https:\/\/www.freebetbest.com\/es\/wp-json\/wp\/v2\/types\/page"}],"author":[{"embeddable":true,"href":"https:\/\/www.freebetbest.com\/es\/wp-json\/wp\/v2\/users\/1"}],"replies":[{"embeddable":true,"href":"https:\/\/www.freebetbest.com\/es\/wp-json\/wp\/v2\/comments?post=130927"}],"version-history":[{"count":0,"href":"https:\/\/www.freebetbest.com\/es\/wp-json\/wp\/v2\/pages\/130927\/revisions"}],"wp:featuredmedia":[{"embeddable":true,"href":"https:\/\/www.freebetbest.com\/es\/wp-json\/wp\/v2\/media\/125276"}],"wp:attachment":[{"href":"https:\/\/www.freebetbest.com\/es\/wp-json\/wp\/v2\/media?parent=130927"}],"curies":[{"name":"wp","href":"https:\/\/api.w.org\/{rel}","templated":true}]}}