{"id":130872,"date":"2021-06-10T08:56:34","date_gmt":"2021-06-10T08:56:34","guid":{"rendered":"https:\/\/www.freebetbest.com\/ultimo-bono-de-apuestas-de-tenis\/"},"modified":"2021-07-28T17:27:20","modified_gmt":"2021-07-28T17:27:20","slug":"ultimo-bono-de-apuestas-de-tenis","status":"publish","type":"page","link":"https:\/\/www.freebetbest.com\/es\/ultimo-bono-de-apuestas-de-tenis\/","title":{"rendered":"\u00daltimo bono de apuestas de tenis"},"content":{"rendered":"<h2>Deje que funcione el \u00faltimo bono de apuestas de tenis<\/h2>\n<p>Al buscar actividades deportivas de juego, es posible que no considere la \u00faltima bonificaci\u00f3n de apuestas de tenis. Pero apostar en el juego de tenis es f\u00e1cil y es f\u00e1cil ganar grandes premios. Dejanos ver. C\u00f3mo funcionan las apuestas de tenis. Y c\u00f3mo conseguirlo de cualquier apuesta. T\u00e9cnicas para sacar el mayor provecho. En conclusi\u00f3n, debes comprobarlo. Qu\u00e9 apuestas est\u00e1n abiertas, como las apuestas alternativas divulgadas por las casas de apuestas.<\/p>\n<h3>Juego extendido<\/h3>\n<p>Una apuesta distribuida de juego se refiere a c\u00f3mo alguien tendr\u00e1 \u00e9xito en varios juegos en l\u00ednea. Volviendo a la ilustraci\u00f3n de Nadal y Djokovic, Nadal podr\u00eda tener un margen de -1,5, aunque Djokovic incluye un margen de +2,5. Puede elegir el margen de conjetura declarando que Nadal puede tener no menos de dos victorias en videojuegos mucho m\u00e1s que Djokovic. Tambi\u00e9n puede seguir adelante y tomar el otro lado y afirmar que Djokovic ganar\u00e1 m\u00e1s t\u00edtulos de juegos o tendr\u00e1 una o dos victorias mucho menos durante el partido.<\/p>\n<h3>Juego en l\u00ednea completo<\/h3>\n<p>El completo se refiere a la cantidad de videojuegos que se producir\u00e1n en el complemento. Esta parte del juego de tenis requiere decidir si habr\u00e1 muchos m\u00e1s o menos t\u00edtulos de juegos de los que muestra la l\u00ednea de pesca. Puede colocar una opci\u00f3n en la que un partido tendr\u00e1 m\u00e1s de 20,5 juegos, u otra que indique que encontrar\u00e1 menos de 20,5 juegos.<\/p>\n<h3>\u00daltima configuraci\u00f3n de bonificaci\u00f3n de apuestas de tenis Distribuir<\/h3>\n<p>La configuraci\u00f3n distribuida es un adicional de las opciones para utilizar. La conjetura implica qui\u00e9n puede triunfar en una de las m\u00e1s colecciones dentro de un complemento. La distribuci\u00f3n de la configuraci\u00f3n parece ser de -1,5 generalmente en la mayor\u00eda de las condiciones, y la mayor\u00eda de los torneos implican un mejor de tres o cinco dise\u00f1os.<\/p>\n<h3>\u00daltima configuraci\u00f3n de bonificaci\u00f3n de apuestas de tenis completa<\/h3>\n<p>La configuraci\u00f3n general es muy parecida al juego general en general, porque implica elegir en caso de que una actividad tenga b\u00e1sicamente en comparaci\u00f3n con un n\u00famero distinto de unidades. El m\u00e1s \/ menos es normalmente 2.5 para el mejor partido de tres o 4.5 para cualquier ocasi\u00f3n al mejor de cinco. Considere este elemento de los juegos de tenis como algo en el que cree que la competencia debe llegar hasta la m\u00e1xima variedad de paquetes que puedan surgir.<\/p>\n<p>Los partidos de tenis se proporcionan en el formulario<\/p>\n<p>Provisto de apuestas deportivas. En comparaci\u00f3n con las apuestas en partidos de tenis, tiene un rango considerable. Necesitamos echar un vistazo. Tres de las condiciones de registro de torneos de tenis m\u00e1s t\u00edpicas, conocer\u00e1s a todas las empresas de apuestas del mercado.<\/p>\n<p>Apuestas gratis<\/p>\n<p>Hable sobre lo que se puede utilizar para posicionar apuestas. Historial de cr\u00e9dito de bienestar. Puede utilizar un<a href=\"https:\/\/www.freebetbest.com\/es\/%c3%9altimo-bono-de-apuestas-gratis\/\"> oferta de apuestas gratis<\/a> . Para calcular total o parcialmente su apuesta de tenis. Debe saber que este tipo de registro de torneos de tenis. El servicio prestado no se dise\u00f1ar\u00e1 como una desventaja. Consulte y apuestas completamente gratuitas. Proporcione los requisitos de relaci\u00f3n y apuestas de partidos para retirar cualquier bonificaci\u00f3n.<\/p>\n<p>Coincidencia de anticipo<\/p>\n<p>Son muchas apuestas deportivas. La forma m\u00e1s popular de unirse al tenis. Los proveedores de servicios suelen decir. Seguir\u00e1n un porcentaje determinado o espec\u00edfico. En conclusi\u00f3n, reduzca para igualar su primer dep\u00f3sito.<\/p>\n<p>Riesgo-<a href=\"https:\/\/www.freebetsinfo.co.uk\/asia-bookmakers\/\"> apuestas gratis<\/a><\/p>\n<p>Otra de las apuestas deportivas para partidos de tenis. El favorito son las apuestas sin riesgo. En realidad, est\u00e1 relacionado con las adivinanzas gratuitas. Es exactamente lo mismo en la sensaci\u00f3n de obtener cr\u00e9dito en las apuestas deportivas. En conclusi\u00f3n, este juego ofrece. Esto asegura que si pierde su primera apuesta, tendr\u00e1 un puntaje de cr\u00e9dito como opci\u00f3n gratuita. Recupera tu apuesta.<\/p>\n<p><!-- \/wp:post-content --><\/p>\n<p><!-- wp:paragraph \/--><\/p>\n","protected":false},"excerpt":{"rendered":"<p>Con la expansi\u00f3n de las actividades deportivas legales, podemos controlar las actualizaciones de cada uno de los beneficios m\u00e1s recientes y las aplicaciones de apuestas deportivas de tenis de primer nivel.<\/p>\n<div class=\"hero-cup-section\">\n<div class=\"row mb-4\">\n<div class=\"col-md-7\">\n<div class=\"section-area\">\n<div class=\"section-list\">\n<li style=\"text-align: left\"><img decoding=\"async\" src=\"https:\/\/www.freebetbest.com\/wp-content\/uploads\/2021\/06\/tick.png\" alt=\"Deportes\"> Bono de bienvenida de Sports Casino.<\/li>\n<li style=\"text-align: left\"><img decoding=\"async\" src=\"https:\/\/www.freebetbest.com\/wp-content\/uploads\/2021\/06\/tick.png\" alt=\"ofertas de juegos\"> Ofertas y promociones de casas de apuestas online.<\/li>\n<li style=\"text-align: left\"><img decoding=\"async\" src=\"https:\/\/www.freebetbest.com\/wp-content\/uploads\/2021\/06\/tick.png\" alt=\"ofertas de juegos\"> Las mejores casas de apuestas online en las que puede confiar.<\/li>\n<li style=\"text-align: left\"><img decoding=\"async\" src=\"https:\/\/www.freebetbest.com\/wp-content\/uploads\/2021\/06\/tick.png\" alt=\"Autoritario\"> Revisi\u00f3n autorizada Seguro confiable.<\/li>\n<li style=\"text-align: left\"><img decoding=\"async\" src=\"https:\/\/www.freebetbest.com\/wp-content\/uploads\/2021\/06\/tick.png\" alt=\"Retiros r\u00e1pidos\"> Soporte de aplicaciones m\u00f3viles, retiros r\u00e1pidos.<\/li>\n<li style=\"text-align: left\"><img decoding=\"async\" src=\"https:\/\/www.freebetbest.com\/wp-content\/uploads\/2021\/06\/tick.png\" alt=\"Atenci\u00f3n al cliente\"> Atenci\u00f3n al cliente: 365 d\u00edas, 24 horas al d\u00eda.<\/li>\n<\/div>\n<\/div>\n<\/div>\n<div class=\"col-md-5\">\n<div class=\"cup-img\"><img decoding=\"async\" src=\"https:\/\/www.freebetbest.com\/wp-content\/uploads\/2021\/06\/Cricket-Betting.png\" alt=\"freebetbest\"><\/div>\n<\/div>\n<\/div>\n","protected":false},"author":1,"featured_media":125171,"parent":0,"menu_order":0,"comment_status":"closed","ping_status":"closed","template":"Sports-template.php","meta":{"footnotes":""},"class_list":["post-130872","page","type-page","status-publish","has-post-thumbnail","hentry"],"yoast_head":"<!-- This site is optimized with the Yoast SEO Premium plugin v19.5 (Yoast SEO v27.5) - https:\/\/yoast.com\/product\/yoast-seo-premium-wordpress\/ -->\n<title>\u00daltimo bono de apuestas de tenis Bonificaci\u00f3n de registro de nuevo cliente<\/title>\n<meta name=\"description\" content=\"\u00daltimo bono de apuestas de tenis mejores casas de apuestas en l\u00ednea, ofrece deportes, casino, p\u00f3quer, bingo y apuestas m\u00f3viles, apuesta gratuita sin dep\u00f3sito\" \/>\n<meta name=\"robots\" content=\"index, follow, max-snippet:-1, max-image-preview:large, max-video-preview:-1\" \/>\n<link rel=\"canonical\" href=\"https:\/\/www.freebetbest.com\/es\/ultimo-bono-de-apuestas-de-tenis\/\" \/>\n<meta property=\"og:locale\" content=\"es_ES\" \/>\n<meta property=\"og:type\" content=\"article\" \/>\n<meta property=\"og:title\" content=\"\u00daltimo bono de apuestas de tenis\" \/>\n<meta property=\"og:description\" content=\"\u00daltimo bono de apuestas de tenis mejores casas de apuestas en l\u00ednea, ofrece deportes, casino, p\u00f3quer, bingo y apuestas m\u00f3viles, apuesta gratuita sin dep\u00f3sito\" \/>\n<meta property=\"og:url\" content=\"https:\/\/www.freebetbest.com\/es\/ultimo-bono-de-apuestas-de-tenis\/\" \/>\n<meta property=\"og:site_name\" content=\"Apuesta gratis | Casino en l\u00ednea | Apuestas de f\u00fatbol | Mejores Casas De Apuestas Deportivas Online\" \/>\n<meta property=\"article:modified_time\" content=\"2021-07-28T17:27:20+00:00\" \/>\n<meta property=\"og:image\" content=\"https:\/\/www.freebetbest.com\/wp-content\/uploads\/2021\/06\/tennis-betting-scaled.jpg\" \/>\n\t<meta property=\"og:image:width\" content=\"415\" \/>\n\t<meta property=\"og:image:height\" content=\"180\" \/>\n\t<meta property=\"og:image:type\" content=\"image\/jpeg\" \/>\n<meta name=\"twitter:card\" content=\"summary_large_image\" \/>\n<meta name=\"twitter:label1\" content=\"Tiempo de lectura\" \/>\n\t<meta name=\"twitter:data1\" content=\"3 minutos\" \/>\n<script type=\"application\/ld+json\" class=\"yoast-schema-graph\">{\"@context\":\"https:\\\/\\\/schema.org\",\"@graph\":[{\"@type\":\"WebPage\",\"@id\":\"https:\\\/\\\/www.freebetbest.com\\\/es\\\/ultimo-bono-de-apuestas-de-tenis\\\/\",\"url\":\"https:\\\/\\\/www.freebetbest.com\\\/es\\\/ultimo-bono-de-apuestas-de-tenis\\\/\",\"name\":\"\u00daltimo bono de apuestas de tenis Bonificaci\u00f3n de registro de nuevo cliente\",\"isPartOf\":{\"@id\":\"https:\\\/\\\/www.freebetbest.com\\\/es\\\/#website\"},\"primaryImageOfPage\":{\"@id\":\"https:\\\/\\\/www.freebetbest.com\\\/es\\\/ultimo-bono-de-apuestas-de-tenis\\\/#primaryimage\"},\"image\":{\"@id\":\"https:\\\/\\\/www.freebetbest.com\\\/es\\\/ultimo-bono-de-apuestas-de-tenis\\\/#primaryimage\"},\"thumbnailUrl\":\"https:\\\/\\\/www.freebetbest.com\\\/wp-content\\\/uploads\\\/2021\\\/06\\\/tennis-betting-scaled.jpg\",\"datePublished\":\"2021-06-10T08:56:34+00:00\",\"dateModified\":\"2021-07-28T17:27:20+00:00\",\"description\":\"\u00daltimo bono de apuestas de tenis mejores casas de apuestas en l\u00ednea, ofrece deportes, casino, p\u00f3quer, bingo y apuestas m\u00f3viles, apuesta gratuita sin dep\u00f3sito\",\"breadcrumb\":{\"@id\":\"https:\\\/\\\/www.freebetbest.com\\\/es\\\/ultimo-bono-de-apuestas-de-tenis\\\/#breadcrumb\"},\"inLanguage\":\"es\",\"potentialAction\":[{\"@type\":\"ReadAction\",\"target\":[\"https:\\\/\\\/www.freebetbest.com\\\/es\\\/ultimo-bono-de-apuestas-de-tenis\\\/\"]}]},{\"@type\":\"ImageObject\",\"inLanguage\":\"es\",\"@id\":\"https:\\\/\\\/www.freebetbest.com\\\/es\\\/ultimo-bono-de-apuestas-de-tenis\\\/#primaryimage\",\"url\":\"https:\\\/\\\/www.freebetbest.com\\\/wp-content\\\/uploads\\\/2021\\\/06\\\/tennis-betting-scaled.jpg\",\"contentUrl\":\"https:\\\/\\\/www.freebetbest.com\\\/wp-content\\\/uploads\\\/2021\\\/06\\\/tennis-betting-scaled.jpg\",\"width\":415,\"height\":180,\"caption\":\"apuestas de tenis\"},{\"@type\":\"BreadcrumbList\",\"@id\":\"https:\\\/\\\/www.freebetbest.com\\\/es\\\/ultimo-bono-de-apuestas-de-tenis\\\/#breadcrumb\",\"itemListElement\":[{\"@type\":\"ListItem\",\"position\":1,\"name\":\"Home\",\"item\":\"https:\\\/\\\/www.freebetbest.com\\\/es\\\/\"},{\"@type\":\"ListItem\",\"position\":2,\"name\":\"\u00daltimo bono de apuestas de tenis\"}]},{\"@type\":\"WebSite\",\"@id\":\"https:\\\/\\\/www.freebetbest.com\\\/es\\\/#website\",\"url\":\"https:\\\/\\\/www.freebetbest.com\\\/es\\\/\",\"name\":\"Apuesta gratis | Casino en l\u00ednea | Apuestas de f\u00fatbol | Mejores Casas De Apuestas Deportivas Online\",\"description\":\"Las mejores casas de apuestas en l\u00ednea, que ofrecen deportes, casino, p\u00f3ker, bingo y apuestas m\u00f3viles, casino en l\u00ednea, apuestas de f\u00fatbol, la mejor apuesta gratis, los portales de juego m\u00e1s importantes del mundo.\",\"publisher\":{\"@id\":\"https:\\\/\\\/www.freebetbest.com\\\/es\\\/#\\\/schema\\\/person\\\/292684ccf388a2362d507874c5b80a69\"},\"potentialAction\":[{\"@type\":\"SearchAction\",\"target\":{\"@type\":\"EntryPoint\",\"urlTemplate\":\"https:\\\/\\\/www.freebetbest.com\\\/es\\\/?s={search_term_string}\"},\"query-input\":{\"@type\":\"PropertyValueSpecification\",\"valueRequired\":true,\"valueName\":\"search_term_string\"}}],\"inLanguage\":\"es\"},{\"@type\":[\"Person\",\"Organization\"],\"@id\":\"https:\\\/\\\/www.freebetbest.com\\\/es\\\/#\\\/schema\\\/person\\\/292684ccf388a2362d507874c5b80a69\",\"name\":\"\u7ba1\u7406\",\"image\":{\"@type\":\"ImageObject\",\"inLanguage\":\"es\",\"@id\":\"https:\\\/\\\/www.freebetbest.com\\\/wp-content\\\/litespeed\\\/avatar\\\/49696b52fb15293a2168c14964fdd8b9.jpg?ver=1778044739\",\"url\":\"https:\\\/\\\/www.freebetbest.com\\\/wp-content\\\/litespeed\\\/avatar\\\/49696b52fb15293a2168c14964fdd8b9.jpg?ver=1778044739\",\"contentUrl\":\"https:\\\/\\\/www.freebetbest.com\\\/wp-content\\\/litespeed\\\/avatar\\\/49696b52fb15293a2168c14964fdd8b9.jpg?ver=1778044739\",\"caption\":\"\u7ba1\u7406\"},\"logo\":{\"@id\":\"https:\\\/\\\/www.freebetbest.com\\\/wp-content\\\/litespeed\\\/avatar\\\/49696b52fb15293a2168c14964fdd8b9.jpg?ver=1778044739\"},\"sameAs\":[\"admin\"]}]}<\/script>\n<!-- \/ Yoast SEO Premium plugin. -->","yoast_head_json":{"title":"\u00daltimo bono de apuestas de tenis Bonificaci\u00f3n de registro de nuevo cliente","description":"\u00daltimo bono de apuestas de tenis mejores casas de apuestas en l\u00ednea, ofrece deportes, casino, p\u00f3quer, bingo y apuestas m\u00f3viles, apuesta gratuita sin dep\u00f3sito","robots":{"index":"index","follow":"follow","max-snippet":"max-snippet:-1","max-image-preview":"max-image-preview:large","max-video-preview":"max-video-preview:-1"},"canonical":"https:\/\/www.freebetbest.com\/es\/ultimo-bono-de-apuestas-de-tenis\/","og_locale":"es_ES","og_type":"article","og_title":"\u00daltimo bono de apuestas de tenis","og_description":"\u00daltimo bono de apuestas de tenis mejores casas de apuestas en l\u00ednea, ofrece deportes, casino, p\u00f3quer, bingo y apuestas m\u00f3viles, apuesta gratuita sin dep\u00f3sito","og_url":"https:\/\/www.freebetbest.com\/es\/ultimo-bono-de-apuestas-de-tenis\/","og_site_name":"Apuesta gratis | Casino en l\u00ednea | Apuestas de f\u00fatbol | Mejores Casas De Apuestas Deportivas Online","article_modified_time":"2021-07-28T17:27:20+00:00","og_image":[{"width":415,"height":180,"url":"https:\/\/www.freebetbest.com\/wp-content\/uploads\/2021\/06\/tennis-betting-scaled.jpg","type":"image\/jpeg"}],"twitter_card":"summary_large_image","twitter_misc":{"Tiempo de lectura":"3 minutos"},"schema":{"@context":"https:\/\/schema.org","@graph":[{"@type":"WebPage","@id":"https:\/\/www.freebetbest.com\/es\/ultimo-bono-de-apuestas-de-tenis\/","url":"https:\/\/www.freebetbest.com\/es\/ultimo-bono-de-apuestas-de-tenis\/","name":"\u00daltimo bono de apuestas de tenis Bonificaci\u00f3n de registro de nuevo cliente","isPartOf":{"@id":"https:\/\/www.freebetbest.com\/es\/#website"},"primaryImageOfPage":{"@id":"https:\/\/www.freebetbest.com\/es\/ultimo-bono-de-apuestas-de-tenis\/#primaryimage"},"image":{"@id":"https:\/\/www.freebetbest.com\/es\/ultimo-bono-de-apuestas-de-tenis\/#primaryimage"},"thumbnailUrl":"https:\/\/www.freebetbest.com\/wp-content\/uploads\/2021\/06\/tennis-betting-scaled.jpg","datePublished":"2021-06-10T08:56:34+00:00","dateModified":"2021-07-28T17:27:20+00:00","description":"\u00daltimo bono de apuestas de tenis mejores casas de apuestas en l\u00ednea, ofrece deportes, casino, p\u00f3quer, bingo y apuestas m\u00f3viles, apuesta gratuita sin dep\u00f3sito","breadcrumb":{"@id":"https:\/\/www.freebetbest.com\/es\/ultimo-bono-de-apuestas-de-tenis\/#breadcrumb"},"inLanguage":"es","potentialAction":[{"@type":"ReadAction","target":["https:\/\/www.freebetbest.com\/es\/ultimo-bono-de-apuestas-de-tenis\/"]}]},{"@type":"ImageObject","inLanguage":"es","@id":"https:\/\/www.freebetbest.com\/es\/ultimo-bono-de-apuestas-de-tenis\/#primaryimage","url":"https:\/\/www.freebetbest.com\/wp-content\/uploads\/2021\/06\/tennis-betting-scaled.jpg","contentUrl":"https:\/\/www.freebetbest.com\/wp-content\/uploads\/2021\/06\/tennis-betting-scaled.jpg","width":415,"height":180,"caption":"apuestas de tenis"},{"@type":"BreadcrumbList","@id":"https:\/\/www.freebetbest.com\/es\/ultimo-bono-de-apuestas-de-tenis\/#breadcrumb","itemListElement":[{"@type":"ListItem","position":1,"name":"Home","item":"https:\/\/www.freebetbest.com\/es\/"},{"@type":"ListItem","position":2,"name":"\u00daltimo bono de apuestas de tenis"}]},{"@type":"WebSite","@id":"https:\/\/www.freebetbest.com\/es\/#website","url":"https:\/\/www.freebetbest.com\/es\/","name":"Apuesta gratis | Casino en l\u00ednea | Apuestas de f\u00fatbol | Mejores Casas De Apuestas Deportivas Online","description":"Las mejores casas de apuestas en l\u00ednea, que ofrecen deportes, casino, p\u00f3ker, bingo y apuestas m\u00f3viles, casino en l\u00ednea, apuestas de f\u00fatbol, la mejor apuesta gratis, los portales de juego m\u00e1s importantes del mundo.","publisher":{"@id":"https:\/\/www.freebetbest.com\/es\/#\/schema\/person\/292684ccf388a2362d507874c5b80a69"},"potentialAction":[{"@type":"SearchAction","target":{"@type":"EntryPoint","urlTemplate":"https:\/\/www.freebetbest.com\/es\/?s={search_term_string}"},"query-input":{"@type":"PropertyValueSpecification","valueRequired":true,"valueName":"search_term_string"}}],"inLanguage":"es"},{"@type":["Person","Organization"],"@id":"https:\/\/www.freebetbest.com\/es\/#\/schema\/person\/292684ccf388a2362d507874c5b80a69","name":"\u7ba1\u7406","image":{"@type":"ImageObject","inLanguage":"es","@id":"https:\/\/www.freebetbest.com\/wp-content\/litespeed\/avatar\/49696b52fb15293a2168c14964fdd8b9.jpg?ver=1778044739","url":"https:\/\/www.freebetbest.com\/wp-content\/litespeed\/avatar\/49696b52fb15293a2168c14964fdd8b9.jpg?ver=1778044739","contentUrl":"https:\/\/www.freebetbest.com\/wp-content\/litespeed\/avatar\/49696b52fb15293a2168c14964fdd8b9.jpg?ver=1778044739","caption":"\u7ba1\u7406"},"logo":{"@id":"https:\/\/www.freebetbest.com\/wp-content\/litespeed\/avatar\/49696b52fb15293a2168c14964fdd8b9.jpg?ver=1778044739"},"sameAs":["admin"]}]}},"_links":{"self":[{"href":"https:\/\/www.freebetbest.com\/es\/wp-json\/wp\/v2\/pages\/130872","targetHints":{"allow":["GET"]}}],"collection":[{"href":"https:\/\/www.freebetbest.com\/es\/wp-json\/wp\/v2\/pages"}],"about":[{"href":"https:\/\/www.freebetbest.com\/es\/wp-json\/wp\/v2\/types\/page"}],"author":[{"embeddable":true,"href":"https:\/\/www.freebetbest.com\/es\/wp-json\/wp\/v2\/users\/1"}],"replies":[{"embeddable":true,"href":"https:\/\/www.freebetbest.com\/es\/wp-json\/wp\/v2\/comments?post=130872"}],"version-history":[{"count":0,"href":"https:\/\/www.freebetbest.com\/es\/wp-json\/wp\/v2\/pages\/130872\/revisions"}],"wp:featuredmedia":[{"embeddable":true,"href":"https:\/\/www.freebetbest.com\/es\/wp-json\/wp\/v2\/media\/125171"}],"wp:attachment":[{"href":"https:\/\/www.freebetbest.com\/es\/wp-json\/wp\/v2\/media?parent=130872"}],"curies":[{"name":"wp","href":"https:\/\/api.w.org\/{rel}","templated":true}]}}