{"id":130717,"date":"2021-06-10T09:25:38","date_gmt":"2021-06-10T09:25:38","guid":{"rendered":"https:\/\/www.freebetbest.com\/ultimo-bono-de-apuestas-de-loteria-loteria\/"},"modified":"2021-07-28T17:32:12","modified_gmt":"2021-07-28T17:32:12","slug":"ultimo-bono-de-apuestas-de-loteria-loteria","status":"publish","type":"page","link":"https:\/\/www.freebetbest.com\/es\/ultimo-bono-de-apuestas-de-loteria-loteria\/","title":{"rendered":"\u00daltimo bono de apuestas de loter\u00eda de loter\u00eda"},"content":{"rendered":"<h2>Acerca del \u00faltimo bono de apuestas de loter\u00eda de loter\u00eda<\/h2>\n<p> El \u00faltimo bono de apuestas de loter\u00eda de loter\u00eda es diferente del juego tradicional porque en realidad no lo compra. Boletos de loter\u00eda f\u00edsicos o comprar boletos de loter\u00eda en Internet. Por el contrario, como sugiere el nombre, resulta que eres una apuesta de loter\u00eda.<\/p>\n<p>Ahora, es posible que desee saberlo. \u00bfQu\u00e9 sucede despu\u00e9s de ganar el premio? Si compra un boleto de loter\u00eda, el operador pagar\u00e1 el bono. Por otro lado, los sitios de apuestas de loter\u00eda. Adopte un modelo de p\u00f3liza de seguro. Esto significa sitios de apuestas de loter\u00eda. En conclusi\u00f3n, trabaje con las compa\u00f1\u00edas de seguros y proporcione un seguro para cada conjetura.<\/p>\n<h2>Loter\u00eda internacional. Apueste todo su \u00faltimo bono de apuestas de loter\u00eda de loter\u00eda<\/h2>\n<p>La loter\u00eda f\u00edsica solo es aplicable. Ciudadanos de su pa\u00eds \/ regi\u00f3n. Por ejemplo, loter\u00eda Powerball. Solo se puede comprar en Estados Unidos. Ayuda de mensajer\u00eda Lotto. Esto se supera en cierta medida, pero no hay nada mejor que jugar a la loter\u00eda. El abanico de posibilidades es a\u00fan mejor. En conclusi\u00f3n, los sitios de apuestas de loter\u00eda est\u00e1n en todo el mundo. Se ofrece una amplia variedad de apuestas de loter\u00eda, lo que significa absoluto. No hay escasez de alternativas de juego.<\/p>\n<h3>Disfrute de m\u00e1s opciones de apuestas<\/h3>\n<p>Algo de loter\u00eda del Reino Unido<a href=\"https:\/\/www.freebetbest.com\/es\/apuestas-online-de-futbol\/\"> sitios de apuestas<\/a> . Ofrece una variedad de posibilidades de apuestas. Si no te gusta adivinar. Esta puede ser una buena soluci\u00f3n para el riesgo potencial de cada cantidad. Aun as\u00ed, no todos los sitios web. Ambos le brindan esta funci\u00f3n, as\u00ed que aseg\u00farese de registrarse antes. Verifique las opciones de apuestas provistas.<\/p>\n<h3>Al tener la oportunidad de registrarse para<a href=\"https:\/\/www.freebetsinfo.co.uk\/asia-online-casino\/\"> sitios de apuestas de loter\u00eda<\/a><\/h3>\n<p>Puede que no tenga tanto \u00e9xito como supon\u00eda, pero reg\u00edstrese en un consorcio. Puede significar que es m\u00e1s probable que obtenga algunos resultados. Teniendo en cuenta el poco probable \u00e9xito de Lotto, esta es una excelente ventaja para muchos jugadores.<\/p>\n<h3>M\u00e1s que solo el \u00faltimo bono de apuestas de loter\u00eda de loter\u00eda<\/h3>\n<p>Esto no es solo en los sitios de apuestas de loter\u00eda. Sorteo de loter\u00eda en exhibici\u00f3n. A veces encontrar\u00e1 que proporciona algunas tarjetas para rascar. Y acceso instant\u00e1neo a videojuegos, muy adecuado entre recepci\u00f3n. Juega un juego r\u00e1pido. Muchos de los mejores sitios web. Tambi\u00e9n se ofrecen juegos de casino.<\/p>\n<h3>C\u00f3mo elegir la casa de apuestas de loter\u00eda m\u00e1s eficaz<\/h3>\n<p>Nuestros expertos de la industria est\u00e1n en este art\u00edculo. Se muestran los programas de apuestas de loter\u00eda m\u00e1s famosos, entonces, \u00bfc\u00f3mo los elegimos? Nuestra empresa utiliza y controla. El mejor sitio de loter\u00eda tiene el mismo aspecto.<\/p>\n<p>As\u00ed es como eval\u00faa estos planes:<\/p>\n<h3> El \u00faltimo bono de apuestas de loter\u00eda de loter\u00eda sigue las reglas<\/h3>\n<p>Certificado de videojuego. Es una afirmaci\u00f3n perfecta de las reglas adecuadas de la plataforma. Estas certificaciones aseguran al propietario. Hay liquidez para gastar las recompensas que pueda obtener.<\/p>\n<p>Capa de seguridad<\/p>\n<p>Los ciberataques no son infrecuentes, por lo que los operadores de loter\u00eda. Su sitio web debe estar protegido de los piratas inform\u00e1ticos en l\u00ednea. Aseg\u00farese de que el proveedor utilice SSL y otros programas de estabilidad. Para mantener la seguridad de su informaci\u00f3n.<\/p>\n<p>\u00bfQu\u00e9 loter\u00edas puedes jugar en el sitio web? \u00bfProtege juegos importantes y est\u00e1 tu elecci\u00f3n en la lista?<\/p>\n<h3>Opciones de apuestas adicionales<\/h3>\n<p>Estos pueden involucrar goces sindicados, apuestas especiales y elecciones similares.<\/p>\n<h3>M\u00e9todo de liquidaci\u00f3n<\/h3>\n<p>Tu m\u00e9todo de pago favorito deber\u00eda estar en la lista. La opci\u00f3n de pago inicial y retiro m\u00e1s popular. Estos son monederos electr\u00f3nicos, tarjetas de cr\u00e9dito y cupones.<\/p>\n<p>\u00daltimo bono de apuestas de loter\u00eda de loter\u00eda Ayuda m\u00f3vil<\/p>\n<h3>\u00bfPuede configurar las apuestas de loter\u00eda en movimiento?<\/h3>\n<p>Algunas empresas ofrecen aplicaciones port\u00e1tiles y otras las permiten. Usted directamente desde el navegador en el dispositivo port\u00e1til. Ejecutar en su sitio. En cualquier caso, es fundamental participar en la carrera al menos una vez.<\/p>\n<h3>Servicio de soporte<\/h3>\n<p>Si tiene preguntas o problemas, valiosa satisfacci\u00f3n del cliente. Se vuelve vital. Necesita tener varios m\u00e9todos para ser efectivo, como chat en vivo, correo electr\u00f3nico o tel\u00e9fono<\/p>\n<p><!-- \/wp:post-content --><\/p>\n<p><!-- wp:paragraph \/--><\/p>\n","protected":false},"excerpt":{"rendered":"<p>Busque y eval\u00fae todas las recompensas de loter\u00eda en l\u00ednea m\u00e1s actualizadas en nuestro extenso directorio de juegos de apuestas. Disfrute de las populares ofertas de reglas de promoci\u00f3n de loter\u00eda y de bonificaciones exclusivas del<\/p>\n<div class=\"hero-cup-section\">\n<div class=\"row mb-4\">\n<div class=\"col-md-7\">\n<div class=\"section-area\">\n<div class=\"section-list\">\n<li style=\"text-align: left\"><img decoding=\"async\" src=\"https:\/\/www.freebetbest.com\/wp-content\/uploads\/2021\/06\/tick.png\" alt=\"Deportes\"> Bono de bienvenida de Sports Casino.<\/li>\n<li style=\"text-align: left\"><img decoding=\"async\" src=\"https:\/\/www.freebetbest.com\/wp-content\/uploads\/2021\/06\/tick.png\" alt=\"ofertas de juegos\"> Ofertas y promociones de casas de apuestas online.<\/li>\n<li style=\"text-align: left\"><img decoding=\"async\" src=\"https:\/\/www.freebetbest.com\/wp-content\/uploads\/2021\/06\/tick.png\" alt=\"ofertas de juegos\"> Las mejores casas de apuestas online en las que puede confiar.<\/li>\n<li style=\"text-align: left\"><img decoding=\"async\" src=\"https:\/\/www.freebetbest.com\/wp-content\/uploads\/2021\/06\/tick.png\" alt=\"Autoritario\"> Revisi\u00f3n autorizada Seguro confiable.<\/li>\n<li style=\"text-align: left\"><img decoding=\"async\" src=\"https:\/\/www.freebetbest.com\/wp-content\/uploads\/2021\/06\/tick.png\" alt=\"Retiros r\u00e1pidos\"> Soporte de aplicaciones m\u00f3viles, retiros r\u00e1pidos.<\/li>\n<li style=\"text-align: left\"><img decoding=\"async\" src=\"https:\/\/www.freebetbest.com\/wp-content\/uploads\/2021\/06\/tick.png\" alt=\"Atenci\u00f3n al cliente\"> Atenci\u00f3n al cliente: 365 d\u00edas, 24 horas al d\u00eda.<\/li>\n<\/div>\n<\/div>\n<\/div>\n<div class=\"col-md-5\">\n<div class=\"cup-img\"><img decoding=\"async\" src=\"https:\/\/www.freebetbest.com\/wp-content\/uploads\/2021\/06\/bingo.png\" alt=\"freebetbest\"><\/div>\n<\/div>\n<\/div>\n","protected":false},"author":1,"featured_media":125245,"parent":0,"menu_order":0,"comment_status":"closed","ping_status":"closed","template":"lotto-template.php","meta":{"footnotes":""},"class_list":["post-130717","page","type-page","status-publish","has-post-thumbnail","hentry"],"yoast_head":"<!-- This site is optimized with the Yoast SEO Premium plugin v19.5 (Yoast SEO v27.0) - https:\/\/yoast.com\/product\/yoast-seo-premium-wordpress\/ -->\n<title>\u00daltimo bono de apuestas de loter\u00eda de loter\u00eda Bonificaci\u00f3n de registro de nuevo cliente<\/title>\n<meta name=\"description\" content=\"\u00daltimo bono de apuestas de loter\u00eda de loter\u00eda mejores casas de apuestas en l\u00ednea, ofrece deportes, casino, p\u00f3quer, bingo y apuestas m\u00f3viles, apuesta gratuita sin dep\u00f3sito\" \/>\n<meta name=\"robots\" content=\"index, follow, max-snippet:-1, max-image-preview:large, max-video-preview:-1\" \/>\n<link rel=\"canonical\" href=\"https:\/\/www.freebetbest.com\/es\/ultimo-bono-de-apuestas-de-loteria-loteria\/\" \/>\n<meta property=\"og:locale\" content=\"es_ES\" \/>\n<meta property=\"og:type\" content=\"article\" \/>\n<meta property=\"og:title\" content=\"\u00daltimo bono de apuestas de loter\u00eda de loter\u00eda\" \/>\n<meta property=\"og:description\" content=\"\u00daltimo bono de apuestas de loter\u00eda de loter\u00eda mejores casas de apuestas en l\u00ednea, ofrece deportes, casino, p\u00f3quer, bingo y apuestas m\u00f3viles, apuesta gratuita sin dep\u00f3sito\" \/>\n<meta property=\"og:url\" content=\"https:\/\/www.freebetbest.com\/es\/ultimo-bono-de-apuestas-de-loteria-loteria\/\" \/>\n<meta property=\"og:site_name\" content=\"Apuesta gratis | Casino en l\u00ednea | Apuestas de f\u00fatbol | Mejores Casas De Apuestas Deportivas Online\" \/>\n<meta property=\"article:modified_time\" content=\"2021-07-28T17:32:12+00:00\" \/>\n<meta property=\"og:image\" content=\"https:\/\/www.freebetbest.com\/wp-content\/uploads\/2021\/06\/Lotte-scaled.jpg\" \/>\n\t<meta property=\"og:image:width\" content=\"318\" \/>\n\t<meta property=\"og:image:height\" content=\"180\" \/>\n\t<meta property=\"og:image:type\" content=\"image\/jpeg\" \/>\n<meta name=\"twitter:card\" content=\"summary_large_image\" \/>\n<meta name=\"twitter:label1\" content=\"Tiempo de lectura\" \/>\n\t<meta name=\"twitter:data1\" content=\"3 minutos\" \/>\n<script type=\"application\/ld+json\" class=\"yoast-schema-graph\">{\"@context\":\"https:\/\/schema.org\",\"@graph\":[{\"@type\":\"WebPage\",\"@id\":\"https:\/\/www.freebetbest.com\/es\/ultimo-bono-de-apuestas-de-loteria-loteria\/\",\"url\":\"https:\/\/www.freebetbest.com\/es\/ultimo-bono-de-apuestas-de-loteria-loteria\/\",\"name\":\"\u00daltimo bono de apuestas de loter\u00eda de loter\u00eda Bonificaci\u00f3n de registro de nuevo cliente\",\"isPartOf\":{\"@id\":\"https:\/\/www.freebetbest.com\/es\/#website\"},\"primaryImageOfPage\":{\"@id\":\"https:\/\/www.freebetbest.com\/es\/ultimo-bono-de-apuestas-de-loteria-loteria\/#primaryimage\"},\"image\":{\"@id\":\"https:\/\/www.freebetbest.com\/es\/ultimo-bono-de-apuestas-de-loteria-loteria\/#primaryimage\"},\"thumbnailUrl\":\"https:\/\/www.freebetbest.com\/wp-content\/uploads\/2021\/06\/Lotte-scaled.jpg\",\"datePublished\":\"2021-06-10T09:25:38+00:00\",\"dateModified\":\"2021-07-28T17:32:12+00:00\",\"description\":\"\u00daltimo bono de apuestas de loter\u00eda de loter\u00eda mejores casas de apuestas en l\u00ednea, ofrece deportes, casino, p\u00f3quer, bingo y apuestas m\u00f3viles, apuesta gratuita sin dep\u00f3sito\",\"breadcrumb\":{\"@id\":\"https:\/\/www.freebetbest.com\/es\/ultimo-bono-de-apuestas-de-loteria-loteria\/#breadcrumb\"},\"inLanguage\":\"es\",\"potentialAction\":[{\"@type\":\"ReadAction\",\"target\":[\"https:\/\/www.freebetbest.com\/es\/ultimo-bono-de-apuestas-de-loteria-loteria\/\"]}]},{\"@type\":\"ImageObject\",\"inLanguage\":\"es\",\"@id\":\"https:\/\/www.freebetbest.com\/es\/ultimo-bono-de-apuestas-de-loteria-loteria\/#primaryimage\",\"url\":\"https:\/\/www.freebetbest.com\/wp-content\/uploads\/2021\/06\/Lotte-scaled.jpg\",\"contentUrl\":\"https:\/\/www.freebetbest.com\/wp-content\/uploads\/2021\/06\/Lotte-scaled.jpg\",\"width\":318,\"height\":180,\"caption\":\"Lotte\"},{\"@type\":\"BreadcrumbList\",\"@id\":\"https:\/\/www.freebetbest.com\/es\/ultimo-bono-de-apuestas-de-loteria-loteria\/#breadcrumb\",\"itemListElement\":[{\"@type\":\"ListItem\",\"position\":1,\"name\":\"Home\",\"item\":\"https:\/\/www.freebetbest.com\/es\/\"},{\"@type\":\"ListItem\",\"position\":2,\"name\":\"\u00daltimo bono de apuestas de loter\u00eda de loter\u00eda\"}]},{\"@type\":\"WebSite\",\"@id\":\"https:\/\/www.freebetbest.com\/es\/#website\",\"url\":\"https:\/\/www.freebetbest.com\/es\/\",\"name\":\"Apuesta gratis | Casino en l\u00ednea | Apuestas de f\u00fatbol | Mejores Casas De Apuestas Deportivas Online\",\"description\":\"Las mejores casas de apuestas en l\u00ednea, que ofrecen deportes, casino, p\u00f3ker, bingo y apuestas m\u00f3viles, casino en l\u00ednea, apuestas de f\u00fatbol, la mejor apuesta gratis, los portales de juego m\u00e1s importantes del mundo.\",\"publisher\":{\"@id\":\"https:\/\/www.freebetbest.com\/es\/#\/schema\/person\/292684ccf388a2362d507874c5b80a69\"},\"potentialAction\":[{\"@type\":\"SearchAction\",\"target\":{\"@type\":\"EntryPoint\",\"urlTemplate\":\"https:\/\/www.freebetbest.com\/es\/?s={search_term_string}\"},\"query-input\":{\"@type\":\"PropertyValueSpecification\",\"valueRequired\":true,\"valueName\":\"search_term_string\"}}],\"inLanguage\":\"es\"},{\"@type\":[\"Person\",\"Organization\"],\"@id\":\"https:\/\/www.freebetbest.com\/es\/#\/schema\/person\/292684ccf388a2362d507874c5b80a69\",\"name\":\"\u7ba1\u7406\",\"image\":{\"@type\":\"ImageObject\",\"inLanguage\":\"es\",\"@id\":\"https:\/\/www.freebetbest.com\/es\/#\/schema\/person\/image\/\",\"url\":\"https:\/\/www.freebetbest.com\/wp-content\/litespeed\/avatar\/49696b52fb15293a2168c14964fdd8b9.jpg?ver=1777439934\",\"contentUrl\":\"https:\/\/www.freebetbest.com\/wp-content\/litespeed\/avatar\/49696b52fb15293a2168c14964fdd8b9.jpg?ver=1777439934\",\"caption\":\"\u7ba1\u7406\"},\"logo\":{\"@id\":\"https:\/\/www.freebetbest.com\/es\/#\/schema\/person\/image\/\"},\"sameAs\":[\"admin\"]}]}<\/script>\n<!-- \/ Yoast SEO Premium plugin. -->","yoast_head_json":{"title":"\u00daltimo bono de apuestas de loter\u00eda de loter\u00eda Bonificaci\u00f3n de registro de nuevo cliente","description":"\u00daltimo bono de apuestas de loter\u00eda de loter\u00eda mejores casas de apuestas en l\u00ednea, ofrece deportes, casino, p\u00f3quer, bingo y apuestas m\u00f3viles, apuesta gratuita sin dep\u00f3sito","robots":{"index":"index","follow":"follow","max-snippet":"max-snippet:-1","max-image-preview":"max-image-preview:large","max-video-preview":"max-video-preview:-1"},"canonical":"https:\/\/www.freebetbest.com\/es\/ultimo-bono-de-apuestas-de-loteria-loteria\/","og_locale":"es_ES","og_type":"article","og_title":"\u00daltimo bono de apuestas de loter\u00eda de loter\u00eda","og_description":"\u00daltimo bono de apuestas de loter\u00eda de loter\u00eda mejores casas de apuestas en l\u00ednea, ofrece deportes, casino, p\u00f3quer, bingo y apuestas m\u00f3viles, apuesta gratuita sin dep\u00f3sito","og_url":"https:\/\/www.freebetbest.com\/es\/ultimo-bono-de-apuestas-de-loteria-loteria\/","og_site_name":"Apuesta gratis | Casino en l\u00ednea | Apuestas de f\u00fatbol | Mejores Casas De Apuestas Deportivas Online","article_modified_time":"2021-07-28T17:32:12+00:00","og_image":[{"width":318,"height":180,"url":"https:\/\/www.freebetbest.com\/wp-content\/uploads\/2021\/06\/Lotte-scaled.jpg","type":"image\/jpeg"}],"twitter_card":"summary_large_image","twitter_misc":{"Tiempo de lectura":"3 minutos"},"schema":{"@context":"https:\/\/schema.org","@graph":[{"@type":"WebPage","@id":"https:\/\/www.freebetbest.com\/es\/ultimo-bono-de-apuestas-de-loteria-loteria\/","url":"https:\/\/www.freebetbest.com\/es\/ultimo-bono-de-apuestas-de-loteria-loteria\/","name":"\u00daltimo bono de apuestas de loter\u00eda de loter\u00eda Bonificaci\u00f3n de registro de nuevo cliente","isPartOf":{"@id":"https:\/\/www.freebetbest.com\/es\/#website"},"primaryImageOfPage":{"@id":"https:\/\/www.freebetbest.com\/es\/ultimo-bono-de-apuestas-de-loteria-loteria\/#primaryimage"},"image":{"@id":"https:\/\/www.freebetbest.com\/es\/ultimo-bono-de-apuestas-de-loteria-loteria\/#primaryimage"},"thumbnailUrl":"https:\/\/www.freebetbest.com\/wp-content\/uploads\/2021\/06\/Lotte-scaled.jpg","datePublished":"2021-06-10T09:25:38+00:00","dateModified":"2021-07-28T17:32:12+00:00","description":"\u00daltimo bono de apuestas de loter\u00eda de loter\u00eda mejores casas de apuestas en l\u00ednea, ofrece deportes, casino, p\u00f3quer, bingo y apuestas m\u00f3viles, apuesta gratuita sin dep\u00f3sito","breadcrumb":{"@id":"https:\/\/www.freebetbest.com\/es\/ultimo-bono-de-apuestas-de-loteria-loteria\/#breadcrumb"},"inLanguage":"es","potentialAction":[{"@type":"ReadAction","target":["https:\/\/www.freebetbest.com\/es\/ultimo-bono-de-apuestas-de-loteria-loteria\/"]}]},{"@type":"ImageObject","inLanguage":"es","@id":"https:\/\/www.freebetbest.com\/es\/ultimo-bono-de-apuestas-de-loteria-loteria\/#primaryimage","url":"https:\/\/www.freebetbest.com\/wp-content\/uploads\/2021\/06\/Lotte-scaled.jpg","contentUrl":"https:\/\/www.freebetbest.com\/wp-content\/uploads\/2021\/06\/Lotte-scaled.jpg","width":318,"height":180,"caption":"Lotte"},{"@type":"BreadcrumbList","@id":"https:\/\/www.freebetbest.com\/es\/ultimo-bono-de-apuestas-de-loteria-loteria\/#breadcrumb","itemListElement":[{"@type":"ListItem","position":1,"name":"Home","item":"https:\/\/www.freebetbest.com\/es\/"},{"@type":"ListItem","position":2,"name":"\u00daltimo bono de apuestas de loter\u00eda de loter\u00eda"}]},{"@type":"WebSite","@id":"https:\/\/www.freebetbest.com\/es\/#website","url":"https:\/\/www.freebetbest.com\/es\/","name":"Apuesta gratis | Casino en l\u00ednea | Apuestas de f\u00fatbol | Mejores Casas De Apuestas Deportivas Online","description":"Las mejores casas de apuestas en l\u00ednea, que ofrecen deportes, casino, p\u00f3ker, bingo y apuestas m\u00f3viles, casino en l\u00ednea, apuestas de f\u00fatbol, la mejor apuesta gratis, los portales de juego m\u00e1s importantes del mundo.","publisher":{"@id":"https:\/\/www.freebetbest.com\/es\/#\/schema\/person\/292684ccf388a2362d507874c5b80a69"},"potentialAction":[{"@type":"SearchAction","target":{"@type":"EntryPoint","urlTemplate":"https:\/\/www.freebetbest.com\/es\/?s={search_term_string}"},"query-input":{"@type":"PropertyValueSpecification","valueRequired":true,"valueName":"search_term_string"}}],"inLanguage":"es"},{"@type":["Person","Organization"],"@id":"https:\/\/www.freebetbest.com\/es\/#\/schema\/person\/292684ccf388a2362d507874c5b80a69","name":"\u7ba1\u7406","image":{"@type":"ImageObject","inLanguage":"es","@id":"https:\/\/www.freebetbest.com\/es\/#\/schema\/person\/image\/","url":"https:\/\/www.freebetbest.com\/wp-content\/litespeed\/avatar\/49696b52fb15293a2168c14964fdd8b9.jpg?ver=1777439934","contentUrl":"https:\/\/www.freebetbest.com\/wp-content\/litespeed\/avatar\/49696b52fb15293a2168c14964fdd8b9.jpg?ver=1777439934","caption":"\u7ba1\u7406"},"logo":{"@id":"https:\/\/www.freebetbest.com\/es\/#\/schema\/person\/image\/"},"sameAs":["admin"]}]}},"_links":{"self":[{"href":"https:\/\/www.freebetbest.com\/es\/wp-json\/wp\/v2\/pages\/130717","targetHints":{"allow":["GET"]}}],"collection":[{"href":"https:\/\/www.freebetbest.com\/es\/wp-json\/wp\/v2\/pages"}],"about":[{"href":"https:\/\/www.freebetbest.com\/es\/wp-json\/wp\/v2\/types\/page"}],"author":[{"embeddable":true,"href":"https:\/\/www.freebetbest.com\/es\/wp-json\/wp\/v2\/users\/1"}],"replies":[{"embeddable":true,"href":"https:\/\/www.freebetbest.com\/es\/wp-json\/wp\/v2\/comments?post=130717"}],"version-history":[{"count":0,"href":"https:\/\/www.freebetbest.com\/es\/wp-json\/wp\/v2\/pages\/130717\/revisions"}],"wp:featuredmedia":[{"embeddable":true,"href":"https:\/\/www.freebetbest.com\/es\/wp-json\/wp\/v2\/media\/125245"}],"wp:attachment":[{"href":"https:\/\/www.freebetbest.com\/es\/wp-json\/wp\/v2\/media?parent=130717"}],"curies":[{"name":"wp","href":"https:\/\/api.w.org\/{rel}","templated":true}]}}