{"id":130676,"date":"2021-06-10T07:22:01","date_gmt":"2021-06-10T07:22:01","guid":{"rendered":"https:\/\/www.freebetbest.com\/ultimo-bono-de-apuestas-de-golf\/"},"modified":"2021-07-28T17:23:59","modified_gmt":"2021-07-28T17:23:59","slug":"ultimo-bono-de-apuestas-de-golf","status":"publish","type":"page","link":"https:\/\/www.freebetbest.com\/es\/ultimo-bono-de-apuestas-de-golf\/","title":{"rendered":"\u00daltimo bono de apuestas de golf"},"content":{"rendered":"<h2>Encuentre el mejor bono de apuestas de golf m\u00e1s reciente<\/h2>\n<p>La oportunidad de apostar desde cualquier lugar. Se puede decir que est\u00e1 en el \u00faltimo golf<a href=\"https:\/\/www.freebetsinfo.co.uk\/free-bets\/\"> Bono de apuesta<\/a> sitio web. La belleza de otros deportes. Utilice aplicaciones que ofrezcan grandes apuestas.<\/p>\n<p>Reg\u00edstrese para las apuestas deportivas, lo que significa que puede hacerlo. Se realiza directamente desde su tel\u00e9fono m\u00f3vil. El mejor golf. Aplicaci\u00f3n de apuestas. En conclusi\u00f3n, existe un modelo simple para explorar las opciones de juego.<\/p>\n<h3>Organizar sus apuestas es f\u00e1cil.<\/h3>\n<p>Afortunadamente, muchas de las principales empresas de apuestas deportivas en l\u00ednea. Todos se aceptan desde el dise\u00f1o inicial port\u00e1til. Comenz\u00f3 la visi\u00f3n de la empresa de tecnolog\u00eda moderna.<\/p>\n<h3>El mejor sitio web de golf con los \u00faltimos bonos de apuestas de golf.<\/h3>\n<p>Hoy, tambi\u00e9n aplican este logro a los m\u00e1s populares. Sistema de apuestas de actividad deportiva celular. En conclusi\u00f3n, la aplicaci\u00f3n para iPhone de FanDuel es muy f\u00e1cil de navegar, lo que es especialmente valioso en los juegos de azar deportivos en tiempo real.<\/p>\n<p>Puede basarlo directamente desde el tel\u00e9fono. Realiza dep\u00f3sitos y retiros. De hecho, una vez que los consumidores no est\u00e9n dispuestos. En conclusi\u00f3n, nunca es necesario ingresar a una computadora de escritorio.<\/p>\n<p>De tu peso en la p\u00e1gina. Y la estructura minuciosa y limpia de la velocidad de actualizaci\u00f3n de probabilidades busca el mejor golf. El mejor punto de partida para aplicaciones de apuestas.<\/p>\n<ul>\n<li>Experto: ya sea usando WiFi o datos m\u00f3viles, las p\u00e1ginas web est\u00e1n bajo presi\u00f3n r\u00e1pidamente<br \/>La interfaz de usuario se lo pone f\u00e1cil. Camine en la pantalla m\u00e1s peque\u00f1a<br \/>Desventajas: Hay mucho menos mercado para las apuestas de golf en ciertos eventos.<\/li>\n<\/ul>\n<p>Juega al golf en Internet. En muchos lugares de la tierra. Todos son legales, en muchas propuestas en Estados Unidos. Los apostadores estadounidenses deben darse cuenta de que, aunque el gobierno federal no proh\u00edbe las apuestas deportivas, las directrices s\u00ed lo hacen. Ser\u00e1 diferente dependiendo de d\u00f3nde se encuentre.<\/p>\n<p>M\u00e1s estados est\u00e1n cambiando. Legalizaci\u00f3n del juego online. Por ahora, comprenda la propiedad que le afecta. En conclusi\u00f3n, las condiciones regionales o son cr\u00edticas. Nuestras apuestas deportivas est\u00e1n legalizadas. El rastreador es un excelente punto de partida.<\/p>\n<h3>Todos los sitios web aqu\u00ed est\u00e1n registrados para usar legalmente el \u00faltimo bono de apuestas de golf.<\/h3>\n<p>Revisar\u00e1n el lugar con frecuencia para asegurarse de que est\u00e9 a bordo. Es solo su tren expreso con el permiso de trabajo adecuado.<\/p>\n<p>No participe en ubicaciones duplicadas. Todos los sitios marcados son esc\u00e9pticos. En todos los mercados comerciales regulados, en conclusi\u00f3n, estos controles son realmente esenciales, por lo que pueden ser una buena se\u00f1al de que apostar\u00e1 por tener un sitio web autorizado.<\/p>\n<p>Por supuesto, ap\u00e9gate a esta publicaci\u00f3n. Opci\u00f3n popular. En conclusi\u00f3n, tambi\u00e9n puede garantizar que su identidad y sus fondos no sean violados por actores deshonestos y no regulados.<\/p>\n<h3>Recompensa suplementaria de anticipo<\/h3>\n<p>En conclusi\u00f3n, las apuestas de igualaci\u00f3n de pago inicial. Proporcionado para nuevos deportistas. Bono de primer dep\u00f3sito. Normalmente,<a href=\"https:\/\/www.freebetbest.com\/es\/sitios-de-apuestas\/\"> el corredor de apuestas<\/a> igualar\u00e1 este dep\u00f3sito, que oscilar\u00e1 entre el 50% y el 100%. Otros porcentajes son excepciones, pero no desconocidas. En conclusi\u00f3n, siempre hay un l\u00edmite superior en el tama\u00f1o de la recompensa.<\/p>\n<p>Estas recompensas se financian directamente. O conceda en forma de un saldo de recompensa espec\u00edfico. De cualquier manera, lo har\u00e1n. Constantemente sujeto a requisitos de apuestas. Las especificaciones de apuestas para las apuestas deportivas suelen oscilar entre 2x y 15x o m\u00e1s. En conclusi\u00f3n, lo son en gran medida. Satisfaga las necesidades de apuestas de los establecimientos de juego.<\/p>\n<p>Los jugadores deben apostar con frecuencia. Su recompensa completa. El monto del pago inicial. Esto es para varios jugadores. O incluso por grandes dividendos. Puede ser muy dif\u00edcil de lograr. Por lo tanto, esto puede combinar el pago inicial con las apuestas, en conclusi\u00f3n, lo que permite el retiro de efectivo. Se vuelve m\u00e1s dif\u00edcil.<\/p>\n<h3>Opci\u00f3n gratuita disponible<\/h3>\n<p>Adivinanzas completamente gratis. Probablemente el m\u00e1s com\u00fan. Ofertas de registro de juegos de golf, puede activar diferentes bonificaciones iniciales. Opciones completamente gratuitas. Supply recompensa a los atletas con fichas especiales, estas fichas. Puede cubrir el riesgo de las apuestas con dinero real. En conclusi\u00f3n, estas fichas de apuestas gratuitas no lo hacen. <\/p>\n<p><!-- \/wp:post-content --><\/p>\n<p><!-- wp:paragraph \/--><\/p>\n","protected":false},"excerpt":{"rendered":"<p>Con todo el aumento de las apuestas deportivas legales, nuestro equipo de revisi\u00f3n tiene el control de cada una de las \u00faltimas ofertas de beneficios y actualizaciones de las mejores aplicaciones de juegos de azar y juegos de azar de atletismo de golf.<\/p>\n<div class=\"hero-cup-section\">\n<div class=\"row mb-4\">\n<div class=\"col-md-7\">\n<div class=\"section-area\">\n<div class=\"section-list\">\n<li style=\"text-align: left\"><img decoding=\"async\" src=\"https:\/\/www.freebetbest.com\/wp-content\/uploads\/2021\/06\/tick.png\" alt=\"Deportes\"> Bono de bienvenida de Sports Casino.<\/li>\n<li style=\"text-align: left\"><img decoding=\"async\" src=\"https:\/\/www.freebetbest.com\/wp-content\/uploads\/2021\/06\/tick.png\" alt=\"ofertas de juegos\"> Ofertas y promociones de casas de apuestas online.<\/li>\n<li style=\"text-align: left\"><img decoding=\"async\" src=\"https:\/\/www.freebetbest.com\/wp-content\/uploads\/2021\/06\/tick.png\" alt=\"ofertas de juegos\"> Las mejores casas de apuestas online en las que puede confiar.<\/li>\n<li style=\"text-align: left\"><img decoding=\"async\" src=\"https:\/\/www.freebetbest.com\/wp-content\/uploads\/2021\/06\/tick.png\" alt=\"Autoritario\"> Revisi\u00f3n autorizada Seguro confiable.<\/li>\n<li style=\"text-align: left\"><img decoding=\"async\" src=\"https:\/\/www.freebetbest.com\/wp-content\/uploads\/2021\/06\/tick.png\" alt=\"Retiros r\u00e1pidos\"> Soporte de aplicaciones m\u00f3viles, retiros r\u00e1pidos.<\/li>\n<li style=\"text-align: left\"><img decoding=\"async\" src=\"https:\/\/www.freebetbest.com\/wp-content\/uploads\/2021\/06\/tick.png\" alt=\"Atenci\u00f3n al cliente\"> Atenci\u00f3n al cliente: 365 d\u00edas, 24 horas al d\u00eda.<\/li>\n<\/div>\n<\/div>\n<\/div>\n<div class=\"col-md-5\">\n<div class=\"cup-img\"><img decoding=\"async\" src=\"https:\/\/www.freebetbest.com\/wp-content\/uploads\/2021\/06\/Cricket-Betting.png\" alt=\"freebetbest\"><\/div>\n<\/div>\n<\/div>\n","protected":false},"author":1,"featured_media":125033,"parent":0,"menu_order":0,"comment_status":"closed","ping_status":"closed","template":"Sports-template.php","meta":{"footnotes":""},"class_list":["post-130676","page","type-page","status-publish","has-post-thumbnail","hentry"],"yoast_head":"<!-- This site is optimized with the Yoast SEO Premium plugin v19.5 (Yoast SEO v27.0) - https:\/\/yoast.com\/product\/yoast-seo-premium-wordpress\/ -->\n<title>\u00daltimo bono de apuestas de golf Bonificaci\u00f3n de registro de nuevo cliente<\/title>\n<meta name=\"description\" content=\"\u00daltimo bono de apuestas de golf mejores casas de apuestas en l\u00ednea, ofrece deportes, casino, p\u00f3quer, bingo y apuestas m\u00f3viles, apuesta gratuita sin dep\u00f3sito\" \/>\n<meta name=\"robots\" content=\"index, follow, max-snippet:-1, max-image-preview:large, max-video-preview:-1\" \/>\n<link rel=\"canonical\" href=\"https:\/\/www.freebetbest.com\/es\/ultimo-bono-de-apuestas-de-golf\/\" \/>\n<meta property=\"og:locale\" content=\"es_ES\" \/>\n<meta property=\"og:type\" content=\"article\" \/>\n<meta property=\"og:title\" content=\"\u00daltimo bono de apuestas de golf\" \/>\n<meta property=\"og:description\" content=\"\u00daltimo bono de apuestas de golf mejores casas de apuestas en l\u00ednea, ofrece deportes, casino, p\u00f3quer, bingo y apuestas m\u00f3viles, apuesta gratuita sin dep\u00f3sito\" \/>\n<meta property=\"og:url\" content=\"https:\/\/www.freebetbest.com\/es\/ultimo-bono-de-apuestas-de-golf\/\" \/>\n<meta property=\"og:site_name\" content=\"Apuesta gratis | Casino en l\u00ednea | Apuestas de f\u00fatbol | Mejores Casas De Apuestas Deportivas Online\" \/>\n<meta property=\"article:modified_time\" content=\"2021-07-28T17:23:59+00:00\" \/>\n<meta property=\"og:image\" content=\"https:\/\/www.freebetbest.com\/wp-content\/uploads\/2021\/06\/golf-betting-1-scaled.jpg\" \/>\n\t<meta property=\"og:image:width\" content=\"500\" \/>\n\t<meta property=\"og:image:height\" content=\"167\" \/>\n\t<meta property=\"og:image:type\" content=\"image\/jpeg\" \/>\n<meta name=\"twitter:card\" content=\"summary_large_image\" \/>\n<meta name=\"twitter:label1\" content=\"Tiempo de lectura\" \/>\n\t<meta name=\"twitter:data1\" content=\"3 minutos\" \/>\n<script type=\"application\/ld+json\" class=\"yoast-schema-graph\">{\"@context\":\"https:\/\/schema.org\",\"@graph\":[{\"@type\":\"WebPage\",\"@id\":\"https:\/\/www.freebetbest.com\/es\/ultimo-bono-de-apuestas-de-golf\/\",\"url\":\"https:\/\/www.freebetbest.com\/es\/ultimo-bono-de-apuestas-de-golf\/\",\"name\":\"\u00daltimo bono de apuestas de golf Bonificaci\u00f3n de registro de nuevo cliente\",\"isPartOf\":{\"@id\":\"https:\/\/www.freebetbest.com\/es\/#website\"},\"primaryImageOfPage\":{\"@id\":\"https:\/\/www.freebetbest.com\/es\/ultimo-bono-de-apuestas-de-golf\/#primaryimage\"},\"image\":{\"@id\":\"https:\/\/www.freebetbest.com\/es\/ultimo-bono-de-apuestas-de-golf\/#primaryimage\"},\"thumbnailUrl\":\"https:\/\/www.freebetbest.com\/wp-content\/uploads\/2021\/06\/golf-betting-1-scaled.jpg\",\"datePublished\":\"2021-06-10T07:22:01+00:00\",\"dateModified\":\"2021-07-28T17:23:59+00:00\",\"description\":\"\u00daltimo bono de apuestas de golf mejores casas de apuestas en l\u00ednea, ofrece deportes, casino, p\u00f3quer, bingo y apuestas m\u00f3viles, apuesta gratuita sin dep\u00f3sito\",\"breadcrumb\":{\"@id\":\"https:\/\/www.freebetbest.com\/es\/ultimo-bono-de-apuestas-de-golf\/#breadcrumb\"},\"inLanguage\":\"es\",\"potentialAction\":[{\"@type\":\"ReadAction\",\"target\":[\"https:\/\/www.freebetbest.com\/es\/ultimo-bono-de-apuestas-de-golf\/\"]}]},{\"@type\":\"ImageObject\",\"inLanguage\":\"es\",\"@id\":\"https:\/\/www.freebetbest.com\/es\/ultimo-bono-de-apuestas-de-golf\/#primaryimage\",\"url\":\"https:\/\/www.freebetbest.com\/wp-content\/uploads\/2021\/06\/golf-betting-1-scaled.jpg\",\"contentUrl\":\"https:\/\/www.freebetbest.com\/wp-content\/uploads\/2021\/06\/golf-betting-1-scaled.jpg\",\"width\":500,\"height\":167,\"caption\":\"apuestas-de-golf-1\"},{\"@type\":\"BreadcrumbList\",\"@id\":\"https:\/\/www.freebetbest.com\/es\/ultimo-bono-de-apuestas-de-golf\/#breadcrumb\",\"itemListElement\":[{\"@type\":\"ListItem\",\"position\":1,\"name\":\"Home\",\"item\":\"https:\/\/www.freebetbest.com\/es\/\"},{\"@type\":\"ListItem\",\"position\":2,\"name\":\"\u00daltimo bono de apuestas de golf\"}]},{\"@type\":\"WebSite\",\"@id\":\"https:\/\/www.freebetbest.com\/es\/#website\",\"url\":\"https:\/\/www.freebetbest.com\/es\/\",\"name\":\"Apuesta gratis | Casino en l\u00ednea | Apuestas de f\u00fatbol | Mejores Casas De Apuestas Deportivas Online\",\"description\":\"Las mejores casas de apuestas en l\u00ednea, que ofrecen deportes, casino, p\u00f3ker, bingo y apuestas m\u00f3viles, casino en l\u00ednea, apuestas de f\u00fatbol, la mejor apuesta gratis, los portales de juego m\u00e1s importantes del mundo.\",\"publisher\":{\"@id\":\"https:\/\/www.freebetbest.com\/es\/#\/schema\/person\/292684ccf388a2362d507874c5b80a69\"},\"potentialAction\":[{\"@type\":\"SearchAction\",\"target\":{\"@type\":\"EntryPoint\",\"urlTemplate\":\"https:\/\/www.freebetbest.com\/es\/?s={search_term_string}\"},\"query-input\":{\"@type\":\"PropertyValueSpecification\",\"valueRequired\":true,\"valueName\":\"search_term_string\"}}],\"inLanguage\":\"es\"},{\"@type\":[\"Person\",\"Organization\"],\"@id\":\"https:\/\/www.freebetbest.com\/es\/#\/schema\/person\/292684ccf388a2362d507874c5b80a69\",\"name\":\"\u7ba1\u7406\",\"image\":{\"@type\":\"ImageObject\",\"inLanguage\":\"es\",\"@id\":\"https:\/\/www.freebetbest.com\/es\/#\/schema\/person\/image\/\",\"url\":\"https:\/\/www.freebetbest.com\/wp-content\/litespeed\/avatar\/49696b52fb15293a2168c14964fdd8b9.jpg?ver=1778044739\",\"contentUrl\":\"https:\/\/www.freebetbest.com\/wp-content\/litespeed\/avatar\/49696b52fb15293a2168c14964fdd8b9.jpg?ver=1778044739\",\"caption\":\"\u7ba1\u7406\"},\"logo\":{\"@id\":\"https:\/\/www.freebetbest.com\/es\/#\/schema\/person\/image\/\"},\"sameAs\":[\"admin\"]}]}<\/script>\n<!-- \/ Yoast SEO Premium plugin. -->","yoast_head_json":{"title":"\u00daltimo bono de apuestas de golf Bonificaci\u00f3n de registro de nuevo cliente","description":"\u00daltimo bono de apuestas de golf mejores casas de apuestas en l\u00ednea, ofrece deportes, casino, p\u00f3quer, bingo y apuestas m\u00f3viles, apuesta gratuita sin dep\u00f3sito","robots":{"index":"index","follow":"follow","max-snippet":"max-snippet:-1","max-image-preview":"max-image-preview:large","max-video-preview":"max-video-preview:-1"},"canonical":"https:\/\/www.freebetbest.com\/es\/ultimo-bono-de-apuestas-de-golf\/","og_locale":"es_ES","og_type":"article","og_title":"\u00daltimo bono de apuestas de golf","og_description":"\u00daltimo bono de apuestas de golf mejores casas de apuestas en l\u00ednea, ofrece deportes, casino, p\u00f3quer, bingo y apuestas m\u00f3viles, apuesta gratuita sin dep\u00f3sito","og_url":"https:\/\/www.freebetbest.com\/es\/ultimo-bono-de-apuestas-de-golf\/","og_site_name":"Apuesta gratis | Casino en l\u00ednea | Apuestas de f\u00fatbol | Mejores Casas De Apuestas Deportivas Online","article_modified_time":"2021-07-28T17:23:59+00:00","og_image":[{"width":500,"height":167,"url":"https:\/\/www.freebetbest.com\/wp-content\/uploads\/2021\/06\/golf-betting-1-scaled.jpg","type":"image\/jpeg"}],"twitter_card":"summary_large_image","twitter_misc":{"Tiempo de lectura":"3 minutos"},"schema":{"@context":"https:\/\/schema.org","@graph":[{"@type":"WebPage","@id":"https:\/\/www.freebetbest.com\/es\/ultimo-bono-de-apuestas-de-golf\/","url":"https:\/\/www.freebetbest.com\/es\/ultimo-bono-de-apuestas-de-golf\/","name":"\u00daltimo bono de apuestas de golf Bonificaci\u00f3n de registro de nuevo cliente","isPartOf":{"@id":"https:\/\/www.freebetbest.com\/es\/#website"},"primaryImageOfPage":{"@id":"https:\/\/www.freebetbest.com\/es\/ultimo-bono-de-apuestas-de-golf\/#primaryimage"},"image":{"@id":"https:\/\/www.freebetbest.com\/es\/ultimo-bono-de-apuestas-de-golf\/#primaryimage"},"thumbnailUrl":"https:\/\/www.freebetbest.com\/wp-content\/uploads\/2021\/06\/golf-betting-1-scaled.jpg","datePublished":"2021-06-10T07:22:01+00:00","dateModified":"2021-07-28T17:23:59+00:00","description":"\u00daltimo bono de apuestas de golf mejores casas de apuestas en l\u00ednea, ofrece deportes, casino, p\u00f3quer, bingo y apuestas m\u00f3viles, apuesta gratuita sin dep\u00f3sito","breadcrumb":{"@id":"https:\/\/www.freebetbest.com\/es\/ultimo-bono-de-apuestas-de-golf\/#breadcrumb"},"inLanguage":"es","potentialAction":[{"@type":"ReadAction","target":["https:\/\/www.freebetbest.com\/es\/ultimo-bono-de-apuestas-de-golf\/"]}]},{"@type":"ImageObject","inLanguage":"es","@id":"https:\/\/www.freebetbest.com\/es\/ultimo-bono-de-apuestas-de-golf\/#primaryimage","url":"https:\/\/www.freebetbest.com\/wp-content\/uploads\/2021\/06\/golf-betting-1-scaled.jpg","contentUrl":"https:\/\/www.freebetbest.com\/wp-content\/uploads\/2021\/06\/golf-betting-1-scaled.jpg","width":500,"height":167,"caption":"apuestas-de-golf-1"},{"@type":"BreadcrumbList","@id":"https:\/\/www.freebetbest.com\/es\/ultimo-bono-de-apuestas-de-golf\/#breadcrumb","itemListElement":[{"@type":"ListItem","position":1,"name":"Home","item":"https:\/\/www.freebetbest.com\/es\/"},{"@type":"ListItem","position":2,"name":"\u00daltimo bono de apuestas de golf"}]},{"@type":"WebSite","@id":"https:\/\/www.freebetbest.com\/es\/#website","url":"https:\/\/www.freebetbest.com\/es\/","name":"Apuesta gratis | Casino en l\u00ednea | Apuestas de f\u00fatbol | Mejores Casas De Apuestas Deportivas Online","description":"Las mejores casas de apuestas en l\u00ednea, que ofrecen deportes, casino, p\u00f3ker, bingo y apuestas m\u00f3viles, casino en l\u00ednea, apuestas de f\u00fatbol, la mejor apuesta gratis, los portales de juego m\u00e1s importantes del mundo.","publisher":{"@id":"https:\/\/www.freebetbest.com\/es\/#\/schema\/person\/292684ccf388a2362d507874c5b80a69"},"potentialAction":[{"@type":"SearchAction","target":{"@type":"EntryPoint","urlTemplate":"https:\/\/www.freebetbest.com\/es\/?s={search_term_string}"},"query-input":{"@type":"PropertyValueSpecification","valueRequired":true,"valueName":"search_term_string"}}],"inLanguage":"es"},{"@type":["Person","Organization"],"@id":"https:\/\/www.freebetbest.com\/es\/#\/schema\/person\/292684ccf388a2362d507874c5b80a69","name":"\u7ba1\u7406","image":{"@type":"ImageObject","inLanguage":"es","@id":"https:\/\/www.freebetbest.com\/es\/#\/schema\/person\/image\/","url":"https:\/\/www.freebetbest.com\/wp-content\/litespeed\/avatar\/49696b52fb15293a2168c14964fdd8b9.jpg?ver=1778044739","contentUrl":"https:\/\/www.freebetbest.com\/wp-content\/litespeed\/avatar\/49696b52fb15293a2168c14964fdd8b9.jpg?ver=1778044739","caption":"\u7ba1\u7406"},"logo":{"@id":"https:\/\/www.freebetbest.com\/es\/#\/schema\/person\/image\/"},"sameAs":["admin"]}]}},"_links":{"self":[{"href":"https:\/\/www.freebetbest.com\/es\/wp-json\/wp\/v2\/pages\/130676","targetHints":{"allow":["GET"]}}],"collection":[{"href":"https:\/\/www.freebetbest.com\/es\/wp-json\/wp\/v2\/pages"}],"about":[{"href":"https:\/\/www.freebetbest.com\/es\/wp-json\/wp\/v2\/types\/page"}],"author":[{"embeddable":true,"href":"https:\/\/www.freebetbest.com\/es\/wp-json\/wp\/v2\/users\/1"}],"replies":[{"embeddable":true,"href":"https:\/\/www.freebetbest.com\/es\/wp-json\/wp\/v2\/comments?post=130676"}],"version-history":[{"count":0,"href":"https:\/\/www.freebetbest.com\/es\/wp-json\/wp\/v2\/pages\/130676\/revisions"}],"wp:featuredmedia":[{"embeddable":true,"href":"https:\/\/www.freebetbest.com\/es\/wp-json\/wp\/v2\/media\/125033"}],"wp:attachment":[{"href":"https:\/\/www.freebetbest.com\/es\/wp-json\/wp\/v2\/media?parent=130676"}],"curies":[{"name":"wp","href":"https:\/\/api.w.org\/{rel}","templated":true}]}}