{"id":130609,"date":"2021-06-10T09:11:24","date_gmt":"2021-06-10T09:11:24","guid":{"rendered":"https:\/\/www.freebetbest.com\/bono-de-apuestas-de-giros-gratis-mas-recientes\/"},"modified":"2021-07-29T10:27:49","modified_gmt":"2021-07-29T10:27:49","slug":"%c3%9altimo-bono-de-apuestas-de-tiradas-gratis","status":"publish","type":"page","link":"https:\/\/www.freebetbest.com\/es\/%c3%9altimo-bono-de-apuestas-de-tiradas-gratis\/","title":{"rendered":"\u00daltimo bono de apuestas de tiradas gratis"},"content":{"rendered":"<h3>Bono de apuestas de giros gratis en el juego en l\u00ednea de la m\u00e1quina tragamonedas<\/h3>\n<p>Proporcionado por la empresa de apuestas. Giros gratis sin dep\u00f3sito. Para atraer nuevos jugadores a unirse, utilice giros gratis para proporcionarle participantes. Prueba los juegos de tragamonedas. La mayor\u00eda de los giros completamente gratis est\u00e1n relacionados con el bono de apuestas de giros gratis.<\/p>\n<h3>Giro gratis completo<a href=\"https:\/\/www.freebetbest.com\/es\/sitios-de-apuestas\/\"> bono de apuestas<\/a> para jugadores existentes<\/h3>\n<p>Hay muy pocos giros gratis. Puede ser utilizado por jugadores de casino t\u00edpicos, por lo que muchos giros son completamente gratuitos. Puede estar relacionado con el uso de transacciones de reembolso. Tambi\u00e9n se proporcionan los beneficios de los establecimientos de juego.<\/p>\n<h3>La compa\u00f1\u00eda de juegos de apuestas de giros gratis ideal<\/h3>\n<p>Puedes ganar dinero real. Y pruebe las \u00faltimas m\u00e1quinas tragamonedas en l\u00ednea de forma gratuita. Somos expertos en casinos online en Internet. He comprobado Internet. Y encontr\u00e9 los mejores giros completamente gratis. Los establecimientos de juego se proporcionan para usted personalmente. \u00bfPor qu\u00e9 no intentarlo? E inmediatamente ve al casino para proporcionar. \u00bfTales beneficios adicionales?<\/p>\n<h3>\u00bfCu\u00e1l es la recompensa de bonificaci\u00f3n de giros gratis para apuestas de giros gratis?<\/h3>\n<p>Tendr\u00e1s una oportunidad. Reescritura gratuita del juego de tragamonedas. \u00a1Un cierto n\u00famero de carretes! Participa en una m\u00e1quina tragamonedas con giros completamente gratis. A\u00fan ofreci\u00e9ndote ganar. Oportunidades de recompensas reales, y puede hacerlo sin ponerse en peligro. Ejerc\u00edtese en caso de dinero en efectivo ganado con esfuerzo.<\/p>\n<h3>Agregado en Spins Betting Bonus Casino. Las reglas de bonificaci\u00f3n para giros completamente gratis, pero los giros completamente gratis del jugador actual. Tambi\u00e9n pr\u00f3ximamente.<\/h3>\n<p>La mayor\u00eda de los casinos m\u00e1s grandes. Todos est\u00e1n cerca de proporcionar giros gratis, por ejemplo, estamos en esta p\u00e1gina. Versi\u00f3n recomendada. Regularmente aparecer\u00e1n nuevos requisitos de recompensa, por lo que continuaremos cambiando la lista.<\/p>\n<h3>\u00bfGiros gratis sin dep\u00f3sito?<\/h3>\n<p>Para estos jugadores, giros gratis sin dep\u00f3sitos. Simplemente impresionante. No todas las casas de apuestas. Ambos ofrecen esta oportunidad, as\u00ed que si lo ves. Debes sujetarlo con ambas manos. En t\u00e9rminos b\u00e1sicos, ni siquiera es necesario. Utilice los giros gratis sin bono de dep\u00f3sito. Ponga dinero en efectivo. Todo lo que necesitas hacer es. Registre su cuenta en un sitio web espec\u00edfico, luego elija giros gratis.<\/p>\n<p>El n\u00famero de giros gratis. Depende de<a href=\"https:\/\/www.freebetsinfo.co.uk\/free-bets\/\"> corredor de apuestas<\/a> . Por ejemplo, puede obtener 30 veces a 1. No es necesario invertir en giros completamente gratis y en otros lugares. Es 50 veces. Solo necesitas investigar un poco. Puede encontrar promociones de marketing. Si eres un tirador gratis. Los jugadores brit\u00e1nicos que no pagan el pago inicial, por lo que proporcionar\u00e1 una gran cantidad de \u00abgrandes nombres\u00bb. Estas gangas. As\u00ed que tienes suerte.<\/p>\n<h3>C\u00f3mo elegir los mejores giros gratis sin dep\u00f3sito<\/h3>\n<p>Todos los casinos de Internet. Todos demuestran que son los mejores. Por lo general, es una reacci\u00f3n que puedes hacer. Es una funci\u00f3n de bonificaci\u00f3n de comparaci\u00f3n para ver casinos en l\u00ednea. Si cumple con otros requisitos y sus expectativas. En una comunidad perfecta, deber\u00e1 proporcionar un rango. Videojuegos de m\u00e1quinas tragamonedas y corredores de apuestas de gr\u00e1ficos de alta calidad, y un n\u00famero considerable de rotaciones. 50 rotaciones libres. No se requiere dep\u00f3sito. Tu normalidad empresarial.<\/p>\n<p>Adem\u00e1s, necesita muy pocas especificaciones de apuestas, o ninguna. No obstante, todo depende. El jugador exacto. La persona que busca. Algunas personas pueden desear m\u00e1s. Los juegos en l\u00ednea y otros tienen menos requisitos. En cualquier caso, no hay pago inicial para giros gratis. Los bonos de casino bien merecen su tiempo y esfuerzo.<\/p>\n<h3>Casino gratuito no se requiere dep\u00f3sito<\/h3>\n<p>Se han identificado suficientes oportunidades. Ven y disfruta de giros gratis. No se requiere pago inicial para establecimientos de juego. Son los nuevos propietarios de la cuenta. Proporciona 50 giros gratis. Y otros juegos en l\u00ednea de casinos en l\u00ednea que no requieren un pago inicial.<\/p>\n<p><!-- \/wp:post-content --><\/p>\n<p><!-- wp:paragraph \/--><\/p>\n","protected":false},"excerpt":{"rendered":"<p>Giros gratis sin dep\u00f3sito, descubra los mejores bonos y promociones de casino del Reino Unido<\/p>\n<div class=\"hero-cup-section\">\n<div class=\"row mb-4\">\n<div class=\"col-md-7\">\n<div class=\"section-area\">\n<div class=\"section-list\">\n<li style=\"text-align: left\"><img decoding=\"async\" src=\"https:\/\/www.freebetbest.com\/wp-content\/uploads\/2021\/06\/tick.png\" alt=\"Deportes\"> Bono de bienvenida de Sports Casino.<\/li>\n<li style=\"text-align: left\"><img decoding=\"async\" src=\"https:\/\/www.freebetbest.com\/wp-content\/uploads\/2021\/06\/tick.png\" alt=\"ofertas de juegos\"> Ofertas y promociones de casas de apuestas online.<\/li>\n<li style=\"text-align: left\"><img decoding=\"async\" src=\"https:\/\/www.freebetbest.com\/wp-content\/uploads\/2021\/06\/tick.png\" alt=\"ofertas de juegos\"> Las mejores casas de apuestas online en las que puede confiar.<\/li>\n<li style=\"text-align: left\"><img decoding=\"async\" src=\"https:\/\/www.freebetbest.com\/wp-content\/uploads\/2021\/06\/tick.png\" alt=\"Autoritario\"> Revisi\u00f3n autorizada Seguro confiable.<\/li>\n<li style=\"text-align: left\"><img decoding=\"async\" src=\"https:\/\/www.freebetbest.com\/wp-content\/uploads\/2021\/06\/tick.png\" alt=\"Retiros r\u00e1pidos\"> Soporte de aplicaciones m\u00f3viles, retiros r\u00e1pidos.<\/li>\n<li style=\"text-align: left\"><img decoding=\"async\" src=\"https:\/\/www.freebetbest.com\/wp-content\/uploads\/2021\/06\/tick.png\" alt=\"Atenci\u00f3n al cliente\"> Atenci\u00f3n al cliente: 365 d\u00edas, 24 horas al d\u00eda.<\/li>\n<\/div>\n<\/div>\n<\/div>\n<div class=\"col-md-5\">\n<div class=\"cup-img\"><img decoding=\"async\" src=\"https:\/\/www.freebetbest.com\/wp-content\/uploads\/2021\/06\/Slot.png\" alt=\"freebetbest\"><\/div>\n<\/div>\n<\/div>\n","protected":false},"author":1,"featured_media":125201,"parent":0,"menu_order":0,"comment_status":"closed","ping_status":"closed","template":"Sports-template.php","meta":{"footnotes":""},"class_list":["post-130609","page","type-page","status-publish","has-post-thumbnail","hentry"],"yoast_head":"<!-- This site is optimized with the Yoast SEO Premium plugin v19.5 (Yoast SEO v27.0) - https:\/\/yoast.com\/product\/yoast-seo-premium-wordpress\/ -->\n<title>\u00daltimo bono de apuestas de tiradas gratis Bonificaci\u00f3n de registro de nuevo cliente<\/title>\n<meta name=\"description\" content=\"\u00daltimo bono de apuestas de tiradas gratis mejores casas de apuestas en l\u00ednea, ofrece deportes, casino, p\u00f3quer, bingo y apuestas m\u00f3viles, apuesta gratuita sin dep\u00f3sito\" \/>\n<meta name=\"robots\" content=\"index, follow, max-snippet:-1, max-image-preview:large, max-video-preview:-1\" \/>\n<link rel=\"canonical\" href=\"https:\/\/www.freebetbest.com\/es\/%c3%9altimo-bono-de-apuestas-de-tiradas-gratis\/\" \/>\n<meta property=\"og:locale\" content=\"es_ES\" \/>\n<meta property=\"og:type\" content=\"article\" \/>\n<meta property=\"og:title\" content=\"\u00daltimo bono de apuestas de tiradas gratis\" \/>\n<meta property=\"og:description\" content=\"\u00daltimo bono de apuestas de tiradas gratis mejores casas de apuestas en l\u00ednea, ofrece deportes, casino, p\u00f3quer, bingo y apuestas m\u00f3viles, apuesta gratuita sin dep\u00f3sito\" \/>\n<meta property=\"og:url\" content=\"https:\/\/www.freebetbest.com\/es\/%c3%9altimo-bono-de-apuestas-de-tiradas-gratis\/\" \/>\n<meta property=\"og:site_name\" content=\"Apuesta gratis | Casino en l\u00ednea | Apuestas de f\u00fatbol | Mejores Casas De Apuestas Deportivas Online\" \/>\n<meta property=\"article:modified_time\" content=\"2021-07-29T10:27:49+00:00\" \/>\n<meta property=\"og:image\" content=\"https:\/\/www.freebetbest.com\/wp-content\/uploads\/2021\/06\/free-spins-scaled.jpg\" \/>\n\t<meta property=\"og:image:width\" content=\"298\" \/>\n\t<meta property=\"og:image:height\" content=\"180\" \/>\n\t<meta property=\"og:image:type\" content=\"image\/jpeg\" \/>\n<meta name=\"twitter:card\" content=\"summary_large_image\" \/>\n<meta name=\"twitter:label1\" content=\"Tiempo de lectura\" \/>\n\t<meta name=\"twitter:data1\" content=\"3 minutos\" \/>\n<script type=\"application\/ld+json\" class=\"yoast-schema-graph\">{\"@context\":\"https:\/\/schema.org\",\"@graph\":[{\"@type\":\"WebPage\",\"@id\":\"https:\/\/www.freebetbest.com\/es\/%c3%9altimo-bono-de-apuestas-de-tiradas-gratis\/\",\"url\":\"https:\/\/www.freebetbest.com\/es\/%c3%9altimo-bono-de-apuestas-de-tiradas-gratis\/\",\"name\":\"\u00daltimo bono de apuestas de tiradas gratis Bonificaci\u00f3n de registro de nuevo cliente\",\"isPartOf\":{\"@id\":\"https:\/\/www.freebetbest.com\/es\/#website\"},\"primaryImageOfPage\":{\"@id\":\"https:\/\/www.freebetbest.com\/es\/%c3%9altimo-bono-de-apuestas-de-tiradas-gratis\/#primaryimage\"},\"image\":{\"@id\":\"https:\/\/www.freebetbest.com\/es\/%c3%9altimo-bono-de-apuestas-de-tiradas-gratis\/#primaryimage\"},\"thumbnailUrl\":\"https:\/\/www.freebetbest.com\/wp-content\/uploads\/2021\/06\/free-spins-scaled.jpg\",\"datePublished\":\"2021-06-10T09:11:24+00:00\",\"dateModified\":\"2021-07-29T10:27:49+00:00\",\"description\":\"\u00daltimo bono de apuestas de tiradas gratis mejores casas de apuestas en l\u00ednea, ofrece deportes, casino, p\u00f3quer, bingo y apuestas m\u00f3viles, apuesta gratuita sin dep\u00f3sito\",\"breadcrumb\":{\"@id\":\"https:\/\/www.freebetbest.com\/es\/%c3%9altimo-bono-de-apuestas-de-tiradas-gratis\/#breadcrumb\"},\"inLanguage\":\"es\",\"potentialAction\":[{\"@type\":\"ReadAction\",\"target\":[\"https:\/\/www.freebetbest.com\/es\/%c3%9altimo-bono-de-apuestas-de-tiradas-gratis\/\"]}]},{\"@type\":\"ImageObject\",\"inLanguage\":\"es\",\"@id\":\"https:\/\/www.freebetbest.com\/es\/%c3%9altimo-bono-de-apuestas-de-tiradas-gratis\/#primaryimage\",\"url\":\"https:\/\/www.freebetbest.com\/wp-content\/uploads\/2021\/06\/free-spins-scaled.jpg\",\"contentUrl\":\"https:\/\/www.freebetbest.com\/wp-content\/uploads\/2021\/06\/free-spins-scaled.jpg\",\"width\":298,\"height\":180,\"caption\":\"Tiradas gratis\"},{\"@type\":\"BreadcrumbList\",\"@id\":\"https:\/\/www.freebetbest.com\/es\/%c3%9altimo-bono-de-apuestas-de-tiradas-gratis\/#breadcrumb\",\"itemListElement\":[{\"@type\":\"ListItem\",\"position\":1,\"name\":\"Home\",\"item\":\"https:\/\/www.freebetbest.com\/es\/\"},{\"@type\":\"ListItem\",\"position\":2,\"name\":\"\u00daltimo bono de apuestas de tiradas gratis\"}]},{\"@type\":\"WebSite\",\"@id\":\"https:\/\/www.freebetbest.com\/es\/#website\",\"url\":\"https:\/\/www.freebetbest.com\/es\/\",\"name\":\"Apuesta gratis | Casino en l\u00ednea | Apuestas de f\u00fatbol | Mejores Casas De Apuestas Deportivas Online\",\"description\":\"Las mejores casas de apuestas en l\u00ednea, que ofrecen deportes, casino, p\u00f3ker, bingo y apuestas m\u00f3viles, casino en l\u00ednea, apuestas de f\u00fatbol, la mejor apuesta gratis, los portales de juego m\u00e1s importantes del mundo.\",\"publisher\":{\"@id\":\"https:\/\/www.freebetbest.com\/es\/#\/schema\/person\/292684ccf388a2362d507874c5b80a69\"},\"potentialAction\":[{\"@type\":\"SearchAction\",\"target\":{\"@type\":\"EntryPoint\",\"urlTemplate\":\"https:\/\/www.freebetbest.com\/es\/?s={search_term_string}\"},\"query-input\":{\"@type\":\"PropertyValueSpecification\",\"valueRequired\":true,\"valueName\":\"search_term_string\"}}],\"inLanguage\":\"es\"},{\"@type\":[\"Person\",\"Organization\"],\"@id\":\"https:\/\/www.freebetbest.com\/es\/#\/schema\/person\/292684ccf388a2362d507874c5b80a69\",\"name\":\"\u7ba1\u7406\",\"image\":{\"@type\":\"ImageObject\",\"inLanguage\":\"es\",\"@id\":\"https:\/\/www.freebetbest.com\/es\/#\/schema\/person\/image\/\",\"url\":\"https:\/\/www.freebetbest.com\/wp-content\/litespeed\/avatar\/49696b52fb15293a2168c14964fdd8b9.jpg?ver=1777439934\",\"contentUrl\":\"https:\/\/www.freebetbest.com\/wp-content\/litespeed\/avatar\/49696b52fb15293a2168c14964fdd8b9.jpg?ver=1777439934\",\"caption\":\"\u7ba1\u7406\"},\"logo\":{\"@id\":\"https:\/\/www.freebetbest.com\/es\/#\/schema\/person\/image\/\"},\"sameAs\":[\"admin\"]}]}<\/script>\n<!-- \/ Yoast SEO Premium plugin. -->","yoast_head_json":{"title":"\u00daltimo bono de apuestas de tiradas gratis Bonificaci\u00f3n de registro de nuevo cliente","description":"\u00daltimo bono de apuestas de tiradas gratis mejores casas de apuestas en l\u00ednea, ofrece deportes, casino, p\u00f3quer, bingo y apuestas m\u00f3viles, apuesta gratuita sin dep\u00f3sito","robots":{"index":"index","follow":"follow","max-snippet":"max-snippet:-1","max-image-preview":"max-image-preview:large","max-video-preview":"max-video-preview:-1"},"canonical":"https:\/\/www.freebetbest.com\/es\/%c3%9altimo-bono-de-apuestas-de-tiradas-gratis\/","og_locale":"es_ES","og_type":"article","og_title":"\u00daltimo bono de apuestas de tiradas gratis","og_description":"\u00daltimo bono de apuestas de tiradas gratis mejores casas de apuestas en l\u00ednea, ofrece deportes, casino, p\u00f3quer, bingo y apuestas m\u00f3viles, apuesta gratuita sin dep\u00f3sito","og_url":"https:\/\/www.freebetbest.com\/es\/%c3%9altimo-bono-de-apuestas-de-tiradas-gratis\/","og_site_name":"Apuesta gratis | Casino en l\u00ednea | Apuestas de f\u00fatbol | Mejores Casas De Apuestas Deportivas Online","article_modified_time":"2021-07-29T10:27:49+00:00","og_image":[{"width":298,"height":180,"url":"https:\/\/www.freebetbest.com\/wp-content\/uploads\/2021\/06\/free-spins-scaled.jpg","type":"image\/jpeg"}],"twitter_card":"summary_large_image","twitter_misc":{"Tiempo de lectura":"3 minutos"},"schema":{"@context":"https:\/\/schema.org","@graph":[{"@type":"WebPage","@id":"https:\/\/www.freebetbest.com\/es\/%c3%9altimo-bono-de-apuestas-de-tiradas-gratis\/","url":"https:\/\/www.freebetbest.com\/es\/%c3%9altimo-bono-de-apuestas-de-tiradas-gratis\/","name":"\u00daltimo bono de apuestas de tiradas gratis Bonificaci\u00f3n de registro de nuevo cliente","isPartOf":{"@id":"https:\/\/www.freebetbest.com\/es\/#website"},"primaryImageOfPage":{"@id":"https:\/\/www.freebetbest.com\/es\/%c3%9altimo-bono-de-apuestas-de-tiradas-gratis\/#primaryimage"},"image":{"@id":"https:\/\/www.freebetbest.com\/es\/%c3%9altimo-bono-de-apuestas-de-tiradas-gratis\/#primaryimage"},"thumbnailUrl":"https:\/\/www.freebetbest.com\/wp-content\/uploads\/2021\/06\/free-spins-scaled.jpg","datePublished":"2021-06-10T09:11:24+00:00","dateModified":"2021-07-29T10:27:49+00:00","description":"\u00daltimo bono de apuestas de tiradas gratis mejores casas de apuestas en l\u00ednea, ofrece deportes, casino, p\u00f3quer, bingo y apuestas m\u00f3viles, apuesta gratuita sin dep\u00f3sito","breadcrumb":{"@id":"https:\/\/www.freebetbest.com\/es\/%c3%9altimo-bono-de-apuestas-de-tiradas-gratis\/#breadcrumb"},"inLanguage":"es","potentialAction":[{"@type":"ReadAction","target":["https:\/\/www.freebetbest.com\/es\/%c3%9altimo-bono-de-apuestas-de-tiradas-gratis\/"]}]},{"@type":"ImageObject","inLanguage":"es","@id":"https:\/\/www.freebetbest.com\/es\/%c3%9altimo-bono-de-apuestas-de-tiradas-gratis\/#primaryimage","url":"https:\/\/www.freebetbest.com\/wp-content\/uploads\/2021\/06\/free-spins-scaled.jpg","contentUrl":"https:\/\/www.freebetbest.com\/wp-content\/uploads\/2021\/06\/free-spins-scaled.jpg","width":298,"height":180,"caption":"Tiradas gratis"},{"@type":"BreadcrumbList","@id":"https:\/\/www.freebetbest.com\/es\/%c3%9altimo-bono-de-apuestas-de-tiradas-gratis\/#breadcrumb","itemListElement":[{"@type":"ListItem","position":1,"name":"Home","item":"https:\/\/www.freebetbest.com\/es\/"},{"@type":"ListItem","position":2,"name":"\u00daltimo bono de apuestas de tiradas gratis"}]},{"@type":"WebSite","@id":"https:\/\/www.freebetbest.com\/es\/#website","url":"https:\/\/www.freebetbest.com\/es\/","name":"Apuesta gratis | Casino en l\u00ednea | Apuestas de f\u00fatbol | Mejores Casas De Apuestas Deportivas Online","description":"Las mejores casas de apuestas en l\u00ednea, que ofrecen deportes, casino, p\u00f3ker, bingo y apuestas m\u00f3viles, casino en l\u00ednea, apuestas de f\u00fatbol, la mejor apuesta gratis, los portales de juego m\u00e1s importantes del mundo.","publisher":{"@id":"https:\/\/www.freebetbest.com\/es\/#\/schema\/person\/292684ccf388a2362d507874c5b80a69"},"potentialAction":[{"@type":"SearchAction","target":{"@type":"EntryPoint","urlTemplate":"https:\/\/www.freebetbest.com\/es\/?s={search_term_string}"},"query-input":{"@type":"PropertyValueSpecification","valueRequired":true,"valueName":"search_term_string"}}],"inLanguage":"es"},{"@type":["Person","Organization"],"@id":"https:\/\/www.freebetbest.com\/es\/#\/schema\/person\/292684ccf388a2362d507874c5b80a69","name":"\u7ba1\u7406","image":{"@type":"ImageObject","inLanguage":"es","@id":"https:\/\/www.freebetbest.com\/es\/#\/schema\/person\/image\/","url":"https:\/\/www.freebetbest.com\/wp-content\/litespeed\/avatar\/49696b52fb15293a2168c14964fdd8b9.jpg?ver=1777439934","contentUrl":"https:\/\/www.freebetbest.com\/wp-content\/litespeed\/avatar\/49696b52fb15293a2168c14964fdd8b9.jpg?ver=1777439934","caption":"\u7ba1\u7406"},"logo":{"@id":"https:\/\/www.freebetbest.com\/es\/#\/schema\/person\/image\/"},"sameAs":["admin"]}]}},"_links":{"self":[{"href":"https:\/\/www.freebetbest.com\/es\/wp-json\/wp\/v2\/pages\/130609","targetHints":{"allow":["GET"]}}],"collection":[{"href":"https:\/\/www.freebetbest.com\/es\/wp-json\/wp\/v2\/pages"}],"about":[{"href":"https:\/\/www.freebetbest.com\/es\/wp-json\/wp\/v2\/types\/page"}],"author":[{"embeddable":true,"href":"https:\/\/www.freebetbest.com\/es\/wp-json\/wp\/v2\/users\/1"}],"replies":[{"embeddable":true,"href":"https:\/\/www.freebetbest.com\/es\/wp-json\/wp\/v2\/comments?post=130609"}],"version-history":[{"count":0,"href":"https:\/\/www.freebetbest.com\/es\/wp-json\/wp\/v2\/pages\/130609\/revisions"}],"wp:featuredmedia":[{"embeddable":true,"href":"https:\/\/www.freebetbest.com\/es\/wp-json\/wp\/v2\/media\/125201"}],"wp:attachment":[{"href":"https:\/\/www.freebetbest.com\/es\/wp-json\/wp\/v2\/media?parent=130609"}],"curies":[{"name":"wp","href":"https:\/\/api.w.org\/{rel}","templated":true}]}}