{"id":130555,"date":"2021-06-12T05:16:37","date_gmt":"2021-06-12T05:16:37","guid":{"rendered":"https:\/\/www.freebetbest.com\/ultimo-bono-de-apuestas-gratis\/"},"modified":"2021-07-29T10:14:38","modified_gmt":"2021-07-29T10:14:38","slug":"%c3%9altimo-bono-de-apuestas-gratis","status":"publish","type":"page","link":"https:\/\/www.freebetbest.com\/es\/%c3%9altimo-bono-de-apuestas-gratis\/","title":{"rendered":"\u00daltimo bono de apuestas gratis"},"content":{"rendered":"<h3>Gu\u00eda de apuestas gratuita. \u00daltimo bono de apuestas gratis<\/h3>\n<p>Si eres un novato. O un apostador experimentado, no hay problema, lo puede encontrar en nuestro sitio web. Encuentra cientos de pesos pesados<a href=\"https:\/\/www.freebetsinfo.co.uk\/asia-bookmakers\/\"> Apuestas gratis<\/a> .<\/p>\n<h3>\u00bfQu\u00e9 son exactamente las apuestas gratis?<\/h3>\n<p>Las casas de apuestas ofrecen apuestas gratuitas como un contrato con ellas. O un premio de lealtad hacia ellos. Piense en la casa de apuestas. Hay muchos descuentos para ti, no todos est\u00e1n disponibles. Se considera una apuesta gratuita. Las conjeturas sin costo son las indicadas en el t\u00edtulo y solo tienen el prop\u00f3sito de apostar. \u00daltimo bono de apuestas gratis y la cantidad de cr\u00e9ditos sin costo proporcionados.<\/p>\n<p>Para obtener m\u00e1s informaci\u00f3n proporcionada por los juegos de azar, como aumentos y mejoras de las apuestas, proporcione informaci\u00f3n a trav\u00e9s de nuestro juego.<\/p>\n<h3>Tipos de bonificaciones de apuestas gratuitas m\u00e1s recientes<\/h3>\n<p>Apuestas gratuitas igualadas: la casa de apuestas le ofrece una apuesta gratuita, que es equivalente a su nivel de apuesta original.<\/p>\n<p>Apuestas gratuitas sin dep\u00f3sito. La casa de apuestas le ofrece apuestas gratuitas sin que tenga que invertir fondos.<\/p>\n<p>Bono de recarga. La casa de apuestas simplemente pregunta a la cuenta. Proporcione puntos adicionales. Como opci\u00f3n completamente gratuita, generalmente gira en torno a eventos serios para presumir.<\/p>\n<p>Apuestas sin riesgo. La casa de apuestas lo har\u00e1. El n\u00famero de sus opciones reales es atribuible a usted, y puede adivinar de forma gratuita si ha ca\u00eddo.<\/p>\n<p>Convi\u00e9rtete en una apuesta calificada completamente gratis. Apuestas gratuitas elegibles. Se puede hacer tanto para clientes nuevos como existentes, y es necesario cumplir con est\u00e1ndares espec\u00edficos. En conclusi\u00f3n, para conseguir apuestas gratis. La situaci\u00f3n m\u00e1s com\u00fan es que cuando realiza varias apuestas, puede apostar gratis.<\/p>\n<h3>Encuentra las mejores \u00faltimas gratuitas<a href=\"https:\/\/www.freebetbest.com\/es\/sitios-de-apuestas\/\"> Bono de apuesta<\/a><\/h3>\n<p>Est\u00e1s en el mejor lugar. Tenemos una colecci\u00f3n incre\u00edble de apuestas gratis en el Reino Unido.<\/p>\n<p>Al buscar apuestas completamente gratuitas, \u00bfcu\u00e1l deber\u00eda marcar? Las apuestas gratuitas son lo mejor para ti. Por ejemplo, \u00bfcu\u00e1nto necesita invertir? La casa de apuestas suele hacerlo. Las apuestas gratuitas se utilizan para cumplir con su pago inicial, por lo que cuanto m\u00e1s deposite inicialmente, mayores ser\u00e1n las apuestas gratuitas que obtendr\u00e1.<\/p>\n<h3>Apuestas gratuitas para nuevos clientes<\/h3>\n<p>La mayor\u00eda de las apuestas gratuitas. Solo para nuevos compradores, que es para muchas entregas de juegos de azar. Por supuesto que es correcto. El cliente se proporcion\u00f3 una buena elecci\u00f3n. Cada usuario puede, al menos, proporcion\u00e1rselo por s\u00ed mismo. Una cotizaci\u00f3n de conjetura gratuita. En conclusi\u00f3n, incluso puede haber varias entre las que elegir.<\/p>\n<h3>Apuestas gratuitas para clientes existentes<\/h3>\n<p>Las entregas gratuitas para los consumidores actuales son menos comunes, pero est\u00e1n en el mercado; aqu\u00ed nos enfocamos en ellas.<\/p>\n<p>Hay otras apuestas completamente gratuitas basadas en la fidelidad de su cliente como consumidor. Si ya se ha registrado para una nueva cuenta bancaria, no asuma que este es el resultado. La lealtad seguir\u00e1 recompens\u00e1ndote.<\/p>\n<p>Apuestas gratis en eventos<\/p>\n<p>Hay muchas apuestas gratuitas disponibles, apuestas totalmente gratuitas. Por lo tanto, si te apasiona una gran celebraci\u00f3n de vestuario, \u00a1es probable que adivines una gratis!<\/p>\n<p>En conclusi\u00f3n, lo cierto es que a veces las apuestas son completamente gratuitas. Puede estar en eventos de apuestas de eventos deportivos importantes. M\u00e1s tentador, as\u00ed que siempre verif\u00edquelo. Las \u00faltimas apuestas gratuitas.<\/p>\n<h3>Regulaciones de apuestas gratuitas<\/h3>\n<p>Antes de registrarse para las apuestas gratuitas, aseg\u00farese de ver estos peque\u00f1os productos para que pueda comprenderlos completamente. \u00bfQu\u00e9 est\u00e1s empezando a usar? Necesito prestar atenci\u00f3n. Lo m\u00e1s importante es que normalmente se requiere la opci\u00f3n gratuita. Deposita d\u00f3lares estadounidenses y realiza conjeturas antes de ser elegible para la opci\u00f3n gratuita.<\/p>\n<p>Debes considerar cosas como. Cosas como las probabilidades m\u00e1s bajas. Muchas apuestas gratis. Se espera que apueste por el resultado a un precio espec\u00edfico.<\/p>\n<p>Una vez que finaliza la opci\u00f3n gratuita, tambi\u00e9n puede compensar el aprendizaje. En conclusi\u00f3n, a veces la apuesta gratuita puede durar solo unos d\u00edas.<\/p>\n<h3>Apuestas gratis en Cheltenham<\/h3>\n<p>Nunca pierde. Apuestas gratis ideales en Cheltenham, como la Cheltenham Rare Metal Cup.<\/p>\n<p>A medida que se acerca el festival, les traeremos lo mejor de todo. Apuestas gratuitas y obsequios de juegos para ayudarlo a obtener una ventaja en la casa de apuestas.<\/p>\n<p>Despu\u00e9s de la celebraci\u00f3n, todos los corredores de apuestas est\u00e1n ansiosos por su negocio, lo que significa que hay algo delicioso. Ofertas de apuestas y apuestas gratuitas.<\/p>\n<p>La oferta de cada casa de apuestas es diferente, pero tendr\u00e1 una gran cantidad de apuestas gratuitas disponibles para nuevos clientes.<\/p>\n<p>Y, si es un cliente existente, no se preocupe. Porque har\u00e1n otro esfuerzo especial para proveer en Cheltenham. En conclusi\u00f3n, excelente servicio al cliente existente.<\/p>\n<h3>Grandes apuestas gratis federales<\/h3>\n<p>Una de las reuniones m\u00e1s grandes en todo el calendario de carreras, no solo atrae a fan\u00e1ticos entusiastas que han fallecido, sino que todo el pa\u00eds es enorme.<\/p>\n<p>En conclusi\u00f3n, por lo tanto, si eres un apostador experimentado. Puede que a\u00fan sea un apostador por primera vez, los proporcionaremos todos aqu\u00ed. Las mejores apuestas y apuestas gratuitas est\u00e1n disponibles para usted en cualquier momento. Incre\u00edble servicio de registro.<\/p>\n<p><!-- \/wp:post-content --><\/p>\n<p><!-- wp:heading {\"level\":4} \/--><\/p>\n","protected":false},"excerpt":{"rendered":"<p>Hemos recopilado las casas de apuestas en l\u00ednea m\u00e1s confiables del mundo, donde puede encontrar bonos por primer dep\u00f3sito y bonos sin dep\u00f3sito, las \u00faltimas ofertas y promociones. <\/p>\n<div class=\"hero-cup-section\">\n<div class=\"row mb-4\">\n<div class=\"col-md-7\">\n<div class=\"section-area\">\n<div class=\"section-list\">\n<li style=\"text-align: left\"><img decoding=\"async\" src=\"https:\/\/www.freebetbest.com\/wp-content\/uploads\/2021\/06\/tick.png\" alt=\"Deportes\"> Bono de bienvenida de Sports Casino.<\/li>\n<li style=\"text-align: left\"><img decoding=\"async\" src=\"https:\/\/www.freebetbest.com\/wp-content\/uploads\/2021\/06\/tick.png\" alt=\"ofertas de juegos\"> Ofertas y promociones de casas de apuestas online.<\/li>\n<li style=\"text-align: left\"><img decoding=\"async\" src=\"https:\/\/www.freebetbest.com\/wp-content\/uploads\/2021\/06\/tick.png\" alt=\"ofertas de juegos\"> Las mejores casas de apuestas online en las que puede confiar.<\/li>\n<li style=\"text-align: left\"><img decoding=\"async\" src=\"https:\/\/www.freebetbest.com\/wp-content\/uploads\/2021\/06\/tick.png\" alt=\"Autoritario\"> Revisi\u00f3n autorizada Seguro confiable.<\/li>\n<li style=\"text-align: left\"><img decoding=\"async\" src=\"https:\/\/www.freebetbest.com\/wp-content\/uploads\/2021\/06\/tick.png\" alt=\"Retiros r\u00e1pidos\"> Soporte de aplicaciones m\u00f3viles, retiros r\u00e1pidos.<\/li>\n<li style=\"text-align: left\"><img decoding=\"async\" src=\"https:\/\/www.freebetbest.com\/wp-content\/uploads\/2021\/06\/tick.png\" alt=\"Atenci\u00f3n al cliente\"> Atenci\u00f3n al cliente: 365 d\u00edas, 24 horas al d\u00eda.<\/li>\n<\/div>\n<\/div>\n<\/div>\n<div class=\"col-md-5\">\n<div class=\"cup-img\"><img decoding=\"async\" src=\"https:\/\/www.freebetbest.com\/wp-content\/uploads\/2021\/06\/freebetsinfo.png\" alt=\"freebetbest\"><\/div>\n<\/div>\n<\/div>\n","protected":false},"author":1,"featured_media":125276,"parent":0,"menu_order":0,"comment_status":"closed","ping_status":"closed","template":"free-template.php","meta":{"footnotes":""},"class_list":["post-130555","page","type-page","status-publish","has-post-thumbnail","hentry"],"yoast_head":"<!-- This site is optimized with the Yoast SEO Premium plugin v19.5 (Yoast SEO v27.0) - https:\/\/yoast.com\/product\/yoast-seo-premium-wordpress\/ -->\n<title>\u00daltimo bono de apuestas gratis , las mejores apuestas gratuitas. Obtenga bonificaciones de apuestas gratuitas.<\/title>\n<meta name=\"description\" content=\"\u00daltimo bono de apuestas gratis , las mejores apuestas gratuitas. Obtenga bonificaciones de apuestas gratuitas. Los bonos de bienvenida m\u00e1s altos Bono de bienvenida exclusivo para deportes o casino.\" \/>\n<meta name=\"robots\" content=\"index, follow, max-snippet:-1, max-image-preview:large, max-video-preview:-1\" \/>\n<link rel=\"canonical\" href=\"https:\/\/www.freebetbest.com\/es\/%c3%9altimo-bono-de-apuestas-gratis\/\" \/>\n<meta property=\"og:locale\" content=\"es_ES\" \/>\n<meta property=\"og:type\" content=\"article\" \/>\n<meta property=\"og:title\" content=\"\u00daltimo bono de apuestas gratis\" \/>\n<meta property=\"og:description\" content=\"\u00daltimo bono de apuestas gratis , las mejores apuestas gratuitas. Obtenga bonificaciones de apuestas gratuitas. Los bonos de bienvenida m\u00e1s altos Bono de bienvenida exclusivo para deportes o casino.\" \/>\n<meta property=\"og:url\" content=\"https:\/\/www.freebetbest.com\/es\/%c3%9altimo-bono-de-apuestas-gratis\/\" \/>\n<meta property=\"og:site_name\" content=\"Apuesta gratis | Casino en l\u00ednea | Apuestas de f\u00fatbol | Mejores Casas De Apuestas Deportivas Online\" \/>\n<meta property=\"article:modified_time\" content=\"2021-07-29T10:14:38+00:00\" \/>\n<meta property=\"og:image\" content=\"https:\/\/www.freebetbest.com\/wp-content\/uploads\/2021\/06\/Bookmakers-scaled.jpg\" \/>\n\t<meta property=\"og:image:width\" content=\"417\" \/>\n\t<meta property=\"og:image:height\" content=\"180\" \/>\n\t<meta property=\"og:image:type\" content=\"image\/jpeg\" \/>\n<meta name=\"twitter:card\" content=\"summary_large_image\" \/>\n<meta name=\"twitter:label1\" content=\"Tiempo de lectura\" \/>\n\t<meta name=\"twitter:data1\" content=\"4 minutos\" \/>\n<script type=\"application\/ld+json\" class=\"yoast-schema-graph\">{\"@context\":\"https:\/\/schema.org\",\"@graph\":[{\"@type\":\"WebPage\",\"@id\":\"https:\/\/www.freebetbest.com\/es\/%c3%9altimo-bono-de-apuestas-gratis\/\",\"url\":\"https:\/\/www.freebetbest.com\/es\/%c3%9altimo-bono-de-apuestas-gratis\/\",\"name\":\"\u00daltimo bono de apuestas gratis , las mejores apuestas gratuitas. Obtenga bonificaciones de apuestas gratuitas.\",\"isPartOf\":{\"@id\":\"https:\/\/www.freebetbest.com\/es\/#website\"},\"primaryImageOfPage\":{\"@id\":\"https:\/\/www.freebetbest.com\/es\/%c3%9altimo-bono-de-apuestas-gratis\/#primaryimage\"},\"image\":{\"@id\":\"https:\/\/www.freebetbest.com\/es\/%c3%9altimo-bono-de-apuestas-gratis\/#primaryimage\"},\"thumbnailUrl\":\"https:\/\/www.freebetbest.com\/wp-content\/uploads\/2021\/06\/Bookmakers-scaled.jpg\",\"datePublished\":\"2021-06-12T05:16:37+00:00\",\"dateModified\":\"2021-07-29T10:14:38+00:00\",\"description\":\"\u00daltimo bono de apuestas gratis , las mejores apuestas gratuitas. Obtenga bonificaciones de apuestas gratuitas. Los bonos de bienvenida m\u00e1s altos Bono de bienvenida exclusivo para deportes o casino.\",\"breadcrumb\":{\"@id\":\"https:\/\/www.freebetbest.com\/es\/%c3%9altimo-bono-de-apuestas-gratis\/#breadcrumb\"},\"inLanguage\":\"es\",\"potentialAction\":[{\"@type\":\"ReadAction\",\"target\":[\"https:\/\/www.freebetbest.com\/es\/%c3%9altimo-bono-de-apuestas-gratis\/\"]}]},{\"@type\":\"ImageObject\",\"inLanguage\":\"es\",\"@id\":\"https:\/\/www.freebetbest.com\/es\/%c3%9altimo-bono-de-apuestas-gratis\/#primaryimage\",\"url\":\"https:\/\/www.freebetbest.com\/wp-content\/uploads\/2021\/06\/Bookmakers-scaled.jpg\",\"contentUrl\":\"https:\/\/www.freebetbest.com\/wp-content\/uploads\/2021\/06\/Bookmakers-scaled.jpg\",\"width\":417,\"height\":180,\"caption\":\"Bono de los corredores de apuestas de China\"},{\"@type\":\"BreadcrumbList\",\"@id\":\"https:\/\/www.freebetbest.com\/es\/%c3%9altimo-bono-de-apuestas-gratis\/#breadcrumb\",\"itemListElement\":[{\"@type\":\"ListItem\",\"position\":1,\"name\":\"Home\",\"item\":\"https:\/\/www.freebetbest.com\/es\/\"},{\"@type\":\"ListItem\",\"position\":2,\"name\":\"\u00daltimo bono de apuestas gratis\"}]},{\"@type\":\"WebSite\",\"@id\":\"https:\/\/www.freebetbest.com\/es\/#website\",\"url\":\"https:\/\/www.freebetbest.com\/es\/\",\"name\":\"Apuesta gratis | Casino en l\u00ednea | Apuestas de f\u00fatbol | Mejores Casas De Apuestas Deportivas Online\",\"description\":\"Las mejores casas de apuestas en l\u00ednea, que ofrecen deportes, casino, p\u00f3ker, bingo y apuestas m\u00f3viles, casino en l\u00ednea, apuestas de f\u00fatbol, la mejor apuesta gratis, los portales de juego m\u00e1s importantes del mundo.\",\"publisher\":{\"@id\":\"https:\/\/www.freebetbest.com\/es\/#\/schema\/person\/292684ccf388a2362d507874c5b80a69\"},\"potentialAction\":[{\"@type\":\"SearchAction\",\"target\":{\"@type\":\"EntryPoint\",\"urlTemplate\":\"https:\/\/www.freebetbest.com\/es\/?s={search_term_string}\"},\"query-input\":{\"@type\":\"PropertyValueSpecification\",\"valueRequired\":true,\"valueName\":\"search_term_string\"}}],\"inLanguage\":\"es\"},{\"@type\":[\"Person\",\"Organization\"],\"@id\":\"https:\/\/www.freebetbest.com\/es\/#\/schema\/person\/292684ccf388a2362d507874c5b80a69\",\"name\":\"\u7ba1\u7406\",\"image\":{\"@type\":\"ImageObject\",\"inLanguage\":\"es\",\"@id\":\"https:\/\/www.freebetbest.com\/es\/#\/schema\/person\/image\/\",\"url\":\"https:\/\/www.freebetbest.com\/wp-content\/litespeed\/avatar\/49696b52fb15293a2168c14964fdd8b9.jpg?ver=1777439934\",\"contentUrl\":\"https:\/\/www.freebetbest.com\/wp-content\/litespeed\/avatar\/49696b52fb15293a2168c14964fdd8b9.jpg?ver=1777439934\",\"caption\":\"\u7ba1\u7406\"},\"logo\":{\"@id\":\"https:\/\/www.freebetbest.com\/es\/#\/schema\/person\/image\/\"},\"sameAs\":[\"admin\"]}]}<\/script>\n<!-- \/ Yoast SEO Premium plugin. -->","yoast_head_json":{"title":"\u00daltimo bono de apuestas gratis , las mejores apuestas gratuitas. Obtenga bonificaciones de apuestas gratuitas.","description":"\u00daltimo bono de apuestas gratis , las mejores apuestas gratuitas. Obtenga bonificaciones de apuestas gratuitas. Los bonos de bienvenida m\u00e1s altos Bono de bienvenida exclusivo para deportes o casino.","robots":{"index":"index","follow":"follow","max-snippet":"max-snippet:-1","max-image-preview":"max-image-preview:large","max-video-preview":"max-video-preview:-1"},"canonical":"https:\/\/www.freebetbest.com\/es\/%c3%9altimo-bono-de-apuestas-gratis\/","og_locale":"es_ES","og_type":"article","og_title":"\u00daltimo bono de apuestas gratis","og_description":"\u00daltimo bono de apuestas gratis , las mejores apuestas gratuitas. Obtenga bonificaciones de apuestas gratuitas. Los bonos de bienvenida m\u00e1s altos Bono de bienvenida exclusivo para deportes o casino.","og_url":"https:\/\/www.freebetbest.com\/es\/%c3%9altimo-bono-de-apuestas-gratis\/","og_site_name":"Apuesta gratis | Casino en l\u00ednea | Apuestas de f\u00fatbol | Mejores Casas De Apuestas Deportivas Online","article_modified_time":"2021-07-29T10:14:38+00:00","og_image":[{"width":417,"height":180,"url":"https:\/\/www.freebetbest.com\/wp-content\/uploads\/2021\/06\/Bookmakers-scaled.jpg","type":"image\/jpeg"}],"twitter_card":"summary_large_image","twitter_misc":{"Tiempo de lectura":"4 minutos"},"schema":{"@context":"https:\/\/schema.org","@graph":[{"@type":"WebPage","@id":"https:\/\/www.freebetbest.com\/es\/%c3%9altimo-bono-de-apuestas-gratis\/","url":"https:\/\/www.freebetbest.com\/es\/%c3%9altimo-bono-de-apuestas-gratis\/","name":"\u00daltimo bono de apuestas gratis , las mejores apuestas gratuitas. Obtenga bonificaciones de apuestas gratuitas.","isPartOf":{"@id":"https:\/\/www.freebetbest.com\/es\/#website"},"primaryImageOfPage":{"@id":"https:\/\/www.freebetbest.com\/es\/%c3%9altimo-bono-de-apuestas-gratis\/#primaryimage"},"image":{"@id":"https:\/\/www.freebetbest.com\/es\/%c3%9altimo-bono-de-apuestas-gratis\/#primaryimage"},"thumbnailUrl":"https:\/\/www.freebetbest.com\/wp-content\/uploads\/2021\/06\/Bookmakers-scaled.jpg","datePublished":"2021-06-12T05:16:37+00:00","dateModified":"2021-07-29T10:14:38+00:00","description":"\u00daltimo bono de apuestas gratis , las mejores apuestas gratuitas. Obtenga bonificaciones de apuestas gratuitas. Los bonos de bienvenida m\u00e1s altos Bono de bienvenida exclusivo para deportes o casino.","breadcrumb":{"@id":"https:\/\/www.freebetbest.com\/es\/%c3%9altimo-bono-de-apuestas-gratis\/#breadcrumb"},"inLanguage":"es","potentialAction":[{"@type":"ReadAction","target":["https:\/\/www.freebetbest.com\/es\/%c3%9altimo-bono-de-apuestas-gratis\/"]}]},{"@type":"ImageObject","inLanguage":"es","@id":"https:\/\/www.freebetbest.com\/es\/%c3%9altimo-bono-de-apuestas-gratis\/#primaryimage","url":"https:\/\/www.freebetbest.com\/wp-content\/uploads\/2021\/06\/Bookmakers-scaled.jpg","contentUrl":"https:\/\/www.freebetbest.com\/wp-content\/uploads\/2021\/06\/Bookmakers-scaled.jpg","width":417,"height":180,"caption":"Bono de los corredores de apuestas de China"},{"@type":"BreadcrumbList","@id":"https:\/\/www.freebetbest.com\/es\/%c3%9altimo-bono-de-apuestas-gratis\/#breadcrumb","itemListElement":[{"@type":"ListItem","position":1,"name":"Home","item":"https:\/\/www.freebetbest.com\/es\/"},{"@type":"ListItem","position":2,"name":"\u00daltimo bono de apuestas gratis"}]},{"@type":"WebSite","@id":"https:\/\/www.freebetbest.com\/es\/#website","url":"https:\/\/www.freebetbest.com\/es\/","name":"Apuesta gratis | Casino en l\u00ednea | Apuestas de f\u00fatbol | Mejores Casas De Apuestas Deportivas Online","description":"Las mejores casas de apuestas en l\u00ednea, que ofrecen deportes, casino, p\u00f3ker, bingo y apuestas m\u00f3viles, casino en l\u00ednea, apuestas de f\u00fatbol, la mejor apuesta gratis, los portales de juego m\u00e1s importantes del mundo.","publisher":{"@id":"https:\/\/www.freebetbest.com\/es\/#\/schema\/person\/292684ccf388a2362d507874c5b80a69"},"potentialAction":[{"@type":"SearchAction","target":{"@type":"EntryPoint","urlTemplate":"https:\/\/www.freebetbest.com\/es\/?s={search_term_string}"},"query-input":{"@type":"PropertyValueSpecification","valueRequired":true,"valueName":"search_term_string"}}],"inLanguage":"es"},{"@type":["Person","Organization"],"@id":"https:\/\/www.freebetbest.com\/es\/#\/schema\/person\/292684ccf388a2362d507874c5b80a69","name":"\u7ba1\u7406","image":{"@type":"ImageObject","inLanguage":"es","@id":"https:\/\/www.freebetbest.com\/es\/#\/schema\/person\/image\/","url":"https:\/\/www.freebetbest.com\/wp-content\/litespeed\/avatar\/49696b52fb15293a2168c14964fdd8b9.jpg?ver=1777439934","contentUrl":"https:\/\/www.freebetbest.com\/wp-content\/litespeed\/avatar\/49696b52fb15293a2168c14964fdd8b9.jpg?ver=1777439934","caption":"\u7ba1\u7406"},"logo":{"@id":"https:\/\/www.freebetbest.com\/es\/#\/schema\/person\/image\/"},"sameAs":["admin"]}]}},"_links":{"self":[{"href":"https:\/\/www.freebetbest.com\/es\/wp-json\/wp\/v2\/pages\/130555","targetHints":{"allow":["GET"]}}],"collection":[{"href":"https:\/\/www.freebetbest.com\/es\/wp-json\/wp\/v2\/pages"}],"about":[{"href":"https:\/\/www.freebetbest.com\/es\/wp-json\/wp\/v2\/types\/page"}],"author":[{"embeddable":true,"href":"https:\/\/www.freebetbest.com\/es\/wp-json\/wp\/v2\/users\/1"}],"replies":[{"embeddable":true,"href":"https:\/\/www.freebetbest.com\/es\/wp-json\/wp\/v2\/comments?post=130555"}],"version-history":[{"count":0,"href":"https:\/\/www.freebetbest.com\/es\/wp-json\/wp\/v2\/pages\/130555\/revisions"}],"wp:featuredmedia":[{"embeddable":true,"href":"https:\/\/www.freebetbest.com\/es\/wp-json\/wp\/v2\/media\/125276"}],"wp:attachment":[{"href":"https:\/\/www.freebetbest.com\/es\/wp-json\/wp\/v2\/media?parent=130555"}],"curies":[{"name":"wp","href":"https:\/\/api.w.org\/{rel}","templated":true}]}}