{"id":130259,"date":"2021-06-10T08:32:23","date_gmt":"2021-06-10T08:32:23","guid":{"rendered":"https:\/\/www.freebetbest.com\/ultimo-bono-de-apuestas-de-baloncesto\/"},"modified":"2021-07-28T17:10:46","modified_gmt":"2021-07-28T17:10:46","slug":"ultimo-bono-de-apuestas-de-baloncesto","status":"publish","type":"page","link":"https:\/\/www.freebetbest.com\/es\/ultimo-bono-de-apuestas-de-baloncesto\/","title":{"rendered":"\u00daltimo bono de apuestas de baloncesto"},"content":{"rendered":"<h2>\u00daltimo baloncesto<a href=\"https:\/\/www.freebetbest.com\/es\/sitios-de-apuestas\/\"> Bono de apuesta<\/a> en actividades deportivas<\/h2>\n<p>Pero es especialmente adecuado para los fan\u00e1ticos del baloncesto universitario. Este es un boogie importante. loco. En la competencia de 68 equipos, el equipo de b\u00e9isbol universitario compiti\u00f3 ferozmente y gan\u00f3 el campeonato federal. Estos equipos solo participaron en un torneo reducido de andamios y finalmente alcanzaron un cl\u00edmax en el juego final para seleccionar un campe\u00f3n de un a\u00f1o. Consulte la \u00faltima bonificaci\u00f3n de apuestas de baloncesto para obtener m\u00e1s informaci\u00f3n.<\/p>\n<h3>La \u00daltimo bono de apuestas de baloncesto<\/h3>\n<p>La cantidad de disgustos, golpes de timbre y actuaciones mordaces es suficiente para permitirte volverte loco. Es el deseo de un fan\u00e1tico de las actividades deportivas junto con el terreno sagrado de un apostador deportivo. El Real<\/p>\n<h3>Probar y apreciar. La clave para una experiencia completa es comprender plenamente las posibilidades del juego.<\/h3>\n<p>Te llevaremos paso a paso. Acerca del sitio de apuestas Mar Madness. Informaci\u00f3n que quiz\u00e1s necesite saber y m\u00e1s informaci\u00f3n para que pueda disfrutarla plenamente. Todo el contenido ofrecido en estas maravillosas cuatro semanas. Tambi\u00e9n le explicaremos c\u00f3mo determinar el sitio web de juegos de Mar Madness m\u00e1s efectivo para asegurarlo. En conclusi\u00f3n, Gamble en el sitio web accesible m\u00e1s confiable.<\/p>\n<h3>Trastornos esf\u00e9ricos iniciales m\u00e1s significativos de Mar Madness<\/h3>\n<p>Si est\u00e1s entusiasmado con el torneo de este a\u00f1o, es posible que seas uno de muchos. Todos los a\u00f1os miramos hacia la fiesta importante y no podemos esperar a que nuestra acci\u00f3n. Dicho esto, hay toneladas de varios sitios web y casas de apuestas deportivas basadas en Internet para elegir para jugar Mar Madness. En conclusi\u00f3n, honestamente, puede ser abrumador. Afortunadamente, estamos aqu\u00ed para ayudar.<\/p>\n<h3>\u00bfPor qu\u00e9 estos sitios de apuestas March Madness?<\/h3>\n<p>La buena noticia es para usted, no solo sacamos los nombres de los sitios web anteriores de un sombrero. Alternativamente, pasamos mucho tiempo analizando cada uno de los procedimientos quir\u00fargicos ofrecidos con el objetivo final de descubrir el Mar m\u00e1s efectivo. \u00daltimo bono de apuestas de baloncesto de Madness . A continuaci\u00f3n, en conclusi\u00f3n, tenemos algunos detalles adicionales para que obtenga m\u00e1s informaci\u00f3n sobre nuestro procedimiento de variedad detallado, \u00fatil para ayudarnos a establecer la crema para la piel del cultivo.<\/p>\n<h3>C\u00f3mo optimizar tu baloncesto<a href=\"https:\/\/www.freebetsinfo.co.uk\/free-bets\/\"> bono de juego<\/a><\/h3>\n<p>Todas las bonificaciones de la NBA. Y promociones generales de marketing de apuestas deportivas. Cada uno tiene su propia situaci\u00f3n. Normalmente, debe establecer un n\u00famero determinado de apuestas para eliminar la ventaja del bono.<\/p>\n<p>Sin embargo, los apostadores expertos aprender\u00e1n. C\u00f3mo sacar el m\u00e1ximo partido a estas ofertas. Trate de evitar descuentos que aumenten las tarifas continuas. Porque son dif\u00edciles de aclarar.<\/p>\n<h3>Diversas tecnolog\u00edas<\/h3>\n<p>Una vez que se resuelven sus problemas, puede encontrar varias formas. Convierta el importe de la promoci\u00f3n en. Las ganancias adicionales reales en su cuenta.<\/p>\n<p>Por ejemplo, en casi todos los casos, la participaci\u00f3n en marketing es gratuita. Es razonable para su pago inicial. Si el suministro es confiable, debe estar dentro de sus capacidades. Haga todo lo posible para obtener la mayor cantidad posible.<\/p>\n<p>Si lo proporciona el sitio de apuestas. Hasta un 50% de bonificaci\u00f3n equivalente de $ 1,000, intente pagar $ 2,000. Para obtener una recompensa de hasta $ 1,000. A partir de ese momento, puedes probar muchos tipos de apuestas. Y participa gratis.<\/p>\n<h3>Recompensa rodando<\/h3>\n<p>Las reinversiones est\u00e1n en todas las competiciones deportivas. Uno de los temas incomprendidos. Si se registra en el sitio web de juegos de azar de la NBA, recibir\u00e1 un bono de dep\u00f3sito en casi todos los casos. Esta recompensa es un juego gratuito. O financiar bonificaciones adicionales proporcionadas.<\/p>\n<p>El bono es mejor que el bono de juego gratis. Hay m\u00e1s beneficios, pero el agua corriente tiene el mismo efecto en ambos tipos.<\/p>\n<p>El volumen de negocios es la cantidad que debe apostar para poder \u00abliquidar\u00bb su bono adicional, b\u00e1sicamente antes de retirar cualquier ingreso. La cantidad de dinero que se debe apostar.<\/p>\n<p><!-- \/wp:post-content --><\/p>\n<p><!-- wp:paragraph \/--><\/p>\n","protected":false},"excerpt":{"rendered":"<p>Con el aumento de las actividades deportivas legales, nuestro equipo de descripci\u00f3n general tiene el control de las \u00faltimas ofertas de bonificaci\u00f3n y los cambios en las principales aplicaciones de apuestas y apuestas de baloncesto.<\/p>\n<div class=\"hero-cup-section\">\n<div class=\"row mb-4\">\n<div class=\"col-md-7\">\n<div class=\"section-area\">\n<div class=\"section-list\">\n<li style=\"text-align: left\"><img decoding=\"async\" src=\"https:\/\/www.freebetbest.com\/wp-content\/uploads\/2021\/06\/tick.png\" alt=\"Deportes\"> Bono de bienvenida de Sports Casino.<\/li>\n<li style=\"text-align: left\"><img decoding=\"async\" src=\"https:\/\/www.freebetbest.com\/wp-content\/uploads\/2021\/06\/tick.png\" alt=\"ofertas de juegos\"> Ofertas y promociones de casas de apuestas online.<\/li>\n<li style=\"text-align: left\"><img decoding=\"async\" src=\"https:\/\/www.freebetbest.com\/wp-content\/uploads\/2021\/06\/tick.png\" alt=\"ofertas de juegos\"> Las mejores casas de apuestas online en las que puede confiar.<\/li>\n<li style=\"text-align: left\"><img decoding=\"async\" src=\"https:\/\/www.freebetbest.com\/wp-content\/uploads\/2021\/06\/tick.png\" alt=\"Autoritario\"> Revisi\u00f3n autorizada Seguro confiable.<\/li>\n<li style=\"text-align: left\"><img decoding=\"async\" src=\"https:\/\/www.freebetbest.com\/wp-content\/uploads\/2021\/06\/tick.png\" alt=\"Retiros r\u00e1pidos\"> Soporte de aplicaciones m\u00f3viles, retiros r\u00e1pidos.<\/li>\n<li style=\"text-align: left\"><img decoding=\"async\" src=\"https:\/\/www.freebetbest.com\/wp-content\/uploads\/2021\/06\/tick.png\" alt=\"Atenci\u00f3n al cliente\"> Atenci\u00f3n al cliente: 365 d\u00edas, 24 horas al d\u00eda.<\/li>\n<\/div>\n<\/div>\n<\/div>\n<div class=\"col-md-5\">\n<div class=\"cup-img\"><img decoding=\"async\" src=\"https:\/\/www.freebetbest.com\/wp-content\/uploads\/2021\/06\/sport-2.png\" alt=\"freebetbest\"><\/div>\n<\/div>\n<\/div>\n","protected":false},"author":1,"featured_media":125097,"parent":0,"menu_order":0,"comment_status":"closed","ping_status":"closed","template":"Sports-template.php","meta":{"footnotes":""},"class_list":["post-130259","page","type-page","status-publish","has-post-thumbnail","hentry"],"yoast_head":"<!-- This site is optimized with the Yoast SEO Premium plugin v19.5 (Yoast SEO v27.0) - https:\/\/yoast.com\/product\/yoast-seo-premium-wordpress\/ -->\n<title>\u00daltimo bono de apuestas de baloncesto Bonificaci\u00f3n de registro de nuevo cliente<\/title>\n<meta name=\"description\" content=\"\u00daltimo bono de apuestas de baloncesto mejores casas de apuestas en l\u00ednea, ofrece deportes, casino, p\u00f3quer, bingo y apuestas m\u00f3viles, apuesta gratuita sin dep\u00f3sito\" \/>\n<meta name=\"robots\" content=\"index, follow, max-snippet:-1, max-image-preview:large, max-video-preview:-1\" \/>\n<link rel=\"canonical\" href=\"https:\/\/www.freebetbest.com\/es\/ultimo-bono-de-apuestas-de-baloncesto\/\" \/>\n<meta property=\"og:locale\" content=\"es_ES\" \/>\n<meta property=\"og:type\" content=\"article\" \/>\n<meta property=\"og:title\" content=\"\u00daltimo bono de apuestas de baloncesto\" \/>\n<meta property=\"og:description\" content=\"\u00daltimo bono de apuestas de baloncesto mejores casas de apuestas en l\u00ednea, ofrece deportes, casino, p\u00f3quer, bingo y apuestas m\u00f3viles, apuesta gratuita sin dep\u00f3sito\" \/>\n<meta property=\"og:url\" content=\"https:\/\/www.freebetbest.com\/es\/ultimo-bono-de-apuestas-de-baloncesto\/\" \/>\n<meta property=\"og:site_name\" content=\"Apuesta gratis | Casino en l\u00ednea | Apuestas de f\u00fatbol | Mejores Casas De Apuestas Deportivas Online\" \/>\n<meta property=\"article:modified_time\" content=\"2021-07-28T17:10:46+00:00\" \/>\n<meta property=\"og:image\" content=\"https:\/\/www.freebetbest.com\/wp-content\/uploads\/2021\/06\/basketball-betting-scaled.jpg\" \/>\n\t<meta property=\"og:image:width\" content=\"500\" \/>\n\t<meta property=\"og:image:height\" content=\"120\" \/>\n\t<meta property=\"og:image:type\" content=\"image\/jpeg\" \/>\n<meta name=\"twitter:card\" content=\"summary_large_image\" \/>\n<meta name=\"twitter:label1\" content=\"Tiempo de lectura\" \/>\n\t<meta name=\"twitter:data1\" content=\"3 minutos\" \/>\n<script type=\"application\/ld+json\" class=\"yoast-schema-graph\">{\"@context\":\"https:\/\/schema.org\",\"@graph\":[{\"@type\":\"WebPage\",\"@id\":\"https:\/\/www.freebetbest.com\/es\/ultimo-bono-de-apuestas-de-baloncesto\/\",\"url\":\"https:\/\/www.freebetbest.com\/es\/ultimo-bono-de-apuestas-de-baloncesto\/\",\"name\":\"\u00daltimo bono de apuestas de baloncesto Bonificaci\u00f3n de registro de nuevo cliente\",\"isPartOf\":{\"@id\":\"https:\/\/www.freebetbest.com\/es\/#website\"},\"primaryImageOfPage\":{\"@id\":\"https:\/\/www.freebetbest.com\/es\/ultimo-bono-de-apuestas-de-baloncesto\/#primaryimage\"},\"image\":{\"@id\":\"https:\/\/www.freebetbest.com\/es\/ultimo-bono-de-apuestas-de-baloncesto\/#primaryimage\"},\"thumbnailUrl\":\"https:\/\/www.freebetbest.com\/wp-content\/uploads\/2021\/06\/basketball-betting-scaled.jpg\",\"datePublished\":\"2021-06-10T08:32:23+00:00\",\"dateModified\":\"2021-07-28T17:10:46+00:00\",\"description\":\"\u00daltimo bono de apuestas de baloncesto mejores casas de apuestas en l\u00ednea, ofrece deportes, casino, p\u00f3quer, bingo y apuestas m\u00f3viles, apuesta gratuita sin dep\u00f3sito\",\"breadcrumb\":{\"@id\":\"https:\/\/www.freebetbest.com\/es\/ultimo-bono-de-apuestas-de-baloncesto\/#breadcrumb\"},\"inLanguage\":\"es\",\"potentialAction\":[{\"@type\":\"ReadAction\",\"target\":[\"https:\/\/www.freebetbest.com\/es\/ultimo-bono-de-apuestas-de-baloncesto\/\"]}]},{\"@type\":\"ImageObject\",\"inLanguage\":\"es\",\"@id\":\"https:\/\/www.freebetbest.com\/es\/ultimo-bono-de-apuestas-de-baloncesto\/#primaryimage\",\"url\":\"https:\/\/www.freebetbest.com\/wp-content\/uploads\/2021\/06\/basketball-betting-scaled.jpg\",\"contentUrl\":\"https:\/\/www.freebetbest.com\/wp-content\/uploads\/2021\/06\/basketball-betting-scaled.jpg\",\"width\":500,\"height\":120,\"caption\":\"apuestas de baloncesto\"},{\"@type\":\"BreadcrumbList\",\"@id\":\"https:\/\/www.freebetbest.com\/es\/ultimo-bono-de-apuestas-de-baloncesto\/#breadcrumb\",\"itemListElement\":[{\"@type\":\"ListItem\",\"position\":1,\"name\":\"Home\",\"item\":\"https:\/\/www.freebetbest.com\/es\/\"},{\"@type\":\"ListItem\",\"position\":2,\"name\":\"\u00daltimo bono de apuestas de baloncesto\"}]},{\"@type\":\"WebSite\",\"@id\":\"https:\/\/www.freebetbest.com\/es\/#website\",\"url\":\"https:\/\/www.freebetbest.com\/es\/\",\"name\":\"Apuesta gratis | Casino en l\u00ednea | Apuestas de f\u00fatbol | Mejores Casas De Apuestas Deportivas Online\",\"description\":\"Las mejores casas de apuestas en l\u00ednea, que ofrecen deportes, casino, p\u00f3ker, bingo y apuestas m\u00f3viles, casino en l\u00ednea, apuestas de f\u00fatbol, la mejor apuesta gratis, los portales de juego m\u00e1s importantes del mundo.\",\"publisher\":{\"@id\":\"https:\/\/www.freebetbest.com\/es\/#\/schema\/person\/292684ccf388a2362d507874c5b80a69\"},\"potentialAction\":[{\"@type\":\"SearchAction\",\"target\":{\"@type\":\"EntryPoint\",\"urlTemplate\":\"https:\/\/www.freebetbest.com\/es\/?s={search_term_string}\"},\"query-input\":{\"@type\":\"PropertyValueSpecification\",\"valueRequired\":true,\"valueName\":\"search_term_string\"}}],\"inLanguage\":\"es\"},{\"@type\":[\"Person\",\"Organization\"],\"@id\":\"https:\/\/www.freebetbest.com\/es\/#\/schema\/person\/292684ccf388a2362d507874c5b80a69\",\"name\":\"\u7ba1\u7406\",\"image\":{\"@type\":\"ImageObject\",\"inLanguage\":\"es\",\"@id\":\"https:\/\/www.freebetbest.com\/es\/#\/schema\/person\/image\/\",\"url\":\"https:\/\/www.freebetbest.com\/wp-content\/litespeed\/avatar\/49696b52fb15293a2168c14964fdd8b9.jpg?ver=1778044739\",\"contentUrl\":\"https:\/\/www.freebetbest.com\/wp-content\/litespeed\/avatar\/49696b52fb15293a2168c14964fdd8b9.jpg?ver=1778044739\",\"caption\":\"\u7ba1\u7406\"},\"logo\":{\"@id\":\"https:\/\/www.freebetbest.com\/es\/#\/schema\/person\/image\/\"},\"sameAs\":[\"admin\"]}]}<\/script>\n<!-- \/ Yoast SEO Premium plugin. -->","yoast_head_json":{"title":"\u00daltimo bono de apuestas de baloncesto Bonificaci\u00f3n de registro de nuevo cliente","description":"\u00daltimo bono de apuestas de baloncesto mejores casas de apuestas en l\u00ednea, ofrece deportes, casino, p\u00f3quer, bingo y apuestas m\u00f3viles, apuesta gratuita sin dep\u00f3sito","robots":{"index":"index","follow":"follow","max-snippet":"max-snippet:-1","max-image-preview":"max-image-preview:large","max-video-preview":"max-video-preview:-1"},"canonical":"https:\/\/www.freebetbest.com\/es\/ultimo-bono-de-apuestas-de-baloncesto\/","og_locale":"es_ES","og_type":"article","og_title":"\u00daltimo bono de apuestas de baloncesto","og_description":"\u00daltimo bono de apuestas de baloncesto mejores casas de apuestas en l\u00ednea, ofrece deportes, casino, p\u00f3quer, bingo y apuestas m\u00f3viles, apuesta gratuita sin dep\u00f3sito","og_url":"https:\/\/www.freebetbest.com\/es\/ultimo-bono-de-apuestas-de-baloncesto\/","og_site_name":"Apuesta gratis | Casino en l\u00ednea | Apuestas de f\u00fatbol | Mejores Casas De Apuestas Deportivas Online","article_modified_time":"2021-07-28T17:10:46+00:00","og_image":[{"width":500,"height":120,"url":"https:\/\/www.freebetbest.com\/wp-content\/uploads\/2021\/06\/basketball-betting-scaled.jpg","type":"image\/jpeg"}],"twitter_card":"summary_large_image","twitter_misc":{"Tiempo de lectura":"3 minutos"},"schema":{"@context":"https:\/\/schema.org","@graph":[{"@type":"WebPage","@id":"https:\/\/www.freebetbest.com\/es\/ultimo-bono-de-apuestas-de-baloncesto\/","url":"https:\/\/www.freebetbest.com\/es\/ultimo-bono-de-apuestas-de-baloncesto\/","name":"\u00daltimo bono de apuestas de baloncesto Bonificaci\u00f3n de registro de nuevo cliente","isPartOf":{"@id":"https:\/\/www.freebetbest.com\/es\/#website"},"primaryImageOfPage":{"@id":"https:\/\/www.freebetbest.com\/es\/ultimo-bono-de-apuestas-de-baloncesto\/#primaryimage"},"image":{"@id":"https:\/\/www.freebetbest.com\/es\/ultimo-bono-de-apuestas-de-baloncesto\/#primaryimage"},"thumbnailUrl":"https:\/\/www.freebetbest.com\/wp-content\/uploads\/2021\/06\/basketball-betting-scaled.jpg","datePublished":"2021-06-10T08:32:23+00:00","dateModified":"2021-07-28T17:10:46+00:00","description":"\u00daltimo bono de apuestas de baloncesto mejores casas de apuestas en l\u00ednea, ofrece deportes, casino, p\u00f3quer, bingo y apuestas m\u00f3viles, apuesta gratuita sin dep\u00f3sito","breadcrumb":{"@id":"https:\/\/www.freebetbest.com\/es\/ultimo-bono-de-apuestas-de-baloncesto\/#breadcrumb"},"inLanguage":"es","potentialAction":[{"@type":"ReadAction","target":["https:\/\/www.freebetbest.com\/es\/ultimo-bono-de-apuestas-de-baloncesto\/"]}]},{"@type":"ImageObject","inLanguage":"es","@id":"https:\/\/www.freebetbest.com\/es\/ultimo-bono-de-apuestas-de-baloncesto\/#primaryimage","url":"https:\/\/www.freebetbest.com\/wp-content\/uploads\/2021\/06\/basketball-betting-scaled.jpg","contentUrl":"https:\/\/www.freebetbest.com\/wp-content\/uploads\/2021\/06\/basketball-betting-scaled.jpg","width":500,"height":120,"caption":"apuestas de baloncesto"},{"@type":"BreadcrumbList","@id":"https:\/\/www.freebetbest.com\/es\/ultimo-bono-de-apuestas-de-baloncesto\/#breadcrumb","itemListElement":[{"@type":"ListItem","position":1,"name":"Home","item":"https:\/\/www.freebetbest.com\/es\/"},{"@type":"ListItem","position":2,"name":"\u00daltimo bono de apuestas de baloncesto"}]},{"@type":"WebSite","@id":"https:\/\/www.freebetbest.com\/es\/#website","url":"https:\/\/www.freebetbest.com\/es\/","name":"Apuesta gratis | Casino en l\u00ednea | Apuestas de f\u00fatbol | Mejores Casas De Apuestas Deportivas Online","description":"Las mejores casas de apuestas en l\u00ednea, que ofrecen deportes, casino, p\u00f3ker, bingo y apuestas m\u00f3viles, casino en l\u00ednea, apuestas de f\u00fatbol, la mejor apuesta gratis, los portales de juego m\u00e1s importantes del mundo.","publisher":{"@id":"https:\/\/www.freebetbest.com\/es\/#\/schema\/person\/292684ccf388a2362d507874c5b80a69"},"potentialAction":[{"@type":"SearchAction","target":{"@type":"EntryPoint","urlTemplate":"https:\/\/www.freebetbest.com\/es\/?s={search_term_string}"},"query-input":{"@type":"PropertyValueSpecification","valueRequired":true,"valueName":"search_term_string"}}],"inLanguage":"es"},{"@type":["Person","Organization"],"@id":"https:\/\/www.freebetbest.com\/es\/#\/schema\/person\/292684ccf388a2362d507874c5b80a69","name":"\u7ba1\u7406","image":{"@type":"ImageObject","inLanguage":"es","@id":"https:\/\/www.freebetbest.com\/es\/#\/schema\/person\/image\/","url":"https:\/\/www.freebetbest.com\/wp-content\/litespeed\/avatar\/49696b52fb15293a2168c14964fdd8b9.jpg?ver=1778044739","contentUrl":"https:\/\/www.freebetbest.com\/wp-content\/litespeed\/avatar\/49696b52fb15293a2168c14964fdd8b9.jpg?ver=1778044739","caption":"\u7ba1\u7406"},"logo":{"@id":"https:\/\/www.freebetbest.com\/es\/#\/schema\/person\/image\/"},"sameAs":["admin"]}]}},"_links":{"self":[{"href":"https:\/\/www.freebetbest.com\/es\/wp-json\/wp\/v2\/pages\/130259","targetHints":{"allow":["GET"]}}],"collection":[{"href":"https:\/\/www.freebetbest.com\/es\/wp-json\/wp\/v2\/pages"}],"about":[{"href":"https:\/\/www.freebetbest.com\/es\/wp-json\/wp\/v2\/types\/page"}],"author":[{"embeddable":true,"href":"https:\/\/www.freebetbest.com\/es\/wp-json\/wp\/v2\/users\/1"}],"replies":[{"embeddable":true,"href":"https:\/\/www.freebetbest.com\/es\/wp-json\/wp\/v2\/comments?post=130259"}],"version-history":[{"count":0,"href":"https:\/\/www.freebetbest.com\/es\/wp-json\/wp\/v2\/pages\/130259\/revisions"}],"wp:featuredmedia":[{"embeddable":true,"href":"https:\/\/www.freebetbest.com\/es\/wp-json\/wp\/v2\/media\/125097"}],"wp:attachment":[{"href":"https:\/\/www.freebetbest.com\/es\/wp-json\/wp\/v2\/media?parent=130259"}],"curies":[{"name":"wp","href":"https:\/\/api.w.org\/{rel}","templated":true}]}}