{"id":130186,"date":"2021-06-10T07:49:43","date_gmt":"2021-06-10T07:49:43","guid":{"rendered":"https:\/\/www.freebetbest.com\/ultimo-bono-de-apuestas-de-beisbol\/"},"modified":"2021-07-28T17:08:49","modified_gmt":"2021-07-28T17:08:49","slug":"ultimo-bono-de-apuestas-de-beisbol","status":"publish","type":"page","link":"https:\/\/www.freebetbest.com\/es\/ultimo-bono-de-apuestas-de-beisbol\/","title":{"rendered":"\u00daltimo bono de apuestas de b\u00e9isbol"},"content":{"rendered":"<h3 class=\"level_0\">\u00daltimo b\u00e9isbol<a href=\"https:\/\/www.freebetsinfo.co.uk\/free-bets\/\"> Bono de apuesta<\/a> juego de apuestas<\/h3>\n<p>Por ejemplo, si St. Louis es +150 y Cincinnati es -170, entonces Cincinnati es el equipo m\u00e1s popular y debe apostar $ 170 para ganar $ 100. Si apuesta $ 100 en St. Louis y ellos ganan, usted ganar\u00e1 $ 150. ciertamente. Puede utilizar la \u00faltima bonificaci\u00f3n de apuestas de b\u00e9isbol. Hacer una apuesta<\/p>\n<h3 class=\"level_0\">\u00daltimo bono de apuestas de b\u00e9isbol en un perdedor puede proporcionar ganancias significativas si logran lograr una sorpresa con tantos juegos de temporada regular<\/h3>\n<p class=\"level_0\">Es importante estar al tanto de las tendencias de los equipos e igualmente, prestar atenci\u00f3n a qui\u00e9n est\u00e1 jugando en cada equipo, particularmente al lanzador abridor. Busque entradas lanzadas, bases por bolas m\u00e1s hits por entrada lanzada, promedio de carreras limpias y victorias por encima de las estad\u00edsticas de jugadores de reemplazo para los lanzadores abridores para ayudar a decidir en qu\u00e9 equipo apostar.<\/p>\n<p class=\"level_0\">L\u00edneas de carrera L\u00edneas de carrera Una l\u00ednea de carrera de b\u00e9isbol es una apuesta de h\u00e1ndicap o spread de puntos. Las apuestas se basan en un margen de 1,5 puntos. Entonces, si Houston est\u00e1 en +1.5 carreras con probabilidades de +140 y Chicago est\u00e1 en -1.5 carreras -110, se requerir\u00eda una apuesta de $ 110 en Chicago para ganar $ 100 si ganan por 1.5 o m\u00e1s carreras. Le costar\u00eda $ 71.43 ganar $ 100 en una apuesta que Houston no perder\u00eda por m\u00e1s de una carrera.<\/p>\n<h3 class=\"level_0\">Las \u00faltimas <a href=\"https:\/\/www.freebetbest.com\/es\/sitios-de-apuestas\/\">l\u00edneas de carreras de bonificaci\u00f3n de apuestas de<\/a> b\u00e9isbol a menudo pueden tener probabilidades muy diferentes<\/h3>\n<p class=\"level_0\">que las apuestas de l\u00ednea de dinero, ya que ganar la apuesta requiere alcanzar un umbral de 1.5 puntos adem\u00e1s de ganar el juego, y perder el juego a\u00fan podr\u00eda resultar en una apuesta ganadora si el equipo no pierde por m\u00e1s del margen.<\/p>\n<p class=\"level_0\">Totales Totales \u00daltimas apuestas de b\u00e9isbol Los totales de bonificaci\u00f3n son apuestas basadas en el n\u00famero total de carreras anotadas en un juego. Usted apuesta a si el total de carreras ser\u00e1 por encima o por debajo de un n\u00famero establecido por los creadores de probabilidades. Si el over \/ under para Seattle y Filadelfia es 8, necesitar\u00e1 al menos 9 carreras anotadas para ganar el over y un m\u00e1ximo de 7 carreras anotadas para ganar el under.<\/p>\n<p class=\"level_0\">Si el resultado final es 4-5, para un total de 9 carreras y apostas por encima, ganar\u00e1s la apuesta.<\/p>\n<h3 class=\"level_0\">Los totales de b\u00e9isbol a menudo se establecen en un n\u00famero como 8.5.<\/h3>\n<p class=\"level_0\">Esto significa puntos totales. O tarda 8 veces o menos. para ganar por debajo del par, o se necesitan 9 veces. para ganar una gran victoria. Esto ayuda a evitar situaciones en las que la carrera final sea igual al total (lo que se denomina \u00abempujar\u00bb). Dado que esto no es ni por encima ni por debajo, se reembolsar\u00e1 el monto de la apuesta. Usa n\u00fameros enteros para el b\u00e9isbol. Las apuestas totales significan eso de vez en cuando. No habr\u00e1 ganadores ni perdedores. Parlays Parlays Las apuestas Parlay son una apuesta a m\u00faltiples resultados, y debe elegir el correcto.<\/p>\n<p class=\"level_0\">Todos los resultados ganar\u00e1n. Por ejemplo, si apuesta $ 100 en Nueva York y Los \u00c1ngeles, necesita que ambos equipos tomen. Para ganar la apuesta. Dado que debe apostar en toda la apuesta. Manejo correcto de cada resultado, la recompensa excesiva es un tipo de apuestas de b\u00e9isbol con mayor riesgo, pero proporcionar\u00e1 mayores retornos.<\/p>\n<p><!-- \/wp:post-content --><\/p>\n<p><!-- wp:paragraph \/--><\/p>\n","protected":false},"excerpt":{"rendered":"<p>Con todas las expansiones de los juegos de azar deportivos autorizados, nuestro equipo de descripci\u00f3n general controla todos los beneficios y cambios m\u00e1s recientes de las principales aplicaciones de juegos y apuestas de b\u00e9isbol.<\/p>\n<div class=\"hero-cup-section\">\n<div class=\"row mb-4\">\n<div class=\"col-md-7\">\n<div class=\"section-area\">\n<div class=\"section-list\">\n<li style=\"text-align: left\"><img decoding=\"async\" src=\"https:\/\/www.freebetbest.com\/wp-content\/uploads\/2021\/06\/tick.png\" alt=\"Deportes\"> Bono de bienvenida de Sports Casino.<\/li>\n<li style=\"text-align: left\"><img decoding=\"async\" src=\"https:\/\/www.freebetbest.com\/wp-content\/uploads\/2021\/06\/tick.png\" alt=\"ofertas de juegos\"> Ofertas y promociones de casas de apuestas online.<\/li>\n<li style=\"text-align: left\"><img decoding=\"async\" src=\"https:\/\/www.freebetbest.com\/wp-content\/uploads\/2021\/06\/tick.png\" alt=\"ofertas de juegos\"> Las mejores casas de apuestas online en las que puede confiar.<\/li>\n<li style=\"text-align: left\"><img decoding=\"async\" src=\"https:\/\/www.freebetbest.com\/wp-content\/uploads\/2021\/06\/tick.png\" alt=\"Autoritario\"> Revisi\u00f3n autorizada Seguro confiable.<\/li>\n<li style=\"text-align: left\"><img decoding=\"async\" src=\"https:\/\/www.freebetbest.com\/wp-content\/uploads\/2021\/06\/tick.png\" alt=\"Retiros r\u00e1pidos\"> Soporte de aplicaciones m\u00f3viles, retiros r\u00e1pidos.<\/li>\n<li style=\"text-align: left\"><img decoding=\"async\" src=\"https:\/\/www.freebetbest.com\/wp-content\/uploads\/2021\/06\/tick.png\" alt=\"Atenci\u00f3n al cliente\"> Atenci\u00f3n al cliente: 365 d\u00edas, 24 horas al d\u00eda.<\/li>\n<\/div>\n<\/div>\n<\/div>\n<div class=\"col-md-5\">\n<div class=\"cup-img\"><img decoding=\"async\" src=\"https:\/\/www.freebetbest.com\/wp-content\/uploads\/2021\/06\/Cricket-Betting.png\" alt=\"freebetbest\"><\/div>\n<\/div>\n<\/div>\n","protected":false},"author":1,"featured_media":125066,"parent":0,"menu_order":0,"comment_status":"closed","ping_status":"closed","template":"Spins-template.php","meta":{"footnotes":""},"class_list":["post-130186","page","type-page","status-publish","has-post-thumbnail","hentry"],"yoast_head":"<!-- This site is optimized with the Yoast SEO Premium plugin v19.5 (Yoast SEO v27.0) - https:\/\/yoast.com\/product\/yoast-seo-premium-wordpress\/ -->\n<title>\u00daltimo bono de apuestas de b\u00e9isbol Bonificaci\u00f3n de registro de nuevo cliente<\/title>\n<meta name=\"description\" content=\"\u00daltimo bono de apuestas de b\u00e9isbol Mejores casas de apuestas en l\u00ednea, \u00faltimo bono de apuestas de golf, p\u00f3quer, bingo y apuestas m\u00f3viles, apuesta gratuita sin dep\u00f3sito\" \/>\n<meta name=\"robots\" content=\"index, follow, max-snippet:-1, max-image-preview:large, max-video-preview:-1\" \/>\n<link rel=\"canonical\" href=\"https:\/\/www.freebetbest.com\/es\/ultimo-bono-de-apuestas-de-beisbol\/\" \/>\n<meta property=\"og:locale\" content=\"es_ES\" \/>\n<meta property=\"og:type\" content=\"article\" \/>\n<meta property=\"og:title\" content=\"\u00daltimo bono de apuestas de b\u00e9isbol\" \/>\n<meta property=\"og:description\" content=\"\u00daltimo bono de apuestas de b\u00e9isbol Mejores casas de apuestas en l\u00ednea, \u00faltimo bono de apuestas de golf, p\u00f3quer, bingo y apuestas m\u00f3viles, apuesta gratuita sin dep\u00f3sito\" \/>\n<meta property=\"og:url\" content=\"https:\/\/www.freebetbest.com\/es\/ultimo-bono-de-apuestas-de-beisbol\/\" \/>\n<meta property=\"og:site_name\" content=\"Apuesta gratis | Casino en l\u00ednea | Apuestas de f\u00fatbol | Mejores Casas De Apuestas Deportivas Online\" \/>\n<meta property=\"article:modified_time\" content=\"2021-07-28T17:08:49+00:00\" \/>\n<meta property=\"og:image\" content=\"https:\/\/www.freebetbest.com\/wp-content\/uploads\/2021\/06\/baseball-betting-scaled.jpg\" \/>\n\t<meta property=\"og:image:width\" content=\"464\" \/>\n\t<meta property=\"og:image:height\" content=\"180\" \/>\n\t<meta property=\"og:image:type\" content=\"image\/jpeg\" \/>\n<meta name=\"twitter:card\" content=\"summary_large_image\" \/>\n<meta name=\"twitter:label1\" content=\"Tiempo de lectura\" \/>\n\t<meta name=\"twitter:data1\" content=\"3 minutos\" \/>\n<script type=\"application\/ld+json\" class=\"yoast-schema-graph\">{\"@context\":\"https:\/\/schema.org\",\"@graph\":[{\"@type\":\"WebPage\",\"@id\":\"https:\/\/www.freebetbest.com\/es\/ultimo-bono-de-apuestas-de-beisbol\/\",\"url\":\"https:\/\/www.freebetbest.com\/es\/ultimo-bono-de-apuestas-de-beisbol\/\",\"name\":\"\u00daltimo bono de apuestas de b\u00e9isbol Bonificaci\u00f3n de registro de nuevo cliente\",\"isPartOf\":{\"@id\":\"https:\/\/www.freebetbest.com\/es\/#website\"},\"primaryImageOfPage\":{\"@id\":\"https:\/\/www.freebetbest.com\/es\/ultimo-bono-de-apuestas-de-beisbol\/#primaryimage\"},\"image\":{\"@id\":\"https:\/\/www.freebetbest.com\/es\/ultimo-bono-de-apuestas-de-beisbol\/#primaryimage\"},\"thumbnailUrl\":\"https:\/\/www.freebetbest.com\/wp-content\/uploads\/2021\/06\/baseball-betting-scaled.jpg\",\"datePublished\":\"2021-06-10T07:49:43+00:00\",\"dateModified\":\"2021-07-28T17:08:49+00:00\",\"description\":\"\u00daltimo bono de apuestas de b\u00e9isbol Mejores casas de apuestas en l\u00ednea, \u00faltimo bono de apuestas de golf, p\u00f3quer, bingo y apuestas m\u00f3viles, apuesta gratuita sin dep\u00f3sito\",\"breadcrumb\":{\"@id\":\"https:\/\/www.freebetbest.com\/es\/ultimo-bono-de-apuestas-de-beisbol\/#breadcrumb\"},\"inLanguage\":\"es\",\"potentialAction\":[{\"@type\":\"ReadAction\",\"target\":[\"https:\/\/www.freebetbest.com\/es\/ultimo-bono-de-apuestas-de-beisbol\/\"]}]},{\"@type\":\"ImageObject\",\"inLanguage\":\"es\",\"@id\":\"https:\/\/www.freebetbest.com\/es\/ultimo-bono-de-apuestas-de-beisbol\/#primaryimage\",\"url\":\"https:\/\/www.freebetbest.com\/wp-content\/uploads\/2021\/06\/baseball-betting-scaled.jpg\",\"contentUrl\":\"https:\/\/www.freebetbest.com\/wp-content\/uploads\/2021\/06\/baseball-betting-scaled.jpg\",\"width\":464,\"height\":180,\"caption\":\"apuestas de beisbol\"},{\"@type\":\"BreadcrumbList\",\"@id\":\"https:\/\/www.freebetbest.com\/es\/ultimo-bono-de-apuestas-de-beisbol\/#breadcrumb\",\"itemListElement\":[{\"@type\":\"ListItem\",\"position\":1,\"name\":\"Home\",\"item\":\"https:\/\/www.freebetbest.com\/es\/\"},{\"@type\":\"ListItem\",\"position\":2,\"name\":\"\u00daltimo bono de apuestas de b\u00e9isbol\"}]},{\"@type\":\"WebSite\",\"@id\":\"https:\/\/www.freebetbest.com\/es\/#website\",\"url\":\"https:\/\/www.freebetbest.com\/es\/\",\"name\":\"Apuesta gratis | Casino en l\u00ednea | Apuestas de f\u00fatbol | Mejores Casas De Apuestas Deportivas Online\",\"description\":\"Las mejores casas de apuestas en l\u00ednea, que ofrecen deportes, casino, p\u00f3ker, bingo y apuestas m\u00f3viles, casino en l\u00ednea, apuestas de f\u00fatbol, la mejor apuesta gratis, los portales de juego m\u00e1s importantes del mundo.\",\"publisher\":{\"@id\":\"https:\/\/www.freebetbest.com\/es\/#\/schema\/person\/292684ccf388a2362d507874c5b80a69\"},\"potentialAction\":[{\"@type\":\"SearchAction\",\"target\":{\"@type\":\"EntryPoint\",\"urlTemplate\":\"https:\/\/www.freebetbest.com\/es\/?s={search_term_string}\"},\"query-input\":{\"@type\":\"PropertyValueSpecification\",\"valueRequired\":true,\"valueName\":\"search_term_string\"}}],\"inLanguage\":\"es\"},{\"@type\":[\"Person\",\"Organization\"],\"@id\":\"https:\/\/www.freebetbest.com\/es\/#\/schema\/person\/292684ccf388a2362d507874c5b80a69\",\"name\":\"\u7ba1\u7406\",\"image\":{\"@type\":\"ImageObject\",\"inLanguage\":\"es\",\"@id\":\"https:\/\/www.freebetbest.com\/es\/#\/schema\/person\/image\/\",\"url\":\"https:\/\/www.freebetbest.com\/wp-content\/litespeed\/avatar\/49696b52fb15293a2168c14964fdd8b9.jpg?ver=1777439934\",\"contentUrl\":\"https:\/\/www.freebetbest.com\/wp-content\/litespeed\/avatar\/49696b52fb15293a2168c14964fdd8b9.jpg?ver=1777439934\",\"caption\":\"\u7ba1\u7406\"},\"logo\":{\"@id\":\"https:\/\/www.freebetbest.com\/es\/#\/schema\/person\/image\/\"},\"sameAs\":[\"admin\"]}]}<\/script>\n<!-- \/ Yoast SEO Premium plugin. -->","yoast_head_json":{"title":"\u00daltimo bono de apuestas de b\u00e9isbol Bonificaci\u00f3n de registro de nuevo cliente","description":"\u00daltimo bono de apuestas de b\u00e9isbol Mejores casas de apuestas en l\u00ednea, \u00faltimo bono de apuestas de golf, p\u00f3quer, bingo y apuestas m\u00f3viles, apuesta gratuita sin dep\u00f3sito","robots":{"index":"index","follow":"follow","max-snippet":"max-snippet:-1","max-image-preview":"max-image-preview:large","max-video-preview":"max-video-preview:-1"},"canonical":"https:\/\/www.freebetbest.com\/es\/ultimo-bono-de-apuestas-de-beisbol\/","og_locale":"es_ES","og_type":"article","og_title":"\u00daltimo bono de apuestas de b\u00e9isbol","og_description":"\u00daltimo bono de apuestas de b\u00e9isbol Mejores casas de apuestas en l\u00ednea, \u00faltimo bono de apuestas de golf, p\u00f3quer, bingo y apuestas m\u00f3viles, apuesta gratuita sin dep\u00f3sito","og_url":"https:\/\/www.freebetbest.com\/es\/ultimo-bono-de-apuestas-de-beisbol\/","og_site_name":"Apuesta gratis | Casino en l\u00ednea | Apuestas de f\u00fatbol | Mejores Casas De Apuestas Deportivas Online","article_modified_time":"2021-07-28T17:08:49+00:00","og_image":[{"width":464,"height":180,"url":"https:\/\/www.freebetbest.com\/wp-content\/uploads\/2021\/06\/baseball-betting-scaled.jpg","type":"image\/jpeg"}],"twitter_card":"summary_large_image","twitter_misc":{"Tiempo de lectura":"3 minutos"},"schema":{"@context":"https:\/\/schema.org","@graph":[{"@type":"WebPage","@id":"https:\/\/www.freebetbest.com\/es\/ultimo-bono-de-apuestas-de-beisbol\/","url":"https:\/\/www.freebetbest.com\/es\/ultimo-bono-de-apuestas-de-beisbol\/","name":"\u00daltimo bono de apuestas de b\u00e9isbol Bonificaci\u00f3n de registro de nuevo cliente","isPartOf":{"@id":"https:\/\/www.freebetbest.com\/es\/#website"},"primaryImageOfPage":{"@id":"https:\/\/www.freebetbest.com\/es\/ultimo-bono-de-apuestas-de-beisbol\/#primaryimage"},"image":{"@id":"https:\/\/www.freebetbest.com\/es\/ultimo-bono-de-apuestas-de-beisbol\/#primaryimage"},"thumbnailUrl":"https:\/\/www.freebetbest.com\/wp-content\/uploads\/2021\/06\/baseball-betting-scaled.jpg","datePublished":"2021-06-10T07:49:43+00:00","dateModified":"2021-07-28T17:08:49+00:00","description":"\u00daltimo bono de apuestas de b\u00e9isbol Mejores casas de apuestas en l\u00ednea, \u00faltimo bono de apuestas de golf, p\u00f3quer, bingo y apuestas m\u00f3viles, apuesta gratuita sin dep\u00f3sito","breadcrumb":{"@id":"https:\/\/www.freebetbest.com\/es\/ultimo-bono-de-apuestas-de-beisbol\/#breadcrumb"},"inLanguage":"es","potentialAction":[{"@type":"ReadAction","target":["https:\/\/www.freebetbest.com\/es\/ultimo-bono-de-apuestas-de-beisbol\/"]}]},{"@type":"ImageObject","inLanguage":"es","@id":"https:\/\/www.freebetbest.com\/es\/ultimo-bono-de-apuestas-de-beisbol\/#primaryimage","url":"https:\/\/www.freebetbest.com\/wp-content\/uploads\/2021\/06\/baseball-betting-scaled.jpg","contentUrl":"https:\/\/www.freebetbest.com\/wp-content\/uploads\/2021\/06\/baseball-betting-scaled.jpg","width":464,"height":180,"caption":"apuestas de beisbol"},{"@type":"BreadcrumbList","@id":"https:\/\/www.freebetbest.com\/es\/ultimo-bono-de-apuestas-de-beisbol\/#breadcrumb","itemListElement":[{"@type":"ListItem","position":1,"name":"Home","item":"https:\/\/www.freebetbest.com\/es\/"},{"@type":"ListItem","position":2,"name":"\u00daltimo bono de apuestas de b\u00e9isbol"}]},{"@type":"WebSite","@id":"https:\/\/www.freebetbest.com\/es\/#website","url":"https:\/\/www.freebetbest.com\/es\/","name":"Apuesta gratis | Casino en l\u00ednea | Apuestas de f\u00fatbol | Mejores Casas De Apuestas Deportivas Online","description":"Las mejores casas de apuestas en l\u00ednea, que ofrecen deportes, casino, p\u00f3ker, bingo y apuestas m\u00f3viles, casino en l\u00ednea, apuestas de f\u00fatbol, la mejor apuesta gratis, los portales de juego m\u00e1s importantes del mundo.","publisher":{"@id":"https:\/\/www.freebetbest.com\/es\/#\/schema\/person\/292684ccf388a2362d507874c5b80a69"},"potentialAction":[{"@type":"SearchAction","target":{"@type":"EntryPoint","urlTemplate":"https:\/\/www.freebetbest.com\/es\/?s={search_term_string}"},"query-input":{"@type":"PropertyValueSpecification","valueRequired":true,"valueName":"search_term_string"}}],"inLanguage":"es"},{"@type":["Person","Organization"],"@id":"https:\/\/www.freebetbest.com\/es\/#\/schema\/person\/292684ccf388a2362d507874c5b80a69","name":"\u7ba1\u7406","image":{"@type":"ImageObject","inLanguage":"es","@id":"https:\/\/www.freebetbest.com\/es\/#\/schema\/person\/image\/","url":"https:\/\/www.freebetbest.com\/wp-content\/litespeed\/avatar\/49696b52fb15293a2168c14964fdd8b9.jpg?ver=1777439934","contentUrl":"https:\/\/www.freebetbest.com\/wp-content\/litespeed\/avatar\/49696b52fb15293a2168c14964fdd8b9.jpg?ver=1777439934","caption":"\u7ba1\u7406"},"logo":{"@id":"https:\/\/www.freebetbest.com\/es\/#\/schema\/person\/image\/"},"sameAs":["admin"]}]}},"_links":{"self":[{"href":"https:\/\/www.freebetbest.com\/es\/wp-json\/wp\/v2\/pages\/130186","targetHints":{"allow":["GET"]}}],"collection":[{"href":"https:\/\/www.freebetbest.com\/es\/wp-json\/wp\/v2\/pages"}],"about":[{"href":"https:\/\/www.freebetbest.com\/es\/wp-json\/wp\/v2\/types\/page"}],"author":[{"embeddable":true,"href":"https:\/\/www.freebetbest.com\/es\/wp-json\/wp\/v2\/users\/1"}],"replies":[{"embeddable":true,"href":"https:\/\/www.freebetbest.com\/es\/wp-json\/wp\/v2\/comments?post=130186"}],"version-history":[{"count":0,"href":"https:\/\/www.freebetbest.com\/es\/wp-json\/wp\/v2\/pages\/130186\/revisions"}],"wp:featuredmedia":[{"embeddable":true,"href":"https:\/\/www.freebetbest.com\/es\/wp-json\/wp\/v2\/media\/125066"}],"wp:attachment":[{"href":"https:\/\/www.freebetbest.com\/es\/wp-json\/wp\/v2\/media?parent=130186"}],"curies":[{"name":"wp","href":"https:\/\/api.w.org\/{rel}","templated":true}]}}