{"id":130160,"date":"2021-06-10T14:40:50","date_gmt":"2021-06-10T14:40:50","guid":{"rendered":"https:\/\/www.freebetbest.com\/bono-corredores-de-apuestas-de-corea\/"},"modified":"2021-07-28T17:06:07","modified_gmt":"2021-07-28T17:06:07","slug":"bono-corredores-de-apuestas-de-corea","status":"publish","type":"page","link":"https:\/\/www.freebetbest.com\/es\/bono-corredores-de-apuestas-de-corea\/","title":{"rendered":"Bono de casas de apuestas de Corea"},"content":{"rendered":"<h2>Acerca del bono de corredores de apuestas de Corea<\/h2>\nBono de casas de apuestas de Corea. El mejor departamento de e-sports de League of Legends. Su competencia se lanz\u00f3 en 2012 y se considera que lo es. La liga residencial m\u00e1s fuerte del mundo, el equipo de Corea del Sur de 2013 a 2017. Gan\u00f3 el Campeonato Mundial de Story League cinco veces seguidas.\n<h2>Liga mundial de StarCraft II<a href=\"https:\/\/www.freebetbest.com\/latest-free-betting-bonus\/\"> Corredor de apuestas<\/a> Bonificaciones<\/h2>\nEl crecimiento de los deportes electr\u00f3nicos coreanos. Comenz\u00f3 a principios de la d\u00e9cada de 2000. Todos los juegos de StarCraft. A pesar de la creciente demanda de videojuegos, incluidos Kitchen Counterattack: Global Offensive, Dota 2 y League of Legends, StarCraft II eSports y GSL, todav\u00eda atrae a una gran cantidad de fan\u00e1ticos en Corea.\n<h3>Red comunitaria de bonificaci\u00f3n de casas de apuestas coreanas<\/h3>\nBonos de las empresas de apuestas coreanas. Gestion\u00f3 el cuarto juego en l\u00ednea del mundo, que se celebr\u00f3 en Yongin por primera vez en 2000. Llamada la competencia \u00abe-sports Olympics\u00bb. Se lleva a cabo una vez al a\u00f1o hasta 2013, y hay hasta 78 pa\u00edses. WCG planea recuperarse de la interrupci\u00f3n de 6 a 12 meses en 2019.\n<h3>Los mejores grupos de deportes electr\u00f3nicos de Corea del Sur<\/h3>\nCorea del Sur ha producido algunos. El equipo de deportes electr\u00f3nicos m\u00e1s exitoso del mundo. Los grupos conocidos en todo el mundo incluyen:\n<h3>Soporte de telecomunicaciones de Korea Gaming Corporation<\/h3>\nCon el apoyo de una de las principales empresas de telecomunicaciones de Corea del Sur, SK Telecom T1 est\u00e1 en la veterana Star League. Ha estado en una posici\u00f3n de liderazgo y sigue ganando con regularidad. Campe\u00f3n de StarCraft II. Al equipo tambi\u00e9n le gusta unirse a la alianza de historias. Obtuve resultados bastante buenos, de 2013 a 2016, 3 veces para reemplazar al campe\u00f3n de la comunidad Haha.\n<h3>Bono de juego de casa de apuestas de Corea<\/h3>\nKT Rolster, tambi\u00e9n financiado por la industria de telecomunicaciones de Corea. Conocido como \u00abmonta\u00f1a rusa\u00bb. Es un gigante en la escena de deportes electr\u00f3nicos de StarCraft. Ganaron 3 veces. La ahora desaparecida StarCraft Proleague, tambi\u00e9n le gustan algunos logros en el campo de las alianzas de historias, gan\u00f3 el campeonato de verano de la LCK en 2018.\n<h2>Bono de casas de apuestas de Corea Asistencia en l\u00ednea de Samsung<\/h2>\nUna de las marcas m\u00e1s famosas del mundo. Una de las pocas marcas de tecnolog\u00eda que en realidad fue la protagonista de los deportes electr\u00f3nicos coreanos desde 2000 hasta 2017. El equipo Samsung Galaxy tuvo un desempe\u00f1o particularmente destacado en League of Legends, en el LCK Spring Split 2014. Tuvo \u00e9xito y gan\u00f3 el Campeonato del Mundo de Lmao. En dos casos.\n<h3>Apuestas online en Corea del Sur<\/h3>\nLa Rep\u00fablica de Corea tiene una conexi\u00f3n interesante con los casinos. Despu\u00e9s del estallido de la pr\u00f3xima Guerra Mundial, todas las formas de juego fueron prohibidas despu\u00e9s de la fundaci\u00f3n de la naci\u00f3n. Los ciudadanos coreanos tambi\u00e9n fueron prohibidos en el pasado. Apuestas repetidas mientras viaja al extranjero.\n<h3>Utilice la billetera electr\u00f3nica para depositar en coreano<a href=\"https:\/\/www.freebetsinfo.co.uk\/free-bets\/\"> casas de apuestas<\/a><\/h3>\nAnte todo. Necesita una billetera electr\u00f3nica. Proporcionar financiaci\u00f3n para las empresas de juegos coreanas. Adem\u00e1s, despu\u00e9s de ganar dinero con \u00e9xito. Tambi\u00e9n necesita tener un presupuesto electr\u00f3nico para pagar. Los monederos electr\u00f3nicos son equivalentes a las instituciones financieras en l\u00ednea. Se recomienda que elija por fin el euro. Como moneda de su cuenta\n<h3>Env\u00ede fondos a empresas de juegos coreanas<\/h3>\nSimplemente reg\u00edstrese y podr\u00e1 usarlo despu\u00e9s de abrir una cuenta. Billetera electr\u00f3nica en l\u00ednea. Depositar efectivo. Cuando tiene banca de consumo en l\u00ednea, puede hacerlo en Internet. El dinero aparecer\u00e1 pronto. En su cuenta de casa de apuestas.\n\n<!-- \/wp:post-content -->","protected":false},"excerpt":{"rendered":"<p>El mejor bono de bienvenida para apuestas en Corea. Ofertas de casinos en l\u00ednea coreanos y bonos de bienvenida promocionales, la compa\u00f1\u00eda de apuestas en l\u00ednea m\u00e1s confiable.<\/p>\n<div class=\"hero-cup-section\">\n<div class=\"row mb-4\">\n<div class=\"col-md-7\">\n<div class=\"section-area\">\n<div class=\"section-list\">\n<li style=\"text-align: left\"><img decoding=\"async\" src=\"https:\/\/www.freebetbest.com\/wp-content\/uploads\/2021\/06\/tick.png\" alt=\"Deportes\"> Bono de bienvenida de Sports Casino.<\/li>\n<li style=\"text-align: left\"><img decoding=\"async\" src=\"https:\/\/www.freebetbest.com\/wp-content\/uploads\/2021\/06\/tick.png\" alt=\"ofertas de juegos\"> Ofertas y promociones de casas de apuestas online.<\/li>\n<li style=\"text-align: left\"><img decoding=\"async\" src=\"https:\/\/www.freebetbest.com\/wp-content\/uploads\/2021\/06\/tick.png\" alt=\"ofertas de juegos\"> Las mejores casas de apuestas online en las que puede confiar.<\/li>\n<li style=\"text-align: left\"><img decoding=\"async\" src=\"https:\/\/www.freebetbest.com\/wp-content\/uploads\/2021\/06\/tick.png\" alt=\"Autoritario\"> Revisi\u00f3n autorizada Seguro confiable.<\/li>\n<li style=\"text-align: left\"><img decoding=\"async\" src=\"https:\/\/www.freebetbest.com\/wp-content\/uploads\/2021\/06\/tick.png\" alt=\"Retiros r\u00e1pidos\"> Soporte de aplicaciones m\u00f3viles, retiros r\u00e1pidos.<\/li>\n<li style=\"text-align: left\"><img decoding=\"async\" src=\"https:\/\/www.freebetbest.com\/wp-content\/uploads\/2021\/06\/tick.png\" alt=\"Atenci\u00f3n al cliente\"> Atenci\u00f3n al cliente: 365 d\u00edas, 24 horas al d\u00eda.<\/li>\n<\/div>\n<\/div>\n<\/div>\n<div class=\"col-md-5\">\n<div class=\"cup-img\"><img decoding=\"async\" src=\"https:\/\/www.freebetbest.com\/wp-content\/uploads\/2021\/06\/korea11.png\" alt=\"freebetbest\"><\/div>\n<\/div>\n<\/div>\n","protected":false},"author":1,"featured_media":125276,"parent":0,"menu_order":0,"comment_status":"closed","ping_status":"closed","template":"Korea-template.php","meta":{"footnotes":""},"class_list":["post-130160","page","type-page","status-publish","has-post-thumbnail","hentry"],"yoast_head":"<!-- This site is optimized with the Yoast SEO Premium plugin v19.5 (Yoast SEO v27.0) - https:\/\/yoast.com\/product\/yoast-seo-premium-wordpress\/ -->\n<title>Bono de casas de apuestas de Corea , promoci\u00f3n de dep\u00f3sito por primera vez<\/title>\n<meta name=\"description\" content=\"Bono de casas de apuestas de Corea , Apuesta gratis Bono sin dep\u00f3sito, bienvenido C\u00f3digo de bono de primer dep\u00f3sito, C\u00f3digo de bono de registro. Reclame su bono de bienvenida hoy\" \/>\n<meta name=\"robots\" content=\"index, follow, max-snippet:-1, max-image-preview:large, max-video-preview:-1\" \/>\n<link rel=\"canonical\" href=\"https:\/\/www.freebetbest.com\/es\/bono-corredores-de-apuestas-de-corea\/\" \/>\n<meta property=\"og:locale\" content=\"es_ES\" \/>\n<meta property=\"og:type\" content=\"article\" \/>\n<meta property=\"og:title\" content=\"Bono de casas de apuestas de Corea\" \/>\n<meta property=\"og:description\" content=\"Bono de casas de apuestas de Corea , Apuesta gratis Bono sin dep\u00f3sito, bienvenido C\u00f3digo de bono de primer dep\u00f3sito, C\u00f3digo de bono de registro. Reclame su bono de bienvenida hoy\" \/>\n<meta property=\"og:url\" content=\"https:\/\/www.freebetbest.com\/es\/bono-corredores-de-apuestas-de-corea\/\" \/>\n<meta property=\"og:site_name\" content=\"Apuesta gratis | Casino en l\u00ednea | Apuestas de f\u00fatbol | Mejores Casas De Apuestas Deportivas Online\" \/>\n<meta property=\"article:modified_time\" content=\"2021-07-28T17:06:07+00:00\" \/>\n<meta property=\"og:image\" content=\"https:\/\/www.freebetbest.com\/wp-content\/uploads\/2021\/06\/Bookmakers-scaled.jpg\" \/>\n\t<meta property=\"og:image:width\" content=\"417\" \/>\n\t<meta property=\"og:image:height\" content=\"180\" \/>\n\t<meta property=\"og:image:type\" content=\"image\/jpeg\" \/>\n<meta name=\"twitter:card\" content=\"summary_large_image\" \/>\n<meta name=\"twitter:label1\" content=\"Tiempo de lectura\" \/>\n\t<meta name=\"twitter:data1\" content=\"3 minutos\" \/>\n<script type=\"application\/ld+json\" class=\"yoast-schema-graph\">{\"@context\":\"https:\/\/schema.org\",\"@graph\":[{\"@type\":\"WebPage\",\"@id\":\"https:\/\/www.freebetbest.com\/es\/bono-corredores-de-apuestas-de-corea\/\",\"url\":\"https:\/\/www.freebetbest.com\/es\/bono-corredores-de-apuestas-de-corea\/\",\"name\":\"Bono de casas de apuestas de Corea , promoci\u00f3n de dep\u00f3sito por primera vez\",\"isPartOf\":{\"@id\":\"https:\/\/www.freebetbest.com\/es\/#website\"},\"primaryImageOfPage\":{\"@id\":\"https:\/\/www.freebetbest.com\/es\/bono-corredores-de-apuestas-de-corea\/#primaryimage\"},\"image\":{\"@id\":\"https:\/\/www.freebetbest.com\/es\/bono-corredores-de-apuestas-de-corea\/#primaryimage\"},\"thumbnailUrl\":\"https:\/\/www.freebetbest.com\/wp-content\/uploads\/2021\/06\/Bookmakers-scaled.jpg\",\"datePublished\":\"2021-06-10T14:40:50+00:00\",\"dateModified\":\"2021-07-28T17:06:07+00:00\",\"description\":\"Bono de casas de apuestas de Corea , Apuesta gratis Bono sin dep\u00f3sito, bienvenido C\u00f3digo de bono de primer dep\u00f3sito, C\u00f3digo de bono de registro. Reclame su bono de bienvenida hoy\",\"breadcrumb\":{\"@id\":\"https:\/\/www.freebetbest.com\/es\/bono-corredores-de-apuestas-de-corea\/#breadcrumb\"},\"inLanguage\":\"es\",\"potentialAction\":[{\"@type\":\"ReadAction\",\"target\":[\"https:\/\/www.freebetbest.com\/es\/bono-corredores-de-apuestas-de-corea\/\"]}]},{\"@type\":\"ImageObject\",\"inLanguage\":\"es\",\"@id\":\"https:\/\/www.freebetbest.com\/es\/bono-corredores-de-apuestas-de-corea\/#primaryimage\",\"url\":\"https:\/\/www.freebetbest.com\/wp-content\/uploads\/2021\/06\/Bookmakers-scaled.jpg\",\"contentUrl\":\"https:\/\/www.freebetbest.com\/wp-content\/uploads\/2021\/06\/Bookmakers-scaled.jpg\",\"width\":417,\"height\":180,\"caption\":\"Bono de los corredores de apuestas de China\"},{\"@type\":\"BreadcrumbList\",\"@id\":\"https:\/\/www.freebetbest.com\/es\/bono-corredores-de-apuestas-de-corea\/#breadcrumb\",\"itemListElement\":[{\"@type\":\"ListItem\",\"position\":1,\"name\":\"Home\",\"item\":\"https:\/\/www.freebetbest.com\/es\/\"},{\"@type\":\"ListItem\",\"position\":2,\"name\":\"Bono de casas de apuestas de Corea\"}]},{\"@type\":\"WebSite\",\"@id\":\"https:\/\/www.freebetbest.com\/es\/#website\",\"url\":\"https:\/\/www.freebetbest.com\/es\/\",\"name\":\"Apuesta gratis | Casino en l\u00ednea | Apuestas de f\u00fatbol | Mejores Casas De Apuestas Deportivas Online\",\"description\":\"Las mejores casas de apuestas en l\u00ednea, que ofrecen deportes, casino, p\u00f3ker, bingo y apuestas m\u00f3viles, casino en l\u00ednea, apuestas de f\u00fatbol, la mejor apuesta gratis, los portales de juego m\u00e1s importantes del mundo.\",\"publisher\":{\"@id\":\"https:\/\/www.freebetbest.com\/es\/#\/schema\/person\/292684ccf388a2362d507874c5b80a69\"},\"potentialAction\":[{\"@type\":\"SearchAction\",\"target\":{\"@type\":\"EntryPoint\",\"urlTemplate\":\"https:\/\/www.freebetbest.com\/es\/?s={search_term_string}\"},\"query-input\":{\"@type\":\"PropertyValueSpecification\",\"valueRequired\":true,\"valueName\":\"search_term_string\"}}],\"inLanguage\":\"es\"},{\"@type\":[\"Person\",\"Organization\"],\"@id\":\"https:\/\/www.freebetbest.com\/es\/#\/schema\/person\/292684ccf388a2362d507874c5b80a69\",\"name\":\"\u7ba1\u7406\",\"image\":{\"@type\":\"ImageObject\",\"inLanguage\":\"es\",\"@id\":\"https:\/\/www.freebetbest.com\/es\/#\/schema\/person\/image\/\",\"url\":\"https:\/\/www.freebetbest.com\/wp-content\/litespeed\/avatar\/49696b52fb15293a2168c14964fdd8b9.jpg?ver=1777439934\",\"contentUrl\":\"https:\/\/www.freebetbest.com\/wp-content\/litespeed\/avatar\/49696b52fb15293a2168c14964fdd8b9.jpg?ver=1777439934\",\"caption\":\"\u7ba1\u7406\"},\"logo\":{\"@id\":\"https:\/\/www.freebetbest.com\/es\/#\/schema\/person\/image\/\"},\"sameAs\":[\"admin\"]}]}<\/script>\n<!-- \/ Yoast SEO Premium plugin. -->","yoast_head_json":{"title":"Bono de casas de apuestas de Corea , promoci\u00f3n de dep\u00f3sito por primera vez","description":"Bono de casas de apuestas de Corea , Apuesta gratis Bono sin dep\u00f3sito, bienvenido C\u00f3digo de bono de primer dep\u00f3sito, C\u00f3digo de bono de registro. Reclame su bono de bienvenida hoy","robots":{"index":"index","follow":"follow","max-snippet":"max-snippet:-1","max-image-preview":"max-image-preview:large","max-video-preview":"max-video-preview:-1"},"canonical":"https:\/\/www.freebetbest.com\/es\/bono-corredores-de-apuestas-de-corea\/","og_locale":"es_ES","og_type":"article","og_title":"Bono de casas de apuestas de Corea","og_description":"Bono de casas de apuestas de Corea , Apuesta gratis Bono sin dep\u00f3sito, bienvenido C\u00f3digo de bono de primer dep\u00f3sito, C\u00f3digo de bono de registro. Reclame su bono de bienvenida hoy","og_url":"https:\/\/www.freebetbest.com\/es\/bono-corredores-de-apuestas-de-corea\/","og_site_name":"Apuesta gratis | Casino en l\u00ednea | Apuestas de f\u00fatbol | Mejores Casas De Apuestas Deportivas Online","article_modified_time":"2021-07-28T17:06:07+00:00","og_image":[{"width":417,"height":180,"url":"https:\/\/www.freebetbest.com\/wp-content\/uploads\/2021\/06\/Bookmakers-scaled.jpg","type":"image\/jpeg"}],"twitter_card":"summary_large_image","twitter_misc":{"Tiempo de lectura":"3 minutos"},"schema":{"@context":"https:\/\/schema.org","@graph":[{"@type":"WebPage","@id":"https:\/\/www.freebetbest.com\/es\/bono-corredores-de-apuestas-de-corea\/","url":"https:\/\/www.freebetbest.com\/es\/bono-corredores-de-apuestas-de-corea\/","name":"Bono de casas de apuestas de Corea , promoci\u00f3n de dep\u00f3sito por primera vez","isPartOf":{"@id":"https:\/\/www.freebetbest.com\/es\/#website"},"primaryImageOfPage":{"@id":"https:\/\/www.freebetbest.com\/es\/bono-corredores-de-apuestas-de-corea\/#primaryimage"},"image":{"@id":"https:\/\/www.freebetbest.com\/es\/bono-corredores-de-apuestas-de-corea\/#primaryimage"},"thumbnailUrl":"https:\/\/www.freebetbest.com\/wp-content\/uploads\/2021\/06\/Bookmakers-scaled.jpg","datePublished":"2021-06-10T14:40:50+00:00","dateModified":"2021-07-28T17:06:07+00:00","description":"Bono de casas de apuestas de Corea , Apuesta gratis Bono sin dep\u00f3sito, bienvenido C\u00f3digo de bono de primer dep\u00f3sito, C\u00f3digo de bono de registro. Reclame su bono de bienvenida hoy","breadcrumb":{"@id":"https:\/\/www.freebetbest.com\/es\/bono-corredores-de-apuestas-de-corea\/#breadcrumb"},"inLanguage":"es","potentialAction":[{"@type":"ReadAction","target":["https:\/\/www.freebetbest.com\/es\/bono-corredores-de-apuestas-de-corea\/"]}]},{"@type":"ImageObject","inLanguage":"es","@id":"https:\/\/www.freebetbest.com\/es\/bono-corredores-de-apuestas-de-corea\/#primaryimage","url":"https:\/\/www.freebetbest.com\/wp-content\/uploads\/2021\/06\/Bookmakers-scaled.jpg","contentUrl":"https:\/\/www.freebetbest.com\/wp-content\/uploads\/2021\/06\/Bookmakers-scaled.jpg","width":417,"height":180,"caption":"Bono de los corredores de apuestas de China"},{"@type":"BreadcrumbList","@id":"https:\/\/www.freebetbest.com\/es\/bono-corredores-de-apuestas-de-corea\/#breadcrumb","itemListElement":[{"@type":"ListItem","position":1,"name":"Home","item":"https:\/\/www.freebetbest.com\/es\/"},{"@type":"ListItem","position":2,"name":"Bono de casas de apuestas de Corea"}]},{"@type":"WebSite","@id":"https:\/\/www.freebetbest.com\/es\/#website","url":"https:\/\/www.freebetbest.com\/es\/","name":"Apuesta gratis | Casino en l\u00ednea | Apuestas de f\u00fatbol | Mejores Casas De Apuestas Deportivas Online","description":"Las mejores casas de apuestas en l\u00ednea, que ofrecen deportes, casino, p\u00f3ker, bingo y apuestas m\u00f3viles, casino en l\u00ednea, apuestas de f\u00fatbol, la mejor apuesta gratis, los portales de juego m\u00e1s importantes del mundo.","publisher":{"@id":"https:\/\/www.freebetbest.com\/es\/#\/schema\/person\/292684ccf388a2362d507874c5b80a69"},"potentialAction":[{"@type":"SearchAction","target":{"@type":"EntryPoint","urlTemplate":"https:\/\/www.freebetbest.com\/es\/?s={search_term_string}"},"query-input":{"@type":"PropertyValueSpecification","valueRequired":true,"valueName":"search_term_string"}}],"inLanguage":"es"},{"@type":["Person","Organization"],"@id":"https:\/\/www.freebetbest.com\/es\/#\/schema\/person\/292684ccf388a2362d507874c5b80a69","name":"\u7ba1\u7406","image":{"@type":"ImageObject","inLanguage":"es","@id":"https:\/\/www.freebetbest.com\/es\/#\/schema\/person\/image\/","url":"https:\/\/www.freebetbest.com\/wp-content\/litespeed\/avatar\/49696b52fb15293a2168c14964fdd8b9.jpg?ver=1777439934","contentUrl":"https:\/\/www.freebetbest.com\/wp-content\/litespeed\/avatar\/49696b52fb15293a2168c14964fdd8b9.jpg?ver=1777439934","caption":"\u7ba1\u7406"},"logo":{"@id":"https:\/\/www.freebetbest.com\/es\/#\/schema\/person\/image\/"},"sameAs":["admin"]}]}},"_links":{"self":[{"href":"https:\/\/www.freebetbest.com\/es\/wp-json\/wp\/v2\/pages\/130160","targetHints":{"allow":["GET"]}}],"collection":[{"href":"https:\/\/www.freebetbest.com\/es\/wp-json\/wp\/v2\/pages"}],"about":[{"href":"https:\/\/www.freebetbest.com\/es\/wp-json\/wp\/v2\/types\/page"}],"author":[{"embeddable":true,"href":"https:\/\/www.freebetbest.com\/es\/wp-json\/wp\/v2\/users\/1"}],"replies":[{"embeddable":true,"href":"https:\/\/www.freebetbest.com\/es\/wp-json\/wp\/v2\/comments?post=130160"}],"version-history":[{"count":0,"href":"https:\/\/www.freebetbest.com\/es\/wp-json\/wp\/v2\/pages\/130160\/revisions"}],"wp:featuredmedia":[{"embeddable":true,"href":"https:\/\/www.freebetbest.com\/es\/wp-json\/wp\/v2\/media\/125276"}],"wp:attachment":[{"href":"https:\/\/www.freebetbest.com\/es\/wp-json\/wp\/v2\/media?parent=130160"}],"curies":[{"name":"wp","href":"https:\/\/api.w.org\/{rel}","templated":true}]}}