{"id":129356,"date":"2021-06-10T10:04:52","date_gmt":"2021-06-10T10:04:52","guid":{"rendered":"https:\/\/www.freebetbest.com\/bonificacion-corredores-de-apuestas-japon\/"},"modified":"2021-07-29T10:31:19","modified_gmt":"2021-07-29T10:31:19","slug":"bono-de-casas-de-apuestas-de-jap%c3%b3n","status":"publish","type":"page","link":"https:\/\/www.freebetbest.com\/es\/bono-de-casas-de-apuestas-de-jap%c3%b3n\/","title":{"rendered":"Bono de casas de apuestas de Jap\u00f3n"},"content":{"rendered":"<h2>Mejor sitio de bonificaci\u00f3n de casas de apuestas de Jap\u00f3n<\/h2>\nProporcionamos enlaces. Ayudarle a registrarse para obtener una cuenta gratuita. Y c\u00f3mo registrarse en el menor tiempo posible, c\u00f3mo obtener la bonificaci\u00f3n de las casas de apuestas de Jap\u00f3n. Y bienvenidos bonificaciones gratuitas.\n\nLa actividad de adivinanzas m\u00e1s com\u00fan en Jap\u00f3n es el b\u00e9isbol. Se hacen muchas apuestas sobre el resultado del juego m\u00e1s importante todos los d\u00edas.\n\n\u00bfConoce las opciones disponibles para<a href=\"https:\/\/www.freebetbest.com\/latest-free-betting-bonus\/\"> apuestas Deportivas<\/a> \u00bfen Jap\u00f3n? Este art\u00edculo aclara todo esto. En esta p\u00e1gina, nuestro equipo de expertos analiz\u00f3 los principales sitios web y programas y revel\u00f3 el sitio web de juegos m\u00e1s grande de Jap\u00f3n.\n<h3>El juego en China tiene un pasado hist\u00f3rico \u00fanico y fascinante.<\/h3>\nLos espectadores se reunieron en n\u00fameros de tel\u00e9fono para ver eventos deportivos, peleas y ex\u00e1menes de ritmo o energ\u00eda, y apostaron fondos o art\u00edculos en el resultado. La situaci\u00f3n de las apuestas es de casinos en l\u00ednea abiertos por occidentales. Juega juegos de tarjetas de cr\u00e9dito en l\u00ednea.\n<h3>Guiando la direcci\u00f3n y lo m\u00e1s importante en los tiempos modernos.<\/h3>\nBono de casas de apuestas de Jap\u00f3n. Es completamente diferente cuando se trata de reducir el riesgo. La apuesta es a trav\u00e9s de apuestas online,\n<h3>Bono de casas de apuestas de Jap\u00f3n La mayor\u00eda de las apuestas siguen siendo legales.<\/h3>\nNo hay forma de detener esos planes desde ahora. La apuesta m\u00e1s convincente es la persona que obtiene ganancias. La gran mayor\u00eda de las apuestas se invierten en empresas de apuestas legales.\n<h3>Bono de casas de apuestas de Jap\u00f3n Jugar online en Jap\u00f3n<\/h3>\nEl reconocimiento de los juegos en Internet sigue creciendo en Jap\u00f3n. Ciertamente, el mercado de deportes en l\u00ednea es mucho m\u00e1s competitivo ahora que en el pasado, pero esa es una informaci\u00f3n maravillosa para los apostadores. Tienes la opci\u00f3n de elegir con qu\u00e9 casa de apuestas apostar.\n<h3>Bono de casas de apuestas de Jap\u00f3n<a href=\"https:\/\/www.freebetsinfo.co.uk\/free-bets\/\"> Apuestas deportivas online<\/a><\/h3>\nTambi\u00e9n est\u00e1 apostando Jap\u00f3n. Un pasatiempo que miles de personas aprecian. Ya lo hemos obtenido. Una gran cantidad de p\u00e1ginas de sugerencias. Te ayudamos en las apuestas deportivas, pero tambi\u00e9n te lo proporcionamos. El mejor bono de casa de apuestas japon\u00e9s del mundo.\n\nTodas las casas de apuestas japonesas. Ambos protegen los campeonatos comunitarios y federales, como la J1 League y la NPB, as\u00ed como los Juegos Ol\u00edmpicos, la Copa del Mundo y la UEFA Champions League. Varias otras actividades deportivas importantes, como ligas. Grandes acontecimientos del mundo.\n\nSi planeas hacerlo. Apostar en eventos peque\u00f1os en Jap\u00f3n, leer diferentes tipos de formatos de probabilidades o adivinar el pr\u00f3ximo campe\u00f3n de la Copa del Mundo de baloncesto, no es ning\u00fan problema. Todos estos pueden estar en formato. Completado en nuestra lista de casas de apuestas japonesas.\n<h3>Casinos online en Jap\u00f3n<\/h3>\nParticipa en casinos online. Como alternativa a la versi\u00f3n de la vida real. tiene muchos beneficios. En primer lugar, puede participar. Disfr\u00fatelo en casa o mientras viaja, para que sea m\u00e1s f\u00e1cil. Adem\u00e1s, al igual que los de la vida diaria real. En conclusi\u00f3n, personas que han jugado en casinos en Internet. Como lo sabe, las apuestas pueden resultar abrumadoras.\n\nComo t\u00edtulo del juego con crupier en vivo, el establecimiento de juego en casa. La experiencia pr\u00e1ctica se vuelve tan efectiva como los productos genuinos. Puede jugar al blackjack, la ruleta, el baccarat y otros juegos, dejar que personas reales satisfagan sus necesidades y vivir en un casino real.\n<h3>Opciones de inversi\u00f3n de bonificaci\u00f3n de casas de apuestas de Jap\u00f3n<\/h3>\nsabemos. Puede entrar y salir f\u00e1cilmente utilizando los m\u00e9todos que m\u00e1s le convengan, lo cual es muy importante en los juegos de azar en l\u00ednea. Es por eso. Queremos hacer nuestro mejor esfuerzo. En conclusi\u00f3n, te traemos varios sitios web que brindan una amplia gama de opciones bancarias para los atletas japoneses.\n\n<!-- \/wp:post-content -->","protected":false},"excerpt":{"rendered":"<p>Reg\u00edstrese para obtener una cuenta gratuita y reg\u00edstrese en el menor tiempo posible, y descubra c\u00f3mo obtener el mejor bono de bienvenida y el bono gratis ya preparados.<\/p>\n<div class=\"hero-cup-section\">\n<div class=\"row mb-4\">\n<div class=\"col-md-7\">\n<div class=\"section-area\">\n<div class=\"section-list\">\n<li style=\"text-align: left\"><img decoding=\"async\" src=\"https:\/\/www.freebetbest.com\/wp-content\/uploads\/2021\/06\/tick.png\" alt=\"Deportes\"> Bono de bienvenida de Sports Casino.<\/li>\n<li style=\"text-align: left\"><img decoding=\"async\" src=\"https:\/\/www.freebetbest.com\/wp-content\/uploads\/2021\/06\/tick.png\" alt=\"ofertas de juegos\"> Ofertas y promociones de casas de apuestas online.<\/li>\n<li style=\"text-align: left\"><img decoding=\"async\" src=\"https:\/\/www.freebetbest.com\/wp-content\/uploads\/2021\/06\/tick.png\" alt=\"ofertas de juegos\"> Las mejores casas de apuestas online en las que puede confiar.<\/li>\n<li style=\"text-align: left\"><img decoding=\"async\" src=\"https:\/\/www.freebetbest.com\/wp-content\/uploads\/2021\/06\/tick.png\" alt=\"Autoritario\"> Revisi\u00f3n autorizada Seguro confiable.<\/li>\n<li style=\"text-align: left\"><img decoding=\"async\" src=\"https:\/\/www.freebetbest.com\/wp-content\/uploads\/2021\/06\/tick.png\" alt=\"Retiros r\u00e1pidos\"> Soporte de aplicaciones m\u00f3viles, retiros r\u00e1pidos.<\/li>\n<li style=\"text-align: left\"><img decoding=\"async\" src=\"https:\/\/www.freebetbest.com\/wp-content\/uploads\/2021\/06\/tick.png\" alt=\"Atenci\u00f3n al cliente\"> Atenci\u00f3n al cliente: 365 d\u00edas, 24 horas al d\u00eda.<\/li>\n<\/div>\n<\/div>\n<\/div>\n<div class=\"col-md-5\">\n<div class=\"cup-img\"><img decoding=\"async\" src=\"https:\/\/www.freebetbest.com\/wp-content\/uploads\/2021\/06\/japan1-1.png\" alt=\"freebetbest\"><\/div>\n<\/div>\n<\/div>\n","protected":false},"author":1,"featured_media":125276,"parent":0,"menu_order":0,"comment_status":"closed","ping_status":"closed","template":"japan-template.php","meta":{"footnotes":""},"class_list":["post-129356","page","type-page","status-publish","has-post-thumbnail","hentry"],"yoast_head":"<!-- This site is optimized with the Yoast SEO Premium plugin v19.5 (Yoast SEO v27.5) - https:\/\/yoast.com\/product\/yoast-seo-premium-wordpress\/ -->\n<title>Bono de casas de apuestas de Jap\u00f3n , promoci\u00f3n de dep\u00f3sito por primera vez<\/title>\n<meta name=\"description\" content=\"Bono de casas de apuestas de Jap\u00f3n , apuesta gratis sin bono de dep\u00f3sito, las mejores ofertas de apuestas gratis online Las mejores probabilidades para las apuestas deportivas. Ofertas exclusivas. Mejores cr\u00edticas.\" \/>\n<meta name=\"robots\" content=\"index, follow, max-snippet:-1, max-image-preview:large, max-video-preview:-1\" \/>\n<link rel=\"canonical\" href=\"https:\/\/www.freebetbest.com\/es\/bono-de-casas-de-apuestas-de-jap%c3%b3n\/\" \/>\n<meta property=\"og:locale\" content=\"es_ES\" \/>\n<meta property=\"og:type\" content=\"article\" \/>\n<meta property=\"og:title\" content=\"Bono de casas de apuestas de Jap\u00f3n\" \/>\n<meta property=\"og:description\" content=\"Bono de casas de apuestas de Jap\u00f3n , apuesta gratis sin bono de dep\u00f3sito, las mejores ofertas de apuestas gratis online Las mejores probabilidades para las apuestas deportivas. Ofertas exclusivas. Mejores cr\u00edticas.\" \/>\n<meta property=\"og:url\" content=\"https:\/\/www.freebetbest.com\/es\/bono-de-casas-de-apuestas-de-jap%c3%b3n\/\" \/>\n<meta property=\"og:site_name\" content=\"Apuesta gratis | Casino en l\u00ednea | Apuestas de f\u00fatbol | Mejores Casas De Apuestas Deportivas Online\" \/>\n<meta property=\"article:modified_time\" content=\"2021-07-29T10:31:19+00:00\" \/>\n<meta property=\"og:image\" content=\"https:\/\/www.freebetbest.com\/wp-content\/uploads\/2021\/06\/Bookmakers-scaled.jpg\" \/>\n\t<meta property=\"og:image:width\" content=\"417\" \/>\n\t<meta property=\"og:image:height\" content=\"180\" \/>\n\t<meta property=\"og:image:type\" content=\"image\/jpeg\" \/>\n<meta name=\"twitter:card\" content=\"summary_large_image\" \/>\n<meta name=\"twitter:label1\" content=\"Tiempo de lectura\" \/>\n\t<meta name=\"twitter:data1\" content=\"3 minutos\" \/>\n<script type=\"application\/ld+json\" class=\"yoast-schema-graph\">{\"@context\":\"https:\\\/\\\/schema.org\",\"@graph\":[{\"@type\":\"WebPage\",\"@id\":\"https:\\\/\\\/www.freebetbest.com\\\/es\\\/bono-de-casas-de-apuestas-de-jap%c3%b3n\\\/\",\"url\":\"https:\\\/\\\/www.freebetbest.com\\\/es\\\/bono-de-casas-de-apuestas-de-jap%c3%b3n\\\/\",\"name\":\"Bono de casas de apuestas de Jap\u00f3n , promoci\u00f3n de dep\u00f3sito por primera vez\",\"isPartOf\":{\"@id\":\"https:\\\/\\\/www.freebetbest.com\\\/es\\\/#website\"},\"primaryImageOfPage\":{\"@id\":\"https:\\\/\\\/www.freebetbest.com\\\/es\\\/bono-de-casas-de-apuestas-de-jap%c3%b3n\\\/#primaryimage\"},\"image\":{\"@id\":\"https:\\\/\\\/www.freebetbest.com\\\/es\\\/bono-de-casas-de-apuestas-de-jap%c3%b3n\\\/#primaryimage\"},\"thumbnailUrl\":\"https:\\\/\\\/www.freebetbest.com\\\/wp-content\\\/uploads\\\/2021\\\/06\\\/Bookmakers-scaled.jpg\",\"datePublished\":\"2021-06-10T10:04:52+00:00\",\"dateModified\":\"2021-07-29T10:31:19+00:00\",\"description\":\"Bono de casas de apuestas de Jap\u00f3n , apuesta gratis sin bono de dep\u00f3sito, las mejores ofertas de apuestas gratis online Las mejores probabilidades para las apuestas deportivas. Ofertas exclusivas. Mejores cr\u00edticas.\",\"breadcrumb\":{\"@id\":\"https:\\\/\\\/www.freebetbest.com\\\/es\\\/bono-de-casas-de-apuestas-de-jap%c3%b3n\\\/#breadcrumb\"},\"inLanguage\":\"es\",\"potentialAction\":[{\"@type\":\"ReadAction\",\"target\":[\"https:\\\/\\\/www.freebetbest.com\\\/es\\\/bono-de-casas-de-apuestas-de-jap%c3%b3n\\\/\"]}]},{\"@type\":\"ImageObject\",\"inLanguage\":\"es\",\"@id\":\"https:\\\/\\\/www.freebetbest.com\\\/es\\\/bono-de-casas-de-apuestas-de-jap%c3%b3n\\\/#primaryimage\",\"url\":\"https:\\\/\\\/www.freebetbest.com\\\/wp-content\\\/uploads\\\/2021\\\/06\\\/Bookmakers-scaled.jpg\",\"contentUrl\":\"https:\\\/\\\/www.freebetbest.com\\\/wp-content\\\/uploads\\\/2021\\\/06\\\/Bookmakers-scaled.jpg\",\"width\":417,\"height\":180,\"caption\":\"Bono de los corredores de apuestas de China\"},{\"@type\":\"BreadcrumbList\",\"@id\":\"https:\\\/\\\/www.freebetbest.com\\\/es\\\/bono-de-casas-de-apuestas-de-jap%c3%b3n\\\/#breadcrumb\",\"itemListElement\":[{\"@type\":\"ListItem\",\"position\":1,\"name\":\"Home\",\"item\":\"https:\\\/\\\/www.freebetbest.com\\\/es\\\/\"},{\"@type\":\"ListItem\",\"position\":2,\"name\":\"Bono de casas de apuestas de Jap\u00f3n\"}]},{\"@type\":\"WebSite\",\"@id\":\"https:\\\/\\\/www.freebetbest.com\\\/es\\\/#website\",\"url\":\"https:\\\/\\\/www.freebetbest.com\\\/es\\\/\",\"name\":\"Apuesta gratis | Casino en l\u00ednea | Apuestas de f\u00fatbol | Mejores Casas De Apuestas Deportivas Online\",\"description\":\"Las mejores casas de apuestas en l\u00ednea, que ofrecen deportes, casino, p\u00f3ker, bingo y apuestas m\u00f3viles, casino en l\u00ednea, apuestas de f\u00fatbol, la mejor apuesta gratis, los portales de juego m\u00e1s importantes del mundo.\",\"publisher\":{\"@id\":\"https:\\\/\\\/www.freebetbest.com\\\/es\\\/#\\\/schema\\\/person\\\/292684ccf388a2362d507874c5b80a69\"},\"potentialAction\":[{\"@type\":\"SearchAction\",\"target\":{\"@type\":\"EntryPoint\",\"urlTemplate\":\"https:\\\/\\\/www.freebetbest.com\\\/es\\\/?s={search_term_string}\"},\"query-input\":{\"@type\":\"PropertyValueSpecification\",\"valueRequired\":true,\"valueName\":\"search_term_string\"}}],\"inLanguage\":\"es\"},{\"@type\":[\"Person\",\"Organization\"],\"@id\":\"https:\\\/\\\/www.freebetbest.com\\\/es\\\/#\\\/schema\\\/person\\\/292684ccf388a2362d507874c5b80a69\",\"name\":\"\u7ba1\u7406\",\"image\":{\"@type\":\"ImageObject\",\"inLanguage\":\"es\",\"@id\":\"https:\\\/\\\/www.freebetbest.com\\\/wp-content\\\/litespeed\\\/avatar\\\/49696b52fb15293a2168c14964fdd8b9.jpg?ver=1778649583\",\"url\":\"https:\\\/\\\/www.freebetbest.com\\\/wp-content\\\/litespeed\\\/avatar\\\/49696b52fb15293a2168c14964fdd8b9.jpg?ver=1778649583\",\"contentUrl\":\"https:\\\/\\\/www.freebetbest.com\\\/wp-content\\\/litespeed\\\/avatar\\\/49696b52fb15293a2168c14964fdd8b9.jpg?ver=1778649583\",\"caption\":\"\u7ba1\u7406\"},\"logo\":{\"@id\":\"https:\\\/\\\/www.freebetbest.com\\\/wp-content\\\/litespeed\\\/avatar\\\/49696b52fb15293a2168c14964fdd8b9.jpg?ver=1778649583\"},\"sameAs\":[\"admin\"]}]}<\/script>\n<!-- \/ Yoast SEO Premium plugin. -->","yoast_head_json":{"title":"Bono de casas de apuestas de Jap\u00f3n , promoci\u00f3n de dep\u00f3sito por primera vez","description":"Bono de casas de apuestas de Jap\u00f3n , apuesta gratis sin bono de dep\u00f3sito, las mejores ofertas de apuestas gratis online Las mejores probabilidades para las apuestas deportivas. Ofertas exclusivas. Mejores cr\u00edticas.","robots":{"index":"index","follow":"follow","max-snippet":"max-snippet:-1","max-image-preview":"max-image-preview:large","max-video-preview":"max-video-preview:-1"},"canonical":"https:\/\/www.freebetbest.com\/es\/bono-de-casas-de-apuestas-de-jap%c3%b3n\/","og_locale":"es_ES","og_type":"article","og_title":"Bono de casas de apuestas de Jap\u00f3n","og_description":"Bono de casas de apuestas de Jap\u00f3n , apuesta gratis sin bono de dep\u00f3sito, las mejores ofertas de apuestas gratis online Las mejores probabilidades para las apuestas deportivas. Ofertas exclusivas. Mejores cr\u00edticas.","og_url":"https:\/\/www.freebetbest.com\/es\/bono-de-casas-de-apuestas-de-jap%c3%b3n\/","og_site_name":"Apuesta gratis | Casino en l\u00ednea | Apuestas de f\u00fatbol | Mejores Casas De Apuestas Deportivas Online","article_modified_time":"2021-07-29T10:31:19+00:00","og_image":[{"width":417,"height":180,"url":"https:\/\/www.freebetbest.com\/wp-content\/uploads\/2021\/06\/Bookmakers-scaled.jpg","type":"image\/jpeg"}],"twitter_card":"summary_large_image","twitter_misc":{"Tiempo de lectura":"3 minutos"},"schema":{"@context":"https:\/\/schema.org","@graph":[{"@type":"WebPage","@id":"https:\/\/www.freebetbest.com\/es\/bono-de-casas-de-apuestas-de-jap%c3%b3n\/","url":"https:\/\/www.freebetbest.com\/es\/bono-de-casas-de-apuestas-de-jap%c3%b3n\/","name":"Bono de casas de apuestas de Jap\u00f3n , promoci\u00f3n de dep\u00f3sito por primera vez","isPartOf":{"@id":"https:\/\/www.freebetbest.com\/es\/#website"},"primaryImageOfPage":{"@id":"https:\/\/www.freebetbest.com\/es\/bono-de-casas-de-apuestas-de-jap%c3%b3n\/#primaryimage"},"image":{"@id":"https:\/\/www.freebetbest.com\/es\/bono-de-casas-de-apuestas-de-jap%c3%b3n\/#primaryimage"},"thumbnailUrl":"https:\/\/www.freebetbest.com\/wp-content\/uploads\/2021\/06\/Bookmakers-scaled.jpg","datePublished":"2021-06-10T10:04:52+00:00","dateModified":"2021-07-29T10:31:19+00:00","description":"Bono de casas de apuestas de Jap\u00f3n , apuesta gratis sin bono de dep\u00f3sito, las mejores ofertas de apuestas gratis online Las mejores probabilidades para las apuestas deportivas. Ofertas exclusivas. Mejores cr\u00edticas.","breadcrumb":{"@id":"https:\/\/www.freebetbest.com\/es\/bono-de-casas-de-apuestas-de-jap%c3%b3n\/#breadcrumb"},"inLanguage":"es","potentialAction":[{"@type":"ReadAction","target":["https:\/\/www.freebetbest.com\/es\/bono-de-casas-de-apuestas-de-jap%c3%b3n\/"]}]},{"@type":"ImageObject","inLanguage":"es","@id":"https:\/\/www.freebetbest.com\/es\/bono-de-casas-de-apuestas-de-jap%c3%b3n\/#primaryimage","url":"https:\/\/www.freebetbest.com\/wp-content\/uploads\/2021\/06\/Bookmakers-scaled.jpg","contentUrl":"https:\/\/www.freebetbest.com\/wp-content\/uploads\/2021\/06\/Bookmakers-scaled.jpg","width":417,"height":180,"caption":"Bono de los corredores de apuestas de China"},{"@type":"BreadcrumbList","@id":"https:\/\/www.freebetbest.com\/es\/bono-de-casas-de-apuestas-de-jap%c3%b3n\/#breadcrumb","itemListElement":[{"@type":"ListItem","position":1,"name":"Home","item":"https:\/\/www.freebetbest.com\/es\/"},{"@type":"ListItem","position":2,"name":"Bono de casas de apuestas de Jap\u00f3n"}]},{"@type":"WebSite","@id":"https:\/\/www.freebetbest.com\/es\/#website","url":"https:\/\/www.freebetbest.com\/es\/","name":"Apuesta gratis | Casino en l\u00ednea | Apuestas de f\u00fatbol | Mejores Casas De Apuestas Deportivas Online","description":"Las mejores casas de apuestas en l\u00ednea, que ofrecen deportes, casino, p\u00f3ker, bingo y apuestas m\u00f3viles, casino en l\u00ednea, apuestas de f\u00fatbol, la mejor apuesta gratis, los portales de juego m\u00e1s importantes del mundo.","publisher":{"@id":"https:\/\/www.freebetbest.com\/es\/#\/schema\/person\/292684ccf388a2362d507874c5b80a69"},"potentialAction":[{"@type":"SearchAction","target":{"@type":"EntryPoint","urlTemplate":"https:\/\/www.freebetbest.com\/es\/?s={search_term_string}"},"query-input":{"@type":"PropertyValueSpecification","valueRequired":true,"valueName":"search_term_string"}}],"inLanguage":"es"},{"@type":["Person","Organization"],"@id":"https:\/\/www.freebetbest.com\/es\/#\/schema\/person\/292684ccf388a2362d507874c5b80a69","name":"\u7ba1\u7406","image":{"@type":"ImageObject","inLanguage":"es","@id":"https:\/\/www.freebetbest.com\/wp-content\/litespeed\/avatar\/49696b52fb15293a2168c14964fdd8b9.jpg?ver=1778649583","url":"https:\/\/www.freebetbest.com\/wp-content\/litespeed\/avatar\/49696b52fb15293a2168c14964fdd8b9.jpg?ver=1778649583","contentUrl":"https:\/\/www.freebetbest.com\/wp-content\/litespeed\/avatar\/49696b52fb15293a2168c14964fdd8b9.jpg?ver=1778649583","caption":"\u7ba1\u7406"},"logo":{"@id":"https:\/\/www.freebetbest.com\/wp-content\/litespeed\/avatar\/49696b52fb15293a2168c14964fdd8b9.jpg?ver=1778649583"},"sameAs":["admin"]}]}},"_links":{"self":[{"href":"https:\/\/www.freebetbest.com\/es\/wp-json\/wp\/v2\/pages\/129356","targetHints":{"allow":["GET"]}}],"collection":[{"href":"https:\/\/www.freebetbest.com\/es\/wp-json\/wp\/v2\/pages"}],"about":[{"href":"https:\/\/www.freebetbest.com\/es\/wp-json\/wp\/v2\/types\/page"}],"author":[{"embeddable":true,"href":"https:\/\/www.freebetbest.com\/es\/wp-json\/wp\/v2\/users\/1"}],"replies":[{"embeddable":true,"href":"https:\/\/www.freebetbest.com\/es\/wp-json\/wp\/v2\/comments?post=129356"}],"version-history":[{"count":0,"href":"https:\/\/www.freebetbest.com\/es\/wp-json\/wp\/v2\/pages\/129356\/revisions"}],"wp:featuredmedia":[{"embeddable":true,"href":"https:\/\/www.freebetbest.com\/es\/wp-json\/wp\/v2\/media\/125276"}],"wp:attachment":[{"href":"https:\/\/www.freebetbest.com\/es\/wp-json\/wp\/v2\/media?parent=129356"}],"curies":[{"name":"wp","href":"https:\/\/api.w.org\/{rel}","templated":true}]}}