{"id":129329,"date":"2021-06-10T15:46:03","date_gmt":"2021-06-10T15:46:03","guid":{"rendered":"https:\/\/www.freebetbest.com\/bonificacion-corredores-de-apuestas-indonesia\/"},"modified":"2021-07-28T17:02:47","modified_gmt":"2021-07-28T17:02:47","slug":"bonificacion-corredores-de-apuestas-indonesia","status":"publish","type":"page","link":"https:\/\/www.freebetbest.com\/es\/bonificacion-corredores-de-apuestas-indonesia\/","title":{"rendered":"Bono de casas de apuestas de Indonesia"},"content":{"rendered":"<h2>C\u00f3mo elegir el mejor sitio web de bonificaci\u00f3n de casas de apuestas de Indonesia<\/h2>\nHay muchos factores a considerar al determinar el mejor bono de casas de apuestas de Indonesia. Probabilidades de juego competitivas. Es el aspecto m\u00e1s importante, porque es lo primero y m\u00e1s importante. Investiga sobre lo que est\u00e1 en juego al jugar. En breve. Se recomienda intentar encontrar uno. Formas de aumentar sus ingresos.\n\nExcelente atenci\u00f3n al cliente de Indonesia Bookmakers. Tambi\u00e9n juega un papel vital porque puede atraer a m\u00e1s personas a inscribirse. Y proporcione ayuda cuando tenga problemas. Aplicaci\u00f3n de tel\u00e9fono m\u00f3vil. Y la correcta movilidad de los servicios en el sitio web. Flexibilidad de acceso mejorada.\n\nMuchos m\u00e9todos de transacci\u00f3n son muy importantes porque se trata de depositar efectivo. Brinda una variedad de opciones. Finalmente, un sitio web muy popular. Por elegir el mejor bono de casas de apuestas de Indonesia. Es de vital importancia, principalmente porque es una buena se\u00f1al.\n<h3>M\u00e9todo de pago inicial en efectivo de las casas de apuestas de Indonesia<\/h3>\nAl depositar d\u00f3lares estadounidenses, debe utilizar una billetera electr\u00f3nica como muchos sitios de apuestas. No utilice estrategias bancarias de Indonesia, como intercambios de cr\u00e9dito y tarjetas de d\u00e9bito. La billetera electr\u00f3nica m\u00e1s popular. Definitivamente es una cuenta bancaria de Entropay. Despu\u00e9s de abrir una cuenta de comerciante, inmediatamente usa una MasterCard. O una tarjeta de cr\u00e9dito con el logo de Visa. Recarga la cuenta de Bookmakers.\n<h3><a href=\"https:\/\/www.freebetbest.com\/latest-free-betting-bonus\/\">Apuestas de f\u00fatbol<\/a> en Indonesia<\/h3>\nBono de casas de apuestas de Indonesia . Se ofrecen apuestas gratuitas. Otras promociones de marketing\nB\u00e1sicamente, las apuestas sin dep\u00f3sito significan. Para casas de apuestas que est\u00e9n dispuestas a pagar por s\u00ed mismas. Cualquier suposici\u00f3n sobre la cantidad prescrita. Con este tipo de apuestas gratuitas. En breve. La diferencia m\u00e1s com\u00fan es definitivamente. Abra una cuenta de apuestas gratis. Bono de bienvenida para consumidores.\n\nOtras versiones incluyen apuestas completamente gratuitas, lo que b\u00e1sicamente indica que est\u00e1 permitido. Descubre la apuesta y cuando te deshagas de ella. Obtenga un reembolso por ganancias o transacciones de bonificaci\u00f3n. Finalmente, hay recompensas prometidas y le permiten elegir opciones de una cantidad espec\u00edfica y obtener bonificaciones adicionales.\n<h3>Apuesta de bonificaci\u00f3n de casas de apuestas de Indonesia completamente gratuita.<\/h3>\nPuede usarse para pasar apuestas. Lo ha experimentado en su mente. Pero no hay alternativa al efectivo. Para aumentar sus ingresos y reducir las amenazas a trav\u00e9s de conjeturas, el resultado es un poco desafiante y tambi\u00e9n se puede utilizar. Convierta las apuestas gratuitas en fondos. Ofrecen apuestas gratis. Para incentivar a los compradores a unirse, contin\u00fae depositando fondos en sus datos personales y espere que les sean leales.\n<h3>Participa en el deporte m\u00e1s com\u00fan en Indonesia.<\/h3>\nEn Indonesia, la gente puede apostar. Los videojuegos m\u00e1s famosos son el f\u00fatbol, el baloncesto y las artes marciales, que son muy populares en Malasia, Singapur y Tailandia. B\u00e1dminton y tenis, squash y deportes de raqueta, etc. Muchas actividades combinadas. Otros deportes de pista y campo famosos incluyen el cricket y el ciclismo.\n<h3>\u00bfQu\u00e9 sitios de apuestas hace Indonesia?<a href=\"https:\/\/www.freebetsinfo.co.uk\/free-bets\/\"> Casas de apuestas<\/a> Bono tiene?<\/h3>\nApuestas online en Indonesia. Puede que ya no sea legal, pero en realidad puede ingresar miles de ellos. Sitios de apuestas asi\u00e1ticos y europeos. En breve. Para asegurarse de que todo funcione de manera eficiente, considere usar VPN y t\u00e9cnicas comerciales prudentes.\n<h3>\u00bfEs seguro obtener la bonificaci\u00f3n de las casas de apuestas de Indonesia?<\/h3>\nS\u00ed, pero debes tomar m\u00faltiples medidas. Para apostar de forma segura en Internet en Indonesia. Recomendamos decidirse por los sitios de apuestas deportivas. Un m\u00e9todo de pago sutil para dep\u00f3sitos y uso de una comunidad personal en l\u00ednea (VPN) para enmascarar su ubicaci\u00f3n.\n<h3>Apuestas online de Indonesia Bookmakers<\/h3>\nLiga de f\u00fatbol l\u00edder de Indonesia, por lo que es f\u00e1cil adivinar los Estados Unidos. Algunos de los mejores sitios de apuestas de f\u00fatbol. Si necesita ayuda para elegir uno, consulte la lista recomendada de casas de apuestas de Indonesia en este art\u00edculo.\n<h3>\u00bfLos sitios de juegos de apuestas en l\u00ednea cobran IDR?<\/h3>\nSi registr\u00f3 uno. Los sitios que aceptan juegos de azar de Indonesia, por lo general, puede invertir. Entonces apueste en rupia indonesia. En breve. Si est\u00e1 utilizando un sitio web europeo, normalmente ser\u00e1 autom\u00e1tico. Convierta su rupia indonesia a euros.\n\n<!-- \/wp:post-content -->","protected":false},"excerpt":{"rendered":"<p>El mejor bono de bienvenida de apuestas en Indonesia. Ofertas de casino en l\u00ednea de Indonesia y bonos de bienvenida promocionales, la compa\u00f1\u00eda de apuestas en l\u00ednea m\u00e1s confiable.<\/p>\n<div class=\"hero-cup-section\">\n<div class=\"row mb-4\">\n<div class=\"col-md-7\">\n<div class=\"section-area\">\n<div class=\"section-list\">\n<li style=\"text-align: left\"><img decoding=\"async\" src=\"https:\/\/www.freebetbest.com\/wp-content\/uploads\/2021\/06\/tick.png\" alt=\"Deportes\"> Bono de bienvenida de Sports Casino.<\/li>\n<li style=\"text-align: left\"><img decoding=\"async\" src=\"https:\/\/www.freebetbest.com\/wp-content\/uploads\/2021\/06\/tick.png\" alt=\"ofertas de juegos\"> Ofertas y promociones de casas de apuestas online.<\/li>\n<li style=\"text-align: left\"><img decoding=\"async\" src=\"https:\/\/www.freebetbest.com\/wp-content\/uploads\/2021\/06\/tick.png\" alt=\"ofertas de juegos\"> Las mejores casas de apuestas online en las que puede confiar.<\/li>\n<li style=\"text-align: left\"><img decoding=\"async\" src=\"https:\/\/www.freebetbest.com\/wp-content\/uploads\/2021\/06\/tick.png\" alt=\"Autoritario\"> Revisi\u00f3n autorizada Seguro confiable.<\/li>\n<li style=\"text-align: left\"><img decoding=\"async\" src=\"https:\/\/www.freebetbest.com\/wp-content\/uploads\/2021\/06\/tick.png\" alt=\"Retiros r\u00e1pidos\"> Soporte de aplicaciones m\u00f3viles, retiros r\u00e1pidos.<\/li>\n<li style=\"text-align: left\"><img decoding=\"async\" src=\"https:\/\/www.freebetbest.com\/wp-content\/uploads\/2021\/06\/tick.png\" alt=\"Atenci\u00f3n al cliente\"> Atenci\u00f3n al cliente: 365 d\u00edas, 24 horas al d\u00eda.<\/li>\n<\/div>\n<\/div>\n<\/div>\n<div class=\"col-md-5\">\n<div class=\"cup-img\"><img decoding=\"async\" src=\"https:\/\/www.freebetbest.com\/wp-content\/uploads\/2021\/06\/Indonesian-1.png\" alt=\"freebetbest\"><\/div>\n<\/div>\n<\/div>\n","protected":false},"author":1,"featured_media":125276,"parent":0,"menu_order":0,"comment_status":"closed","ping_status":"closed","template":"Indonesia-template.php","meta":{"footnotes":""},"class_list":["post-129329","page","type-page","status-publish","has-post-thumbnail","hentry"],"yoast_head":"<!-- This site is optimized with the Yoast SEO Premium plugin v19.5 (Yoast SEO v27.0) - https:\/\/yoast.com\/product\/yoast-seo-premium-wordpress\/ -->\n<title>Bono de casas de apuestas de Indonesia , bono de casino de promoci\u00f3n de primer dep\u00f3sito<\/title>\n<meta name=\"description\" content=\"Bono de casas de apuestas de Indonesia , Apuesta gratis Bono sin dep\u00f3sito, bienvenido C\u00f3digo de bono de primer dep\u00f3sito, C\u00f3digo de bono de registro. Mejores casas de apuestas asi\u00e1ticas\" \/>\n<meta name=\"robots\" content=\"index, follow, max-snippet:-1, max-image-preview:large, max-video-preview:-1\" \/>\n<link rel=\"canonical\" href=\"https:\/\/www.freebetbest.com\/es\/bonificacion-corredores-de-apuestas-indonesia\/\" \/>\n<meta property=\"og:locale\" content=\"es_ES\" \/>\n<meta property=\"og:type\" content=\"article\" \/>\n<meta property=\"og:title\" content=\"Bono de casas de apuestas de Indonesia\" \/>\n<meta property=\"og:description\" content=\"Bono de casas de apuestas de Indonesia , Apuesta gratis Bono sin dep\u00f3sito, bienvenido C\u00f3digo de bono de primer dep\u00f3sito, C\u00f3digo de bono de registro. Mejores casas de apuestas asi\u00e1ticas\" \/>\n<meta property=\"og:url\" content=\"https:\/\/www.freebetbest.com\/es\/bonificacion-corredores-de-apuestas-indonesia\/\" \/>\n<meta property=\"og:site_name\" content=\"Apuesta gratis | Casino en l\u00ednea | Apuestas de f\u00fatbol | Mejores Casas De Apuestas Deportivas Online\" \/>\n<meta property=\"article:modified_time\" content=\"2021-07-28T17:02:47+00:00\" \/>\n<meta property=\"og:image\" content=\"https:\/\/www.freebetbest.com\/wp-content\/uploads\/2021\/06\/Bookmakers-scaled.jpg\" \/>\n\t<meta property=\"og:image:width\" content=\"417\" \/>\n\t<meta property=\"og:image:height\" content=\"180\" \/>\n\t<meta property=\"og:image:type\" content=\"image\/jpeg\" \/>\n<meta name=\"twitter:card\" content=\"summary_large_image\" \/>\n<meta name=\"twitter:label1\" content=\"Tiempo de lectura\" \/>\n\t<meta name=\"twitter:data1\" content=\"3 minutos\" \/>\n<script type=\"application\/ld+json\" class=\"yoast-schema-graph\">{\"@context\":\"https:\/\/schema.org\",\"@graph\":[{\"@type\":\"WebPage\",\"@id\":\"https:\/\/www.freebetbest.com\/es\/bonificacion-corredores-de-apuestas-indonesia\/\",\"url\":\"https:\/\/www.freebetbest.com\/es\/bonificacion-corredores-de-apuestas-indonesia\/\",\"name\":\"Bono de casas de apuestas de Indonesia , bono de casino de promoci\u00f3n de primer dep\u00f3sito\",\"isPartOf\":{\"@id\":\"https:\/\/www.freebetbest.com\/es\/#website\"},\"primaryImageOfPage\":{\"@id\":\"https:\/\/www.freebetbest.com\/es\/bonificacion-corredores-de-apuestas-indonesia\/#primaryimage\"},\"image\":{\"@id\":\"https:\/\/www.freebetbest.com\/es\/bonificacion-corredores-de-apuestas-indonesia\/#primaryimage\"},\"thumbnailUrl\":\"https:\/\/www.freebetbest.com\/wp-content\/uploads\/2021\/06\/Bookmakers-scaled.jpg\",\"datePublished\":\"2021-06-10T15:46:03+00:00\",\"dateModified\":\"2021-07-28T17:02:47+00:00\",\"description\":\"Bono de casas de apuestas de Indonesia , Apuesta gratis Bono sin dep\u00f3sito, bienvenido C\u00f3digo de bono de primer dep\u00f3sito, C\u00f3digo de bono de registro. Mejores casas de apuestas asi\u00e1ticas\",\"breadcrumb\":{\"@id\":\"https:\/\/www.freebetbest.com\/es\/bonificacion-corredores-de-apuestas-indonesia\/#breadcrumb\"},\"inLanguage\":\"es\",\"potentialAction\":[{\"@type\":\"ReadAction\",\"target\":[\"https:\/\/www.freebetbest.com\/es\/bonificacion-corredores-de-apuestas-indonesia\/\"]}]},{\"@type\":\"ImageObject\",\"inLanguage\":\"es\",\"@id\":\"https:\/\/www.freebetbest.com\/es\/bonificacion-corredores-de-apuestas-indonesia\/#primaryimage\",\"url\":\"https:\/\/www.freebetbest.com\/wp-content\/uploads\/2021\/06\/Bookmakers-scaled.jpg\",\"contentUrl\":\"https:\/\/www.freebetbest.com\/wp-content\/uploads\/2021\/06\/Bookmakers-scaled.jpg\",\"width\":417,\"height\":180,\"caption\":\"Bono de los corredores de apuestas de China\"},{\"@type\":\"BreadcrumbList\",\"@id\":\"https:\/\/www.freebetbest.com\/es\/bonificacion-corredores-de-apuestas-indonesia\/#breadcrumb\",\"itemListElement\":[{\"@type\":\"ListItem\",\"position\":1,\"name\":\"Home\",\"item\":\"https:\/\/www.freebetbest.com\/es\/\"},{\"@type\":\"ListItem\",\"position\":2,\"name\":\"Bono de casas de apuestas de Indonesia\"}]},{\"@type\":\"WebSite\",\"@id\":\"https:\/\/www.freebetbest.com\/es\/#website\",\"url\":\"https:\/\/www.freebetbest.com\/es\/\",\"name\":\"Apuesta gratis | Casino en l\u00ednea | Apuestas de f\u00fatbol | Mejores Casas De Apuestas Deportivas Online\",\"description\":\"Las mejores casas de apuestas en l\u00ednea, que ofrecen deportes, casino, p\u00f3ker, bingo y apuestas m\u00f3viles, casino en l\u00ednea, apuestas de f\u00fatbol, la mejor apuesta gratis, los portales de juego m\u00e1s importantes del mundo.\",\"publisher\":{\"@id\":\"https:\/\/www.freebetbest.com\/es\/#\/schema\/person\/292684ccf388a2362d507874c5b80a69\"},\"potentialAction\":[{\"@type\":\"SearchAction\",\"target\":{\"@type\":\"EntryPoint\",\"urlTemplate\":\"https:\/\/www.freebetbest.com\/es\/?s={search_term_string}\"},\"query-input\":{\"@type\":\"PropertyValueSpecification\",\"valueRequired\":true,\"valueName\":\"search_term_string\"}}],\"inLanguage\":\"es\"},{\"@type\":[\"Person\",\"Organization\"],\"@id\":\"https:\/\/www.freebetbest.com\/es\/#\/schema\/person\/292684ccf388a2362d507874c5b80a69\",\"name\":\"\u7ba1\u7406\",\"image\":{\"@type\":\"ImageObject\",\"inLanguage\":\"es\",\"@id\":\"https:\/\/www.freebetbest.com\/es\/#\/schema\/person\/image\/\",\"url\":\"https:\/\/www.freebetbest.com\/wp-content\/litespeed\/avatar\/49696b52fb15293a2168c14964fdd8b9.jpg?ver=1778044739\",\"contentUrl\":\"https:\/\/www.freebetbest.com\/wp-content\/litespeed\/avatar\/49696b52fb15293a2168c14964fdd8b9.jpg?ver=1778044739\",\"caption\":\"\u7ba1\u7406\"},\"logo\":{\"@id\":\"https:\/\/www.freebetbest.com\/es\/#\/schema\/person\/image\/\"},\"sameAs\":[\"admin\"]}]}<\/script>\n<!-- \/ Yoast SEO Premium plugin. -->","yoast_head_json":{"title":"Bono de casas de apuestas de Indonesia , bono de casino de promoci\u00f3n de primer dep\u00f3sito","description":"Bono de casas de apuestas de Indonesia , Apuesta gratis Bono sin dep\u00f3sito, bienvenido C\u00f3digo de bono de primer dep\u00f3sito, C\u00f3digo de bono de registro. Mejores casas de apuestas asi\u00e1ticas","robots":{"index":"index","follow":"follow","max-snippet":"max-snippet:-1","max-image-preview":"max-image-preview:large","max-video-preview":"max-video-preview:-1"},"canonical":"https:\/\/www.freebetbest.com\/es\/bonificacion-corredores-de-apuestas-indonesia\/","og_locale":"es_ES","og_type":"article","og_title":"Bono de casas de apuestas de Indonesia","og_description":"Bono de casas de apuestas de Indonesia , Apuesta gratis Bono sin dep\u00f3sito, bienvenido C\u00f3digo de bono de primer dep\u00f3sito, C\u00f3digo de bono de registro. Mejores casas de apuestas asi\u00e1ticas","og_url":"https:\/\/www.freebetbest.com\/es\/bonificacion-corredores-de-apuestas-indonesia\/","og_site_name":"Apuesta gratis | Casino en l\u00ednea | Apuestas de f\u00fatbol | Mejores Casas De Apuestas Deportivas Online","article_modified_time":"2021-07-28T17:02:47+00:00","og_image":[{"width":417,"height":180,"url":"https:\/\/www.freebetbest.com\/wp-content\/uploads\/2021\/06\/Bookmakers-scaled.jpg","type":"image\/jpeg"}],"twitter_card":"summary_large_image","twitter_misc":{"Tiempo de lectura":"3 minutos"},"schema":{"@context":"https:\/\/schema.org","@graph":[{"@type":"WebPage","@id":"https:\/\/www.freebetbest.com\/es\/bonificacion-corredores-de-apuestas-indonesia\/","url":"https:\/\/www.freebetbest.com\/es\/bonificacion-corredores-de-apuestas-indonesia\/","name":"Bono de casas de apuestas de Indonesia , bono de casino de promoci\u00f3n de primer dep\u00f3sito","isPartOf":{"@id":"https:\/\/www.freebetbest.com\/es\/#website"},"primaryImageOfPage":{"@id":"https:\/\/www.freebetbest.com\/es\/bonificacion-corredores-de-apuestas-indonesia\/#primaryimage"},"image":{"@id":"https:\/\/www.freebetbest.com\/es\/bonificacion-corredores-de-apuestas-indonesia\/#primaryimage"},"thumbnailUrl":"https:\/\/www.freebetbest.com\/wp-content\/uploads\/2021\/06\/Bookmakers-scaled.jpg","datePublished":"2021-06-10T15:46:03+00:00","dateModified":"2021-07-28T17:02:47+00:00","description":"Bono de casas de apuestas de Indonesia , Apuesta gratis Bono sin dep\u00f3sito, bienvenido C\u00f3digo de bono de primer dep\u00f3sito, C\u00f3digo de bono de registro. Mejores casas de apuestas asi\u00e1ticas","breadcrumb":{"@id":"https:\/\/www.freebetbest.com\/es\/bonificacion-corredores-de-apuestas-indonesia\/#breadcrumb"},"inLanguage":"es","potentialAction":[{"@type":"ReadAction","target":["https:\/\/www.freebetbest.com\/es\/bonificacion-corredores-de-apuestas-indonesia\/"]}]},{"@type":"ImageObject","inLanguage":"es","@id":"https:\/\/www.freebetbest.com\/es\/bonificacion-corredores-de-apuestas-indonesia\/#primaryimage","url":"https:\/\/www.freebetbest.com\/wp-content\/uploads\/2021\/06\/Bookmakers-scaled.jpg","contentUrl":"https:\/\/www.freebetbest.com\/wp-content\/uploads\/2021\/06\/Bookmakers-scaled.jpg","width":417,"height":180,"caption":"Bono de los corredores de apuestas de China"},{"@type":"BreadcrumbList","@id":"https:\/\/www.freebetbest.com\/es\/bonificacion-corredores-de-apuestas-indonesia\/#breadcrumb","itemListElement":[{"@type":"ListItem","position":1,"name":"Home","item":"https:\/\/www.freebetbest.com\/es\/"},{"@type":"ListItem","position":2,"name":"Bono de casas de apuestas de Indonesia"}]},{"@type":"WebSite","@id":"https:\/\/www.freebetbest.com\/es\/#website","url":"https:\/\/www.freebetbest.com\/es\/","name":"Apuesta gratis | Casino en l\u00ednea | Apuestas de f\u00fatbol | Mejores Casas De Apuestas Deportivas Online","description":"Las mejores casas de apuestas en l\u00ednea, que ofrecen deportes, casino, p\u00f3ker, bingo y apuestas m\u00f3viles, casino en l\u00ednea, apuestas de f\u00fatbol, la mejor apuesta gratis, los portales de juego m\u00e1s importantes del mundo.","publisher":{"@id":"https:\/\/www.freebetbest.com\/es\/#\/schema\/person\/292684ccf388a2362d507874c5b80a69"},"potentialAction":[{"@type":"SearchAction","target":{"@type":"EntryPoint","urlTemplate":"https:\/\/www.freebetbest.com\/es\/?s={search_term_string}"},"query-input":{"@type":"PropertyValueSpecification","valueRequired":true,"valueName":"search_term_string"}}],"inLanguage":"es"},{"@type":["Person","Organization"],"@id":"https:\/\/www.freebetbest.com\/es\/#\/schema\/person\/292684ccf388a2362d507874c5b80a69","name":"\u7ba1\u7406","image":{"@type":"ImageObject","inLanguage":"es","@id":"https:\/\/www.freebetbest.com\/es\/#\/schema\/person\/image\/","url":"https:\/\/www.freebetbest.com\/wp-content\/litespeed\/avatar\/49696b52fb15293a2168c14964fdd8b9.jpg?ver=1778044739","contentUrl":"https:\/\/www.freebetbest.com\/wp-content\/litespeed\/avatar\/49696b52fb15293a2168c14964fdd8b9.jpg?ver=1778044739","caption":"\u7ba1\u7406"},"logo":{"@id":"https:\/\/www.freebetbest.com\/es\/#\/schema\/person\/image\/"},"sameAs":["admin"]}]}},"_links":{"self":[{"href":"https:\/\/www.freebetbest.com\/es\/wp-json\/wp\/v2\/pages\/129329","targetHints":{"allow":["GET"]}}],"collection":[{"href":"https:\/\/www.freebetbest.com\/es\/wp-json\/wp\/v2\/pages"}],"about":[{"href":"https:\/\/www.freebetbest.com\/es\/wp-json\/wp\/v2\/types\/page"}],"author":[{"embeddable":true,"href":"https:\/\/www.freebetbest.com\/es\/wp-json\/wp\/v2\/users\/1"}],"replies":[{"embeddable":true,"href":"https:\/\/www.freebetbest.com\/es\/wp-json\/wp\/v2\/comments?post=129329"}],"version-history":[{"count":0,"href":"https:\/\/www.freebetbest.com\/es\/wp-json\/wp\/v2\/pages\/129329\/revisions"}],"wp:featuredmedia":[{"embeddable":true,"href":"https:\/\/www.freebetbest.com\/es\/wp-json\/wp\/v2\/media\/125276"}],"wp:attachment":[{"href":"https:\/\/www.freebetbest.com\/es\/wp-json\/wp\/v2\/media?parent=129329"}],"curies":[{"name":"wp","href":"https:\/\/api.w.org\/{rel}","templated":true}]}}