{"id":129302,"date":"2021-06-10T16:12:08","date_gmt":"2021-06-10T16:12:08","guid":{"rendered":"https:\/\/www.freebetbest.com\/bonificacion-de-apuestas-indias\/"},"modified":"2021-07-28T17:00:42","modified_gmt":"2021-07-28T17:00:42","slug":"bonificacion-de-apuestas-indias","status":"publish","type":"page","link":"https:\/\/www.freebetbest.com\/es\/bonificacion-de-apuestas-indias\/","title":{"rendered":"Bono de casas de apuestas indias"},"content":{"rendered":"<h2>Condiciones de bonificaci\u00f3n de casas de apuestas indias<\/h2>\nHemos trabajado duro para asegurarnos. Somos bonificaci\u00f3n de corredores de apuestas indios para juegos de azar en l\u00ednea. Brindar asesor\u00eda en cada \u00e1rea. Adem\u00e1s de brindarte las ofertas m\u00e1s favorables, incluso lo averiguaremos. El casino en l\u00ednea ideal, las estrategias m\u00e1s \u00fatiles y los m\u00e9todos de negociaci\u00f3n m\u00e1s populares.\n<h2><a href=\"https:\/\/www.freebetbest.com\/latest-free-betting-bonus\/\">Casino online<\/a> comparaci\u00f3n<\/h2>\nOperado en India. Todos los sitios de bonificaci\u00f3n de casas de apuestas indias en l\u00ednea. Con esta evaluaci\u00f3n, puede verlo de inmediato. Se puede obtener soporte general para juegos en estos sitios. Ya sea que est\u00e9 jugando en una m\u00e1quina tragamonedas o en un juego de mesa, todo esto deber\u00eda significar que lograr\u00e1 estar en un sitio web de videojuegos en l\u00ednea. Encuentra tu gran contenido.\n<h3>Bono de casas de apuestas indias<\/h3>\nAqu\u00ed estamos hoy en el mercado. Cada recompensa se clasifica y punt\u00faa. Esto puede informarle sobre todas las actividades deportivas. En breve. Bonos de juego y videojuegos de casino en l\u00ednea. El tama\u00f1o general especialmente proporcionado a usted.\n<h3>Revisi\u00f3n de bonificaci\u00f3n de los corredores de apuestas indios<\/h3>\nPor eso tenemos que estudiarlo con detenimiento. Caracter\u00edsticas de cada sitio web de bonificaci\u00f3n de los corredores de apuestas indios. Te lo explicaremos. Todo el contenido de las opciones de reproducci\u00f3n de cada sitio web y el an\u00e1lisis de las medidas de seguridad clave, como los m\u00e9todos de autenticaci\u00f3n y pago.\n\nLe permitiremos colocar. Los operadores con funciones espec\u00edficas son como los mejores sitios de juegos de azar de la India. Comentamos el bono. Se ha llevado a cabo un tratamiento similar para ayudarlo a comprender cosas como. En breve. Cosas como problemas con las apuestas. C\u00f3mo influir en su decisi\u00f3n final para obtener una de estas transacciones.\n<h3>Videojuegos \/ tragamonedas<\/h3>\nAyudaremos. Encuentre el ideal en el mercado actual. Juegos en l\u00ednea de casino en l\u00ednea. De algunos excelentes juegos de tragamonedas. Para algunos juegos de mesa fascinantes, nos aseguraremos de que comience. Todos los juegos de apuestas m\u00e1s populares. En breve. Incluso se lo proporcionaremos. Algunas ideas ser\u00e1n su videojuego de casino en Internet. Ll\u00e9valo al siguiente nivel.\n<h3>Preguntas frecuentes sobre las mejores apuestas para India<\/h3>\n\u00bfCu\u00e1l es el mejor bono de juego en la India?\n\nSe anunciar\u00e1 el mejor bono de apuestas. Mejore su experiencia de juego en general. Apropiadamente, hay varias bonificaciones de juego emocionantes. Disponible para compradores indios. \u00bfQuieres conocer los mejores bonos de apuestas en la India? Luego, vaya a la p\u00e1gina de recompensas de juegos de azar de freebetbest.com, de todos modos. En \u00e9l encontrar\u00e1 informaci\u00f3n sobre la India. Toda la informaci\u00f3n sobre las transacciones de bonificaci\u00f3n m\u00e1s importantes.\n<h3>Son<a href=\"https:\/\/www.freebetsinfo.co.uk\/free-bets\/\"> sitios de apuestas<\/a> legal en la India?<\/h3>\nUtilice los sitios de apuestas legales de bonificaci\u00f3n de las casas de apuestas indias. Ayudar\u00e1 a garantizar una aventura de juego segura. Estudiar temas en el campo legal puede ser complejo. Sin embargo, lo hemos perfeccionado en freebetbest.com. Toda la informaci\u00f3n que necesita saber. Adem\u00e1s, te ayudaremos. Encuentre los que est\u00e1n disponibles para los clientes indios. La transacci\u00f3n de bonificaci\u00f3n de apuestas m\u00e1s efectiva.\n<h3>\u00bfTienes la mejor apuesta completamente gratis?<\/h3>\nEn \u00faltima instancia, depende de lo que est\u00e9s buscando. Algunos entusiastas del deporte. Espero obtener recompensas por ellos. El nivel m\u00e1s alto de fondos de juego adicionales, que a otros les gusta. Buscando una mejor relaci\u00f3n calidad-precio. Adem\u00e1s, algunas recompensas tambi\u00e9n se pueden utilizar para juegos de casino en l\u00ednea. As\u00ed que, en resumen, consulte nuestra gu\u00eda para obtener ayuda con las recompensas de los juegos de azar. Sepa qu\u00e9 transacciones. Se adapta mejor a sus necesidades espec\u00edficas individuales.\n<h3>\u00bfAlguien puede obtener un bono sin dep\u00f3sito?<\/h3>\nCuando miras a la India. Conocer\u00e1 muchas de las mejores transacciones de bonificaci\u00f3n de las casas de apuestas indias. La mayor\u00eda de ellos solo pueden pasar. Agregue dep\u00f3sitos calificados hacia abajo para informar. Pero esto no quiere decir. No obtendr\u00e1 algunos bonos completamente gratis.\nAs\u00ed que por favor l\u00e9alo atentamente. Nuestra gu\u00eda de ayuda es recompensada por jugar, por lo que revelaremos las \u00faltimas ofertas para ser los mejores en India. En breve. Juega juegos en sitios de juegos sin bajar. Tus fondos personales.\n\n<!-- \/wp:post-content -->","protected":false},"excerpt":{"rendered":"<p>El mejor bono de bienvenida de apuestas de la India. India ofrece casinos en l\u00ednea y bonos de bienvenida promocionales, la casa de apuestas en l\u00ednea m\u00e1s confiable.<\/p>\n<div class=\"hero-cup-section\">\n<div class=\"row mb-4\">\n<div class=\"col-md-7\">\n<div class=\"section-area\">\n<div class=\"section-list\">\n<li style=\"text-align: left\"><img decoding=\"async\" src=\"https:\/\/www.freebetbest.com\/wp-content\/uploads\/2021\/06\/tick.png\" alt=\"Deportes\"> Bono de bienvenida de Sports Casino.<\/li>\n<li style=\"text-align: left\"><img decoding=\"async\" src=\"https:\/\/www.freebetbest.com\/wp-content\/uploads\/2021\/06\/tick.png\" alt=\"ofertas de juegos\"> Ofertas y promociones de casas de apuestas online.<\/li>\n<li style=\"text-align: left\"><img decoding=\"async\" src=\"https:\/\/www.freebetbest.com\/wp-content\/uploads\/2021\/06\/tick.png\" alt=\"ofertas de juegos\"> Las mejores casas de apuestas online en las que puede confiar.<\/li>\n<li style=\"text-align: left\"><img decoding=\"async\" src=\"https:\/\/www.freebetbest.com\/wp-content\/uploads\/2021\/06\/tick.png\" alt=\"Autoritario\"> Revisi\u00f3n autorizada Seguro confiable.<\/li>\n<li style=\"text-align: left\"><img decoding=\"async\" src=\"https:\/\/www.freebetbest.com\/wp-content\/uploads\/2021\/06\/tick.png\" alt=\"Retiros r\u00e1pidos\"> Soporte de aplicaciones m\u00f3viles, retiros r\u00e1pidos.<\/li>\n<li style=\"text-align: left\"><img decoding=\"async\" src=\"https:\/\/www.freebetbest.com\/wp-content\/uploads\/2021\/06\/tick.png\" alt=\"Atenci\u00f3n al cliente\"> Atenci\u00f3n al cliente: 365 d\u00edas, 24 horas al d\u00eda.<\/li>\n<\/div>\n<\/div>\n<\/div>\n<div class=\"col-md-5\">\n<div class=\"cup-img\"><img decoding=\"async\" src=\"https:\/\/www.freebetbest.com\/wp-content\/uploads\/2021\/06\/Thailand2.png\" alt=\"freebetbest\"><\/div>\n<\/div>\n<\/div>\n","protected":false},"author":1,"featured_media":125276,"parent":0,"menu_order":0,"comment_status":"closed","ping_status":"closed","template":"Indian-template.php","meta":{"footnotes":""},"class_list":["post-129302","page","type-page","status-publish","has-post-thumbnail","hentry"],"yoast_head":"<!-- This site is optimized with the Yoast SEO Premium plugin v19.5 (Yoast SEO v27.0) - https:\/\/yoast.com\/product\/yoast-seo-premium-wordpress\/ -->\n<title>Bono de casas de apuestas indias , las mejores ofertas de apuestas gratuitas en l\u00ednea<\/title>\n<meta name=\"description\" content=\"Bono de casas de apuestas indias , las mejores ofertas de apuestas gratuitas en l\u00edneaLas mejores probabilidades para las apuestas deportivas. Las mejores probabilidades para las apuestas deportivas. Ofertas de registro.\" \/>\n<meta name=\"robots\" content=\"index, follow, max-snippet:-1, max-image-preview:large, max-video-preview:-1\" \/>\n<link rel=\"canonical\" href=\"https:\/\/www.freebetbest.com\/es\/bonificacion-de-apuestas-indias\/\" \/>\n<meta property=\"og:locale\" content=\"es_ES\" \/>\n<meta property=\"og:type\" content=\"article\" \/>\n<meta property=\"og:title\" content=\"Bono de casas de apuestas indias\" \/>\n<meta property=\"og:description\" content=\"Bono de casas de apuestas indias , las mejores ofertas de apuestas gratuitas en l\u00edneaLas mejores probabilidades para las apuestas deportivas. Las mejores probabilidades para las apuestas deportivas. Ofertas de registro.\" \/>\n<meta property=\"og:url\" content=\"https:\/\/www.freebetbest.com\/es\/bonificacion-de-apuestas-indias\/\" \/>\n<meta property=\"og:site_name\" content=\"Apuesta gratis | Casino en l\u00ednea | Apuestas de f\u00fatbol | Mejores Casas De Apuestas Deportivas Online\" \/>\n<meta property=\"article:modified_time\" content=\"2021-07-28T17:00:42+00:00\" \/>\n<meta property=\"og:image\" content=\"https:\/\/www.freebetbest.com\/wp-content\/uploads\/2021\/06\/Bookmakers-scaled.jpg\" \/>\n\t<meta property=\"og:image:width\" content=\"417\" \/>\n\t<meta property=\"og:image:height\" content=\"180\" \/>\n\t<meta property=\"og:image:type\" content=\"image\/jpeg\" \/>\n<meta name=\"twitter:card\" content=\"summary_large_image\" \/>\n<meta name=\"twitter:label1\" content=\"Tiempo de lectura\" \/>\n\t<meta name=\"twitter:data1\" content=\"3 minutos\" \/>\n<script type=\"application\/ld+json\" class=\"yoast-schema-graph\">{\"@context\":\"https:\/\/schema.org\",\"@graph\":[{\"@type\":\"WebPage\",\"@id\":\"https:\/\/www.freebetbest.com\/es\/bonificacion-de-apuestas-indias\/\",\"url\":\"https:\/\/www.freebetbest.com\/es\/bonificacion-de-apuestas-indias\/\",\"name\":\"Bono de casas de apuestas indias , las mejores ofertas de apuestas gratuitas en l\u00ednea\",\"isPartOf\":{\"@id\":\"https:\/\/www.freebetbest.com\/es\/#website\"},\"primaryImageOfPage\":{\"@id\":\"https:\/\/www.freebetbest.com\/es\/bonificacion-de-apuestas-indias\/#primaryimage\"},\"image\":{\"@id\":\"https:\/\/www.freebetbest.com\/es\/bonificacion-de-apuestas-indias\/#primaryimage\"},\"thumbnailUrl\":\"https:\/\/www.freebetbest.com\/wp-content\/uploads\/2021\/06\/Bookmakers-scaled.jpg\",\"datePublished\":\"2021-06-10T16:12:08+00:00\",\"dateModified\":\"2021-07-28T17:00:42+00:00\",\"description\":\"Bono de casas de apuestas indias , las mejores ofertas de apuestas gratuitas en l\u00edneaLas mejores probabilidades para las apuestas deportivas. Las mejores probabilidades para las apuestas deportivas. Ofertas de registro.\",\"breadcrumb\":{\"@id\":\"https:\/\/www.freebetbest.com\/es\/bonificacion-de-apuestas-indias\/#breadcrumb\"},\"inLanguage\":\"es\",\"potentialAction\":[{\"@type\":\"ReadAction\",\"target\":[\"https:\/\/www.freebetbest.com\/es\/bonificacion-de-apuestas-indias\/\"]}]},{\"@type\":\"ImageObject\",\"inLanguage\":\"es\",\"@id\":\"https:\/\/www.freebetbest.com\/es\/bonificacion-de-apuestas-indias\/#primaryimage\",\"url\":\"https:\/\/www.freebetbest.com\/wp-content\/uploads\/2021\/06\/Bookmakers-scaled.jpg\",\"contentUrl\":\"https:\/\/www.freebetbest.com\/wp-content\/uploads\/2021\/06\/Bookmakers-scaled.jpg\",\"width\":417,\"height\":180,\"caption\":\"Bono de los corredores de apuestas de China\"},{\"@type\":\"BreadcrumbList\",\"@id\":\"https:\/\/www.freebetbest.com\/es\/bonificacion-de-apuestas-indias\/#breadcrumb\",\"itemListElement\":[{\"@type\":\"ListItem\",\"position\":1,\"name\":\"Home\",\"item\":\"https:\/\/www.freebetbest.com\/es\/\"},{\"@type\":\"ListItem\",\"position\":2,\"name\":\"Bono de casas de apuestas indias\"}]},{\"@type\":\"WebSite\",\"@id\":\"https:\/\/www.freebetbest.com\/es\/#website\",\"url\":\"https:\/\/www.freebetbest.com\/es\/\",\"name\":\"Apuesta gratis | Casino en l\u00ednea | Apuestas de f\u00fatbol | Mejores Casas De Apuestas Deportivas Online\",\"description\":\"Las mejores casas de apuestas en l\u00ednea, que ofrecen deportes, casino, p\u00f3ker, bingo y apuestas m\u00f3viles, casino en l\u00ednea, apuestas de f\u00fatbol, la mejor apuesta gratis, los portales de juego m\u00e1s importantes del mundo.\",\"publisher\":{\"@id\":\"https:\/\/www.freebetbest.com\/es\/#\/schema\/person\/292684ccf388a2362d507874c5b80a69\"},\"potentialAction\":[{\"@type\":\"SearchAction\",\"target\":{\"@type\":\"EntryPoint\",\"urlTemplate\":\"https:\/\/www.freebetbest.com\/es\/?s={search_term_string}\"},\"query-input\":{\"@type\":\"PropertyValueSpecification\",\"valueRequired\":true,\"valueName\":\"search_term_string\"}}],\"inLanguage\":\"es\"},{\"@type\":[\"Person\",\"Organization\"],\"@id\":\"https:\/\/www.freebetbest.com\/es\/#\/schema\/person\/292684ccf388a2362d507874c5b80a69\",\"name\":\"\u7ba1\u7406\",\"image\":{\"@type\":\"ImageObject\",\"inLanguage\":\"es\",\"@id\":\"https:\/\/www.freebetbest.com\/es\/#\/schema\/person\/image\/\",\"url\":\"https:\/\/www.freebetbest.com\/wp-content\/litespeed\/avatar\/49696b52fb15293a2168c14964fdd8b9.jpg?ver=1777439934\",\"contentUrl\":\"https:\/\/www.freebetbest.com\/wp-content\/litespeed\/avatar\/49696b52fb15293a2168c14964fdd8b9.jpg?ver=1777439934\",\"caption\":\"\u7ba1\u7406\"},\"logo\":{\"@id\":\"https:\/\/www.freebetbest.com\/es\/#\/schema\/person\/image\/\"},\"sameAs\":[\"admin\"]}]}<\/script>\n<!-- \/ Yoast SEO Premium plugin. -->","yoast_head_json":{"title":"Bono de casas de apuestas indias , las mejores ofertas de apuestas gratuitas en l\u00ednea","description":"Bono de casas de apuestas indias , las mejores ofertas de apuestas gratuitas en l\u00edneaLas mejores probabilidades para las apuestas deportivas. Las mejores probabilidades para las apuestas deportivas. Ofertas de registro.","robots":{"index":"index","follow":"follow","max-snippet":"max-snippet:-1","max-image-preview":"max-image-preview:large","max-video-preview":"max-video-preview:-1"},"canonical":"https:\/\/www.freebetbest.com\/es\/bonificacion-de-apuestas-indias\/","og_locale":"es_ES","og_type":"article","og_title":"Bono de casas de apuestas indias","og_description":"Bono de casas de apuestas indias , las mejores ofertas de apuestas gratuitas en l\u00edneaLas mejores probabilidades para las apuestas deportivas. Las mejores probabilidades para las apuestas deportivas. Ofertas de registro.","og_url":"https:\/\/www.freebetbest.com\/es\/bonificacion-de-apuestas-indias\/","og_site_name":"Apuesta gratis | Casino en l\u00ednea | Apuestas de f\u00fatbol | Mejores Casas De Apuestas Deportivas Online","article_modified_time":"2021-07-28T17:00:42+00:00","og_image":[{"width":417,"height":180,"url":"https:\/\/www.freebetbest.com\/wp-content\/uploads\/2021\/06\/Bookmakers-scaled.jpg","type":"image\/jpeg"}],"twitter_card":"summary_large_image","twitter_misc":{"Tiempo de lectura":"3 minutos"},"schema":{"@context":"https:\/\/schema.org","@graph":[{"@type":"WebPage","@id":"https:\/\/www.freebetbest.com\/es\/bonificacion-de-apuestas-indias\/","url":"https:\/\/www.freebetbest.com\/es\/bonificacion-de-apuestas-indias\/","name":"Bono de casas de apuestas indias , las mejores ofertas de apuestas gratuitas en l\u00ednea","isPartOf":{"@id":"https:\/\/www.freebetbest.com\/es\/#website"},"primaryImageOfPage":{"@id":"https:\/\/www.freebetbest.com\/es\/bonificacion-de-apuestas-indias\/#primaryimage"},"image":{"@id":"https:\/\/www.freebetbest.com\/es\/bonificacion-de-apuestas-indias\/#primaryimage"},"thumbnailUrl":"https:\/\/www.freebetbest.com\/wp-content\/uploads\/2021\/06\/Bookmakers-scaled.jpg","datePublished":"2021-06-10T16:12:08+00:00","dateModified":"2021-07-28T17:00:42+00:00","description":"Bono de casas de apuestas indias , las mejores ofertas de apuestas gratuitas en l\u00edneaLas mejores probabilidades para las apuestas deportivas. Las mejores probabilidades para las apuestas deportivas. Ofertas de registro.","breadcrumb":{"@id":"https:\/\/www.freebetbest.com\/es\/bonificacion-de-apuestas-indias\/#breadcrumb"},"inLanguage":"es","potentialAction":[{"@type":"ReadAction","target":["https:\/\/www.freebetbest.com\/es\/bonificacion-de-apuestas-indias\/"]}]},{"@type":"ImageObject","inLanguage":"es","@id":"https:\/\/www.freebetbest.com\/es\/bonificacion-de-apuestas-indias\/#primaryimage","url":"https:\/\/www.freebetbest.com\/wp-content\/uploads\/2021\/06\/Bookmakers-scaled.jpg","contentUrl":"https:\/\/www.freebetbest.com\/wp-content\/uploads\/2021\/06\/Bookmakers-scaled.jpg","width":417,"height":180,"caption":"Bono de los corredores de apuestas de China"},{"@type":"BreadcrumbList","@id":"https:\/\/www.freebetbest.com\/es\/bonificacion-de-apuestas-indias\/#breadcrumb","itemListElement":[{"@type":"ListItem","position":1,"name":"Home","item":"https:\/\/www.freebetbest.com\/es\/"},{"@type":"ListItem","position":2,"name":"Bono de casas de apuestas indias"}]},{"@type":"WebSite","@id":"https:\/\/www.freebetbest.com\/es\/#website","url":"https:\/\/www.freebetbest.com\/es\/","name":"Apuesta gratis | Casino en l\u00ednea | Apuestas de f\u00fatbol | Mejores Casas De Apuestas Deportivas Online","description":"Las mejores casas de apuestas en l\u00ednea, que ofrecen deportes, casino, p\u00f3ker, bingo y apuestas m\u00f3viles, casino en l\u00ednea, apuestas de f\u00fatbol, la mejor apuesta gratis, los portales de juego m\u00e1s importantes del mundo.","publisher":{"@id":"https:\/\/www.freebetbest.com\/es\/#\/schema\/person\/292684ccf388a2362d507874c5b80a69"},"potentialAction":[{"@type":"SearchAction","target":{"@type":"EntryPoint","urlTemplate":"https:\/\/www.freebetbest.com\/es\/?s={search_term_string}"},"query-input":{"@type":"PropertyValueSpecification","valueRequired":true,"valueName":"search_term_string"}}],"inLanguage":"es"},{"@type":["Person","Organization"],"@id":"https:\/\/www.freebetbest.com\/es\/#\/schema\/person\/292684ccf388a2362d507874c5b80a69","name":"\u7ba1\u7406","image":{"@type":"ImageObject","inLanguage":"es","@id":"https:\/\/www.freebetbest.com\/es\/#\/schema\/person\/image\/","url":"https:\/\/www.freebetbest.com\/wp-content\/litespeed\/avatar\/49696b52fb15293a2168c14964fdd8b9.jpg?ver=1777439934","contentUrl":"https:\/\/www.freebetbest.com\/wp-content\/litespeed\/avatar\/49696b52fb15293a2168c14964fdd8b9.jpg?ver=1777439934","caption":"\u7ba1\u7406"},"logo":{"@id":"https:\/\/www.freebetbest.com\/es\/#\/schema\/person\/image\/"},"sameAs":["admin"]}]}},"_links":{"self":[{"href":"https:\/\/www.freebetbest.com\/es\/wp-json\/wp\/v2\/pages\/129302","targetHints":{"allow":["GET"]}}],"collection":[{"href":"https:\/\/www.freebetbest.com\/es\/wp-json\/wp\/v2\/pages"}],"about":[{"href":"https:\/\/www.freebetbest.com\/es\/wp-json\/wp\/v2\/types\/page"}],"author":[{"embeddable":true,"href":"https:\/\/www.freebetbest.com\/es\/wp-json\/wp\/v2\/users\/1"}],"replies":[{"embeddable":true,"href":"https:\/\/www.freebetbest.com\/es\/wp-json\/wp\/v2\/comments?post=129302"}],"version-history":[{"count":0,"href":"https:\/\/www.freebetbest.com\/es\/wp-json\/wp\/v2\/pages\/129302\/revisions"}],"wp:featuredmedia":[{"embeddable":true,"href":"https:\/\/www.freebetbest.com\/es\/wp-json\/wp\/v2\/media\/125276"}],"wp:attachment":[{"href":"https:\/\/www.freebetbest.com\/es\/wp-json\/wp\/v2\/media?parent=129302"}],"curies":[{"name":"wp","href":"https:\/\/api.w.org\/{rel}","templated":true}]}}