{"id":129274,"date":"2021-06-10T11:36:03","date_gmt":"2021-06-10T11:36:03","guid":{"rendered":"https:\/\/www.freebetbest.com\/bonos-corredores-de-apuestas-europa\/"},"modified":"2021-07-29T10:25:59","modified_gmt":"2021-07-29T10:25:59","slug":"bono-de-casas-de-apuestas-de-europa","status":"publish","type":"page","link":"https:\/\/www.freebetbest.com\/es\/bono-de-casas-de-apuestas-de-europa\/","title":{"rendered":"Bono de casas de apuestas de Europa"},"content":{"rendered":"<h2>Bono de casa de apuestas europeo Recompensas<\/h2>\nBonificaciones adicionales por apuestas deportivas. Ya es la base de las apuestas. La raz\u00f3n detr\u00e1s de esto es. Compensa a los nuevos jugadores. Elija el bono de casas de apuestas europeo exacto y br\u00edndeles recompensas adicionales. Genere un pago inicial y comience el juego.\n<h3>Especialmente cuando puedes probarlo inicialmente.<a href=\"https:\/\/www.freebetsinfo.co.uk\/europe-bookmakers\/\"> Casas de apuestas europeas<\/a> prima<\/h3>\nBonificaciones de las casas de apuestas. Puede afectar su persistencia. Seg\u00fan las empresas de apuestas deportivas, la oferta agradable m\u00e1s com\u00fan. Consiste en agregar un bono, es decir, en tu primer pago inicial. Agregue una cierta cantidad de fondos de bonificaci\u00f3n, la cantidad puede variar del 50% al 200%.\n<h3>Haga que el bono de las casas de apuestas de Europa sea obvio<\/h3>\nDebes conocer a la casa de apuestas. Brindarle las mejores recompensas creativas. Como ver\u00e1, responder no es f\u00e1cil y factores como los t\u00e9rminos ocultos juegan un papel importante. Adem\u00e1s, existen valoraciones actuales basadas en los comentarios de los jugadores y las pruebas personales de freebetbest.com.\n<h3>Bonos de casas de apuestas europeas. \u00bfComo funciona?<\/h3>\nPara empezar rentable<a href=\"https:\/\/www.freebetbest.com\/europe-bookmakers-bonus\/\"> apuestas Deportivas<\/a> , debes saber que las apuestas deportivas est\u00e1n en curso. El bono aumentado mejorar\u00e1 su situaci\u00f3n financiera.\n<h3>Tu oportunidad de \u00e9xito.<\/h3>\nCada vez que te unes a una empresa de apuestas. Al pagar el anticipo, puede optar por hacer una propuesta para aumentar sustancialmente sus fondos.\n\nEsto puede variar del 25% al 200%. En palabras y frases b\u00e1sicas, tendr\u00e1s m\u00e1s ingresos. Para hacer una apuesta m\u00e1s grande. O haga una apuesta en otras ocasiones.\n\nSin embargo, ciertas condiciones facilitan la realizaci\u00f3n de bonos de dep\u00f3sito de juegos de azar. La decisi\u00f3n de hacerse efectiva o posiblemente equivocada.\n\nCada anuncio tiene ciertos requisitos, si desea retirar el bono, debe cumplir con estos requisitos.\n\nNinguna dimensi\u00f3n puede satisfacer todos los suministros. En comparaci\u00f3n con los beneficios del est\u00edmulo total, el lanzamiento de la apuesta gratuita puede ser menor, pero los requisitos son m\u00e1s relajados, lo que aumentar\u00e1 el nivel de recursos, pero las condiciones son m\u00e1s estrictas.\n<h3>Europe Bookmakers Bonus considera que las recompensas de las apuestas deportivas son muy importantes.<\/h3>\nConocen suficientes ofertas de bienvenida. Atraer\u00e1 nuevos atletas. Y proporcionar una muy buena compensaci\u00f3n. Adem\u00e1s, se puede establecer que se seguir\u00e1 manteniendo. Una base de participantes leales y proveedora de casas de apuestas. En conclusi\u00f3n, buena conversaci\u00f3n y buena reputaci\u00f3n sobre su mercado.\n<h3>\u00bfQu\u00e9 transacciones de bonificaci\u00f3n de las casas de apuestas son las m\u00e1s rentables?<\/h3>\n\u00bfQu\u00e9 transacciones de bonificaci\u00f3n de apuestas deportivas son las m\u00e1s rentables? Acaba de estar con su casa de apuestas. Firmado un contrato, quieres verlo. La parte de bonificaci\u00f3n de la inversi\u00f3n inicial. Puede esperar su aliento. En conclusi\u00f3n, puede que sea gratis para usted, pero se han aprendido muchas recompensas en las apuestas deportivas.\n<h3>Esto es algo muy valioso, siempre que conozca las condiciones de cotizaci\u00f3n de cada registro.<\/h3>\nBonificaci\u00f3n completa de su est\u00e1ndar. Entrega a apuestas gratis o inversiones equivalentes. Y todo lo involucrado.\n<h3>Premio de bonificaci\u00f3n a las mejores casas de apuestas de Europa<\/h3>\nDeterminado la principal compa\u00f1\u00eda de apuestas. Transacciones de bonificaci\u00f3n. De recompensas de apuestas. Tome decisiones, como apuestas gratuitas, bonos sin dep\u00f3sito. Y se proporcionan instrucciones a los pa\u00edses europeos. La mayor empresa de juegos registrada. Anuncia lo mejor aqu\u00ed. En conclusi\u00f3n, \u00a1la recompensa de juego en l\u00ednea m\u00e1s alta!\n<h3>Ingresos de la empresa de juegos<\/h3>\nLa casa de apuestas ofrece una variedad de apuestas. Reconocido por bonificaciones adicionales. Reg\u00edstrese y sea propietario de una empresa de juegos. Normalmente te lo traen. Bonita recompensa de bienvenida. Hay muchas casas de apuestas. Trate de atraerlo como jugador. El\u00edjalos como compa\u00f1\u00eda de apuestas. Jugar el juego.\n\nPero incluso si ya est\u00e1 basado en Internet. Las casas de apuestas se han mezclado durante un tiempo, y t\u00fa tambi\u00e9n puedes estarlo en muchas situaciones. Genere d\u00f3lares de juego. O podr\u00eda ser una apuesta gratis. Con nuestra \u00fatil lista de bonificaciones, puede saberlo exactamente. La casa de apuestas te espera. En conclusi\u00f3n, \u00a1Qu\u00e9 bonificaciones existentes se han recibido!\n\n<!-- \/wp:post-content -->","protected":false},"excerpt":{"rendered":"<p>Bono de corredores de apuestas de Europa, le ayuda a obtener el mejor bono de bienvenida y bono gratis ya preparados<\/p>\n<div class=\"hero-cup-section\">\n<div class=\"row mb-4\">\n<div class=\"col-md-7\">\n<div class=\"section-area\">\n<div class=\"section-list\">\n<li style=\"text-align: left\"><img decoding=\"async\" src=\"https:\/\/www.freebetbest.com\/wp-content\/uploads\/2021\/06\/tick.png\" alt=\"Deportes\"> Bono de bienvenida de Sports Casino.<\/li>\n<li style=\"text-align: left\"><img decoding=\"async\" src=\"https:\/\/www.freebetbest.com\/wp-content\/uploads\/2021\/06\/tick.png\" alt=\"ofertas de juegos\"> Ofertas y promociones de casas de apuestas online.<\/li>\n<li style=\"text-align: left\"><img decoding=\"async\" src=\"https:\/\/www.freebetbest.com\/wp-content\/uploads\/2021\/06\/tick.png\" alt=\"ofertas de juegos\"> Las mejores casas de apuestas online en las que puede confiar.<\/li>\n<li style=\"text-align: left\"><img decoding=\"async\" src=\"https:\/\/www.freebetbest.com\/wp-content\/uploads\/2021\/06\/tick.png\" alt=\"Autoritario\"> Revisi\u00f3n autorizada Seguro confiable.<\/li>\n<li style=\"text-align: left\"><img decoding=\"async\" src=\"https:\/\/www.freebetbest.com\/wp-content\/uploads\/2021\/06\/tick.png\" alt=\"Retiros r\u00e1pidos\"> Soporte de aplicaciones m\u00f3viles, retiros r\u00e1pidos.<\/li>\n<li style=\"text-align: left\"><img decoding=\"async\" src=\"https:\/\/www.freebetbest.com\/wp-content\/uploads\/2021\/06\/tick.png\" alt=\"Atenci\u00f3n al cliente\"> Atenci\u00f3n al cliente: 365 d\u00edas, 24 horas al d\u00eda.<\/li>\n<\/div>\n<\/div>\n<\/div>\n<div class=\"col-md-5\">\n<div class=\"cup-img\"><img decoding=\"async\" src=\"https:\/\/www.freebetbest.com\/wp-content\/uploads\/2021\/06\/Europe.png\" alt=\"freebetbest\"><\/div>\n<\/div>\n<\/div>\n","protected":false},"author":1,"featured_media":125276,"parent":0,"menu_order":0,"comment_status":"closed","ping_status":"closed","template":"europe-template.php","meta":{"footnotes":""},"class_list":["post-129274","page","type-page","status-publish","has-post-thumbnail","hentry"],"yoast_head":"<!-- This site is optimized with the Yoast SEO Premium plugin v19.5 (Yoast SEO v27.0) - https:\/\/yoast.com\/product\/yoast-seo-premium-wordpress\/ -->\n<title>Bono de casas de apuestas de Europa , ofertas de registro. Sitio web seguro y protegido.<\/title>\n<meta name=\"description\" content=\"Bono de casas de apuestas de Europa , bono de primer dep\u00f3sito, apuesta gratis, bono sin dep\u00f3sito, ofertas de registro. Sitio web seguro y protegido. Los bonos de bienvenida m\u00e1s altos\" \/>\n<meta name=\"robots\" content=\"index, follow, max-snippet:-1, max-image-preview:large, max-video-preview:-1\" \/>\n<link rel=\"canonical\" href=\"https:\/\/www.freebetbest.com\/es\/bono-de-casas-de-apuestas-de-europa\/\" \/>\n<meta property=\"og:locale\" content=\"es_ES\" \/>\n<meta property=\"og:type\" content=\"article\" \/>\n<meta property=\"og:title\" content=\"Bono de casas de apuestas de Europa\" \/>\n<meta property=\"og:description\" content=\"Bono de casas de apuestas de Europa , bono de primer dep\u00f3sito, apuesta gratis, bono sin dep\u00f3sito, ofertas de registro. Sitio web seguro y protegido. Los bonos de bienvenida m\u00e1s altos\" \/>\n<meta property=\"og:url\" content=\"https:\/\/www.freebetbest.com\/es\/bono-de-casas-de-apuestas-de-europa\/\" \/>\n<meta property=\"og:site_name\" content=\"Apuesta gratis | Casino en l\u00ednea | Apuestas de f\u00fatbol | Mejores Casas De Apuestas Deportivas Online\" \/>\n<meta property=\"article:modified_time\" content=\"2021-07-29T10:25:59+00:00\" \/>\n<meta property=\"og:image\" content=\"https:\/\/www.freebetbest.com\/wp-content\/uploads\/2021\/06\/Bookmakers-scaled.jpg\" \/>\n\t<meta property=\"og:image:width\" content=\"417\" \/>\n\t<meta property=\"og:image:height\" content=\"180\" \/>\n\t<meta property=\"og:image:type\" content=\"image\/jpeg\" \/>\n<meta name=\"twitter:card\" content=\"summary_large_image\" \/>\n<meta name=\"twitter:label1\" content=\"Tiempo de lectura\" \/>\n\t<meta name=\"twitter:data1\" content=\"3 minutos\" \/>\n<script type=\"application\/ld+json\" class=\"yoast-schema-graph\">{\"@context\":\"https:\/\/schema.org\",\"@graph\":[{\"@type\":\"WebPage\",\"@id\":\"https:\/\/www.freebetbest.com\/es\/bono-de-casas-de-apuestas-de-europa\/\",\"url\":\"https:\/\/www.freebetbest.com\/es\/bono-de-casas-de-apuestas-de-europa\/\",\"name\":\"Bono de casas de apuestas de Europa , ofertas de registro. Sitio web seguro y protegido.\",\"isPartOf\":{\"@id\":\"https:\/\/www.freebetbest.com\/es\/#website\"},\"primaryImageOfPage\":{\"@id\":\"https:\/\/www.freebetbest.com\/es\/bono-de-casas-de-apuestas-de-europa\/#primaryimage\"},\"image\":{\"@id\":\"https:\/\/www.freebetbest.com\/es\/bono-de-casas-de-apuestas-de-europa\/#primaryimage\"},\"thumbnailUrl\":\"https:\/\/www.freebetbest.com\/wp-content\/uploads\/2021\/06\/Bookmakers-scaled.jpg\",\"datePublished\":\"2021-06-10T11:36:03+00:00\",\"dateModified\":\"2021-07-29T10:25:59+00:00\",\"description\":\"Bono de casas de apuestas de Europa , bono de primer dep\u00f3sito, apuesta gratis, bono sin dep\u00f3sito, ofertas de registro. Sitio web seguro y protegido. Los bonos de bienvenida m\u00e1s altos\",\"breadcrumb\":{\"@id\":\"https:\/\/www.freebetbest.com\/es\/bono-de-casas-de-apuestas-de-europa\/#breadcrumb\"},\"inLanguage\":\"es\",\"potentialAction\":[{\"@type\":\"ReadAction\",\"target\":[\"https:\/\/www.freebetbest.com\/es\/bono-de-casas-de-apuestas-de-europa\/\"]}]},{\"@type\":\"ImageObject\",\"inLanguage\":\"es\",\"@id\":\"https:\/\/www.freebetbest.com\/es\/bono-de-casas-de-apuestas-de-europa\/#primaryimage\",\"url\":\"https:\/\/www.freebetbest.com\/wp-content\/uploads\/2021\/06\/Bookmakers-scaled.jpg\",\"contentUrl\":\"https:\/\/www.freebetbest.com\/wp-content\/uploads\/2021\/06\/Bookmakers-scaled.jpg\",\"width\":417,\"height\":180,\"caption\":\"Bono de los corredores de apuestas de China\"},{\"@type\":\"BreadcrumbList\",\"@id\":\"https:\/\/www.freebetbest.com\/es\/bono-de-casas-de-apuestas-de-europa\/#breadcrumb\",\"itemListElement\":[{\"@type\":\"ListItem\",\"position\":1,\"name\":\"Home\",\"item\":\"https:\/\/www.freebetbest.com\/es\/\"},{\"@type\":\"ListItem\",\"position\":2,\"name\":\"Bono de casas de apuestas de Europa\"}]},{\"@type\":\"WebSite\",\"@id\":\"https:\/\/www.freebetbest.com\/es\/#website\",\"url\":\"https:\/\/www.freebetbest.com\/es\/\",\"name\":\"Apuesta gratis | Casino en l\u00ednea | Apuestas de f\u00fatbol | Mejores Casas De Apuestas Deportivas Online\",\"description\":\"Las mejores casas de apuestas en l\u00ednea, que ofrecen deportes, casino, p\u00f3ker, bingo y apuestas m\u00f3viles, casino en l\u00ednea, apuestas de f\u00fatbol, la mejor apuesta gratis, los portales de juego m\u00e1s importantes del mundo.\",\"publisher\":{\"@id\":\"https:\/\/www.freebetbest.com\/es\/#\/schema\/person\/292684ccf388a2362d507874c5b80a69\"},\"potentialAction\":[{\"@type\":\"SearchAction\",\"target\":{\"@type\":\"EntryPoint\",\"urlTemplate\":\"https:\/\/www.freebetbest.com\/es\/?s={search_term_string}\"},\"query-input\":{\"@type\":\"PropertyValueSpecification\",\"valueRequired\":true,\"valueName\":\"search_term_string\"}}],\"inLanguage\":\"es\"},{\"@type\":[\"Person\",\"Organization\"],\"@id\":\"https:\/\/www.freebetbest.com\/es\/#\/schema\/person\/292684ccf388a2362d507874c5b80a69\",\"name\":\"\u7ba1\u7406\",\"image\":{\"@type\":\"ImageObject\",\"inLanguage\":\"es\",\"@id\":\"https:\/\/www.freebetbest.com\/es\/#\/schema\/person\/image\/\",\"url\":\"https:\/\/www.freebetbest.com\/wp-content\/litespeed\/avatar\/49696b52fb15293a2168c14964fdd8b9.jpg?ver=1777439934\",\"contentUrl\":\"https:\/\/www.freebetbest.com\/wp-content\/litespeed\/avatar\/49696b52fb15293a2168c14964fdd8b9.jpg?ver=1777439934\",\"caption\":\"\u7ba1\u7406\"},\"logo\":{\"@id\":\"https:\/\/www.freebetbest.com\/es\/#\/schema\/person\/image\/\"},\"sameAs\":[\"admin\"]}]}<\/script>\n<!-- \/ Yoast SEO Premium plugin. -->","yoast_head_json":{"title":"Bono de casas de apuestas de Europa , ofertas de registro. Sitio web seguro y protegido.","description":"Bono de casas de apuestas de Europa , bono de primer dep\u00f3sito, apuesta gratis, bono sin dep\u00f3sito, ofertas de registro. Sitio web seguro y protegido. Los bonos de bienvenida m\u00e1s altos","robots":{"index":"index","follow":"follow","max-snippet":"max-snippet:-1","max-image-preview":"max-image-preview:large","max-video-preview":"max-video-preview:-1"},"canonical":"https:\/\/www.freebetbest.com\/es\/bono-de-casas-de-apuestas-de-europa\/","og_locale":"es_ES","og_type":"article","og_title":"Bono de casas de apuestas de Europa","og_description":"Bono de casas de apuestas de Europa , bono de primer dep\u00f3sito, apuesta gratis, bono sin dep\u00f3sito, ofertas de registro. Sitio web seguro y protegido. Los bonos de bienvenida m\u00e1s altos","og_url":"https:\/\/www.freebetbest.com\/es\/bono-de-casas-de-apuestas-de-europa\/","og_site_name":"Apuesta gratis | Casino en l\u00ednea | Apuestas de f\u00fatbol | Mejores Casas De Apuestas Deportivas Online","article_modified_time":"2021-07-29T10:25:59+00:00","og_image":[{"width":417,"height":180,"url":"https:\/\/www.freebetbest.com\/wp-content\/uploads\/2021\/06\/Bookmakers-scaled.jpg","type":"image\/jpeg"}],"twitter_card":"summary_large_image","twitter_misc":{"Tiempo de lectura":"3 minutos"},"schema":{"@context":"https:\/\/schema.org","@graph":[{"@type":"WebPage","@id":"https:\/\/www.freebetbest.com\/es\/bono-de-casas-de-apuestas-de-europa\/","url":"https:\/\/www.freebetbest.com\/es\/bono-de-casas-de-apuestas-de-europa\/","name":"Bono de casas de apuestas de Europa , ofertas de registro. Sitio web seguro y protegido.","isPartOf":{"@id":"https:\/\/www.freebetbest.com\/es\/#website"},"primaryImageOfPage":{"@id":"https:\/\/www.freebetbest.com\/es\/bono-de-casas-de-apuestas-de-europa\/#primaryimage"},"image":{"@id":"https:\/\/www.freebetbest.com\/es\/bono-de-casas-de-apuestas-de-europa\/#primaryimage"},"thumbnailUrl":"https:\/\/www.freebetbest.com\/wp-content\/uploads\/2021\/06\/Bookmakers-scaled.jpg","datePublished":"2021-06-10T11:36:03+00:00","dateModified":"2021-07-29T10:25:59+00:00","description":"Bono de casas de apuestas de Europa , bono de primer dep\u00f3sito, apuesta gratis, bono sin dep\u00f3sito, ofertas de registro. Sitio web seguro y protegido. Los bonos de bienvenida m\u00e1s altos","breadcrumb":{"@id":"https:\/\/www.freebetbest.com\/es\/bono-de-casas-de-apuestas-de-europa\/#breadcrumb"},"inLanguage":"es","potentialAction":[{"@type":"ReadAction","target":["https:\/\/www.freebetbest.com\/es\/bono-de-casas-de-apuestas-de-europa\/"]}]},{"@type":"ImageObject","inLanguage":"es","@id":"https:\/\/www.freebetbest.com\/es\/bono-de-casas-de-apuestas-de-europa\/#primaryimage","url":"https:\/\/www.freebetbest.com\/wp-content\/uploads\/2021\/06\/Bookmakers-scaled.jpg","contentUrl":"https:\/\/www.freebetbest.com\/wp-content\/uploads\/2021\/06\/Bookmakers-scaled.jpg","width":417,"height":180,"caption":"Bono de los corredores de apuestas de China"},{"@type":"BreadcrumbList","@id":"https:\/\/www.freebetbest.com\/es\/bono-de-casas-de-apuestas-de-europa\/#breadcrumb","itemListElement":[{"@type":"ListItem","position":1,"name":"Home","item":"https:\/\/www.freebetbest.com\/es\/"},{"@type":"ListItem","position":2,"name":"Bono de casas de apuestas de Europa"}]},{"@type":"WebSite","@id":"https:\/\/www.freebetbest.com\/es\/#website","url":"https:\/\/www.freebetbest.com\/es\/","name":"Apuesta gratis | Casino en l\u00ednea | Apuestas de f\u00fatbol | Mejores Casas De Apuestas Deportivas Online","description":"Las mejores casas de apuestas en l\u00ednea, que ofrecen deportes, casino, p\u00f3ker, bingo y apuestas m\u00f3viles, casino en l\u00ednea, apuestas de f\u00fatbol, la mejor apuesta gratis, los portales de juego m\u00e1s importantes del mundo.","publisher":{"@id":"https:\/\/www.freebetbest.com\/es\/#\/schema\/person\/292684ccf388a2362d507874c5b80a69"},"potentialAction":[{"@type":"SearchAction","target":{"@type":"EntryPoint","urlTemplate":"https:\/\/www.freebetbest.com\/es\/?s={search_term_string}"},"query-input":{"@type":"PropertyValueSpecification","valueRequired":true,"valueName":"search_term_string"}}],"inLanguage":"es"},{"@type":["Person","Organization"],"@id":"https:\/\/www.freebetbest.com\/es\/#\/schema\/person\/292684ccf388a2362d507874c5b80a69","name":"\u7ba1\u7406","image":{"@type":"ImageObject","inLanguage":"es","@id":"https:\/\/www.freebetbest.com\/es\/#\/schema\/person\/image\/","url":"https:\/\/www.freebetbest.com\/wp-content\/litespeed\/avatar\/49696b52fb15293a2168c14964fdd8b9.jpg?ver=1777439934","contentUrl":"https:\/\/www.freebetbest.com\/wp-content\/litespeed\/avatar\/49696b52fb15293a2168c14964fdd8b9.jpg?ver=1777439934","caption":"\u7ba1\u7406"},"logo":{"@id":"https:\/\/www.freebetbest.com\/es\/#\/schema\/person\/image\/"},"sameAs":["admin"]}]}},"_links":{"self":[{"href":"https:\/\/www.freebetbest.com\/es\/wp-json\/wp\/v2\/pages\/129274","targetHints":{"allow":["GET"]}}],"collection":[{"href":"https:\/\/www.freebetbest.com\/es\/wp-json\/wp\/v2\/pages"}],"about":[{"href":"https:\/\/www.freebetbest.com\/es\/wp-json\/wp\/v2\/types\/page"}],"author":[{"embeddable":true,"href":"https:\/\/www.freebetbest.com\/es\/wp-json\/wp\/v2\/users\/1"}],"replies":[{"embeddable":true,"href":"https:\/\/www.freebetbest.com\/es\/wp-json\/wp\/v2\/comments?post=129274"}],"version-history":[{"count":0,"href":"https:\/\/www.freebetbest.com\/es\/wp-json\/wp\/v2\/pages\/129274\/revisions"}],"wp:featuredmedia":[{"embeddable":true,"href":"https:\/\/www.freebetbest.com\/es\/wp-json\/wp\/v2\/media\/125276"}],"wp:attachment":[{"href":"https:\/\/www.freebetbest.com\/es\/wp-json\/wp\/v2\/media?parent=129274"}],"curies":[{"name":"wp","href":"https:\/\/api.w.org\/{rel}","templated":true}]}}