{"id":129197,"date":"2021-06-10T12:02:39","date_gmt":"2021-06-10T12:02:39","guid":{"rendered":"https:\/\/www.freebetbest.com\/bonificacion-corredores-de-apuestas-china\/"},"modified":"2021-07-29T10:24:53","modified_gmt":"2021-07-29T10:24:53","slug":"bono-de-los-corredores-de-apuestas-de-china","status":"publish","type":"page","link":"https:\/\/www.freebetbest.com\/es\/bono-de-los-corredores-de-apuestas-de-china\/","title":{"rendered":"Bono de los corredores de apuestas de China"},"content":{"rendered":"<h3>Jugadores chinos que buscan el mejor bono de casas de apuestas de China<\/h3>\nDeber\u00edas saber exactamente por qu\u00e9. Ahora tenemos. El bono de casas de apuestas de China m\u00e1s eficaz. En la anal\u00edtica de internet<a href=\"https:\/\/www.freebetsinfo.co.uk\/china-online-bookmakers\/\"> sitios de apuestas<\/a> . Resuma nuestro juego en partes de Asia Cuando la lista principal de socios. Revisamos constantemente los sitios web m\u00e1s recientes. Para asegurarnos de que nuestras calificaciones y recomendaciones est\u00e9n actualizadas.\n\nListado aqu\u00ed. Es solo que estamos delineando. Cada internet de proveedores chinos. Actividades deportivas en sitios de juegos de azar. Intente encontrar algunos de los est\u00e1ndares m\u00e1s importantes.\n<h3>Estado de bonificaci\u00f3n y protecci\u00f3n de las casas de apuestas de China<\/h3>\nCuando quieras encontrar el adecuado. La seguridad es primordial cuando<a href=\"https:\/\/www.freebetsinfo.co.uk\/china-online-bookmakers\/\"> Apuestas deportivas de casas de apuestas asi\u00e1ticas<\/a> . Probamos. Sitios de apuestas en cada regi\u00f3n asi\u00e1tica para garantizar que cumplan con los est\u00e1ndares de protecci\u00f3n.\n<h3>Bono de las casas de apuestas de China elige<\/h3>\nSobre el proveedor en China. Al realizar apuestas en l\u00ednea, los m\u00e9todos de liquidaci\u00f3n por Internet son cruciales. Aseguramos el m\u00e9todo de liquidaci\u00f3n. Es simple y directo para usted personalmente. Si te apasiona. Use Alipay y otras billeteras electr\u00f3nicas, o elija usar UnionPay, etc. Reembolso de tarjetas de cr\u00e9dito bancarias, siempre puede encontrar oportunidades en nuestro sitio web de primer nivel.\n<h3>Segmento de mercado competitivo del juego<\/h3>\nTiene una amplia gama de mercados comerciales deportivos. La elecci\u00f3n tambi\u00e9n es muy importante. Por supuesto, a la mayor\u00eda de nosotros nos gusta. Apuesta por el f\u00fatbol y el baloncesto, pero \u00bfhas considerado otros deportes? Pues en ligas internacionales importantes. O casi en cualquier parte del mundo. \u00bfQu\u00e9 pasa con las apuestas en el juego? Somos el Lejano Oriente. Proporcione una lista de sitios que fomentan las apuestas deportivas.\n\nA trav\u00e9s de esta vista de p\u00e1gina. El sitio de apuestas asi\u00e1tico m\u00e1s alto, puede estar libremente en el mundo. Apostando en todos los eventos deportivos profesionales importantes.\n<h3>Mejores cuotas de bonificaci\u00f3n de China Bookmakers<\/h3>\nEn nuestro liderazgo. En el sitio web chino de apuestas deportivas. Las probabilidades de obtener el valor m\u00e1s alto. Significa que apostar\u00e1 en apuestas rentables. Ganar m\u00e1s dinero. Comprobaremos qu\u00e9 casas de apuestas. Proporcionado para la regi\u00f3n asi\u00e1tica. La mejor oportunidad para una serie de actividades deportivas.\n\nPuede confiar en que lo haremos. Apuestas deportivas online legales en Asia. Encuentra la mejor opci\u00f3n. Promovemos competiciones en algunos pa\u00edses \/ regiones asi\u00e1ticos.\n\nAl registrarse en el sitio de apuestas ideal en Asia, lo obtendr\u00e1 de inmediato. Eventos deportivos en vivo de todo el mundo. Mercados y oportunidades comerciales. El sitio asi\u00e1tico de apuestas deportivas elige el f\u00fatbol para todos los planes. Y casi todas las dem\u00e1s especialidades. Los deportistas profesionales ofrecen descuentos.\n\nSi se lleva a cabo en Asia. Los competidores locales o eventos celebrados en Asia, Estados Unidos o partes de Europa, pueden realizar apuestas y obtener dinero en efectivo.\n<h3><a href=\"https:\/\/www.freebetbest.com\/betting-sites\/\">Apuestas de f\u00fatbol<\/a><\/h3>\nEl f\u00fatbol es una actividad deportiva muy popular que se utiliza para las competiciones. Superliga china. En partes de Asia. Ha atra\u00eddo mucha atenci\u00f3n y puedes realizar apuestas basadas en los resultados de estos juegos. Asimismo, nuestro sitio de apuestas Oriental de confianza. Todo por tu Premier League.\n\nY otras ligas y torneos confiables. Proporcione probabilidades digitales. Si quieres apostar. Nuestro equipo nacional m\u00e1s querido, todo el Mundial. Definitivamente es una elecci\u00f3n clara.\n\nEn nuestro Bono de corredores de apuestas de China. El sitio de apuestas con la puntuaci\u00f3n m\u00e1s alta. \u00bfSe ha realizado la pr\u00f3xima apuesta? No tienes que aguantar demasiado. En resumen, es muy f\u00e1cil unirse y empezar, y solo lleva poco tiempo.\n\nSi desea que el programa sea m\u00e1s y m\u00e1s sencillo, todo lo que tiene que hacer es. Y es posible que desee estarlo en el futuro. Uno de los proveedores chinos. Casi todos los sitios de apuestas deportivas. El proceso utilizado es el mismo. Recomendamos ce\u00f1irse a \u00e9l. En resumen, nuestra casa de apuestas mejor valorada. Porque los encontramos. Es la opci\u00f3n m\u00e1s segura para los jugadores de apuestas asi\u00e1ticos.\n<h3>Elija sus casas de apuestas favoritas de China<\/h3>\nLos corredores de apuestas que animamos son geniales, pero a\u00fan as\u00ed deber\u00eda averiguarlo. \u00bfEn cu\u00e1l te gusta m\u00e1s apostar? Cargue el sitio web de nuestra lista. Y echa un vistazo. No es necesario que tarde mucho tiempo. Puede determinar qu\u00e9 experiencia. Lo que es deseable para ti, lo que se adapta a tus preferencias. Quiz\u00e1s est\u00e9s buscando uno. Contiene beneficios de juego muy seguros. O sitio web de bienestar. En breve. No te preocupes, estar\u00e1s en nuestra lista. Encuentre una casa de apuestas que cumpla con sus ideales.\n\n<!-- \/wp:post-content -->","protected":false},"excerpt":{"rendered":"<p>El bono de bienvenida de apuestas deportivas m\u00e1s com\u00fan. Ofertas y promociones de casinos en l\u00ednea en China, las mejores casas de apuestas en l\u00ednea de confianza.<\/p>\n<div class=\"hero-cup-section\">\n<div class=\"row mb-4\">\n<div class=\"col-md-7\">\n<div class=\"section-area\">\n<div class=\"section-list\">\n<li style=\"text-align: left\"><img decoding=\"async\" src=\"https:\/\/www.freebetbest.com\/wp-content\/uploads\/2021\/06\/tick.png\" alt=\"Deportes\"> Bono de bienvenida de Sports Casino.<\/li>\n<li style=\"text-align: left\"><img decoding=\"async\" src=\"https:\/\/www.freebetbest.com\/wp-content\/uploads\/2021\/06\/tick.png\" alt=\"ofertas de juegos\"> Ofertas y promociones de casas de apuestas online.<\/li>\n<li style=\"text-align: left\"><img decoding=\"async\" src=\"https:\/\/www.freebetbest.com\/wp-content\/uploads\/2021\/06\/tick.png\" alt=\"ofertas de juegos\"> Las mejores casas de apuestas online en las que puede confiar.<\/li>\n<li style=\"text-align: left\"><img decoding=\"async\" src=\"https:\/\/www.freebetbest.com\/wp-content\/uploads\/2021\/06\/tick.png\" alt=\"Autoritario\"> Revisi\u00f3n autorizada Seguro confiable.<\/li>\n<li style=\"text-align: left\"><img decoding=\"async\" src=\"https:\/\/www.freebetbest.com\/wp-content\/uploads\/2021\/06\/tick.png\" alt=\"Retiros r\u00e1pidos\"> Soporte de aplicaciones m\u00f3viles, retiros r\u00e1pidos.<\/li>\n<li style=\"text-align: left\"><img decoding=\"async\" src=\"https:\/\/www.freebetbest.com\/wp-content\/uploads\/2021\/06\/tick.png\" alt=\"Atenci\u00f3n al cliente\"> Atenci\u00f3n al cliente: 365 d\u00edas, 24 horas al d\u00eda.<\/li>\n<\/div>\n<\/div>\n<\/div>\n<div class=\"col-md-5\">\n<div class=\"cup-img\"><img decoding=\"async\" src=\"https:\/\/www.freebetbest.com\/wp-content\/uploads\/2021\/06\/china12.png\" alt=\"freebetbest\"><\/div>\n<\/div>\n<\/div>\n","protected":false},"author":1,"featured_media":125276,"parent":0,"menu_order":0,"comment_status":"closed","ping_status":"closed","template":"china-template.php","meta":{"footnotes":""},"class_list":["post-129197","page","type-page","status-publish","has-post-thumbnail","hentry"],"yoast_head":"<!-- This site is optimized with the Yoast SEO Premium plugin v19.5 (Yoast SEO v27.0) - https:\/\/yoast.com\/product\/yoast-seo-premium-wordpress\/ -->\n<title>Bono de los corredores de apuestas de China , promoci\u00f3n de dep\u00f3sito por primera vez<\/title>\n<meta name=\"description\" content=\"Bono de los corredores de apuestas de China , Apuesta gratis Bono sin dep\u00f3sito, bienvenido Ofertas de apuestas y bonos de registro, Bono de casas de apuestas de China\" \/>\n<meta name=\"robots\" content=\"index, follow, max-snippet:-1, max-image-preview:large, max-video-preview:-1\" \/>\n<link rel=\"canonical\" href=\"https:\/\/www.freebetbest.com\/es\/bono-de-los-corredores-de-apuestas-de-china\/\" \/>\n<meta property=\"og:locale\" content=\"es_ES\" \/>\n<meta property=\"og:type\" content=\"article\" \/>\n<meta property=\"og:title\" content=\"Bono de los corredores de apuestas de China\" \/>\n<meta property=\"og:description\" content=\"Bono de los corredores de apuestas de China , Apuesta gratis Bono sin dep\u00f3sito, bienvenido Ofertas de apuestas y bonos de registro, Bono de casas de apuestas de China\" \/>\n<meta property=\"og:url\" content=\"https:\/\/www.freebetbest.com\/es\/bono-de-los-corredores-de-apuestas-de-china\/\" \/>\n<meta property=\"og:site_name\" content=\"Apuesta gratis | Casino en l\u00ednea | Apuestas de f\u00fatbol | Mejores Casas De Apuestas Deportivas Online\" \/>\n<meta property=\"article:modified_time\" content=\"2021-07-29T10:24:53+00:00\" \/>\n<meta property=\"og:image\" content=\"https:\/\/www.freebetbest.com\/wp-content\/uploads\/2021\/06\/Bookmakers-scaled.jpg\" \/>\n\t<meta property=\"og:image:width\" content=\"417\" \/>\n\t<meta property=\"og:image:height\" content=\"180\" \/>\n\t<meta property=\"og:image:type\" content=\"image\/jpeg\" \/>\n<meta name=\"twitter:card\" content=\"summary_large_image\" \/>\n<meta name=\"twitter:label1\" content=\"Tiempo de lectura\" \/>\n\t<meta name=\"twitter:data1\" content=\"4 minutos\" \/>\n<script type=\"application\/ld+json\" class=\"yoast-schema-graph\">{\"@context\":\"https:\/\/schema.org\",\"@graph\":[{\"@type\":\"WebPage\",\"@id\":\"https:\/\/www.freebetbest.com\/es\/bono-de-los-corredores-de-apuestas-de-china\/\",\"url\":\"https:\/\/www.freebetbest.com\/es\/bono-de-los-corredores-de-apuestas-de-china\/\",\"name\":\"Bono de los corredores de apuestas de China , promoci\u00f3n de dep\u00f3sito por primera vez\",\"isPartOf\":{\"@id\":\"https:\/\/www.freebetbest.com\/es\/#website\"},\"primaryImageOfPage\":{\"@id\":\"https:\/\/www.freebetbest.com\/es\/bono-de-los-corredores-de-apuestas-de-china\/#primaryimage\"},\"image\":{\"@id\":\"https:\/\/www.freebetbest.com\/es\/bono-de-los-corredores-de-apuestas-de-china\/#primaryimage\"},\"thumbnailUrl\":\"https:\/\/www.freebetbest.com\/wp-content\/uploads\/2021\/06\/Bookmakers-scaled.jpg\",\"datePublished\":\"2021-06-10T12:02:39+00:00\",\"dateModified\":\"2021-07-29T10:24:53+00:00\",\"description\":\"Bono de los corredores de apuestas de China , Apuesta gratis Bono sin dep\u00f3sito, bienvenido Ofertas de apuestas y bonos de registro, Bono de casas de apuestas de China\",\"breadcrumb\":{\"@id\":\"https:\/\/www.freebetbest.com\/es\/bono-de-los-corredores-de-apuestas-de-china\/#breadcrumb\"},\"inLanguage\":\"es\",\"potentialAction\":[{\"@type\":\"ReadAction\",\"target\":[\"https:\/\/www.freebetbest.com\/es\/bono-de-los-corredores-de-apuestas-de-china\/\"]}]},{\"@type\":\"ImageObject\",\"inLanguage\":\"es\",\"@id\":\"https:\/\/www.freebetbest.com\/es\/bono-de-los-corredores-de-apuestas-de-china\/#primaryimage\",\"url\":\"https:\/\/www.freebetbest.com\/wp-content\/uploads\/2021\/06\/Bookmakers-scaled.jpg\",\"contentUrl\":\"https:\/\/www.freebetbest.com\/wp-content\/uploads\/2021\/06\/Bookmakers-scaled.jpg\",\"width\":417,\"height\":180,\"caption\":\"Bono de los corredores de apuestas de China\"},{\"@type\":\"BreadcrumbList\",\"@id\":\"https:\/\/www.freebetbest.com\/es\/bono-de-los-corredores-de-apuestas-de-china\/#breadcrumb\",\"itemListElement\":[{\"@type\":\"ListItem\",\"position\":1,\"name\":\"Home\",\"item\":\"https:\/\/www.freebetbest.com\/es\/\"},{\"@type\":\"ListItem\",\"position\":2,\"name\":\"Bono de los corredores de apuestas de China\"}]},{\"@type\":\"WebSite\",\"@id\":\"https:\/\/www.freebetbest.com\/es\/#website\",\"url\":\"https:\/\/www.freebetbest.com\/es\/\",\"name\":\"Apuesta gratis | Casino en l\u00ednea | Apuestas de f\u00fatbol | Mejores Casas De Apuestas Deportivas Online\",\"description\":\"Las mejores casas de apuestas en l\u00ednea, que ofrecen deportes, casino, p\u00f3ker, bingo y apuestas m\u00f3viles, casino en l\u00ednea, apuestas de f\u00fatbol, la mejor apuesta gratis, los portales de juego m\u00e1s importantes del mundo.\",\"publisher\":{\"@id\":\"https:\/\/www.freebetbest.com\/es\/#\/schema\/person\/292684ccf388a2362d507874c5b80a69\"},\"potentialAction\":[{\"@type\":\"SearchAction\",\"target\":{\"@type\":\"EntryPoint\",\"urlTemplate\":\"https:\/\/www.freebetbest.com\/es\/?s={search_term_string}\"},\"query-input\":{\"@type\":\"PropertyValueSpecification\",\"valueRequired\":true,\"valueName\":\"search_term_string\"}}],\"inLanguage\":\"es\"},{\"@type\":[\"Person\",\"Organization\"],\"@id\":\"https:\/\/www.freebetbest.com\/es\/#\/schema\/person\/292684ccf388a2362d507874c5b80a69\",\"name\":\"\u7ba1\u7406\",\"image\":{\"@type\":\"ImageObject\",\"inLanguage\":\"es\",\"@id\":\"https:\/\/www.freebetbest.com\/es\/#\/schema\/person\/image\/\",\"url\":\"https:\/\/www.freebetbest.com\/wp-content\/litespeed\/avatar\/49696b52fb15293a2168c14964fdd8b9.jpg?ver=1777439934\",\"contentUrl\":\"https:\/\/www.freebetbest.com\/wp-content\/litespeed\/avatar\/49696b52fb15293a2168c14964fdd8b9.jpg?ver=1777439934\",\"caption\":\"\u7ba1\u7406\"},\"logo\":{\"@id\":\"https:\/\/www.freebetbest.com\/es\/#\/schema\/person\/image\/\"},\"sameAs\":[\"admin\"]}]}<\/script>\n<!-- \/ Yoast SEO Premium plugin. -->","yoast_head_json":{"title":"Bono de los corredores de apuestas de China , promoci\u00f3n de dep\u00f3sito por primera vez","description":"Bono de los corredores de apuestas de China , Apuesta gratis Bono sin dep\u00f3sito, bienvenido Ofertas de apuestas y bonos de registro, Bono de casas de apuestas de China","robots":{"index":"index","follow":"follow","max-snippet":"max-snippet:-1","max-image-preview":"max-image-preview:large","max-video-preview":"max-video-preview:-1"},"canonical":"https:\/\/www.freebetbest.com\/es\/bono-de-los-corredores-de-apuestas-de-china\/","og_locale":"es_ES","og_type":"article","og_title":"Bono de los corredores de apuestas de China","og_description":"Bono de los corredores de apuestas de China , Apuesta gratis Bono sin dep\u00f3sito, bienvenido Ofertas de apuestas y bonos de registro, Bono de casas de apuestas de China","og_url":"https:\/\/www.freebetbest.com\/es\/bono-de-los-corredores-de-apuestas-de-china\/","og_site_name":"Apuesta gratis | Casino en l\u00ednea | Apuestas de f\u00fatbol | Mejores Casas De Apuestas Deportivas Online","article_modified_time":"2021-07-29T10:24:53+00:00","og_image":[{"width":417,"height":180,"url":"https:\/\/www.freebetbest.com\/wp-content\/uploads\/2021\/06\/Bookmakers-scaled.jpg","type":"image\/jpeg"}],"twitter_card":"summary_large_image","twitter_misc":{"Tiempo de lectura":"4 minutos"},"schema":{"@context":"https:\/\/schema.org","@graph":[{"@type":"WebPage","@id":"https:\/\/www.freebetbest.com\/es\/bono-de-los-corredores-de-apuestas-de-china\/","url":"https:\/\/www.freebetbest.com\/es\/bono-de-los-corredores-de-apuestas-de-china\/","name":"Bono de los corredores de apuestas de China , promoci\u00f3n de dep\u00f3sito por primera vez","isPartOf":{"@id":"https:\/\/www.freebetbest.com\/es\/#website"},"primaryImageOfPage":{"@id":"https:\/\/www.freebetbest.com\/es\/bono-de-los-corredores-de-apuestas-de-china\/#primaryimage"},"image":{"@id":"https:\/\/www.freebetbest.com\/es\/bono-de-los-corredores-de-apuestas-de-china\/#primaryimage"},"thumbnailUrl":"https:\/\/www.freebetbest.com\/wp-content\/uploads\/2021\/06\/Bookmakers-scaled.jpg","datePublished":"2021-06-10T12:02:39+00:00","dateModified":"2021-07-29T10:24:53+00:00","description":"Bono de los corredores de apuestas de China , Apuesta gratis Bono sin dep\u00f3sito, bienvenido Ofertas de apuestas y bonos de registro, Bono de casas de apuestas de China","breadcrumb":{"@id":"https:\/\/www.freebetbest.com\/es\/bono-de-los-corredores-de-apuestas-de-china\/#breadcrumb"},"inLanguage":"es","potentialAction":[{"@type":"ReadAction","target":["https:\/\/www.freebetbest.com\/es\/bono-de-los-corredores-de-apuestas-de-china\/"]}]},{"@type":"ImageObject","inLanguage":"es","@id":"https:\/\/www.freebetbest.com\/es\/bono-de-los-corredores-de-apuestas-de-china\/#primaryimage","url":"https:\/\/www.freebetbest.com\/wp-content\/uploads\/2021\/06\/Bookmakers-scaled.jpg","contentUrl":"https:\/\/www.freebetbest.com\/wp-content\/uploads\/2021\/06\/Bookmakers-scaled.jpg","width":417,"height":180,"caption":"Bono de los corredores de apuestas de China"},{"@type":"BreadcrumbList","@id":"https:\/\/www.freebetbest.com\/es\/bono-de-los-corredores-de-apuestas-de-china\/#breadcrumb","itemListElement":[{"@type":"ListItem","position":1,"name":"Home","item":"https:\/\/www.freebetbest.com\/es\/"},{"@type":"ListItem","position":2,"name":"Bono de los corredores de apuestas de China"}]},{"@type":"WebSite","@id":"https:\/\/www.freebetbest.com\/es\/#website","url":"https:\/\/www.freebetbest.com\/es\/","name":"Apuesta gratis | Casino en l\u00ednea | Apuestas de f\u00fatbol | Mejores Casas De Apuestas Deportivas Online","description":"Las mejores casas de apuestas en l\u00ednea, que ofrecen deportes, casino, p\u00f3ker, bingo y apuestas m\u00f3viles, casino en l\u00ednea, apuestas de f\u00fatbol, la mejor apuesta gratis, los portales de juego m\u00e1s importantes del mundo.","publisher":{"@id":"https:\/\/www.freebetbest.com\/es\/#\/schema\/person\/292684ccf388a2362d507874c5b80a69"},"potentialAction":[{"@type":"SearchAction","target":{"@type":"EntryPoint","urlTemplate":"https:\/\/www.freebetbest.com\/es\/?s={search_term_string}"},"query-input":{"@type":"PropertyValueSpecification","valueRequired":true,"valueName":"search_term_string"}}],"inLanguage":"es"},{"@type":["Person","Organization"],"@id":"https:\/\/www.freebetbest.com\/es\/#\/schema\/person\/292684ccf388a2362d507874c5b80a69","name":"\u7ba1\u7406","image":{"@type":"ImageObject","inLanguage":"es","@id":"https:\/\/www.freebetbest.com\/es\/#\/schema\/person\/image\/","url":"https:\/\/www.freebetbest.com\/wp-content\/litespeed\/avatar\/49696b52fb15293a2168c14964fdd8b9.jpg?ver=1777439934","contentUrl":"https:\/\/www.freebetbest.com\/wp-content\/litespeed\/avatar\/49696b52fb15293a2168c14964fdd8b9.jpg?ver=1777439934","caption":"\u7ba1\u7406"},"logo":{"@id":"https:\/\/www.freebetbest.com\/es\/#\/schema\/person\/image\/"},"sameAs":["admin"]}]}},"_links":{"self":[{"href":"https:\/\/www.freebetbest.com\/es\/wp-json\/wp\/v2\/pages\/129197","targetHints":{"allow":["GET"]}}],"collection":[{"href":"https:\/\/www.freebetbest.com\/es\/wp-json\/wp\/v2\/pages"}],"about":[{"href":"https:\/\/www.freebetbest.com\/es\/wp-json\/wp\/v2\/types\/page"}],"author":[{"embeddable":true,"href":"https:\/\/www.freebetbest.com\/es\/wp-json\/wp\/v2\/users\/1"}],"replies":[{"embeddable":true,"href":"https:\/\/www.freebetbest.com\/es\/wp-json\/wp\/v2\/comments?post=129197"}],"version-history":[{"count":0,"href":"https:\/\/www.freebetbest.com\/es\/wp-json\/wp\/v2\/pages\/129197\/revisions"}],"wp:featuredmedia":[{"embeddable":true,"href":"https:\/\/www.freebetbest.com\/es\/wp-json\/wp\/v2\/media\/125276"}],"wp:attachment":[{"href":"https:\/\/www.freebetbest.com\/es\/wp-json\/wp\/v2\/media?parent=129197"}],"curies":[{"name":"wp","href":"https:\/\/api.w.org\/{rel}","templated":true}]}}