{"id":4898,"date":"2019-06-19T14:03:44","date_gmt":"2019-06-19T14:03:44","guid":{"rendered":"https:\/\/www.freebetbest.com\/a-z-sportwetten\/"},"modified":"2021-07-28T17:39:02","modified_gmt":"2021-07-28T17:39:02","slug":"sportwetten","status":"publish","type":"page","link":"https:\/\/www.freebetbest.com\/de\/sportwetten\/","title":{"rendered":"Sport Casino Wetten"},"content":{"rendered":"<h2>Sportwetten &#8211; So w\u00e4hlen Sie online die richtige Wette aus<\/h2>\n<p>Ein wichtiger Faktor, um die f\u00fcr Sie passende Sportwette zu finden. Verlassen Sie sich auf personalisierte Vorlieben, aber es werden auch einige normale Hoffnungen aufgef\u00fchrt. Die Lieblingsdinge der meisten Verbraucher, wie eine solide Plattform und eine Vielzahl von Werbeartikeln.<\/p>\n<p>Wir werden es ein wenig \u00fcberpr\u00fcfen. Operatoren, die in all diesen Bereichen taggen. Zus\u00e4tzlich zu den Notwendigkeiten werden Sie einen finden wollen. Kann etwas f\u00fcr Ihr Geld bereitstellen. Eine Reserve von zuverl\u00e4ssigem Wert sowie ein Eigent\u00fcmer, der sich auf Wettunternehmen konzentriert.<\/p>\n<h2>Holen Sie sich die beste Chance bei Sportwetten<\/h2>\n<p>Und Sie werden die meisten davon finden. Es gibt relativ wenige Arten von wichtigen Operatoren. Diejenigen, die nicht bemerkt wurden, werden in diesem Fall als gut definierte Wettende wahrgenommen. Werde vorbeischauen. W\u00e4hle ein<a href=\"https:\/\/www.freebetsinfo.co.uk\/europe-bookmakers\/\"> Buchmacher<\/a> f\u00fcr eine bestimmte Sportart. Finden Sie zahlreiche Sportwetten-Angebote und neue Anmeldeboni sind die ersten Voraussetzungen.<\/p>\n<h3>Sportwetten-Website<\/h3>\n<p>Alle Sportwetten. Alle haben Kundenbindungsprogramme. Wenn Sie planen k\u00f6nnen, Wetten auszuf\u00fchren. Zus\u00e4tzliche Boni zu machen ist ein sehr gro\u00dfer Vorteil. Anbieter von Sportwetten. Es gibt weiterhin M\u00f6glichkeiten, Casinos mit Sport in dieser Hinsicht zu kombinieren, aber einige Betreiber sind Online-Spielen voraus. Es gibt einige sehr gute Buchmacher, die echte Anwendungen anbieten. Belohnungssoftware f\u00fcr Spieler.<\/p>\n<h3>Boni und Werbeaktionen<\/h3>\n<p>Sportwetten werden angeboten. Viele Belohnungen und Aktionen. Dies kann ein einmaliger Zeitpunkt oder eine fortlaufende Entscheidung sein, es gibt viele auf dem Markt. Punkte zur Auswahl. Im Folgenden finden Sie eine kurze Einf\u00fchrung in einige der gebr\u00e4uchlicheren Typen.<\/p>\n<h3>Optionen f\u00fcr Online-Sportaktivit\u00e4ten w\u00e4hlen Gl\u00fccksspiel<\/h3>\n<p>Fantastische Sportwetten-Website. F\u00fcr von Online-Spielen. Eine weitere M\u00f6glichkeit, einige Boni und Rabatte zu erhalten, ist der t\u00e4gliche Sport. Mit einem sehr treuen Kundenstamm wird das Gesch\u00e4ft weiterhin eine starke Dynamik aufweisen und es wird viel Platz geben. Machen Sie neue Endbenutzer gl\u00fccklich.<\/p>\n<h3>Wettseiten bieten verschiedene gro\u00dfe Sportaktivit\u00e4ten an<\/h3>\n<p>Sie k\u00f6nnen Ihre Wahrscheinlichkeit, am Turnier teilzunehmen, ber\u00fccksichtigen, was fast ja vorsieht. Ihre Chance, Ihren Gewinn zu verdoppeln oder eine gro\u00dfe Wette einzusetzen. Sicherstellung der Begeisterung des Preispool-Turniers.<\/p>\n<p>Umwerfend. Der Hauptpreis betr\u00e4gt 1 Million US-Dollar. Sie k\u00f6nnen die meisten Benutzer bringen. Und bieten die gr\u00f6\u00dfte Rendite, aber f\u00fcr diejenigen, die es kombinieren m\u00f6chten, gibt es eigentlich nur kleine Optionen. Mehr finden Sie in unserer Liste der<a href=\"https:\/\/www.freebetbest.com\/betting-sites\/\"> Buchmacher<\/a> .<\/p>\n<h3>Sportwetten-App<\/h3>\n<p>Sportwetten-Anwendung. Bietet High-End f\u00fcr Endbenutzer. Echte Sportwetten. Die meisten der besten Betreiber. Alle haben mobile Clients. Diese haben in einigen M\u00e4rkten keine Anwendung. Normalerweise ist ihre Website vollst\u00e4ndig optimiert, um auf Mobiltelefonen effektiv zu sein.<\/p>\n<p>Durch die Nutzung unserer exklusiven Backlinks. Nachdem Sie ein Konto erstellt haben, k\u00f6nnen Sie Apps von der Website des Betreibers abrufen. Sobald diese Phase abgeschlossen ist, melden Sie sich einfach beim tragbaren Ger\u00e4t an und Sie k\u00f6nnen mit dem Wetten beginnen.<\/p>\n<h3>Marktsegment Sportwetten<\/h3>\n<p>Sie k\u00f6nnen es online verwalten. Sie sollten alles au\u00dfer spezifischen Anforderungen verwalten. Bei Sportwetten. M\u00e4nnliche oder weibliche Registrierung f\u00fcr Sportwetten. Wir werden in einigen F\u00e4llen. Haben Sie einige detaillierte Informationen zur Bedingung-f\u00fcr-Bedingung-Spezifikation.<\/p>\n<p>Um die Wette vollst\u00e4ndig zu entdecken, m\u00fcssen Sie sich innerhalb eines klaren Umrisses befinden. Um Ihre Identit\u00e4t \u00fcberpr\u00fcfen zu k\u00f6nnen, verwendet der Betreiber diese. Im Allgemeinen als Geolokalisierungs\u00fcberwachung bezeichnet. Dies ist nach dem Grunderwerb. Bald in der Erfolgsbilanz. Der Bereich des laufenden Softwareprogramms.<\/p>\n<h3>So erhalten Sie die besten Wettm\u00f6glichkeiten und reichhaltige Boni<\/h3>\n<p>Bevor Sie eine Wette platzieren, nehmen Sie sich Zeit, um sich zu vergewissern. Sie erhalten die perfekten Kosten. Immer eine gute Idee. Einige Wetten unterscheiden sich erheblich. Es mag nicht gro\u00df erscheinen, aber auf lange Sicht kann es definitiv einen Vorteil haben. Es wird empfohlen, Buchmacher mit h\u00f6heren Quoten zu verwenden.<\/p>\n<p>Unsere Echtzeit-Quoten. Bietet einen ausgezeichneten Standort, um Wechselkurse an mehreren Standorten schnell und einfach zu \u00fcberpr\u00fcfen. Wir sind in mehreren F\u00fchrern. Verfolgen Sie den Preis, das hei\u00dft Sie. Sie m\u00fcssen dies nicht tun, also stellen Sie sicher, dass Sie es mit einem Lesezeichen versehen. Und jederzeit zur Ansicht bereit sein.<\/p>\n","protected":false},"excerpt":{"rendered":"<p>Sport-Casino-Wetten &#8211; alle Sport-Casino-Wettangebote und Neukundenboni sind hier aufgelistet<\/p>\n<div class=\"hero-cup-section\">\n<div class=\"row mb-4\">\n<div class=\"col-md-7\">\n<div class=\"section-area\">\n<div class=\"section-list\">\n<li style=\"text-align: left\"><img decoding=\"async\" src=\"https:\/\/www.freebetbest.com\/wp-content\/uploads\/2021\/06\/tick.png\" alt=\"Sport\"> Willkommensbonus im Sportcasino.<\/li>\n<li style=\"text-align: left\"><img decoding=\"async\" src=\"https:\/\/www.freebetbest.com\/wp-content\/uploads\/2021\/06\/tick.png\" alt=\"Spieleangebote\"> Angebote und Aktionen von Online-Buchmachern.<\/li>\n<li style=\"text-align: left\"><img decoding=\"async\" src=\"https:\/\/www.freebetbest.com\/wp-content\/uploads\/2021\/06\/tick.png\" alt=\"Spieleangebote\"> Die besten Online-Buchmacher, denen Sie vertrauen k\u00f6nnen.<\/li>\n<li style=\"text-align: left\"><img decoding=\"async\" src=\"https:\/\/www.freebetbest.com\/wp-content\/uploads\/2021\/06\/tick.png\" alt=\"Ma\u00dfgebend\"> Ma\u00dfgebliche \u00dcberpr\u00fcfung Sicher zuverl\u00e4ssig.<\/li>\n<li style=\"text-align: left\"><img decoding=\"async\" src=\"https:\/\/www.freebetbest.com\/wp-content\/uploads\/2021\/06\/tick.png\" alt=\"Schnelle Abhebungen\"> Mobile APP-Unterst\u00fctzung, schnelle Auszahlungen.<\/li>\n<li style=\"text-align: left\"><img decoding=\"async\" src=\"https:\/\/www.freebetbest.com\/wp-content\/uploads\/2021\/06\/tick.png\" alt=\"Kundendienst\"> Kundensupport: 365 Tage, 24 Stunden am Tag.<\/li>\n<\/div>\n<\/div>\n<\/div>\n<div class=\"col-md-5\">\n<div class=\"cup-img\"><img decoding=\"async\" src=\"https:\/\/www.freebetbest.com\/wp-content\/uploads\/2021\/06\/sports-casino.png\" alt=\"freebetbest\"><\/div>\n<\/div>\n<\/div>\n","protected":false},"author":1,"featured_media":129067,"parent":0,"menu_order":0,"comment_status":"closed","ping_status":"closed","template":"all-az-template.php","meta":{"footnotes":""},"class_list":["post-4898","page","type-page","status-publish","has-post-thumbnail","hentry"],"yoast_head":"<!-- This site is optimized with the Yoast SEO Premium plugin v19.5 (Yoast SEO v27.0) - https:\/\/yoast.com\/product\/yoast-seo-premium-wordpress\/ -->\n<title>Sportwetten | Beste Buchmacher | Gratiswetten ohne Einzahlung<\/title>\n<meta name=\"description\" content=\"Beste Online-Buchmacher, Casinos, Poker, Bingo und mobile Wetten, Sport Casino Wetten Online-Casinos, beste Online-Wettseite.\" \/>\n<meta name=\"robots\" content=\"index, follow, max-snippet:-1, max-image-preview:large, max-video-preview:-1\" \/>\n<link rel=\"canonical\" href=\"https:\/\/www.freebetbest.com\/de\/sportwetten\/\" \/>\n<meta property=\"og:locale\" content=\"de_DE\" \/>\n<meta property=\"og:type\" content=\"article\" \/>\n<meta property=\"og:title\" content=\"Sport Casino Wetten\" \/>\n<meta property=\"og:description\" content=\"Beste Online-Buchmacher, Casinos, Poker, Bingo und mobile Wetten, Sport Casino Wetten Online-Casinos, beste Online-Wettseite.\" \/>\n<meta property=\"og:url\" content=\"https:\/\/www.freebetbest.com\/de\/sportwetten\/\" \/>\n<meta property=\"og:site_name\" content=\"Gratis Wetten | beste Online Casinos | Sportwetten Bonus\" \/>\n<meta property=\"article:modified_time\" content=\"2021-07-28T17:39:02+00:00\" \/>\n<meta property=\"og:image\" content=\"https:\/\/www.freebetbest.com\/wp-content\/uploads\/2021\/06\/all-sports-casino-1.jpg\" \/>\n\t<meta property=\"og:image:width\" content=\"650\" \/>\n\t<meta property=\"og:image:height\" content=\"371\" \/>\n\t<meta property=\"og:image:type\" content=\"image\/jpeg\" \/>\n<meta name=\"twitter:card\" content=\"summary_large_image\" \/>\n<meta name=\"twitter:label1\" content=\"Gesch\u00e4tzte Lesezeit\" \/>\n\t<meta name=\"twitter:data1\" content=\"3\u00a0Minuten\" \/>\n<script type=\"application\/ld+json\" class=\"yoast-schema-graph\">{\"@context\":\"https:\/\/schema.org\",\"@graph\":[{\"@type\":\"WebPage\",\"@id\":\"https:\/\/www.freebetbest.com\/de\/sportwetten\/\",\"url\":\"https:\/\/www.freebetbest.com\/de\/sportwetten\/\",\"name\":\"Sportwetten | Beste Buchmacher | Gratiswetten ohne Einzahlung\",\"isPartOf\":{\"@id\":\"https:\/\/www.freebetbest.com\/de\/#website\"},\"primaryImageOfPage\":{\"@id\":\"https:\/\/www.freebetbest.com\/de\/sportwetten\/#primaryimage\"},\"image\":{\"@id\":\"https:\/\/www.freebetbest.com\/de\/sportwetten\/#primaryimage\"},\"thumbnailUrl\":\"https:\/\/www.freebetbest.com\/wp-content\/uploads\/2021\/06\/all-sports-casino-1.jpg\",\"datePublished\":\"2019-06-19T14:03:44+00:00\",\"dateModified\":\"2021-07-28T17:39:02+00:00\",\"description\":\"Beste Online-Buchmacher, Casinos, Poker, Bingo und mobile Wetten, Sport Casino Wetten Online-Casinos, beste Online-Wettseite.\",\"breadcrumb\":{\"@id\":\"https:\/\/www.freebetbest.com\/de\/sportwetten\/#breadcrumb\"},\"inLanguage\":\"de\",\"potentialAction\":[{\"@type\":\"ReadAction\",\"target\":[\"https:\/\/www.freebetbest.com\/de\/sportwetten\/\"]}]},{\"@type\":\"ImageObject\",\"inLanguage\":\"de\",\"@id\":\"https:\/\/www.freebetbest.com\/de\/sportwetten\/#primaryimage\",\"url\":\"https:\/\/www.freebetbest.com\/wp-content\/uploads\/2021\/06\/all-sports-casino-1.jpg\",\"contentUrl\":\"https:\/\/www.freebetbest.com\/wp-content\/uploads\/2021\/06\/all-sports-casino-1.jpg\",\"width\":650,\"height\":371,\"caption\":\"alle Sportcasinos\"},{\"@type\":\"BreadcrumbList\",\"@id\":\"https:\/\/www.freebetbest.com\/de\/sportwetten\/#breadcrumb\",\"itemListElement\":[{\"@type\":\"ListItem\",\"position\":1,\"name\":\"Home\",\"item\":\"https:\/\/www.freebetbest.com\/de\/\"},{\"@type\":\"ListItem\",\"position\":2,\"name\":\"Sport Casino Wetten\"}]},{\"@type\":\"WebSite\",\"@id\":\"https:\/\/www.freebetbest.com\/de\/#website\",\"url\":\"https:\/\/www.freebetbest.com\/de\/\",\"name\":\"Gratis Wetten | beste Online Casinos | Sportwetten Bonus\",\"description\":\"Das beste Online Buchmacher,Das Sportwetten, Casino-, Poker-, Bingo- und Mobilwetten, Online-Casinos, Fu\u00dfballwetten, Ohne Einzahlung Promo-Codes, Das weltweit f\u00fchrende Gl\u00fccksspielportal anbietet.\",\"publisher\":{\"@id\":\"https:\/\/www.freebetbest.com\/de\/#\/schema\/person\/292684ccf388a2362d507874c5b80a69\"},\"potentialAction\":[{\"@type\":\"SearchAction\",\"target\":{\"@type\":\"EntryPoint\",\"urlTemplate\":\"https:\/\/www.freebetbest.com\/de\/?s={search_term_string}\"},\"query-input\":{\"@type\":\"PropertyValueSpecification\",\"valueRequired\":true,\"valueName\":\"search_term_string\"}}],\"inLanguage\":\"de\"},{\"@type\":[\"Person\",\"Organization\"],\"@id\":\"https:\/\/www.freebetbest.com\/de\/#\/schema\/person\/292684ccf388a2362d507874c5b80a69\",\"name\":\"\u7ba1\u7406\",\"image\":{\"@type\":\"ImageObject\",\"inLanguage\":\"de\",\"@id\":\"https:\/\/www.freebetbest.com\/de\/#\/schema\/person\/image\/\",\"url\":\"https:\/\/www.freebetbest.com\/wp-content\/litespeed\/avatar\/49696b52fb15293a2168c14964fdd8b9.jpg?ver=1776835103\",\"contentUrl\":\"https:\/\/www.freebetbest.com\/wp-content\/litespeed\/avatar\/49696b52fb15293a2168c14964fdd8b9.jpg?ver=1776835103\",\"caption\":\"\u7ba1\u7406\"},\"logo\":{\"@id\":\"https:\/\/www.freebetbest.com\/de\/#\/schema\/person\/image\/\"},\"sameAs\":[\"admin\"]}]}<\/script>\n<!-- \/ Yoast SEO Premium plugin. -->","yoast_head_json":{"title":"Sportwetten | Beste Buchmacher | Gratiswetten ohne Einzahlung","description":"Beste Online-Buchmacher, Casinos, Poker, Bingo und mobile Wetten, Sport Casino Wetten Online-Casinos, beste Online-Wettseite.","robots":{"index":"index","follow":"follow","max-snippet":"max-snippet:-1","max-image-preview":"max-image-preview:large","max-video-preview":"max-video-preview:-1"},"canonical":"https:\/\/www.freebetbest.com\/de\/sportwetten\/","og_locale":"de_DE","og_type":"article","og_title":"Sport Casino Wetten","og_description":"Beste Online-Buchmacher, Casinos, Poker, Bingo und mobile Wetten, Sport Casino Wetten Online-Casinos, beste Online-Wettseite.","og_url":"https:\/\/www.freebetbest.com\/de\/sportwetten\/","og_site_name":"Gratis Wetten | beste Online Casinos | Sportwetten Bonus","article_modified_time":"2021-07-28T17:39:02+00:00","og_image":[{"width":650,"height":371,"url":"https:\/\/www.freebetbest.com\/wp-content\/uploads\/2021\/06\/all-sports-casino-1.jpg","type":"image\/jpeg"}],"twitter_card":"summary_large_image","twitter_misc":{"Gesch\u00e4tzte Lesezeit":"3\u00a0Minuten"},"schema":{"@context":"https:\/\/schema.org","@graph":[{"@type":"WebPage","@id":"https:\/\/www.freebetbest.com\/de\/sportwetten\/","url":"https:\/\/www.freebetbest.com\/de\/sportwetten\/","name":"Sportwetten | Beste Buchmacher | Gratiswetten ohne Einzahlung","isPartOf":{"@id":"https:\/\/www.freebetbest.com\/de\/#website"},"primaryImageOfPage":{"@id":"https:\/\/www.freebetbest.com\/de\/sportwetten\/#primaryimage"},"image":{"@id":"https:\/\/www.freebetbest.com\/de\/sportwetten\/#primaryimage"},"thumbnailUrl":"https:\/\/www.freebetbest.com\/wp-content\/uploads\/2021\/06\/all-sports-casino-1.jpg","datePublished":"2019-06-19T14:03:44+00:00","dateModified":"2021-07-28T17:39:02+00:00","description":"Beste Online-Buchmacher, Casinos, Poker, Bingo und mobile Wetten, Sport Casino Wetten Online-Casinos, beste Online-Wettseite.","breadcrumb":{"@id":"https:\/\/www.freebetbest.com\/de\/sportwetten\/#breadcrumb"},"inLanguage":"de","potentialAction":[{"@type":"ReadAction","target":["https:\/\/www.freebetbest.com\/de\/sportwetten\/"]}]},{"@type":"ImageObject","inLanguage":"de","@id":"https:\/\/www.freebetbest.com\/de\/sportwetten\/#primaryimage","url":"https:\/\/www.freebetbest.com\/wp-content\/uploads\/2021\/06\/all-sports-casino-1.jpg","contentUrl":"https:\/\/www.freebetbest.com\/wp-content\/uploads\/2021\/06\/all-sports-casino-1.jpg","width":650,"height":371,"caption":"alle Sportcasinos"},{"@type":"BreadcrumbList","@id":"https:\/\/www.freebetbest.com\/de\/sportwetten\/#breadcrumb","itemListElement":[{"@type":"ListItem","position":1,"name":"Home","item":"https:\/\/www.freebetbest.com\/de\/"},{"@type":"ListItem","position":2,"name":"Sport Casino Wetten"}]},{"@type":"WebSite","@id":"https:\/\/www.freebetbest.com\/de\/#website","url":"https:\/\/www.freebetbest.com\/de\/","name":"Gratis Wetten | beste Online Casinos | Sportwetten Bonus","description":"Das beste Online Buchmacher,Das Sportwetten, Casino-, Poker-, Bingo- und Mobilwetten, Online-Casinos, Fu\u00dfballwetten, Ohne Einzahlung Promo-Codes, Das weltweit f\u00fchrende Gl\u00fccksspielportal anbietet.","publisher":{"@id":"https:\/\/www.freebetbest.com\/de\/#\/schema\/person\/292684ccf388a2362d507874c5b80a69"},"potentialAction":[{"@type":"SearchAction","target":{"@type":"EntryPoint","urlTemplate":"https:\/\/www.freebetbest.com\/de\/?s={search_term_string}"},"query-input":{"@type":"PropertyValueSpecification","valueRequired":true,"valueName":"search_term_string"}}],"inLanguage":"de"},{"@type":["Person","Organization"],"@id":"https:\/\/www.freebetbest.com\/de\/#\/schema\/person\/292684ccf388a2362d507874c5b80a69","name":"\u7ba1\u7406","image":{"@type":"ImageObject","inLanguage":"de","@id":"https:\/\/www.freebetbest.com\/de\/#\/schema\/person\/image\/","url":"https:\/\/www.freebetbest.com\/wp-content\/litespeed\/avatar\/49696b52fb15293a2168c14964fdd8b9.jpg?ver=1776835103","contentUrl":"https:\/\/www.freebetbest.com\/wp-content\/litespeed\/avatar\/49696b52fb15293a2168c14964fdd8b9.jpg?ver=1776835103","caption":"\u7ba1\u7406"},"logo":{"@id":"https:\/\/www.freebetbest.com\/de\/#\/schema\/person\/image\/"},"sameAs":["admin"]}]}},"_links":{"self":[{"href":"https:\/\/www.freebetbest.com\/de\/wp-json\/wp\/v2\/pages\/4898","targetHints":{"allow":["GET"]}}],"collection":[{"href":"https:\/\/www.freebetbest.com\/de\/wp-json\/wp\/v2\/pages"}],"about":[{"href":"https:\/\/www.freebetbest.com\/de\/wp-json\/wp\/v2\/types\/page"}],"author":[{"embeddable":true,"href":"https:\/\/www.freebetbest.com\/de\/wp-json\/wp\/v2\/users\/1"}],"replies":[{"embeddable":true,"href":"https:\/\/www.freebetbest.com\/de\/wp-json\/wp\/v2\/comments?post=4898"}],"version-history":[{"count":0,"href":"https:\/\/www.freebetbest.com\/de\/wp-json\/wp\/v2\/pages\/4898\/revisions"}],"wp:featuredmedia":[{"embeddable":true,"href":"https:\/\/www.freebetbest.com\/de\/wp-json\/wp\/v2\/media\/129067"}],"wp:attachment":[{"href":"https:\/\/www.freebetbest.com\/de\/wp-json\/wp\/v2\/media?parent=4898"}],"curies":[{"name":"wp","href":"https:\/\/api.w.org\/{rel}","templated":true}]}}