{"id":4873,"date":"2019-07-15T08:14:02","date_gmt":"2019-07-15T08:14:02","guid":{"rendered":"https:\/\/www.freebetbest.com\/cricket-online-wetten\/"},"modified":"2021-07-28T17:19:00","modified_gmt":"2021-07-28T17:19:00","slug":"cricket-online-wetten","status":"publish","type":"page","link":"https:\/\/www.freebetbest.com\/de\/cricket-online-wetten\/","title":{"rendered":"Neueste Cricket-Online-Wetten"},"content":{"rendered":"<h3>Cricket-Online-Wetten: Leitfaden, Funktionen und Angebote f\u00fcr<a href=\"https:\/\/www.freebetbest.com\/de\/wettseiten\/\"> Buchmacher<\/a><\/h3>\n<p>Online-Wetten auf Cricket. Es ist eine Gemeinschaftsveranstaltung mit vielen Fans. Dies ist haupts\u00e4chlich auf Cricket zur\u00fcckzuf\u00fchren. Es wird in Indien immer beliebter, mit mehr als 1 Milliarde Menschen bleiben, und dank indischer Enthusiasten wird Cricket nach einigen Quellen auf der Erde werden. Die zweitgr\u00f6\u00dfte Sportart nach Fu\u00dfball. Videospiele finden das ganze Jahr \u00fcber statt, die M\u00f6glichkeit von Cricket-Online-Wetten. Es ist fast endlos.<\/p>\n<h3>Die Form von Cricket-Wetten.<\/h3>\n<p>Es gibt ein Unentschieden in der ersten Grille, so dass die Wahrscheinlichkeit des Endergebnisses des Tests dreifach ist. Attraktionsergebnisse sind nicht so regelm\u00e4\u00dfig wie beim Basketball, aber eher \u00e4hnlich wie beim Hockey. In einem einmaligen Format bietet Ihnen der Buchmacher &#8222;Twenty&#8220; zwei Ergebnisse, die jedoch nicht angezogen werden k\u00f6nnen.<\/p>\n<h3>Erh\u00f6hen Sie die M\u00f6glichkeiten.<\/h3>\n<p>\u00c4hnlich wie beim Wetten um Ergebnisse k\u00f6nnen Sie die Wahrscheinlichkeit nur erh\u00f6hen. Fassen Sie diese beiden Ergebnisse zu einem niedrigeren Preis zusammen. Zum Beispiel nicht anziehen oder einen der Mitarbeiter. Wird zumindest nicht fallen.<\/p>\n<h3>Ein guter Anfang.<\/h3>\n<p>Hier k\u00f6nnen Sie die Vorteile vorhersagen, die das Team gewinnen wird, oder es werden m\u00f6glicherweise keine weiteren Hindernisse f\u00fcr den Gegner geschaffen. In Testspielen zwischen starken Teams sind beispielsweise absolut keine Quoten beliebt.<\/p>\n<h3>Verallgemeinern.<\/h3>\n<p>Wetten Sie auf die Anzahl der Wunden pro Aktivit\u00e4t oder Einzelphase \u2013 nach 5, 10 usw. und 15 Mal. Es kann die Gesamtzahl jedes Besatzungsmitglieds sein. Und die volle Personenzahl.<\/p>\n<h3>Teilnehmerdaten.<\/h3>\n<p>In der h\u00f6chsten Stufe von Cricket kann man im Allgemeinen genug finden. Gedanken zu pers\u00f6nlichen Leistungen der Spieler. Die Signale sind sehr unterschiedlich: die Anzahl der Verletzungen oder 6 Schl\u00e4ge, so die zahlreichen Champions im Videospiel. Der beste Batsman oder beste Spieler der Convention.<\/p>\n<h3>Aktivit\u00e4tsstatistik.<\/h3>\n<p>Cricket hat eine F\u00fclle von Daten und kleinen Anl\u00e4ssen. In einem Feld \u00fcber die Anzahl der Rebounds. Oder das beste Ergebnis der ersten Zusammenarbeit. Auf dem Weg zum gro\u00dfen Wettbewerb ist es wirklich nicht schwer, ein Angebot zu finden. Dar\u00fcber hinaus sind auch viele B\u00fcrogeb\u00e4ude zu empfehlen. Wie man die erste T\u00fcr zerst\u00f6rt.<\/p>\n<h3>Cricket-Online-Wetten sind im ersten Spiel.<\/h3>\n<p>Im Langzeittest der Mitbewerber der beliebteste Wettmarkt, da muss man f\u00fcndig werden. Auf die Ergebnisse des ersten Spiels muss man nicht ein paar Tage geduldig warten. Es ist normalerweise in der N\u00e4he der ersten Runde zu finden. Die verschiedenen Wetten, die zuvor erw\u00e4hnt wurden.<\/p>\n<h3>Besuchen Sie die Verlosung.<\/h3>\n<p>Buchmacher k\u00f6nnen in jedem wichtigen Spiel dabei sein. Machen Sie die realistischste Vorhersage. Die Spekulationswahrscheinlichkeit in der ersten Gruppe betr\u00e4gt 50 zu 50. Wenn Sie das Spiel l\u00e4ngere Zeit spielen, verlieren Sie immer noch Geld am Rande des Buchmachers.<\/p>\n<h3>Cricket-Online-Wettstrategie<\/h3>\n<p>Die beste Vorhersage f\u00fcr Cricket. Faktoren sind n\u00fctzliche Elemente. Es hat eine echte Bedeutung, die haupts\u00e4chlich auf seine einzigartige Wetttechnologie zur\u00fcckzuf\u00fchren ist. Es gibt viele M\u00f6glichkeiten der Match-Analyse, unabh\u00e4ngig vom Format des Matches. Bei der Auswahl einer Cricket-Wette k\u00f6nnen Sie f\u00fcnf finden. Die wichtigsten zu ber\u00fccksichtigenden Faktoren.<\/p>\n<h3>Wettbonus<\/h3>\n<p>Dieser Prozess dient dazu, die beste Versorgung zu erhalten. Und besiege den Stolperstein des Belohnungsproblems. Unser Unternehmen ist hier, um Ihnen zu helfen. Bestimmen Sie die Gl\u00fccksspielangebote. Es ist Ihre Zeit und M\u00fche wert, welche Sie blockieren sollten und welche Gl\u00fccksspielseiten. Bieten Sie die besten Gl\u00fccksspielangebote.<\/p>\n<h3>Cricket-Wettangebote:<a href=\"https:\/\/www.freebetsinfo.co.uk\/free-bets\/\"> Gratiswetten<\/a><\/h3>\n<p>Cricket ist nicht nur das am weitesten verbreitete auf der Erde. Online-Schl\u00e4ger- und Golfspiel. Es ist in der Tat Internet-Gl\u00fccksspiel. Das dynamischste Sportereignis mit einem riesigen weltweiten Publikum. Die Betreiber sind diese Leute. Bietet viel Attraktives. Wettbewerbsf\u00e4higkeit von Cricket-Wetten.<\/p>\n<p><!-- \/wp:post-content --><\/p>\n<p><!-- wp:paragraph \/--><\/p>\n","protected":false},"excerpt":{"rendered":"<p>Cricket-Wetten: Richtlinien, Eigenschaften und<\/p>\n<div class=\"hero-cup-section\">\n<div class=\"row mb-4\">\n<div class=\"col-md-7\">\n<div class=\"section-area\">\n<div class=\"section-list\">\n<li style=\"text-align: left\"><img decoding=\"async\" src=\"https:\/\/www.freebetbest.com\/wp-content\/uploads\/2021\/06\/tick.png\" alt=\"Sport\"> Willkommensbonus im Sportcasino.<\/li>\n<li style=\"text-align: left\"><img decoding=\"async\" src=\"https:\/\/www.freebetbest.com\/wp-content\/uploads\/2021\/06\/tick.png\" alt=\"Spieleangebote\"> Angebote und Aktionen von Online-Buchmachern.<\/li>\n<li style=\"text-align: left\"><img decoding=\"async\" src=\"https:\/\/www.freebetbest.com\/wp-content\/uploads\/2021\/06\/tick.png\" alt=\"Spieleangebote\"> Die besten Online-Buchmacher, denen Sie vertrauen k\u00f6nnen.<\/li>\n<li style=\"text-align: left\"><img decoding=\"async\" src=\"https:\/\/www.freebetbest.com\/wp-content\/uploads\/2021\/06\/tick.png\" alt=\"Ma\u00dfgebend\"> Ma\u00dfgebliche \u00dcberpr\u00fcfung Sicher zuverl\u00e4ssig.<\/li>\n<li style=\"text-align: left\"><img decoding=\"async\" src=\"https:\/\/www.freebetbest.com\/wp-content\/uploads\/2021\/06\/tick.png\" alt=\"Schnelle Abhebungen\"> Mobile APP-Unterst\u00fctzung, schnelle Auszahlungen.<\/li>\n<li style=\"text-align: left\"><img decoding=\"async\" src=\"https:\/\/www.freebetbest.com\/wp-content\/uploads\/2021\/06\/tick.png\" alt=\"Kundendienst\"> Kundensupport: 365 Tage, 24 Stunden am Tag.<\/li>\n<\/div>\n<\/div>\n<\/div>\n<div class=\"col-md-5\">\n<div class=\"cup-img\"><img decoding=\"async\" src=\"https:\/\/www.freebetbest.com\/wp-content\/uploads\/2021\/06\/asia.png\" alt=\"Sport\"><\/div>\n<\/div>\n<\/div>\n","protected":false},"author":1,"featured_media":4875,"parent":0,"menu_order":0,"comment_status":"closed","ping_status":"closed","template":"Sports-template.php","meta":{"footnotes":""},"class_list":["post-4873","page","type-page","status-publish","has-post-thumbnail","hentry"],"yoast_head":"<!-- This site is optimized with the Yoast SEO Premium plugin v19.5 (Yoast SEO v27.0) - https:\/\/yoast.com\/product\/yoast-seo-premium-wordpress\/ -->\n<title>Neueste Cricket-Online-Wetten<\/title>\n<meta name=\"description\" content=\"Neueste Cricket-Online-Wetten Beste Online-Buchmacher, bietet Sport, Casino, Poker, Bingo und mobile Wetten, Gratiswette ohne Einzahlung\" \/>\n<meta name=\"robots\" content=\"index, follow, max-snippet:-1, max-image-preview:large, max-video-preview:-1\" \/>\n<link rel=\"canonical\" href=\"https:\/\/www.freebetbest.com\/de\/cricket-online-wetten\/\" \/>\n<meta property=\"og:locale\" content=\"de_DE\" \/>\n<meta property=\"og:type\" content=\"article\" \/>\n<meta property=\"og:title\" content=\"Neueste Cricket-Online-Wetten\" \/>\n<meta property=\"og:description\" content=\"Neueste Cricket-Online-Wetten Beste Online-Buchmacher, bietet Sport, Casino, Poker, Bingo und mobile Wetten, Gratiswette ohne Einzahlung\" \/>\n<meta property=\"og:url\" content=\"https:\/\/www.freebetbest.com\/de\/cricket-online-wetten\/\" \/>\n<meta property=\"og:site_name\" content=\"Gratis Wetten | beste Online Casinos | Sportwetten Bonus\" \/>\n<meta property=\"article:modified_time\" content=\"2021-07-28T17:19:00+00:00\" \/>\n<meta property=\"og:image\" content=\"https:\/\/www.freebetbest.com\/wp-content\/uploads\/2019\/07\/Cricket.jpg\" \/>\n\t<meta property=\"og:image:width\" content=\"500\" \/>\n\t<meta property=\"og:image:height\" content=\"175\" \/>\n\t<meta property=\"og:image:type\" content=\"image\/jpeg\" \/>\n<meta name=\"twitter:card\" content=\"summary_large_image\" \/>\n<meta name=\"twitter:label1\" content=\"Gesch\u00e4tzte Lesezeit\" \/>\n\t<meta name=\"twitter:data1\" content=\"3\u00a0Minuten\" \/>\n<script type=\"application\/ld+json\" class=\"yoast-schema-graph\">{\"@context\":\"https:\/\/schema.org\",\"@graph\":[{\"@type\":\"WebPage\",\"@id\":\"https:\/\/www.freebetbest.com\/de\/cricket-online-wetten\/\",\"url\":\"https:\/\/www.freebetbest.com\/de\/cricket-online-wetten\/\",\"name\":\"Neueste Cricket-Online-Wetten\",\"isPartOf\":{\"@id\":\"https:\/\/www.freebetbest.com\/de\/#website\"},\"primaryImageOfPage\":{\"@id\":\"https:\/\/www.freebetbest.com\/de\/cricket-online-wetten\/#primaryimage\"},\"image\":{\"@id\":\"https:\/\/www.freebetbest.com\/de\/cricket-online-wetten\/#primaryimage\"},\"thumbnailUrl\":\"https:\/\/www.freebetbest.com\/wp-content\/uploads\/2019\/07\/Cricket.jpg\",\"datePublished\":\"2019-07-15T08:14:02+00:00\",\"dateModified\":\"2021-07-28T17:19:00+00:00\",\"description\":\"Neueste Cricket-Online-Wetten Beste Online-Buchmacher, bietet Sport, Casino, Poker, Bingo und mobile Wetten, Gratiswette ohne Einzahlung\",\"breadcrumb\":{\"@id\":\"https:\/\/www.freebetbest.com\/de\/cricket-online-wetten\/#breadcrumb\"},\"inLanguage\":\"de\",\"potentialAction\":[{\"@type\":\"ReadAction\",\"target\":[\"https:\/\/www.freebetbest.com\/de\/cricket-online-wetten\/\"]}]},{\"@type\":\"ImageObject\",\"inLanguage\":\"de\",\"@id\":\"https:\/\/www.freebetbest.com\/de\/cricket-online-wetten\/#primaryimage\",\"url\":\"https:\/\/www.freebetbest.com\/wp-content\/uploads\/2019\/07\/Cricket.jpg\",\"contentUrl\":\"https:\/\/www.freebetbest.com\/wp-content\/uploads\/2019\/07\/Cricket.jpg\",\"width\":500,\"height\":175,\"caption\":\"Cricket-Online-Wetten\"},{\"@type\":\"BreadcrumbList\",\"@id\":\"https:\/\/www.freebetbest.com\/de\/cricket-online-wetten\/#breadcrumb\",\"itemListElement\":[{\"@type\":\"ListItem\",\"position\":1,\"name\":\"Home\",\"item\":\"https:\/\/www.freebetbest.com\/de\/\"},{\"@type\":\"ListItem\",\"position\":2,\"name\":\"Neueste Cricket-Online-Wetten\"}]},{\"@type\":\"WebSite\",\"@id\":\"https:\/\/www.freebetbest.com\/de\/#website\",\"url\":\"https:\/\/www.freebetbest.com\/de\/\",\"name\":\"Gratis Wetten | beste Online Casinos | Sportwetten Bonus\",\"description\":\"Das beste Online Buchmacher,Das Sportwetten, Casino-, Poker-, Bingo- und Mobilwetten, Online-Casinos, Fu\u00dfballwetten, Ohne Einzahlung Promo-Codes, Das weltweit f\u00fchrende Gl\u00fccksspielportal anbietet.\",\"publisher\":{\"@id\":\"https:\/\/www.freebetbest.com\/de\/#\/schema\/person\/292684ccf388a2362d507874c5b80a69\"},\"potentialAction\":[{\"@type\":\"SearchAction\",\"target\":{\"@type\":\"EntryPoint\",\"urlTemplate\":\"https:\/\/www.freebetbest.com\/de\/?s={search_term_string}\"},\"query-input\":{\"@type\":\"PropertyValueSpecification\",\"valueRequired\":true,\"valueName\":\"search_term_string\"}}],\"inLanguage\":\"de\"},{\"@type\":[\"Person\",\"Organization\"],\"@id\":\"https:\/\/www.freebetbest.com\/de\/#\/schema\/person\/292684ccf388a2362d507874c5b80a69\",\"name\":\"\u7ba1\u7406\",\"image\":{\"@type\":\"ImageObject\",\"inLanguage\":\"de\",\"@id\":\"https:\/\/www.freebetbest.com\/de\/#\/schema\/person\/image\/\",\"url\":\"https:\/\/www.freebetbest.com\/wp-content\/litespeed\/avatar\/49696b52fb15293a2168c14964fdd8b9.jpg?ver=1777439934\",\"contentUrl\":\"https:\/\/www.freebetbest.com\/wp-content\/litespeed\/avatar\/49696b52fb15293a2168c14964fdd8b9.jpg?ver=1777439934\",\"caption\":\"\u7ba1\u7406\"},\"logo\":{\"@id\":\"https:\/\/www.freebetbest.com\/de\/#\/schema\/person\/image\/\"},\"sameAs\":[\"admin\"]}]}<\/script>\n<!-- \/ Yoast SEO Premium plugin. -->","yoast_head_json":{"title":"Neueste Cricket-Online-Wetten","description":"Neueste Cricket-Online-Wetten Beste Online-Buchmacher, bietet Sport, Casino, Poker, Bingo und mobile Wetten, Gratiswette ohne Einzahlung","robots":{"index":"index","follow":"follow","max-snippet":"max-snippet:-1","max-image-preview":"max-image-preview:large","max-video-preview":"max-video-preview:-1"},"canonical":"https:\/\/www.freebetbest.com\/de\/cricket-online-wetten\/","og_locale":"de_DE","og_type":"article","og_title":"Neueste Cricket-Online-Wetten","og_description":"Neueste Cricket-Online-Wetten Beste Online-Buchmacher, bietet Sport, Casino, Poker, Bingo und mobile Wetten, Gratiswette ohne Einzahlung","og_url":"https:\/\/www.freebetbest.com\/de\/cricket-online-wetten\/","og_site_name":"Gratis Wetten | beste Online Casinos | Sportwetten Bonus","article_modified_time":"2021-07-28T17:19:00+00:00","og_image":[{"width":500,"height":175,"url":"https:\/\/www.freebetbest.com\/wp-content\/uploads\/2019\/07\/Cricket.jpg","type":"image\/jpeg"}],"twitter_card":"summary_large_image","twitter_misc":{"Gesch\u00e4tzte Lesezeit":"3\u00a0Minuten"},"schema":{"@context":"https:\/\/schema.org","@graph":[{"@type":"WebPage","@id":"https:\/\/www.freebetbest.com\/de\/cricket-online-wetten\/","url":"https:\/\/www.freebetbest.com\/de\/cricket-online-wetten\/","name":"Neueste Cricket-Online-Wetten","isPartOf":{"@id":"https:\/\/www.freebetbest.com\/de\/#website"},"primaryImageOfPage":{"@id":"https:\/\/www.freebetbest.com\/de\/cricket-online-wetten\/#primaryimage"},"image":{"@id":"https:\/\/www.freebetbest.com\/de\/cricket-online-wetten\/#primaryimage"},"thumbnailUrl":"https:\/\/www.freebetbest.com\/wp-content\/uploads\/2019\/07\/Cricket.jpg","datePublished":"2019-07-15T08:14:02+00:00","dateModified":"2021-07-28T17:19:00+00:00","description":"Neueste Cricket-Online-Wetten Beste Online-Buchmacher, bietet Sport, Casino, Poker, Bingo und mobile Wetten, Gratiswette ohne Einzahlung","breadcrumb":{"@id":"https:\/\/www.freebetbest.com\/de\/cricket-online-wetten\/#breadcrumb"},"inLanguage":"de","potentialAction":[{"@type":"ReadAction","target":["https:\/\/www.freebetbest.com\/de\/cricket-online-wetten\/"]}]},{"@type":"ImageObject","inLanguage":"de","@id":"https:\/\/www.freebetbest.com\/de\/cricket-online-wetten\/#primaryimage","url":"https:\/\/www.freebetbest.com\/wp-content\/uploads\/2019\/07\/Cricket.jpg","contentUrl":"https:\/\/www.freebetbest.com\/wp-content\/uploads\/2019\/07\/Cricket.jpg","width":500,"height":175,"caption":"Cricket-Online-Wetten"},{"@type":"BreadcrumbList","@id":"https:\/\/www.freebetbest.com\/de\/cricket-online-wetten\/#breadcrumb","itemListElement":[{"@type":"ListItem","position":1,"name":"Home","item":"https:\/\/www.freebetbest.com\/de\/"},{"@type":"ListItem","position":2,"name":"Neueste Cricket-Online-Wetten"}]},{"@type":"WebSite","@id":"https:\/\/www.freebetbest.com\/de\/#website","url":"https:\/\/www.freebetbest.com\/de\/","name":"Gratis Wetten | beste Online Casinos | Sportwetten Bonus","description":"Das beste Online Buchmacher,Das Sportwetten, Casino-, Poker-, Bingo- und Mobilwetten, Online-Casinos, Fu\u00dfballwetten, Ohne Einzahlung Promo-Codes, Das weltweit f\u00fchrende Gl\u00fccksspielportal anbietet.","publisher":{"@id":"https:\/\/www.freebetbest.com\/de\/#\/schema\/person\/292684ccf388a2362d507874c5b80a69"},"potentialAction":[{"@type":"SearchAction","target":{"@type":"EntryPoint","urlTemplate":"https:\/\/www.freebetbest.com\/de\/?s={search_term_string}"},"query-input":{"@type":"PropertyValueSpecification","valueRequired":true,"valueName":"search_term_string"}}],"inLanguage":"de"},{"@type":["Person","Organization"],"@id":"https:\/\/www.freebetbest.com\/de\/#\/schema\/person\/292684ccf388a2362d507874c5b80a69","name":"\u7ba1\u7406","image":{"@type":"ImageObject","inLanguage":"de","@id":"https:\/\/www.freebetbest.com\/de\/#\/schema\/person\/image\/","url":"https:\/\/www.freebetbest.com\/wp-content\/litespeed\/avatar\/49696b52fb15293a2168c14964fdd8b9.jpg?ver=1777439934","contentUrl":"https:\/\/www.freebetbest.com\/wp-content\/litespeed\/avatar\/49696b52fb15293a2168c14964fdd8b9.jpg?ver=1777439934","caption":"\u7ba1\u7406"},"logo":{"@id":"https:\/\/www.freebetbest.com\/de\/#\/schema\/person\/image\/"},"sameAs":["admin"]}]}},"_links":{"self":[{"href":"https:\/\/www.freebetbest.com\/de\/wp-json\/wp\/v2\/pages\/4873","targetHints":{"allow":["GET"]}}],"collection":[{"href":"https:\/\/www.freebetbest.com\/de\/wp-json\/wp\/v2\/pages"}],"about":[{"href":"https:\/\/www.freebetbest.com\/de\/wp-json\/wp\/v2\/types\/page"}],"author":[{"embeddable":true,"href":"https:\/\/www.freebetbest.com\/de\/wp-json\/wp\/v2\/users\/1"}],"replies":[{"embeddable":true,"href":"https:\/\/www.freebetbest.com\/de\/wp-json\/wp\/v2\/comments?post=4873"}],"version-history":[{"count":0,"href":"https:\/\/www.freebetbest.com\/de\/wp-json\/wp\/v2\/pages\/4873\/revisions"}],"wp:featuredmedia":[{"embeddable":true,"href":"https:\/\/www.freebetbest.com\/de\/wp-json\/wp\/v2\/media\/4875"}],"wp:attachment":[{"href":"https:\/\/www.freebetbest.com\/de\/wp-json\/wp\/v2\/media?parent=4873"}],"curies":[{"name":"wp","href":"https:\/\/api.w.org\/{rel}","templated":true}]}}