{"id":4858,"date":"2019-07-18T03:47:29","date_gmt":"2019-07-18T03:47:29","guid":{"rendered":"https:\/\/www.freebetbest.com\/casino-online-wetten\/"},"modified":"2021-07-29T10:55:24","modified_gmt":"2021-07-29T10:55:24","slug":"neueste-casino-wettbonus","status":"publish","type":"page","link":"https:\/\/www.freebetbest.com\/de\/neueste-casino-wettbonus\/","title":{"rendered":"Neueste casino wettbonus"},"content":{"rendered":"\n<h2>Einf\u00fchrung in den neuesten Casino-Wettbonus<\/h2>\n<p>Registrieren Sie sich f\u00fcr den neuesten Casino-Wettbonus. Und bevor Sie mit dem Spiel beginnen, sollten Sie die Definition einer Internet-Gl\u00fccksspielagentur verstehen. Es wird definitiv helfen. Zum ersten Mal in einem Online-Casino spielen. Es ist irgendwie aufregend. Auch wenn Sie nur online gehen wollen. Finden Sie Spa\u00df und Freude und verstehen Sie, was diese Websites gemeinsam haben. Und wie man das Beste daraus macht, ist auch sehr wichtig.<\/p>\n<h2>Erfahren Sie mehr \u00fcber Casino-Online-Wetten<\/h2>\n<p>Besorgen Sie sich eine sichere Wettagentur. So w\u00e4hlen Sie ein Online-Casino aus. Der erste Punkt, nach dem Sie suchen sollten, ist die Seite &#8222;\u00dcber uns&#8220;. Dort m\u00fcssen Sie erwarten, zu sehen. St\u00e4rken Sie die Details der Online-Casino-Funktionen, diese Funktionen sollten Ihnen zur Verf\u00fcgung gestellt werden. Ein Gef\u00fchl des Vertrauens. Sie sind strenge Gerichtsbarkeiten und k\u00fcmmern sich nur darum, wie die Gesch\u00e4ftswelt sie sieht.<\/p>\n<h3>Der beste Rat kommt von<a href=\"https:\/\/www.freebetbest.com\/de\/wettseiten\/\"> Internet-Casino<\/a> Teilnehmer<\/h3>\n<p>Wir haben viel im Community-Forum geteilt. Sie sollten es sorgf\u00e4ltig lesen. Bewertung von Online-Gl\u00fccksspielagenturen. Erfahren Sie mehr \u00fcber die Vor- und Nachteile von Online-Casinos. Und alle Informationen zum internen Betrieb.<\/p>\n<p>Wichtige Online-Gl\u00fccksspielagentur. Erkundigen Sie sich bei einer Online-Gl\u00fccksspielagentur, bevor Sie fortfahren. Bevor Sie Ihr Konto einrichten, wichtige Kenntnisse \u00fcber Online-Casinos<\/p>\n<p>Online-Casino-Gl\u00fccksspiel. In Internet-Gl\u00fccksspielinstitutionen sind Videospiele vom Gl\u00fcck abh\u00e4ngig. Online-Spiele Ihr Haus gewinnt immer. Geld verdienen ist nicht schwer. Reichtum ist nicht das einzige wirkliche Element.<\/p>\n<p>Auswirkungen auf Online-Casino-Spiele. H\u00e4ngt von zuf\u00e4lligen Ereignissen ab. Dies kann das Umwandeln von Gru\u00dfkarten, sich drehenden R\u00e4dern oder sogar W\u00fcrfeln beinhalten. Ohne sie haben Sie m\u00f6glicherweise die Kontrolle.<\/p>\n<h3><a href=\"https:\/\/www.freebetsinfo.co.uk\/free-bets\/\">Online-Casinos<\/a> brauchen kein Gl\u00fcck, um Geld zu verdienen.<\/h3>\n<p>Aufgrund ihrer Algorithmen und mathematisch positiven Aspekte besteht die M\u00f6glichkeit, dass Sie ein Spieler werden. Es ist immer nicht gro\u00df. Dies l\u00e4uft auf das Gesetz der M\u00f6glichkeit hinaus, aber der Heimplatz unterst\u00fctzt normalerweise den Vorteil des Spielers.<\/p>\n<h3>Jedes Mal, wenn Sie es genie\u00dfen, macht das Wetten Spa\u00df<\/h3>\n<p>Die oben genannte Wahrscheinlichkeitsregel. Es kann auch f\u00fcr Sie von Vorteil sein. Sie sollten bedenken, dass die Vorteile von Online-Casinos auf lange Sicht n\u00fctzlich sind. Das hei\u00dft kurzfristig. Mit etwas Gl\u00fcck und gro\u00dfem Reichtum hast du \u00fcberhaupt keinen Grund. Es sollte in Online-Casinos nicht erfolgreich sein.<\/p>\n<h3>Kostenloser Casino-Bonus<\/h3>\n<p>Belohnungen der Spielagentur. Wird von Online-Casinos entsch\u00e4digt. Bestehende Kunden und Kunden, und verwendet, um neue Kunden zu gewinnen und gleichzeitig neue Kunden zu halten. Diese Casino-Boni. Sie k\u00f6nnen selbst eine Einzahlung vornehmen. Wird auf die gleiche Weise verwendet, aber sie k\u00f6nnen unterschiedliche Wettanforderungen haben.<\/p>\n<h3>Welche Wettseite bietet die besten Casino-Belohnungen?<\/h3>\n<p>Denn mehrere Online-Casinos sind immer dabei. Online-Casino-Umtausch f\u00fcr zus\u00e4tzlichen Bonus. Welches Casino die Boni f\u00fcr Sie am besten erh\u00f6ht, k\u00f6nnen Sie auch darauf aufbauen. Der Betrag der Einzahlung, die Sie vornehmen m\u00f6chten. Es ist anders. Das Wichtigste ist. Sie gehen durch und verstehen die Bedingungen.<\/p>\n<p>Umst\u00e4nde im Zusammenhang mit besonders attraktiven Interessen. Normalerweise eine kleine Voraussetzung f\u00fcr Wetten. Dies bedeutet, dass dies ein gutes Online-Casino-Einkommen ist. Aber vergessen Sie nicht zu \u00fcberpr\u00fcfen. G\u00fcltigkeitsdauer der Pr\u00e4mie und andere Inhalte.<\/p>\n<h3>Was genau sind Freispiele?<\/h3>\n<p>Im Vergleich zu Freiwetten k\u00f6nnen Sie mit Freispielen gewinnen. Genie\u00dfe das Spiel, ohne daf\u00fcr zu bezahlen. Wenn Sie an den Freispielen des Online-Casinos teilnehmen, k\u00f6nnen Sie v\u00f6llig kostenlose Automatenspiele genie\u00dfen, die eine v\u00f6llig freie Rotation erm\u00f6glichen.<\/p>\n","protected":false},"excerpt":{"rendered":"<p>Alle Ihre Lieblings-Online-Casino-Spiele! Unsere Software ist immer die beste. Beginnen Sie jetzt mit einem kostenlosen Willkommensbonus und einem kostenlosen Download!<\/p>\n<div class=\"hero-cup-section\">\n<div class=\"row mb-4\">\n<div class=\"col-md-7\">\n<div class=\"section-area\">\n<div class=\"section-list\">\n<li style=\"text-align: left\"><img decoding=\"async\" src=\"https:\/\/www.freebetbest.com\/wp-content\/uploads\/2021\/06\/tick.png\" alt=\"Sport\"> Willkommensbonus im Sportcasino.<\/li>\n<li style=\"text-align: left\"><img decoding=\"async\" src=\"https:\/\/www.freebetbest.com\/wp-content\/uploads\/2021\/06\/tick.png\" alt=\"Spieleangebote\"> Angebote und Aktionen von Online-Buchmachern.<\/li>\n<li style=\"text-align: left\"><img decoding=\"async\" src=\"https:\/\/www.freebetbest.com\/wp-content\/uploads\/2021\/06\/tick.png\" alt=\"Spieleangebote\"> Die besten Online-Buchmacher, denen Sie vertrauen k\u00f6nnen.<\/li>\n<li style=\"text-align: left\"><img decoding=\"async\" src=\"https:\/\/www.freebetbest.com\/wp-content\/uploads\/2021\/06\/tick.png\" alt=\"Ma\u00dfgebend\"> Ma\u00dfgebliche \u00dcberpr\u00fcfung Sicher zuverl\u00e4ssig.<\/li>\n<li style=\"text-align: left\"><img decoding=\"async\" src=\"https:\/\/www.freebetbest.com\/wp-content\/uploads\/2021\/06\/tick.png\" alt=\"Schnelle Abhebungen\"> Mobile APP-Unterst\u00fctzung, schnelle Auszahlungen.<\/li>\n<li style=\"text-align: left\"><img decoding=\"async\" src=\"https:\/\/www.freebetbest.com\/wp-content\/uploads\/2021\/06\/tick.png\" alt=\"Kundendienst\"> Kundensupport: 365 Tage, 24 Stunden am Tag.<\/li>\n<\/div>\n<\/div>\n<\/div>\n<div class=\"col-md-5\">\n<div class=\"cup-img\"><img decoding=\"async\" src=\"https:\/\/www.freebetbest.com\/wp-content\/uploads\/2021\/06\/Casino.png\" alt=\"Casino\"><\/div>\n<\/div>\n<\/div>\n","protected":false},"author":1,"featured_media":4859,"parent":0,"menu_order":0,"comment_status":"closed","ping_status":"closed","template":"casino-template.php","meta":{"footnotes":""},"class_list":["post-4858","page","type-page","status-publish","has-post-thumbnail","hentry"],"yoast_head":"<!-- This site is optimized with the Yoast SEO Premium plugin v19.5 (Yoast SEO v27.0) - https:\/\/yoast.com\/product\/yoast-seo-premium-wordpress\/ -->\n<title>Neueste casino wettbonus ohne Einzahlung, Online Casino Bonus<\/title>\n<meta name=\"description\" content=\"Beste Online-Buchmacher, bietet Sport-, Casino-, Poker-, Bingo- und mobile Wetten, Online-Casino-Bonuscodes, die weltweit f\u00fchrenden Gl\u00fccksspielportale\" \/>\n<meta name=\"robots\" content=\"index, follow, max-snippet:-1, max-image-preview:large, max-video-preview:-1\" \/>\n<link rel=\"canonical\" href=\"https:\/\/www.freebetbest.com\/de\/neueste-casino-wettbonus\/\" \/>\n<meta property=\"og:locale\" content=\"de_DE\" \/>\n<meta property=\"og:type\" content=\"article\" \/>\n<meta property=\"og:title\" content=\"Neueste casino wettbonus\" \/>\n<meta property=\"og:description\" content=\"Beste Online-Buchmacher, bietet Sport-, Casino-, Poker-, Bingo- und mobile Wetten, Online-Casino-Bonuscodes, die weltweit f\u00fchrenden Gl\u00fccksspielportale\" \/>\n<meta property=\"og:url\" content=\"https:\/\/www.freebetbest.com\/de\/neueste-casino-wettbonus\/\" \/>\n<meta property=\"og:site_name\" content=\"Gratis Wetten | beste Online Casinos | Sportwetten Bonus\" \/>\n<meta property=\"article:modified_time\" content=\"2021-07-29T10:55:24+00:00\" \/>\n<meta property=\"og:image\" content=\"https:\/\/www.freebetbest.com\/wp-content\/uploads\/2019\/07\/casino-gambling_ys_ys.jpg\" \/>\n\t<meta property=\"og:image:width\" content=\"380\" \/>\n\t<meta property=\"og:image:height\" content=\"191\" \/>\n\t<meta property=\"og:image:type\" content=\"image\/jpeg\" \/>\n<meta name=\"twitter:card\" content=\"summary_large_image\" \/>\n<meta name=\"twitter:label1\" content=\"Gesch\u00e4tzte Lesezeit\" \/>\n\t<meta name=\"twitter:data1\" content=\"3\u00a0Minuten\" \/>\n<script type=\"application\/ld+json\" class=\"yoast-schema-graph\">{\"@context\":\"https:\/\/schema.org\",\"@graph\":[{\"@type\":\"WebPage\",\"@id\":\"https:\/\/www.freebetbest.com\/de\/neueste-casino-wettbonus\/\",\"url\":\"https:\/\/www.freebetbest.com\/de\/neueste-casino-wettbonus\/\",\"name\":\"Neueste casino wettbonus ohne Einzahlung, Online Casino Bonus\",\"isPartOf\":{\"@id\":\"https:\/\/www.freebetbest.com\/de\/#website\"},\"primaryImageOfPage\":{\"@id\":\"https:\/\/www.freebetbest.com\/de\/neueste-casino-wettbonus\/#primaryimage\"},\"image\":{\"@id\":\"https:\/\/www.freebetbest.com\/de\/neueste-casino-wettbonus\/#primaryimage\"},\"thumbnailUrl\":\"https:\/\/www.freebetbest.com\/wp-content\/uploads\/2019\/07\/casino-gambling_ys_ys.jpg\",\"datePublished\":\"2019-07-18T03:47:29+00:00\",\"dateModified\":\"2021-07-29T10:55:24+00:00\",\"description\":\"Beste Online-Buchmacher, bietet Sport-, Casino-, Poker-, Bingo- und mobile Wetten, Online-Casino-Bonuscodes, die weltweit f\u00fchrenden Gl\u00fccksspielportale\",\"breadcrumb\":{\"@id\":\"https:\/\/www.freebetbest.com\/de\/neueste-casino-wettbonus\/#breadcrumb\"},\"inLanguage\":\"de\",\"potentialAction\":[{\"@type\":\"ReadAction\",\"target\":[\"https:\/\/www.freebetbest.com\/de\/neueste-casino-wettbonus\/\"]}]},{\"@type\":\"ImageObject\",\"inLanguage\":\"de\",\"@id\":\"https:\/\/www.freebetbest.com\/de\/neueste-casino-wettbonus\/#primaryimage\",\"url\":\"https:\/\/www.freebetbest.com\/wp-content\/uploads\/2019\/07\/casino-gambling_ys_ys.jpg\",\"contentUrl\":\"https:\/\/www.freebetbest.com\/wp-content\/uploads\/2019\/07\/casino-gambling_ys_ys.jpg\",\"width\":380,\"height\":191},{\"@type\":\"BreadcrumbList\",\"@id\":\"https:\/\/www.freebetbest.com\/de\/neueste-casino-wettbonus\/#breadcrumb\",\"itemListElement\":[{\"@type\":\"ListItem\",\"position\":1,\"name\":\"Home\",\"item\":\"https:\/\/www.freebetbest.com\/de\/\"},{\"@type\":\"ListItem\",\"position\":2,\"name\":\"Neueste casino wettbonus\"}]},{\"@type\":\"WebSite\",\"@id\":\"https:\/\/www.freebetbest.com\/de\/#website\",\"url\":\"https:\/\/www.freebetbest.com\/de\/\",\"name\":\"Gratis Wetten | beste Online Casinos | Sportwetten Bonus\",\"description\":\"Das beste Online Buchmacher,Das Sportwetten, Casino-, Poker-, Bingo- und Mobilwetten, Online-Casinos, Fu\u00dfballwetten, Ohne Einzahlung Promo-Codes, Das weltweit f\u00fchrende Gl\u00fccksspielportal anbietet.\",\"publisher\":{\"@id\":\"https:\/\/www.freebetbest.com\/de\/#\/schema\/person\/292684ccf388a2362d507874c5b80a69\"},\"potentialAction\":[{\"@type\":\"SearchAction\",\"target\":{\"@type\":\"EntryPoint\",\"urlTemplate\":\"https:\/\/www.freebetbest.com\/de\/?s={search_term_string}\"},\"query-input\":{\"@type\":\"PropertyValueSpecification\",\"valueRequired\":true,\"valueName\":\"search_term_string\"}}],\"inLanguage\":\"de\"},{\"@type\":[\"Person\",\"Organization\"],\"@id\":\"https:\/\/www.freebetbest.com\/de\/#\/schema\/person\/292684ccf388a2362d507874c5b80a69\",\"name\":\"\u7ba1\u7406\",\"image\":{\"@type\":\"ImageObject\",\"inLanguage\":\"de\",\"@id\":\"https:\/\/www.freebetbest.com\/de\/#\/schema\/person\/image\/\",\"url\":\"https:\/\/www.freebetbest.com\/wp-content\/litespeed\/avatar\/49696b52fb15293a2168c14964fdd8b9.jpg?ver=1777439934\",\"contentUrl\":\"https:\/\/www.freebetbest.com\/wp-content\/litespeed\/avatar\/49696b52fb15293a2168c14964fdd8b9.jpg?ver=1777439934\",\"caption\":\"\u7ba1\u7406\"},\"logo\":{\"@id\":\"https:\/\/www.freebetbest.com\/de\/#\/schema\/person\/image\/\"},\"sameAs\":[\"admin\"]}]}<\/script>\n<!-- \/ Yoast SEO Premium plugin. -->","yoast_head_json":{"title":"Neueste casino wettbonus ohne Einzahlung, Online Casino Bonus","description":"Beste Online-Buchmacher, bietet Sport-, Casino-, Poker-, Bingo- und mobile Wetten, Online-Casino-Bonuscodes, die weltweit f\u00fchrenden Gl\u00fccksspielportale","robots":{"index":"index","follow":"follow","max-snippet":"max-snippet:-1","max-image-preview":"max-image-preview:large","max-video-preview":"max-video-preview:-1"},"canonical":"https:\/\/www.freebetbest.com\/de\/neueste-casino-wettbonus\/","og_locale":"de_DE","og_type":"article","og_title":"Neueste casino wettbonus","og_description":"Beste Online-Buchmacher, bietet Sport-, Casino-, Poker-, Bingo- und mobile Wetten, Online-Casino-Bonuscodes, die weltweit f\u00fchrenden Gl\u00fccksspielportale","og_url":"https:\/\/www.freebetbest.com\/de\/neueste-casino-wettbonus\/","og_site_name":"Gratis Wetten | beste Online Casinos | Sportwetten Bonus","article_modified_time":"2021-07-29T10:55:24+00:00","og_image":[{"width":380,"height":191,"url":"https:\/\/www.freebetbest.com\/wp-content\/uploads\/2019\/07\/casino-gambling_ys_ys.jpg","type":"image\/jpeg"}],"twitter_card":"summary_large_image","twitter_misc":{"Gesch\u00e4tzte Lesezeit":"3\u00a0Minuten"},"schema":{"@context":"https:\/\/schema.org","@graph":[{"@type":"WebPage","@id":"https:\/\/www.freebetbest.com\/de\/neueste-casino-wettbonus\/","url":"https:\/\/www.freebetbest.com\/de\/neueste-casino-wettbonus\/","name":"Neueste casino wettbonus ohne Einzahlung, Online Casino Bonus","isPartOf":{"@id":"https:\/\/www.freebetbest.com\/de\/#website"},"primaryImageOfPage":{"@id":"https:\/\/www.freebetbest.com\/de\/neueste-casino-wettbonus\/#primaryimage"},"image":{"@id":"https:\/\/www.freebetbest.com\/de\/neueste-casino-wettbonus\/#primaryimage"},"thumbnailUrl":"https:\/\/www.freebetbest.com\/wp-content\/uploads\/2019\/07\/casino-gambling_ys_ys.jpg","datePublished":"2019-07-18T03:47:29+00:00","dateModified":"2021-07-29T10:55:24+00:00","description":"Beste Online-Buchmacher, bietet Sport-, Casino-, Poker-, Bingo- und mobile Wetten, Online-Casino-Bonuscodes, die weltweit f\u00fchrenden Gl\u00fccksspielportale","breadcrumb":{"@id":"https:\/\/www.freebetbest.com\/de\/neueste-casino-wettbonus\/#breadcrumb"},"inLanguage":"de","potentialAction":[{"@type":"ReadAction","target":["https:\/\/www.freebetbest.com\/de\/neueste-casino-wettbonus\/"]}]},{"@type":"ImageObject","inLanguage":"de","@id":"https:\/\/www.freebetbest.com\/de\/neueste-casino-wettbonus\/#primaryimage","url":"https:\/\/www.freebetbest.com\/wp-content\/uploads\/2019\/07\/casino-gambling_ys_ys.jpg","contentUrl":"https:\/\/www.freebetbest.com\/wp-content\/uploads\/2019\/07\/casino-gambling_ys_ys.jpg","width":380,"height":191},{"@type":"BreadcrumbList","@id":"https:\/\/www.freebetbest.com\/de\/neueste-casino-wettbonus\/#breadcrumb","itemListElement":[{"@type":"ListItem","position":1,"name":"Home","item":"https:\/\/www.freebetbest.com\/de\/"},{"@type":"ListItem","position":2,"name":"Neueste casino wettbonus"}]},{"@type":"WebSite","@id":"https:\/\/www.freebetbest.com\/de\/#website","url":"https:\/\/www.freebetbest.com\/de\/","name":"Gratis Wetten | beste Online Casinos | Sportwetten Bonus","description":"Das beste Online Buchmacher,Das Sportwetten, Casino-, Poker-, Bingo- und Mobilwetten, Online-Casinos, Fu\u00dfballwetten, Ohne Einzahlung Promo-Codes, Das weltweit f\u00fchrende Gl\u00fccksspielportal anbietet.","publisher":{"@id":"https:\/\/www.freebetbest.com\/de\/#\/schema\/person\/292684ccf388a2362d507874c5b80a69"},"potentialAction":[{"@type":"SearchAction","target":{"@type":"EntryPoint","urlTemplate":"https:\/\/www.freebetbest.com\/de\/?s={search_term_string}"},"query-input":{"@type":"PropertyValueSpecification","valueRequired":true,"valueName":"search_term_string"}}],"inLanguage":"de"},{"@type":["Person","Organization"],"@id":"https:\/\/www.freebetbest.com\/de\/#\/schema\/person\/292684ccf388a2362d507874c5b80a69","name":"\u7ba1\u7406","image":{"@type":"ImageObject","inLanguage":"de","@id":"https:\/\/www.freebetbest.com\/de\/#\/schema\/person\/image\/","url":"https:\/\/www.freebetbest.com\/wp-content\/litespeed\/avatar\/49696b52fb15293a2168c14964fdd8b9.jpg?ver=1777439934","contentUrl":"https:\/\/www.freebetbest.com\/wp-content\/litespeed\/avatar\/49696b52fb15293a2168c14964fdd8b9.jpg?ver=1777439934","caption":"\u7ba1\u7406"},"logo":{"@id":"https:\/\/www.freebetbest.com\/de\/#\/schema\/person\/image\/"},"sameAs":["admin"]}]}},"_links":{"self":[{"href":"https:\/\/www.freebetbest.com\/de\/wp-json\/wp\/v2\/pages\/4858","targetHints":{"allow":["GET"]}}],"collection":[{"href":"https:\/\/www.freebetbest.com\/de\/wp-json\/wp\/v2\/pages"}],"about":[{"href":"https:\/\/www.freebetbest.com\/de\/wp-json\/wp\/v2\/types\/page"}],"author":[{"embeddable":true,"href":"https:\/\/www.freebetbest.com\/de\/wp-json\/wp\/v2\/users\/1"}],"replies":[{"embeddable":true,"href":"https:\/\/www.freebetbest.com\/de\/wp-json\/wp\/v2\/comments?post=4858"}],"version-history":[{"count":0,"href":"https:\/\/www.freebetbest.com\/de\/wp-json\/wp\/v2\/pages\/4858\/revisions"}],"wp:featuredmedia":[{"embeddable":true,"href":"https:\/\/www.freebetbest.com\/de\/wp-json\/wp\/v2\/media\/4859"}],"wp:attachment":[{"href":"https:\/\/www.freebetbest.com\/de\/wp-json\/wp\/v2\/media?parent=4858"}],"curies":[{"name":"wp","href":"https:\/\/api.w.org\/{rel}","templated":true}]}}